{"id":796,"date":"2013-02-11T12:07:14","date_gmt":"2013-02-11T12:07:14","guid":{"rendered":"http:\/\/linesfiction.de\/lf\/?page_id=796"},"modified":"2020-01-12T18:13:58","modified_gmt":"2020-01-12T18:13:58","slug":"fruehsorge","status":"publish","type":"page","link":"https:\/\/linesfiction.de\/lf\/lines-fiction-2011\/fruehsorge\/","title":{"rendered":"<em>2011: Fr\u00fchsorge Contemporary Drawings, Berlin<\/em>"},"content":{"rendered":"<p id=\"presse\"><a href=\"http:\/\/www.taz.de\/1\/berlin\/tazplan-kultur\/artikel\/?dig=2011%2F02%2F21%2Fa0194&amp;cHash=9466efb25a\" target=\"blank\" rel=\"noopener noreferrer\">Presse \/ Press Review<\/a><\/p>\n<blockquote><p>Lines Fiction &#8212; Zeichnung &amp; Animation<\/p>\n<p>29. Januar bis 26. Februar 2011 \/ Jan. 29 &#8211; Feb. 26, 2011<\/p>\n<p>Fruehsorge Contemporary Drawings<br \/>\nHeidestra\u00dfe 46-52, 10557 Berlin<\/p><\/blockquote>\n<p><a href=\" http:\/\/linesfiction.de\/lf\/?page_id=14\">Per Dybvig<\/a><\/p>\n<p><a href=\" http:\/\/linesfiction.de\/lf\/?page_id=6\">Simon Faithfull<\/a><\/p>\n<p><a href=\" http:\/\/linesfiction.de\/lf\/?page_id=16\">Bettina Munk<\/a><\/p>\n<p><a href=\" http:\/\/linesfiction.de\/lf\/?page_id=10\">Serge Onnen<\/a><\/p>\n<p><a href=\" http:\/\/linesfiction.de\/lf\/?page_id=8\">Katrin Str\u00f6bel<\/a><\/p>\n<p><a href=\" http:\/\/linesfiction.de\/lf\/?page_id=12\">Karen Yasinsky<\/a><\/p>\n<p><img loading=\"lazy\" decoding=\"async\" src=\"http:\/\/linesfiction.de\/lfd\/wp-content\/uploads\/2013\/02\/installation_wand.jpg\" alt=\"installation_wand\" class=\"alignnone size-full wp-image-715\" width=\"600\" height=\"400\"><\/p>\n","protected":false},"excerpt":{"rendered":"<p>Presse \/ Press Review Lines Fiction &#8212; Zeichnung &amp; Animation 29. Januar bis 26. Februar 2011 \/ Jan. 29 &#8211; Feb. 26, 2011 Fruehsorge Contemporary Drawings Heidestra\u00dfe 46-52, 10557 Berlin Per Dybvig Simon Faithfull Bettina Munk Serge Onnen Katrin Str\u00f6bel &hellip;<\/p>\n<p class=\"read-more\"> <a class=\"more-link\" href=\"https:\/\/linesfiction.de\/lf\/lines-fiction-2011\/fruehsorge\/\"> <span class=\"screen-reader-text\"><em>2011: Fr\u00fchsorge Contemporary Drawings, Berlin<\/em><\/span> Read More &raquo;<\/a><\/p>\n","protected":false},"author":10,"featured_media":0,"parent":92,"menu_order":0,"comment_status":"closed","ping_status":"closed","template":"full-width-page.php","meta":{"footnotes":""},"class_list":["post-796","page","type-page","status-publish","hentry"],"yoast_head":"<!-- This site is optimized with the Yoast SEO plugin v27.3 - https:\/\/yoast.com\/product\/yoast-seo-wordpress\/ -->\n<title>2011: Fr\u00fchsorge Contemporary Drawings, Berlin - Lines Fiction \u2605 Drawing &amp; Animation \u2605<\/title>\n<meta name=\"robots\" content=\"index, follow, max-snippet:-1, max-image-preview:large, max-video-preview:-1\" \/>\n<link rel=\"canonical\" href=\"https:\/\/linesfiction.de\/lf\/lines-fiction-2011\/fruehsorge\/\" \/>\n<meta property=\"og:locale\" content=\"en_US\" \/>\n<meta property=\"og:type\" content=\"article\" \/>\n<meta property=\"og:title\" content=\"2011: Fr\u00fchsorge Contemporary Drawings, Berlin - Lines Fiction \u2605 Drawing &amp; Animation \u2605\" \/>\n<meta property=\"og:description\" content=\"Presse \/ Press Review Lines Fiction &#8212; Zeichnung &amp; Animation 29. Januar bis 26. Februar 2011 \/ Jan. 29 &#8211; Feb. 26, 2011 Fruehsorge Contemporary Drawings Heidestra\u00dfe 46-52, 10557 Berlin Per Dybvig Simon Faithfull Bettina Munk Serge Onnen Katrin Str\u00f6bel &hellip; 2011: Fr\u00fchsorge Contemporary Drawings, Berlin Read More &raquo;\" \/>\n<meta property=\"og:url\" content=\"https:\/\/linesfiction.de\/lf\/lines-fiction-2011\/fruehsorge\/\" \/>\n<meta property=\"og:site_name\" content=\"Lines Fiction \u2605 Drawing &amp; Animation \u2605\" \/>\n<meta property=\"article:publisher\" content=\"https:\/\/www.facebook.com\/linesfiction\" \/>\n<meta property=\"article:modified_time\" content=\"2020-01-12T18:13:58+00:00\" \/>\n<meta property=\"og:image\" content=\"http:\/\/linesfiction.de\/lfd\/wp-content\/uploads\/2013\/02\/installation_wand.jpg\" \/>\n<meta name=\"twitter:card\" content=\"summary_large_image\" \/>\n<meta name=\"twitter:site\" content=\"@linesfiction\" \/>\n<script type=\"application\/ld+json\" class=\"yoast-schema-graph\">{\"@context\":\"https:\\\/\\\/schema.org\",\"@graph\":[{\"@type\":\"WebPage\",\"@id\":\"https:\\\/\\\/linesfiction.de\\\/lf\\\/lines-fiction-2011\\\/fruehsorge\\\/\",\"url\":\"https:\\\/\\\/linesfiction.de\\\/lf\\\/lines-fiction-2011\\\/fruehsorge\\\/\",\"name\":\"2011: Fr\u00fchsorge Contemporary Drawings, Berlin - Lines Fiction \u2605 Drawing &amp; Animation \u2605\",\"isPartOf\":{\"@id\":\"https:\\\/\\\/linesfiction.de\\\/lf\\\/#website\"},\"primaryImageOfPage\":{\"@id\":\"https:\\\/\\\/linesfiction.de\\\/lf\\\/lines-fiction-2011\\\/fruehsorge\\\/#primaryimage\"},\"image\":{\"@id\":\"https:\\\/\\\/linesfiction.de\\\/lf\\\/lines-fiction-2011\\\/fruehsorge\\\/#primaryimage\"},\"thumbnailUrl\":\"http:\\\/\\\/linesfiction.de\\\/lfd\\\/wp-content\\\/uploads\\\/2013\\\/02\\\/installation_wand.jpg\",\"datePublished\":\"2013-02-11T12:07:14+00:00\",\"dateModified\":\"2020-01-12T18:13:58+00:00\",\"breadcrumb\":{\"@id\":\"https:\\\/\\\/linesfiction.de\\\/lf\\\/lines-fiction-2011\\\/fruehsorge\\\/#breadcrumb\"},\"inLanguage\":\"en-US\",\"potentialAction\":[{\"@type\":\"ReadAction\",\"target\":[\"https:\\\/\\\/linesfiction.de\\\/lf\\\/lines-fiction-2011\\\/fruehsorge\\\/\"]}]},{\"@type\":\"ImageObject\",\"inLanguage\":\"en-US\",\"@id\":\"https:\\\/\\\/linesfiction.de\\\/lf\\\/lines-fiction-2011\\\/fruehsorge\\\/#primaryimage\",\"url\":\"http:\\\/\\\/linesfiction.de\\\/lfd\\\/wp-content\\\/uploads\\\/2013\\\/02\\\/installation_wand.jpg\",\"contentUrl\":\"http:\\\/\\\/linesfiction.de\\\/lfd\\\/wp-content\\\/uploads\\\/2013\\\/02\\\/installation_wand.jpg\"},{\"@type\":\"BreadcrumbList\",\"@id\":\"https:\\\/\\\/linesfiction.de\\\/lf\\\/lines-fiction-2011\\\/fruehsorge\\\/#breadcrumb\",\"itemListElement\":[{\"@type\":\"ListItem\",\"position\":1,\"name\":\"Home\",\"item\":\"https:\\\/\\\/linesfiction.de\\\/lf\\\/\"},{\"@type\":\"ListItem\",\"position\":2,\"name\":\"Lines Fiction offline\",\"item\":\"https:\\\/\\\/linesfiction.de\\\/lf\\\/lines-fiction-2011\\\/\"},{\"@type\":\"ListItem\",\"position\":3,\"name\":\"2011: Fr\u00fchsorge Contemporary Drawings, Berlin\"}]},{\"@type\":\"WebSite\",\"@id\":\"https:\\\/\\\/linesfiction.de\\\/lf\\\/#website\",\"url\":\"https:\\\/\\\/linesfiction.de\\\/lf\\\/\",\"name\":\"Lines Fiction Drawing & Animation\",\"description\":\"\",\"publisher\":{\"@id\":\"https:\\\/\\\/linesfiction.de\\\/lf\\\/#organization\"},\"potentialAction\":[{\"@type\":\"SearchAction\",\"target\":{\"@type\":\"EntryPoint\",\"urlTemplate\":\"https:\\\/\\\/linesfiction.de\\\/lf\\\/?s={search_term_string}\"},\"query-input\":{\"@type\":\"PropertyValueSpecification\",\"valueRequired\":true,\"valueName\":\"search_term_string\"}}],\"inLanguage\":\"en-US\"},{\"@type\":\"Organization\",\"@id\":\"https:\\\/\\\/linesfiction.de\\\/lf\\\/#organization\",\"name\":\"Lines Fiction Drawing & Animation\",\"url\":\"https:\\\/\\\/linesfiction.de\\\/lf\\\/\",\"logo\":{\"@type\":\"ImageObject\",\"inLanguage\":\"en-US\",\"@id\":\"https:\\\/\\\/linesfiction.de\\\/lf\\\/#\\\/schema\\\/logo\\\/image\\\/\",\"url\":\"https:\\\/\\\/linesfiction.de\\\/lf\\\/wp-content\\\/uploads\\\/2022\\\/12\\\/linesfiction_logo_instagram.jpg\",\"contentUrl\":\"https:\\\/\\\/linesfiction.de\\\/lf\\\/wp-content\\\/uploads\\\/2022\\\/12\\\/linesfiction_logo_instagram.jpg\",\"width\":1080,\"height\":1077,\"caption\":\"Lines Fiction Drawing & Animation\"},\"image\":{\"@id\":\"https:\\\/\\\/linesfiction.de\\\/lf\\\/#\\\/schema\\\/logo\\\/image\\\/\"},\"sameAs\":[\"https:\\\/\\\/www.facebook.com\\\/linesfiction\",\"https:\\\/\\\/x.com\\\/linesfiction\",\"https:\\\/\\\/www.instagram.com\\\/linesfiction\"]}]}<\/script>\n<!-- \/ Yoast SEO plugin. -->","yoast_head_json":{"title":"2011: Fr\u00fchsorge Contemporary Drawings, Berlin - Lines Fiction \u2605 Drawing &amp; Animation \u2605","robots":{"index":"index","follow":"follow","max-snippet":"max-snippet:-1","max-image-preview":"max-image-preview:large","max-video-preview":"max-video-preview:-1"},"canonical":"https:\/\/linesfiction.de\/lf\/lines-fiction-2011\/fruehsorge\/","og_locale":"en_US","og_type":"article","og_title":"2011: Fr\u00fchsorge Contemporary Drawings, Berlin - Lines Fiction \u2605 Drawing &amp; Animation \u2605","og_description":"Presse \/ Press Review Lines Fiction &#8212; Zeichnung &amp; Animation 29. Januar bis 26. Februar 2011 \/ Jan. 29 &#8211; Feb. 26, 2011 Fruehsorge Contemporary Drawings Heidestra\u00dfe 46-52, 10557 Berlin Per Dybvig Simon Faithfull Bettina Munk Serge Onnen Katrin Str\u00f6bel &hellip; 2011: Fr\u00fchsorge Contemporary Drawings, Berlin Read More &raquo;","og_url":"https:\/\/linesfiction.de\/lf\/lines-fiction-2011\/fruehsorge\/","og_site_name":"Lines Fiction \u2605 Drawing &amp; Animation \u2605","article_publisher":"https:\/\/www.facebook.com\/linesfiction","article_modified_time":"2020-01-12T18:13:58+00:00","og_image":[{"url":"http:\/\/linesfiction.de\/lfd\/wp-content\/uploads\/2013\/02\/installation_wand.jpg","type":"","width":"","height":""}],"twitter_card":"summary_large_image","twitter_site":"@linesfiction","schema":{"@context":"https:\/\/schema.org","@graph":[{"@type":"WebPage","@id":"https:\/\/linesfiction.de\/lf\/lines-fiction-2011\/fruehsorge\/","url":"https:\/\/linesfiction.de\/lf\/lines-fiction-2011\/fruehsorge\/","name":"2011: Fr\u00fchsorge Contemporary Drawings, Berlin - Lines Fiction \u2605 Drawing &amp; Animation \u2605","isPartOf":{"@id":"https:\/\/linesfiction.de\/lf\/#website"},"primaryImageOfPage":{"@id":"https:\/\/linesfiction.de\/lf\/lines-fiction-2011\/fruehsorge\/#primaryimage"},"image":{"@id":"https:\/\/linesfiction.de\/lf\/lines-fiction-2011\/fruehsorge\/#primaryimage"},"thumbnailUrl":"http:\/\/linesfiction.de\/lfd\/wp-content\/uploads\/2013\/02\/installation_wand.jpg","datePublished":"2013-02-11T12:07:14+00:00","dateModified":"2020-01-12T18:13:58+00:00","breadcrumb":{"@id":"https:\/\/linesfiction.de\/lf\/lines-fiction-2011\/fruehsorge\/#breadcrumb"},"inLanguage":"en-US","potentialAction":[{"@type":"ReadAction","target":["https:\/\/linesfiction.de\/lf\/lines-fiction-2011\/fruehsorge\/"]}]},{"@type":"ImageObject","inLanguage":"en-US","@id":"https:\/\/linesfiction.de\/lf\/lines-fiction-2011\/fruehsorge\/#primaryimage","url":"http:\/\/linesfiction.de\/lfd\/wp-content\/uploads\/2013\/02\/installation_wand.jpg","contentUrl":"http:\/\/linesfiction.de\/lfd\/wp-content\/uploads\/2013\/02\/installation_wand.jpg"},{"@type":"BreadcrumbList","@id":"https:\/\/linesfiction.de\/lf\/lines-fiction-2011\/fruehsorge\/#breadcrumb","itemListElement":[{"@type":"ListItem","position":1,"name":"Home","item":"https:\/\/linesfiction.de\/lf\/"},{"@type":"ListItem","position":2,"name":"Lines Fiction offline","item":"https:\/\/linesfiction.de\/lf\/lines-fiction-2011\/"},{"@type":"ListItem","position":3,"name":"2011: Fr\u00fchsorge Contemporary Drawings, Berlin"}]},{"@type":"WebSite","@id":"https:\/\/linesfiction.de\/lf\/#website","url":"https:\/\/linesfiction.de\/lf\/","name":"Lines Fiction Drawing & Animation","description":"","publisher":{"@id":"https:\/\/linesfiction.de\/lf\/#organization"},"potentialAction":[{"@type":"SearchAction","target":{"@type":"EntryPoint","urlTemplate":"https:\/\/linesfiction.de\/lf\/?s={search_term_string}"},"query-input":{"@type":"PropertyValueSpecification","valueRequired":true,"valueName":"search_term_string"}}],"inLanguage":"en-US"},{"@type":"Organization","@id":"https:\/\/linesfiction.de\/lf\/#organization","name":"Lines Fiction Drawing & Animation","url":"https:\/\/linesfiction.de\/lf\/","logo":{"@type":"ImageObject","inLanguage":"en-US","@id":"https:\/\/linesfiction.de\/lf\/#\/schema\/logo\/image\/","url":"https:\/\/linesfiction.de\/lf\/wp-content\/uploads\/2022\/12\/linesfiction_logo_instagram.jpg","contentUrl":"https:\/\/linesfiction.de\/lf\/wp-content\/uploads\/2022\/12\/linesfiction_logo_instagram.jpg","width":1080,"height":1077,"caption":"Lines Fiction Drawing & Animation"},"image":{"@id":"https:\/\/linesfiction.de\/lf\/#\/schema\/logo\/image\/"},"sameAs":["https:\/\/www.facebook.com\/linesfiction","https:\/\/x.com\/linesfiction","https:\/\/www.instagram.com\/linesfiction"]}]}},"_links":{"self":[{"href":"https:\/\/linesfiction.de\/lf\/wp-json\/wp\/v2\/pages\/796","targetHints":{"allow":["GET"]}}],"collection":[{"href":"https:\/\/linesfiction.de\/lf\/wp-json\/wp\/v2\/pages"}],"about":[{"href":"https:\/\/linesfiction.de\/lf\/wp-json\/wp\/v2\/types\/page"}],"author":[{"embeddable":true,"href":"https:\/\/linesfiction.de\/lf\/wp-json\/wp\/v2\/users\/10"}],"replies":[{"embeddable":true,"href":"https:\/\/linesfiction.de\/lf\/wp-json\/wp\/v2\/comments?post=796"}],"version-history":[{"count":6,"href":"https:\/\/linesfiction.de\/lf\/wp-json\/wp\/v2\/pages\/796\/revisions"}],"predecessor-version":[{"id":2757,"href":"https:\/\/linesfiction.de\/lf\/wp-json\/wp\/v2\/pages\/796\/revisions\/2757"}],"up":[{"embeddable":true,"href":"https:\/\/linesfiction.de\/lf\/wp-json\/wp\/v2\/pages\/92"}],"wp:attachment":[{"href":"https:\/\/linesfiction.de\/lf\/wp-json\/wp\/v2\/media?parent=796"}],"curies":[{"name":"wp","href":"https:\/\/api.w.org\/{rel}","templated":true}]}}