{"id":1044,"date":"2014-10-06T15:26:07","date_gmt":"2014-10-06T14:26:07","guid":{"rendered":"http:\/\/linesfiction.de\/lfd\/?page_id=1044"},"modified":"2022-12-21T14:30:23","modified_gmt":"2022-12-21T13:30:23","slug":"juliane-ebner","status":"publish","type":"page","link":"https:\/\/linesfiction.de\/lfd\/lines-fiction-online\/a-l\/juliane-ebner\/","title":{"rendered":"Juliane Ebner"},"content":{"rendered":"<p><u>Lines Fiction: Deine Animationen haben einen biografischen Hintergrund, du zeigst, wie deine pers\u00f6nlich erlebten Geschichten in die Geschichte der deutschen Teilung eingebettet sind, dich besch\u00e4ftigen die Umbr\u00fcche vor 25 Jahren. Dabei ist der tragische Tod deiner Schwester ein weiterer Bruch im Umbruch der Zeiten.<\/u><\/p>\n<p>Juliane Ebner: Das Gl\u00fcck des Niedergangs der Gesellschaftsordnung, in die ich hinein geboren wurde, das ist eine gro\u00dfartige und absolut pr\u00e4gende Erfahrung f\u00fcr mich, die seit 1989 ihren Zauber und ihre Kraft nicht verliert.<br \/>\nDas Besondere f\u00fcr unsere Generation ist doch, dass wir mit unseren Biografien im Fokus der Weltgeschichte waren und vor 25 Jahren etwas sehr Radikales auf vergleichsweise angenehme Weise erlebten, ein Weltgeschehen, das bei Umbr\u00fcchen ja durchaus zerst\u00f6rerisch verlaufen kann.<br \/>\nUnd darum geht es mir letztlich in meiner Trilogie &#8222;Klack&#8220; zur Neueren Deutschen Geschichte. Da erz\u00e4hle ich von meiner Kindheit und Jugend und unversehens handelt es sich um die Geschichte unseres Landes. &#8222;Knallerbsenbusch&#8220;, den ich 2012 machte, handelt von Kindheit in der Diktatur, &#8222;Alles Offen&#8220; von der bedeutenden Phase, dem Moment vor dem Mauerfall, der diesen herbeif\u00fchrte.<\/p>\n<p>Meine Schwester K\u00e4the war ja Anfang der Neunziger Jahre selbst junge K\u00fcnstlerin. Und ihr Tod durch die schlecht gesicherte Last eines Baukrans, als Passantin einer der halbkriminellen Nachwende-baustellen in der Friedrichstra\u00dfe, ist ein Bild wie man es sich nicht ausdenken kann. Ein Bild f\u00fcr die radikale Verwandlung, die unsere Welt in dieser Zeit erfuhr, als das Leben sich ver\u00e4nderte, bis hin zur Aufl\u00f6sung. &#8222;In der Mitte ein Loch&#8220; hei\u00dft der Film von 2014, der die Friedrichstra\u00dfe, die Mitte Berlins also, und somit auch die Mitte Deutschlands in seiner Wandlung und letztlich Kontinuit\u00e4t des toten Platzes portr\u00e4tiert.<br \/>\nSo erz\u00e4hlt meine Trilogie &#8222;Klack&#8220; vom Leben vor, w\u00e4hrend und nach dem Fall der Mauer, die unsere L\u00e4nder trennte. Und nat\u00fcrlich sind wir es, die genau diese Geschichten zu erz\u00e4hlen haben.<\/p>\n<p><u>Lines Fiction: In deinen Animationen gehen Geschichten und Bilder eine besondere Verbindungen ein, wobei die Bilder ganz eigenst\u00e4ndig sind und assoziative F\u00e4hrten zur Erz\u00e4hlung legen. Wie entwickelst du die Komposition deiner Bild &#8211; und Textspuren?<\/u><\/p>\n<p>Juliane Ebner: Ja, tats\u00e4chlich mache ich meine Filme nicht in erster Linie um ihrer selbst willen, also um den Prozess zu genie\u00dfen und erlebbar zu machen und die Animation als solche zu thematisieren. Sondern da ist am Anfang immer etwas, das mich besch\u00e4ftigt, eine Situation, die ich beschreiben will, und das Medium Animationsfilm funktioniert da f\u00fcr mich wunderbar um dem nachzugehen. Das ist am Anfang nicht wirklich eine schl\u00fcssige Geschichte sondern eher ein Bild, ein Moment, um den es geht.<br \/>\nDazu entstehen viele Tuschezeichnungen auf Karton und au\u00dferdem ein Text, der langsam entsteht. Zeichnungen und Text werden also gleichzeitig entwickelt, und alle Zeichnungen betrachte ich als eigenst\u00e4ndige Arbeiten und zum Thema geh\u00f6rig, auch wenn nie alle am Ende in den Film finden, dazu sind es immer zu viele. Irgendwann habe ich dann das Gef\u00fchl mich der Sache intensiv gen\u00e4hert zu haben, ein Text ist da und ich beginne mit dem Animieren. Daf\u00fcr \u00fcbertrage ich meine Tuschezeichnungen auf Folien, die ich dann verwandle und \u00fcberlagere und dabei mit einer Kamera fotografiere. Eine Black Box verwende ich nicht, denn sich \u00e4ndernde Lichtverh\u00e4ltnisse und Spiegelungen beabsichtige ich, und ich liebe die so entstehende Super 8- Anmutung. Ich arbeite ohne Schnitt und m\u00f6chte m\u00f6glichst dicht am Malprozess bleiben und den Verlauf der Bildfindung offen legen. Den Verlauf meines Filmes plane ich also vor, aber letztlich entwickelt er sich dann w\u00e4hrend der Animation. Den Text, der zu den jeweiligen Bildern erscheinen wird, habe ich beim Animieren im Kopf. Dazu spreche ich ihn vorab viel, um mich mit seinem zeitlichen Ablauf vertraut zu machen und ein Gef\u00fchl f\u00fcr die Dauer der Szenen zu haben.<br \/>\nDie Tonspur entsteht, wenn ich den Film fertig habe. Dabei arbeite ich, genau wie im Bildbereich, auch mit \u00dcberlagerung im Klang. So spreche ich den Text auf den Film. Ja, und am Ende ist er dann da, der Film, und wie bei einem Bild ist er mir gleicherma\u00dfen vertraut und neu, wenn er dann irgendwann fertig ist.<\/p>\n<p><u>Lines Fiction: Aus deiner Trilogie &#8222;Klack&#8220; zeigen wir auf Lines Fiction &#8222;Knallerbsenbusch&#8220; und &#8222;In der Mitte ein Loch&#8220;, dazu eine Episode aus dem neuen Projekt &#8222;Kleine Dinger&#8220;. Du hast dieses Projekt sehr langfristig angelegt, als eine ganze Reihe von Animationen.<\/u><\/p>\n<p>Juliane Ebner: Ja, als letzter Film meiner Trilogie wurde dieser Film &#8222;In der Mitte ein Loch&#8220; \u00fcber die Friedrichstra\u00dfe, die Zeit nach dem Mauerfall und auch den Tod meiner Schwester fertig, der f\u00fcr diese Verwandlungen steht. Das war Anfang dieses Jahres und die Arbeit an dem Film fiel mir stellenweise nicht sehr leicht. (Ich bekam zum Gl\u00fcck daf\u00fcr eine Filmf\u00f6rderung, sonst h\u00e4tte ich den Prozess wohl nicht bew\u00e4ltigt.)<br \/>\nDanach begann ich sofort das n\u00e4chste Projekt, ziemlich d\u00fcrstend nach einem inhaltlichen Kontrapunkt. Den g\u00f6nne ich mir nun mit &#8222;Kleine Dinger&#8220; meiner neuen Kurzfilmserie, und erhole mich damit auch ein wenig von der Arbeit an &#8222;Klack&#8220;. In &#8222;Kleine Dinger&#8220; geht es um den Alltag einer nicht mehr g\u00e4nzlich jungen Kulturschaffenden, wie es ja hei\u00dft, die in einer deutschen Gro\u00dfstadt lebt aber aus einer der vielen Provinzen des Landes stammt. Kunstbetrieb, Mutterschaft, Lebensunterhalt-sicherung, Beziehungsalltag und der Spagat zwischen mitgebrachten Werten und neu erworbener Weltsichten, so wie der Alltag in historisch stellenweise umgestalteten Strukturen ergeben die Grundlage f\u00fcr beil\u00e4ufige Episoden, welche die Welt zeichnen, die wir uns gebaut haben, und in der uns gl\u00fccklich einzurichten wir uns nach Kr\u00e4ften bem\u00fchen. Irgendwie geht es also auch wieder um ein Gesellschaftsbild, und wieder sch\u00f6pfe ich aus dem, was ich kenne weil ich es sehe und erlebe, denn wor\u00fcber sonst k\u00f6nnte ich Bilder machen. Nat\u00fcrlich ist auch in meiner Arbeit ein &#8222;ich&#8220; immer ein literarisches Ich, klar.<br \/>\nNeu ist bei &#8222;Kleine Dinger&#8220;, dass ich hier auch gelegentlich mit Unterlegungen von Super 8- Material aus den Siebzigern arbeite, was mir wahnsinnig viel Spa\u00df macht. Und eine Episode von &#8222;Kleine Dinger&#8220; ist also hier auf Lines Fiction zu sehen.<br \/>\nDiese Episode ist eine von mehr als drei\u00dfig, die in der richtigen Reihenfolge gesehen eine zusammenh\u00e4ngende Geschichte erz\u00e4hlen. Den Fortsetzungsroman als Animationskurzfilm plane ich also, und darauf freu ich mich schon sehr.<\/p>\n<p><a href=\"http:\/\/juliane-ebner.de\/\" target=\"_blank\" rel=\"noopener\">www.juliane-ebner.de<\/a><\/p>\n","protected":false},"excerpt":{"rendered":"<p>Lines Fiction: Deine Animationen haben einen biografischen Hintergrund, du zeigst, wie deine pers\u00f6nlich erlebten Geschichten in die Geschichte der deutschen Teilung eingebettet sind, dich besch\u00e4ftigen die Umbr\u00fcche vor 25 Jahren. Dabei ist der tragische Tod deiner Schwester ein weiterer Bruch &hellip;<\/p>\n<p class=\"read-more\"> <a class=\"more-link\" href=\"https:\/\/linesfiction.de\/lfd\/lines-fiction-online\/a-l\/juliane-ebner\/\"> <span class=\"screen-reader-text\">Juliane Ebner<\/span> Weiterlesen &raquo;<\/a><\/p>\n","protected":false},"author":7,"featured_media":0,"parent":501,"menu_order":0,"comment_status":"closed","ping_status":"open","template":"content-sidebar-page.php","meta":{"footnotes":""},"class_list":["post-1044","page","type-page","status-publish","hentry"],"yoast_head":"<!-- This site is optimized with the Yoast SEO plugin v27.3 - https:\/\/yoast.com\/product\/yoast-seo-wordpress\/ -->\n<title>Juliane Ebner - Lines Fiction \u2605 Zeichnung &amp; Animation \u2605<\/title>\n<meta name=\"robots\" content=\"index, follow, max-snippet:-1, max-image-preview:large, max-video-preview:-1\" \/>\n<link rel=\"canonical\" href=\"https:\/\/linesfiction.de\/lfd\/lines-fiction-online\/a-l\/juliane-ebner\/\" \/>\n<meta property=\"og:locale\" content=\"de_DE\" \/>\n<meta property=\"og:type\" content=\"article\" \/>\n<meta property=\"og:title\" content=\"Juliane Ebner - Lines Fiction \u2605 Zeichnung &amp; Animation \u2605\" \/>\n<meta property=\"og:description\" content=\"Lines Fiction: Deine Animationen haben einen biografischen Hintergrund, du zeigst, wie deine pers\u00f6nlich erlebten Geschichten in die Geschichte der deutschen Teilung eingebettet sind, dich besch\u00e4ftigen die Umbr\u00fcche vor 25 Jahren. Dabei ist der tragische Tod deiner Schwester ein weiterer Bruch &hellip; Juliane Ebner Weiterlesen &raquo;\" \/>\n<meta property=\"og:url\" content=\"https:\/\/linesfiction.de\/lfd\/lines-fiction-online\/a-l\/juliane-ebner\/\" \/>\n<meta property=\"og:site_name\" content=\"Lines Fiction \u2605 Zeichnung &amp; Animation \u2605\" \/>\n<meta property=\"article:publisher\" content=\"https:\/\/www.facebook.com\/linesfiction\/\" \/>\n<meta property=\"article:modified_time\" content=\"2022-12-21T13:30:23+00:00\" \/>\n<meta name=\"twitter:card\" content=\"summary_large_image\" \/>\n<meta name=\"twitter:site\" content=\"@linesfiction\" \/>\n<meta name=\"twitter:label1\" content=\"Gesch\u00e4tzte Lesezeit\" \/>\n\t<meta name=\"twitter:data1\" content=\"5\u00a0Minuten\" \/>\n<script type=\"application\/ld+json\" class=\"yoast-schema-graph\">{\"@context\":\"https:\\\/\\\/schema.org\",\"@graph\":[{\"@type\":\"WebPage\",\"@id\":\"https:\\\/\\\/linesfiction.de\\\/lfd\\\/lines-fiction-online\\\/a-l\\\/juliane-ebner\\\/\",\"url\":\"https:\\\/\\\/linesfiction.de\\\/lfd\\\/lines-fiction-online\\\/a-l\\\/juliane-ebner\\\/\",\"name\":\"Juliane Ebner - Lines Fiction \u2605 Zeichnung &amp; Animation \u2605\",\"isPartOf\":{\"@id\":\"https:\\\/\\\/linesfiction.de\\\/lfd\\\/#website\"},\"datePublished\":\"2014-10-06T14:26:07+00:00\",\"dateModified\":\"2022-12-21T13:30:23+00:00\",\"breadcrumb\":{\"@id\":\"https:\\\/\\\/linesfiction.de\\\/lfd\\\/lines-fiction-online\\\/a-l\\\/juliane-ebner\\\/#breadcrumb\"},\"inLanguage\":\"de\",\"potentialAction\":[{\"@type\":\"ReadAction\",\"target\":[\"https:\\\/\\\/linesfiction.de\\\/lfd\\\/lines-fiction-online\\\/a-l\\\/juliane-ebner\\\/\"]}]},{\"@type\":\"BreadcrumbList\",\"@id\":\"https:\\\/\\\/linesfiction.de\\\/lfd\\\/lines-fiction-online\\\/a-l\\\/juliane-ebner\\\/#breadcrumb\",\"itemListElement\":[{\"@type\":\"ListItem\",\"position\":1,\"name\":\"Startseite\",\"item\":\"https:\\\/\\\/linesfiction.de\\\/lfd\\\/\"},{\"@type\":\"ListItem\",\"position\":2,\"name\":\"Lines Fiction online\",\"item\":\"https:\\\/\\\/linesfiction.de\\\/lfd\\\/lines-fiction-online\\\/\"},{\"@type\":\"ListItem\",\"position\":3,\"name\":\"A &#8211; L\",\"item\":\"https:\\\/\\\/linesfiction.de\\\/lfd\\\/lines-fiction-online\\\/a-l\\\/\"},{\"@type\":\"ListItem\",\"position\":4,\"name\":\"Juliane Ebner\"}]},{\"@type\":\"WebSite\",\"@id\":\"https:\\\/\\\/linesfiction.de\\\/lfd\\\/#website\",\"url\":\"https:\\\/\\\/linesfiction.de\\\/lfd\\\/\",\"name\":\"Lines Fiction - Zeichnung & Animation - Drawing & Animation\",\"description\":\"\",\"publisher\":{\"@id\":\"https:\\\/\\\/linesfiction.de\\\/lfd\\\/#organization\"},\"potentialAction\":[{\"@type\":\"SearchAction\",\"target\":{\"@type\":\"EntryPoint\",\"urlTemplate\":\"https:\\\/\\\/linesfiction.de\\\/lfd\\\/?s={search_term_string}\"},\"query-input\":{\"@type\":\"PropertyValueSpecification\",\"valueRequired\":true,\"valueName\":\"search_term_string\"}}],\"inLanguage\":\"de\"},{\"@type\":\"Organization\",\"@id\":\"https:\\\/\\\/linesfiction.de\\\/lfd\\\/#organization\",\"name\":\"Lines Fiction\",\"url\":\"https:\\\/\\\/linesfiction.de\\\/lfd\\\/\",\"logo\":{\"@type\":\"ImageObject\",\"inLanguage\":\"de\",\"@id\":\"https:\\\/\\\/linesfiction.de\\\/lfd\\\/#\\\/schema\\\/logo\\\/image\\\/\",\"url\":\"https:\\\/\\\/linesfiction.de\\\/lfd\\\/wp-content\\\/uploads\\\/2022\\\/12\\\/linesfiction_logo_instagram.jpg\",\"contentUrl\":\"https:\\\/\\\/linesfiction.de\\\/lfd\\\/wp-content\\\/uploads\\\/2022\\\/12\\\/linesfiction_logo_instagram.jpg\",\"width\":1080,\"height\":1077,\"caption\":\"Lines Fiction\"},\"image\":{\"@id\":\"https:\\\/\\\/linesfiction.de\\\/lfd\\\/#\\\/schema\\\/logo\\\/image\\\/\"},\"sameAs\":[\"https:\\\/\\\/www.facebook.com\\\/linesfiction\\\/\",\"https:\\\/\\\/x.com\\\/linesfiction\",\"https:\\\/\\\/www.instagram.com\\\/linesfiction\\\/\"]}]}<\/script>\n<!-- \/ Yoast SEO plugin. -->","yoast_head_json":{"title":"Juliane Ebner - Lines Fiction \u2605 Zeichnung &amp; Animation \u2605","robots":{"index":"index","follow":"follow","max-snippet":"max-snippet:-1","max-image-preview":"max-image-preview:large","max-video-preview":"max-video-preview:-1"},"canonical":"https:\/\/linesfiction.de\/lfd\/lines-fiction-online\/a-l\/juliane-ebner\/","og_locale":"de_DE","og_type":"article","og_title":"Juliane Ebner - Lines Fiction \u2605 Zeichnung &amp; Animation \u2605","og_description":"Lines Fiction: Deine Animationen haben einen biografischen Hintergrund, du zeigst, wie deine pers\u00f6nlich erlebten Geschichten in die Geschichte der deutschen Teilung eingebettet sind, dich besch\u00e4ftigen die Umbr\u00fcche vor 25 Jahren. Dabei ist der tragische Tod deiner Schwester ein weiterer Bruch &hellip; Juliane Ebner Weiterlesen &raquo;","og_url":"https:\/\/linesfiction.de\/lfd\/lines-fiction-online\/a-l\/juliane-ebner\/","og_site_name":"Lines Fiction \u2605 Zeichnung &amp; Animation \u2605","article_publisher":"https:\/\/www.facebook.com\/linesfiction\/","article_modified_time":"2022-12-21T13:30:23+00:00","twitter_card":"summary_large_image","twitter_site":"@linesfiction","twitter_misc":{"Gesch\u00e4tzte Lesezeit":"5\u00a0Minuten"},"schema":{"@context":"https:\/\/schema.org","@graph":[{"@type":"WebPage","@id":"https:\/\/linesfiction.de\/lfd\/lines-fiction-online\/a-l\/juliane-ebner\/","url":"https:\/\/linesfiction.de\/lfd\/lines-fiction-online\/a-l\/juliane-ebner\/","name":"Juliane Ebner - Lines Fiction \u2605 Zeichnung &amp; Animation \u2605","isPartOf":{"@id":"https:\/\/linesfiction.de\/lfd\/#website"},"datePublished":"2014-10-06T14:26:07+00:00","dateModified":"2022-12-21T13:30:23+00:00","breadcrumb":{"@id":"https:\/\/linesfiction.de\/lfd\/lines-fiction-online\/a-l\/juliane-ebner\/#breadcrumb"},"inLanguage":"de","potentialAction":[{"@type":"ReadAction","target":["https:\/\/linesfiction.de\/lfd\/lines-fiction-online\/a-l\/juliane-ebner\/"]}]},{"@type":"BreadcrumbList","@id":"https:\/\/linesfiction.de\/lfd\/lines-fiction-online\/a-l\/juliane-ebner\/#breadcrumb","itemListElement":[{"@type":"ListItem","position":1,"name":"Startseite","item":"https:\/\/linesfiction.de\/lfd\/"},{"@type":"ListItem","position":2,"name":"Lines Fiction online","item":"https:\/\/linesfiction.de\/lfd\/lines-fiction-online\/"},{"@type":"ListItem","position":3,"name":"A &#8211; L","item":"https:\/\/linesfiction.de\/lfd\/lines-fiction-online\/a-l\/"},{"@type":"ListItem","position":4,"name":"Juliane Ebner"}]},{"@type":"WebSite","@id":"https:\/\/linesfiction.de\/lfd\/#website","url":"https:\/\/linesfiction.de\/lfd\/","name":"Lines Fiction - Zeichnung & Animation - Drawing & Animation","description":"","publisher":{"@id":"https:\/\/linesfiction.de\/lfd\/#organization"},"potentialAction":[{"@type":"SearchAction","target":{"@type":"EntryPoint","urlTemplate":"https:\/\/linesfiction.de\/lfd\/?s={search_term_string}"},"query-input":{"@type":"PropertyValueSpecification","valueRequired":true,"valueName":"search_term_string"}}],"inLanguage":"de"},{"@type":"Organization","@id":"https:\/\/linesfiction.de\/lfd\/#organization","name":"Lines Fiction","url":"https:\/\/linesfiction.de\/lfd\/","logo":{"@type":"ImageObject","inLanguage":"de","@id":"https:\/\/linesfiction.de\/lfd\/#\/schema\/logo\/image\/","url":"https:\/\/linesfiction.de\/lfd\/wp-content\/uploads\/2022\/12\/linesfiction_logo_instagram.jpg","contentUrl":"https:\/\/linesfiction.de\/lfd\/wp-content\/uploads\/2022\/12\/linesfiction_logo_instagram.jpg","width":1080,"height":1077,"caption":"Lines Fiction"},"image":{"@id":"https:\/\/linesfiction.de\/lfd\/#\/schema\/logo\/image\/"},"sameAs":["https:\/\/www.facebook.com\/linesfiction\/","https:\/\/x.com\/linesfiction","https:\/\/www.instagram.com\/linesfiction\/"]}]}},"_links":{"self":[{"href":"https:\/\/linesfiction.de\/lfd\/wp-json\/wp\/v2\/pages\/1044","targetHints":{"allow":["GET"]}}],"collection":[{"href":"https:\/\/linesfiction.de\/lfd\/wp-json\/wp\/v2\/pages"}],"about":[{"href":"https:\/\/linesfiction.de\/lfd\/wp-json\/wp\/v2\/types\/page"}],"author":[{"embeddable":true,"href":"https:\/\/linesfiction.de\/lfd\/wp-json\/wp\/v2\/users\/7"}],"replies":[{"embeddable":true,"href":"https:\/\/linesfiction.de\/lfd\/wp-json\/wp\/v2\/comments?post=1044"}],"version-history":[{"count":48,"href":"https:\/\/linesfiction.de\/lfd\/wp-json\/wp\/v2\/pages\/1044\/revisions"}],"predecessor-version":[{"id":3150,"href":"https:\/\/linesfiction.de\/lfd\/wp-json\/wp\/v2\/pages\/1044\/revisions\/3150"}],"up":[{"embeddable":true,"href":"https:\/\/linesfiction.de\/lfd\/wp-json\/wp\/v2\/pages\/501"}],"wp:attachment":[{"href":"https:\/\/linesfiction.de\/lfd\/wp-json\/wp\/v2\/media?parent=1044"}],"curies":[{"name":"wp","href":"https:\/\/api.w.org\/{rel}","templated":true}]}}