{"id":1111,"date":"2014-11-29T11:36:53","date_gmt":"2014-11-29T10:36:53","guid":{"rendered":"http:\/\/linesfiction.de\/lfd\/?page_id=1111"},"modified":"2017-08-17T22:03:53","modified_gmt":"2017-08-17T21:03:53","slug":"miodrag-manojlovic","status":"publish","type":"page","link":"https:\/\/linesfiction.de\/lfd\/lines-fiction-online\/m-z\/miodrag-manojlovic\/","title":{"rendered":"Miodrag Manojlovic"},"content":{"rendered":"<p><u>Fukt Magazin: Wie beginnst du mit einer neuen Animation? Beschreibe kurz den Prozess.<\/u><\/p>\n<p>Miodrag Manojlovic: Es ist ein langsamer Prozess, nicht nur das Animieren selbst, sondern zuvor schon das Sammeln der Erfahrungen, Gedanken, Bilder und T\u00f6ne. Wenn ich beginne habe ich eine Idee, was ich behandeln m\u00f6chte oder welche Atmosph\u00e4re ich erzeugen m\u00f6chte, aber w\u00e4hrend des Herstellungsprozesses wei\u00df ich nie genau, wo es enden wird. Es ist sowas wie ein Abenteuer. Durch&#8217;s Unbekannte zu treiben ist f\u00fcr mich sehr inspirierend. In diesem Prozess versuche ich, die Idee in eine Bilder- und Soundsprache zu \u00fcbersetzen, die nicht nur in der Gegenwart wirkt, sondern eine Verbindung zwischen Vergangenheit und Zukunft herstellt. Obwohl das alles Zeit nimmt mag ich den Herstellungsprozess &#8211; vielleicht soger mehr noch als das Ergebnis. Handwerkliches Arbeiten liebe ich seit meiner Kindheit, solches Arbeiten und Handzeichnungen mit computerbasiertem Arbeiten zu verbinden er\u00f6ffnet eine gro\u00dfe Bandbreite von M\u00f6glichkeiten, die ich wirklich interessant finde.<br \/>\nIch beschr\u00e4nke mich nicht auf ein Medium allein, meine Wahl der Mittel h\u00e4ngt auch von der Idee ab. Ich m\u00f6chte das Medium finden, das so gut wie m\u00f6glich zur Idee passt. Manchmal plane ich jedes Detail, und machnmal fange ich einfach an, indem ich eine Linie in Bewegung bringe und dann die Idee drumherum spinne, bis sie vielleicht ein ganzes Muster hervorbringt. Eine systematische Herangehensweise mit Phantasie zu verbinden passt perfekt f\u00fcr mich.<\/p>\n<p><u>Fukt Magazin: Wie arbeitest du mit dem Sound in Kombination mit den Bildern &#8211; machst du den Sound selbst?<\/u><\/p>\n<p>Miodrag Manojlovic: Ich h\u00f6re gerne Ger\u00e4usche, suche gerne besondere T\u00f6ne, nehme sie auf und sammle sie. Die Arbeit am Sound geht fast genauso vor sich wie die Arbeit an den Bildern. Am Anfang habe ich ein Konzept, und dann mag ich es, herum zu experimentieren, bis ich etwas Konkretes entwickelt habe. Wenn ich am Sound arbeite schlie\u00dfe ich gerne die Augen, um ihn zu visualisieren oder ich betrachte die Bilder und stelle mir den Sound vor, der zu ihrer Bedeutung passt. Wenn ich Bilder und Sound kombiniere bin ich erst dann zufrieden, wenn ich nicht mehr genau sagen kann was wichtiger ist, Bild oder Ton. Ich belasse oft auch Unperfektes in Bild und Ton als Teil meines Konzepts. Obwohl ich Perfektion mag entstehen manchmal Fehler, die zur Arbeit passen, also lasse ich sie ohne Korrektur. Was wir h\u00f6ren ist auch davon abh\u00e4ngig, wie wir es h\u00f6ren, und daher verbringe ich viel Zeit mit der \u00dcberlegung, wie ich meine Animationen am besten pr\u00e4sentiere. Ich m\u00f6chte, dass der Betrachter in meine Arbeit eintaucht, daher bem\u00fche ich mich, alle Aspekte der Pr\u00e4sentation zu bedenken.<\/p>\n<p><u>Fukt Magazin: In deiner neuen Animation &#8222;A Moment Ago&#8220; ist die Erz\u00e4hlung offen, fragmentiert. Aber dennoch hat der Betrachter den Eindruck, dass eine Geschichte erz\u00e4hlt wird, ohne Worte. Wie bist du interessiert am Narrativen \u2013 oder bist du es garnicht? Machst du ein Skript vor deine Animation?<\/u><\/p>\n<p>Miodrag Manojlovic: Meine Animationen enthalten keine vorgefertigte Botschaft. Ich beteilige die Betrachter lieber aktiv an der Erfahrung und Interpretation. Obwohl ich eine Vorstellung habe von dem, worum es mir geht entwickle ich das nicht nur in eine einzige Richtung. Ich lege gerne mehrere Bedeutungspfade an und er\u00f6ffne gerne die M\u00f6glichkeit, dass Fragen aufkommen. Manchmal entwickle ich eine Erz\u00e4hlung nur, damit die Teile meiner Animation zusammenbleiben. Ich benutze kein Skript, ich entwickle die Bilderfolge w\u00e4hrend des Animierens. Meine Zeichnungen und Malereien sind mentale Skizzen unterschiedlicher Gedanken und Gef\u00fchle.<br \/>\nBei der Animation &#8222;A Moment Ago&#8220; fragte ich mich am Ende selbst: Wie ist es blo\u00df m\u00f6glich, dass eine so lange Zeitspanne in so ein paar Sekunden komprimiert sein kann, wie im Traum: Die Animation hat 7&#8217;20&#8220; Minuten L\u00e4nge, und sie besteht aus 4000 Handzeichnungen, aus hunderten von digitalen Bildern, Tonaufnahmen, Berechnung von Timing und Bewegung, aus einer Kombination verschiedener Animationsexperimente mit der Erfahrung aus verschiedenen Animationstechniken. Es hat mich zwei Jahre und harte Arbeit gekostet das fertigzustellen. Jetzt entwickle ich drei Formen der Pr\u00e4sentation: einkanalige Installation, zweikanalige Installation, und eine Installation aus einer kleinen h\u00f6lzernen Box mit Bildschirmen auf beiden Seiten. So etwas zwischen Theater und Skulptur.<\/p>\n<p><u>Fukt Magazin: Du arbeitest manchmal auch an Workshops mit Kindern. Erz\u00e4hl mir etwas von deiner Erfahrung, Kindern das Animieren beizubringen. <\/u><\/p>\n<p>Miodrag Manojlovic: Heutzutage sind Animationen f\u00fcr Kinder allgegenw\u00e4rtig, sie sind viel zu sehr den Cartoons ausgesetzt, vor allem durch die Qualtit\u00e4t der Bilder und die Lebensechtheit der Charaktere. Sie k\u00f6nnen sich mit den Cartoons identifizieren, als ob es Lebewesen w\u00e4ren. Sie nehmen ihr Benehmen als nat\u00fcrlich hin. Also sind die Grenzen zwischen dem Realen und dem Virtuellen verschwommen. Auch wenn Kinder sehr gerne Cartoons ansehen, m\u00f6gen sie es ebenso, selbst etwas herzustellen. Und sie nutzen den Computer gerne als Werkzeug, also ist es eine sch\u00f6ne und angenehme Arbeit mit Kindern zusammen Animationen herzustellen. Ich sehe mich da nicht als Lehrer, sondern eher als jemanden, der geistige R\u00e4ume f\u00fcr die Phantasie er\u00f6ffnet, und als jemanden, der die Kinder ermutigt, sich auszudr\u00fccken. Wie nutzen unterschiedliche Methoden der Animationstechnik, aber die interessanteste Form f\u00fcr Kinder ist die Bild-f\u00fcr-Bild-Animation. Wir arbeiten mit 3-D-Material, Tonerde, Papiercollagen, verschiedenen Zeichenstiften undsoweiter\u2026<br \/>\nWir sind mitten in einer kreativen Atmosph\u00e4re, und in diesem Prozess bekommen wir auch fertige Animationen hin, aber das Wichtigste bleibt, dass die Kinder spielen und sich gl\u00fccklich f\u00fchlen beim kreativen Arbeiten. Dann bin ich auch gl\u00fccklich!<\/p>\n<p><u>Fukt Magazin: Welche K\u00fcnstler\/innen, die mit Animationen arbeiten inspirieren dich?<\/u><\/p>\n<p>Miodrag Manojlovic: Da sind viele Animationsk\u00fcnstler, die ich bewundere, Jerzy Kucia, Yuri Norshteyn, und viele andere. Meine Inspiration sind auch Filmregisseure, Tarkovsky, Bergman, oder Musiker wie Stephan Micus oder Toru Takemitsu. Obwohl ich meistens mit Animationen arbeite sehe ich mich nicht als Animator, sondern mehr als einen K\u00fcnstler, der neben der Animation unterschiedliche Werkzeuge und Medien benutzt, um eine Kombination aus Erinnerungen, Beobachtungen und W\u00fcnschen sichtbar zu machen, die eigentlich st\u00e4ndig zwischen den sichtbaren und unsichtbaren Formen des Ausdrucks in der Luft liegen.<\/p>\n<p><a href=\"http:\/\/miodragmanojlovic.com\/\" target=\"_blank\" rel=\"noopener\">miodragmanojlovic.com<\/a><\/p>\n<p>*Fukt Magazin ist ein Magazin f\u00fcr Zeichnung, Herausgeber: Bj\u00f6rn Hegardt<\/p>\n","protected":false},"excerpt":{"rendered":"<p>Fukt Magazin: Wie beginnst du mit einer neuen Animation? Beschreibe kurz den Prozess. Miodrag Manojlovic: Es ist ein langsamer Prozess, nicht nur das Animieren selbst, sondern zuvor schon das Sammeln der Erfahrungen, Gedanken, Bilder und T\u00f6ne. Wenn ich beginne habe &hellip;<\/p>\n<p class=\"read-more\"> <a class=\"more-link\" href=\"https:\/\/linesfiction.de\/lfd\/lines-fiction-online\/m-z\/miodrag-manojlovic\/\"> <span class=\"screen-reader-text\">Miodrag Manojlovic<\/span> Weiterlesen &raquo;<\/a><\/p>\n","protected":false},"author":7,"featured_media":0,"parent":503,"menu_order":0,"comment_status":"closed","ping_status":"open","template":"content-sidebar-page.php","meta":{"footnotes":""},"class_list":["post-1111","page","type-page","status-publish","hentry"],"yoast_head":"<!-- This site is optimized with the Yoast SEO plugin v27.3 - https:\/\/yoast.com\/product\/yoast-seo-wordpress\/ -->\n<title>Miodrag Manojlovic - Lines Fiction \u2605 Zeichnung &amp; Animation \u2605<\/title>\n<meta name=\"robots\" content=\"index, follow, max-snippet:-1, max-image-preview:large, max-video-preview:-1\" \/>\n<link rel=\"canonical\" href=\"https:\/\/linesfiction.de\/lfd\/lines-fiction-online\/m-z\/miodrag-manojlovic\/\" \/>\n<meta property=\"og:locale\" content=\"de_DE\" \/>\n<meta property=\"og:type\" content=\"article\" \/>\n<meta property=\"og:title\" content=\"Miodrag Manojlovic - Lines Fiction \u2605 Zeichnung &amp; Animation \u2605\" \/>\n<meta property=\"og:description\" content=\"Fukt Magazin: Wie beginnst du mit einer neuen Animation? Beschreibe kurz den Prozess. Miodrag Manojlovic: Es ist ein langsamer Prozess, nicht nur das Animieren selbst, sondern zuvor schon das Sammeln der Erfahrungen, Gedanken, Bilder und T\u00f6ne. Wenn ich beginne habe &hellip; Miodrag Manojlovic Weiterlesen &raquo;\" \/>\n<meta property=\"og:url\" content=\"https:\/\/linesfiction.de\/lfd\/lines-fiction-online\/m-z\/miodrag-manojlovic\/\" \/>\n<meta property=\"og:site_name\" content=\"Lines Fiction \u2605 Zeichnung &amp; Animation \u2605\" \/>\n<meta property=\"article:publisher\" content=\"https:\/\/www.facebook.com\/linesfiction\/\" \/>\n<meta property=\"article:modified_time\" content=\"2017-08-17T21:03:53+00:00\" \/>\n<meta name=\"twitter:card\" content=\"summary_large_image\" \/>\n<meta name=\"twitter:site\" content=\"@linesfiction\" \/>\n<meta name=\"twitter:label1\" content=\"Gesch\u00e4tzte Lesezeit\" \/>\n\t<meta name=\"twitter:data1\" content=\"5\u00a0Minuten\" \/>\n<script type=\"application\/ld+json\" class=\"yoast-schema-graph\">{\"@context\":\"https:\\\/\\\/schema.org\",\"@graph\":[{\"@type\":\"WebPage\",\"@id\":\"https:\\\/\\\/linesfiction.de\\\/lfd\\\/lines-fiction-online\\\/m-z\\\/miodrag-manojlovic\\\/\",\"url\":\"https:\\\/\\\/linesfiction.de\\\/lfd\\\/lines-fiction-online\\\/m-z\\\/miodrag-manojlovic\\\/\",\"name\":\"Miodrag Manojlovic - Lines Fiction \u2605 Zeichnung &amp; Animation \u2605\",\"isPartOf\":{\"@id\":\"https:\\\/\\\/linesfiction.de\\\/lfd\\\/#website\"},\"datePublished\":\"2014-11-29T10:36:53+00:00\",\"dateModified\":\"2017-08-17T21:03:53+00:00\",\"breadcrumb\":{\"@id\":\"https:\\\/\\\/linesfiction.de\\\/lfd\\\/lines-fiction-online\\\/m-z\\\/miodrag-manojlovic\\\/#breadcrumb\"},\"inLanguage\":\"de\",\"potentialAction\":[{\"@type\":\"ReadAction\",\"target\":[\"https:\\\/\\\/linesfiction.de\\\/lfd\\\/lines-fiction-online\\\/m-z\\\/miodrag-manojlovic\\\/\"]}]},{\"@type\":\"BreadcrumbList\",\"@id\":\"https:\\\/\\\/linesfiction.de\\\/lfd\\\/lines-fiction-online\\\/m-z\\\/miodrag-manojlovic\\\/#breadcrumb\",\"itemListElement\":[{\"@type\":\"ListItem\",\"position\":1,\"name\":\"Startseite\",\"item\":\"https:\\\/\\\/linesfiction.de\\\/lfd\\\/\"},{\"@type\":\"ListItem\",\"position\":2,\"name\":\"Lines Fiction online\",\"item\":\"https:\\\/\\\/linesfiction.de\\\/lfd\\\/lines-fiction-online\\\/\"},{\"@type\":\"ListItem\",\"position\":3,\"name\":\"M &#8211; Z\",\"item\":\"https:\\\/\\\/linesfiction.de\\\/lfd\\\/lines-fiction-online\\\/m-z\\\/\"},{\"@type\":\"ListItem\",\"position\":4,\"name\":\"Miodrag Manojlovic\"}]},{\"@type\":\"WebSite\",\"@id\":\"https:\\\/\\\/linesfiction.de\\\/lfd\\\/#website\",\"url\":\"https:\\\/\\\/linesfiction.de\\\/lfd\\\/\",\"name\":\"Lines Fiction - Zeichnung & Animation - Drawing & Animation\",\"description\":\"\",\"publisher\":{\"@id\":\"https:\\\/\\\/linesfiction.de\\\/lfd\\\/#organization\"},\"potentialAction\":[{\"@type\":\"SearchAction\",\"target\":{\"@type\":\"EntryPoint\",\"urlTemplate\":\"https:\\\/\\\/linesfiction.de\\\/lfd\\\/?s={search_term_string}\"},\"query-input\":{\"@type\":\"PropertyValueSpecification\",\"valueRequired\":true,\"valueName\":\"search_term_string\"}}],\"inLanguage\":\"de\"},{\"@type\":\"Organization\",\"@id\":\"https:\\\/\\\/linesfiction.de\\\/lfd\\\/#organization\",\"name\":\"Lines Fiction\",\"url\":\"https:\\\/\\\/linesfiction.de\\\/lfd\\\/\",\"logo\":{\"@type\":\"ImageObject\",\"inLanguage\":\"de\",\"@id\":\"https:\\\/\\\/linesfiction.de\\\/lfd\\\/#\\\/schema\\\/logo\\\/image\\\/\",\"url\":\"https:\\\/\\\/linesfiction.de\\\/lfd\\\/wp-content\\\/uploads\\\/2022\\\/12\\\/linesfiction_logo_instagram.jpg\",\"contentUrl\":\"https:\\\/\\\/linesfiction.de\\\/lfd\\\/wp-content\\\/uploads\\\/2022\\\/12\\\/linesfiction_logo_instagram.jpg\",\"width\":1080,\"height\":1077,\"caption\":\"Lines Fiction\"},\"image\":{\"@id\":\"https:\\\/\\\/linesfiction.de\\\/lfd\\\/#\\\/schema\\\/logo\\\/image\\\/\"},\"sameAs\":[\"https:\\\/\\\/www.facebook.com\\\/linesfiction\\\/\",\"https:\\\/\\\/x.com\\\/linesfiction\",\"https:\\\/\\\/www.instagram.com\\\/linesfiction\\\/\"]}]}<\/script>\n<!-- \/ Yoast SEO plugin. -->","yoast_head_json":{"title":"Miodrag Manojlovic - Lines Fiction \u2605 Zeichnung &amp; Animation \u2605","robots":{"index":"index","follow":"follow","max-snippet":"max-snippet:-1","max-image-preview":"max-image-preview:large","max-video-preview":"max-video-preview:-1"},"canonical":"https:\/\/linesfiction.de\/lfd\/lines-fiction-online\/m-z\/miodrag-manojlovic\/","og_locale":"de_DE","og_type":"article","og_title":"Miodrag Manojlovic - Lines Fiction \u2605 Zeichnung &amp; Animation \u2605","og_description":"Fukt Magazin: Wie beginnst du mit einer neuen Animation? Beschreibe kurz den Prozess. Miodrag Manojlovic: Es ist ein langsamer Prozess, nicht nur das Animieren selbst, sondern zuvor schon das Sammeln der Erfahrungen, Gedanken, Bilder und T\u00f6ne. Wenn ich beginne habe &hellip; Miodrag Manojlovic Weiterlesen &raquo;","og_url":"https:\/\/linesfiction.de\/lfd\/lines-fiction-online\/m-z\/miodrag-manojlovic\/","og_site_name":"Lines Fiction \u2605 Zeichnung &amp; Animation \u2605","article_publisher":"https:\/\/www.facebook.com\/linesfiction\/","article_modified_time":"2017-08-17T21:03:53+00:00","twitter_card":"summary_large_image","twitter_site":"@linesfiction","twitter_misc":{"Gesch\u00e4tzte Lesezeit":"5\u00a0Minuten"},"schema":{"@context":"https:\/\/schema.org","@graph":[{"@type":"WebPage","@id":"https:\/\/linesfiction.de\/lfd\/lines-fiction-online\/m-z\/miodrag-manojlovic\/","url":"https:\/\/linesfiction.de\/lfd\/lines-fiction-online\/m-z\/miodrag-manojlovic\/","name":"Miodrag Manojlovic - Lines Fiction \u2605 Zeichnung &amp; Animation \u2605","isPartOf":{"@id":"https:\/\/linesfiction.de\/lfd\/#website"},"datePublished":"2014-11-29T10:36:53+00:00","dateModified":"2017-08-17T21:03:53+00:00","breadcrumb":{"@id":"https:\/\/linesfiction.de\/lfd\/lines-fiction-online\/m-z\/miodrag-manojlovic\/#breadcrumb"},"inLanguage":"de","potentialAction":[{"@type":"ReadAction","target":["https:\/\/linesfiction.de\/lfd\/lines-fiction-online\/m-z\/miodrag-manojlovic\/"]}]},{"@type":"BreadcrumbList","@id":"https:\/\/linesfiction.de\/lfd\/lines-fiction-online\/m-z\/miodrag-manojlovic\/#breadcrumb","itemListElement":[{"@type":"ListItem","position":1,"name":"Startseite","item":"https:\/\/linesfiction.de\/lfd\/"},{"@type":"ListItem","position":2,"name":"Lines Fiction online","item":"https:\/\/linesfiction.de\/lfd\/lines-fiction-online\/"},{"@type":"ListItem","position":3,"name":"M &#8211; Z","item":"https:\/\/linesfiction.de\/lfd\/lines-fiction-online\/m-z\/"},{"@type":"ListItem","position":4,"name":"Miodrag Manojlovic"}]},{"@type":"WebSite","@id":"https:\/\/linesfiction.de\/lfd\/#website","url":"https:\/\/linesfiction.de\/lfd\/","name":"Lines Fiction - Zeichnung & Animation - Drawing & Animation","description":"","publisher":{"@id":"https:\/\/linesfiction.de\/lfd\/#organization"},"potentialAction":[{"@type":"SearchAction","target":{"@type":"EntryPoint","urlTemplate":"https:\/\/linesfiction.de\/lfd\/?s={search_term_string}"},"query-input":{"@type":"PropertyValueSpecification","valueRequired":true,"valueName":"search_term_string"}}],"inLanguage":"de"},{"@type":"Organization","@id":"https:\/\/linesfiction.de\/lfd\/#organization","name":"Lines Fiction","url":"https:\/\/linesfiction.de\/lfd\/","logo":{"@type":"ImageObject","inLanguage":"de","@id":"https:\/\/linesfiction.de\/lfd\/#\/schema\/logo\/image\/","url":"https:\/\/linesfiction.de\/lfd\/wp-content\/uploads\/2022\/12\/linesfiction_logo_instagram.jpg","contentUrl":"https:\/\/linesfiction.de\/lfd\/wp-content\/uploads\/2022\/12\/linesfiction_logo_instagram.jpg","width":1080,"height":1077,"caption":"Lines Fiction"},"image":{"@id":"https:\/\/linesfiction.de\/lfd\/#\/schema\/logo\/image\/"},"sameAs":["https:\/\/www.facebook.com\/linesfiction\/","https:\/\/x.com\/linesfiction","https:\/\/www.instagram.com\/linesfiction\/"]}]}},"_links":{"self":[{"href":"https:\/\/linesfiction.de\/lfd\/wp-json\/wp\/v2\/pages\/1111","targetHints":{"allow":["GET"]}}],"collection":[{"href":"https:\/\/linesfiction.de\/lfd\/wp-json\/wp\/v2\/pages"}],"about":[{"href":"https:\/\/linesfiction.de\/lfd\/wp-json\/wp\/v2\/types\/page"}],"author":[{"embeddable":true,"href":"https:\/\/linesfiction.de\/lfd\/wp-json\/wp\/v2\/users\/7"}],"replies":[{"embeddable":true,"href":"https:\/\/linesfiction.de\/lfd\/wp-json\/wp\/v2\/comments?post=1111"}],"version-history":[{"count":20,"href":"https:\/\/linesfiction.de\/lfd\/wp-json\/wp\/v2\/pages\/1111\/revisions"}],"predecessor-version":[{"id":1599,"href":"https:\/\/linesfiction.de\/lfd\/wp-json\/wp\/v2\/pages\/1111\/revisions\/1599"}],"up":[{"embeddable":true,"href":"https:\/\/linesfiction.de\/lfd\/wp-json\/wp\/v2\/pages\/503"}],"wp:attachment":[{"href":"https:\/\/linesfiction.de\/lfd\/wp-json\/wp\/v2\/media?parent=1111"}],"curies":[{"name":"wp","href":"https:\/\/api.w.org\/{rel}","templated":true}]}}