{"id":1136,"date":"2014-12-22T12:26:51","date_gmt":"2014-12-22T11:26:51","guid":{"rendered":"http:\/\/linesfiction.de\/lfd\/?page_id=1136"},"modified":"2014-12-31T16:02:15","modified_gmt":"2014-12-31T15:02:15","slug":"jorn-ebner","status":"publish","type":"page","link":"https:\/\/linesfiction.de\/lfd\/lines-fiction-online\/a-l\/jorn-ebner\/","title":{"rendered":"Jorn Ebner"},"content":{"rendered":"<p><u>Lines Fiction: In &#8222;Navigator&#8220; bietest du dem User gleichzeitig unterschiedliche M\u00f6glichkeiten zum Klicken an. Das reizt die Neugierde, wo man hingekommen w\u00e4re, wenn man sich anders entschieden h\u00e4tte. Legst du in deinen derzeitigen digitalen Arbeiten weiterhin Wert auf diese Mehrdeutigkeit?<\/u><\/p>\n<p>Jorn Ebner: Wenn sich die Betrachter oder Benutzer auf das interaktive Kunstwerk einlassen, entsteht eine gewisse Intimit\u00e4t zwischen beiden. Der \/ die Einzelne begibt sich in einen Prozess, der mir \u00e4hnlich dem Lesen eines Buchs erscheint. Die neuen Technologien erm\u00f6glichen diese Interaktivit\u00e4t und durch das Internet sind die Menschen heute in der Handhabung interaktiver, computer-gest\u00fctzter Kunstwerke ge\u00fcbt. Bei &#8222;(The Beatles) in Hamburg&#8220; von 2011, einem Klangkunstwerk mit Online Komponente, war mir daran gelegen, nicht zuviel preis zugeben. Die Arbeit setzt auf die Neugierde der Besucher und erwartet, dass diese herum gucken, um heraus zu finden, was noch so alles zu finden ist &#8211; oder dass sie wiederkommen, um an einem anderen Tage eine andere Musik zu finden. <\/p>\n<p>Andererseits habe ich ein Problem mit Interaktivit\u00e4t um der Interaktivit\u00e4ts Willen, und als der ganze<br \/>\nWeb 2.0 Alarm losging, begann ich mit einer Reihe fotografischer Browserarbeiten, deren Abfolgen von Pop-up Fenstern genauso wie ein Video funktionieren, ohne jegliches Geklicke und Getue. Eine kurze Antwort auf Deine Frage lautet also: Ja und Nein. Genau wie im wahren Leben.<\/p>\n<p><u>Lines Fiction: Netscape Navigator war einer der ersten Browser im Internet, und wenn man an einen Navigatoren online denkt erwartet man ein Interface, das den Benutzern beim Durchklicken Informationen beschert. Dein interaktives Kunstwerk er\u00f6ffnet aber Seiten, die r\u00e4tselhaft und geheimnisvoll erscheinen, wie in einem seltsamen Wartezustand. Hast du dieses St\u00fcck f\u00fcr die Onlinepr\u00e4sentation geplant?<\/u><\/p>\n<p>Jorn Ebner: Ganz im Gegenteil. &#8222;Navigator&#8220; entstand 2006 f\u00fcr CD-Rom. Zu der Zeit war ich etwas frustriert mit dem Internet und meiner Rolle als &#8218;Internetk\u00fcnstler&#8216;. Nach einer Reihe von online-Arbeiten wollte ich mit Formen experimentieren, die weniger von der Entwicklung von Browsern abh\u00e4ngig waren. Aus diesem Antrieb heraus entstanden &#8217;stand-alone&#8216;-Arbeiten wie &#8222;Navigator&#8220;, &#8222;JC&#8220; (meine visuelle Begleitung einer John Cage Komposition zur Auff\u00fchrung des Bruckner Orchesters w\u00e4hrend des Ars Elecronica Festivals 2006) oder auch meine &#8218;elektronischen Zeichnungen&#8216;, wie ich sie nenne. &#8217;stand-alone&#8216; kann man einfach direkt und ohne Browser abspielen lassen. Allerdings ist das Medium von &#8222;Navigator&#8220; eine Internet Technologie, denn es handelte sich um eine Flash-Projektor-Datei. Die Neu-Formatierung jetzt f\u00fcr die online Pr\u00e4sentation auf Lines Fiction  war problemlos &#8211; einer der Vorteile von Flash.<\/p>\n<p>Der Kontext, in dem &#8222;Navigator&#8220; entstand, war eigentlich sehr spezifisch: Es war eine Auftragsarbeit f\u00fcr eine britische Organisation namens Creative Partnerships, die K\u00fcnstler in Schulen platzierte. (In Deutschland gibt es derzeit einen \u00e4hnliche Initiative, die Kulturpaten hei\u00dft.) Meine Arbeit war f\u00fcr eine Inklusionsschule gedacht, deren Sch\u00fcler zum Teil Schwierigkeiten hatten, ihren Wohnort zu navigieren. Ich zeichnete eine Reihe elektronischer Zeichungen, die den Ausgangspunkt f\u00fcr die Einleitung und den visuellen Rahmen von &#8222;Navigator&#8220; darstellten. Zus\u00e4tzlich entstanden in einer Reihe von Workshops Sch\u00fcler-Zeichnungen und -Fotografien, die deren Wohnort darstellten. Dieses Bildmaterial zeichnete ich in einer Grafik-Software namens Freehand neu und animatierte sie mit Flash, einer Software f\u00fcr Online-Animation, die auch prima f\u00fcr die Einbindung von Interaktivit\u00e4t war (oder auch immer noch ist). Diese Animationen stellen den gr\u00f6\u00dften Teil von &#8222;Navigator&#8220;, in dem die Betrachter oder Benutzer Entscheidungen f\u00e4llen und sich f\u00fcr einen bestimmen Weg entscheiden m\u00fcssen.<\/p>\n<p><u>Lines Fiction: Dein Zeichenstil in der interaktiven Anwendung korrespondiert mit deinem Zeichnstil auf Papier. Digital baut sich in &#8222;Navigator&#8220; eine nerv\u00f6se Linie auf, die in der Zeichnung auf Papier als Liniensammlung wiederkehrt. Hast du beide, die digitale Linie und die Linie auf Papier gleichzeitig entwickelt?<\/u><\/p>\n<p>Jorn Ebner: W\u00e4hrend meines Studiums interessierte ich mich f\u00fcr Animation und entwickelte eine Art &#8222;Proto-Animation&#8220; mittels Dia\u00fcberblendungen von abfotografierten Zeichnungen. Ich entwickelte daf\u00fcr einen sehr einfachen Zeichenstil, inspiriert durch eine Skizze von Buckminster Fuller. Dieser Stil war dann von Vorteil f\u00fcr meine erste Online-Arbeit &#8222;Life Measure Constructions&#8220; (2000) &#8211; eine Arbeit, die ich immer als interaktive Zeichnung verstand &#8211; weil die Dateien durch die einfachen Linien recht klein blieben. Bis 2004 produzierte ich drei weitere Online-Arbeiten: &#8222;Lee Marvin Toolbox&#8220; (2001), &#8222;Leif Codices&#8220; (2003) und &#8222;Leonardo Log&#8220; (2004), bei denen immer gr\u00f6\u00dfere Dateien herauskamen. In den fr\u00fchen 2000er Jahren war die Daten\u00fcbertragung recht beschr\u00e4nkt und ich war immer knapp davor, die Animationen zu gro\u00df (im Sinne von Bit-Mengen) werden zu lassen. Bei &#8222;Navigator&#8220; waren die urspr\u00fcnglichen Zeichnungen auch sehr datenintensiv und f\u00fcr die Animation mussten, zum Beispiel, einige Transparenzen weggelassen werden. <\/p>\n<p>Meine Zeichnungen sollten nie offensichtlich digital erscheinen. Die Betrachter sollen sich nicht sicher sein, ob sie ein analoges oder ein digitales Bild betrachteten. Da ich aber den Begriff &#8218;digital&#8216; nicht mochte, habe ich meine Bilder lieber als &#8218;elektronische Zeichungen&#8216; (wie &#8218;elektronische Musik&#8216;) bezeichnet und ihr Gegenst\u00fcck &#8218;analoge Zeichnung&#8216;. Meine elektronischen Zeichnungen sollten immer wie analoge gestische Zeichnungen aussehen, daraus habe ich dann auch analoge Zeichnungen entwickelt. In jedem Fall arbeite ich direkt mit Zeichenstiften &#8211; auf Papier oder auf mein altes Wacom Grafiktablett. <\/p>\n<p>In Flash habe ich die Zeichnungen auf der Zeitleiste animiert. Das bedeutet, dass sich die Animation auf einer Abfolge einzelner frames entwickelt, \u00e4hnlich wie beim analogen Film. Die Linien entwickeln sich auf den einzelnen frames, ohne sich dabei bestimmter Flash-spezifischer Animationsformen zu bedienen. Im traditionellen Animationsfilm w\u00e4ren das einzelne Zeichnungen f\u00fcr jedes frame gewesen. In der Software konnte ich das einfacher gestalten. Auf diese Weise habe ich auch die Fotos in kleinere St\u00fccke zerlegt: indem die Fotos in einzelne Pixel aufgebrchen wurden und die Linien dann durch Ausradieren entstanden. <\/p>\n<p>Meine j\u00fcngsten analogen Zeichnungen sind sehr reich an Information, da eine Vielzahl von Linien \u00fcbereinander gelagert ist. W\u00fcrde ich dies in Illustrator tun, w\u00fcrden die Dateien schnell zu gro\u00df werden, den Rechner verlangsamen und schlie\u00dflich sehr bl\u00f6d zu bearbeiten sein. F\u00fcr mich ist es sehr anregend, dass ich Zeichnungen produziere, die sehr unterschieden sind von den elektronischen Zeichnungen, sich aber trotzdem wenig von einander zu unterscheiden scheinen. In jedem Medium kann ich etwas tun, was das andere Medium nicht zul\u00e4sst.<\/p>\n<p><a href=\"http:\/\/www.jornebner.info\/index.html\" target=\"_blank\">www.jornebner.info<\/a><\/p>\n","protected":false},"excerpt":{"rendered":"<p>Lines Fiction: In &#8222;Navigator&#8220; bietest du dem User gleichzeitig unterschiedliche M\u00f6glichkeiten zum Klicken an. Das reizt die Neugierde, wo man hingekommen w\u00e4re, wenn man sich anders entschieden h\u00e4tte. Legst du in deinen derzeitigen digitalen Arbeiten weiterhin Wert auf diese Mehrdeutigkeit? &hellip;<\/p>\n<p class=\"read-more\"> <a class=\"more-link\" href=\"https:\/\/linesfiction.de\/lfd\/lines-fiction-online\/a-l\/jorn-ebner\/\"> <span class=\"screen-reader-text\">Jorn Ebner<\/span> Weiterlesen &raquo;<\/a><\/p>\n","protected":false},"author":7,"featured_media":0,"parent":501,"menu_order":0,"comment_status":"closed","ping_status":"open","template":"content-sidebar-page.php","meta":{"footnotes":""},"class_list":["post-1136","page","type-page","status-publish","hentry"],"yoast_head":"<!-- This site is optimized with the Yoast SEO plugin v27.3 - https:\/\/yoast.com\/product\/yoast-seo-wordpress\/ -->\n<title>Jorn Ebner - Lines Fiction \u2605 Zeichnung &amp; Animation \u2605<\/title>\n<meta name=\"robots\" content=\"index, follow, max-snippet:-1, max-image-preview:large, max-video-preview:-1\" \/>\n<link rel=\"canonical\" href=\"https:\/\/linesfiction.de\/lfd\/lines-fiction-online\/a-l\/jorn-ebner\/\" \/>\n<meta property=\"og:locale\" content=\"de_DE\" \/>\n<meta property=\"og:type\" content=\"article\" \/>\n<meta property=\"og:title\" content=\"Jorn Ebner - Lines Fiction \u2605 Zeichnung &amp; Animation \u2605\" \/>\n<meta property=\"og:description\" content=\"Lines Fiction: In &#8222;Navigator&#8220; bietest du dem User gleichzeitig unterschiedliche M\u00f6glichkeiten zum Klicken an. Das reizt die Neugierde, wo man hingekommen w\u00e4re, wenn man sich anders entschieden h\u00e4tte. Legst du in deinen derzeitigen digitalen Arbeiten weiterhin Wert auf diese Mehrdeutigkeit? &hellip; Jorn Ebner Weiterlesen &raquo;\" \/>\n<meta property=\"og:url\" content=\"https:\/\/linesfiction.de\/lfd\/lines-fiction-online\/a-l\/jorn-ebner\/\" \/>\n<meta property=\"og:site_name\" content=\"Lines Fiction \u2605 Zeichnung &amp; Animation \u2605\" \/>\n<meta property=\"article:publisher\" content=\"https:\/\/www.facebook.com\/linesfiction\/\" \/>\n<meta property=\"article:modified_time\" content=\"2014-12-31T15:02:15+00:00\" \/>\n<meta name=\"twitter:card\" content=\"summary_large_image\" \/>\n<meta name=\"twitter:site\" content=\"@linesfiction\" \/>\n<meta name=\"twitter:label1\" content=\"Gesch\u00e4tzte Lesezeit\" \/>\n\t<meta name=\"twitter:data1\" content=\"5\u00a0Minuten\" \/>\n<script type=\"application\/ld+json\" class=\"yoast-schema-graph\">{\"@context\":\"https:\\\/\\\/schema.org\",\"@graph\":[{\"@type\":\"WebPage\",\"@id\":\"https:\\\/\\\/linesfiction.de\\\/lfd\\\/lines-fiction-online\\\/a-l\\\/jorn-ebner\\\/\",\"url\":\"https:\\\/\\\/linesfiction.de\\\/lfd\\\/lines-fiction-online\\\/a-l\\\/jorn-ebner\\\/\",\"name\":\"Jorn Ebner - Lines Fiction \u2605 Zeichnung &amp; Animation \u2605\",\"isPartOf\":{\"@id\":\"https:\\\/\\\/linesfiction.de\\\/lfd\\\/#website\"},\"datePublished\":\"2014-12-22T11:26:51+00:00\",\"dateModified\":\"2014-12-31T15:02:15+00:00\",\"breadcrumb\":{\"@id\":\"https:\\\/\\\/linesfiction.de\\\/lfd\\\/lines-fiction-online\\\/a-l\\\/jorn-ebner\\\/#breadcrumb\"},\"inLanguage\":\"de\",\"potentialAction\":[{\"@type\":\"ReadAction\",\"target\":[\"https:\\\/\\\/linesfiction.de\\\/lfd\\\/lines-fiction-online\\\/a-l\\\/jorn-ebner\\\/\"]}]},{\"@type\":\"BreadcrumbList\",\"@id\":\"https:\\\/\\\/linesfiction.de\\\/lfd\\\/lines-fiction-online\\\/a-l\\\/jorn-ebner\\\/#breadcrumb\",\"itemListElement\":[{\"@type\":\"ListItem\",\"position\":1,\"name\":\"Startseite\",\"item\":\"https:\\\/\\\/linesfiction.de\\\/lfd\\\/\"},{\"@type\":\"ListItem\",\"position\":2,\"name\":\"Lines Fiction online\",\"item\":\"https:\\\/\\\/linesfiction.de\\\/lfd\\\/lines-fiction-online\\\/\"},{\"@type\":\"ListItem\",\"position\":3,\"name\":\"A &#8211; L\",\"item\":\"https:\\\/\\\/linesfiction.de\\\/lfd\\\/lines-fiction-online\\\/a-l\\\/\"},{\"@type\":\"ListItem\",\"position\":4,\"name\":\"Jorn Ebner\"}]},{\"@type\":\"WebSite\",\"@id\":\"https:\\\/\\\/linesfiction.de\\\/lfd\\\/#website\",\"url\":\"https:\\\/\\\/linesfiction.de\\\/lfd\\\/\",\"name\":\"Lines Fiction - Zeichnung & Animation - Drawing & Animation\",\"description\":\"\",\"publisher\":{\"@id\":\"https:\\\/\\\/linesfiction.de\\\/lfd\\\/#organization\"},\"potentialAction\":[{\"@type\":\"SearchAction\",\"target\":{\"@type\":\"EntryPoint\",\"urlTemplate\":\"https:\\\/\\\/linesfiction.de\\\/lfd\\\/?s={search_term_string}\"},\"query-input\":{\"@type\":\"PropertyValueSpecification\",\"valueRequired\":true,\"valueName\":\"search_term_string\"}}],\"inLanguage\":\"de\"},{\"@type\":\"Organization\",\"@id\":\"https:\\\/\\\/linesfiction.de\\\/lfd\\\/#organization\",\"name\":\"Lines Fiction\",\"url\":\"https:\\\/\\\/linesfiction.de\\\/lfd\\\/\",\"logo\":{\"@type\":\"ImageObject\",\"inLanguage\":\"de\",\"@id\":\"https:\\\/\\\/linesfiction.de\\\/lfd\\\/#\\\/schema\\\/logo\\\/image\\\/\",\"url\":\"https:\\\/\\\/linesfiction.de\\\/lfd\\\/wp-content\\\/uploads\\\/2022\\\/12\\\/linesfiction_logo_instagram.jpg\",\"contentUrl\":\"https:\\\/\\\/linesfiction.de\\\/lfd\\\/wp-content\\\/uploads\\\/2022\\\/12\\\/linesfiction_logo_instagram.jpg\",\"width\":1080,\"height\":1077,\"caption\":\"Lines Fiction\"},\"image\":{\"@id\":\"https:\\\/\\\/linesfiction.de\\\/lfd\\\/#\\\/schema\\\/logo\\\/image\\\/\"},\"sameAs\":[\"https:\\\/\\\/www.facebook.com\\\/linesfiction\\\/\",\"https:\\\/\\\/x.com\\\/linesfiction\",\"https:\\\/\\\/www.instagram.com\\\/linesfiction\\\/\"]}]}<\/script>\n<!-- \/ Yoast SEO plugin. -->","yoast_head_json":{"title":"Jorn Ebner - Lines Fiction \u2605 Zeichnung &amp; Animation \u2605","robots":{"index":"index","follow":"follow","max-snippet":"max-snippet:-1","max-image-preview":"max-image-preview:large","max-video-preview":"max-video-preview:-1"},"canonical":"https:\/\/linesfiction.de\/lfd\/lines-fiction-online\/a-l\/jorn-ebner\/","og_locale":"de_DE","og_type":"article","og_title":"Jorn Ebner - Lines Fiction \u2605 Zeichnung &amp; Animation \u2605","og_description":"Lines Fiction: In &#8222;Navigator&#8220; bietest du dem User gleichzeitig unterschiedliche M\u00f6glichkeiten zum Klicken an. Das reizt die Neugierde, wo man hingekommen w\u00e4re, wenn man sich anders entschieden h\u00e4tte. Legst du in deinen derzeitigen digitalen Arbeiten weiterhin Wert auf diese Mehrdeutigkeit? &hellip; Jorn Ebner Weiterlesen &raquo;","og_url":"https:\/\/linesfiction.de\/lfd\/lines-fiction-online\/a-l\/jorn-ebner\/","og_site_name":"Lines Fiction \u2605 Zeichnung &amp; Animation \u2605","article_publisher":"https:\/\/www.facebook.com\/linesfiction\/","article_modified_time":"2014-12-31T15:02:15+00:00","twitter_card":"summary_large_image","twitter_site":"@linesfiction","twitter_misc":{"Gesch\u00e4tzte Lesezeit":"5\u00a0Minuten"},"schema":{"@context":"https:\/\/schema.org","@graph":[{"@type":"WebPage","@id":"https:\/\/linesfiction.de\/lfd\/lines-fiction-online\/a-l\/jorn-ebner\/","url":"https:\/\/linesfiction.de\/lfd\/lines-fiction-online\/a-l\/jorn-ebner\/","name":"Jorn Ebner - Lines Fiction \u2605 Zeichnung &amp; Animation \u2605","isPartOf":{"@id":"https:\/\/linesfiction.de\/lfd\/#website"},"datePublished":"2014-12-22T11:26:51+00:00","dateModified":"2014-12-31T15:02:15+00:00","breadcrumb":{"@id":"https:\/\/linesfiction.de\/lfd\/lines-fiction-online\/a-l\/jorn-ebner\/#breadcrumb"},"inLanguage":"de","potentialAction":[{"@type":"ReadAction","target":["https:\/\/linesfiction.de\/lfd\/lines-fiction-online\/a-l\/jorn-ebner\/"]}]},{"@type":"BreadcrumbList","@id":"https:\/\/linesfiction.de\/lfd\/lines-fiction-online\/a-l\/jorn-ebner\/#breadcrumb","itemListElement":[{"@type":"ListItem","position":1,"name":"Startseite","item":"https:\/\/linesfiction.de\/lfd\/"},{"@type":"ListItem","position":2,"name":"Lines Fiction online","item":"https:\/\/linesfiction.de\/lfd\/lines-fiction-online\/"},{"@type":"ListItem","position":3,"name":"A &#8211; L","item":"https:\/\/linesfiction.de\/lfd\/lines-fiction-online\/a-l\/"},{"@type":"ListItem","position":4,"name":"Jorn Ebner"}]},{"@type":"WebSite","@id":"https:\/\/linesfiction.de\/lfd\/#website","url":"https:\/\/linesfiction.de\/lfd\/","name":"Lines Fiction - Zeichnung & Animation - Drawing & Animation","description":"","publisher":{"@id":"https:\/\/linesfiction.de\/lfd\/#organization"},"potentialAction":[{"@type":"SearchAction","target":{"@type":"EntryPoint","urlTemplate":"https:\/\/linesfiction.de\/lfd\/?s={search_term_string}"},"query-input":{"@type":"PropertyValueSpecification","valueRequired":true,"valueName":"search_term_string"}}],"inLanguage":"de"},{"@type":"Organization","@id":"https:\/\/linesfiction.de\/lfd\/#organization","name":"Lines Fiction","url":"https:\/\/linesfiction.de\/lfd\/","logo":{"@type":"ImageObject","inLanguage":"de","@id":"https:\/\/linesfiction.de\/lfd\/#\/schema\/logo\/image\/","url":"https:\/\/linesfiction.de\/lfd\/wp-content\/uploads\/2022\/12\/linesfiction_logo_instagram.jpg","contentUrl":"https:\/\/linesfiction.de\/lfd\/wp-content\/uploads\/2022\/12\/linesfiction_logo_instagram.jpg","width":1080,"height":1077,"caption":"Lines Fiction"},"image":{"@id":"https:\/\/linesfiction.de\/lfd\/#\/schema\/logo\/image\/"},"sameAs":["https:\/\/www.facebook.com\/linesfiction\/","https:\/\/x.com\/linesfiction","https:\/\/www.instagram.com\/linesfiction\/"]}]}},"_links":{"self":[{"href":"https:\/\/linesfiction.de\/lfd\/wp-json\/wp\/v2\/pages\/1136","targetHints":{"allow":["GET"]}}],"collection":[{"href":"https:\/\/linesfiction.de\/lfd\/wp-json\/wp\/v2\/pages"}],"about":[{"href":"https:\/\/linesfiction.de\/lfd\/wp-json\/wp\/v2\/types\/page"}],"author":[{"embeddable":true,"href":"https:\/\/linesfiction.de\/lfd\/wp-json\/wp\/v2\/users\/7"}],"replies":[{"embeddable":true,"href":"https:\/\/linesfiction.de\/lfd\/wp-json\/wp\/v2\/comments?post=1136"}],"version-history":[{"count":13,"href":"https:\/\/linesfiction.de\/lfd\/wp-json\/wp\/v2\/pages\/1136\/revisions"}],"predecessor-version":[{"id":1152,"href":"https:\/\/linesfiction.de\/lfd\/wp-json\/wp\/v2\/pages\/1136\/revisions\/1152"}],"up":[{"embeddable":true,"href":"https:\/\/linesfiction.de\/lfd\/wp-json\/wp\/v2\/pages\/501"}],"wp:attachment":[{"href":"https:\/\/linesfiction.de\/lfd\/wp-json\/wp\/v2\/media?parent=1136"}],"curies":[{"name":"wp","href":"https:\/\/api.w.org\/{rel}","templated":true}]}}