{"id":1178,"date":"2015-02-28T13:49:55","date_gmt":"2015-02-28T12:49:55","guid":{"rendered":"http:\/\/linesfiction.de\/lfd\/?page_id=1178"},"modified":"2015-03-03T12:14:10","modified_gmt":"2015-03-03T11:14:10","slug":"david-mackintosh","status":"publish","type":"page","link":"https:\/\/linesfiction.de\/lfd\/lines-fiction-online\/m-z\/david-mackintosh\/","title":{"rendered":"David Mackintosh"},"content":{"rendered":"<p><u>Lines Fiction: F\u00fcr dich als Zeichner ist Gouache auf Papier das Medium deiner Wahl. Einige deiner Zeichnungen sind schnelle Beobachtungen, andere erscheinen als visuelle Aphorismen, poetische Reflexionen, und in Ausstellungen ordnest du  die Zeichnungen in Gruppen und speziellen Pr\u00e4sentationsobjekten. Du legst ausdr\u00fccklich Wert auf die Zeichnung als Forschungsinstrument und eigenst\u00e4ndigen Ausdruck in der Bildenden Kunst. Wie kommst du zu deiner \u00dcberzeugung?<\/u><\/p>\n<p>David Mackintosh: In einem Ausstellungskatalog aus den fr\u00fchen 90er Jahren beschrieb der Ausstellungskurator und K\u00fcnstler Michael Craig-Martin die F\u00e4higkeit der Zeichnung, Zeiten und historische Zusammenh\u00e4nge zu \u00fcberschreiten. Seine Ausstellung zeigte Werke von Michelangelo und anderer &#8222;alter Meister&#8220; zuammen mit zeitgen\u00f6ssischen Zeichnungen. In seinem Essay beschreibt Craig-Martin, wie die Zeichnung schon immer Charakteristika dessen hatte, was wir heute modern nennen, was aber oft \u00fcbersehen wurde, da die Zeichnung als untergeordnetes zweitrangiges Werk galt. Er spricht davon, dass die Zeichnung n\u00e4her am Keim der Idee liegt, n\u00e4her am Geist des K\u00fcnstlers. Ich sah die Ausstellung als junger K\u00fcnstler, und sie hatte eine gro\u00dfe Wirkung auf mich. Als jemand, der schon immer gezeichnet hat war es f\u00fcr mich wundervoll, Zeichnungen zu sehen, die im Zeitraum von Jahrhunderten entstanden sind und dennoch eindeutig eine gemeinsame Linie teilten. Pl\u00f6tzlich wurde mir klar, dass die Zeichnung das Zentrum meiner Arbeit ausmachen k\u00f6nnte. Ich fand diese Vorstellung sehr befreiend.<\/p>\n<p>Ich finde es gut, dass ich beim Zeichnen ohne zu denken und beim Versuch, Dinge in meinem Unterbewu\u00dften ziellos aufzust\u00f6bern, doch suggestiv und forschend sein kann. Dass ich ohne Plan beginnen und mit vielen Einf\u00e4llen enden kann.<br \/>\nAuf diese Weise \u00fcberrasche ich mich die ganze Zeit selbst mit den Dingen, die ich da zeichne, es macht den ganzen Vorgang interessant und unvorhersehbar. Oft passiert es, dass die Themen, die ich aufsammle irgendwie belanglos erscheinen, regelrecht absurd, manchmal skurril und l\u00e4cherlich. Es freut mich zu denken, dass Kunst auch l\u00e4cherlich sein kann.<br \/>\nIch mag es, meine Zeichnungen als freischwebende und im Moment erfasste Gedanken zu sehen, unmittelbar, ohne Anfang, Mitte und Ende.<br \/>\nDer Versuch, Zeichnungen zu machen die mit dem Unterbewu\u00dften in Beziehung treten, hei\u00dft automatisch, dass das Thema alles sein kann, und Dinge miteinbezieht, die im Allgemeinen \u00fcbersehen und unber\u00fccksichtigt bleiben. Oder dass man an den unwahrscheinlichsten Orten sucht, wo sonst niemand auf die Idee k\u00e4me, irgendetwas zu suchen.<\/p>\n<p><u>Lines Fiction: Du benutzt immer Wasserfarbe zum Zeichnen, und f\u00fcr deine Zeichnungen, wie bei der Sammlung &#8222;Der Vorhang&#8220; von 2011, nimmst du d\u00fcnnes Papier, das sich beim Befeuchten kr\u00e4uselt, was man sogar noch im Druck sehen kann. Das erzeugt eine gewisse Schwingung und gibt deinen Zeichnungen eine Ausstrahlung von Dringlichkeit und Eile.<\/u><\/p>\n<p>David Mackintosh: Ich mache alle meine Zeichnungen sehr schnell, jede Zeichnung dauert nur Sekunden. Jedesmal zeichne ich viel auf Papier im A1-Format und werfe die misslungenen St\u00fccke weg. Wenn ich mit einer Zeichnung zu weit gehen w\u00fcrde, bis zu dem Punkt, dass eine Erz\u00e4hlung \u00fcberdeutlich wird oder wenn ich zu viel zeichne und zuviel Information preisgebe, dann w\u00fcrde das nicht gutgehen. Ich m\u00f6chte etwas andeuten, es aber dem Betrachter erlauben, die L\u00fccken zu f\u00fcllen. In diesem Sinne sind meine Zeichnungen wie Zeichen, Hinweise auf m\u00f6gliche Erz\u00e4hlungen. Ich stehe beim Zeichnen, mit dem Papier flach auf dem Tisch. Ich bevorzuge den Pinsel wegen seiner Vielfalt an Ausdrucksm\u00f6glichkeiten, die ich mit einem einzigen Arbeitsger\u00e4t machen kann. Wasserfarbe erlaubt es mir, sehr schnell zu arbeiten, ich m\u00f6chte jede Zeichnung in einer Haiku-artigen Konzentration erzeugen. \u00d6lfarbe und Acryl sitzen auf dem Papier, w\u00e4hrend Gouache Teil des Papiers wird. Mit nasser Farbe wird das Papier zum Objekt, nicht mehr flach, sondern durch die N\u00e4sse bucklig und verzogen. Ich mag das Physische dieses Vorgangs, es gibt der Zeichnung eine weitere Ebene von Sinn und verhindert die allzu gradlinige bildliche Lesart. Obwohl ich Zeichnungen mache, die als Kunstform recht traditionell erscheinen m\u00f6gen, m\u00f6chte ich doch die Formen der Pr\u00e4sentation und Interpretation herausfordern. Ich versuche das, indem ich spezielle Rahmen zur H\u00e4ngung und Pr\u00e4sentation der Zeichnungsgruppen baue und Zeichnungen in Animationen \u00fcbersetze.<\/p>\n<p><u>Lines Fiction: Dein Ausstellungskatalog <em>The Curtain<\/em> kann wie ein Daumenkino betrachtet werden, aber die Animation &#8222;The Curtain&#8220; hat eine etwas andere Abfolge der Zeichnungen, die eine nicht gradlinige Erz\u00e4hlung mit einer gewissen tr\u00e4umerischen Zielfl\u00fcchtigkeit der Perspektive erzeugt. Man wird in eine gedankenvolle Betrachtung entlassen und fragt sich, ob du ein Geheimnis bewahren willst?<\/u><\/p>\n<p>David Mackintosh: Die Methode des inneren Bewu\u00dftseinsstromes ist der Ansatz all meiner k\u00fcnstlerischer Arbeit. Nach eine Session, in der ich gezeichnet habe, suche ich immer einige Zeichnungen heraus, die interessante Szenen in der Animation ausmachen w\u00fcrden. Ich zeichne sie dann noch einmal auf kleinerem A4-papier und erstelle all die begleitenden Zeichnungen, so dass die Bewegung eigentlich aus der urspr\u00fcnglichen Zeichnung entsteht. Der Bewu\u00dftseinsstrom ist damit wohl vorbei. Ich plane die Zeitleiste, indem ich die kleinen Zeichnungen an der Studiowand arrangiere, bevor der Post-Produktions-Prozess beginnt. Ich verwende einen Scanner, um die Zeichnungen in den Computer zu bekommen und der Rest l\u00e4uft dann ganz \u00fcblich ab.<br \/>\nIch nehme an, mein Hauptziel ist es, dass die Animation aussieht wie die Zeichnung, wie bewegte Zeichnung, aber ich bin auch daran interessiert, damit noch einen ganz anderen Aspekt in die Galerie zu bringen, eine Animation ist etwas ganz anderes als eine Zeichnung auf Papier, sie hat Licht als einen Bestandteil und die M\u00f6glichkeit, andere Ma\u00dfst\u00e4be zu setzen.<br \/>\nIch stelle mir vor, dass Psychoanalytiker diese Zeichnungen als aufschlussreich lesen w\u00fcrden und wirklich nach Geheimnissen suchen, mehr um sie aufzudecken, als um sie zu bewahren. Mich interessiert die psychoanalytische Lesart von Kunst, und manche K\u00fcnstler, die ich am meisten bewundere, wurden immer wieder in Beziehung zum Psychoanalytischen gesetzt. Zum Beispiel Louise Bourgeois Arbeit in Mignon Nixons Buch \u2018Fantastic Reality\u2019 oder Robert Hughes Schriften \u00fcber Goyas Caprichos und andere Essays \u00fcber Magritte, Mason oder den Surrealismus im Allgemeinen.<br \/>\nEinige Zeichnungen von mir k\u00f6nnen unterschiedliche Bedeutung haben, und andere k\u00f6nnten enth\u00fcllen wer ich bin und was ich denke. Ich m\u00f6chte, dass die Animationen \u00e4hnlich funktionieren. Obwohl eine Animation ihrem Wesen nach linear ist, versuche ich absichtlich, die zu offensichtlichen Bez\u00fcge zwischen den Szenen zu verhindern, um keine zu steife Erz\u00e4hlung entstehen zu lassen. Ich organisiere die Sequenz so, dass alle Szenen sowohl einen formalen, als auch einen inhaltlichen Bezug zueinander haben, so dass jeder naheliegende Sinn doch mehrdeutig bleibt. Ich nehme an, ich m\u00f6chte dich glauben lassen, dass ich ein Geheimnis habe, und m\u00f6glicherweise macht dies das Werk ja noch spannender. <\/p>\n<p><a href=\"http:\/\/www.davidmackintosh.com\/\" target=\"_blank\">www.davidmackintosh.com<\/a><\/p>\n","protected":false},"excerpt":{"rendered":"<p>Lines Fiction: F\u00fcr dich als Zeichner ist Gouache auf Papier das Medium deiner Wahl. Einige deiner Zeichnungen sind schnelle Beobachtungen, andere erscheinen als visuelle Aphorismen, poetische Reflexionen, und in Ausstellungen ordnest du die Zeichnungen in Gruppen und speziellen Pr\u00e4sentationsobjekten. Du &hellip;<\/p>\n<p class=\"read-more\"> <a class=\"more-link\" href=\"https:\/\/linesfiction.de\/lfd\/lines-fiction-online\/m-z\/david-mackintosh\/\"> <span class=\"screen-reader-text\">David Mackintosh<\/span> Weiterlesen &raquo;<\/a><\/p>\n","protected":false},"author":7,"featured_media":0,"parent":503,"menu_order":0,"comment_status":"closed","ping_status":"open","template":"content-sidebar-page.php","meta":{"footnotes":""},"class_list":["post-1178","page","type-page","status-publish","hentry"],"yoast_head":"<!-- This site is optimized with the Yoast SEO plugin v27.3 - https:\/\/yoast.com\/product\/yoast-seo-wordpress\/ -->\n<title>David Mackintosh - Lines Fiction \u2605 Zeichnung &amp; Animation \u2605<\/title>\n<meta name=\"robots\" content=\"index, follow, max-snippet:-1, max-image-preview:large, max-video-preview:-1\" \/>\n<link rel=\"canonical\" href=\"https:\/\/linesfiction.de\/lfd\/lines-fiction-online\/m-z\/david-mackintosh\/\" \/>\n<meta property=\"og:locale\" content=\"de_DE\" \/>\n<meta property=\"og:type\" content=\"article\" \/>\n<meta property=\"og:title\" content=\"David Mackintosh - Lines Fiction \u2605 Zeichnung &amp; Animation \u2605\" \/>\n<meta property=\"og:description\" content=\"Lines Fiction: F\u00fcr dich als Zeichner ist Gouache auf Papier das Medium deiner Wahl. Einige deiner Zeichnungen sind schnelle Beobachtungen, andere erscheinen als visuelle Aphorismen, poetische Reflexionen, und in Ausstellungen ordnest du die Zeichnungen in Gruppen und speziellen Pr\u00e4sentationsobjekten. Du &hellip; David Mackintosh Weiterlesen &raquo;\" \/>\n<meta property=\"og:url\" content=\"https:\/\/linesfiction.de\/lfd\/lines-fiction-online\/m-z\/david-mackintosh\/\" \/>\n<meta property=\"og:site_name\" content=\"Lines Fiction \u2605 Zeichnung &amp; Animation \u2605\" \/>\n<meta property=\"article:publisher\" content=\"https:\/\/www.facebook.com\/linesfiction\/\" \/>\n<meta property=\"article:modified_time\" content=\"2015-03-03T11:14:10+00:00\" \/>\n<meta name=\"twitter:card\" content=\"summary_large_image\" \/>\n<meta name=\"twitter:site\" content=\"@linesfiction\" \/>\n<meta name=\"twitter:label1\" content=\"Gesch\u00e4tzte Lesezeit\" \/>\n\t<meta name=\"twitter:data1\" content=\"6\u00a0Minuten\" \/>\n<script type=\"application\/ld+json\" class=\"yoast-schema-graph\">{\"@context\":\"https:\\\/\\\/schema.org\",\"@graph\":[{\"@type\":\"WebPage\",\"@id\":\"https:\\\/\\\/linesfiction.de\\\/lfd\\\/lines-fiction-online\\\/m-z\\\/david-mackintosh\\\/\",\"url\":\"https:\\\/\\\/linesfiction.de\\\/lfd\\\/lines-fiction-online\\\/m-z\\\/david-mackintosh\\\/\",\"name\":\"David Mackintosh - Lines Fiction \u2605 Zeichnung &amp; Animation \u2605\",\"isPartOf\":{\"@id\":\"https:\\\/\\\/linesfiction.de\\\/lfd\\\/#website\"},\"datePublished\":\"2015-02-28T12:49:55+00:00\",\"dateModified\":\"2015-03-03T11:14:10+00:00\",\"breadcrumb\":{\"@id\":\"https:\\\/\\\/linesfiction.de\\\/lfd\\\/lines-fiction-online\\\/m-z\\\/david-mackintosh\\\/#breadcrumb\"},\"inLanguage\":\"de\",\"potentialAction\":[{\"@type\":\"ReadAction\",\"target\":[\"https:\\\/\\\/linesfiction.de\\\/lfd\\\/lines-fiction-online\\\/m-z\\\/david-mackintosh\\\/\"]}]},{\"@type\":\"BreadcrumbList\",\"@id\":\"https:\\\/\\\/linesfiction.de\\\/lfd\\\/lines-fiction-online\\\/m-z\\\/david-mackintosh\\\/#breadcrumb\",\"itemListElement\":[{\"@type\":\"ListItem\",\"position\":1,\"name\":\"Startseite\",\"item\":\"https:\\\/\\\/linesfiction.de\\\/lfd\\\/\"},{\"@type\":\"ListItem\",\"position\":2,\"name\":\"Lines Fiction online\",\"item\":\"https:\\\/\\\/linesfiction.de\\\/lfd\\\/lines-fiction-online\\\/\"},{\"@type\":\"ListItem\",\"position\":3,\"name\":\"M &#8211; Z\",\"item\":\"https:\\\/\\\/linesfiction.de\\\/lfd\\\/lines-fiction-online\\\/m-z\\\/\"},{\"@type\":\"ListItem\",\"position\":4,\"name\":\"David Mackintosh\"}]},{\"@type\":\"WebSite\",\"@id\":\"https:\\\/\\\/linesfiction.de\\\/lfd\\\/#website\",\"url\":\"https:\\\/\\\/linesfiction.de\\\/lfd\\\/\",\"name\":\"Lines Fiction - Zeichnung & Animation - Drawing & Animation\",\"description\":\"\",\"publisher\":{\"@id\":\"https:\\\/\\\/linesfiction.de\\\/lfd\\\/#organization\"},\"potentialAction\":[{\"@type\":\"SearchAction\",\"target\":{\"@type\":\"EntryPoint\",\"urlTemplate\":\"https:\\\/\\\/linesfiction.de\\\/lfd\\\/?s={search_term_string}\"},\"query-input\":{\"@type\":\"PropertyValueSpecification\",\"valueRequired\":true,\"valueName\":\"search_term_string\"}}],\"inLanguage\":\"de\"},{\"@type\":\"Organization\",\"@id\":\"https:\\\/\\\/linesfiction.de\\\/lfd\\\/#organization\",\"name\":\"Lines Fiction\",\"url\":\"https:\\\/\\\/linesfiction.de\\\/lfd\\\/\",\"logo\":{\"@type\":\"ImageObject\",\"inLanguage\":\"de\",\"@id\":\"https:\\\/\\\/linesfiction.de\\\/lfd\\\/#\\\/schema\\\/logo\\\/image\\\/\",\"url\":\"https:\\\/\\\/linesfiction.de\\\/lfd\\\/wp-content\\\/uploads\\\/2022\\\/12\\\/linesfiction_logo_instagram.jpg\",\"contentUrl\":\"https:\\\/\\\/linesfiction.de\\\/lfd\\\/wp-content\\\/uploads\\\/2022\\\/12\\\/linesfiction_logo_instagram.jpg\",\"width\":1080,\"height\":1077,\"caption\":\"Lines Fiction\"},\"image\":{\"@id\":\"https:\\\/\\\/linesfiction.de\\\/lfd\\\/#\\\/schema\\\/logo\\\/image\\\/\"},\"sameAs\":[\"https:\\\/\\\/www.facebook.com\\\/linesfiction\\\/\",\"https:\\\/\\\/x.com\\\/linesfiction\",\"https:\\\/\\\/www.instagram.com\\\/linesfiction\\\/\"]}]}<\/script>\n<!-- \/ Yoast SEO plugin. -->","yoast_head_json":{"title":"David Mackintosh - Lines Fiction \u2605 Zeichnung &amp; Animation \u2605","robots":{"index":"index","follow":"follow","max-snippet":"max-snippet:-1","max-image-preview":"max-image-preview:large","max-video-preview":"max-video-preview:-1"},"canonical":"https:\/\/linesfiction.de\/lfd\/lines-fiction-online\/m-z\/david-mackintosh\/","og_locale":"de_DE","og_type":"article","og_title":"David Mackintosh - Lines Fiction \u2605 Zeichnung &amp; Animation \u2605","og_description":"Lines Fiction: F\u00fcr dich als Zeichner ist Gouache auf Papier das Medium deiner Wahl. Einige deiner Zeichnungen sind schnelle Beobachtungen, andere erscheinen als visuelle Aphorismen, poetische Reflexionen, und in Ausstellungen ordnest du die Zeichnungen in Gruppen und speziellen Pr\u00e4sentationsobjekten. Du &hellip; David Mackintosh Weiterlesen &raquo;","og_url":"https:\/\/linesfiction.de\/lfd\/lines-fiction-online\/m-z\/david-mackintosh\/","og_site_name":"Lines Fiction \u2605 Zeichnung &amp; Animation \u2605","article_publisher":"https:\/\/www.facebook.com\/linesfiction\/","article_modified_time":"2015-03-03T11:14:10+00:00","twitter_card":"summary_large_image","twitter_site":"@linesfiction","twitter_misc":{"Gesch\u00e4tzte Lesezeit":"6\u00a0Minuten"},"schema":{"@context":"https:\/\/schema.org","@graph":[{"@type":"WebPage","@id":"https:\/\/linesfiction.de\/lfd\/lines-fiction-online\/m-z\/david-mackintosh\/","url":"https:\/\/linesfiction.de\/lfd\/lines-fiction-online\/m-z\/david-mackintosh\/","name":"David Mackintosh - Lines Fiction \u2605 Zeichnung &amp; Animation \u2605","isPartOf":{"@id":"https:\/\/linesfiction.de\/lfd\/#website"},"datePublished":"2015-02-28T12:49:55+00:00","dateModified":"2015-03-03T11:14:10+00:00","breadcrumb":{"@id":"https:\/\/linesfiction.de\/lfd\/lines-fiction-online\/m-z\/david-mackintosh\/#breadcrumb"},"inLanguage":"de","potentialAction":[{"@type":"ReadAction","target":["https:\/\/linesfiction.de\/lfd\/lines-fiction-online\/m-z\/david-mackintosh\/"]}]},{"@type":"BreadcrumbList","@id":"https:\/\/linesfiction.de\/lfd\/lines-fiction-online\/m-z\/david-mackintosh\/#breadcrumb","itemListElement":[{"@type":"ListItem","position":1,"name":"Startseite","item":"https:\/\/linesfiction.de\/lfd\/"},{"@type":"ListItem","position":2,"name":"Lines Fiction online","item":"https:\/\/linesfiction.de\/lfd\/lines-fiction-online\/"},{"@type":"ListItem","position":3,"name":"M &#8211; Z","item":"https:\/\/linesfiction.de\/lfd\/lines-fiction-online\/m-z\/"},{"@type":"ListItem","position":4,"name":"David Mackintosh"}]},{"@type":"WebSite","@id":"https:\/\/linesfiction.de\/lfd\/#website","url":"https:\/\/linesfiction.de\/lfd\/","name":"Lines Fiction - Zeichnung & Animation - Drawing & Animation","description":"","publisher":{"@id":"https:\/\/linesfiction.de\/lfd\/#organization"},"potentialAction":[{"@type":"SearchAction","target":{"@type":"EntryPoint","urlTemplate":"https:\/\/linesfiction.de\/lfd\/?s={search_term_string}"},"query-input":{"@type":"PropertyValueSpecification","valueRequired":true,"valueName":"search_term_string"}}],"inLanguage":"de"},{"@type":"Organization","@id":"https:\/\/linesfiction.de\/lfd\/#organization","name":"Lines Fiction","url":"https:\/\/linesfiction.de\/lfd\/","logo":{"@type":"ImageObject","inLanguage":"de","@id":"https:\/\/linesfiction.de\/lfd\/#\/schema\/logo\/image\/","url":"https:\/\/linesfiction.de\/lfd\/wp-content\/uploads\/2022\/12\/linesfiction_logo_instagram.jpg","contentUrl":"https:\/\/linesfiction.de\/lfd\/wp-content\/uploads\/2022\/12\/linesfiction_logo_instagram.jpg","width":1080,"height":1077,"caption":"Lines Fiction"},"image":{"@id":"https:\/\/linesfiction.de\/lfd\/#\/schema\/logo\/image\/"},"sameAs":["https:\/\/www.facebook.com\/linesfiction\/","https:\/\/x.com\/linesfiction","https:\/\/www.instagram.com\/linesfiction\/"]}]}},"_links":{"self":[{"href":"https:\/\/linesfiction.de\/lfd\/wp-json\/wp\/v2\/pages\/1178","targetHints":{"allow":["GET"]}}],"collection":[{"href":"https:\/\/linesfiction.de\/lfd\/wp-json\/wp\/v2\/pages"}],"about":[{"href":"https:\/\/linesfiction.de\/lfd\/wp-json\/wp\/v2\/types\/page"}],"author":[{"embeddable":true,"href":"https:\/\/linesfiction.de\/lfd\/wp-json\/wp\/v2\/users\/7"}],"replies":[{"embeddable":true,"href":"https:\/\/linesfiction.de\/lfd\/wp-json\/wp\/v2\/comments?post=1178"}],"version-history":[{"count":33,"href":"https:\/\/linesfiction.de\/lfd\/wp-json\/wp\/v2\/pages\/1178\/revisions"}],"predecessor-version":[{"id":1216,"href":"https:\/\/linesfiction.de\/lfd\/wp-json\/wp\/v2\/pages\/1178\/revisions\/1216"}],"up":[{"embeddable":true,"href":"https:\/\/linesfiction.de\/lfd\/wp-json\/wp\/v2\/pages\/503"}],"wp:attachment":[{"href":"https:\/\/linesfiction.de\/lfd\/wp-json\/wp\/v2\/media?parent=1178"}],"curies":[{"name":"wp","href":"https:\/\/api.w.org\/{rel}","templated":true}]}}