{"id":1237,"date":"2015-03-15T16:14:10","date_gmt":"2015-03-15T15:14:10","guid":{"rendered":"http:\/\/linesfiction.de\/lfd\/?page_id=1237"},"modified":"2025-03-31T21:48:31","modified_gmt":"2025-03-31T20:48:31","slug":"linienscharen","status":"publish","type":"page","link":"https:\/\/linesfiction.de\/lfd\/lines-fiction-offline\/linienscharen\/","title":{"rendered":"<em>2013: Linienscharen<\/em>"},"content":{"rendered":"\n<p>Im hei\u00dfen Sommer 2013 fand im W\u00fcrttembergischen Kunstverein eine <strong>Konferenz zur Zeitgen\u00f6ssischen Zeichnung: <a title=\"Linienscharen\" href=\"http:\/\/www.wkv-stuttgart.de\/programm\/2013\/veranstaltungen\/linienscharen-konferenz\/\" target=\"_blank\" rel=\"noopener\">Linienscharen<\/a><\/strong> statt, bei der Lines Fiction mit einem Vortrag und einem Screening eingeladen war.<\/p>\n\n\n\n<p><\/p>\n","protected":false},"excerpt":{"rendered":"<p>Im hei\u00dfen Sommer 2013 fand im W\u00fcrttembergischen Kunstverein eine Konferenz zur Zeitgen\u00f6ssischen Zeichnung: Linienscharen statt, bei der Lines Fiction mit einem Vortrag und einem Screening eingeladen war.<\/p>\n","protected":false},"author":7,"featured_media":0,"parent":150,"menu_order":0,"comment_status":"closed","ping_status":"open","template":"","meta":{"footnotes":""},"class_list":["post-1237","page","type-page","status-publish","hentry"],"yoast_head":"<!-- This site is optimized with the Yoast SEO plugin v27.3 - https:\/\/yoast.com\/product\/yoast-seo-wordpress\/ -->\n<title>2013: Linienscharen - Lines Fiction \u2605 Zeichnung &amp; Animation \u2605<\/title>\n<meta name=\"description\" content=\"Im Sommer 2013 eine Konferenz Linienscharen im W\u00fcrttembergischen Kunstverein. Eingeladen wurde Lines Fiction mit Vortrag und Screening.\" \/>\n<meta name=\"robots\" content=\"index, follow, max-snippet:-1, max-image-preview:large, max-video-preview:-1\" \/>\n<link rel=\"canonical\" href=\"https:\/\/linesfiction.de\/lfd\/lines-fiction-offline\/linienscharen\/\" \/>\n<meta property=\"og:locale\" content=\"de_DE\" \/>\n<meta property=\"og:type\" content=\"article\" \/>\n<meta property=\"og:title\" content=\"2013: Linienscharen - Lines Fiction \u2605 Zeichnung &amp; Animation \u2605\" \/>\n<meta property=\"og:description\" content=\"Im Sommer 2013 eine Konferenz Linienscharen im W\u00fcrttembergischen Kunstverein. Eingeladen wurde Lines Fiction mit Vortrag und Screening.\" \/>\n<meta property=\"og:url\" content=\"https:\/\/linesfiction.de\/lfd\/lines-fiction-offline\/linienscharen\/\" \/>\n<meta property=\"og:site_name\" content=\"Lines Fiction \u2605 Zeichnung &amp; Animation \u2605\" \/>\n<meta property=\"article:publisher\" content=\"https:\/\/www.facebook.com\/linesfiction\/\" \/>\n<meta property=\"article:modified_time\" content=\"2025-03-31T20:48:31+00:00\" \/>\n<meta name=\"twitter:card\" content=\"summary_large_image\" \/>\n<meta name=\"twitter:site\" content=\"@linesfiction\" \/>\n<meta name=\"twitter:label1\" content=\"Gesch\u00e4tzte Lesezeit\" \/>\n\t<meta name=\"twitter:data1\" content=\"1\u00a0Minute\" \/>\n<script type=\"application\/ld+json\" class=\"yoast-schema-graph\">{\"@context\":\"https:\\\/\\\/schema.org\",\"@graph\":[{\"@type\":\"WebPage\",\"@id\":\"https:\\\/\\\/linesfiction.de\\\/lfd\\\/lines-fiction-offline\\\/linienscharen\\\/\",\"url\":\"https:\\\/\\\/linesfiction.de\\\/lfd\\\/lines-fiction-offline\\\/linienscharen\\\/\",\"name\":\"2013: Linienscharen - Lines Fiction \u2605 Zeichnung &amp; Animation \u2605\",\"isPartOf\":{\"@id\":\"https:\\\/\\\/linesfiction.de\\\/lfd\\\/#website\"},\"datePublished\":\"2015-03-15T15:14:10+00:00\",\"dateModified\":\"2025-03-31T20:48:31+00:00\",\"description\":\"Im Sommer 2013 eine Konferenz Linienscharen im W\u00fcrttembergischen Kunstverein. Eingeladen wurde Lines Fiction mit Vortrag und Screening.\",\"breadcrumb\":{\"@id\":\"https:\\\/\\\/linesfiction.de\\\/lfd\\\/lines-fiction-offline\\\/linienscharen\\\/#breadcrumb\"},\"inLanguage\":\"de\",\"potentialAction\":[{\"@type\":\"ReadAction\",\"target\":[\"https:\\\/\\\/linesfiction.de\\\/lfd\\\/lines-fiction-offline\\\/linienscharen\\\/\"]}]},{\"@type\":\"BreadcrumbList\",\"@id\":\"https:\\\/\\\/linesfiction.de\\\/lfd\\\/lines-fiction-offline\\\/linienscharen\\\/#breadcrumb\",\"itemListElement\":[{\"@type\":\"ListItem\",\"position\":1,\"name\":\"Startseite\",\"item\":\"https:\\\/\\\/linesfiction.de\\\/lfd\\\/\"},{\"@type\":\"ListItem\",\"position\":2,\"name\":\"Lines Fiction Offline\",\"item\":\"https:\\\/\\\/linesfiction.de\\\/lfd\\\/lines-fiction-offline\\\/\"},{\"@type\":\"ListItem\",\"position\":3,\"name\":\"2013: Linienscharen\"}]},{\"@type\":\"WebSite\",\"@id\":\"https:\\\/\\\/linesfiction.de\\\/lfd\\\/#website\",\"url\":\"https:\\\/\\\/linesfiction.de\\\/lfd\\\/\",\"name\":\"Lines Fiction - Zeichnung & Animation - Drawing & Animation\",\"description\":\"\",\"publisher\":{\"@id\":\"https:\\\/\\\/linesfiction.de\\\/lfd\\\/#organization\"},\"potentialAction\":[{\"@type\":\"SearchAction\",\"target\":{\"@type\":\"EntryPoint\",\"urlTemplate\":\"https:\\\/\\\/linesfiction.de\\\/lfd\\\/?s={search_term_string}\"},\"query-input\":{\"@type\":\"PropertyValueSpecification\",\"valueRequired\":true,\"valueName\":\"search_term_string\"}}],\"inLanguage\":\"de\"},{\"@type\":\"Organization\",\"@id\":\"https:\\\/\\\/linesfiction.de\\\/lfd\\\/#organization\",\"name\":\"Lines Fiction\",\"url\":\"https:\\\/\\\/linesfiction.de\\\/lfd\\\/\",\"logo\":{\"@type\":\"ImageObject\",\"inLanguage\":\"de\",\"@id\":\"https:\\\/\\\/linesfiction.de\\\/lfd\\\/#\\\/schema\\\/logo\\\/image\\\/\",\"url\":\"https:\\\/\\\/linesfiction.de\\\/lfd\\\/wp-content\\\/uploads\\\/2022\\\/12\\\/linesfiction_logo_instagram.jpg\",\"contentUrl\":\"https:\\\/\\\/linesfiction.de\\\/lfd\\\/wp-content\\\/uploads\\\/2022\\\/12\\\/linesfiction_logo_instagram.jpg\",\"width\":1080,\"height\":1077,\"caption\":\"Lines Fiction\"},\"image\":{\"@id\":\"https:\\\/\\\/linesfiction.de\\\/lfd\\\/#\\\/schema\\\/logo\\\/image\\\/\"},\"sameAs\":[\"https:\\\/\\\/www.facebook.com\\\/linesfiction\\\/\",\"https:\\\/\\\/x.com\\\/linesfiction\",\"https:\\\/\\\/www.instagram.com\\\/linesfiction\\\/\"]}]}<\/script>\n<!-- \/ Yoast SEO plugin. -->","yoast_head_json":{"title":"2013: Linienscharen - Lines Fiction \u2605 Zeichnung &amp; Animation \u2605","description":"Im Sommer 2013 eine Konferenz Linienscharen im W\u00fcrttembergischen Kunstverein. Eingeladen wurde Lines Fiction mit Vortrag und Screening.","robots":{"index":"index","follow":"follow","max-snippet":"max-snippet:-1","max-image-preview":"max-image-preview:large","max-video-preview":"max-video-preview:-1"},"canonical":"https:\/\/linesfiction.de\/lfd\/lines-fiction-offline\/linienscharen\/","og_locale":"de_DE","og_type":"article","og_title":"2013: Linienscharen - Lines Fiction \u2605 Zeichnung &amp; Animation \u2605","og_description":"Im Sommer 2013 eine Konferenz Linienscharen im W\u00fcrttembergischen Kunstverein. Eingeladen wurde Lines Fiction mit Vortrag und Screening.","og_url":"https:\/\/linesfiction.de\/lfd\/lines-fiction-offline\/linienscharen\/","og_site_name":"Lines Fiction \u2605 Zeichnung &amp; Animation \u2605","article_publisher":"https:\/\/www.facebook.com\/linesfiction\/","article_modified_time":"2025-03-31T20:48:31+00:00","twitter_card":"summary_large_image","twitter_site":"@linesfiction","twitter_misc":{"Gesch\u00e4tzte Lesezeit":"1\u00a0Minute"},"schema":{"@context":"https:\/\/schema.org","@graph":[{"@type":"WebPage","@id":"https:\/\/linesfiction.de\/lfd\/lines-fiction-offline\/linienscharen\/","url":"https:\/\/linesfiction.de\/lfd\/lines-fiction-offline\/linienscharen\/","name":"2013: Linienscharen - Lines Fiction \u2605 Zeichnung &amp; Animation \u2605","isPartOf":{"@id":"https:\/\/linesfiction.de\/lfd\/#website"},"datePublished":"2015-03-15T15:14:10+00:00","dateModified":"2025-03-31T20:48:31+00:00","description":"Im Sommer 2013 eine Konferenz Linienscharen im W\u00fcrttembergischen Kunstverein. Eingeladen wurde Lines Fiction mit Vortrag und Screening.","breadcrumb":{"@id":"https:\/\/linesfiction.de\/lfd\/lines-fiction-offline\/linienscharen\/#breadcrumb"},"inLanguage":"de","potentialAction":[{"@type":"ReadAction","target":["https:\/\/linesfiction.de\/lfd\/lines-fiction-offline\/linienscharen\/"]}]},{"@type":"BreadcrumbList","@id":"https:\/\/linesfiction.de\/lfd\/lines-fiction-offline\/linienscharen\/#breadcrumb","itemListElement":[{"@type":"ListItem","position":1,"name":"Startseite","item":"https:\/\/linesfiction.de\/lfd\/"},{"@type":"ListItem","position":2,"name":"Lines Fiction Offline","item":"https:\/\/linesfiction.de\/lfd\/lines-fiction-offline\/"},{"@type":"ListItem","position":3,"name":"2013: Linienscharen"}]},{"@type":"WebSite","@id":"https:\/\/linesfiction.de\/lfd\/#website","url":"https:\/\/linesfiction.de\/lfd\/","name":"Lines Fiction - Zeichnung & Animation - Drawing & Animation","description":"","publisher":{"@id":"https:\/\/linesfiction.de\/lfd\/#organization"},"potentialAction":[{"@type":"SearchAction","target":{"@type":"EntryPoint","urlTemplate":"https:\/\/linesfiction.de\/lfd\/?s={search_term_string}"},"query-input":{"@type":"PropertyValueSpecification","valueRequired":true,"valueName":"search_term_string"}}],"inLanguage":"de"},{"@type":"Organization","@id":"https:\/\/linesfiction.de\/lfd\/#organization","name":"Lines Fiction","url":"https:\/\/linesfiction.de\/lfd\/","logo":{"@type":"ImageObject","inLanguage":"de","@id":"https:\/\/linesfiction.de\/lfd\/#\/schema\/logo\/image\/","url":"https:\/\/linesfiction.de\/lfd\/wp-content\/uploads\/2022\/12\/linesfiction_logo_instagram.jpg","contentUrl":"https:\/\/linesfiction.de\/lfd\/wp-content\/uploads\/2022\/12\/linesfiction_logo_instagram.jpg","width":1080,"height":1077,"caption":"Lines Fiction"},"image":{"@id":"https:\/\/linesfiction.de\/lfd\/#\/schema\/logo\/image\/"},"sameAs":["https:\/\/www.facebook.com\/linesfiction\/","https:\/\/x.com\/linesfiction","https:\/\/www.instagram.com\/linesfiction\/"]}]}},"_links":{"self":[{"href":"https:\/\/linesfiction.de\/lfd\/wp-json\/wp\/v2\/pages\/1237","targetHints":{"allow":["GET"]}}],"collection":[{"href":"https:\/\/linesfiction.de\/lfd\/wp-json\/wp\/v2\/pages"}],"about":[{"href":"https:\/\/linesfiction.de\/lfd\/wp-json\/wp\/v2\/types\/page"}],"author":[{"embeddable":true,"href":"https:\/\/linesfiction.de\/lfd\/wp-json\/wp\/v2\/users\/7"}],"replies":[{"embeddable":true,"href":"https:\/\/linesfiction.de\/lfd\/wp-json\/wp\/v2\/comments?post=1237"}],"version-history":[{"count":5,"href":"https:\/\/linesfiction.de\/lfd\/wp-json\/wp\/v2\/pages\/1237\/revisions"}],"predecessor-version":[{"id":3785,"href":"https:\/\/linesfiction.de\/lfd\/wp-json\/wp\/v2\/pages\/1237\/revisions\/3785"}],"up":[{"embeddable":true,"href":"https:\/\/linesfiction.de\/lfd\/wp-json\/wp\/v2\/pages\/150"}],"wp:attachment":[{"href":"https:\/\/linesfiction.de\/lfd\/wp-json\/wp\/v2\/media?parent=1237"}],"curies":[{"name":"wp","href":"https:\/\/api.w.org\/{rel}","templated":true}]}}