{"id":1246,"date":"2015-04-03T00:37:24","date_gmt":"2015-04-02T23:37:24","guid":{"rendered":"http:\/\/linesfiction.de\/lfd\/?page_id=1246"},"modified":"2015-04-12T14:53:49","modified_gmt":"2015-04-12T13:53:49","slug":"simona-koch","status":"publish","type":"page","link":"https:\/\/linesfiction.de\/lfd\/lines-fiction-online\/a-l\/simona-koch\/","title":{"rendered":"Simona Koch"},"content":{"rendered":"<p><u>Linesfiction: Deine Kunst bewegt sich thematisch und forschend auf den verschiedensten Gebieten, von Genealogie bis zu Lebenswissenschaften. Zuerst habe ich dich \u00fcber dein Buch &#8222;<a href=\"http:\/\/bit.ly\/1MTuIFT\" target=\"_blank\">Organisms<\/a>&#8220; kennengelernt, da l\u00e4sst du Naturwissenschaftler\/innen aus unterschiedlichen Bereichen zusammen mit Philosophen zu Wort kommen und stellst parallel deine k\u00fcnstlerische Herangehensweise vor. Wie siehst du die M\u00f6glichkeiten der Kunst mit Wissenschaft zusammenzuwirken?<\/u><\/p>\n<p>Simona Koch:  Ich habe die Erfahrung gemacht, dass Wissenschaftler durchaus interessiert sind am Austausch mit K\u00fcnstlern. Es sind zwei Welten, die sich gegenseitig befruchten k\u00f6nnen. Als Wissenschaftler ist man in seiner Arbeit sehr eingeschr\u00e4nkt und muss Behauptungen die man trifft auch belegen. Daf\u00fcr erlangt man ein sehr tiefgreifendes Wissen auf seinem Gebiet. Der K\u00fcnstler hat die M\u00f6glichkeit zu forschen und gleichsam spekulativ und spielerisch Behauptung aufzustellen, die Sichtweisen auf ganz neue Aspekte er\u00f6ffnen. Wenn beide Bereiche zusammenarbeiten ergeben sich wunderbare Synergien.<\/p>\n<p><u>Linesfiction: <em>Kunst als Forschung<\/em> hat der K\u00fcnstler Florian Dombois in seinem Manifest von 2006 gepr\u00e4gt und entwickelt das Thema weiter, das Projekt WissensArten von Sybille Anderl l\u00e4sst K\u00fcnstlerinnen und Wissenschaftlerinnen zu einem gemeinsamen Thema zu Wort kommen, und die Schering Stiftung in Berlin zeigt k\u00fcnstlerische Ausstellungen an der Schnittstelle zu den Naturwissenschaften. Findest du mit deinen Themen heute mehr Anklang als noch vor geraumer Zeit?<\/u><\/p>\n<p>Simona Koch:  Es ist noch heute so, dass einige Besucher in Ausstellungen meine Arbeiten eher als wissenschaftlich, denn als k\u00fcnstlerisch verstehen. Aber in der gro\u00dfen Welt der Kunst ist der Artistic Research ja mittlerweile eine bekannte Kategorie, wenn auch in anderen L\u00e4ndern mehr gef\u00f6rdert als in Deutschland. M\u00f6glicherweise hat dies auch mit der zunehmenden Akademisierung der K\u00fcnste zu tun.<br \/>\nJa, ich denke, dass diese Art des Arbeitens auf zunehmend breiter werdendes Interesse st\u00f6\u00dft.  <\/p>\n<p><u>Linesfiction: Deine Arbeiten der Reihe ORGANISMUS umfassen Ph\u00e4nomene des Lebendigen als k\u00fcnstlerische \u00dcbersetzung in Zeichnung und Animation. Sehr faszinierend fand ich Organism 4 \/ Fungi, kaum jemand wei\u00df, dass das vielleicht gr\u00f6\u00dfte und vielleicht \u00e4lteste Lebewesen der Welt ein Pilz in den USA ist&#8230;<\/u><\/p>\n<p>Simona Koch:  Ja, ein sehr faszinierendes Wesen! Allerdings ist es mit hoher Wahrscheinlichkeit nicht das gr\u00f6\u00dfte Lebewesen der Erde \u2013 nur das gr\u00f6\u00dfte, das bisher gefunden wurde. Es d\u00fcrfte noch sehr viele solcher Riesenorganismen geben, die wir aber nicht finden, weil wir nicht danach suchen. Der Humongous Fungus in Oregon wurde zuf\u00e4llig entdeckt, als man bei abgestorbenen B\u00e4umen die DNA des Parasiten testete und dabei herausfand, dass sie auf der ganzen Fl\u00e4che von etwa 8 km&sup2; die gleiche ist.<br \/>\nAuch Organismen wie Bambus und Heidelbeeren sind an der Erdoberfl\u00e4che als einzelne Pflanzen sichtbar, entstammen aber dem riesigen Gewirr von unterirdischer Biomasse eines einzigen Organismus. Dieser Aspekt hat mich sehr interessiert: Ein Wesen, das ein einzelnes Individuum zu sein scheint, in Wirklichkeit Teil eines gr\u00f6\u00dferen Ganzen ist.<\/p>\n<p>Das \u00e4ltestes Lebewesen ist es jedoch nicht. Soweit ich wei\u00df ist das aktuell \u00e4lteste gefundene Tier ein Schwamm von etwa 10 000 Jahren. Das \u00e4lteste Lebewesen d\u00fcrfte aber ein Bakterium sein, das zuf\u00e4llig bei Bohrungen in Mexiko gefunden wurde \u2026 es ist faszinierende 250 Millionen Jahre alt!<br \/>\nAu\u00dferdem gibt es noch ein Lebewesen, das als unsterblich angesehen wird. Es handelt sich um eine kleine Quallenart (Turritopsis dohrnii). Laut Craig Schmidt, einem Pflanzenpathologen, der Armillaria in Oregon erforscht hat, k\u00f6nnte auch der Humongous Fungus unsterblich sein, da seine Zellen sich st\u00e4ndig selbst erneuern. Sein gesch\u00e4tztes Alter liegt bei 2500 Jahren. Auch das Thema der Unsterblichkeit finde ich k\u00fcnstlerisch extrem spannend! In meinen Arbeiten \u00fcber Stammb\u00e4ume und Fortpflanzung habe ich eine Animation erstellt (ERBE \u2013 Paarung \/ Teilung), bei der die Menschen selbst Teil eines Gew\u00e4chses sind und aus jedem Individuum der Ahnenreihe, die Nachfahren heraus sprie\u00dfen und zu einem neuen Teil des Gew\u00e4chses werden.<\/p>\n<p><u>Linesfiction: Da du nicht lediglich wissenschaftliche Ergebnisse in deinen Installationen, Zeichnungen und Animationen dokumentierst: Kannst du dein k\u00fcnstlerisches Konzept zu Wissenschaft und Forschung beschreiben \u2013 welche besonderen Sichtweisen ergeben sich?<\/u><\/p>\n<p>Simona Koch: Ich glaube fast, mein Konzept ist, dass es kein Konzept gibt. Wenn ich auf einen Aspekt sto\u00dfe, der mich interessiert bleibt er oft sehr lange in mir in Bewegung \u2013 ich denke dar\u00fcber nach, recherchiere, mache Zeichnung und Skizzen, spreche mit anderen Menschen dar\u00fcber. Und irgendwann kann daraus eine konkrete Arbeit entstehen. Verschiedene Themengebiete treffen aufeinander und vermischen sich, und doch geht es in den meisten meiner Arbeiten um Wachstum, um das Lebendige und darum, welches unsichtbare Gewebe die Welt zusammenh\u00e4lt.<\/p>\n<p>Website <a href=\"http:\/\/en-bloc.de\/\" target=\"_blank\">en-bloc.de<\/a> und <a href=\"http:\/\/en-bloc.de\/?lang=de&#038;page=15\" target=\"_blank\">Organismus 4<\/a><br \/>\nWebsite Projekt <a href=\"http:\/\/organism4.en-bloc.de\/\" target=\"_blank\">Organism 4 \/ Fungi<\/a><\/p>\n","protected":false},"excerpt":{"rendered":"<p>Linesfiction: Deine Kunst bewegt sich thematisch und forschend auf den verschiedensten Gebieten, von Genealogie bis zu Lebenswissenschaften. Zuerst habe ich dich \u00fcber dein Buch &#8222;Organisms&#8220; kennengelernt, da l\u00e4sst du Naturwissenschaftler\/innen aus unterschiedlichen Bereichen zusammen mit Philosophen zu Wort kommen und &hellip;<\/p>\n<p class=\"read-more\"> <a class=\"more-link\" href=\"https:\/\/linesfiction.de\/lfd\/lines-fiction-online\/a-l\/simona-koch\/\"> <span class=\"screen-reader-text\">Simona Koch<\/span> Weiterlesen &raquo;<\/a><\/p>\n","protected":false},"author":7,"featured_media":0,"parent":501,"menu_order":0,"comment_status":"closed","ping_status":"open","template":"content-sidebar-page.php","meta":{"footnotes":""},"class_list":["post-1246","page","type-page","status-publish","hentry"],"yoast_head":"<!-- This site is optimized with the Yoast SEO plugin v27.3 - https:\/\/yoast.com\/product\/yoast-seo-wordpress\/ -->\n<title>Simona Koch - Lines Fiction \u2605 Zeichnung &amp; Animation \u2605<\/title>\n<meta name=\"robots\" content=\"index, follow, max-snippet:-1, max-image-preview:large, max-video-preview:-1\" \/>\n<link rel=\"canonical\" href=\"https:\/\/linesfiction.de\/lfd\/lines-fiction-online\/a-l\/simona-koch\/\" \/>\n<meta property=\"og:locale\" content=\"de_DE\" \/>\n<meta property=\"og:type\" content=\"article\" \/>\n<meta property=\"og:title\" content=\"Simona Koch - Lines Fiction \u2605 Zeichnung &amp; Animation \u2605\" \/>\n<meta property=\"og:description\" content=\"Linesfiction: Deine Kunst bewegt sich thematisch und forschend auf den verschiedensten Gebieten, von Genealogie bis zu Lebenswissenschaften. Zuerst habe ich dich \u00fcber dein Buch &#8222;Organisms&#8220; kennengelernt, da l\u00e4sst du Naturwissenschaftler\/innen aus unterschiedlichen Bereichen zusammen mit Philosophen zu Wort kommen und &hellip; Simona Koch Weiterlesen &raquo;\" \/>\n<meta property=\"og:url\" content=\"https:\/\/linesfiction.de\/lfd\/lines-fiction-online\/a-l\/simona-koch\/\" \/>\n<meta property=\"og:site_name\" content=\"Lines Fiction \u2605 Zeichnung &amp; Animation \u2605\" \/>\n<meta property=\"article:publisher\" content=\"https:\/\/www.facebook.com\/linesfiction\/\" \/>\n<meta property=\"article:modified_time\" content=\"2015-04-12T13:53:49+00:00\" \/>\n<meta name=\"twitter:card\" content=\"summary_large_image\" \/>\n<meta name=\"twitter:site\" content=\"@linesfiction\" \/>\n<meta name=\"twitter:label1\" content=\"Gesch\u00e4tzte Lesezeit\" \/>\n\t<meta name=\"twitter:data1\" content=\"4\u00a0Minuten\" \/>\n<script type=\"application\/ld+json\" class=\"yoast-schema-graph\">{\"@context\":\"https:\\\/\\\/schema.org\",\"@graph\":[{\"@type\":\"WebPage\",\"@id\":\"https:\\\/\\\/linesfiction.de\\\/lfd\\\/lines-fiction-online\\\/a-l\\\/simona-koch\\\/\",\"url\":\"https:\\\/\\\/linesfiction.de\\\/lfd\\\/lines-fiction-online\\\/a-l\\\/simona-koch\\\/\",\"name\":\"Simona Koch - Lines Fiction \u2605 Zeichnung &amp; Animation \u2605\",\"isPartOf\":{\"@id\":\"https:\\\/\\\/linesfiction.de\\\/lfd\\\/#website\"},\"datePublished\":\"2015-04-02T23:37:24+00:00\",\"dateModified\":\"2015-04-12T13:53:49+00:00\",\"breadcrumb\":{\"@id\":\"https:\\\/\\\/linesfiction.de\\\/lfd\\\/lines-fiction-online\\\/a-l\\\/simona-koch\\\/#breadcrumb\"},\"inLanguage\":\"de\",\"potentialAction\":[{\"@type\":\"ReadAction\",\"target\":[\"https:\\\/\\\/linesfiction.de\\\/lfd\\\/lines-fiction-online\\\/a-l\\\/simona-koch\\\/\"]}]},{\"@type\":\"BreadcrumbList\",\"@id\":\"https:\\\/\\\/linesfiction.de\\\/lfd\\\/lines-fiction-online\\\/a-l\\\/simona-koch\\\/#breadcrumb\",\"itemListElement\":[{\"@type\":\"ListItem\",\"position\":1,\"name\":\"Startseite\",\"item\":\"https:\\\/\\\/linesfiction.de\\\/lfd\\\/\"},{\"@type\":\"ListItem\",\"position\":2,\"name\":\"Lines Fiction online\",\"item\":\"https:\\\/\\\/linesfiction.de\\\/lfd\\\/lines-fiction-online\\\/\"},{\"@type\":\"ListItem\",\"position\":3,\"name\":\"A &#8211; L\",\"item\":\"https:\\\/\\\/linesfiction.de\\\/lfd\\\/lines-fiction-online\\\/a-l\\\/\"},{\"@type\":\"ListItem\",\"position\":4,\"name\":\"Simona Koch\"}]},{\"@type\":\"WebSite\",\"@id\":\"https:\\\/\\\/linesfiction.de\\\/lfd\\\/#website\",\"url\":\"https:\\\/\\\/linesfiction.de\\\/lfd\\\/\",\"name\":\"Lines Fiction - Zeichnung & Animation - Drawing & Animation\",\"description\":\"\",\"publisher\":{\"@id\":\"https:\\\/\\\/linesfiction.de\\\/lfd\\\/#organization\"},\"potentialAction\":[{\"@type\":\"SearchAction\",\"target\":{\"@type\":\"EntryPoint\",\"urlTemplate\":\"https:\\\/\\\/linesfiction.de\\\/lfd\\\/?s={search_term_string}\"},\"query-input\":{\"@type\":\"PropertyValueSpecification\",\"valueRequired\":true,\"valueName\":\"search_term_string\"}}],\"inLanguage\":\"de\"},{\"@type\":\"Organization\",\"@id\":\"https:\\\/\\\/linesfiction.de\\\/lfd\\\/#organization\",\"name\":\"Lines Fiction\",\"url\":\"https:\\\/\\\/linesfiction.de\\\/lfd\\\/\",\"logo\":{\"@type\":\"ImageObject\",\"inLanguage\":\"de\",\"@id\":\"https:\\\/\\\/linesfiction.de\\\/lfd\\\/#\\\/schema\\\/logo\\\/image\\\/\",\"url\":\"https:\\\/\\\/linesfiction.de\\\/lfd\\\/wp-content\\\/uploads\\\/2022\\\/12\\\/linesfiction_logo_instagram.jpg\",\"contentUrl\":\"https:\\\/\\\/linesfiction.de\\\/lfd\\\/wp-content\\\/uploads\\\/2022\\\/12\\\/linesfiction_logo_instagram.jpg\",\"width\":1080,\"height\":1077,\"caption\":\"Lines Fiction\"},\"image\":{\"@id\":\"https:\\\/\\\/linesfiction.de\\\/lfd\\\/#\\\/schema\\\/logo\\\/image\\\/\"},\"sameAs\":[\"https:\\\/\\\/www.facebook.com\\\/linesfiction\\\/\",\"https:\\\/\\\/x.com\\\/linesfiction\",\"https:\\\/\\\/www.instagram.com\\\/linesfiction\\\/\"]}]}<\/script>\n<!-- \/ Yoast SEO plugin. -->","yoast_head_json":{"title":"Simona Koch - Lines Fiction \u2605 Zeichnung &amp; Animation \u2605","robots":{"index":"index","follow":"follow","max-snippet":"max-snippet:-1","max-image-preview":"max-image-preview:large","max-video-preview":"max-video-preview:-1"},"canonical":"https:\/\/linesfiction.de\/lfd\/lines-fiction-online\/a-l\/simona-koch\/","og_locale":"de_DE","og_type":"article","og_title":"Simona Koch - Lines Fiction \u2605 Zeichnung &amp; Animation \u2605","og_description":"Linesfiction: Deine Kunst bewegt sich thematisch und forschend auf den verschiedensten Gebieten, von Genealogie bis zu Lebenswissenschaften. Zuerst habe ich dich \u00fcber dein Buch &#8222;Organisms&#8220; kennengelernt, da l\u00e4sst du Naturwissenschaftler\/innen aus unterschiedlichen Bereichen zusammen mit Philosophen zu Wort kommen und &hellip; Simona Koch Weiterlesen &raquo;","og_url":"https:\/\/linesfiction.de\/lfd\/lines-fiction-online\/a-l\/simona-koch\/","og_site_name":"Lines Fiction \u2605 Zeichnung &amp; Animation \u2605","article_publisher":"https:\/\/www.facebook.com\/linesfiction\/","article_modified_time":"2015-04-12T13:53:49+00:00","twitter_card":"summary_large_image","twitter_site":"@linesfiction","twitter_misc":{"Gesch\u00e4tzte Lesezeit":"4\u00a0Minuten"},"schema":{"@context":"https:\/\/schema.org","@graph":[{"@type":"WebPage","@id":"https:\/\/linesfiction.de\/lfd\/lines-fiction-online\/a-l\/simona-koch\/","url":"https:\/\/linesfiction.de\/lfd\/lines-fiction-online\/a-l\/simona-koch\/","name":"Simona Koch - Lines Fiction \u2605 Zeichnung &amp; Animation \u2605","isPartOf":{"@id":"https:\/\/linesfiction.de\/lfd\/#website"},"datePublished":"2015-04-02T23:37:24+00:00","dateModified":"2015-04-12T13:53:49+00:00","breadcrumb":{"@id":"https:\/\/linesfiction.de\/lfd\/lines-fiction-online\/a-l\/simona-koch\/#breadcrumb"},"inLanguage":"de","potentialAction":[{"@type":"ReadAction","target":["https:\/\/linesfiction.de\/lfd\/lines-fiction-online\/a-l\/simona-koch\/"]}]},{"@type":"BreadcrumbList","@id":"https:\/\/linesfiction.de\/lfd\/lines-fiction-online\/a-l\/simona-koch\/#breadcrumb","itemListElement":[{"@type":"ListItem","position":1,"name":"Startseite","item":"https:\/\/linesfiction.de\/lfd\/"},{"@type":"ListItem","position":2,"name":"Lines Fiction online","item":"https:\/\/linesfiction.de\/lfd\/lines-fiction-online\/"},{"@type":"ListItem","position":3,"name":"A &#8211; L","item":"https:\/\/linesfiction.de\/lfd\/lines-fiction-online\/a-l\/"},{"@type":"ListItem","position":4,"name":"Simona Koch"}]},{"@type":"WebSite","@id":"https:\/\/linesfiction.de\/lfd\/#website","url":"https:\/\/linesfiction.de\/lfd\/","name":"Lines Fiction - Zeichnung & Animation - Drawing & Animation","description":"","publisher":{"@id":"https:\/\/linesfiction.de\/lfd\/#organization"},"potentialAction":[{"@type":"SearchAction","target":{"@type":"EntryPoint","urlTemplate":"https:\/\/linesfiction.de\/lfd\/?s={search_term_string}"},"query-input":{"@type":"PropertyValueSpecification","valueRequired":true,"valueName":"search_term_string"}}],"inLanguage":"de"},{"@type":"Organization","@id":"https:\/\/linesfiction.de\/lfd\/#organization","name":"Lines Fiction","url":"https:\/\/linesfiction.de\/lfd\/","logo":{"@type":"ImageObject","inLanguage":"de","@id":"https:\/\/linesfiction.de\/lfd\/#\/schema\/logo\/image\/","url":"https:\/\/linesfiction.de\/lfd\/wp-content\/uploads\/2022\/12\/linesfiction_logo_instagram.jpg","contentUrl":"https:\/\/linesfiction.de\/lfd\/wp-content\/uploads\/2022\/12\/linesfiction_logo_instagram.jpg","width":1080,"height":1077,"caption":"Lines Fiction"},"image":{"@id":"https:\/\/linesfiction.de\/lfd\/#\/schema\/logo\/image\/"},"sameAs":["https:\/\/www.facebook.com\/linesfiction\/","https:\/\/x.com\/linesfiction","https:\/\/www.instagram.com\/linesfiction\/"]}]}},"_links":{"self":[{"href":"https:\/\/linesfiction.de\/lfd\/wp-json\/wp\/v2\/pages\/1246","targetHints":{"allow":["GET"]}}],"collection":[{"href":"https:\/\/linesfiction.de\/lfd\/wp-json\/wp\/v2\/pages"}],"about":[{"href":"https:\/\/linesfiction.de\/lfd\/wp-json\/wp\/v2\/types\/page"}],"author":[{"embeddable":true,"href":"https:\/\/linesfiction.de\/lfd\/wp-json\/wp\/v2\/users\/7"}],"replies":[{"embeddable":true,"href":"https:\/\/linesfiction.de\/lfd\/wp-json\/wp\/v2\/comments?post=1246"}],"version-history":[{"count":20,"href":"https:\/\/linesfiction.de\/lfd\/wp-json\/wp\/v2\/pages\/1246\/revisions"}],"predecessor-version":[{"id":1272,"href":"https:\/\/linesfiction.de\/lfd\/wp-json\/wp\/v2\/pages\/1246\/revisions\/1272"}],"up":[{"embeddable":true,"href":"https:\/\/linesfiction.de\/lfd\/wp-json\/wp\/v2\/pages\/501"}],"wp:attachment":[{"href":"https:\/\/linesfiction.de\/lfd\/wp-json\/wp\/v2\/media?parent=1246"}],"curies":[{"name":"wp","href":"https:\/\/api.w.org\/{rel}","templated":true}]}}