{"id":1302,"date":"2015-10-17T18:00:28","date_gmt":"2015-10-17T17:00:28","guid":{"rendered":"http:\/\/linesfiction.de\/lfd\/?page_id=1302"},"modified":"2015-10-21T09:33:26","modified_gmt":"2015-10-21T08:33:26","slug":"carolin-joerg","status":"publish","type":"page","link":"https:\/\/linesfiction.de\/lfd\/lines-fiction-online\/a-l\/carolin-joerg\/","title":{"rendered":"Carolin J\u00f6rg und Michael Fragstein"},"content":{"rendered":"<p><u>Lines Fiction: Carolin, du hast einmal betont, dass dir in deiner zeichnerischen Arbeit die Lebendigkeit in der Form wichtig ist. Was meinst du damit?<\/u><\/p>\n<p>Carolin J\u00f6rg: Mein Arbeitsmaterial besteht zumeist aus Papier, Pinsel und vor allem Tusche.<br \/>\nMit einer Fl\u00fcssigkeit zu arbeiten bedeutet mit dem Unvorhergesehenen zu arbeiten. Die Tusche besitzt eine eigene Lebendigkeit und l\u00e4sst sich schwer kontrollieren. Ich agiere und reagiere auf das, was sich aus der Feuchtigkeit heraus selbst organisiert. Es entstehen organische abstrakte Formen, gekennzeichnet durch Farbverl\u00e4ufe, die aus sich selbst heraus wachsen und bei denen ein Gestus nicht mehr sichtbar ist.<\/p>\n<p><u>Lines Fiction: Die Animation &#8222;Der zweite Blick&#8220; ist dann eine Erweiterung deiner Zeichnung?<\/u><\/p>\n<p>Carolin J\u00f6rg: Die Zeichnung bietet sich als erste Rezeptionsform direkt dem Betrachter &#8211; Tuscheformen stehen singul\u00e4r in der Blattmitte. Die Animation er\u00f6ffnet eine zweite Ebene, Elemente der Zeichnung bekommen nun eine neue Bedeutung, sind Grund und Boden f\u00fcr aufkeimende Partikelformen oder graphische Linienkonstruktionen.<br \/>\nEine weitere Ebene entsteht durch den gesprochene Text und die Soundbearbeitung.<br \/>\nMarie-Alice Schulz hat die surrealen Text-Gedicht-Formen geschrieben, und Marc Fragstein und Denis Elmaci haben den Sound gemacht.<br \/>\nJede Ebene birgt neue narrative Hinweise, wobei sich keine lineare Geschichte entwickelt, sondern es sich eher um surreale Collagen handelt.<\/p>\n<p><u>Lines Fiction: &#8222;Der zweite Blick&#8220; ist ein echtes Gemeinschaftsprojekt mit deinem Freund Michael Fragstein. Wie habt ihr da zusammengearbeitet und wie funktioniert diese Animation mit der Zeichnung?<\/u><\/p>\n<p>Carolin J\u00f6rg: Im Vorfeld haben wir zusammen Entwurfsskizzen gemacht und Animationskonzepte entwickelt, um Formen zu finden, die sowohl singul\u00e4r auf dem Blatt stehen k\u00f6nnen, wie auch f\u00fcr die Animation neue Ebenen anbieten. Die Arbeitspraxis war f\u00fcr die Realisierung dann zwar klar getrennt, ich habe gezeichnet und Michael hat die Animationen gemacht, wir haben uns jedoch immer wieder abgesprochen.<\/p>\n<p>Michael Fragstein: Die Animationen sind genau wie die Zeichnungen abstrakt gehalten und reagieren auf die feinen Verl\u00e4ufe der Tusche und die filigrane Strichf\u00fchrung. Physikalische Simulationen spielten bei ihrer Erstellung eine zentrale Rolle. Mal werden die Zeichnungen als Abbild biologisch-mikroskopischer Vorg\u00e4nge interpretiert, in anderen F\u00e4llen werden die gezeichneten Strukturen mit unterschiedlichen Aggregatzust\u00e4nden, wie fl\u00fcssig, fest, gasf\u00f6rmig in Verbindung gebracht.<\/p>\n<p>Der Besucher benutzt die zur Verf\u00fcgung stehenden Tablets und bewegt diese \u00fcber die Zeichnungen. Mit Hilfe einer Augmented Reality Anwendung entdeckt der Betrachter die zuvor nicht sichtbaren Animationen.*<\/p>\n<p>Man kann sich diese Augmented Reality App ungef\u00e4hr so vorstellen: \u00dcber die Zeichnungen wird eine transparente Ebene gelegt, auf der ein Video abgespielt wird. Diese Ebene richtet sich in Echtzeit entsprechend des Blickwinkels des Betrachters aus. Man hat also das Gef\u00fchl, dass die Animation mit der Zeichnung verwachsen ist auch wenn man sich oder das Tablet bewegt.<\/p>\n<p>&nbsp;<\/p>\n<p>* Hier in der Dokumentation ist das zu sehen -&gt;<\/p>\n<p>&nbsp;<\/p>\n<p>&nbsp;<\/p>\n<p><a href=\"http:\/\/www.carolin-joerg.com\" target=\"blank\">www.carolin-joerg.com<\/a><\/p>\n<p><a href=\"http:\/\/www.fragstein.org\" target=\"blank\">www.fragstein.org<\/a><\/p>\n","protected":false},"excerpt":{"rendered":"<p>Lines Fiction: Carolin, du hast einmal betont, dass dir in deiner zeichnerischen Arbeit die Lebendigkeit in der Form wichtig ist. Was meinst du damit? Carolin J\u00f6rg: Mein Arbeitsmaterial besteht zumeist aus Papier, Pinsel und vor allem Tusche. Mit einer Fl\u00fcssigkeit &hellip;<\/p>\n<p class=\"read-more\"> <a class=\"more-link\" href=\"https:\/\/linesfiction.de\/lfd\/lines-fiction-online\/a-l\/carolin-joerg\/\"> <span class=\"screen-reader-text\">Carolin J\u00f6rg und Michael Fragstein<\/span> Weiterlesen &raquo;<\/a><\/p>\n","protected":false},"author":7,"featured_media":0,"parent":501,"menu_order":0,"comment_status":"closed","ping_status":"closed","template":"content-sidebar-page.php","meta":{"footnotes":""},"class_list":["post-1302","page","type-page","status-publish","hentry"],"yoast_head":"<!-- This site is optimized with the Yoast SEO plugin v27.3 - https:\/\/yoast.com\/product\/yoast-seo-wordpress\/ -->\n<title>Carolin J\u00f6rg und Michael Fragstein - Lines Fiction \u2605 Zeichnung &amp; Animation \u2605<\/title>\n<meta name=\"robots\" content=\"index, follow, max-snippet:-1, max-image-preview:large, max-video-preview:-1\" \/>\n<link rel=\"canonical\" href=\"https:\/\/linesfiction.de\/lfd\/lines-fiction-online\/a-l\/carolin-joerg\/\" \/>\n<meta property=\"og:locale\" content=\"de_DE\" \/>\n<meta property=\"og:type\" content=\"article\" \/>\n<meta property=\"og:title\" content=\"Carolin J\u00f6rg und Michael Fragstein - Lines Fiction \u2605 Zeichnung &amp; Animation \u2605\" \/>\n<meta property=\"og:description\" content=\"Lines Fiction: Carolin, du hast einmal betont, dass dir in deiner zeichnerischen Arbeit die Lebendigkeit in der Form wichtig ist. Was meinst du damit? Carolin J\u00f6rg: Mein Arbeitsmaterial besteht zumeist aus Papier, Pinsel und vor allem Tusche. Mit einer Fl\u00fcssigkeit &hellip; Carolin J\u00f6rg und Michael Fragstein Weiterlesen &raquo;\" \/>\n<meta property=\"og:url\" content=\"https:\/\/linesfiction.de\/lfd\/lines-fiction-online\/a-l\/carolin-joerg\/\" \/>\n<meta property=\"og:site_name\" content=\"Lines Fiction \u2605 Zeichnung &amp; Animation \u2605\" \/>\n<meta property=\"article:publisher\" content=\"https:\/\/www.facebook.com\/linesfiction\/\" \/>\n<meta property=\"article:modified_time\" content=\"2015-10-21T08:33:26+00:00\" \/>\n<meta name=\"twitter:card\" content=\"summary_large_image\" \/>\n<meta name=\"twitter:site\" content=\"@linesfiction\" \/>\n<meta name=\"twitter:label1\" content=\"Gesch\u00e4tzte Lesezeit\" \/>\n\t<meta name=\"twitter:data1\" content=\"2\u00a0Minuten\" \/>\n<script type=\"application\/ld+json\" class=\"yoast-schema-graph\">{\"@context\":\"https:\\\/\\\/schema.org\",\"@graph\":[{\"@type\":\"WebPage\",\"@id\":\"https:\\\/\\\/linesfiction.de\\\/lfd\\\/lines-fiction-online\\\/a-l\\\/carolin-joerg\\\/\",\"url\":\"https:\\\/\\\/linesfiction.de\\\/lfd\\\/lines-fiction-online\\\/a-l\\\/carolin-joerg\\\/\",\"name\":\"Carolin J\u00f6rg und Michael Fragstein - Lines Fiction \u2605 Zeichnung &amp; Animation \u2605\",\"isPartOf\":{\"@id\":\"https:\\\/\\\/linesfiction.de\\\/lfd\\\/#website\"},\"datePublished\":\"2015-10-17T17:00:28+00:00\",\"dateModified\":\"2015-10-21T08:33:26+00:00\",\"breadcrumb\":{\"@id\":\"https:\\\/\\\/linesfiction.de\\\/lfd\\\/lines-fiction-online\\\/a-l\\\/carolin-joerg\\\/#breadcrumb\"},\"inLanguage\":\"de\",\"potentialAction\":[{\"@type\":\"ReadAction\",\"target\":[\"https:\\\/\\\/linesfiction.de\\\/lfd\\\/lines-fiction-online\\\/a-l\\\/carolin-joerg\\\/\"]}]},{\"@type\":\"BreadcrumbList\",\"@id\":\"https:\\\/\\\/linesfiction.de\\\/lfd\\\/lines-fiction-online\\\/a-l\\\/carolin-joerg\\\/#breadcrumb\",\"itemListElement\":[{\"@type\":\"ListItem\",\"position\":1,\"name\":\"Startseite\",\"item\":\"https:\\\/\\\/linesfiction.de\\\/lfd\\\/\"},{\"@type\":\"ListItem\",\"position\":2,\"name\":\"Lines Fiction online\",\"item\":\"https:\\\/\\\/linesfiction.de\\\/lfd\\\/lines-fiction-online\\\/\"},{\"@type\":\"ListItem\",\"position\":3,\"name\":\"A &#8211; L\",\"item\":\"https:\\\/\\\/linesfiction.de\\\/lfd\\\/lines-fiction-online\\\/a-l\\\/\"},{\"@type\":\"ListItem\",\"position\":4,\"name\":\"Carolin J\u00f6rg und Michael Fragstein\"}]},{\"@type\":\"WebSite\",\"@id\":\"https:\\\/\\\/linesfiction.de\\\/lfd\\\/#website\",\"url\":\"https:\\\/\\\/linesfiction.de\\\/lfd\\\/\",\"name\":\"Lines Fiction - Zeichnung & Animation - Drawing & Animation\",\"description\":\"\",\"publisher\":{\"@id\":\"https:\\\/\\\/linesfiction.de\\\/lfd\\\/#organization\"},\"potentialAction\":[{\"@type\":\"SearchAction\",\"target\":{\"@type\":\"EntryPoint\",\"urlTemplate\":\"https:\\\/\\\/linesfiction.de\\\/lfd\\\/?s={search_term_string}\"},\"query-input\":{\"@type\":\"PropertyValueSpecification\",\"valueRequired\":true,\"valueName\":\"search_term_string\"}}],\"inLanguage\":\"de\"},{\"@type\":\"Organization\",\"@id\":\"https:\\\/\\\/linesfiction.de\\\/lfd\\\/#organization\",\"name\":\"Lines Fiction\",\"url\":\"https:\\\/\\\/linesfiction.de\\\/lfd\\\/\",\"logo\":{\"@type\":\"ImageObject\",\"inLanguage\":\"de\",\"@id\":\"https:\\\/\\\/linesfiction.de\\\/lfd\\\/#\\\/schema\\\/logo\\\/image\\\/\",\"url\":\"https:\\\/\\\/linesfiction.de\\\/lfd\\\/wp-content\\\/uploads\\\/2022\\\/12\\\/linesfiction_logo_instagram.jpg\",\"contentUrl\":\"https:\\\/\\\/linesfiction.de\\\/lfd\\\/wp-content\\\/uploads\\\/2022\\\/12\\\/linesfiction_logo_instagram.jpg\",\"width\":1080,\"height\":1077,\"caption\":\"Lines Fiction\"},\"image\":{\"@id\":\"https:\\\/\\\/linesfiction.de\\\/lfd\\\/#\\\/schema\\\/logo\\\/image\\\/\"},\"sameAs\":[\"https:\\\/\\\/www.facebook.com\\\/linesfiction\\\/\",\"https:\\\/\\\/x.com\\\/linesfiction\",\"https:\\\/\\\/www.instagram.com\\\/linesfiction\\\/\"]}]}<\/script>\n<!-- \/ Yoast SEO plugin. -->","yoast_head_json":{"title":"Carolin J\u00f6rg und Michael Fragstein - Lines Fiction \u2605 Zeichnung &amp; Animation \u2605","robots":{"index":"index","follow":"follow","max-snippet":"max-snippet:-1","max-image-preview":"max-image-preview:large","max-video-preview":"max-video-preview:-1"},"canonical":"https:\/\/linesfiction.de\/lfd\/lines-fiction-online\/a-l\/carolin-joerg\/","og_locale":"de_DE","og_type":"article","og_title":"Carolin J\u00f6rg und Michael Fragstein - Lines Fiction \u2605 Zeichnung &amp; Animation \u2605","og_description":"Lines Fiction: Carolin, du hast einmal betont, dass dir in deiner zeichnerischen Arbeit die Lebendigkeit in der Form wichtig ist. Was meinst du damit? Carolin J\u00f6rg: Mein Arbeitsmaterial besteht zumeist aus Papier, Pinsel und vor allem Tusche. Mit einer Fl\u00fcssigkeit &hellip; Carolin J\u00f6rg und Michael Fragstein Weiterlesen &raquo;","og_url":"https:\/\/linesfiction.de\/lfd\/lines-fiction-online\/a-l\/carolin-joerg\/","og_site_name":"Lines Fiction \u2605 Zeichnung &amp; Animation \u2605","article_publisher":"https:\/\/www.facebook.com\/linesfiction\/","article_modified_time":"2015-10-21T08:33:26+00:00","twitter_card":"summary_large_image","twitter_site":"@linesfiction","twitter_misc":{"Gesch\u00e4tzte Lesezeit":"2\u00a0Minuten"},"schema":{"@context":"https:\/\/schema.org","@graph":[{"@type":"WebPage","@id":"https:\/\/linesfiction.de\/lfd\/lines-fiction-online\/a-l\/carolin-joerg\/","url":"https:\/\/linesfiction.de\/lfd\/lines-fiction-online\/a-l\/carolin-joerg\/","name":"Carolin J\u00f6rg und Michael Fragstein - Lines Fiction \u2605 Zeichnung &amp; Animation \u2605","isPartOf":{"@id":"https:\/\/linesfiction.de\/lfd\/#website"},"datePublished":"2015-10-17T17:00:28+00:00","dateModified":"2015-10-21T08:33:26+00:00","breadcrumb":{"@id":"https:\/\/linesfiction.de\/lfd\/lines-fiction-online\/a-l\/carolin-joerg\/#breadcrumb"},"inLanguage":"de","potentialAction":[{"@type":"ReadAction","target":["https:\/\/linesfiction.de\/lfd\/lines-fiction-online\/a-l\/carolin-joerg\/"]}]},{"@type":"BreadcrumbList","@id":"https:\/\/linesfiction.de\/lfd\/lines-fiction-online\/a-l\/carolin-joerg\/#breadcrumb","itemListElement":[{"@type":"ListItem","position":1,"name":"Startseite","item":"https:\/\/linesfiction.de\/lfd\/"},{"@type":"ListItem","position":2,"name":"Lines Fiction online","item":"https:\/\/linesfiction.de\/lfd\/lines-fiction-online\/"},{"@type":"ListItem","position":3,"name":"A &#8211; L","item":"https:\/\/linesfiction.de\/lfd\/lines-fiction-online\/a-l\/"},{"@type":"ListItem","position":4,"name":"Carolin J\u00f6rg und Michael Fragstein"}]},{"@type":"WebSite","@id":"https:\/\/linesfiction.de\/lfd\/#website","url":"https:\/\/linesfiction.de\/lfd\/","name":"Lines Fiction - Zeichnung & Animation - Drawing & Animation","description":"","publisher":{"@id":"https:\/\/linesfiction.de\/lfd\/#organization"},"potentialAction":[{"@type":"SearchAction","target":{"@type":"EntryPoint","urlTemplate":"https:\/\/linesfiction.de\/lfd\/?s={search_term_string}"},"query-input":{"@type":"PropertyValueSpecification","valueRequired":true,"valueName":"search_term_string"}}],"inLanguage":"de"},{"@type":"Organization","@id":"https:\/\/linesfiction.de\/lfd\/#organization","name":"Lines Fiction","url":"https:\/\/linesfiction.de\/lfd\/","logo":{"@type":"ImageObject","inLanguage":"de","@id":"https:\/\/linesfiction.de\/lfd\/#\/schema\/logo\/image\/","url":"https:\/\/linesfiction.de\/lfd\/wp-content\/uploads\/2022\/12\/linesfiction_logo_instagram.jpg","contentUrl":"https:\/\/linesfiction.de\/lfd\/wp-content\/uploads\/2022\/12\/linesfiction_logo_instagram.jpg","width":1080,"height":1077,"caption":"Lines Fiction"},"image":{"@id":"https:\/\/linesfiction.de\/lfd\/#\/schema\/logo\/image\/"},"sameAs":["https:\/\/www.facebook.com\/linesfiction\/","https:\/\/x.com\/linesfiction","https:\/\/www.instagram.com\/linesfiction\/"]}]}},"_links":{"self":[{"href":"https:\/\/linesfiction.de\/lfd\/wp-json\/wp\/v2\/pages\/1302","targetHints":{"allow":["GET"]}}],"collection":[{"href":"https:\/\/linesfiction.de\/lfd\/wp-json\/wp\/v2\/pages"}],"about":[{"href":"https:\/\/linesfiction.de\/lfd\/wp-json\/wp\/v2\/types\/page"}],"author":[{"embeddable":true,"href":"https:\/\/linesfiction.de\/lfd\/wp-json\/wp\/v2\/users\/7"}],"replies":[{"embeddable":true,"href":"https:\/\/linesfiction.de\/lfd\/wp-json\/wp\/v2\/comments?post=1302"}],"version-history":[{"count":18,"href":"https:\/\/linesfiction.de\/lfd\/wp-json\/wp\/v2\/pages\/1302\/revisions"}],"predecessor-version":[{"id":1324,"href":"https:\/\/linesfiction.de\/lfd\/wp-json\/wp\/v2\/pages\/1302\/revisions\/1324"}],"up":[{"embeddable":true,"href":"https:\/\/linesfiction.de\/lfd\/wp-json\/wp\/v2\/pages\/501"}],"wp:attachment":[{"href":"https:\/\/linesfiction.de\/lfd\/wp-json\/wp\/v2\/media?parent=1302"}],"curies":[{"name":"wp","href":"https:\/\/api.w.org\/{rel}","templated":true}]}}