{"id":1326,"date":"2015-12-03T20:42:27","date_gmt":"2015-12-03T19:42:27","guid":{"rendered":"http:\/\/linesfiction.de\/lfd\/?page_id=1326"},"modified":"2015-12-10T14:04:23","modified_gmt":"2015-12-10T13:04:23","slug":"volker-saul","status":"publish","type":"page","link":"https:\/\/linesfiction.de\/lfd\/lines-fiction-online\/m-z\/volker-saul\/","title":{"rendered":"Volker Saul"},"content":{"rendered":"<p><u>Lines Fiction: Deine Zeichnungen oszillieren zwischen amorphen organischen Gestalten und geometrischen Formen, nicht nur auf Papier sondern auch direkt auf der Wand in gro\u00dfen Installationen. Wo siehst du deine Einfl\u00fcsse und deinen Schwerpunkt &#8211; mehr in der Abstraktion, einer fernen Erinnerung des Realen oder in der Tradition des Hard Edge im Gegenstandslosen?<\/u><\/p>\n<p>Volker Saul: Meine Arbeiten bewegen sich hin oder entfernen sich von Realit\u00e4ten, manche sind auch im Mikro- und Makrokosmos anzusiedeln. Einfl\u00fcsse gibt es von Comics oder Emblemen, Zeichen und Emotikons.<\/p>\n<p><u>Lines Fiction: Neuerdings pr\u00e4sentierst du deine Zeichnungen zusammen mit Animationen, die als ein langes Band wandernder Bilder erscheinen. Wie siehst du deine Animationen im Verh\u00e4ltnis zu deinen Bildern? Erz\u00e4hlen sie eine Geschichte?<\/u><\/p>\n<p>Volker Saul: Die Animationen werden aus gro\u00dfen Mengen meiner Zeichnungen zusammen gesetzt. Beim Film &#8222;abgefahren&#8220; gibt es 5 Bewegungsebenen, die jeweils in verschiedenen Geschwindigkeiten \u00fcbereinander gelegt sind. Es ergeben sich also bewegte Bilder deren Abl\u00e4ufe zuf\u00e4llig geschehen, das interessiert mich sehr. Aus diesen Animationen suche ich dann bestimmte Stills aus, von denen ich dann wieder Papierschnitte herstelle. In der Installation im Leopold Hoesch Museum D\u00fcren befindet sich der Screen in der Wandmalerei, die aus einem Filmstill entstanden ist. So ergibt sich eine Beziehungsschleife aus Zeichnungen, die zum Film wurden, aus dem heraus dann wieder Wandmalereien entstehen.<\/p>\n<p><a href=\"http:\/\/www.volkersaul.de\/\" target=\"_blank\">www.volkersaul.de<\/a><\/p>\n","protected":false},"excerpt":{"rendered":"<p>Lines Fiction: Deine Zeichnungen oszillieren zwischen amorphen organischen Gestalten und geometrischen Formen, nicht nur auf Papier sondern auch direkt auf der Wand in gro\u00dfen Installationen. Wo siehst du deine Einfl\u00fcsse und deinen Schwerpunkt &#8211; mehr in der Abstraktion, einer fernen &hellip;<\/p>\n<p class=\"read-more\"> <a class=\"more-link\" href=\"https:\/\/linesfiction.de\/lfd\/lines-fiction-online\/m-z\/volker-saul\/\"> <span class=\"screen-reader-text\">Volker Saul<\/span> Weiterlesen &raquo;<\/a><\/p>\n","protected":false},"author":7,"featured_media":0,"parent":503,"menu_order":0,"comment_status":"closed","ping_status":"closed","template":"content-sidebar-page.php","meta":{"footnotes":""},"class_list":["post-1326","page","type-page","status-publish","hentry"],"yoast_head":"<!-- This site is optimized with the Yoast SEO plugin v27.3 - https:\/\/yoast.com\/product\/yoast-seo-wordpress\/ -->\n<title>Volker Saul - Lines Fiction \u2605 Zeichnung &amp; Animation \u2605<\/title>\n<meta name=\"robots\" content=\"index, follow, max-snippet:-1, max-image-preview:large, max-video-preview:-1\" \/>\n<link rel=\"canonical\" href=\"https:\/\/linesfiction.de\/lfd\/lines-fiction-online\/m-z\/volker-saul\/\" \/>\n<meta property=\"og:locale\" content=\"de_DE\" \/>\n<meta property=\"og:type\" content=\"article\" \/>\n<meta property=\"og:title\" content=\"Volker Saul - Lines Fiction \u2605 Zeichnung &amp; Animation \u2605\" \/>\n<meta property=\"og:description\" content=\"Lines Fiction: Deine Zeichnungen oszillieren zwischen amorphen organischen Gestalten und geometrischen Formen, nicht nur auf Papier sondern auch direkt auf der Wand in gro\u00dfen Installationen. Wo siehst du deine Einfl\u00fcsse und deinen Schwerpunkt &#8211; mehr in der Abstraktion, einer fernen &hellip; Volker Saul Weiterlesen &raquo;\" \/>\n<meta property=\"og:url\" content=\"https:\/\/linesfiction.de\/lfd\/lines-fiction-online\/m-z\/volker-saul\/\" \/>\n<meta property=\"og:site_name\" content=\"Lines Fiction \u2605 Zeichnung &amp; Animation \u2605\" \/>\n<meta property=\"article:publisher\" content=\"https:\/\/www.facebook.com\/linesfiction\/\" \/>\n<meta property=\"article:modified_time\" content=\"2015-12-10T13:04:23+00:00\" \/>\n<meta name=\"twitter:card\" content=\"summary_large_image\" \/>\n<meta name=\"twitter:site\" content=\"@linesfiction\" \/>\n<meta name=\"twitter:label1\" content=\"Gesch\u00e4tzte Lesezeit\" \/>\n\t<meta name=\"twitter:data1\" content=\"1\u00a0Minute\" \/>\n<script type=\"application\/ld+json\" class=\"yoast-schema-graph\">{\"@context\":\"https:\\\/\\\/schema.org\",\"@graph\":[{\"@type\":\"WebPage\",\"@id\":\"https:\\\/\\\/linesfiction.de\\\/lfd\\\/lines-fiction-online\\\/m-z\\\/volker-saul\\\/\",\"url\":\"https:\\\/\\\/linesfiction.de\\\/lfd\\\/lines-fiction-online\\\/m-z\\\/volker-saul\\\/\",\"name\":\"Volker Saul - Lines Fiction \u2605 Zeichnung &amp; Animation \u2605\",\"isPartOf\":{\"@id\":\"https:\\\/\\\/linesfiction.de\\\/lfd\\\/#website\"},\"datePublished\":\"2015-12-03T19:42:27+00:00\",\"dateModified\":\"2015-12-10T13:04:23+00:00\",\"breadcrumb\":{\"@id\":\"https:\\\/\\\/linesfiction.de\\\/lfd\\\/lines-fiction-online\\\/m-z\\\/volker-saul\\\/#breadcrumb\"},\"inLanguage\":\"de\",\"potentialAction\":[{\"@type\":\"ReadAction\",\"target\":[\"https:\\\/\\\/linesfiction.de\\\/lfd\\\/lines-fiction-online\\\/m-z\\\/volker-saul\\\/\"]}]},{\"@type\":\"BreadcrumbList\",\"@id\":\"https:\\\/\\\/linesfiction.de\\\/lfd\\\/lines-fiction-online\\\/m-z\\\/volker-saul\\\/#breadcrumb\",\"itemListElement\":[{\"@type\":\"ListItem\",\"position\":1,\"name\":\"Startseite\",\"item\":\"https:\\\/\\\/linesfiction.de\\\/lfd\\\/\"},{\"@type\":\"ListItem\",\"position\":2,\"name\":\"Lines Fiction online\",\"item\":\"https:\\\/\\\/linesfiction.de\\\/lfd\\\/lines-fiction-online\\\/\"},{\"@type\":\"ListItem\",\"position\":3,\"name\":\"M &#8211; Z\",\"item\":\"https:\\\/\\\/linesfiction.de\\\/lfd\\\/lines-fiction-online\\\/m-z\\\/\"},{\"@type\":\"ListItem\",\"position\":4,\"name\":\"Volker Saul\"}]},{\"@type\":\"WebSite\",\"@id\":\"https:\\\/\\\/linesfiction.de\\\/lfd\\\/#website\",\"url\":\"https:\\\/\\\/linesfiction.de\\\/lfd\\\/\",\"name\":\"Lines Fiction - Zeichnung & Animation - Drawing & Animation\",\"description\":\"\",\"publisher\":{\"@id\":\"https:\\\/\\\/linesfiction.de\\\/lfd\\\/#organization\"},\"potentialAction\":[{\"@type\":\"SearchAction\",\"target\":{\"@type\":\"EntryPoint\",\"urlTemplate\":\"https:\\\/\\\/linesfiction.de\\\/lfd\\\/?s={search_term_string}\"},\"query-input\":{\"@type\":\"PropertyValueSpecification\",\"valueRequired\":true,\"valueName\":\"search_term_string\"}}],\"inLanguage\":\"de\"},{\"@type\":\"Organization\",\"@id\":\"https:\\\/\\\/linesfiction.de\\\/lfd\\\/#organization\",\"name\":\"Lines Fiction\",\"url\":\"https:\\\/\\\/linesfiction.de\\\/lfd\\\/\",\"logo\":{\"@type\":\"ImageObject\",\"inLanguage\":\"de\",\"@id\":\"https:\\\/\\\/linesfiction.de\\\/lfd\\\/#\\\/schema\\\/logo\\\/image\\\/\",\"url\":\"https:\\\/\\\/linesfiction.de\\\/lfd\\\/wp-content\\\/uploads\\\/2022\\\/12\\\/linesfiction_logo_instagram.jpg\",\"contentUrl\":\"https:\\\/\\\/linesfiction.de\\\/lfd\\\/wp-content\\\/uploads\\\/2022\\\/12\\\/linesfiction_logo_instagram.jpg\",\"width\":1080,\"height\":1077,\"caption\":\"Lines Fiction\"},\"image\":{\"@id\":\"https:\\\/\\\/linesfiction.de\\\/lfd\\\/#\\\/schema\\\/logo\\\/image\\\/\"},\"sameAs\":[\"https:\\\/\\\/www.facebook.com\\\/linesfiction\\\/\",\"https:\\\/\\\/x.com\\\/linesfiction\",\"https:\\\/\\\/www.instagram.com\\\/linesfiction\\\/\"]}]}<\/script>\n<!-- \/ Yoast SEO plugin. -->","yoast_head_json":{"title":"Volker Saul - Lines Fiction \u2605 Zeichnung &amp; Animation \u2605","robots":{"index":"index","follow":"follow","max-snippet":"max-snippet:-1","max-image-preview":"max-image-preview:large","max-video-preview":"max-video-preview:-1"},"canonical":"https:\/\/linesfiction.de\/lfd\/lines-fiction-online\/m-z\/volker-saul\/","og_locale":"de_DE","og_type":"article","og_title":"Volker Saul - Lines Fiction \u2605 Zeichnung &amp; Animation \u2605","og_description":"Lines Fiction: Deine Zeichnungen oszillieren zwischen amorphen organischen Gestalten und geometrischen Formen, nicht nur auf Papier sondern auch direkt auf der Wand in gro\u00dfen Installationen. Wo siehst du deine Einfl\u00fcsse und deinen Schwerpunkt &#8211; mehr in der Abstraktion, einer fernen &hellip; Volker Saul Weiterlesen &raquo;","og_url":"https:\/\/linesfiction.de\/lfd\/lines-fiction-online\/m-z\/volker-saul\/","og_site_name":"Lines Fiction \u2605 Zeichnung &amp; Animation \u2605","article_publisher":"https:\/\/www.facebook.com\/linesfiction\/","article_modified_time":"2015-12-10T13:04:23+00:00","twitter_card":"summary_large_image","twitter_site":"@linesfiction","twitter_misc":{"Gesch\u00e4tzte Lesezeit":"1\u00a0Minute"},"schema":{"@context":"https:\/\/schema.org","@graph":[{"@type":"WebPage","@id":"https:\/\/linesfiction.de\/lfd\/lines-fiction-online\/m-z\/volker-saul\/","url":"https:\/\/linesfiction.de\/lfd\/lines-fiction-online\/m-z\/volker-saul\/","name":"Volker Saul - Lines Fiction \u2605 Zeichnung &amp; Animation \u2605","isPartOf":{"@id":"https:\/\/linesfiction.de\/lfd\/#website"},"datePublished":"2015-12-03T19:42:27+00:00","dateModified":"2015-12-10T13:04:23+00:00","breadcrumb":{"@id":"https:\/\/linesfiction.de\/lfd\/lines-fiction-online\/m-z\/volker-saul\/#breadcrumb"},"inLanguage":"de","potentialAction":[{"@type":"ReadAction","target":["https:\/\/linesfiction.de\/lfd\/lines-fiction-online\/m-z\/volker-saul\/"]}]},{"@type":"BreadcrumbList","@id":"https:\/\/linesfiction.de\/lfd\/lines-fiction-online\/m-z\/volker-saul\/#breadcrumb","itemListElement":[{"@type":"ListItem","position":1,"name":"Startseite","item":"https:\/\/linesfiction.de\/lfd\/"},{"@type":"ListItem","position":2,"name":"Lines Fiction online","item":"https:\/\/linesfiction.de\/lfd\/lines-fiction-online\/"},{"@type":"ListItem","position":3,"name":"M &#8211; Z","item":"https:\/\/linesfiction.de\/lfd\/lines-fiction-online\/m-z\/"},{"@type":"ListItem","position":4,"name":"Volker Saul"}]},{"@type":"WebSite","@id":"https:\/\/linesfiction.de\/lfd\/#website","url":"https:\/\/linesfiction.de\/lfd\/","name":"Lines Fiction - Zeichnung & Animation - Drawing & Animation","description":"","publisher":{"@id":"https:\/\/linesfiction.de\/lfd\/#organization"},"potentialAction":[{"@type":"SearchAction","target":{"@type":"EntryPoint","urlTemplate":"https:\/\/linesfiction.de\/lfd\/?s={search_term_string}"},"query-input":{"@type":"PropertyValueSpecification","valueRequired":true,"valueName":"search_term_string"}}],"inLanguage":"de"},{"@type":"Organization","@id":"https:\/\/linesfiction.de\/lfd\/#organization","name":"Lines Fiction","url":"https:\/\/linesfiction.de\/lfd\/","logo":{"@type":"ImageObject","inLanguage":"de","@id":"https:\/\/linesfiction.de\/lfd\/#\/schema\/logo\/image\/","url":"https:\/\/linesfiction.de\/lfd\/wp-content\/uploads\/2022\/12\/linesfiction_logo_instagram.jpg","contentUrl":"https:\/\/linesfiction.de\/lfd\/wp-content\/uploads\/2022\/12\/linesfiction_logo_instagram.jpg","width":1080,"height":1077,"caption":"Lines Fiction"},"image":{"@id":"https:\/\/linesfiction.de\/lfd\/#\/schema\/logo\/image\/"},"sameAs":["https:\/\/www.facebook.com\/linesfiction\/","https:\/\/x.com\/linesfiction","https:\/\/www.instagram.com\/linesfiction\/"]}]}},"_links":{"self":[{"href":"https:\/\/linesfiction.de\/lfd\/wp-json\/wp\/v2\/pages\/1326","targetHints":{"allow":["GET"]}}],"collection":[{"href":"https:\/\/linesfiction.de\/lfd\/wp-json\/wp\/v2\/pages"}],"about":[{"href":"https:\/\/linesfiction.de\/lfd\/wp-json\/wp\/v2\/types\/page"}],"author":[{"embeddable":true,"href":"https:\/\/linesfiction.de\/lfd\/wp-json\/wp\/v2\/users\/7"}],"replies":[{"embeddable":true,"href":"https:\/\/linesfiction.de\/lfd\/wp-json\/wp\/v2\/comments?post=1326"}],"version-history":[{"count":11,"href":"https:\/\/linesfiction.de\/lfd\/wp-json\/wp\/v2\/pages\/1326\/revisions"}],"predecessor-version":[{"id":1341,"href":"https:\/\/linesfiction.de\/lfd\/wp-json\/wp\/v2\/pages\/1326\/revisions\/1341"}],"up":[{"embeddable":true,"href":"https:\/\/linesfiction.de\/lfd\/wp-json\/wp\/v2\/pages\/503"}],"wp:attachment":[{"href":"https:\/\/linesfiction.de\/lfd\/wp-json\/wp\/v2\/media?parent=1326"}],"curies":[{"name":"wp","href":"https:\/\/api.w.org\/{rel}","templated":true}]}}