{"id":1343,"date":"2016-01-19T19:06:39","date_gmt":"2016-01-19T18:06:39","guid":{"rendered":"http:\/\/linesfiction.de\/lfd\/?page_id=1343"},"modified":"2016-02-01T11:22:30","modified_gmt":"2016-02-01T10:22:30","slug":"chris-doyle","status":"publish","type":"page","link":"https:\/\/linesfiction.de\/lfd\/lines-fiction-online\/a-l\/chris-doyle\/","title":{"rendered":"Chris Doyle"},"content":{"rendered":"<p><u>Lines Fiction: In diesen Tagen kommen Fl\u00fcchtlinge in gro\u00dfen Zahlen an unsere Grenzen und ihre Fluchtgr\u00fcnde geraten bei den Diskussionen dar\u00fcber immer wieder aus dem Blickfeld. Dein Projekt <em>Apokalypse Management<\/em> von 2009 beschreibt nun keine bestimmtes Desaster, sondern bringt eine Zusammenstellung von Bildern aus Katastrophengebieten. Zeigst du die menschliche Unf\u00e4higkeit, Katastrophen zu bew\u00e4ltigen, die wir selbst hervorgerufen haben?<\/u> <\/p>\n<p>Chris Doyle: Es stimmt, <em>Apocalypse Management<\/em> beschreibt kein einzelnes Desaster, sondern blendet eine gro\u00dfe Zahl davon ineinander. Manche Bilder sind aus Kriegsgebieten w\u00e4hrend andere Naturkatastrophen zeigen. Die meisten Naturkatastrophen sind h\u00f6chstwahrscheinlich auch Auswirkungen unserer Unachtsamkeit. Zu der Zeit, als ich an dieser Animation arbeitete, habe ich stundenlang im Netz nach Bildern von Kriegen, Fluten, Erdbeben und Terroranschl\u00e4gen gesucht. Ich wurde mir mehr und mehr bewu\u00dft, welches Chaos und welchen Kummer diese Ereignisse mit sich bringen, und es schien, als passierten sie in immer schnellerer Folge. <\/p>\n<p>Wir glauben, dass wir uns immer besser auf Krisen vorbereiten und sie eben gut managen k\u00f6nnen, aber wir sind nicht bereit zu versuchen, sie zu verhindern. Besonders interessant an diesem, die Desaster umgebenden, Fotojournalismus war, dass ich einen Moment des Horrors und des Schocks zu sehen bekam, bevor irgendeine Art von &#8222;Management&#8220; beginnt. <em>Apokalypse Management<\/em> ist aus dem Nachdenken \u00fcber diesen Moment entstanden. Die Personen in meinem St\u00fcck finden sich alle in einem speziellen Ungl\u00fcck wieder. Das Entsetzen und die Trauer f\u00fchrt zu einer Art Transzendenz. Die Tonspur war wirklich sehr wichtig, um das emotionale Erlebnis zu transportieren, das ich beim Betrachten der Bilder hatte. Mein Sound Designer Joe Arcidiacono und ich haben mit einem S\u00e4nger und einer S\u00e4ngerin gearbeitet und sie aufgefordert zu improvisieren, sich besonders auf die \u00dcberg\u00e4nge zwischen Schreien, Seufzen und Singen zu konzentrieren.<\/p>\n<p>Dieses St\u00fcck war das erste in einer Serie, an der ich seit ungef\u00e4hr sieben Jahren arbeite. Die Serie ist verkn\u00fcpft mit einem Zeichnungszyklus namens <em>Course of Empire (Der Weg des Imperiums)<\/em> von Thomas Cole, einem Vertreter der Hudson River School. Die Serie von Animationen handelt von der Art und Weise, wie wir all unsere Hoffnung und \u00c4ngste in Landschaften packen. Die Entwicklung der menschlichen Kultur, so abgesondert und abgeschieden von der Natur, hat uns in einen Zustand der Losgel\u00f6stheit versetzt, und wir sind jetzt in der Lage, immer rasanter die Bedingenungen f\u00fcr ein \u00dcberleben zu untergraben. <\/p>\n<p>Weitere Teile dieser Serie sind <em>Waste_Generation<\/em>, <em>Idyllwild<\/em> und <em>The Fluid<\/em>. Jedes St\u00fcck beleuchtet unterschiedliche Aspekte in Coles Zyklus des Imperiums und im Zyklus der Natur.<\/p>\n<p><u>Lines Fiction: Es gibt schwarz-wei\u00dfe Aquarelle von dir, die dein Interesse an Naturprozessen zeigen, und du hast Menschen in hyper-realistischen Bildern in bestimmten Situationen portr\u00e4tiert. Ist Aquarell schon lange das Medium deiner Wahl?<\/u><\/p>\n<p>Chris Doyle: Durch Aquarellieren habe ich immer meine Ideen ausgearbeitet. Und ich habe Aquarelle immer sehr gerne gro\u00df angefertigt. Dieses Medium wird immer als zart und intim verstanden, was vielleicht genau der Grund ist, warum ich es gerne im gro\u00dfen Ma\u00dfstab einsetze. Interessanterweise habe ich mit meinen Animationen direkt im Computer begonnen, habe auf dem Tablet gezeichnet anstatt den analogen Weg einzuschlagen, Aquarelle einzuscannen und zu animieren. So sind diese beiden Aspekte meiner Arbeit seit lange Zeit v\u00f6llig getrennt.<\/p>\n<p>Die Schwarz-Wei\u00df-Aquarelle, die du erw\u00e4hnst sind elegisch gedacht. Sie sind Aquarelle eines gefrorenen Wasserfalls. Ich habe begonnen Wasserf\u00e4lle zu besuchen, die im Winter zugefroren sind. Es scheint mir, dass in diesen Wasserf\u00e4llen der Klimawandel schwer zu ignorieren ist. Daher habe ich sie schwarz-wei\u00df gehalten. Meine neuen Aquarelle, auch schwarz-wei\u00df, gehen noch einen Schritt weiter. Ich mische das Pigment in unterschiedlichen S\u00e4ttigungen und friere das Wasser ein. Dann zeichne ich mit diesem Gefrorenen w\u00e4hrend es auf dem Papier schmilzt. Ich sch\u00e4tze die Herausforderung beim Versuch, das zu kontrollieren. Und ich mag, wie das Eis verschwindet w\u00e4hrend ich arbeite. Ich habe auch Papierbahnen, Tapeten aus verschiedenen Kombinationen dieser St\u00fccke hergestellt.<\/p>\n<p><u>Lines Fiction: Du pr\u00e4sentierst oft deine gro\u00dfen Aquarelle zusammen mit einer Animation. Wie siehst du die Verbindung zwischen diesen Medien in deiner Arbeit?<\/u><\/p>\n<p>Chris Doyle: Papier ist unerl\u00e4sslich f\u00fcr Aquarelle. Lange Zeit habe ich keinen guten Weg gefunden, diese beiden medialen Prozesse, Aquarell und Animation zusammenzubringen. Als Kompromiss habe ich sie meist Seite an Seite gezeigt. Die Ideen haben sich \u00fcberschnitten, aber sind formal getrennt geblieben. Dann kam ich zum Projekt <em>Idyllwild<\/em>, das sich sehr anders entwickelte. Es war beinahe wie ein Neuanfang. <em>Idyllwild<\/em> ist eine Zweikanal-Installation. Eigenentwickelte Software generiert Paare von Formen, eine Form auf dem Fu\u00dfboden und eine an der Wand. Die Formen sind wie Fenster oder Portale zu einem st\u00e4ndig wechselnden Himmel. Aber dieser Himmel entsteht durch das Filmen von Wasserfarbe, die sich auf dem Papier bewegt. Das handgemachte Werk wird gerahmt durch das digitale Programm.<\/p>\n<p>Seither bringe ich regelm\u00e4\u00dfig diese beiden Arbeitsweisen in der Installation zusammen. Die Aquarelle <em>frozen waterfall<\/em> tauchen in <em>The Fluid<\/em> auf, einer Dreikanal-Animation, die eine Meditation \u00fcber Wasser in Relation zu den Klimaextremen ist, die wir jetzt in Amerika erleben: D\u00fcrre im Westen, Flut im Osten. Da ist es naheliegend, dass ein Kunstwerk \u00fcber Wasser zum Teil aus Wasser entsteht.<\/p>\n<p><a href=\"http:\/\/chrisdoylestudio.com\/\" target=\"_blank\">chrisdoylestudio.com\/<\/a><\/p>\n","protected":false},"excerpt":{"rendered":"<p>Lines Fiction: In diesen Tagen kommen Fl\u00fcchtlinge in gro\u00dfen Zahlen an unsere Grenzen und ihre Fluchtgr\u00fcnde geraten bei den Diskussionen dar\u00fcber immer wieder aus dem Blickfeld. Dein Projekt Apokalypse Management von 2009 beschreibt nun keine bestimmtes Desaster, sondern bringt eine &hellip;<\/p>\n<p class=\"read-more\"> <a class=\"more-link\" href=\"https:\/\/linesfiction.de\/lfd\/lines-fiction-online\/a-l\/chris-doyle\/\"> <span class=\"screen-reader-text\">Chris Doyle<\/span> Weiterlesen &raquo;<\/a><\/p>\n","protected":false},"author":7,"featured_media":0,"parent":501,"menu_order":0,"comment_status":"closed","ping_status":"closed","template":"content-sidebar-page.php","meta":{"footnotes":""},"class_list":["post-1343","page","type-page","status-publish","hentry"],"yoast_head":"<!-- This site is optimized with the Yoast SEO plugin v27.3 - https:\/\/yoast.com\/product\/yoast-seo-wordpress\/ -->\n<title>Chris Doyle - Lines Fiction \u2605 Zeichnung &amp; Animation \u2605<\/title>\n<meta name=\"robots\" content=\"index, follow, max-snippet:-1, max-image-preview:large, max-video-preview:-1\" \/>\n<link rel=\"canonical\" href=\"https:\/\/linesfiction.de\/lfd\/lines-fiction-online\/a-l\/chris-doyle\/\" \/>\n<meta property=\"og:locale\" content=\"de_DE\" \/>\n<meta property=\"og:type\" content=\"article\" \/>\n<meta property=\"og:title\" content=\"Chris Doyle - Lines Fiction \u2605 Zeichnung &amp; Animation \u2605\" \/>\n<meta property=\"og:description\" content=\"Lines Fiction: In diesen Tagen kommen Fl\u00fcchtlinge in gro\u00dfen Zahlen an unsere Grenzen und ihre Fluchtgr\u00fcnde geraten bei den Diskussionen dar\u00fcber immer wieder aus dem Blickfeld. Dein Projekt Apokalypse Management von 2009 beschreibt nun keine bestimmtes Desaster, sondern bringt eine &hellip; Chris Doyle Weiterlesen &raquo;\" \/>\n<meta property=\"og:url\" content=\"https:\/\/linesfiction.de\/lfd\/lines-fiction-online\/a-l\/chris-doyle\/\" \/>\n<meta property=\"og:site_name\" content=\"Lines Fiction \u2605 Zeichnung &amp; Animation \u2605\" \/>\n<meta property=\"article:publisher\" content=\"https:\/\/www.facebook.com\/linesfiction\/\" \/>\n<meta property=\"article:modified_time\" content=\"2016-02-01T10:22:30+00:00\" \/>\n<meta name=\"twitter:card\" content=\"summary_large_image\" \/>\n<meta name=\"twitter:site\" content=\"@linesfiction\" \/>\n<meta name=\"twitter:label1\" content=\"Gesch\u00e4tzte Lesezeit\" \/>\n\t<meta name=\"twitter:data1\" content=\"4\u00a0Minuten\" \/>\n<script type=\"application\/ld+json\" class=\"yoast-schema-graph\">{\"@context\":\"https:\\\/\\\/schema.org\",\"@graph\":[{\"@type\":\"WebPage\",\"@id\":\"https:\\\/\\\/linesfiction.de\\\/lfd\\\/lines-fiction-online\\\/a-l\\\/chris-doyle\\\/\",\"url\":\"https:\\\/\\\/linesfiction.de\\\/lfd\\\/lines-fiction-online\\\/a-l\\\/chris-doyle\\\/\",\"name\":\"Chris Doyle - Lines Fiction \u2605 Zeichnung &amp; Animation \u2605\",\"isPartOf\":{\"@id\":\"https:\\\/\\\/linesfiction.de\\\/lfd\\\/#website\"},\"datePublished\":\"2016-01-19T18:06:39+00:00\",\"dateModified\":\"2016-02-01T10:22:30+00:00\",\"breadcrumb\":{\"@id\":\"https:\\\/\\\/linesfiction.de\\\/lfd\\\/lines-fiction-online\\\/a-l\\\/chris-doyle\\\/#breadcrumb\"},\"inLanguage\":\"de\",\"potentialAction\":[{\"@type\":\"ReadAction\",\"target\":[\"https:\\\/\\\/linesfiction.de\\\/lfd\\\/lines-fiction-online\\\/a-l\\\/chris-doyle\\\/\"]}]},{\"@type\":\"BreadcrumbList\",\"@id\":\"https:\\\/\\\/linesfiction.de\\\/lfd\\\/lines-fiction-online\\\/a-l\\\/chris-doyle\\\/#breadcrumb\",\"itemListElement\":[{\"@type\":\"ListItem\",\"position\":1,\"name\":\"Startseite\",\"item\":\"https:\\\/\\\/linesfiction.de\\\/lfd\\\/\"},{\"@type\":\"ListItem\",\"position\":2,\"name\":\"Lines Fiction online\",\"item\":\"https:\\\/\\\/linesfiction.de\\\/lfd\\\/lines-fiction-online\\\/\"},{\"@type\":\"ListItem\",\"position\":3,\"name\":\"A &#8211; L\",\"item\":\"https:\\\/\\\/linesfiction.de\\\/lfd\\\/lines-fiction-online\\\/a-l\\\/\"},{\"@type\":\"ListItem\",\"position\":4,\"name\":\"Chris Doyle\"}]},{\"@type\":\"WebSite\",\"@id\":\"https:\\\/\\\/linesfiction.de\\\/lfd\\\/#website\",\"url\":\"https:\\\/\\\/linesfiction.de\\\/lfd\\\/\",\"name\":\"Lines Fiction - Zeichnung & Animation - Drawing & Animation\",\"description\":\"\",\"publisher\":{\"@id\":\"https:\\\/\\\/linesfiction.de\\\/lfd\\\/#organization\"},\"potentialAction\":[{\"@type\":\"SearchAction\",\"target\":{\"@type\":\"EntryPoint\",\"urlTemplate\":\"https:\\\/\\\/linesfiction.de\\\/lfd\\\/?s={search_term_string}\"},\"query-input\":{\"@type\":\"PropertyValueSpecification\",\"valueRequired\":true,\"valueName\":\"search_term_string\"}}],\"inLanguage\":\"de\"},{\"@type\":\"Organization\",\"@id\":\"https:\\\/\\\/linesfiction.de\\\/lfd\\\/#organization\",\"name\":\"Lines Fiction\",\"url\":\"https:\\\/\\\/linesfiction.de\\\/lfd\\\/\",\"logo\":{\"@type\":\"ImageObject\",\"inLanguage\":\"de\",\"@id\":\"https:\\\/\\\/linesfiction.de\\\/lfd\\\/#\\\/schema\\\/logo\\\/image\\\/\",\"url\":\"https:\\\/\\\/linesfiction.de\\\/lfd\\\/wp-content\\\/uploads\\\/2022\\\/12\\\/linesfiction_logo_instagram.jpg\",\"contentUrl\":\"https:\\\/\\\/linesfiction.de\\\/lfd\\\/wp-content\\\/uploads\\\/2022\\\/12\\\/linesfiction_logo_instagram.jpg\",\"width\":1080,\"height\":1077,\"caption\":\"Lines Fiction\"},\"image\":{\"@id\":\"https:\\\/\\\/linesfiction.de\\\/lfd\\\/#\\\/schema\\\/logo\\\/image\\\/\"},\"sameAs\":[\"https:\\\/\\\/www.facebook.com\\\/linesfiction\\\/\",\"https:\\\/\\\/x.com\\\/linesfiction\",\"https:\\\/\\\/www.instagram.com\\\/linesfiction\\\/\"]}]}<\/script>\n<!-- \/ Yoast SEO plugin. -->","yoast_head_json":{"title":"Chris Doyle - Lines Fiction \u2605 Zeichnung &amp; Animation \u2605","robots":{"index":"index","follow":"follow","max-snippet":"max-snippet:-1","max-image-preview":"max-image-preview:large","max-video-preview":"max-video-preview:-1"},"canonical":"https:\/\/linesfiction.de\/lfd\/lines-fiction-online\/a-l\/chris-doyle\/","og_locale":"de_DE","og_type":"article","og_title":"Chris Doyle - Lines Fiction \u2605 Zeichnung &amp; Animation \u2605","og_description":"Lines Fiction: In diesen Tagen kommen Fl\u00fcchtlinge in gro\u00dfen Zahlen an unsere Grenzen und ihre Fluchtgr\u00fcnde geraten bei den Diskussionen dar\u00fcber immer wieder aus dem Blickfeld. Dein Projekt Apokalypse Management von 2009 beschreibt nun keine bestimmtes Desaster, sondern bringt eine &hellip; Chris Doyle Weiterlesen &raquo;","og_url":"https:\/\/linesfiction.de\/lfd\/lines-fiction-online\/a-l\/chris-doyle\/","og_site_name":"Lines Fiction \u2605 Zeichnung &amp; Animation \u2605","article_publisher":"https:\/\/www.facebook.com\/linesfiction\/","article_modified_time":"2016-02-01T10:22:30+00:00","twitter_card":"summary_large_image","twitter_site":"@linesfiction","twitter_misc":{"Gesch\u00e4tzte Lesezeit":"4\u00a0Minuten"},"schema":{"@context":"https:\/\/schema.org","@graph":[{"@type":"WebPage","@id":"https:\/\/linesfiction.de\/lfd\/lines-fiction-online\/a-l\/chris-doyle\/","url":"https:\/\/linesfiction.de\/lfd\/lines-fiction-online\/a-l\/chris-doyle\/","name":"Chris Doyle - Lines Fiction \u2605 Zeichnung &amp; Animation \u2605","isPartOf":{"@id":"https:\/\/linesfiction.de\/lfd\/#website"},"datePublished":"2016-01-19T18:06:39+00:00","dateModified":"2016-02-01T10:22:30+00:00","breadcrumb":{"@id":"https:\/\/linesfiction.de\/lfd\/lines-fiction-online\/a-l\/chris-doyle\/#breadcrumb"},"inLanguage":"de","potentialAction":[{"@type":"ReadAction","target":["https:\/\/linesfiction.de\/lfd\/lines-fiction-online\/a-l\/chris-doyle\/"]}]},{"@type":"BreadcrumbList","@id":"https:\/\/linesfiction.de\/lfd\/lines-fiction-online\/a-l\/chris-doyle\/#breadcrumb","itemListElement":[{"@type":"ListItem","position":1,"name":"Startseite","item":"https:\/\/linesfiction.de\/lfd\/"},{"@type":"ListItem","position":2,"name":"Lines Fiction online","item":"https:\/\/linesfiction.de\/lfd\/lines-fiction-online\/"},{"@type":"ListItem","position":3,"name":"A &#8211; L","item":"https:\/\/linesfiction.de\/lfd\/lines-fiction-online\/a-l\/"},{"@type":"ListItem","position":4,"name":"Chris Doyle"}]},{"@type":"WebSite","@id":"https:\/\/linesfiction.de\/lfd\/#website","url":"https:\/\/linesfiction.de\/lfd\/","name":"Lines Fiction - Zeichnung & Animation - Drawing & Animation","description":"","publisher":{"@id":"https:\/\/linesfiction.de\/lfd\/#organization"},"potentialAction":[{"@type":"SearchAction","target":{"@type":"EntryPoint","urlTemplate":"https:\/\/linesfiction.de\/lfd\/?s={search_term_string}"},"query-input":{"@type":"PropertyValueSpecification","valueRequired":true,"valueName":"search_term_string"}}],"inLanguage":"de"},{"@type":"Organization","@id":"https:\/\/linesfiction.de\/lfd\/#organization","name":"Lines Fiction","url":"https:\/\/linesfiction.de\/lfd\/","logo":{"@type":"ImageObject","inLanguage":"de","@id":"https:\/\/linesfiction.de\/lfd\/#\/schema\/logo\/image\/","url":"https:\/\/linesfiction.de\/lfd\/wp-content\/uploads\/2022\/12\/linesfiction_logo_instagram.jpg","contentUrl":"https:\/\/linesfiction.de\/lfd\/wp-content\/uploads\/2022\/12\/linesfiction_logo_instagram.jpg","width":1080,"height":1077,"caption":"Lines Fiction"},"image":{"@id":"https:\/\/linesfiction.de\/lfd\/#\/schema\/logo\/image\/"},"sameAs":["https:\/\/www.facebook.com\/linesfiction\/","https:\/\/x.com\/linesfiction","https:\/\/www.instagram.com\/linesfiction\/"]}]}},"_links":{"self":[{"href":"https:\/\/linesfiction.de\/lfd\/wp-json\/wp\/v2\/pages\/1343","targetHints":{"allow":["GET"]}}],"collection":[{"href":"https:\/\/linesfiction.de\/lfd\/wp-json\/wp\/v2\/pages"}],"about":[{"href":"https:\/\/linesfiction.de\/lfd\/wp-json\/wp\/v2\/types\/page"}],"author":[{"embeddable":true,"href":"https:\/\/linesfiction.de\/lfd\/wp-json\/wp\/v2\/users\/7"}],"replies":[{"embeddable":true,"href":"https:\/\/linesfiction.de\/lfd\/wp-json\/wp\/v2\/comments?post=1343"}],"version-history":[{"count":22,"href":"https:\/\/linesfiction.de\/lfd\/wp-json\/wp\/v2\/pages\/1343\/revisions"}],"predecessor-version":[{"id":1370,"href":"https:\/\/linesfiction.de\/lfd\/wp-json\/wp\/v2\/pages\/1343\/revisions\/1370"}],"up":[{"embeddable":true,"href":"https:\/\/linesfiction.de\/lfd\/wp-json\/wp\/v2\/pages\/501"}],"wp:attachment":[{"href":"https:\/\/linesfiction.de\/lfd\/wp-json\/wp\/v2\/media?parent=1343"}],"curies":[{"name":"wp","href":"https:\/\/api.w.org\/{rel}","templated":true}]}}