{"id":1435,"date":"2016-12-12T11:07:47","date_gmt":"2016-12-12T10:07:47","guid":{"rendered":"http:\/\/linesfiction.de\/lfd\/?page_id=1435"},"modified":"2016-12-19T00:13:29","modified_gmt":"2016-12-18T23:13:29","slug":"robert-seidel","status":"publish","type":"page","link":"https:\/\/linesfiction.de\/lfd\/lines-fiction-online\/m-z\/robert-seidel\/","title":{"rendered":"Robert Seidel"},"content":{"rendered":"<p><u>Lines Fiction: F\u00fcr das internationale Filmfestival Punto y Raya 2016 im ZKM Karlsruhe warst du eingeladen, eine \u00dcbersicht \u00fcber die Experimental- filmszene in Deutschland vorzustellen.<br \/>\nBemerkenswert ist es, dass Punto y Raya als das \u201eabstrakteste Filmfestival der Welt\u201c gilt.<br \/>\nZwar werden die Gegens\u00e4tze \u201efigurativ\u201c \u2013 \u201enicht figurativ\u201c in der Gegenwartskunst nicht mehr so hei\u00df diskutiert wie fr\u00fcher, rein abstrakte Filme in der Tradition des Absoluten Kinos findet man in der zeitgen\u00f6ssischen Kunst aber seltener als narrative Ans\u00e4tze.<\/u><\/p>\n<p>Robert Seidel: Es ist wirklich erstaunlich, denn in der Malerei und der Fotografie ist die Abstraktion als eigenst\u00e4ndige Str\u00f6mung v\u00f6llig akzeptiert, w\u00e4hrend das Bewegtbild oft eingeengt wahrgenommen wird. Bei meinem Screening \u201eKnorpelwerke\u201c f\u00fcr Punto y Raya habe ich bewusst auch Randbereiche der Abstraktion in den Fokus genommen und \u201ekunstferne\u201c Formate, etwa Musikvideos gezeigt. Da viele K\u00fcnstler, ich eingenommen, abstrakte Konzepte in installativen Hybridformen verfolgen, habe ich sogar die in den Installationen verwobenen Filme isoliert im Screening gezeigt. Ich fand es teilweise \u00fcberw\u00e4ltigend, wie sich manche Arbeiten in der Black Box des Kinosaals entfalteten.<\/p>\n<p><u>Lines Fiction: Wie bist du zu deinen abstrakten Bildwelten gekommen?<\/u><\/p>\n<p>Robert Seidel: Ich habe schon immer gezeichnet und mich schon zu Schulzeiten im Skizzieren von Details, etwa von Steinen oder Pflanzen verloren. Aber ich mochte es auch sehr im Zug oder Auto zu sitzen und beim Zeichnen durch die Fahrzeugbewegung abgelenkt zu werden und unkontrollierte Linienverl\u00e4ufe auf das Blatt zu bringen. Letztendlich hatte ich das Gl\u00fcck, dass meine Eltern mir schon fr\u00fch den Zugang zu einem Computer erm\u00f6glicht haben (was zu DDR-Zeiten nicht so einfach war) und so haben mich die Zeichenprogramme, 3D-Modellierung, Programmiersprachen oder Fraktalgeneratoren in den Bann gezogen. Je tiefer ich in diese M\u00f6glichkeiten eingetaucht bin, umso klarer wurde mir, dass der Computer es erlaubt \u201edas Ungesehene\u201c umzusetzen, da er keinen Beschr\u00e4nkungen, egal ob physikalisch, zeitlich oder r\u00e4umlich unterworfen ist. Aber die \u201ek\u00fcnstlerische Initialz\u00fcndung\u201c war, wie bei vielen, Marcel Duchamps Gem\u00e4lde \u201eAkt, eine Treppe herabsteigend Nr. 2\u201c, welches f\u00fcr mich erstmalig die Br\u00fccke zwischen etwas Realem und dem Abstrakten auf eine absolut schl\u00fcssige Art und Weise schlug. <\/p>\n<p><u>Lines Fiction: Und wie setzten sich diese Haltungen in deinen eigenen Arbeiten fort?<\/u><\/p>\n<p>Robert Seidel: Meine ersten, wirklich k\u00fcnstlerisch ausformulierten Arbeiten sind klassische Experimentalfilme, beispielsweise _grau oder E3. Diese wurde auf zahlreichen Film- und Kunstfilmfestivals gezeigt. Erst im Vergleich zu den ersten Ausstellungen in Kunstinstitutionen wurden mir dir Vorteile des konzentrierten Kinoerlebnisses gewahr \u2013 wenn deine monatelang ausbalancierter Film im neon-durchflutetenden White Cube mit schlechter Akustik gezeigt wird, geht einiges an Wirkung verloren. Das liegt nat\u00fcrlich wie im musealen Bereich so oft an den knappen Budgets und der beschr\u00e4nkten technischen Expertise. Daher bin ich auf Geb\u00e4udeprojektionen und Videoinstallationen ausgewichen, um meine Vorstellungen von abstrakter Struktur, Textur und Bewegung kontrollierter pr\u00e4sentieren zu k\u00f6nnen.<\/p>\n<p><u>Lines Fiction: Bei der Laserperformance \u201emagnitude\u201c verl\u00e4sst du die Ausstellungsarchitekturen komplett und zeichnest mit Licht in einer Landschaft \u2013 ebenso ein Schritt zu etwas \u201eUngesehenem\u201c?<\/u><\/p>\n<p>Robert Seidel: Die Zeichnung ist bei all meinen Arbeiten Vorstudie, taucht aber selten in Ausstellungen auf. W\u00e4hrend meines Aufenthaltes bei Epicenter Projects in Kalifornien fand ich es herausfordernd auf W\u00fcste und Canyons am San-Andreas-Graben direkt als Zeichenfl\u00e4che zu benutzen. Die Lasertechnik wird in dieser Gegend f\u00fcr Landvermessung und Erdbebenerkennung eingesetzt, also schien mir die k\u00fcnstlerische Umnutzung folgerichtig. Da diese performativen Lichtzeichnungen teilweise mehrere Kilometer gro\u00df sind, lie\u00df sich das ganze nur mittels Langzeitbelichtung umfassend einfangen. Meine Reaktionen auf die unterschiedlichen Landschaftstopologien und die daraus resultierenden Gesten lassen hier meine Zeichnungen das erste Mal als eigene Werkgruppe in den Vordergrund treten.<\/p>\n<p><u>Lines Fiction: Du nutzt neben digitale Zeichnungen auch Stift und Papier f\u00fcr die Vorlagen deiner Lichtinstallationen. Was bedeutet das analoge Zeichnen f\u00fcr dich?<\/u><\/p>\n<p>Robert Seidel: F\u00fcr die meisten Filme und Installationen f\u00fclle ich Skizzenb\u00fccher um ein Formenvokabular und Bewegungskonstellationen zu entwickeln. Diese baue ich dann aber nie eins zu eins nach, sondern nutze dieses spontane, oft gestische Repertoire um bei der zeitaufw\u00e4ndigen Arbeit in 3D-Software oder beim Bau von Projektionsskulpturen immer wieder neue Impulse zu bekommen. In den letzten Ausstellungen habe ich einige Buntstift-, Tusche- und Graphitzeichnungen gezeigt, die zeitlich nach dem Skizzieren entstanden sind und konzentrierter einzelne Aspekte, etwa Texturen und Choreographien der Filme vorwegnehmen. Mich reizt jedoch die Raumzeichnung, sei es auf eigene oder vorhandene Skulpturen, Geb\u00e4ude oder Landschaften st\u00e4rker, allerdings ist dieses intime Ringen mit dem Stift in der Hand inspirierend und flie\u00dft hoffentlich in mein n\u00e4chstes Filmprojekt ein. Ich muss nur noch eine schl\u00fcssige L\u00f6sung f\u00fcr die \u00dcbertragung in das Bewegtbild finden\u2026<\/p>\n<p><a href=\"http:\/\/www.robertseidel.com\" target=\"_blank\">www.robertseidel.com<\/a><br \/>\n****<\/p>\n<p>E3 (Experimentalfilm \/ experimental film, D\/UK 2002)<br \/>\nStill + Film: <a href=\"http:\/\/vimeo.com\/robertseidel\/e3\" target=\"_blank\">http:\/\/vimeo.com\/robertseidel\/e3<\/a><\/p>\n<p>_grau (Experimentalfilm \/ experimental film, D 2004)<br \/>\nSkizze + Film: <a href=\"http:\/\/vimeo.com\/robertseidel\/grau\" target=\"_blank\">http:\/\/vimeo.com\/robertseidel\/grau<\/a><\/p>\n<p>vitreous (Medienfassade und Installation \/ media fa\u00e7ade and installation, Target City Lights, D\/USA 2015)<br \/>\nSkizze + Film: <a href=\"http:\/\/vimeo.com\/robertseidel\/vitreous\" target=\"_blank\">http:\/\/vimeo.com\/robertseidel\/vitreous<\/a><\/p>\n","protected":false},"excerpt":{"rendered":"<p>Lines Fiction: F\u00fcr das internationale Filmfestival Punto y Raya 2016 im ZKM Karlsruhe warst du eingeladen, eine \u00dcbersicht \u00fcber die Experimental- filmszene in Deutschland vorzustellen. Bemerkenswert ist es, dass Punto y Raya als das \u201eabstrakteste Filmfestival der Welt\u201c gilt. Zwar &hellip;<\/p>\n<p class=\"read-more\"> <a class=\"more-link\" href=\"https:\/\/linesfiction.de\/lfd\/lines-fiction-online\/m-z\/robert-seidel\/\"> <span class=\"screen-reader-text\">Robert Seidel<\/span> Weiterlesen &raquo;<\/a><\/p>\n","protected":false},"author":7,"featured_media":0,"parent":503,"menu_order":0,"comment_status":"closed","ping_status":"closed","template":"content-sidebar-page.php","meta":{"footnotes":""},"class_list":["post-1435","page","type-page","status-publish","hentry"],"yoast_head":"<!-- This site is optimized with the Yoast SEO plugin v27.3 - https:\/\/yoast.com\/product\/yoast-seo-wordpress\/ -->\n<title>Robert Seidel - Lines Fiction \u2605 Zeichnung &amp; Animation \u2605<\/title>\n<meta name=\"robots\" content=\"index, follow, max-snippet:-1, max-image-preview:large, max-video-preview:-1\" \/>\n<link rel=\"canonical\" href=\"https:\/\/linesfiction.de\/lfd\/lines-fiction-online\/m-z\/robert-seidel\/\" \/>\n<meta property=\"og:locale\" content=\"de_DE\" \/>\n<meta property=\"og:type\" content=\"article\" \/>\n<meta property=\"og:title\" content=\"Robert Seidel - Lines Fiction \u2605 Zeichnung &amp; Animation \u2605\" \/>\n<meta property=\"og:description\" content=\"Lines Fiction: F\u00fcr das internationale Filmfestival Punto y Raya 2016 im ZKM Karlsruhe warst du eingeladen, eine \u00dcbersicht \u00fcber die Experimental- filmszene in Deutschland vorzustellen. Bemerkenswert ist es, dass Punto y Raya als das \u201eabstrakteste Filmfestival der Welt\u201c gilt. Zwar &hellip; Robert Seidel Weiterlesen &raquo;\" \/>\n<meta property=\"og:url\" content=\"https:\/\/linesfiction.de\/lfd\/lines-fiction-online\/m-z\/robert-seidel\/\" \/>\n<meta property=\"og:site_name\" content=\"Lines Fiction \u2605 Zeichnung &amp; Animation \u2605\" \/>\n<meta property=\"article:publisher\" content=\"https:\/\/www.facebook.com\/linesfiction\/\" \/>\n<meta property=\"article:modified_time\" content=\"2016-12-18T23:13:29+00:00\" \/>\n<meta name=\"twitter:card\" content=\"summary_large_image\" \/>\n<meta name=\"twitter:site\" content=\"@linesfiction\" \/>\n<meta name=\"twitter:label1\" content=\"Gesch\u00e4tzte Lesezeit\" \/>\n\t<meta name=\"twitter:data1\" content=\"4\u00a0Minuten\" \/>\n<script type=\"application\/ld+json\" class=\"yoast-schema-graph\">{\"@context\":\"https:\\\/\\\/schema.org\",\"@graph\":[{\"@type\":\"WebPage\",\"@id\":\"https:\\\/\\\/linesfiction.de\\\/lfd\\\/lines-fiction-online\\\/m-z\\\/robert-seidel\\\/\",\"url\":\"https:\\\/\\\/linesfiction.de\\\/lfd\\\/lines-fiction-online\\\/m-z\\\/robert-seidel\\\/\",\"name\":\"Robert Seidel - Lines Fiction \u2605 Zeichnung &amp; Animation \u2605\",\"isPartOf\":{\"@id\":\"https:\\\/\\\/linesfiction.de\\\/lfd\\\/#website\"},\"datePublished\":\"2016-12-12T10:07:47+00:00\",\"dateModified\":\"2016-12-18T23:13:29+00:00\",\"breadcrumb\":{\"@id\":\"https:\\\/\\\/linesfiction.de\\\/lfd\\\/lines-fiction-online\\\/m-z\\\/robert-seidel\\\/#breadcrumb\"},\"inLanguage\":\"de\",\"potentialAction\":[{\"@type\":\"ReadAction\",\"target\":[\"https:\\\/\\\/linesfiction.de\\\/lfd\\\/lines-fiction-online\\\/m-z\\\/robert-seidel\\\/\"]}]},{\"@type\":\"BreadcrumbList\",\"@id\":\"https:\\\/\\\/linesfiction.de\\\/lfd\\\/lines-fiction-online\\\/m-z\\\/robert-seidel\\\/#breadcrumb\",\"itemListElement\":[{\"@type\":\"ListItem\",\"position\":1,\"name\":\"Startseite\",\"item\":\"https:\\\/\\\/linesfiction.de\\\/lfd\\\/\"},{\"@type\":\"ListItem\",\"position\":2,\"name\":\"Lines Fiction online\",\"item\":\"https:\\\/\\\/linesfiction.de\\\/lfd\\\/lines-fiction-online\\\/\"},{\"@type\":\"ListItem\",\"position\":3,\"name\":\"M &#8211; Z\",\"item\":\"https:\\\/\\\/linesfiction.de\\\/lfd\\\/lines-fiction-online\\\/m-z\\\/\"},{\"@type\":\"ListItem\",\"position\":4,\"name\":\"Robert Seidel\"}]},{\"@type\":\"WebSite\",\"@id\":\"https:\\\/\\\/linesfiction.de\\\/lfd\\\/#website\",\"url\":\"https:\\\/\\\/linesfiction.de\\\/lfd\\\/\",\"name\":\"Lines Fiction - Zeichnung & Animation - Drawing & Animation\",\"description\":\"\",\"publisher\":{\"@id\":\"https:\\\/\\\/linesfiction.de\\\/lfd\\\/#organization\"},\"potentialAction\":[{\"@type\":\"SearchAction\",\"target\":{\"@type\":\"EntryPoint\",\"urlTemplate\":\"https:\\\/\\\/linesfiction.de\\\/lfd\\\/?s={search_term_string}\"},\"query-input\":{\"@type\":\"PropertyValueSpecification\",\"valueRequired\":true,\"valueName\":\"search_term_string\"}}],\"inLanguage\":\"de\"},{\"@type\":\"Organization\",\"@id\":\"https:\\\/\\\/linesfiction.de\\\/lfd\\\/#organization\",\"name\":\"Lines Fiction\",\"url\":\"https:\\\/\\\/linesfiction.de\\\/lfd\\\/\",\"logo\":{\"@type\":\"ImageObject\",\"inLanguage\":\"de\",\"@id\":\"https:\\\/\\\/linesfiction.de\\\/lfd\\\/#\\\/schema\\\/logo\\\/image\\\/\",\"url\":\"https:\\\/\\\/linesfiction.de\\\/lfd\\\/wp-content\\\/uploads\\\/2022\\\/12\\\/linesfiction_logo_instagram.jpg\",\"contentUrl\":\"https:\\\/\\\/linesfiction.de\\\/lfd\\\/wp-content\\\/uploads\\\/2022\\\/12\\\/linesfiction_logo_instagram.jpg\",\"width\":1080,\"height\":1077,\"caption\":\"Lines Fiction\"},\"image\":{\"@id\":\"https:\\\/\\\/linesfiction.de\\\/lfd\\\/#\\\/schema\\\/logo\\\/image\\\/\"},\"sameAs\":[\"https:\\\/\\\/www.facebook.com\\\/linesfiction\\\/\",\"https:\\\/\\\/x.com\\\/linesfiction\",\"https:\\\/\\\/www.instagram.com\\\/linesfiction\\\/\"]}]}<\/script>\n<!-- \/ Yoast SEO plugin. -->","yoast_head_json":{"title":"Robert Seidel - Lines Fiction \u2605 Zeichnung &amp; Animation \u2605","robots":{"index":"index","follow":"follow","max-snippet":"max-snippet:-1","max-image-preview":"max-image-preview:large","max-video-preview":"max-video-preview:-1"},"canonical":"https:\/\/linesfiction.de\/lfd\/lines-fiction-online\/m-z\/robert-seidel\/","og_locale":"de_DE","og_type":"article","og_title":"Robert Seidel - Lines Fiction \u2605 Zeichnung &amp; Animation \u2605","og_description":"Lines Fiction: F\u00fcr das internationale Filmfestival Punto y Raya 2016 im ZKM Karlsruhe warst du eingeladen, eine \u00dcbersicht \u00fcber die Experimental- filmszene in Deutschland vorzustellen. Bemerkenswert ist es, dass Punto y Raya als das \u201eabstrakteste Filmfestival der Welt\u201c gilt. Zwar &hellip; Robert Seidel Weiterlesen &raquo;","og_url":"https:\/\/linesfiction.de\/lfd\/lines-fiction-online\/m-z\/robert-seidel\/","og_site_name":"Lines Fiction \u2605 Zeichnung &amp; Animation \u2605","article_publisher":"https:\/\/www.facebook.com\/linesfiction\/","article_modified_time":"2016-12-18T23:13:29+00:00","twitter_card":"summary_large_image","twitter_site":"@linesfiction","twitter_misc":{"Gesch\u00e4tzte Lesezeit":"4\u00a0Minuten"},"schema":{"@context":"https:\/\/schema.org","@graph":[{"@type":"WebPage","@id":"https:\/\/linesfiction.de\/lfd\/lines-fiction-online\/m-z\/robert-seidel\/","url":"https:\/\/linesfiction.de\/lfd\/lines-fiction-online\/m-z\/robert-seidel\/","name":"Robert Seidel - Lines Fiction \u2605 Zeichnung &amp; Animation \u2605","isPartOf":{"@id":"https:\/\/linesfiction.de\/lfd\/#website"},"datePublished":"2016-12-12T10:07:47+00:00","dateModified":"2016-12-18T23:13:29+00:00","breadcrumb":{"@id":"https:\/\/linesfiction.de\/lfd\/lines-fiction-online\/m-z\/robert-seidel\/#breadcrumb"},"inLanguage":"de","potentialAction":[{"@type":"ReadAction","target":["https:\/\/linesfiction.de\/lfd\/lines-fiction-online\/m-z\/robert-seidel\/"]}]},{"@type":"BreadcrumbList","@id":"https:\/\/linesfiction.de\/lfd\/lines-fiction-online\/m-z\/robert-seidel\/#breadcrumb","itemListElement":[{"@type":"ListItem","position":1,"name":"Startseite","item":"https:\/\/linesfiction.de\/lfd\/"},{"@type":"ListItem","position":2,"name":"Lines Fiction online","item":"https:\/\/linesfiction.de\/lfd\/lines-fiction-online\/"},{"@type":"ListItem","position":3,"name":"M &#8211; Z","item":"https:\/\/linesfiction.de\/lfd\/lines-fiction-online\/m-z\/"},{"@type":"ListItem","position":4,"name":"Robert Seidel"}]},{"@type":"WebSite","@id":"https:\/\/linesfiction.de\/lfd\/#website","url":"https:\/\/linesfiction.de\/lfd\/","name":"Lines Fiction - Zeichnung & Animation - Drawing & Animation","description":"","publisher":{"@id":"https:\/\/linesfiction.de\/lfd\/#organization"},"potentialAction":[{"@type":"SearchAction","target":{"@type":"EntryPoint","urlTemplate":"https:\/\/linesfiction.de\/lfd\/?s={search_term_string}"},"query-input":{"@type":"PropertyValueSpecification","valueRequired":true,"valueName":"search_term_string"}}],"inLanguage":"de"},{"@type":"Organization","@id":"https:\/\/linesfiction.de\/lfd\/#organization","name":"Lines Fiction","url":"https:\/\/linesfiction.de\/lfd\/","logo":{"@type":"ImageObject","inLanguage":"de","@id":"https:\/\/linesfiction.de\/lfd\/#\/schema\/logo\/image\/","url":"https:\/\/linesfiction.de\/lfd\/wp-content\/uploads\/2022\/12\/linesfiction_logo_instagram.jpg","contentUrl":"https:\/\/linesfiction.de\/lfd\/wp-content\/uploads\/2022\/12\/linesfiction_logo_instagram.jpg","width":1080,"height":1077,"caption":"Lines Fiction"},"image":{"@id":"https:\/\/linesfiction.de\/lfd\/#\/schema\/logo\/image\/"},"sameAs":["https:\/\/www.facebook.com\/linesfiction\/","https:\/\/x.com\/linesfiction","https:\/\/www.instagram.com\/linesfiction\/"]}]}},"_links":{"self":[{"href":"https:\/\/linesfiction.de\/lfd\/wp-json\/wp\/v2\/pages\/1435","targetHints":{"allow":["GET"]}}],"collection":[{"href":"https:\/\/linesfiction.de\/lfd\/wp-json\/wp\/v2\/pages"}],"about":[{"href":"https:\/\/linesfiction.de\/lfd\/wp-json\/wp\/v2\/types\/page"}],"author":[{"embeddable":true,"href":"https:\/\/linesfiction.de\/lfd\/wp-json\/wp\/v2\/users\/7"}],"replies":[{"embeddable":true,"href":"https:\/\/linesfiction.de\/lfd\/wp-json\/wp\/v2\/comments?post=1435"}],"version-history":[{"count":10,"href":"https:\/\/linesfiction.de\/lfd\/wp-json\/wp\/v2\/pages\/1435\/revisions"}],"predecessor-version":[{"id":1454,"href":"https:\/\/linesfiction.de\/lfd\/wp-json\/wp\/v2\/pages\/1435\/revisions\/1454"}],"up":[{"embeddable":true,"href":"https:\/\/linesfiction.de\/lfd\/wp-json\/wp\/v2\/pages\/503"}],"wp:attachment":[{"href":"https:\/\/linesfiction.de\/lfd\/wp-json\/wp\/v2\/media?parent=1435"}],"curies":[{"name":"wp","href":"https:\/\/api.w.org\/{rel}","templated":true}]}}