{"id":150,"date":"2012-01-10T13:33:45","date_gmt":"2012-01-10T12:33:45","guid":{"rendered":"http:\/\/linesfiction.de\/lfd\/?page_id=150"},"modified":"2025-04-06T22:40:33","modified_gmt":"2025-04-06T21:40:33","slug":"lines-fiction-offline","status":"publish","type":"page","link":"https:\/\/linesfiction.de\/lfd\/lines-fiction-offline\/","title":{"rendered":"Lines Fiction Offline"},"content":{"rendered":"\n<p>Lines Fiction taucht immer wieder offline mit Ausstellungen in Galerien, Museen und in unabh\u00e4ngigen Projektr\u00e4umen auf. Uns ist es wichtig, die analoge Zeichnung mit der digitalen k\u00fcnstlerischen Animation an einem Ort zusammenzubringen.<\/p>\n\n\n\n<div class=\"wp-block-columns is-layout-flex wp-container-core-columns-is-layout-9d6595d7 wp-block-columns-is-layout-flex\">\n<div class=\"wp-block-column is-layout-flow wp-block-column-is-layout-flow\">\n<figure class=\"wp-block-image size-large\"><img decoding=\"async\" src=\"https:\/\/linesfiction.de\/lfd\/wp-content\/uploads\/2012\/01\/special.jpg\" alt=\"\"\/><figcaption class=\"wp-element-caption\"><small>Lines Fiction @ Museum Folkwang<\/small><\/figcaption><\/figure>\n<\/div>\n\n\n\n<div class=\"wp-block-column is-layout-flow wp-block-column-is-layout-flow\">\n<ul class=\"wp-block-list\">\n<li><em><a href=\"https:\/\/linesfiction.de\/lfd\/filmrolle-2025\/\">Lines Fiction Filmrolle 2025<\/a><\/em><\/li>\n\n\n\n<li><em><a href=\"https:\/\/linesfiction.de\/lfd\/filmrolle-2024\/\">Lines Fiction Filmrolle 2024<\/a><\/em><\/li>\n\n\n\n<li><em><a href=\"https:\/\/linesfiction.de\/lfd\/index.php\/lines-fiction-filmrolle-film-reel\">Lines Fiction Filmrolle 2022<\/a><\/em><\/li>\n\n\n\n<li><a href=\"https:\/\/linesfiction.de\/lfd\/janssen-animiert-2021-2022\/\"><em>Janssen ANIMIERT 2021 | 2022<\/em><\/a><\/li>\n\n\n\n<li><em><a href=\"https:\/\/linesfiction.de\/lf\/zeichnungsraeume-hamburger-kunsthalle\/\">Lines Fiction in der Hamburger Kunsthalle<\/a><\/em><\/li>\n\n\n\n<li><em><a href=\"https:\/\/linesfiction.de\/lf\/move-the-line\/\">Horst Janssen Museum Oldenburg<\/a><\/em><\/li>\n\n\n\n<li><em><a href=\"https:\/\/linesfiction.de\/lf\/lines-fiction-2011\/2014-galerie-parterre-berlin\/\">Galerie Parterre, Berlin<\/a><\/em><\/li>\n\n\n\n<li><a href=\"https:\/\/linesfiction.de\/lf\/lines-fiction-2011\/oqbo-raum-fur-bild-wort-ton-berlin\/\"><em>oqbo \u2013 raum f\u00fcr bild wort ton, Berlin<\/em><\/a><\/li>\n\n\n\n<li><a href=\"https:\/\/linesfiction.de\/lf\/2013-linienscharen\/\"><em>Baden W\u00fcrttembergischer Kunstverein, Stuttgart<\/em><\/a><\/li>\n\n\n\n<li><a href=\"https:\/\/linesfiction.de\/lf\/lines-fiction-2011\/2012-kunst-raum-im-deutschen-bundestag-berlin\/\"><em>Kunst-Raum im Deutschen Bundestag, Berlin<\/em><\/a><\/li>\n\n\n\n<li><a href=\"https:\/\/linesfiction.de\/lf\/lines-fiction-2011\/2012-folkwang-museum-essen\/\"><em>Museum Folkwang, Essen<\/em><\/a><\/li>\n\n\n\n<li><a href=\"https:\/\/linesfiction.de\/lf\/lines-fiction-2011\/fruehsorge\/\"><em>Fr\u00fchsorge Contemporary Drawings, Berlin<\/em><\/a><\/li>\n<\/ul>\n<\/div>\n<\/div>\n","protected":false},"excerpt":{"rendered":"<p>Lines Fiction taucht immer wieder offline mit Ausstellungen in Galerien, Museen und in unabh\u00e4ngigen Projektr\u00e4umen auf. Uns ist es wichtig, die analoge Zeichnung mit der digitalen k\u00fcnstlerischen Animation an einem Ort zusammenzubringen.<\/p>\n","protected":false},"author":9,"featured_media":0,"parent":0,"menu_order":0,"comment_status":"closed","ping_status":"closed","template":"full-width-page.php","meta":{"footnotes":""},"class_list":["post-150","page","type-page","status-publish","hentry"],"yoast_head":"<!-- This site is optimized with the Yoast SEO plugin v27.3 - https:\/\/yoast.com\/product\/yoast-seo-wordpress\/ -->\n<title>Lines Fiction Offline - Lines Fiction \u2605 Zeichnung &amp; Animation \u2605<\/title>\n<meta name=\"description\" content=\"Lines Fiction offline in Galerien, Museen und in unabh\u00e4ngigen Projektr\u00e4umen pr\u00e4sentiert analoge Zeichnung und digitale Animation.\" \/>\n<meta name=\"robots\" content=\"index, follow, max-snippet:-1, max-image-preview:large, max-video-preview:-1\" \/>\n<link rel=\"canonical\" href=\"https:\/\/linesfiction.de\/lfd\/lines-fiction-offline\/\" \/>\n<meta property=\"og:locale\" content=\"de_DE\" \/>\n<meta property=\"og:type\" content=\"article\" \/>\n<meta property=\"og:title\" content=\"Lines Fiction Offline - Lines Fiction \u2605 Zeichnung &amp; Animation \u2605\" \/>\n<meta property=\"og:description\" content=\"Lines Fiction offline in Galerien, Museen und in unabh\u00e4ngigen Projektr\u00e4umen pr\u00e4sentiert analoge Zeichnung und digitale Animation.\" \/>\n<meta property=\"og:url\" content=\"https:\/\/linesfiction.de\/lfd\/lines-fiction-offline\/\" \/>\n<meta property=\"og:site_name\" content=\"Lines Fiction \u2605 Zeichnung &amp; Animation \u2605\" \/>\n<meta property=\"article:publisher\" content=\"https:\/\/www.facebook.com\/linesfiction\/\" \/>\n<meta property=\"article:modified_time\" content=\"2025-04-06T21:40:33+00:00\" \/>\n<meta property=\"og:image\" content=\"https:\/\/linesfiction.de\/lfd\/wp-content\/uploads\/2012\/01\/special.jpg\" \/>\n<meta name=\"twitter:card\" content=\"summary_large_image\" \/>\n<meta name=\"twitter:site\" content=\"@linesfiction\" \/>\n<meta name=\"twitter:label1\" content=\"Gesch\u00e4tzte Lesezeit\" \/>\n\t<meta name=\"twitter:data1\" content=\"1\u00a0Minute\" \/>\n<script type=\"application\/ld+json\" class=\"yoast-schema-graph\">{\"@context\":\"https:\\\/\\\/schema.org\",\"@graph\":[{\"@type\":\"WebPage\",\"@id\":\"https:\\\/\\\/linesfiction.de\\\/lfd\\\/lines-fiction-offline\\\/\",\"url\":\"https:\\\/\\\/linesfiction.de\\\/lfd\\\/lines-fiction-offline\\\/\",\"name\":\"Lines Fiction Offline - Lines Fiction \u2605 Zeichnung &amp; Animation \u2605\",\"isPartOf\":{\"@id\":\"https:\\\/\\\/linesfiction.de\\\/lfd\\\/#website\"},\"primaryImageOfPage\":{\"@id\":\"https:\\\/\\\/linesfiction.de\\\/lfd\\\/lines-fiction-offline\\\/#primaryimage\"},\"image\":{\"@id\":\"https:\\\/\\\/linesfiction.de\\\/lfd\\\/lines-fiction-offline\\\/#primaryimage\"},\"thumbnailUrl\":\"https:\\\/\\\/linesfiction.de\\\/lfd\\\/wp-content\\\/uploads\\\/2012\\\/01\\\/special.jpg\",\"datePublished\":\"2012-01-10T12:33:45+00:00\",\"dateModified\":\"2025-04-06T21:40:33+00:00\",\"description\":\"Lines Fiction offline in Galerien, Museen und in unabh\u00e4ngigen Projektr\u00e4umen pr\u00e4sentiert analoge Zeichnung und digitale Animation.\",\"breadcrumb\":{\"@id\":\"https:\\\/\\\/linesfiction.de\\\/lfd\\\/lines-fiction-offline\\\/#breadcrumb\"},\"inLanguage\":\"de\",\"potentialAction\":[{\"@type\":\"ReadAction\",\"target\":[\"https:\\\/\\\/linesfiction.de\\\/lfd\\\/lines-fiction-offline\\\/\"]}]},{\"@type\":\"ImageObject\",\"inLanguage\":\"de\",\"@id\":\"https:\\\/\\\/linesfiction.de\\\/lfd\\\/lines-fiction-offline\\\/#primaryimage\",\"url\":\"https:\\\/\\\/linesfiction.de\\\/lfd\\\/wp-content\\\/uploads\\\/2012\\\/01\\\/special.jpg\",\"contentUrl\":\"https:\\\/\\\/linesfiction.de\\\/lfd\\\/wp-content\\\/uploads\\\/2012\\\/01\\\/special.jpg\",\"width\":1417,\"height\":1071},{\"@type\":\"BreadcrumbList\",\"@id\":\"https:\\\/\\\/linesfiction.de\\\/lfd\\\/lines-fiction-offline\\\/#breadcrumb\",\"itemListElement\":[{\"@type\":\"ListItem\",\"position\":1,\"name\":\"Startseite\",\"item\":\"https:\\\/\\\/linesfiction.de\\\/lfd\\\/\"},{\"@type\":\"ListItem\",\"position\":2,\"name\":\"Lines Fiction Offline\"}]},{\"@type\":\"WebSite\",\"@id\":\"https:\\\/\\\/linesfiction.de\\\/lfd\\\/#website\",\"url\":\"https:\\\/\\\/linesfiction.de\\\/lfd\\\/\",\"name\":\"Lines Fiction - Zeichnung & Animation - Drawing & Animation\",\"description\":\"\",\"publisher\":{\"@id\":\"https:\\\/\\\/linesfiction.de\\\/lfd\\\/#organization\"},\"potentialAction\":[{\"@type\":\"SearchAction\",\"target\":{\"@type\":\"EntryPoint\",\"urlTemplate\":\"https:\\\/\\\/linesfiction.de\\\/lfd\\\/?s={search_term_string}\"},\"query-input\":{\"@type\":\"PropertyValueSpecification\",\"valueRequired\":true,\"valueName\":\"search_term_string\"}}],\"inLanguage\":\"de\"},{\"@type\":\"Organization\",\"@id\":\"https:\\\/\\\/linesfiction.de\\\/lfd\\\/#organization\",\"name\":\"Lines Fiction\",\"url\":\"https:\\\/\\\/linesfiction.de\\\/lfd\\\/\",\"logo\":{\"@type\":\"ImageObject\",\"inLanguage\":\"de\",\"@id\":\"https:\\\/\\\/linesfiction.de\\\/lfd\\\/#\\\/schema\\\/logo\\\/image\\\/\",\"url\":\"https:\\\/\\\/linesfiction.de\\\/lfd\\\/wp-content\\\/uploads\\\/2022\\\/12\\\/linesfiction_logo_instagram.jpg\",\"contentUrl\":\"https:\\\/\\\/linesfiction.de\\\/lfd\\\/wp-content\\\/uploads\\\/2022\\\/12\\\/linesfiction_logo_instagram.jpg\",\"width\":1080,\"height\":1077,\"caption\":\"Lines Fiction\"},\"image\":{\"@id\":\"https:\\\/\\\/linesfiction.de\\\/lfd\\\/#\\\/schema\\\/logo\\\/image\\\/\"},\"sameAs\":[\"https:\\\/\\\/www.facebook.com\\\/linesfiction\\\/\",\"https:\\\/\\\/x.com\\\/linesfiction\",\"https:\\\/\\\/www.instagram.com\\\/linesfiction\\\/\"]}]}<\/script>\n<!-- \/ Yoast SEO plugin. -->","yoast_head_json":{"title":"Lines Fiction Offline - Lines Fiction \u2605 Zeichnung &amp; Animation \u2605","description":"Lines Fiction offline in Galerien, Museen und in unabh\u00e4ngigen Projektr\u00e4umen pr\u00e4sentiert analoge Zeichnung und digitale Animation.","robots":{"index":"index","follow":"follow","max-snippet":"max-snippet:-1","max-image-preview":"max-image-preview:large","max-video-preview":"max-video-preview:-1"},"canonical":"https:\/\/linesfiction.de\/lfd\/lines-fiction-offline\/","og_locale":"de_DE","og_type":"article","og_title":"Lines Fiction Offline - Lines Fiction \u2605 Zeichnung &amp; Animation \u2605","og_description":"Lines Fiction offline in Galerien, Museen und in unabh\u00e4ngigen Projektr\u00e4umen pr\u00e4sentiert analoge Zeichnung und digitale Animation.","og_url":"https:\/\/linesfiction.de\/lfd\/lines-fiction-offline\/","og_site_name":"Lines Fiction \u2605 Zeichnung &amp; Animation \u2605","article_publisher":"https:\/\/www.facebook.com\/linesfiction\/","article_modified_time":"2025-04-06T21:40:33+00:00","og_image":[{"url":"https:\/\/linesfiction.de\/lfd\/wp-content\/uploads\/2012\/01\/special.jpg","type":"","width":"","height":""}],"twitter_card":"summary_large_image","twitter_site":"@linesfiction","twitter_misc":{"Gesch\u00e4tzte Lesezeit":"1\u00a0Minute"},"schema":{"@context":"https:\/\/schema.org","@graph":[{"@type":"WebPage","@id":"https:\/\/linesfiction.de\/lfd\/lines-fiction-offline\/","url":"https:\/\/linesfiction.de\/lfd\/lines-fiction-offline\/","name":"Lines Fiction Offline - Lines Fiction \u2605 Zeichnung &amp; Animation \u2605","isPartOf":{"@id":"https:\/\/linesfiction.de\/lfd\/#website"},"primaryImageOfPage":{"@id":"https:\/\/linesfiction.de\/lfd\/lines-fiction-offline\/#primaryimage"},"image":{"@id":"https:\/\/linesfiction.de\/lfd\/lines-fiction-offline\/#primaryimage"},"thumbnailUrl":"https:\/\/linesfiction.de\/lfd\/wp-content\/uploads\/2012\/01\/special.jpg","datePublished":"2012-01-10T12:33:45+00:00","dateModified":"2025-04-06T21:40:33+00:00","description":"Lines Fiction offline in Galerien, Museen und in unabh\u00e4ngigen Projektr\u00e4umen pr\u00e4sentiert analoge Zeichnung und digitale Animation.","breadcrumb":{"@id":"https:\/\/linesfiction.de\/lfd\/lines-fiction-offline\/#breadcrumb"},"inLanguage":"de","potentialAction":[{"@type":"ReadAction","target":["https:\/\/linesfiction.de\/lfd\/lines-fiction-offline\/"]}]},{"@type":"ImageObject","inLanguage":"de","@id":"https:\/\/linesfiction.de\/lfd\/lines-fiction-offline\/#primaryimage","url":"https:\/\/linesfiction.de\/lfd\/wp-content\/uploads\/2012\/01\/special.jpg","contentUrl":"https:\/\/linesfiction.de\/lfd\/wp-content\/uploads\/2012\/01\/special.jpg","width":1417,"height":1071},{"@type":"BreadcrumbList","@id":"https:\/\/linesfiction.de\/lfd\/lines-fiction-offline\/#breadcrumb","itemListElement":[{"@type":"ListItem","position":1,"name":"Startseite","item":"https:\/\/linesfiction.de\/lfd\/"},{"@type":"ListItem","position":2,"name":"Lines Fiction Offline"}]},{"@type":"WebSite","@id":"https:\/\/linesfiction.de\/lfd\/#website","url":"https:\/\/linesfiction.de\/lfd\/","name":"Lines Fiction - Zeichnung & Animation - Drawing & Animation","description":"","publisher":{"@id":"https:\/\/linesfiction.de\/lfd\/#organization"},"potentialAction":[{"@type":"SearchAction","target":{"@type":"EntryPoint","urlTemplate":"https:\/\/linesfiction.de\/lfd\/?s={search_term_string}"},"query-input":{"@type":"PropertyValueSpecification","valueRequired":true,"valueName":"search_term_string"}}],"inLanguage":"de"},{"@type":"Organization","@id":"https:\/\/linesfiction.de\/lfd\/#organization","name":"Lines Fiction","url":"https:\/\/linesfiction.de\/lfd\/","logo":{"@type":"ImageObject","inLanguage":"de","@id":"https:\/\/linesfiction.de\/lfd\/#\/schema\/logo\/image\/","url":"https:\/\/linesfiction.de\/lfd\/wp-content\/uploads\/2022\/12\/linesfiction_logo_instagram.jpg","contentUrl":"https:\/\/linesfiction.de\/lfd\/wp-content\/uploads\/2022\/12\/linesfiction_logo_instagram.jpg","width":1080,"height":1077,"caption":"Lines Fiction"},"image":{"@id":"https:\/\/linesfiction.de\/lfd\/#\/schema\/logo\/image\/"},"sameAs":["https:\/\/www.facebook.com\/linesfiction\/","https:\/\/x.com\/linesfiction","https:\/\/www.instagram.com\/linesfiction\/"]}]}},"_links":{"self":[{"href":"https:\/\/linesfiction.de\/lfd\/wp-json\/wp\/v2\/pages\/150","targetHints":{"allow":["GET"]}}],"collection":[{"href":"https:\/\/linesfiction.de\/lfd\/wp-json\/wp\/v2\/pages"}],"about":[{"href":"https:\/\/linesfiction.de\/lfd\/wp-json\/wp\/v2\/types\/page"}],"author":[{"embeddable":true,"href":"https:\/\/linesfiction.de\/lfd\/wp-json\/wp\/v2\/users\/9"}],"replies":[{"embeddable":true,"href":"https:\/\/linesfiction.de\/lfd\/wp-json\/wp\/v2\/comments?post=150"}],"version-history":[{"count":36,"href":"https:\/\/linesfiction.de\/lfd\/wp-json\/wp\/v2\/pages\/150\/revisions"}],"predecessor-version":[{"id":3931,"href":"https:\/\/linesfiction.de\/lfd\/wp-json\/wp\/v2\/pages\/150\/revisions\/3931"}],"wp:attachment":[{"href":"https:\/\/linesfiction.de\/lfd\/wp-json\/wp\/v2\/media?parent=150"}],"curies":[{"name":"wp","href":"https:\/\/api.w.org\/{rel}","templated":true}]}}