{"id":1530,"date":"2017-05-06T14:39:41","date_gmt":"2017-05-06T13:39:41","guid":{"rendered":"http:\/\/linesfiction.de\/lfd\/?page_id=1530"},"modified":"2017-05-29T14:57:59","modified_gmt":"2017-05-29T13:57:59","slug":"hanna-nitsch","status":"publish","type":"page","link":"https:\/\/linesfiction.de\/lfd\/lines-fiction-online\/m-z\/hanna-nitsch\/","title":{"rendered":"Hanna Nitsch"},"content":{"rendered":"<p><u>Lines Fiction: in deinen Zeichnungen und Collagen geht es um emotionale Signale, die nicht ohne weiteres in Worte zu fassen sind. Deine nicht figurativen Zeichnungen lassen sich wie Muster dieser Energien betrachten. Stellen sie f\u00fcr dich Kommentare dar oder sind sie eine Auseinandersetzung mit dem Zeichnen selbst?<\/u><\/p>\n<p>Hanna Nitsch: Ich besch\u00e4ftige mich schon seit einigen Jahren mit emotionalen zwischenmenschlichen Zust\u00e4nden, die ich versuche in Bilder zu \u00fcbertragen, aber auch mit emotionalen Zust\u00e4nden, die Bilder selbst ausl\u00f6sen k\u00f6nnen. Dabei ist die Zeichnung meiner Meinung nach der direkteste Weg. Zwischen einem Gef\u00fchl und einem Bild liegt sozusagen nur deine Hand, ein Stift und ein Blatt. Das Bild aber ist ein sehr komplexes Netzwerk aus simultanen Abh\u00e4ngigkeiten und Verflechtungen, Konstruktionen und illusionistischen Kodierungen.<br \/>\nNehmen wir an, Emotionen und ihre Kodierungen folgen bestimmten Mustern, so zeigen sie sich im Bild \u00fcber vier Wirkungsmechanismen:<br \/>\nForm und Farbe, Fl\u00e4che und Linie.<br \/>\nBei meinen Collagen habe ich mich zun\u00e4chst auf die Basisemotionen konzentriert wie z.B. Liebe oder Trauer, also leicht verst\u00e4ndliche und sofort erfassbare emotionale Zust\u00e4nde. Die \u201cHauptrolle\u201d \u00fcbernimmt hier, wie in vielen meiner anderen Arbeiten, meine j\u00fcngste Tochter Elisabeth. Sie spielt meinen jungen \u201cAlter Ego\u201d, eine Art Avatar, der stellvertretend f\u00fcr mich als K\u00fcnstlerin agiert.<\/p>\n<p>Als die Collage fertig war, habe ich angefangen, meine eigene Arbeit noch einmal zu untersuchen, und zwar \u00fcber die Zeichnung. Die abstrakten Zeichnungen sind demnach weniger ein Kommentar sondern eher das Ergebnis einer \u201cUntersuchung\u201d, eine emotionale Dekodierung. Ich habe verschiedene Konstruktionsschemata verwendet, z.B. den Villiardschen Teilungskanon, ein fr\u00fchgotisches Schemata basierend auf Koordinaten, Diagonalen und Symmetrien, aber auch den Goldenen Schnitt oder das Himmlische Mysterium von Jakob B\u00f6hme. Es entsteht sozusagen ein Modell der Konstruktion von Emotionen im Bild. Man kann diese zeichnerischen Muster tats\u00e4chlich wie Energiestr\u00f6me lesen, die sich vom Ausgangsbild losl\u00f6sen und verselbst\u00e4ndigen. Denn es geschieht etwas beim Zeichnen, das sich nicht gut erkl\u00e4ren l\u00e4sst. Es etabliert sich eine neue Form, ein zweites Bild unter dem ersten. Die Instabilit\u00e4t des Einen erm\u00f6glicht das Hervortreten des Anderen. Daher bergreife ich gerade diese Arbeiten auch als eine Auseinandersetzung mit dem Zeichnen an sich.<\/p>\n<p><u>Lines Fiction: Die Animation <em>Kissing David Beckham<\/em> zeigt die Collagen und Zeichnungen in Bewegung und bringen die <em>Emotion Codes<\/em> ins Flie\u00dfen. Wie f\u00fcgt die Animation deiner Auseinandersetzung eine weitere Dimension hinzu?<\/u><\/p>\n<p>Hanna Nitsch: Der wichtigste Aspekt, der mich dazu veranlasst hat, mich mit der Animation zu besch\u00e4ftigen, ist der zeitliche. Im \u201cstehenden\u201d Bild geschieht alles simultan und Zeit spielt keine Rolle.<br \/>\nNachdem ich die Collagen \u201cuntersucht\u201d hatte und die Zeichnung losgel\u00f6st daneben stand, war ein festes Muster von emotionalen Energiestr\u00f6men entstanden. Aber wie das Wort Strom schon impliziert, geht es ja eigentlich auch um Bewegung, also um das Flie\u00dfen.<br \/>\nDie Animation bietet mir die M\u00f6glichkeit, diese Bewegung darzustellen und den zeitlichen Aspekt mit einzubeziehen. Es erm\u00f6glicht mir, eine zus\u00e4tzliche Dimension zu etablieren, die f\u00fcr Emotionen ja auch grundlegend ist: Bewegung und Ver\u00e4nderung. Dieses \u201cIneinander\u00fcbergehen\u201d und Abl\u00f6sen von einer Form in die n\u00e4chste ist f\u00fcr mich nur \u00fcber das Bewegtbild darstellbar.<\/p>\n<p><u>Lines Fiction: In einer Diskussionsrunde habe ich erlebt, dass ein Zuschauer das Betrachten von Zeichnungen den bewegten Bildern vorzog, da Animationen mit ihrer unbedingten Richtung dem Blick weniger Freiheit bieten. Die j\u00fcngeren Betrachter kennen dieses Unbehagen weniger.<br \/>\nVon dir w\u00fcrde ich da gerne etwas \u00fcber deine deine Entscheidung erfahren:<br \/>\nIn der Ausstellung sieht man Collage und Zeichnung Seite an Seite, und du \u00fcberl\u00e4sst du es den Betrachtern, ihre eigene Geschwindigkeit im Erkennen des Zusammenspiels zwischen beiden zu finden. Die Animation mit ihren \u00dcberblendungen ist da zwingender.<br \/>\nZeigst du denn im Projekt <em>Kissing David Beckham<\/em> beides, Arbeiten auf Papier und Animation im selben Raum? Oder sind die Geschwindigkeiten der Wahrnehmung unvereinbar?<\/u><\/p>\n<p>Hanna Nitsch: Ja, im selben Raum. Ich lasse dem Betrachter da v\u00f6llige Freiheit, was er sich zuerst oder sogar gar nicht ansieht, aber ich mute ihm auch beides zu. Im Grunde sind in <em>Kissing David Beckham<\/em> ja auch beide Dimensionen wichtig und bedingen sich gegenseitig. Es ist dann auch gar nicht mehr ganz klar, was zuerst war, der \u201cFilm\u201d oder das \u201cstehende Bild\u201d. Rein theoretisch k\u00f6nnten Collage und Zeichnung ja auch Standbilder aus dem Film sein. Das Betrachten der Collage\/Zeichnungs-Paare konzentriert sich auf die Gegen\u00fcberstellung von Collage und abstrakter Zeichnung. Da hat das Auge schon einiges zu tun. Aber die Verbindung der einzelnen Energiemuster zu einem Energiefluss zeigt sich erst im Betrachten der Animation. Das erfordert nat\u00fcrlich die Bereitschaft sich auf einen Rhythmus einzulassen, der dem eigenen wom\u00f6glich nicht entspricht, zumal in der Animation ja auch Sound dabei ist, verschiedene Herzschl\u00e4ge, die sich im Laufe der Animation \u00fcberlagern und abl\u00f6sen und dadurch sehr rhythmisch erscheinen. Allerdings zeige ich die Animation nicht gro\u00df an die Wand projiziert &#8211; zwar schon zentral, aber in bescheidenen Ausma\u00dfen (z.B. auf einem normalen Monitor). Auch ist der Ton ist nicht \u00fcberlaut, wenn auch deutlich zu h\u00f6ren.<\/p>\n<p><a href=\"http:\/\/www.hannanitsch.de\" target=\"_blank\" rel=\"noopener noreferrer\">hannanitsch.de<\/a><\/p>\n","protected":false},"excerpt":{"rendered":"<p>Lines Fiction: in deinen Zeichnungen und Collagen geht es um emotionale Signale, die nicht ohne weiteres in Worte zu fassen sind. Deine nicht figurativen Zeichnungen lassen sich wie Muster dieser Energien betrachten. Stellen sie f\u00fcr dich Kommentare dar oder sind &hellip;<\/p>\n<p class=\"read-more\"> <a class=\"more-link\" href=\"https:\/\/linesfiction.de\/lfd\/lines-fiction-online\/m-z\/hanna-nitsch\/\"> <span class=\"screen-reader-text\">Hanna Nitsch<\/span> Weiterlesen &raquo;<\/a><\/p>\n","protected":false},"author":7,"featured_media":0,"parent":503,"menu_order":0,"comment_status":"closed","ping_status":"closed","template":"content-sidebar-page.php","meta":{"footnotes":""},"class_list":["post-1530","page","type-page","status-publish","hentry"],"yoast_head":"<!-- This site is optimized with the Yoast SEO plugin v27.3 - https:\/\/yoast.com\/product\/yoast-seo-wordpress\/ -->\n<title>Hanna Nitsch - Lines Fiction \u2605 Zeichnung &amp; Animation \u2605<\/title>\n<meta name=\"robots\" content=\"index, follow, max-snippet:-1, max-image-preview:large, max-video-preview:-1\" \/>\n<link rel=\"canonical\" href=\"https:\/\/linesfiction.de\/lfd\/lines-fiction-online\/m-z\/hanna-nitsch\/\" \/>\n<meta property=\"og:locale\" content=\"de_DE\" \/>\n<meta property=\"og:type\" content=\"article\" \/>\n<meta property=\"og:title\" content=\"Hanna Nitsch - Lines Fiction \u2605 Zeichnung &amp; Animation \u2605\" \/>\n<meta property=\"og:description\" content=\"Lines Fiction: in deinen Zeichnungen und Collagen geht es um emotionale Signale, die nicht ohne weiteres in Worte zu fassen sind. Deine nicht figurativen Zeichnungen lassen sich wie Muster dieser Energien betrachten. Stellen sie f\u00fcr dich Kommentare dar oder sind &hellip; Hanna Nitsch Weiterlesen &raquo;\" \/>\n<meta property=\"og:url\" content=\"https:\/\/linesfiction.de\/lfd\/lines-fiction-online\/m-z\/hanna-nitsch\/\" \/>\n<meta property=\"og:site_name\" content=\"Lines Fiction \u2605 Zeichnung &amp; Animation \u2605\" \/>\n<meta property=\"article:publisher\" content=\"https:\/\/www.facebook.com\/linesfiction\/\" \/>\n<meta property=\"article:modified_time\" content=\"2017-05-29T13:57:59+00:00\" \/>\n<meta name=\"twitter:card\" content=\"summary_large_image\" \/>\n<meta name=\"twitter:site\" content=\"@linesfiction\" \/>\n<meta name=\"twitter:label1\" content=\"Gesch\u00e4tzte Lesezeit\" \/>\n\t<meta name=\"twitter:data1\" content=\"4\u00a0Minuten\" \/>\n<script type=\"application\/ld+json\" class=\"yoast-schema-graph\">{\"@context\":\"https:\\\/\\\/schema.org\",\"@graph\":[{\"@type\":\"WebPage\",\"@id\":\"https:\\\/\\\/linesfiction.de\\\/lfd\\\/lines-fiction-online\\\/m-z\\\/hanna-nitsch\\\/\",\"url\":\"https:\\\/\\\/linesfiction.de\\\/lfd\\\/lines-fiction-online\\\/m-z\\\/hanna-nitsch\\\/\",\"name\":\"Hanna Nitsch - Lines Fiction \u2605 Zeichnung &amp; Animation \u2605\",\"isPartOf\":{\"@id\":\"https:\\\/\\\/linesfiction.de\\\/lfd\\\/#website\"},\"datePublished\":\"2017-05-06T13:39:41+00:00\",\"dateModified\":\"2017-05-29T13:57:59+00:00\",\"breadcrumb\":{\"@id\":\"https:\\\/\\\/linesfiction.de\\\/lfd\\\/lines-fiction-online\\\/m-z\\\/hanna-nitsch\\\/#breadcrumb\"},\"inLanguage\":\"de\",\"potentialAction\":[{\"@type\":\"ReadAction\",\"target\":[\"https:\\\/\\\/linesfiction.de\\\/lfd\\\/lines-fiction-online\\\/m-z\\\/hanna-nitsch\\\/\"]}]},{\"@type\":\"BreadcrumbList\",\"@id\":\"https:\\\/\\\/linesfiction.de\\\/lfd\\\/lines-fiction-online\\\/m-z\\\/hanna-nitsch\\\/#breadcrumb\",\"itemListElement\":[{\"@type\":\"ListItem\",\"position\":1,\"name\":\"Startseite\",\"item\":\"https:\\\/\\\/linesfiction.de\\\/lfd\\\/\"},{\"@type\":\"ListItem\",\"position\":2,\"name\":\"Lines Fiction online\",\"item\":\"https:\\\/\\\/linesfiction.de\\\/lfd\\\/lines-fiction-online\\\/\"},{\"@type\":\"ListItem\",\"position\":3,\"name\":\"M &#8211; Z\",\"item\":\"https:\\\/\\\/linesfiction.de\\\/lfd\\\/lines-fiction-online\\\/m-z\\\/\"},{\"@type\":\"ListItem\",\"position\":4,\"name\":\"Hanna Nitsch\"}]},{\"@type\":\"WebSite\",\"@id\":\"https:\\\/\\\/linesfiction.de\\\/lfd\\\/#website\",\"url\":\"https:\\\/\\\/linesfiction.de\\\/lfd\\\/\",\"name\":\"Lines Fiction - Zeichnung & Animation - Drawing & Animation\",\"description\":\"\",\"publisher\":{\"@id\":\"https:\\\/\\\/linesfiction.de\\\/lfd\\\/#organization\"},\"potentialAction\":[{\"@type\":\"SearchAction\",\"target\":{\"@type\":\"EntryPoint\",\"urlTemplate\":\"https:\\\/\\\/linesfiction.de\\\/lfd\\\/?s={search_term_string}\"},\"query-input\":{\"@type\":\"PropertyValueSpecification\",\"valueRequired\":true,\"valueName\":\"search_term_string\"}}],\"inLanguage\":\"de\"},{\"@type\":\"Organization\",\"@id\":\"https:\\\/\\\/linesfiction.de\\\/lfd\\\/#organization\",\"name\":\"Lines Fiction\",\"url\":\"https:\\\/\\\/linesfiction.de\\\/lfd\\\/\",\"logo\":{\"@type\":\"ImageObject\",\"inLanguage\":\"de\",\"@id\":\"https:\\\/\\\/linesfiction.de\\\/lfd\\\/#\\\/schema\\\/logo\\\/image\\\/\",\"url\":\"https:\\\/\\\/linesfiction.de\\\/lfd\\\/wp-content\\\/uploads\\\/2022\\\/12\\\/linesfiction_logo_instagram.jpg\",\"contentUrl\":\"https:\\\/\\\/linesfiction.de\\\/lfd\\\/wp-content\\\/uploads\\\/2022\\\/12\\\/linesfiction_logo_instagram.jpg\",\"width\":1080,\"height\":1077,\"caption\":\"Lines Fiction\"},\"image\":{\"@id\":\"https:\\\/\\\/linesfiction.de\\\/lfd\\\/#\\\/schema\\\/logo\\\/image\\\/\"},\"sameAs\":[\"https:\\\/\\\/www.facebook.com\\\/linesfiction\\\/\",\"https:\\\/\\\/x.com\\\/linesfiction\",\"https:\\\/\\\/www.instagram.com\\\/linesfiction\\\/\"]}]}<\/script>\n<!-- \/ Yoast SEO plugin. -->","yoast_head_json":{"title":"Hanna Nitsch - Lines Fiction \u2605 Zeichnung &amp; Animation \u2605","robots":{"index":"index","follow":"follow","max-snippet":"max-snippet:-1","max-image-preview":"max-image-preview:large","max-video-preview":"max-video-preview:-1"},"canonical":"https:\/\/linesfiction.de\/lfd\/lines-fiction-online\/m-z\/hanna-nitsch\/","og_locale":"de_DE","og_type":"article","og_title":"Hanna Nitsch - Lines Fiction \u2605 Zeichnung &amp; Animation \u2605","og_description":"Lines Fiction: in deinen Zeichnungen und Collagen geht es um emotionale Signale, die nicht ohne weiteres in Worte zu fassen sind. Deine nicht figurativen Zeichnungen lassen sich wie Muster dieser Energien betrachten. Stellen sie f\u00fcr dich Kommentare dar oder sind &hellip; Hanna Nitsch Weiterlesen &raquo;","og_url":"https:\/\/linesfiction.de\/lfd\/lines-fiction-online\/m-z\/hanna-nitsch\/","og_site_name":"Lines Fiction \u2605 Zeichnung &amp; Animation \u2605","article_publisher":"https:\/\/www.facebook.com\/linesfiction\/","article_modified_time":"2017-05-29T13:57:59+00:00","twitter_card":"summary_large_image","twitter_site":"@linesfiction","twitter_misc":{"Gesch\u00e4tzte Lesezeit":"4\u00a0Minuten"},"schema":{"@context":"https:\/\/schema.org","@graph":[{"@type":"WebPage","@id":"https:\/\/linesfiction.de\/lfd\/lines-fiction-online\/m-z\/hanna-nitsch\/","url":"https:\/\/linesfiction.de\/lfd\/lines-fiction-online\/m-z\/hanna-nitsch\/","name":"Hanna Nitsch - Lines Fiction \u2605 Zeichnung &amp; Animation \u2605","isPartOf":{"@id":"https:\/\/linesfiction.de\/lfd\/#website"},"datePublished":"2017-05-06T13:39:41+00:00","dateModified":"2017-05-29T13:57:59+00:00","breadcrumb":{"@id":"https:\/\/linesfiction.de\/lfd\/lines-fiction-online\/m-z\/hanna-nitsch\/#breadcrumb"},"inLanguage":"de","potentialAction":[{"@type":"ReadAction","target":["https:\/\/linesfiction.de\/lfd\/lines-fiction-online\/m-z\/hanna-nitsch\/"]}]},{"@type":"BreadcrumbList","@id":"https:\/\/linesfiction.de\/lfd\/lines-fiction-online\/m-z\/hanna-nitsch\/#breadcrumb","itemListElement":[{"@type":"ListItem","position":1,"name":"Startseite","item":"https:\/\/linesfiction.de\/lfd\/"},{"@type":"ListItem","position":2,"name":"Lines Fiction online","item":"https:\/\/linesfiction.de\/lfd\/lines-fiction-online\/"},{"@type":"ListItem","position":3,"name":"M &#8211; Z","item":"https:\/\/linesfiction.de\/lfd\/lines-fiction-online\/m-z\/"},{"@type":"ListItem","position":4,"name":"Hanna Nitsch"}]},{"@type":"WebSite","@id":"https:\/\/linesfiction.de\/lfd\/#website","url":"https:\/\/linesfiction.de\/lfd\/","name":"Lines Fiction - Zeichnung & Animation - Drawing & Animation","description":"","publisher":{"@id":"https:\/\/linesfiction.de\/lfd\/#organization"},"potentialAction":[{"@type":"SearchAction","target":{"@type":"EntryPoint","urlTemplate":"https:\/\/linesfiction.de\/lfd\/?s={search_term_string}"},"query-input":{"@type":"PropertyValueSpecification","valueRequired":true,"valueName":"search_term_string"}}],"inLanguage":"de"},{"@type":"Organization","@id":"https:\/\/linesfiction.de\/lfd\/#organization","name":"Lines Fiction","url":"https:\/\/linesfiction.de\/lfd\/","logo":{"@type":"ImageObject","inLanguage":"de","@id":"https:\/\/linesfiction.de\/lfd\/#\/schema\/logo\/image\/","url":"https:\/\/linesfiction.de\/lfd\/wp-content\/uploads\/2022\/12\/linesfiction_logo_instagram.jpg","contentUrl":"https:\/\/linesfiction.de\/lfd\/wp-content\/uploads\/2022\/12\/linesfiction_logo_instagram.jpg","width":1080,"height":1077,"caption":"Lines Fiction"},"image":{"@id":"https:\/\/linesfiction.de\/lfd\/#\/schema\/logo\/image\/"},"sameAs":["https:\/\/www.facebook.com\/linesfiction\/","https:\/\/x.com\/linesfiction","https:\/\/www.instagram.com\/linesfiction\/"]}]}},"_links":{"self":[{"href":"https:\/\/linesfiction.de\/lfd\/wp-json\/wp\/v2\/pages\/1530","targetHints":{"allow":["GET"]}}],"collection":[{"href":"https:\/\/linesfiction.de\/lfd\/wp-json\/wp\/v2\/pages"}],"about":[{"href":"https:\/\/linesfiction.de\/lfd\/wp-json\/wp\/v2\/types\/page"}],"author":[{"embeddable":true,"href":"https:\/\/linesfiction.de\/lfd\/wp-json\/wp\/v2\/users\/7"}],"replies":[{"embeddable":true,"href":"https:\/\/linesfiction.de\/lfd\/wp-json\/wp\/v2\/comments?post=1530"}],"version-history":[{"count":38,"href":"https:\/\/linesfiction.de\/lfd\/wp-json\/wp\/v2\/pages\/1530\/revisions"}],"predecessor-version":[{"id":1576,"href":"https:\/\/linesfiction.de\/lfd\/wp-json\/wp\/v2\/pages\/1530\/revisions\/1576"}],"up":[{"embeddable":true,"href":"https:\/\/linesfiction.de\/lfd\/wp-json\/wp\/v2\/pages\/503"}],"wp:attachment":[{"href":"https:\/\/linesfiction.de\/lfd\/wp-json\/wp\/v2\/media?parent=1530"}],"curies":[{"name":"wp","href":"https:\/\/api.w.org\/{rel}","templated":true}]}}