{"id":1580,"date":"2017-07-28T16:56:38","date_gmt":"2017-07-28T15:56:38","guid":{"rendered":"http:\/\/linesfiction.de\/lfd\/?page_id=1580"},"modified":"2024-07-24T17:13:11","modified_gmt":"2024-07-24T16:13:11","slug":"alex-bodea","status":"publish","type":"page","link":"https:\/\/linesfiction.de\/lfd\/lines-fiction-online\/a-l\/alex-bodea\/","title":{"rendered":"Alex Bodea"},"content":{"rendered":"<p><u>Lines Fiction: Du zeigst uns deine Umgebung durch Zeichnen. Du wanderst durch die Stadt und zeichnest, was dir auff\u00e4llt. Wie hast du damit begonnen?<\/u><\/p>\n<p>Alex Bodea: Das begann aus Notwendigkeit. Nach meiner Ankunft in Berlin musste ich aus organisatorischen Gr\u00fcnden meine k\u00fcnstlerische Arbeit kurzfristig aufgeben &#8211; ich habe Malerei in meine Heimatstadt Cluj in Rum\u00e4nien studiert. W\u00e4hrend ich also eine Wohnung in Berlin suchte, bin ich viel durch die Stadt gefahren. Um dabei k\u00fcnstlerisch weiterzumachen plante ich, Papier an meine Schuhsohlen zu kleben und den Staub der Stra\u00dfen zu sammeln, durch die ich laufe. Ich verstand diese bearbeiteten Papiere als Zeichnungen. Warum ich das dann nicht gemacht habe wei\u00df ich jetzt nicht mehr, ich habe dann aber begonnen, mehr auf Menschen und Dinge in den Stra\u00dfen zu achten, und vor allem, mehr \u00fcber das Gesehene nachzudenken.<\/p>\n<p>Damals hatte ich noch kein Instrumentarium, keine Bildsprache, diese besonderen kleinen Eindr\u00fccke des Alltags einzufangen. Meine Besch\u00e4ftigung mit Kunst fand bis dahin im Rahmen eines figurativen Realismus statt (wozu dann aber auch die Zeichnungen unter den Schuhsohlen geh\u00f6ren). Erst ein Jahr sp\u00e4ter kam ich drauf, wie ich das machen k\u00f6nnte, da beobachtete ich eine Frau, die bei einem Vortrag Notizen auf ihrem E-book machte, und zwar mit Schrift und Zeichnung. Sie arbeitete mit grafischen Hinweisen, und ich war fasziniert, mit welcher Leichtigkeit sie das umsetzte und genauso schnell zeichnete, wie sie schrieb. Von dem Moment an war mir klar, dass dies meine k\u00fcnstlerische Sprache werden w\u00fcrde. Zeichnen wie Notieren, Zeichnen als Aufzeichnung.<\/p>\n<p>Ich lie\u00df alles \u00dcberfl\u00fcssige in meinen Zeichnungen weg, konzentrierte mich auf wenige Linien, gerade genug f\u00fcr den fruchtbaren Moment, in dem ich mein Anliegen in ein oder zwei Worte fassen konnte. Meine <em>Visual Notes<\/em>, wie ich die Zeichnungen nenne, bilden mit der Beschreibung ein poetisches Ganzes, das nicht getrennt werden kann.<\/p>\n<p><u>Lines Fiction: Deine Zeichnungen haben also eine visuelle Sprache, die sich auf wesentliche Elemene konzentriert, und du benutzt spezielle Stifte<\/u>&#8230;<\/p>\n<p>Alex Bodea: F\u00fcr die Schnelligkeit, die meine Beobachtungen erfordern, kam der Marker gerade recht. Ich mage dabei, dass er so &#8222;Alles oder Nichts&#8220; ist. Man kann eine Markerspur nicht wegradieren, nichts ver\u00e4ndern und auch nicht in \u00fcberfl\u00fcssige Gesten verfallen, sowas macht die Zeichnung schnell unansehnlich. Es braucht da den perfekten Strich, davon h\u00e4ngt alles ab. Ich probierte also verschieden Marker aus und entschied mich f\u00fcr einen, der mich die Liniendicke variieren l\u00e4sst, nicht viel, nur ein bisschen &#8211; f\u00fcr den schmalen Grad zwischen Plattheit und cartoonischer Verspieltheit.<\/p>\n<p>Was das Papier angeht brauchte ich da auch etwas Zeitgem\u00e4\u00dfes, und ich entschied mich f\u00fcr Karteikarten, bei denen ich welche in guter, nicht vergilbender Qualit\u00e4t fand, dick genug f\u00fcr den Marker. Die Themen meiner <em>Visual Notes<\/em> haben eine fast enzyklop\u00e4dische Bandbreite, aber die Bausteine ihrer Pr\u00e4sentation sind minimalistisch wie bin\u00e4rer Code. F\u00fcr die menschliche Figur entwickelte ich ein stilisiertes Profil ohne Gesichtsz\u00fcge, nur der runde Kopf und die Brustlinie als Vorderseite. Manchmal gebe ich meinen kalligraphischen Figuren H\u00e4nde, wenn n\u00f6tig, und manchmal f\u00fcge ich die ganze stilisierte Umrisslinie hinzu. F\u00fcr Objekte benutze ich meist eine kurze Linie, wei ein Bindestrich. Auch wenn ich individuelle Z\u00fcge zeichne bleibe ich bei einem minimalen Ansatz.<br \/>\nManchmal f\u00fcge ich der Markerlinie einen Pinselstrich mit Chinatusche hinzu, wenn ich Richtung oder Geschwindigkeit zeigen m\u00f6chte. Pinselstriche erg\u00e4nzen das Bild auch f\u00fcr den Ausdruck von Gef\u00fchlslagen oder Texturen. Falls n\u00f6tig kann ich auch improvisieren &#8211; mit Dreck, L\u00f6chern im Papier, Kohle, Feuer oder allem anderen, das ein besonderer visueller Eindruck rechtfertigen k\u00f6nnte.<\/p>\n<p>In j\u00fcngster Zeit nutze ich wirklich mehr Tusche und um pr\u00e4zise Linien zu bekommen mehr kalligrafische Stifte. Du siehst, meine Zeichnungen sind fast Schreiben, und meine Sprache beinahe Programmierung. Es geht darum, ein komplexes System aus begrenzten und einfachen Ressourcen aufzubauen. Ein System, das so flexibel ist, dass es in jede gew\u00fcnschte neue Richtung bewegen kann.<\/p>\n<p><u>Lines Fiction: dein visueller Code eignet sich perfekt f\u00fcr die Verbreitung via Twitter, ist aber auch einsetzbar, um komplexe Geschichten zu erz\u00e4hlen, wie in deinem Film<\/u> <em>Nine Line Poems<\/em>. <u>Du integrierst Poesie und Sprache mit Zeichnung in Performances und Rauminstallationen. Siehst du Zeichnung als grenzenlos universelle Sprache an?<\/u><\/p>\n<p>Alex Bodea: Ja, meine <em>Visual Notes<\/em> sind eine zeitgen\u00f6ssische Kunstform. Ebenso wie Schnappsch\u00fcsse, die in Sozialen Medien geteilt werden, k\u00f6nnen sie einfach online gesetzt werden. Es gibt aber auch andere Wege, meine <em>Visual Notes<\/em> zu verbreiten. So klein wie sie sind, k\u00f6nnen sie wie eine Notiz behandelt und in einem offenen Archiv pr\u00e4sentiert werden, durch das Leute bl\u00e4ttern (das passiert meistens in Galerien, in denen ich meine Arbeit pr\u00e4sentiere).<\/p>\n<p>Aber am liebsten zeige ich sie in einer Performance, Live als Projektion vor Publikum. Daf\u00fcr gruppiere ich sie in kleinen Themenverb\u00e4nden, jeder handelt von einer speziellen Geschichte (was ich bei einer Theaterprobe beobachtet habe, w\u00e4hrend der Installation einer Ausstellung, w\u00e4hrend eines Festivals, einer Diskussionsrunde oder was ich erlebte, w\u00e4hrend ich im Fl\u00fcchtlingsheim ausgeholfen habe). Diese Sammlungen verwandle ich dann in digitale Diashows, erg\u00e4nzt durch Bewegung und Sound, in eine Erz\u00e4hlung, die ich als Performance vor Publikum zeige. Wenn es gar nicht um ein gro\u00dfes Publikum geht, sondern vielleicht nur um eine Person, die Teil meiner <em>Visual Notes<\/em> wurde, dann treffe ich diejenige zum Tee und pr\u00e4sentiere die Sammlung als pers\u00f6nliches Feedback. Bei Gelegenheit wurde aus meiner Sammlung auch ein K\u00fcnstlerbuch, und ich habe vor, dieses Konzept in Zukunft zu erweitern.<\/p>\n<p>Ich sehe meine k\u00fcnstlerische Arbeit als etwas, das \u00fcber ein traditionelles Kunstkonzept hinausreicht, als einen Weg, Erfahrungen zu machen, Erinnerungen zu sammeln, mich mit Leuten auszutauschen, Zeit mit anderen zu verbringen, individuell und gemeinsam, als meine M\u00f6glichkeit, an der Gesellschaft teilzunehmen. Ich glaube, heute gibt es mehr K\u00fcnstler_innen als fr\u00fcher, die so einen Weg einschlagen, mehr noch als in der j\u00fcngsten Vergangenheit. Egal in welchem Medium sie arbeiten, untersuchen und kommentieren sie das Leben direkter mit ihrer Kunst. Und sie sind mehr daran interessiert, ihre Entdeckungen zu teilen und mit dem Impuls all derer in Einklang zu bringen, die sie unterwegs treffen.<\/p>\n<p>In naher Zukunft m\u00f6chte ich diese K\u00fcnstler_innen in einen Berliner Projektraum einladen, zusammen mit einer Partnerin kann ich ihn hoffentlich bald einweihen.<br \/>\nInsgesamt sehe ich diese Ann\u00e4herung an die Komplexit\u00e4t von Kunst momentan als einen der interessantesten Ans\u00e4tze im Umgang mit visueller Kunst. Ich meine, dass die Zeichnung da einen wichtigen Stellenwert hat, denn sie ist so eine grundlegende visuelle Sprache, und sie ist so unverr\u00fcckbar menschlich. Das Zeichnen ist so wesentlich f\u00fcr die Kunst und Kommunikation, wie es die Grundlagen der Mathemtik f\u00fcr die gesamte naturwissenschaftliche und technische Welt sind.<\/p>\n<p><a href=\"http:\/\/alexbodea.work\/\" target=\"_blank\" rel=\"noopener\">alexbodea.work<\/a><\/p>\n<p>Der neue Projektraum: <a href=\"http:\/\/thefactfinder.de\/en\/openingsoon\/\" target=\"_blank\" rel=\"noopener\">the fact finder<\/a><\/p>\n","protected":false},"excerpt":{"rendered":"<p>Lines Fiction: Du zeigst uns deine Umgebung durch Zeichnen. Du wanderst durch die Stadt und zeichnest, was dir auff\u00e4llt. Wie hast du damit begonnen? Alex Bodea: Das begann aus Notwendigkeit. Nach meiner Ankunft in Berlin musste ich aus organisatorischen Gr\u00fcnden &hellip;<\/p>\n<p class=\"read-more\"> <a class=\"more-link\" href=\"https:\/\/linesfiction.de\/lfd\/lines-fiction-online\/a-l\/alex-bodea\/\"> <span class=\"screen-reader-text\">Alex Bodea<\/span> Weiterlesen &raquo;<\/a><\/p>\n","protected":false},"author":7,"featured_media":0,"parent":501,"menu_order":0,"comment_status":"closed","ping_status":"closed","template":"content-sidebar-page.php","meta":{"footnotes":""},"class_list":["post-1580","page","type-page","status-publish","hentry"],"yoast_head":"<!-- This site is optimized with the Yoast SEO plugin v27.4 - https:\/\/yoast.com\/product\/yoast-seo-wordpress\/ -->\n<title>Alex Bodea - Lines Fiction \u2605 Zeichnung &amp; Animation \u2605<\/title>\n<meta name=\"robots\" content=\"index, follow, max-snippet:-1, max-image-preview:large, max-video-preview:-1\" \/>\n<link rel=\"canonical\" href=\"https:\/\/linesfiction.de\/lfd\/lines-fiction-online\/a-l\/alex-bodea\/\" \/>\n<meta property=\"og:locale\" content=\"de_DE\" \/>\n<meta property=\"og:type\" content=\"article\" \/>\n<meta property=\"og:title\" content=\"Alex Bodea - Lines Fiction \u2605 Zeichnung &amp; Animation \u2605\" \/>\n<meta property=\"og:description\" content=\"Lines Fiction: Du zeigst uns deine Umgebung durch Zeichnen. Du wanderst durch die Stadt und zeichnest, was dir auff\u00e4llt. Wie hast du damit begonnen? Alex Bodea: Das begann aus Notwendigkeit. Nach meiner Ankunft in Berlin musste ich aus organisatorischen Gr\u00fcnden &hellip; Alex Bodea Weiterlesen &raquo;\" \/>\n<meta property=\"og:url\" content=\"https:\/\/linesfiction.de\/lfd\/lines-fiction-online\/a-l\/alex-bodea\/\" \/>\n<meta property=\"og:site_name\" content=\"Lines Fiction \u2605 Zeichnung &amp; Animation \u2605\" \/>\n<meta property=\"article:publisher\" content=\"https:\/\/www.facebook.com\/linesfiction\/\" \/>\n<meta property=\"article:modified_time\" content=\"2024-07-24T16:13:11+00:00\" \/>\n<meta name=\"twitter:card\" content=\"summary_large_image\" \/>\n<meta name=\"twitter:site\" content=\"@linesfiction\" \/>\n<meta name=\"twitter:label1\" content=\"Gesch\u00e4tzte Lesezeit\" \/>\n\t<meta name=\"twitter:data1\" content=\"6\u00a0Minuten\" \/>\n<script type=\"application\/ld+json\" class=\"yoast-schema-graph\">{\"@context\":\"https:\\\/\\\/schema.org\",\"@graph\":[{\"@type\":\"WebPage\",\"@id\":\"https:\\\/\\\/linesfiction.de\\\/lfd\\\/lines-fiction-online\\\/a-l\\\/alex-bodea\\\/\",\"url\":\"https:\\\/\\\/linesfiction.de\\\/lfd\\\/lines-fiction-online\\\/a-l\\\/alex-bodea\\\/\",\"name\":\"Alex Bodea - Lines Fiction \u2605 Zeichnung &amp; Animation \u2605\",\"isPartOf\":{\"@id\":\"https:\\\/\\\/linesfiction.de\\\/lfd\\\/#website\"},\"datePublished\":\"2017-07-28T15:56:38+00:00\",\"dateModified\":\"2024-07-24T16:13:11+00:00\",\"breadcrumb\":{\"@id\":\"https:\\\/\\\/linesfiction.de\\\/lfd\\\/lines-fiction-online\\\/a-l\\\/alex-bodea\\\/#breadcrumb\"},\"inLanguage\":\"de\",\"potentialAction\":[{\"@type\":\"ReadAction\",\"target\":[\"https:\\\/\\\/linesfiction.de\\\/lfd\\\/lines-fiction-online\\\/a-l\\\/alex-bodea\\\/\"]}]},{\"@type\":\"BreadcrumbList\",\"@id\":\"https:\\\/\\\/linesfiction.de\\\/lfd\\\/lines-fiction-online\\\/a-l\\\/alex-bodea\\\/#breadcrumb\",\"itemListElement\":[{\"@type\":\"ListItem\",\"position\":1,\"name\":\"Startseite\",\"item\":\"https:\\\/\\\/linesfiction.de\\\/lfd\\\/\"},{\"@type\":\"ListItem\",\"position\":2,\"name\":\"Lines Fiction online\",\"item\":\"https:\\\/\\\/linesfiction.de\\\/lfd\\\/lines-fiction-online\\\/\"},{\"@type\":\"ListItem\",\"position\":3,\"name\":\"A &#8211; L\",\"item\":\"https:\\\/\\\/linesfiction.de\\\/lfd\\\/lines-fiction-online\\\/a-l\\\/\"},{\"@type\":\"ListItem\",\"position\":4,\"name\":\"Alex Bodea\"}]},{\"@type\":\"WebSite\",\"@id\":\"https:\\\/\\\/linesfiction.de\\\/lfd\\\/#website\",\"url\":\"https:\\\/\\\/linesfiction.de\\\/lfd\\\/\",\"name\":\"Lines Fiction - Zeichnung & Animation - Drawing & Animation\",\"description\":\"\",\"publisher\":{\"@id\":\"https:\\\/\\\/linesfiction.de\\\/lfd\\\/#organization\"},\"potentialAction\":[{\"@type\":\"SearchAction\",\"target\":{\"@type\":\"EntryPoint\",\"urlTemplate\":\"https:\\\/\\\/linesfiction.de\\\/lfd\\\/?s={search_term_string}\"},\"query-input\":{\"@type\":\"PropertyValueSpecification\",\"valueRequired\":true,\"valueName\":\"search_term_string\"}}],\"inLanguage\":\"de\"},{\"@type\":\"Organization\",\"@id\":\"https:\\\/\\\/linesfiction.de\\\/lfd\\\/#organization\",\"name\":\"Lines Fiction\",\"url\":\"https:\\\/\\\/linesfiction.de\\\/lfd\\\/\",\"logo\":{\"@type\":\"ImageObject\",\"inLanguage\":\"de\",\"@id\":\"https:\\\/\\\/linesfiction.de\\\/lfd\\\/#\\\/schema\\\/logo\\\/image\\\/\",\"url\":\"https:\\\/\\\/linesfiction.de\\\/lfd\\\/wp-content\\\/uploads\\\/2022\\\/12\\\/linesfiction_logo_instagram.jpg\",\"contentUrl\":\"https:\\\/\\\/linesfiction.de\\\/lfd\\\/wp-content\\\/uploads\\\/2022\\\/12\\\/linesfiction_logo_instagram.jpg\",\"width\":1080,\"height\":1077,\"caption\":\"Lines Fiction\"},\"image\":{\"@id\":\"https:\\\/\\\/linesfiction.de\\\/lfd\\\/#\\\/schema\\\/logo\\\/image\\\/\"},\"sameAs\":[\"https:\\\/\\\/www.facebook.com\\\/linesfiction\\\/\",\"https:\\\/\\\/x.com\\\/linesfiction\",\"https:\\\/\\\/www.instagram.com\\\/linesfiction\\\/\"]}]}<\/script>\n<!-- \/ Yoast SEO plugin. -->","yoast_head_json":{"title":"Alex Bodea - Lines Fiction \u2605 Zeichnung &amp; Animation \u2605","robots":{"index":"index","follow":"follow","max-snippet":"max-snippet:-1","max-image-preview":"max-image-preview:large","max-video-preview":"max-video-preview:-1"},"canonical":"https:\/\/linesfiction.de\/lfd\/lines-fiction-online\/a-l\/alex-bodea\/","og_locale":"de_DE","og_type":"article","og_title":"Alex Bodea - Lines Fiction \u2605 Zeichnung &amp; Animation \u2605","og_description":"Lines Fiction: Du zeigst uns deine Umgebung durch Zeichnen. Du wanderst durch die Stadt und zeichnest, was dir auff\u00e4llt. Wie hast du damit begonnen? Alex Bodea: Das begann aus Notwendigkeit. Nach meiner Ankunft in Berlin musste ich aus organisatorischen Gr\u00fcnden &hellip; Alex Bodea Weiterlesen &raquo;","og_url":"https:\/\/linesfiction.de\/lfd\/lines-fiction-online\/a-l\/alex-bodea\/","og_site_name":"Lines Fiction \u2605 Zeichnung &amp; Animation \u2605","article_publisher":"https:\/\/www.facebook.com\/linesfiction\/","article_modified_time":"2024-07-24T16:13:11+00:00","twitter_card":"summary_large_image","twitter_site":"@linesfiction","twitter_misc":{"Gesch\u00e4tzte Lesezeit":"6\u00a0Minuten"},"schema":{"@context":"https:\/\/schema.org","@graph":[{"@type":"WebPage","@id":"https:\/\/linesfiction.de\/lfd\/lines-fiction-online\/a-l\/alex-bodea\/","url":"https:\/\/linesfiction.de\/lfd\/lines-fiction-online\/a-l\/alex-bodea\/","name":"Alex Bodea - Lines Fiction \u2605 Zeichnung &amp; Animation \u2605","isPartOf":{"@id":"https:\/\/linesfiction.de\/lfd\/#website"},"datePublished":"2017-07-28T15:56:38+00:00","dateModified":"2024-07-24T16:13:11+00:00","breadcrumb":{"@id":"https:\/\/linesfiction.de\/lfd\/lines-fiction-online\/a-l\/alex-bodea\/#breadcrumb"},"inLanguage":"de","potentialAction":[{"@type":"ReadAction","target":["https:\/\/linesfiction.de\/lfd\/lines-fiction-online\/a-l\/alex-bodea\/"]}]},{"@type":"BreadcrumbList","@id":"https:\/\/linesfiction.de\/lfd\/lines-fiction-online\/a-l\/alex-bodea\/#breadcrumb","itemListElement":[{"@type":"ListItem","position":1,"name":"Startseite","item":"https:\/\/linesfiction.de\/lfd\/"},{"@type":"ListItem","position":2,"name":"Lines Fiction online","item":"https:\/\/linesfiction.de\/lfd\/lines-fiction-online\/"},{"@type":"ListItem","position":3,"name":"A &#8211; L","item":"https:\/\/linesfiction.de\/lfd\/lines-fiction-online\/a-l\/"},{"@type":"ListItem","position":4,"name":"Alex Bodea"}]},{"@type":"WebSite","@id":"https:\/\/linesfiction.de\/lfd\/#website","url":"https:\/\/linesfiction.de\/lfd\/","name":"Lines Fiction - Zeichnung & Animation - Drawing & Animation","description":"","publisher":{"@id":"https:\/\/linesfiction.de\/lfd\/#organization"},"potentialAction":[{"@type":"SearchAction","target":{"@type":"EntryPoint","urlTemplate":"https:\/\/linesfiction.de\/lfd\/?s={search_term_string}"},"query-input":{"@type":"PropertyValueSpecification","valueRequired":true,"valueName":"search_term_string"}}],"inLanguage":"de"},{"@type":"Organization","@id":"https:\/\/linesfiction.de\/lfd\/#organization","name":"Lines Fiction","url":"https:\/\/linesfiction.de\/lfd\/","logo":{"@type":"ImageObject","inLanguage":"de","@id":"https:\/\/linesfiction.de\/lfd\/#\/schema\/logo\/image\/","url":"https:\/\/linesfiction.de\/lfd\/wp-content\/uploads\/2022\/12\/linesfiction_logo_instagram.jpg","contentUrl":"https:\/\/linesfiction.de\/lfd\/wp-content\/uploads\/2022\/12\/linesfiction_logo_instagram.jpg","width":1080,"height":1077,"caption":"Lines Fiction"},"image":{"@id":"https:\/\/linesfiction.de\/lfd\/#\/schema\/logo\/image\/"},"sameAs":["https:\/\/www.facebook.com\/linesfiction\/","https:\/\/x.com\/linesfiction","https:\/\/www.instagram.com\/linesfiction\/"]}]}},"_links":{"self":[{"href":"https:\/\/linesfiction.de\/lfd\/wp-json\/wp\/v2\/pages\/1580","targetHints":{"allow":["GET"]}}],"collection":[{"href":"https:\/\/linesfiction.de\/lfd\/wp-json\/wp\/v2\/pages"}],"about":[{"href":"https:\/\/linesfiction.de\/lfd\/wp-json\/wp\/v2\/types\/page"}],"author":[{"embeddable":true,"href":"https:\/\/linesfiction.de\/lfd\/wp-json\/wp\/v2\/users\/7"}],"replies":[{"embeddable":true,"href":"https:\/\/linesfiction.de\/lfd\/wp-json\/wp\/v2\/comments?post=1580"}],"version-history":[{"count":38,"href":"https:\/\/linesfiction.de\/lfd\/wp-json\/wp\/v2\/pages\/1580\/revisions"}],"predecessor-version":[{"id":1752,"href":"https:\/\/linesfiction.de\/lfd\/wp-json\/wp\/v2\/pages\/1580\/revisions\/1752"}],"up":[{"embeddable":true,"href":"https:\/\/linesfiction.de\/lfd\/wp-json\/wp\/v2\/pages\/501"}],"wp:attachment":[{"href":"https:\/\/linesfiction.de\/lfd\/wp-json\/wp\/v2\/media?parent=1580"}],"curies":[{"name":"wp","href":"https:\/\/api.w.org\/{rel}","templated":true}]}}