{"id":1635,"date":"2017-10-27T11:11:39","date_gmt":"2017-10-27T10:11:39","guid":{"rendered":"http:\/\/linesfiction.de\/lfd\/?page_id=1635"},"modified":"2017-11-07T16:47:33","modified_gmt":"2017-11-07T15:47:33","slug":"nicole-wendel","status":"publish","type":"page","link":"https:\/\/linesfiction.de\/lfd\/lines-fiction-online\/m-z\/nicole-wendel\/","title":{"rendered":"Nicole Wendel"},"content":{"rendered":"<p><u>Lines Fiction: Auf dieser Website werden bewegte Bilder als Animationen mit Zeichnungen vorgestellt.\u00a0\u2028Du arbeitest nun aber einerseits mit Live Performance, in der Zeichnungen entstehen, andererseits allein im Studio mit Zeichnungen, auf denen auch Spuren von Gesten, Hand- und Fu\u00dfabdr\u00fccke zu sehen sind.\u2028<\/p>\n<p>Ich m\u00f6chte mich mit dir \u00fcber die unterschiedlichen Formen der Pr\u00e4sentation unterhalten, und der in in der Pr\u00e4sentation enthaltenen Energie und Bewegung.<br \/>\nEine Performance besticht durch ihre Unmittelbarkeit und K\u00f6rperlichkeit, die man als anwesendes Publikum intensiv miterleben kann, als bewegtes Bild in Echtzeit. <\/p>\n<p>Wie unterscheiden sich nun deine Zeichnungen, die im stillen Studio entstanden sind von denen, die durch Gesten in Performances entstehen?\u2028<\/u><\/p>\n<p>Nicole Wendel: Meine Zeichnungen im Atelier &#8211; wie: <em>Panorama (1\/2017)<\/em> &#8211;  entstehen in tagelanger, oft auch monatelanger Arbeit. Man tritt ihnen als Betrachter einerseits ganz physisch gegen\u00fcber, weil sie oft eine gro\u00dfe Dimension haben, und gleichzeitig erforscht man sie mit dem Auge langsam, weil sie in ihren Strukturen sehr verdichtet sind. Die teilweise sichtbaren Hand- und Fu\u00dfspuren referieren m\u00f6gliche Bewegungsabl\u00e4ufe. <\/p>\n<p>Bei den Zeichnungen, die in meinem Atelier entstehen, gibt es verschiedene Prozessebenen &#8211; impulsivere, wie bei den Performances, und langsame, konstruierende. Sie verdichten sich wechselseitig in einen vielschichtigen Bildraum. <\/p>\n<p>Um im Studio zu zeichnen, brauche ich eine pr\u00e4zise Vorbereitung. Der Bewegungsimpuls f\u00fcr erste zeichnerische Gesten entstehen dann aus einer Haltung des Sich-selbst-Zuh\u00f6rens im jeweiligen Moment. Diese ersten Improvisationen, Graphitstaub- und Bleistiftspuren auf dem Papier, folgen also einer intuitiven Logik, einem Rhythmus in Raum und Zeit. Die entstandenen Formen sind dann wiederum Ausgangspunkt f\u00fcr ein reflektierendes und analysierendes Lesen dieser Spur, um weitere Bildkompositionen zu erm\u00f6glichen.<\/p>\n<p>Es entsteht quasi ein Dialog zwischen gestisch-abstrakten Ebenen und gegenst\u00e4ndlichen Strukturen, die sich gleichwertig im Bildraum begegnen, sich gegenseitig reflektieren. Der performative Anteil meiner zeichnerischen Prozesse im Studio brachte mich erst dazu, \u00fcber Formen und Choreographien der Zeichnung nachzudenken und es war dann ein naheliegender Schritt, diese auch \u00f6ffentlich stattfinden zu lassen.  <\/p>\n<p><u>Lines Fiction: Siehst du deine Zeichnungen, die in der Performance entstehen als eigenst\u00e4ndige Werke oder als Relikte der Performance?\u2028<\/u><\/p>\n<p>Nicole Wendel: Die Frage nach der Eigenst\u00e4ndigkeit als Kunstwerk ist interessant bei der in einer Performance entstandenen Zeichnung, die dann auch Dokument der stattgefundenen Handlung ist.<\/p>\n<p>Eine Performance wie <em>The Circle<\/em> konzentriert sich ausschlie\u00dflich auf die Bewegung und arbeitet mit der daraus resultierenden Kreidespur auf einer Tafel, die am Ende Teil einer Installation wird. Deshalb ist hier f\u00fcr das Nachvollziehen der performativen Zeichenprozesse auch der Film sehr geeignet. <\/p>\n<p>In meiner letzten Einzelausstellung Pr\u00e9sence in Colmar habe ich f\u00fcr die Halle die Performance <em>The Circle<\/em> entwickelt. Die Gr\u00f6\u00dfe der schwarzen Fl\u00e4che (4 x 4m), auf der ich mich bewegte, nahm die Dimension der Architektur, der dahinter stehenden Wand auf. Mit dem Einsatz meines ganzen K\u00f6rpers zeichnete ich zur Ausstellungser\u00f6ffnung einen Viertel-Kreis aus Kreide auf eine 180 x 180 cm gro\u00dfe Tafel und begann dann, auf dieser Zeichnung \u00fcber die schwarze Stoff-Fl\u00e4che im Kreis zu gehen. Es entstand ein vollst\u00e4ndiger Kreis aus wei\u00dfen Kreide-Spuren. Wesentlich f\u00fcr die Konzentration w\u00e4hrend der Performance war unter anderem die Komposition eines Sounds von Yohei Yamakado. Das Publikum und meine Handlung wurden in diesem akustischen Raum gleicherma\u00dfen getragen.<\/p>\n<p><u>Lines Fiction: Kann man die Performance mit der Kamera so aufnehmen, dass der Film danach ein eigenst\u00e4ndiges Kunstwerk ist oder verstehst du diese Aufnahmen als Dokumentation?<\/u><\/p>\n<p>\u2028Nicole Wendel: Beides, die entstandene Zeichnung und das Filmdokument erg\u00e4nzen sich in der Installation, wobei die Performance f\u00fcr mich immer noch das eigentliche Werk darstellt. In meinen Performances geht es inhaltlich um das Lebendige, das Verletzliche und letztlich um das Verg\u00e4ngliche, deshalb steht jede Art von Dokumentation eigentlich im Widerspruch dazu.<br \/>\nDennoch finde ich es wichtig, die bei einer Performance entstandenen Zeichnungen wie eine Installation im Raum wirken lassen zu k\u00f6nnen. In ihnen ist schlie\u00dflich der Inhalt, die Zeit und die Energie dieser Handlung, aufgezeichnet.<br \/>\nNach der Performance in Colmar habe ich also die Kreide-Tafel an die dahinter liegende Wand gelehnt, damit eine eigenst\u00e4ndige Bildhaftigkeit betont, und es ergab sich eine Leerstelle auf dem Boden, die den Betrachter zur visuellen Erg\u00e4nzung aufforderte. Es war mir ebenso wichtig, im weiteren Verlauf der Ausstellung zu dieser Installation den dokumentierenden Film der Performance zu zeigen.<\/p>\n<p>In meiner ersten Zeichnungsperformance <em>Tafel 1<\/em> und <em>Tafel 2<\/em> habe ich meinen bisherigen zeichnerischen Prozess umgekehrt, indem ich zwei Landschaftsbilder von Caspar David Friedrich als Vorlage verwendet und diese als Kreidezeichnungen auf je eine Tafel \u00fcbertragen habe. Gleichzeitig entstand aus diesem Prozess ein Stop-Motion-Film. Das Konzept der Performance war, dass ich barfu\u00df \u00fcber eine Tafel gehe und damit die Zeichnung durch die entstehenden Spuren umwandle. Die andere Tafel habe ich mit meinen H\u00e4nden ertastet und die Zeichnung dadurch ebenso ver\u00e4ndert. <\/p>\n<p>F\u00fcr mich war die Vorbereitung auf diese Performance ein Schl\u00fcsselerlebnis in meiner k\u00fcnstlerischen Arbeit. \u00dcber eine Woche lang bin ich barfu\u00df \u00fcber Wiesen und durch W\u00e4lder gelaufen und habe sehr bewusst die Dinge ber\u00fchrt, um dann die aufgeladenen sensorischen Erlebnisse in der Performance wieder abrufen zu k\u00f6nnen. Das war f\u00fcr das Publikum nicht sichtbar und dennoch in der Konzentration, die sich zwischen dem Publikum und mir gebildet hat, erfahrbar. Die Zeichnungen waren f\u00fcr mich erst nach der Performance mit dem Moment ihrer vermeintlichen Zerst\u00f6rung vollendet. Gleichzeitig wurden sie damit zum Relikt der Performance. <\/p>\n<p>Der Film, der daraus entstanden ist, ist teils Animation, teils Dokumentation der Performance. Als solcher funktioniert er daher sehr wohl eigenst\u00e4ndig. <\/p>\n<p>Die Kreide-Tafeln sind ebenso als Relikte der Performance zu verstehen und lassen sich als solche nur sehr schwer konservieren. Deshalb kam ich auf die Idee, die Tafeln hochaufl\u00f6send zu fotografieren und diese als Edition auszudrucken. Diese Foto-Tafeln haben eine ganz eigene Aura, weil sie nicht aussehen wie ein Foto, sondern eben wie Tafeln mit einer  Kreidezeichnung. Das Material, der Duktus der Kreide, wird auf ihnen sehr haptisch. Sie lassen sich nat\u00fcrlich auch viel leichter handeln als die urspr\u00fcnglichen Tafeln. Aber sie funktionieren meines Erachtens nur im Zusammenspiel mit dem Film, der sich wiederum eindeutig auf die Performance bezieht. <\/p>\n<p>Als eigenst\u00e4ndiges Werk l\u00e4sst sich der Film <em>Rhythm &#038; Turn<\/em> verstehen und das, obwohl er ebenso bestimmte Bewegungen dokumentiert. Hier konzentriere ich mich vor allem auf den Gestus meiner Armbewegung und die aus dieser Bewegung resultierenden Spuren. Sound, Bewegung und die sich verdichtende Zeichnung entwickeln im Film, besonders durch seine rhythmischen Schnitte, einen ganz eigenen Sog, der fast schon meditativ wirkt.<\/p>\n<p><u>Lines Fiction: Die Dokumente deiner Performances befinden sich somit im gleichen schillernden Bereich, wie die Relikte der Aktionen von Josef Beuys. Zur\u00fcck zu den Zeichnungen, die in deinem Studio entstehen. Sie zeigen, collagenartig ineinander geblendet, au\u00dfer kleinen Landschaftsszenen und geometrischen Mustern auch Spuren deiner H\u00e4nde wie Spuren einer Performance ohne Publikum.<\/u><\/p>\n<p>Nicole Wendel: Ganz grunds\u00e4tzlich sind die Zeichnungen, die im Atelier entstehen durchaus wieder Impulsgeber f\u00fcr neue Performances, f\u00fcr Filme oder andere Ideen. Aktuell denke ich gerade \u00fcber einen Animationsfilm nach, der eine Mischung aus performativen Aspekten und zeichnerischen Bildr\u00e4umen zeigt, die sich gegenseitig bedingen. Aus meinen zeichnerischen Prozessen ist z.B. auch die Idee f\u00fcr Rhythm &#038; Turn entstanden. Das Dialogische in meinen Zeichnungen und Performances ist eine Grundstrategie f\u00fcr meine k\u00fcnstlerischen Prozesse, in der sich all meine genutzten Medien und Ausdrucksformen gegenseitig bedingen. Ebenso l\u00e4sst auch der collaborative Austausch, der \u00fcber meine Performances zwischen den verschiedenen K\u00fcnstlern und mir existiert neue Formen entstehen, und damit wurde auch das Collaborative in meinen Prozessen f\u00fcr mein k\u00fcnstlerisches Selbstverst\u00e4ndnis zunehmend zentral.<\/p>\n<p><a href=\"http:\/\/nicolewendel.de\/\" target=\"_blank\">nicolewendel.de<\/a><\/p>\n","protected":false},"excerpt":{"rendered":"<p>Lines Fiction: Auf dieser Website werden bewegte Bilder als Animationen mit Zeichnungen vorgestellt.\u00a0\u2028Du arbeitest nun aber einerseits mit Live Performance, in der Zeichnungen entstehen, andererseits allein im Studio mit Zeichnungen, auf denen auch Spuren von Gesten, Hand- und Fu\u00dfabdr\u00fccke zu &hellip;<\/p>\n<p class=\"read-more\"> <a class=\"more-link\" href=\"https:\/\/linesfiction.de\/lfd\/lines-fiction-online\/m-z\/nicole-wendel\/\"> <span class=\"screen-reader-text\">Nicole Wendel<\/span> Weiterlesen &raquo;<\/a><\/p>\n","protected":false},"author":7,"featured_media":0,"parent":503,"menu_order":0,"comment_status":"closed","ping_status":"closed","template":"content-sidebar-page.php","meta":{"footnotes":""},"class_list":["post-1635","page","type-page","status-publish","hentry"],"yoast_head":"<!-- This site is optimized with the Yoast SEO plugin v27.3 - https:\/\/yoast.com\/product\/yoast-seo-wordpress\/ -->\n<title>Nicole Wendel - Lines Fiction \u2605 Zeichnung &amp; Animation \u2605<\/title>\n<meta name=\"robots\" content=\"index, follow, max-snippet:-1, max-image-preview:large, max-video-preview:-1\" \/>\n<link rel=\"canonical\" href=\"https:\/\/linesfiction.de\/lfd\/lines-fiction-online\/m-z\/nicole-wendel\/\" \/>\n<meta property=\"og:locale\" content=\"de_DE\" \/>\n<meta property=\"og:type\" content=\"article\" \/>\n<meta property=\"og:title\" content=\"Nicole Wendel - Lines Fiction \u2605 Zeichnung &amp; Animation \u2605\" \/>\n<meta property=\"og:description\" content=\"Lines Fiction: Auf dieser Website werden bewegte Bilder als Animationen mit Zeichnungen vorgestellt.\u00a0\u2028Du arbeitest nun aber einerseits mit Live Performance, in der Zeichnungen entstehen, andererseits allein im Studio mit Zeichnungen, auf denen auch Spuren von Gesten, Hand- und Fu\u00dfabdr\u00fccke zu &hellip; Nicole Wendel Weiterlesen &raquo;\" \/>\n<meta property=\"og:url\" content=\"https:\/\/linesfiction.de\/lfd\/lines-fiction-online\/m-z\/nicole-wendel\/\" \/>\n<meta property=\"og:site_name\" content=\"Lines Fiction \u2605 Zeichnung &amp; Animation \u2605\" \/>\n<meta property=\"article:publisher\" content=\"https:\/\/www.facebook.com\/linesfiction\/\" \/>\n<meta property=\"article:modified_time\" content=\"2017-11-07T15:47:33+00:00\" \/>\n<meta name=\"twitter:card\" content=\"summary_large_image\" \/>\n<meta name=\"twitter:site\" content=\"@linesfiction\" \/>\n<meta name=\"twitter:label1\" content=\"Gesch\u00e4tzte Lesezeit\" \/>\n\t<meta name=\"twitter:data1\" content=\"6\u00a0Minuten\" \/>\n<script type=\"application\/ld+json\" class=\"yoast-schema-graph\">{\"@context\":\"https:\\\/\\\/schema.org\",\"@graph\":[{\"@type\":\"WebPage\",\"@id\":\"https:\\\/\\\/linesfiction.de\\\/lfd\\\/lines-fiction-online\\\/m-z\\\/nicole-wendel\\\/\",\"url\":\"https:\\\/\\\/linesfiction.de\\\/lfd\\\/lines-fiction-online\\\/m-z\\\/nicole-wendel\\\/\",\"name\":\"Nicole Wendel - Lines Fiction \u2605 Zeichnung &amp; Animation \u2605\",\"isPartOf\":{\"@id\":\"https:\\\/\\\/linesfiction.de\\\/lfd\\\/#website\"},\"datePublished\":\"2017-10-27T10:11:39+00:00\",\"dateModified\":\"2017-11-07T15:47:33+00:00\",\"breadcrumb\":{\"@id\":\"https:\\\/\\\/linesfiction.de\\\/lfd\\\/lines-fiction-online\\\/m-z\\\/nicole-wendel\\\/#breadcrumb\"},\"inLanguage\":\"de\",\"potentialAction\":[{\"@type\":\"ReadAction\",\"target\":[\"https:\\\/\\\/linesfiction.de\\\/lfd\\\/lines-fiction-online\\\/m-z\\\/nicole-wendel\\\/\"]}]},{\"@type\":\"BreadcrumbList\",\"@id\":\"https:\\\/\\\/linesfiction.de\\\/lfd\\\/lines-fiction-online\\\/m-z\\\/nicole-wendel\\\/#breadcrumb\",\"itemListElement\":[{\"@type\":\"ListItem\",\"position\":1,\"name\":\"Startseite\",\"item\":\"https:\\\/\\\/linesfiction.de\\\/lfd\\\/\"},{\"@type\":\"ListItem\",\"position\":2,\"name\":\"Lines Fiction online\",\"item\":\"https:\\\/\\\/linesfiction.de\\\/lfd\\\/lines-fiction-online\\\/\"},{\"@type\":\"ListItem\",\"position\":3,\"name\":\"M &#8211; Z\",\"item\":\"https:\\\/\\\/linesfiction.de\\\/lfd\\\/lines-fiction-online\\\/m-z\\\/\"},{\"@type\":\"ListItem\",\"position\":4,\"name\":\"Nicole Wendel\"}]},{\"@type\":\"WebSite\",\"@id\":\"https:\\\/\\\/linesfiction.de\\\/lfd\\\/#website\",\"url\":\"https:\\\/\\\/linesfiction.de\\\/lfd\\\/\",\"name\":\"Lines Fiction - Zeichnung & Animation - Drawing & Animation\",\"description\":\"\",\"publisher\":{\"@id\":\"https:\\\/\\\/linesfiction.de\\\/lfd\\\/#organization\"},\"potentialAction\":[{\"@type\":\"SearchAction\",\"target\":{\"@type\":\"EntryPoint\",\"urlTemplate\":\"https:\\\/\\\/linesfiction.de\\\/lfd\\\/?s={search_term_string}\"},\"query-input\":{\"@type\":\"PropertyValueSpecification\",\"valueRequired\":true,\"valueName\":\"search_term_string\"}}],\"inLanguage\":\"de\"},{\"@type\":\"Organization\",\"@id\":\"https:\\\/\\\/linesfiction.de\\\/lfd\\\/#organization\",\"name\":\"Lines Fiction\",\"url\":\"https:\\\/\\\/linesfiction.de\\\/lfd\\\/\",\"logo\":{\"@type\":\"ImageObject\",\"inLanguage\":\"de\",\"@id\":\"https:\\\/\\\/linesfiction.de\\\/lfd\\\/#\\\/schema\\\/logo\\\/image\\\/\",\"url\":\"https:\\\/\\\/linesfiction.de\\\/lfd\\\/wp-content\\\/uploads\\\/2022\\\/12\\\/linesfiction_logo_instagram.jpg\",\"contentUrl\":\"https:\\\/\\\/linesfiction.de\\\/lfd\\\/wp-content\\\/uploads\\\/2022\\\/12\\\/linesfiction_logo_instagram.jpg\",\"width\":1080,\"height\":1077,\"caption\":\"Lines Fiction\"},\"image\":{\"@id\":\"https:\\\/\\\/linesfiction.de\\\/lfd\\\/#\\\/schema\\\/logo\\\/image\\\/\"},\"sameAs\":[\"https:\\\/\\\/www.facebook.com\\\/linesfiction\\\/\",\"https:\\\/\\\/x.com\\\/linesfiction\",\"https:\\\/\\\/www.instagram.com\\\/linesfiction\\\/\"]}]}<\/script>\n<!-- \/ Yoast SEO plugin. -->","yoast_head_json":{"title":"Nicole Wendel - Lines Fiction \u2605 Zeichnung &amp; Animation \u2605","robots":{"index":"index","follow":"follow","max-snippet":"max-snippet:-1","max-image-preview":"max-image-preview:large","max-video-preview":"max-video-preview:-1"},"canonical":"https:\/\/linesfiction.de\/lfd\/lines-fiction-online\/m-z\/nicole-wendel\/","og_locale":"de_DE","og_type":"article","og_title":"Nicole Wendel - Lines Fiction \u2605 Zeichnung &amp; Animation \u2605","og_description":"Lines Fiction: Auf dieser Website werden bewegte Bilder als Animationen mit Zeichnungen vorgestellt.\u00a0\u2028Du arbeitest nun aber einerseits mit Live Performance, in der Zeichnungen entstehen, andererseits allein im Studio mit Zeichnungen, auf denen auch Spuren von Gesten, Hand- und Fu\u00dfabdr\u00fccke zu &hellip; Nicole Wendel Weiterlesen &raquo;","og_url":"https:\/\/linesfiction.de\/lfd\/lines-fiction-online\/m-z\/nicole-wendel\/","og_site_name":"Lines Fiction \u2605 Zeichnung &amp; Animation \u2605","article_publisher":"https:\/\/www.facebook.com\/linesfiction\/","article_modified_time":"2017-11-07T15:47:33+00:00","twitter_card":"summary_large_image","twitter_site":"@linesfiction","twitter_misc":{"Gesch\u00e4tzte Lesezeit":"6\u00a0Minuten"},"schema":{"@context":"https:\/\/schema.org","@graph":[{"@type":"WebPage","@id":"https:\/\/linesfiction.de\/lfd\/lines-fiction-online\/m-z\/nicole-wendel\/","url":"https:\/\/linesfiction.de\/lfd\/lines-fiction-online\/m-z\/nicole-wendel\/","name":"Nicole Wendel - Lines Fiction \u2605 Zeichnung &amp; Animation \u2605","isPartOf":{"@id":"https:\/\/linesfiction.de\/lfd\/#website"},"datePublished":"2017-10-27T10:11:39+00:00","dateModified":"2017-11-07T15:47:33+00:00","breadcrumb":{"@id":"https:\/\/linesfiction.de\/lfd\/lines-fiction-online\/m-z\/nicole-wendel\/#breadcrumb"},"inLanguage":"de","potentialAction":[{"@type":"ReadAction","target":["https:\/\/linesfiction.de\/lfd\/lines-fiction-online\/m-z\/nicole-wendel\/"]}]},{"@type":"BreadcrumbList","@id":"https:\/\/linesfiction.de\/lfd\/lines-fiction-online\/m-z\/nicole-wendel\/#breadcrumb","itemListElement":[{"@type":"ListItem","position":1,"name":"Startseite","item":"https:\/\/linesfiction.de\/lfd\/"},{"@type":"ListItem","position":2,"name":"Lines Fiction online","item":"https:\/\/linesfiction.de\/lfd\/lines-fiction-online\/"},{"@type":"ListItem","position":3,"name":"M &#8211; Z","item":"https:\/\/linesfiction.de\/lfd\/lines-fiction-online\/m-z\/"},{"@type":"ListItem","position":4,"name":"Nicole Wendel"}]},{"@type":"WebSite","@id":"https:\/\/linesfiction.de\/lfd\/#website","url":"https:\/\/linesfiction.de\/lfd\/","name":"Lines Fiction - Zeichnung & Animation - Drawing & Animation","description":"","publisher":{"@id":"https:\/\/linesfiction.de\/lfd\/#organization"},"potentialAction":[{"@type":"SearchAction","target":{"@type":"EntryPoint","urlTemplate":"https:\/\/linesfiction.de\/lfd\/?s={search_term_string}"},"query-input":{"@type":"PropertyValueSpecification","valueRequired":true,"valueName":"search_term_string"}}],"inLanguage":"de"},{"@type":"Organization","@id":"https:\/\/linesfiction.de\/lfd\/#organization","name":"Lines Fiction","url":"https:\/\/linesfiction.de\/lfd\/","logo":{"@type":"ImageObject","inLanguage":"de","@id":"https:\/\/linesfiction.de\/lfd\/#\/schema\/logo\/image\/","url":"https:\/\/linesfiction.de\/lfd\/wp-content\/uploads\/2022\/12\/linesfiction_logo_instagram.jpg","contentUrl":"https:\/\/linesfiction.de\/lfd\/wp-content\/uploads\/2022\/12\/linesfiction_logo_instagram.jpg","width":1080,"height":1077,"caption":"Lines Fiction"},"image":{"@id":"https:\/\/linesfiction.de\/lfd\/#\/schema\/logo\/image\/"},"sameAs":["https:\/\/www.facebook.com\/linesfiction\/","https:\/\/x.com\/linesfiction","https:\/\/www.instagram.com\/linesfiction\/"]}]}},"_links":{"self":[{"href":"https:\/\/linesfiction.de\/lfd\/wp-json\/wp\/v2\/pages\/1635","targetHints":{"allow":["GET"]}}],"collection":[{"href":"https:\/\/linesfiction.de\/lfd\/wp-json\/wp\/v2\/pages"}],"about":[{"href":"https:\/\/linesfiction.de\/lfd\/wp-json\/wp\/v2\/types\/page"}],"author":[{"embeddable":true,"href":"https:\/\/linesfiction.de\/lfd\/wp-json\/wp\/v2\/users\/7"}],"replies":[{"embeddable":true,"href":"https:\/\/linesfiction.de\/lfd\/wp-json\/wp\/v2\/comments?post=1635"}],"version-history":[{"count":48,"href":"https:\/\/linesfiction.de\/lfd\/wp-json\/wp\/v2\/pages\/1635\/revisions"}],"predecessor-version":[{"id":1692,"href":"https:\/\/linesfiction.de\/lfd\/wp-json\/wp\/v2\/pages\/1635\/revisions\/1692"}],"up":[{"embeddable":true,"href":"https:\/\/linesfiction.de\/lfd\/wp-json\/wp\/v2\/pages\/503"}],"wp:attachment":[{"href":"https:\/\/linesfiction.de\/lfd\/wp-json\/wp\/v2\/media?parent=1635"}],"curies":[{"name":"wp","href":"https:\/\/api.w.org\/{rel}","templated":true}]}}