{"id":203,"date":"2012-02-01T15:06:11","date_gmt":"2012-02-01T14:06:11","guid":{"rendered":"http:\/\/linesfiction.de\/lfd\/?page_id=203"},"modified":"2022-12-21T14:28:45","modified_gmt":"2022-12-21T13:28:45","slug":"monika-bartholome","status":"publish","type":"page","link":"https:\/\/linesfiction.de\/lfd\/lines-fiction-online\/a-l\/monika-bartholome\/","title":{"rendered":"Monika Bartholom\u00e9"},"content":{"rendered":"<p><u>Lines Fiction: Die beiden Animationen, die du hier auf dieser Website zeigst gehen auf unterschiedliche Weise mit dem bewegten Bild um.<br \/>\nLass uns erstmal \u00fcber deinen Film &#8222;Brenda, Lee&#8220; sprechen. Du pr\u00e4sentierst ihn als animierte Diashow, aber die l\u00e4ngste Zeit war das Projekt eigentlich ein Film auf Papier. Wie hast du die Serie gezeigt bevor du dich entschlossen hast die Bilder in Bewegung zu bringen?<\/u><\/p>\n<p>Monika Bartholom\u00e9: Die Serie der Aquarellzeichnungen<br \/>\n&#8222;Brenda, Lee&#8220; war zun\u00e4chst als Block auf einer Wand angelegt, die ca. 6 Meter lang und 4 Meter hoch ist. So ist die Situation bei mir im Atelier in K\u00f6ln. Diese Form der H\u00e4ngung erm\u00f6glicht das &#8222;In-Beziehung-setzen&#8220; der einzelnen Zeichnungen und Texte zueinander, da man alle Zeichnungen, Texte und Namen gleichzeitig vor sich sieht. Im Hinundherschauen, auch eine Form der Bewegung, entstehen Verkn\u00fcpfungen, Geschichten, z.B. von Bild und Textaussagen, die mit dem Prozess des Erinnerns zu tun haben. Die unterschiedlichen Kombinationen, die man als Betrachter vornimmt, sind mit eigenem Erleben, schon Gesehenem und Vergleichen belegt. Alle meine Vor &#8211; Bilder &#8211; Serien haben die Wahrnehmung, in diesem Fall die Betrachtung von Kunst zum Thema.<\/p>\n<p>Meine Zeichnungen zitieren Gem\u00e4lde der klassischen Moderne &#8211; vornehmlich Hopper, aber auch Kirchners Milli und Frenzi, Munch, Modersohn-Becker.<\/p>\n<p>Die Bilder von Edvard Hopper sind ja schon h\u00e4ufig mit Filmstills verglichen worden. Das Ausschnitthafte und vor allem seine Lichtf\u00fchrung und die damit einhergehende r\u00e4umliche Gestaltung seiner Bilder, (z.B. sieht man nie die Lichtquelle, sie liegt immer au\u00dferhalb des Bildes, quasi um die Ecke), tr\u00e4gt dazu bei.<br \/>\nBei einer Ausstellung in M\u00fcnchen, wo mir eine 18 Meter lange und 12 Meter hohe Wand zur Verf\u00fcgung stand, probierte ich die H\u00e4ngung als Linie, d.h. alle Zeichnungen wurden wie ein Filmstreifen hintereinander gesetzt, aufgeh\u00e4ngt.<br \/>\nDann kam noch etwas Entscheidendes hinzu.Bei der Er\u00f6ffnung spielte eine Pianistin wenig bekannte St\u00fccke von Eric Satie und man sa\u00df direkt vor der Wand, schaute also beim Zuh\u00f6ren nicht auf den Fl\u00fcgel und die Pianistin, sondern auf die Zeichnungsreihe, etwa so, wie fr\u00fcher im Kino Stummfilme gezeigt wurden. In dem Moment war eigentlich die Idee geboren, tats\u00e4chlich das Medium Film auszuprobieren.<\/p>\n<p>Vielleicht liegt Interesse gar nicht so sehr beim Medium Film selbst, sondern an der Frage, wie entsteht eine Zeichnung, wie sehe ich, wie finde ich, wie ger\u00e4t das, was ich sehe, im eigentlichen Sinne des Wortes, in Bewegung, in welche Stimmung gerate ich, was bringe ich in meinem Gehirnskasten schon mit und wie verkn\u00fcpfe ich alles miteinander.<\/p>\n<p><u>Lines Fiction: Dieser andere Schwerpunkt in deinen Animationen wird in der Filmsammlung &#8222;zu Besuch&#8220; deutlich.<br \/>\nVon einem Kamerawinkel \u00fcber dem Zeichntisch aus sehen wir zu, wie die Zeichnung entsteht, und wir sehen deine H\u00e4nde zeichnen. Wie kamst du dazu?<\/u><\/p>\n<p>Monika Bartholom\u00e9: 2010 habe ich zun\u00e4chst mit Computeranimationen im Zusammenhang mit meiner Besch\u00e4ftigung mit den Netsuke und den japanischen Holzschnitten, begonnen.<br \/>\nIch wollte nur einige kleine Bewegungen in den Bleistiftzeichnungen in Bewegung bringen, einen Daumen drehen, die Augen bewegen, etc. Da ich aber nicht ergebnisorientiert zeichne, hab ich mich damit sehr schwer getan, au\u00dferdem gefielen mir die Linien nicht, alles wurde mir zu k\u00fcnstlich.<br \/>\nMein zeichnerisches Vorgehen, was ich immer mit dem Satz &#8222;mit den Augen der Hand folgen&#8220; beschreibe, brauchte eine andere Art von Umsetzung. Ich habe schon immer gerne mit Folien gearbeitet, die ich \u00fcbereinandergelegt und verschoben habe, meine Muster sind aus diesen Verschiebungen und Dopplungen entstanden. Dann gibt es noch die &#8222;Schiebek\u00e4sten&#8220; aus den 90iger Jahren, die wie kleine B\u00fchnen angelegt sind und wo man durch einfaches Verschieben und Verdecken von Holzt\u00e4felchen immer wieder neue Blickwinkel und Bilderr\u00e4ume erschaffen, bzw. verdecken kann. Ich liebe es au\u00dferdem, zu spielen, auszuprobieren und auf das Entstandene zu reagieren.<br \/>\nAu\u00dferdem ist f\u00fcr mich das wei\u00dfe Blatt Zeichenpapier nicht einfach nur ein wei\u00dfes Blatt Papier, sondern ein unendlicher Lichtraum, der durch die Linien, die dar\u00fcber liegen hervorgehoben wird. Insofern unterst\u00fctzt das Licht unter, bzw. hinter dem Papier, vergleichbar einem Lichtbild, genannt Dia, diese Sehweise.<br \/>\nAus all diesen Gr\u00fcnden habe ich mich von der Animation verarbschiedet und die Bewegung durch das Verschieben der \u00fcbereinandergelegten Bl\u00e4tter und die Bewegung des Zeichenvorgangs in den Vordergrund ger\u00fcckt.<br \/>\nIch zeichne lieber auf Papier, als das ich am Computer sitze, das Handgemachte, die Realzeit, der man als Betrachter ausgesetzt ist, all das ist mir wichtig und es ist erstaunlich, wie sehr das Einfache manchmal das Richtigere ist.<br \/>\nIch filme also das Zeichnen \u00fcber einem Leuchttisch, man ist ganz nah an dem Prozess des Entstehens einer Zeichnung dran. Ich arbeite nicht mit Filmschnitt, \u00fcbrig geblieben ist nur der Zoom und die beiden Zeichenpapierbl\u00e4tter, die ich verschiebe und drehe und wende.<\/p>\n<p><a href=\"http:\/\/www.monikabartholome.de\"><br \/>\nwww.monikabartholome.de<\/a><\/p>\n","protected":false},"excerpt":{"rendered":"<p>Lines Fiction: Die beiden Animationen, die du hier auf dieser Website zeigst gehen auf unterschiedliche Weise mit dem bewegten Bild um. Lass uns erstmal \u00fcber deinen Film &#8222;Brenda, Lee&#8220; sprechen. Du pr\u00e4sentierst ihn als animierte Diashow, aber die l\u00e4ngste Zeit &hellip;<\/p>\n<p class=\"read-more\"> <a class=\"more-link\" href=\"https:\/\/linesfiction.de\/lfd\/lines-fiction-online\/a-l\/monika-bartholome\/\"> <span class=\"screen-reader-text\">Monika Bartholom\u00e9<\/span> Weiterlesen &raquo;<\/a><\/p>\n","protected":false},"author":7,"featured_media":0,"parent":501,"menu_order":0,"comment_status":"closed","ping_status":"closed","template":"content-sidebar-page.php","meta":{"footnotes":""},"class_list":["post-203","page","type-page","status-publish","hentry"],"yoast_head":"<!-- This site is optimized with the Yoast SEO plugin v27.4 - https:\/\/yoast.com\/product\/yoast-seo-wordpress\/ -->\n<title>Monika Bartholom\u00e9 - Lines Fiction \u2605 Zeichnung &amp; Animation \u2605<\/title>\n<meta name=\"robots\" content=\"index, follow, max-snippet:-1, max-image-preview:large, max-video-preview:-1\" \/>\n<link rel=\"canonical\" href=\"https:\/\/linesfiction.de\/lfd\/lines-fiction-online\/a-l\/monika-bartholome\/\" \/>\n<meta property=\"og:locale\" content=\"de_DE\" \/>\n<meta property=\"og:type\" content=\"article\" \/>\n<meta property=\"og:title\" content=\"Monika Bartholom\u00e9 - Lines Fiction \u2605 Zeichnung &amp; Animation \u2605\" \/>\n<meta property=\"og:description\" content=\"Lines Fiction: Die beiden Animationen, die du hier auf dieser Website zeigst gehen auf unterschiedliche Weise mit dem bewegten Bild um. Lass uns erstmal \u00fcber deinen Film &#8222;Brenda, Lee&#8220; sprechen. Du pr\u00e4sentierst ihn als animierte Diashow, aber die l\u00e4ngste Zeit &hellip; Monika Bartholom\u00e9 Weiterlesen &raquo;\" \/>\n<meta property=\"og:url\" content=\"https:\/\/linesfiction.de\/lfd\/lines-fiction-online\/a-l\/monika-bartholome\/\" \/>\n<meta property=\"og:site_name\" content=\"Lines Fiction \u2605 Zeichnung &amp; Animation \u2605\" \/>\n<meta property=\"article:publisher\" content=\"https:\/\/www.facebook.com\/linesfiction\/\" \/>\n<meta property=\"article:modified_time\" content=\"2022-12-21T13:28:45+00:00\" \/>\n<meta name=\"twitter:card\" content=\"summary_large_image\" \/>\n<meta name=\"twitter:site\" content=\"@linesfiction\" \/>\n<meta name=\"twitter:label1\" content=\"Gesch\u00e4tzte Lesezeit\" \/>\n\t<meta name=\"twitter:data1\" content=\"4\u00a0Minuten\" \/>\n<script type=\"application\/ld+json\" class=\"yoast-schema-graph\">{\"@context\":\"https:\\\/\\\/schema.org\",\"@graph\":[{\"@type\":\"WebPage\",\"@id\":\"https:\\\/\\\/linesfiction.de\\\/lfd\\\/lines-fiction-online\\\/a-l\\\/monika-bartholome\\\/\",\"url\":\"https:\\\/\\\/linesfiction.de\\\/lfd\\\/lines-fiction-online\\\/a-l\\\/monika-bartholome\\\/\",\"name\":\"Monika Bartholom\u00e9 - Lines Fiction \u2605 Zeichnung &amp; Animation \u2605\",\"isPartOf\":{\"@id\":\"https:\\\/\\\/linesfiction.de\\\/lfd\\\/#website\"},\"datePublished\":\"2012-02-01T14:06:11+00:00\",\"dateModified\":\"2022-12-21T13:28:45+00:00\",\"breadcrumb\":{\"@id\":\"https:\\\/\\\/linesfiction.de\\\/lfd\\\/lines-fiction-online\\\/a-l\\\/monika-bartholome\\\/#breadcrumb\"},\"inLanguage\":\"de\",\"potentialAction\":[{\"@type\":\"ReadAction\",\"target\":[\"https:\\\/\\\/linesfiction.de\\\/lfd\\\/lines-fiction-online\\\/a-l\\\/monika-bartholome\\\/\"]}]},{\"@type\":\"BreadcrumbList\",\"@id\":\"https:\\\/\\\/linesfiction.de\\\/lfd\\\/lines-fiction-online\\\/a-l\\\/monika-bartholome\\\/#breadcrumb\",\"itemListElement\":[{\"@type\":\"ListItem\",\"position\":1,\"name\":\"Startseite\",\"item\":\"https:\\\/\\\/linesfiction.de\\\/lfd\\\/\"},{\"@type\":\"ListItem\",\"position\":2,\"name\":\"Lines Fiction online\",\"item\":\"https:\\\/\\\/linesfiction.de\\\/lfd\\\/lines-fiction-online\\\/\"},{\"@type\":\"ListItem\",\"position\":3,\"name\":\"A &#8211; L\",\"item\":\"https:\\\/\\\/linesfiction.de\\\/lfd\\\/lines-fiction-online\\\/a-l\\\/\"},{\"@type\":\"ListItem\",\"position\":4,\"name\":\"Monika Bartholom\u00e9\"}]},{\"@type\":\"WebSite\",\"@id\":\"https:\\\/\\\/linesfiction.de\\\/lfd\\\/#website\",\"url\":\"https:\\\/\\\/linesfiction.de\\\/lfd\\\/\",\"name\":\"Lines Fiction - Zeichnung & Animation - Drawing & Animation\",\"description\":\"\",\"publisher\":{\"@id\":\"https:\\\/\\\/linesfiction.de\\\/lfd\\\/#organization\"},\"potentialAction\":[{\"@type\":\"SearchAction\",\"target\":{\"@type\":\"EntryPoint\",\"urlTemplate\":\"https:\\\/\\\/linesfiction.de\\\/lfd\\\/?s={search_term_string}\"},\"query-input\":{\"@type\":\"PropertyValueSpecification\",\"valueRequired\":true,\"valueName\":\"search_term_string\"}}],\"inLanguage\":\"de\"},{\"@type\":\"Organization\",\"@id\":\"https:\\\/\\\/linesfiction.de\\\/lfd\\\/#organization\",\"name\":\"Lines Fiction\",\"url\":\"https:\\\/\\\/linesfiction.de\\\/lfd\\\/\",\"logo\":{\"@type\":\"ImageObject\",\"inLanguage\":\"de\",\"@id\":\"https:\\\/\\\/linesfiction.de\\\/lfd\\\/#\\\/schema\\\/logo\\\/image\\\/\",\"url\":\"https:\\\/\\\/linesfiction.de\\\/lfd\\\/wp-content\\\/uploads\\\/2022\\\/12\\\/linesfiction_logo_instagram.jpg\",\"contentUrl\":\"https:\\\/\\\/linesfiction.de\\\/lfd\\\/wp-content\\\/uploads\\\/2022\\\/12\\\/linesfiction_logo_instagram.jpg\",\"width\":1080,\"height\":1077,\"caption\":\"Lines Fiction\"},\"image\":{\"@id\":\"https:\\\/\\\/linesfiction.de\\\/lfd\\\/#\\\/schema\\\/logo\\\/image\\\/\"},\"sameAs\":[\"https:\\\/\\\/www.facebook.com\\\/linesfiction\\\/\",\"https:\\\/\\\/x.com\\\/linesfiction\",\"https:\\\/\\\/www.instagram.com\\\/linesfiction\\\/\"]}]}<\/script>\n<!-- \/ Yoast SEO plugin. -->","yoast_head_json":{"title":"Monika Bartholom\u00e9 - Lines Fiction \u2605 Zeichnung &amp; Animation \u2605","robots":{"index":"index","follow":"follow","max-snippet":"max-snippet:-1","max-image-preview":"max-image-preview:large","max-video-preview":"max-video-preview:-1"},"canonical":"https:\/\/linesfiction.de\/lfd\/lines-fiction-online\/a-l\/monika-bartholome\/","og_locale":"de_DE","og_type":"article","og_title":"Monika Bartholom\u00e9 - Lines Fiction \u2605 Zeichnung &amp; Animation \u2605","og_description":"Lines Fiction: Die beiden Animationen, die du hier auf dieser Website zeigst gehen auf unterschiedliche Weise mit dem bewegten Bild um. Lass uns erstmal \u00fcber deinen Film &#8222;Brenda, Lee&#8220; sprechen. Du pr\u00e4sentierst ihn als animierte Diashow, aber die l\u00e4ngste Zeit &hellip; Monika Bartholom\u00e9 Weiterlesen &raquo;","og_url":"https:\/\/linesfiction.de\/lfd\/lines-fiction-online\/a-l\/monika-bartholome\/","og_site_name":"Lines Fiction \u2605 Zeichnung &amp; Animation \u2605","article_publisher":"https:\/\/www.facebook.com\/linesfiction\/","article_modified_time":"2022-12-21T13:28:45+00:00","twitter_card":"summary_large_image","twitter_site":"@linesfiction","twitter_misc":{"Gesch\u00e4tzte Lesezeit":"4\u00a0Minuten"},"schema":{"@context":"https:\/\/schema.org","@graph":[{"@type":"WebPage","@id":"https:\/\/linesfiction.de\/lfd\/lines-fiction-online\/a-l\/monika-bartholome\/","url":"https:\/\/linesfiction.de\/lfd\/lines-fiction-online\/a-l\/monika-bartholome\/","name":"Monika Bartholom\u00e9 - Lines Fiction \u2605 Zeichnung &amp; Animation \u2605","isPartOf":{"@id":"https:\/\/linesfiction.de\/lfd\/#website"},"datePublished":"2012-02-01T14:06:11+00:00","dateModified":"2022-12-21T13:28:45+00:00","breadcrumb":{"@id":"https:\/\/linesfiction.de\/lfd\/lines-fiction-online\/a-l\/monika-bartholome\/#breadcrumb"},"inLanguage":"de","potentialAction":[{"@type":"ReadAction","target":["https:\/\/linesfiction.de\/lfd\/lines-fiction-online\/a-l\/monika-bartholome\/"]}]},{"@type":"BreadcrumbList","@id":"https:\/\/linesfiction.de\/lfd\/lines-fiction-online\/a-l\/monika-bartholome\/#breadcrumb","itemListElement":[{"@type":"ListItem","position":1,"name":"Startseite","item":"https:\/\/linesfiction.de\/lfd\/"},{"@type":"ListItem","position":2,"name":"Lines Fiction online","item":"https:\/\/linesfiction.de\/lfd\/lines-fiction-online\/"},{"@type":"ListItem","position":3,"name":"A &#8211; L","item":"https:\/\/linesfiction.de\/lfd\/lines-fiction-online\/a-l\/"},{"@type":"ListItem","position":4,"name":"Monika Bartholom\u00e9"}]},{"@type":"WebSite","@id":"https:\/\/linesfiction.de\/lfd\/#website","url":"https:\/\/linesfiction.de\/lfd\/","name":"Lines Fiction - Zeichnung & Animation - Drawing & Animation","description":"","publisher":{"@id":"https:\/\/linesfiction.de\/lfd\/#organization"},"potentialAction":[{"@type":"SearchAction","target":{"@type":"EntryPoint","urlTemplate":"https:\/\/linesfiction.de\/lfd\/?s={search_term_string}"},"query-input":{"@type":"PropertyValueSpecification","valueRequired":true,"valueName":"search_term_string"}}],"inLanguage":"de"},{"@type":"Organization","@id":"https:\/\/linesfiction.de\/lfd\/#organization","name":"Lines Fiction","url":"https:\/\/linesfiction.de\/lfd\/","logo":{"@type":"ImageObject","inLanguage":"de","@id":"https:\/\/linesfiction.de\/lfd\/#\/schema\/logo\/image\/","url":"https:\/\/linesfiction.de\/lfd\/wp-content\/uploads\/2022\/12\/linesfiction_logo_instagram.jpg","contentUrl":"https:\/\/linesfiction.de\/lfd\/wp-content\/uploads\/2022\/12\/linesfiction_logo_instagram.jpg","width":1080,"height":1077,"caption":"Lines Fiction"},"image":{"@id":"https:\/\/linesfiction.de\/lfd\/#\/schema\/logo\/image\/"},"sameAs":["https:\/\/www.facebook.com\/linesfiction\/","https:\/\/x.com\/linesfiction","https:\/\/www.instagram.com\/linesfiction\/"]}]}},"_links":{"self":[{"href":"https:\/\/linesfiction.de\/lfd\/wp-json\/wp\/v2\/pages\/203","targetHints":{"allow":["GET"]}}],"collection":[{"href":"https:\/\/linesfiction.de\/lfd\/wp-json\/wp\/v2\/pages"}],"about":[{"href":"https:\/\/linesfiction.de\/lfd\/wp-json\/wp\/v2\/types\/page"}],"author":[{"embeddable":true,"href":"https:\/\/linesfiction.de\/lfd\/wp-json\/wp\/v2\/users\/7"}],"replies":[{"embeddable":true,"href":"https:\/\/linesfiction.de\/lfd\/wp-json\/wp\/v2\/comments?post=203"}],"version-history":[{"count":40,"href":"https:\/\/linesfiction.de\/lfd\/wp-json\/wp\/v2\/pages\/203\/revisions"}],"predecessor-version":[{"id":3146,"href":"https:\/\/linesfiction.de\/lfd\/wp-json\/wp\/v2\/pages\/203\/revisions\/3146"}],"up":[{"embeddable":true,"href":"https:\/\/linesfiction.de\/lfd\/wp-json\/wp\/v2\/pages\/501"}],"wp:attachment":[{"href":"https:\/\/linesfiction.de\/lfd\/wp-json\/wp\/v2\/media?parent=203"}],"curies":[{"name":"wp","href":"https:\/\/api.w.org\/{rel}","templated":true}]}}