{"id":2037,"date":"2018-12-17T15:32:40","date_gmt":"2018-12-17T14:32:40","guid":{"rendered":"http:\/\/linesfiction.de\/lfd\/?page_id=2037"},"modified":"2019-01-30T18:06:33","modified_gmt":"2019-01-30T17:06:33","slug":"petra-lottje","status":"publish","type":"page","link":"https:\/\/linesfiction.de\/lfd\/lines-fiction-online\/a-l\/petra-lottje\/","title":{"rendered":"Petra Lottje"},"content":{"rendered":"<p><u>Lines Fiction: Deine Zeichnungen sind sehr auff\u00e4llig in ihrem Stil,<br \/>\ndu entwickelst das ganze Blatt aus einer einzigen gezeichneten Linie.<br \/>\nDeine neue Zeichnungs-Serie <em>Im Zweifel<\/em> zeigst du zusammen mit der Animation<br \/>\n<em>Ohne meinen Anwalt,<\/em> in der man die Gesichter der Menschen vor Gericht vermuten kann.<br \/>\nWie hast du deinen Stil entwickelt, und wie kam es zu dieser Serie?<\/u><\/p>\n<p>Petra Lottje: Mit dem Zeichnen aus einer Linie heraus habe ich bereits w\u00e4hrend des Studiums begonnen, als ich mich mit der \u00c9criture automatique, dem automatischen Schreiben besch\u00e4ftigt habe.<\/p>\n<p>Seinerzeit sind ganze Serien mit Text, ganz ohne Satzzeichen und in Versalien, und zeitgleich Zeichnungen aus einem Strich entstanden.<br \/>\nSeitdem ist dies zu meiner liebsten Art des Zeichnens geworden, bei der ich mich auch \u00fcberraschen lasse. Im Moment des Zeichnens denke ich nicht nach, habe gar keine Zeit um zu \u00fcberlegen. So entstehen sehr viele Bl\u00e4tter, von denen wenige so gut sind, dass ich sie aus meinem Atelier lasse. Es ist also ein langer Prozess bis zur fertigen Arbeit \u2013 die dann unter Umst\u00e4nden in wenigen Sekunden entstanden ist.<\/p>\n<p>In der Zeichnung setze ich den Stift, bzw. zur Zeit die Kohle, nicht ab, definiere Raum und Mensch aus einem Strich und lasse alles weg, was es meiner Meinung nach f\u00fcr diese fokussierte Situation nicht braucht.<\/p>\n<p>Das Strafgericht in Berlin Moabit ist ein besonderer Ort. Die Menschen bewegen sich anders in dieser Architektur&#8230;  zudem ist unser Blick auf sie anders als auf Passanten in den Stra\u00dfen.<br \/>\nJeder hier ist herausgestellt, hat mit dem Gericht \u201ezu tun\u201c.<\/p>\n<p>F\u00fcr die Ausstellung und Zeichnungsserie <em>Im Zweifel<\/em> habe ich im Gerichtsgeb\u00e4ude, auf den G\u00e4ngen und in den Gerichtss\u00e4len die Eindr\u00fccke von den Menschen dort aufgenommen und in mir gesammelt: die Stimmungen, Emotionen, K\u00f6rperhaltungen&#8230;<br \/>\nIch zeichnete nicht vor Ort &#8211; All diese Eindr\u00fccke arbeiten in mir \u00fcber eine unbestimmte Zeit, manchmal Tage, manchmal Wochen, dann beginne ich zu zeichnen, was dann stundenlang, mit Unterbrechung tagelang gehen kann. Ein Blatt nach dem anderen &#8211; bis ich merke: Diese! &#8230;Diese Zeichnung trifft zu f\u00fcr eine Situation, wie sie sich in mir herauskristallisiert hat. Dann erst beginne ich, an der n\u00e4chsten Situation zu arbeiten.<\/p>\n<p>Gesichter, konkrete R\u00fcckschl\u00fcsse auf die gezeichneten Personen waren bei <em>Im Zweifel<\/em> nicht wichtig. Anders dagegen bei den Portraits f\u00fcr <em>Ohne meinen Anwalt&#8230;<\/em>, die ich zu dieser Serie gezeichnet und im Anschluss animiert habe.<br \/>\nBeim Betrachten der Animation erkennt man eine Empfindung wieder oder man meint, in bekannte Gesichter zu sehen&#8230; Die &#8222;gesichtslosen&#8220; Zeichnungen auf Papier bekommen so im bewegten Bild doch noch Pers\u00f6nlichkeit \u2013 umgekehrt weisen die Portraits auch darauf hin, dass es jeder Mensch sein k\u00f6nnte, der es mit der Justiz zu tun bekommt.<br \/>\nDie Portraits habe ich so animiert, dass die Gesichter st\u00e4ndig, manchmal auch nur minimal, in Bewegung sind. Das hat eine ganz eigenartige Wirkung. Ein Gesicht reiht sich an das n\u00e4chste, jeder minimale Augenblick f\u00fchrt zu einem anderen Ausdruck.<\/p>\n<p><u>Lines Fiction: Du begibst dich nicht nur vor Gericht in existenzielle Bereiche. Auch in der Zeichnung <em>Schwestern<\/em> ziehen sich feine Zeichnungsf\u00e4den von einer Figur zur anderen, in der dazugeh\u00f6rigen Animation <em>Resilienz 1<\/em> bewegen sich nur noch die Haare und wehen die herbstlichen Bl\u00e4tter um die Figuren. Resilienz ist ein Begriff aus der Psychologie, der so etwas wie Belastbarkeit, Widerstand gegen Unbill bedeuten kann. Deine Animation wirkt hier wie eine bewegte Momentaufnahme zur Zeichnung.<\/u><\/p>\n<p>Petra Lottje: Die Zeichnung <em>Schwestern<\/em> reduziert sich ebenfalls auf alles Wichtige und verbindet diese Elemente zugleich miteinander \u2013 also hier die drei Frauen. Und es stimmt genau so, wie du es in der Frage formuliert hast: Die dazugeh\u00f6rige Animation <em>Resilienz 1<\/em> ist eine bewegte Momentaufnahme und auch ein Portrait, ein bewegtes eben. \u00c4hnlich wie es die Portraitzeichnungen bei <em>Ohne meinen Anwalt&#8230;<\/em> auch sind. Es gibt keinen Handlungsstrang, keine weiterhelfende Erz\u00e4hlung.<br \/>\nDie Zeit und der Loop spielen f\u00fcr das Betrachten eine Rolle. Ich glaube, man kann das nachvollziehen: man erinnert sich ja oft an bestimmte Situationen im eigenen Leben \u2013 intensive Situationen im Moment und ohne Vor- bzw. Nachgeschichte, daf\u00fcr aber sehr bewegt. Das wiederum hat etwas mit Resilienz zu tun, mit der Widerstandsf\u00e4higkeit, mit der sich Momente, besonders negativ gef\u00e4rbte, im Nachgang betrachten lassen.<br \/>\n<em>Resilienz<\/em> steht erstmal als Titel f\u00fcr eine mehrteilige Arbeit. Als Behauptung oder Vermutung \u2013 je nachdem. Es sind einige Animationen entstanden, die \u00e4hnlich wirken. Sie zeigen Situationen, keine Geschichten. Eher einen Teppich aus situativen Momenten. Wann ich diese Serie als ganze ver\u00f6ffentlichen werde, ist noch nicht beschlossen, sie w\u00e4chst noch.<\/p>\n<p><u>Lines Fiction: Diese kurzen Animationen wirken wie Skizzen,<br \/>\ndeine preisgekr\u00f6nte Animation <em>mir fehlt nichts<\/em> hat daneben eine facettenreich ausgearbeitete Erz\u00e4hlform.&nbsp;&nbsp;&nbsp;&nbsp; <em>mir fehlt nichts<\/em> wirkt rein \u00fcber Bilder und Ton &#8211; ohne Sprache &#8211; um so eine traumatische Familiengeschichte \u00fcber drei Generationen hinweg zu erz\u00e4hlen.<br \/>\nDu hast hier bei der Entwicklung der Animation im Team gearbeitet?<\/u><\/p>\n<p>Petra Lottje: Als mir klar wurde, dass ich die Geschichte von <em>mir fehlt nichts<\/em> erz\u00e4hlen werde, habe ich bald gemerkt, dass es in dem von mir gew\u00fcnschten Umfang ohne Team nicht machbar ist. <em>mir fehlt nichts<\/em> ist das bislang l\u00e4ngste und aufw\u00e4ndigste Animationsprojekt in meinem Werk. Ich hatte dabei Hilfe im Umgang mit den unterschiedlichen Programmen, die wir verwendet haben, der Arbeit mit dem Wacom, bei Musik und Soundgestaltung. Und dann kamen f\u00fcr die Realszenen noch Schauspieler, Kameramann, Beleuchter und Digitalisierungen des Wochenschaumaterials und einiges mehr dazu. Was ich unbedingt wollte: Jeden Strich selber zeichnen! Allein die Hintergrundbilder der Anfangsszene stammen aus anderer Hand, wobei es nat\u00fcrlich Elemente gab, die mir wichtig waren. Ich wollte alles verstehen, was ich tue, was getan wurde, wieder und wieder hinschauen und genau abw\u00e4gen, was ich wie zeigen werde. Das war dann, trotz des Teams, viel intensive Arbeit mit mir allein. Eigentlich habe ich rund zwei Jahre fast nichts anderes getan, als zu jobben und <em>mir fehlt nichts<\/em> zum Laufen zu bringen. Die Geschichte ist so heikel, dass ich allergr\u00f6\u00dfte Sorgfalt bei jeder Szene angewandt und nichts dem Zufall \u00fcberlassen habe. Ich wollte einen Film machen, der unmissverst\u00e4ndlich eine wahre Geschichte in modifizierter, verdichteter Form erz\u00e4hlt. Auch hier haben die Charaktere keine Gesichter, wie in den meisten meiner Zeichnungen, wie auch bei der Serie <em>Im Zweifel<\/em>. Sie haben auch keine Stimmen, sind m\u00f6glicherweise austauschbar, nicht sicher zu identifizieren. Die Figuren in <em>mir fehlt nichts<\/em> sind vereinfacht, aber nicht aus einem Strich. Als ich schlie\u00dflich mit dem Characterdesign fertig war habe ich mich f\u00fcr eine andere Art des Zeichnens entschlossen. Die ersten Vorzeichnungen zu dieser Animation sind noch aus einer Linie, ich behalte sie aber als Material zum Film in der Schublade.<\/p>\n<p><a href=\"https:\/\/www.lottje.de\/#\" target=\"_blank\" rel=\"noopener\">lottje.de<\/a><\/p>\n","protected":false},"excerpt":{"rendered":"<p>Lines Fiction: Deine Zeichnungen sind sehr auff\u00e4llig in ihrem Stil, du entwickelst das ganze Blatt aus einer einzigen gezeichneten Linie. Deine neue Zeichnungs-Serie Im Zweifel zeigst du zusammen mit der Animation Ohne meinen Anwalt, in der man die Gesichter der &hellip;<\/p>\n<p class=\"read-more\"> <a class=\"more-link\" href=\"https:\/\/linesfiction.de\/lfd\/lines-fiction-online\/a-l\/petra-lottje\/\"> <span class=\"screen-reader-text\">Petra Lottje<\/span> Weiterlesen &raquo;<\/a><\/p>\n","protected":false},"author":7,"featured_media":0,"parent":501,"menu_order":0,"comment_status":"closed","ping_status":"closed","template":"content-sidebar-page.php","meta":{"footnotes":""},"class_list":["post-2037","page","type-page","status-publish","hentry"],"yoast_head":"<!-- This site is optimized with the Yoast SEO plugin v27.3 - https:\/\/yoast.com\/product\/yoast-seo-wordpress\/ -->\n<title>Petra Lottje - Lines Fiction \u2605 Zeichnung &amp; Animation \u2605<\/title>\n<meta name=\"robots\" content=\"index, follow, max-snippet:-1, max-image-preview:large, max-video-preview:-1\" \/>\n<link rel=\"canonical\" href=\"https:\/\/linesfiction.de\/lfd\/lines-fiction-online\/a-l\/petra-lottje\/\" \/>\n<meta property=\"og:locale\" content=\"de_DE\" \/>\n<meta property=\"og:type\" content=\"article\" \/>\n<meta property=\"og:title\" content=\"Petra Lottje - Lines Fiction \u2605 Zeichnung &amp; Animation \u2605\" \/>\n<meta property=\"og:description\" content=\"Lines Fiction: Deine Zeichnungen sind sehr auff\u00e4llig in ihrem Stil, du entwickelst das ganze Blatt aus einer einzigen gezeichneten Linie. Deine neue Zeichnungs-Serie Im Zweifel zeigst du zusammen mit der Animation Ohne meinen Anwalt, in der man die Gesichter der &hellip; Petra Lottje Weiterlesen &raquo;\" \/>\n<meta property=\"og:url\" content=\"https:\/\/linesfiction.de\/lfd\/lines-fiction-online\/a-l\/petra-lottje\/\" \/>\n<meta property=\"og:site_name\" content=\"Lines Fiction \u2605 Zeichnung &amp; Animation \u2605\" \/>\n<meta property=\"article:publisher\" content=\"https:\/\/www.facebook.com\/linesfiction\/\" \/>\n<meta property=\"article:modified_time\" content=\"2019-01-30T17:06:33+00:00\" \/>\n<meta name=\"twitter:card\" content=\"summary_large_image\" \/>\n<meta name=\"twitter:site\" content=\"@linesfiction\" \/>\n<meta name=\"twitter:label1\" content=\"Gesch\u00e4tzte Lesezeit\" \/>\n\t<meta name=\"twitter:data1\" content=\"6\u00a0Minuten\" \/>\n<script type=\"application\/ld+json\" class=\"yoast-schema-graph\">{\"@context\":\"https:\\\/\\\/schema.org\",\"@graph\":[{\"@type\":\"WebPage\",\"@id\":\"https:\\\/\\\/linesfiction.de\\\/lfd\\\/lines-fiction-online\\\/a-l\\\/petra-lottje\\\/\",\"url\":\"https:\\\/\\\/linesfiction.de\\\/lfd\\\/lines-fiction-online\\\/a-l\\\/petra-lottje\\\/\",\"name\":\"Petra Lottje - Lines Fiction \u2605 Zeichnung &amp; Animation \u2605\",\"isPartOf\":{\"@id\":\"https:\\\/\\\/linesfiction.de\\\/lfd\\\/#website\"},\"datePublished\":\"2018-12-17T14:32:40+00:00\",\"dateModified\":\"2019-01-30T17:06:33+00:00\",\"breadcrumb\":{\"@id\":\"https:\\\/\\\/linesfiction.de\\\/lfd\\\/lines-fiction-online\\\/a-l\\\/petra-lottje\\\/#breadcrumb\"},\"inLanguage\":\"de\",\"potentialAction\":[{\"@type\":\"ReadAction\",\"target\":[\"https:\\\/\\\/linesfiction.de\\\/lfd\\\/lines-fiction-online\\\/a-l\\\/petra-lottje\\\/\"]}]},{\"@type\":\"BreadcrumbList\",\"@id\":\"https:\\\/\\\/linesfiction.de\\\/lfd\\\/lines-fiction-online\\\/a-l\\\/petra-lottje\\\/#breadcrumb\",\"itemListElement\":[{\"@type\":\"ListItem\",\"position\":1,\"name\":\"Startseite\",\"item\":\"https:\\\/\\\/linesfiction.de\\\/lfd\\\/\"},{\"@type\":\"ListItem\",\"position\":2,\"name\":\"Lines Fiction online\",\"item\":\"https:\\\/\\\/linesfiction.de\\\/lfd\\\/lines-fiction-online\\\/\"},{\"@type\":\"ListItem\",\"position\":3,\"name\":\"A &#8211; L\",\"item\":\"https:\\\/\\\/linesfiction.de\\\/lfd\\\/lines-fiction-online\\\/a-l\\\/\"},{\"@type\":\"ListItem\",\"position\":4,\"name\":\"Petra Lottje\"}]},{\"@type\":\"WebSite\",\"@id\":\"https:\\\/\\\/linesfiction.de\\\/lfd\\\/#website\",\"url\":\"https:\\\/\\\/linesfiction.de\\\/lfd\\\/\",\"name\":\"Lines Fiction - Zeichnung & Animation - Drawing & Animation\",\"description\":\"\",\"publisher\":{\"@id\":\"https:\\\/\\\/linesfiction.de\\\/lfd\\\/#organization\"},\"potentialAction\":[{\"@type\":\"SearchAction\",\"target\":{\"@type\":\"EntryPoint\",\"urlTemplate\":\"https:\\\/\\\/linesfiction.de\\\/lfd\\\/?s={search_term_string}\"},\"query-input\":{\"@type\":\"PropertyValueSpecification\",\"valueRequired\":true,\"valueName\":\"search_term_string\"}}],\"inLanguage\":\"de\"},{\"@type\":\"Organization\",\"@id\":\"https:\\\/\\\/linesfiction.de\\\/lfd\\\/#organization\",\"name\":\"Lines Fiction\",\"url\":\"https:\\\/\\\/linesfiction.de\\\/lfd\\\/\",\"logo\":{\"@type\":\"ImageObject\",\"inLanguage\":\"de\",\"@id\":\"https:\\\/\\\/linesfiction.de\\\/lfd\\\/#\\\/schema\\\/logo\\\/image\\\/\",\"url\":\"https:\\\/\\\/linesfiction.de\\\/lfd\\\/wp-content\\\/uploads\\\/2022\\\/12\\\/linesfiction_logo_instagram.jpg\",\"contentUrl\":\"https:\\\/\\\/linesfiction.de\\\/lfd\\\/wp-content\\\/uploads\\\/2022\\\/12\\\/linesfiction_logo_instagram.jpg\",\"width\":1080,\"height\":1077,\"caption\":\"Lines Fiction\"},\"image\":{\"@id\":\"https:\\\/\\\/linesfiction.de\\\/lfd\\\/#\\\/schema\\\/logo\\\/image\\\/\"},\"sameAs\":[\"https:\\\/\\\/www.facebook.com\\\/linesfiction\\\/\",\"https:\\\/\\\/x.com\\\/linesfiction\",\"https:\\\/\\\/www.instagram.com\\\/linesfiction\\\/\"]}]}<\/script>\n<!-- \/ Yoast SEO plugin. -->","yoast_head_json":{"title":"Petra Lottje - Lines Fiction \u2605 Zeichnung &amp; Animation \u2605","robots":{"index":"index","follow":"follow","max-snippet":"max-snippet:-1","max-image-preview":"max-image-preview:large","max-video-preview":"max-video-preview:-1"},"canonical":"https:\/\/linesfiction.de\/lfd\/lines-fiction-online\/a-l\/petra-lottje\/","og_locale":"de_DE","og_type":"article","og_title":"Petra Lottje - Lines Fiction \u2605 Zeichnung &amp; Animation \u2605","og_description":"Lines Fiction: Deine Zeichnungen sind sehr auff\u00e4llig in ihrem Stil, du entwickelst das ganze Blatt aus einer einzigen gezeichneten Linie. Deine neue Zeichnungs-Serie Im Zweifel zeigst du zusammen mit der Animation Ohne meinen Anwalt, in der man die Gesichter der &hellip; Petra Lottje Weiterlesen &raquo;","og_url":"https:\/\/linesfiction.de\/lfd\/lines-fiction-online\/a-l\/petra-lottje\/","og_site_name":"Lines Fiction \u2605 Zeichnung &amp; Animation \u2605","article_publisher":"https:\/\/www.facebook.com\/linesfiction\/","article_modified_time":"2019-01-30T17:06:33+00:00","twitter_card":"summary_large_image","twitter_site":"@linesfiction","twitter_misc":{"Gesch\u00e4tzte Lesezeit":"6\u00a0Minuten"},"schema":{"@context":"https:\/\/schema.org","@graph":[{"@type":"WebPage","@id":"https:\/\/linesfiction.de\/lfd\/lines-fiction-online\/a-l\/petra-lottje\/","url":"https:\/\/linesfiction.de\/lfd\/lines-fiction-online\/a-l\/petra-lottje\/","name":"Petra Lottje - Lines Fiction \u2605 Zeichnung &amp; Animation \u2605","isPartOf":{"@id":"https:\/\/linesfiction.de\/lfd\/#website"},"datePublished":"2018-12-17T14:32:40+00:00","dateModified":"2019-01-30T17:06:33+00:00","breadcrumb":{"@id":"https:\/\/linesfiction.de\/lfd\/lines-fiction-online\/a-l\/petra-lottje\/#breadcrumb"},"inLanguage":"de","potentialAction":[{"@type":"ReadAction","target":["https:\/\/linesfiction.de\/lfd\/lines-fiction-online\/a-l\/petra-lottje\/"]}]},{"@type":"BreadcrumbList","@id":"https:\/\/linesfiction.de\/lfd\/lines-fiction-online\/a-l\/petra-lottje\/#breadcrumb","itemListElement":[{"@type":"ListItem","position":1,"name":"Startseite","item":"https:\/\/linesfiction.de\/lfd\/"},{"@type":"ListItem","position":2,"name":"Lines Fiction online","item":"https:\/\/linesfiction.de\/lfd\/lines-fiction-online\/"},{"@type":"ListItem","position":3,"name":"A &#8211; L","item":"https:\/\/linesfiction.de\/lfd\/lines-fiction-online\/a-l\/"},{"@type":"ListItem","position":4,"name":"Petra Lottje"}]},{"@type":"WebSite","@id":"https:\/\/linesfiction.de\/lfd\/#website","url":"https:\/\/linesfiction.de\/lfd\/","name":"Lines Fiction - Zeichnung & Animation - Drawing & Animation","description":"","publisher":{"@id":"https:\/\/linesfiction.de\/lfd\/#organization"},"potentialAction":[{"@type":"SearchAction","target":{"@type":"EntryPoint","urlTemplate":"https:\/\/linesfiction.de\/lfd\/?s={search_term_string}"},"query-input":{"@type":"PropertyValueSpecification","valueRequired":true,"valueName":"search_term_string"}}],"inLanguage":"de"},{"@type":"Organization","@id":"https:\/\/linesfiction.de\/lfd\/#organization","name":"Lines Fiction","url":"https:\/\/linesfiction.de\/lfd\/","logo":{"@type":"ImageObject","inLanguage":"de","@id":"https:\/\/linesfiction.de\/lfd\/#\/schema\/logo\/image\/","url":"https:\/\/linesfiction.de\/lfd\/wp-content\/uploads\/2022\/12\/linesfiction_logo_instagram.jpg","contentUrl":"https:\/\/linesfiction.de\/lfd\/wp-content\/uploads\/2022\/12\/linesfiction_logo_instagram.jpg","width":1080,"height":1077,"caption":"Lines Fiction"},"image":{"@id":"https:\/\/linesfiction.de\/lfd\/#\/schema\/logo\/image\/"},"sameAs":["https:\/\/www.facebook.com\/linesfiction\/","https:\/\/x.com\/linesfiction","https:\/\/www.instagram.com\/linesfiction\/"]}]}},"_links":{"self":[{"href":"https:\/\/linesfiction.de\/lfd\/wp-json\/wp\/v2\/pages\/2037","targetHints":{"allow":["GET"]}}],"collection":[{"href":"https:\/\/linesfiction.de\/lfd\/wp-json\/wp\/v2\/pages"}],"about":[{"href":"https:\/\/linesfiction.de\/lfd\/wp-json\/wp\/v2\/types\/page"}],"author":[{"embeddable":true,"href":"https:\/\/linesfiction.de\/lfd\/wp-json\/wp\/v2\/users\/7"}],"replies":[{"embeddable":true,"href":"https:\/\/linesfiction.de\/lfd\/wp-json\/wp\/v2\/comments?post=2037"}],"version-history":[{"count":88,"href":"https:\/\/linesfiction.de\/lfd\/wp-json\/wp\/v2\/pages\/2037\/revisions"}],"predecessor-version":[{"id":2417,"href":"https:\/\/linesfiction.de\/lfd\/wp-json\/wp\/v2\/pages\/2037\/revisions\/2417"}],"up":[{"embeddable":true,"href":"https:\/\/linesfiction.de\/lfd\/wp-json\/wp\/v2\/pages\/501"}],"wp:attachment":[{"href":"https:\/\/linesfiction.de\/lfd\/wp-json\/wp\/v2\/media?parent=2037"}],"curies":[{"name":"wp","href":"https:\/\/api.w.org\/{rel}","templated":true}]}}