{"id":245,"date":"2012-03-06T12:16:08","date_gmt":"2012-03-06T11:16:08","guid":{"rendered":"http:\/\/linesfiction.de\/lfd\/?page_id=245"},"modified":"2022-12-21T14:33:27","modified_gmt":"2022-12-21T13:33:27","slug":"kakyoung-lee","status":"publish","type":"page","link":"https:\/\/linesfiction.de\/lfd\/lines-fiction-online\/a-l\/kakyoung-lee\/","title":{"rendered":"Kakyoung Lee"},"content":{"rendered":"<p><span style=\"text-decoration: underline;\">Fukt Magazin: Deine letzte Animation &#8222;Dance, Dance, Dance&#8220; ist aus hunderten von Kaltnadelradierungen entstanden, die deine eigene Tanzperformance nachzeichnen. Wie in fr\u00fcheren Arbeiten bleiben alle Bilder sichtbar und bilden Schichten des gesamten Ablaufs. Die Bilder werden durch die hinterlassenen Spuren immer dunkler. Wann hast du mit dieser Arbeitsweise begonnen und womit hast du angefangen?<\/span><\/p>\n<p>Kakyoung Lee: F\u00fcr mich als Druckgrafikerin ist die Kaltnadelradierung das Lieblingsmedium. Ich habe Druckgrafik seit 1993 studiert. Seitdem habe ich viele Ausstellungen mit Drucken und Zeichnungen gemacht, das reichte von traditionellen Drucken bis zu lebensgro\u00dfen Installationen mit Scherenschnitten, von K\u00fcnstlerb\u00fcchern bis zu Diashows mit Radierungen. Ich habe auch Kinderb\u00fccher mit Kupferstichen und Kaltnadelradierungen gestaltet. Als ich 2001 nach New York kam, um Druckgrafik und Buchbinden zu studieren, wollte ich die Grenzen des K\u00fcnstlerbuches erproben, und um etwas f\u00fcr mich Neues auszuprobieren stellte ich bewegte Bilder mit Drucken und Zeichnungen her. Ich begann mit der Animation in Stop Motion und benutzte dabei Graphit und Kohle wie man das aus Filmen von Kentridge kennt. Dann wollte ich die scharfe Kontur der Linien aus der Kaltnadelradierung als Textur in meinen bewegten Bildern, also erweiterte ich das Konzept des bewegten Bildes auf Plexiglas als fragilen Bildtr\u00e4ger.<br \/>\nW\u00e4hrend ich die immer neuen Umrisse eines allt\u00e4glichen Bildes \u00fcbereinander schichte verschwinden die einzeln wahrnehmbaren Spuren der Vergangenheit allm\u00e4hlich, wie in unserem allt\u00e4glichen Leben.<\/p>\n<p><span style=\"text-decoration: underline;\">Fukt Magazin: Du bildest normalerweise Szenen des Alltags ab, private Momente wie in oder &#8222;Day Series&#8220;. Wenn du diese Szenen f\u00fcr die Animationen aussuchst, was interessiert dich daran und was m\u00f6chtest du vermitteln?<\/span><\/p>\n<p>Kakyoung Lee: Ich versuche, mich auf die allt\u00e4glichen Momente in unserem Leben und unserer Umwelt zu konzentrieren, auf sich immer Wiederholendes, Unspezifisches, leicht \u00dcbersehenes und Vergessenes. Was sich ja auch st\u00e4ndig bewegt und ver\u00e4ndert, wie Umhergehen, Abwaschen, Kinderwagenschieben, das Baby Huckepack nehmen, damit es einschl\u00e4ft, und das zum Farmers Markt Gehen wie an jeden Sonntag. Die meisten meiner bewegten Bilder basieren auf Videoclips der eigenen t\u00e4glichen Routinen. In\u00a0&#8222;Family Portrait-2009&#8220; versuche ich die Probleme zu zeigen, die auftauchen, wenn man ein Familienfoto machen m\u00f6chte.\u00a0&#8222;Day Series-2007&#8220; basiert auch auf privaten kleinen Performances. Diese Schichten von nebens\u00e4chlichen Momenten sind aber zusammengenommen die Bestandteile meines Lebens und meiner Geschichte, die ich deutlich machen m\u00f6chte.<\/p>\n<p><span style=\"text-decoration: underline;\">Fukt Magazin: Wie wichtig sind dir die Zeichnungen \/ Drucke \u2013 siehst du sie lediglich als als notwendige Schritte hin zum fertigen Werk, der Animation? Zeigst du \u00fcblicherweise deine Drucke zusammen mit deinen Animationen?<\/span><\/p>\n<p>Kakyoung Lee: Drucke und Zeichnungen sind notwendige Elemente und zur selben Zeit eigenst\u00e4ndige Arbeiten. Obwohl ich daraus bewegte Bilder mache repr\u00e4sentiert jedes Blatt seinen eigenen Moment im t\u00e4glichen Leben. Im Zeichenprozess bleibt am Ende nach hunderten von ausradierten Bleistiftzeichnungen nur das letzte Bild auf Papier \u00fcbrig. Ich zeige auch viele hundert Drucke zusammen mit der Animation in einer Ausstellung.<\/p>\n<p><a href=\"http:\/\/vimeo.com\/7666704\" target=\"_blank\" rel=\"noopener\"><br \/>\nDay Series und andere Animationen<\/a><\/p>\n<p><a href=\"http:\/\/www.kakyounglee.com\" target=\"_blank\" rel=\"noopener\"><br \/>\nwww.kakyounglee.com<\/a><\/p>\n","protected":false},"excerpt":{"rendered":"<p>Fukt Magazin: Deine letzte Animation &#8222;Dance, Dance, Dance&#8220; ist aus hunderten von Kaltnadelradierungen entstanden, die deine eigene Tanzperformance nachzeichnen. Wie in fr\u00fcheren Arbeiten bleiben alle Bilder sichtbar und bilden Schichten des gesamten Ablaufs. Die Bilder werden durch die hinterlassenen Spuren &hellip;<\/p>\n<p class=\"read-more\"> <a class=\"more-link\" href=\"https:\/\/linesfiction.de\/lfd\/lines-fiction-online\/a-l\/kakyoung-lee\/\"> <span class=\"screen-reader-text\">Kakyoung Lee<\/span> Weiterlesen &raquo;<\/a><\/p>\n","protected":false},"author":7,"featured_media":0,"parent":501,"menu_order":0,"comment_status":"closed","ping_status":"closed","template":"bg\/content-sidebar-page.php","meta":{"footnotes":""},"class_list":["post-245","page","type-page","status-publish","hentry"],"yoast_head":"<!-- This site is optimized with the Yoast SEO plugin v27.4 - https:\/\/yoast.com\/product\/yoast-seo-wordpress\/ -->\n<title>Kakyoung Lee - Lines Fiction \u2605 Zeichnung &amp; Animation \u2605<\/title>\n<meta name=\"robots\" content=\"index, follow, max-snippet:-1, max-image-preview:large, max-video-preview:-1\" \/>\n<link rel=\"canonical\" href=\"https:\/\/linesfiction.de\/lfd\/lines-fiction-online\/a-l\/kakyoung-lee\/\" \/>\n<meta property=\"og:locale\" content=\"de_DE\" \/>\n<meta property=\"og:type\" content=\"article\" \/>\n<meta property=\"og:title\" content=\"Kakyoung Lee - Lines Fiction \u2605 Zeichnung &amp; Animation \u2605\" \/>\n<meta property=\"og:description\" content=\"Fukt Magazin: Deine letzte Animation &#8222;Dance, Dance, Dance&#8220; ist aus hunderten von Kaltnadelradierungen entstanden, die deine eigene Tanzperformance nachzeichnen. Wie in fr\u00fcheren Arbeiten bleiben alle Bilder sichtbar und bilden Schichten des gesamten Ablaufs. Die Bilder werden durch die hinterlassenen Spuren &hellip; Kakyoung Lee Weiterlesen &raquo;\" \/>\n<meta property=\"og:url\" content=\"https:\/\/linesfiction.de\/lfd\/lines-fiction-online\/a-l\/kakyoung-lee\/\" \/>\n<meta property=\"og:site_name\" content=\"Lines Fiction \u2605 Zeichnung &amp; Animation \u2605\" \/>\n<meta property=\"article:publisher\" content=\"https:\/\/www.facebook.com\/linesfiction\/\" \/>\n<meta property=\"article:modified_time\" content=\"2022-12-21T13:33:27+00:00\" \/>\n<meta name=\"twitter:card\" content=\"summary_large_image\" \/>\n<meta name=\"twitter:site\" content=\"@linesfiction\" \/>\n<meta name=\"twitter:label1\" content=\"Gesch\u00e4tzte Lesezeit\" \/>\n\t<meta name=\"twitter:data1\" content=\"2\u00a0Minuten\" \/>\n<script type=\"application\/ld+json\" class=\"yoast-schema-graph\">{\"@context\":\"https:\\\/\\\/schema.org\",\"@graph\":[{\"@type\":\"WebPage\",\"@id\":\"https:\\\/\\\/linesfiction.de\\\/lfd\\\/lines-fiction-online\\\/a-l\\\/kakyoung-lee\\\/\",\"url\":\"https:\\\/\\\/linesfiction.de\\\/lfd\\\/lines-fiction-online\\\/a-l\\\/kakyoung-lee\\\/\",\"name\":\"Kakyoung Lee - Lines Fiction \u2605 Zeichnung &amp; Animation \u2605\",\"isPartOf\":{\"@id\":\"https:\\\/\\\/linesfiction.de\\\/lfd\\\/#website\"},\"datePublished\":\"2012-03-06T11:16:08+00:00\",\"dateModified\":\"2022-12-21T13:33:27+00:00\",\"breadcrumb\":{\"@id\":\"https:\\\/\\\/linesfiction.de\\\/lfd\\\/lines-fiction-online\\\/a-l\\\/kakyoung-lee\\\/#breadcrumb\"},\"inLanguage\":\"de\",\"potentialAction\":[{\"@type\":\"ReadAction\",\"target\":[\"https:\\\/\\\/linesfiction.de\\\/lfd\\\/lines-fiction-online\\\/a-l\\\/kakyoung-lee\\\/\"]}]},{\"@type\":\"BreadcrumbList\",\"@id\":\"https:\\\/\\\/linesfiction.de\\\/lfd\\\/lines-fiction-online\\\/a-l\\\/kakyoung-lee\\\/#breadcrumb\",\"itemListElement\":[{\"@type\":\"ListItem\",\"position\":1,\"name\":\"Startseite\",\"item\":\"https:\\\/\\\/linesfiction.de\\\/lfd\\\/\"},{\"@type\":\"ListItem\",\"position\":2,\"name\":\"Lines Fiction online\",\"item\":\"https:\\\/\\\/linesfiction.de\\\/lfd\\\/lines-fiction-online\\\/\"},{\"@type\":\"ListItem\",\"position\":3,\"name\":\"A &#8211; L\",\"item\":\"https:\\\/\\\/linesfiction.de\\\/lfd\\\/lines-fiction-online\\\/a-l\\\/\"},{\"@type\":\"ListItem\",\"position\":4,\"name\":\"Kakyoung Lee\"}]},{\"@type\":\"WebSite\",\"@id\":\"https:\\\/\\\/linesfiction.de\\\/lfd\\\/#website\",\"url\":\"https:\\\/\\\/linesfiction.de\\\/lfd\\\/\",\"name\":\"Lines Fiction - Zeichnung & Animation - Drawing & Animation\",\"description\":\"\",\"publisher\":{\"@id\":\"https:\\\/\\\/linesfiction.de\\\/lfd\\\/#organization\"},\"potentialAction\":[{\"@type\":\"SearchAction\",\"target\":{\"@type\":\"EntryPoint\",\"urlTemplate\":\"https:\\\/\\\/linesfiction.de\\\/lfd\\\/?s={search_term_string}\"},\"query-input\":{\"@type\":\"PropertyValueSpecification\",\"valueRequired\":true,\"valueName\":\"search_term_string\"}}],\"inLanguage\":\"de\"},{\"@type\":\"Organization\",\"@id\":\"https:\\\/\\\/linesfiction.de\\\/lfd\\\/#organization\",\"name\":\"Lines Fiction\",\"url\":\"https:\\\/\\\/linesfiction.de\\\/lfd\\\/\",\"logo\":{\"@type\":\"ImageObject\",\"inLanguage\":\"de\",\"@id\":\"https:\\\/\\\/linesfiction.de\\\/lfd\\\/#\\\/schema\\\/logo\\\/image\\\/\",\"url\":\"https:\\\/\\\/linesfiction.de\\\/lfd\\\/wp-content\\\/uploads\\\/2022\\\/12\\\/linesfiction_logo_instagram.jpg\",\"contentUrl\":\"https:\\\/\\\/linesfiction.de\\\/lfd\\\/wp-content\\\/uploads\\\/2022\\\/12\\\/linesfiction_logo_instagram.jpg\",\"width\":1080,\"height\":1077,\"caption\":\"Lines Fiction\"},\"image\":{\"@id\":\"https:\\\/\\\/linesfiction.de\\\/lfd\\\/#\\\/schema\\\/logo\\\/image\\\/\"},\"sameAs\":[\"https:\\\/\\\/www.facebook.com\\\/linesfiction\\\/\",\"https:\\\/\\\/x.com\\\/linesfiction\",\"https:\\\/\\\/www.instagram.com\\\/linesfiction\\\/\"]}]}<\/script>\n<!-- \/ Yoast SEO plugin. -->","yoast_head_json":{"title":"Kakyoung Lee - Lines Fiction \u2605 Zeichnung &amp; Animation \u2605","robots":{"index":"index","follow":"follow","max-snippet":"max-snippet:-1","max-image-preview":"max-image-preview:large","max-video-preview":"max-video-preview:-1"},"canonical":"https:\/\/linesfiction.de\/lfd\/lines-fiction-online\/a-l\/kakyoung-lee\/","og_locale":"de_DE","og_type":"article","og_title":"Kakyoung Lee - Lines Fiction \u2605 Zeichnung &amp; Animation \u2605","og_description":"Fukt Magazin: Deine letzte Animation &#8222;Dance, Dance, Dance&#8220; ist aus hunderten von Kaltnadelradierungen entstanden, die deine eigene Tanzperformance nachzeichnen. Wie in fr\u00fcheren Arbeiten bleiben alle Bilder sichtbar und bilden Schichten des gesamten Ablaufs. Die Bilder werden durch die hinterlassenen Spuren &hellip; Kakyoung Lee Weiterlesen &raquo;","og_url":"https:\/\/linesfiction.de\/lfd\/lines-fiction-online\/a-l\/kakyoung-lee\/","og_site_name":"Lines Fiction \u2605 Zeichnung &amp; Animation \u2605","article_publisher":"https:\/\/www.facebook.com\/linesfiction\/","article_modified_time":"2022-12-21T13:33:27+00:00","twitter_card":"summary_large_image","twitter_site":"@linesfiction","twitter_misc":{"Gesch\u00e4tzte Lesezeit":"2\u00a0Minuten"},"schema":{"@context":"https:\/\/schema.org","@graph":[{"@type":"WebPage","@id":"https:\/\/linesfiction.de\/lfd\/lines-fiction-online\/a-l\/kakyoung-lee\/","url":"https:\/\/linesfiction.de\/lfd\/lines-fiction-online\/a-l\/kakyoung-lee\/","name":"Kakyoung Lee - Lines Fiction \u2605 Zeichnung &amp; Animation \u2605","isPartOf":{"@id":"https:\/\/linesfiction.de\/lfd\/#website"},"datePublished":"2012-03-06T11:16:08+00:00","dateModified":"2022-12-21T13:33:27+00:00","breadcrumb":{"@id":"https:\/\/linesfiction.de\/lfd\/lines-fiction-online\/a-l\/kakyoung-lee\/#breadcrumb"},"inLanguage":"de","potentialAction":[{"@type":"ReadAction","target":["https:\/\/linesfiction.de\/lfd\/lines-fiction-online\/a-l\/kakyoung-lee\/"]}]},{"@type":"BreadcrumbList","@id":"https:\/\/linesfiction.de\/lfd\/lines-fiction-online\/a-l\/kakyoung-lee\/#breadcrumb","itemListElement":[{"@type":"ListItem","position":1,"name":"Startseite","item":"https:\/\/linesfiction.de\/lfd\/"},{"@type":"ListItem","position":2,"name":"Lines Fiction online","item":"https:\/\/linesfiction.de\/lfd\/lines-fiction-online\/"},{"@type":"ListItem","position":3,"name":"A &#8211; L","item":"https:\/\/linesfiction.de\/lfd\/lines-fiction-online\/a-l\/"},{"@type":"ListItem","position":4,"name":"Kakyoung Lee"}]},{"@type":"WebSite","@id":"https:\/\/linesfiction.de\/lfd\/#website","url":"https:\/\/linesfiction.de\/lfd\/","name":"Lines Fiction - Zeichnung & Animation - Drawing & Animation","description":"","publisher":{"@id":"https:\/\/linesfiction.de\/lfd\/#organization"},"potentialAction":[{"@type":"SearchAction","target":{"@type":"EntryPoint","urlTemplate":"https:\/\/linesfiction.de\/lfd\/?s={search_term_string}"},"query-input":{"@type":"PropertyValueSpecification","valueRequired":true,"valueName":"search_term_string"}}],"inLanguage":"de"},{"@type":"Organization","@id":"https:\/\/linesfiction.de\/lfd\/#organization","name":"Lines Fiction","url":"https:\/\/linesfiction.de\/lfd\/","logo":{"@type":"ImageObject","inLanguage":"de","@id":"https:\/\/linesfiction.de\/lfd\/#\/schema\/logo\/image\/","url":"https:\/\/linesfiction.de\/lfd\/wp-content\/uploads\/2022\/12\/linesfiction_logo_instagram.jpg","contentUrl":"https:\/\/linesfiction.de\/lfd\/wp-content\/uploads\/2022\/12\/linesfiction_logo_instagram.jpg","width":1080,"height":1077,"caption":"Lines Fiction"},"image":{"@id":"https:\/\/linesfiction.de\/lfd\/#\/schema\/logo\/image\/"},"sameAs":["https:\/\/www.facebook.com\/linesfiction\/","https:\/\/x.com\/linesfiction","https:\/\/www.instagram.com\/linesfiction\/"]}]}},"_links":{"self":[{"href":"https:\/\/linesfiction.de\/lfd\/wp-json\/wp\/v2\/pages\/245","targetHints":{"allow":["GET"]}}],"collection":[{"href":"https:\/\/linesfiction.de\/lfd\/wp-json\/wp\/v2\/pages"}],"about":[{"href":"https:\/\/linesfiction.de\/lfd\/wp-json\/wp\/v2\/types\/page"}],"author":[{"embeddable":true,"href":"https:\/\/linesfiction.de\/lfd\/wp-json\/wp\/v2\/users\/7"}],"replies":[{"embeddable":true,"href":"https:\/\/linesfiction.de\/lfd\/wp-json\/wp\/v2\/comments?post=245"}],"version-history":[{"count":34,"href":"https:\/\/linesfiction.de\/lfd\/wp-json\/wp\/v2\/pages\/245\/revisions"}],"predecessor-version":[{"id":3154,"href":"https:\/\/linesfiction.de\/lfd\/wp-json\/wp\/v2\/pages\/245\/revisions\/3154"}],"up":[{"embeddable":true,"href":"https:\/\/linesfiction.de\/lfd\/wp-json\/wp\/v2\/pages\/501"}],"wp:attachment":[{"href":"https:\/\/linesfiction.de\/lfd\/wp-json\/wp\/v2\/media?parent=245"}],"curies":[{"name":"wp","href":"https:\/\/api.w.org\/{rel}","templated":true}]}}