{"id":26,"date":"2012-01-02T18:29:55","date_gmt":"2012-01-02T17:29:55","guid":{"rendered":"http:\/\/linesfiction.de\/lf_d\/?page_id=26"},"modified":"2022-12-21T14:37:06","modified_gmt":"2022-12-21T13:37:06","slug":"serge-onnen","status":"publish","type":"page","link":"https:\/\/linesfiction.de\/lfd\/lines-fiction-online\/m-z\/serge-onnen\/","title":{"rendered":"Serge Onnen"},"content":{"rendered":"<p><u>Lines Fiction: Du hast eine ziemlich au\u00dfergew\u00f6hnliche Art Animationen herzustellen, auf die ein konventioneller Animator nie kommen w\u00fcrde:<br \/>\nDu betonst die Wesentlichkeit deiner Zeichnung als Ursprung deiner Animation, indem du die Animation DEPOSIT aus einer einzigen Zeichnung entstehen l\u00e4sst.<\/u><\/p>\n<p>[ die Zeichnung Phenaticoscope wurde in der Ausstellung Lines Fiction 2011 gezeigt ]<\/p>\n<p><u>Lines Fiction: Du hast erz\u00e4hlt dass du die Zeichnung in 8 Teile unterteilt, fotografiert und dann in einer Bild-f\u00fcr-Bild-Animation hintereinander moniert hast?<\/u><\/p>\n<p>Serge Onnen: Es sind ja in Wirklichkeit nicht nur 8 Bilder, den jedes Bild besteht aus mehreren Bewegungs-Fenstern. Deswegen brauchst du eine Weile alles zu sehen, wenn die Animation l\u00e4uft. Es ist nicht nur eine einzige Drehung und dann hast du&#8217;s. Ein Phenaticoscope herzustellen bedeutet immer eine Menge Arbeit. Aber seine Besonderheit ist, dass alles in einem einzigen Bild untergebracht ist. Ich mag Kunst als Idee in einem einzigen m\u00e4chtigen Bild. In DEPOSIT geht es um das Recyclen von leeren Flaschen. Recycling und Rotation sind \u00e4hnliche Bewegungen. Das System des Flaschenpfands beruht auf der Idee, dass du die Flaschen von Laden nur geliehen hast und gegen einen kleinen Betrag zur\u00fcck gibst. Eine finanzielle Transaktion in der nichts wirklich gekauft wurde. Im System des Recyclings tust du genau das Gegenteil: Zerst\u00f6re die Flasche \u00f6ffentlich. Der Unterschied zwischen diesen Systemen ist wirklich dastisch. Bei Lidl in Berlin, nahe meines Studios in dem ich damals arbeitete, sah ich eine Maschine, die beide Vorg\u00e4nge vereinte, das war verwirrend, lustig und interessant. Perfekte Elemente f\u00fcr ein Kunstwerk.<\/p>\n<p><u>Lines Fiction: Ist das Medium Zeichnung und das Medium Animation untrennbar verbunden in deiner Arbeit?<\/u><\/p>\n<p>Serge Onnen: ja ich m\u00f6chte, dass die Animation die gleiche Qualit\u00e4t wie die Zeichnungen bekommen. Aber wenn man die Animation projiziert wird sie selbstst\u00e4ndig in dem Sinne, dass sie keine Reproduktion der Zeichnung ist. Gr\u00f6\u00dfe und Farbe k\u00f6nnen dabei von der Originalzeichnung abweichen. Eine Menge Animationen die ich sehe sind besessen von Technik und Perfektion. Ich interessiere mich daf\u00fcr \u00fcberhaupt nicht. Im Grunde sehe ich mir nur historische Animationen an. Ich mag es etwas rauher.<\/p>\n<p><u>Lines Fiction: Die Animation BREAK ist auch ein Loop, sie basiert auf deinen Zeichnungen von H\u00e4nden, die destruktive Momente zeigen &#8211; pr\u00e4sentierst du die Zeichnungen zusammen mit der Animation?<\/u><\/p>\n<p>Serge Onnen: nein das tu ich nicht. Da geht es wirklich nur um die Animation. Wenn eine Animation verkauft wird bekommt der K\u00e4ufer eine Reihe Zeichnungen dazu. Aber ich m\u00f6chte sie nicht als Kunstwerke pr\u00e4sentieren. Sie erreichen nicht das Niveau. Es ist als ob man ein einzelnes Wort aus einem Gedicht pickt. Darum arbeite ich gerne mit dem Phenaticoscope, hier sieht das Bild gut aus und ist komplett mit der Animation verbunden. Wie mit einem Musikinstrument: Du kannst es beim Betrachten genie\u00dfen und es zum Leben bringen, wenn du es spielst. Theoretisch k\u00f6nnte der Betrachter ein Foto von der Zeichnung machen und sie am eigenen Computer in wenigen Schritten zum Leben erwecken. Das w\u00e4r prima.<\/p>\n","protected":false},"excerpt":{"rendered":"<p>Lines Fiction: Du hast eine ziemlich au\u00dfergew\u00f6hnliche Art Animationen herzustellen, auf die ein konventioneller Animator nie kommen w\u00fcrde: Du betonst die Wesentlichkeit deiner Zeichnung als Ursprung deiner Animation, indem du die Animation DEPOSIT aus einer einzigen Zeichnung entstehen l\u00e4sst. [ &hellip;<\/p>\n<p class=\"read-more\"> <a class=\"more-link\" href=\"https:\/\/linesfiction.de\/lfd\/lines-fiction-online\/m-z\/serge-onnen\/\"> <span class=\"screen-reader-text\">Serge Onnen<\/span> Weiterlesen &raquo;<\/a><\/p>\n","protected":false},"author":7,"featured_media":0,"parent":503,"menu_order":0,"comment_status":"closed","ping_status":"closed","template":"","meta":{"footnotes":""},"class_list":["post-26","page","type-page","status-publish","hentry"],"yoast_head":"<!-- This site is optimized with the Yoast SEO plugin v27.4 - https:\/\/yoast.com\/product\/yoast-seo-wordpress\/ -->\n<title>Serge Onnen - Lines Fiction \u2605 Zeichnung &amp; Animation \u2605<\/title>\n<meta name=\"robots\" content=\"index, follow, max-snippet:-1, max-image-preview:large, max-video-preview:-1\" \/>\n<link rel=\"canonical\" href=\"https:\/\/linesfiction.de\/lfd\/lines-fiction-online\/m-z\/serge-onnen\/\" \/>\n<meta property=\"og:locale\" content=\"de_DE\" \/>\n<meta property=\"og:type\" content=\"article\" \/>\n<meta property=\"og:title\" content=\"Serge Onnen - Lines Fiction \u2605 Zeichnung &amp; Animation \u2605\" \/>\n<meta property=\"og:description\" content=\"Lines Fiction: Du hast eine ziemlich au\u00dfergew\u00f6hnliche Art Animationen herzustellen, auf die ein konventioneller Animator nie kommen w\u00fcrde: Du betonst die Wesentlichkeit deiner Zeichnung als Ursprung deiner Animation, indem du die Animation DEPOSIT aus einer einzigen Zeichnung entstehen l\u00e4sst. [ &hellip; Serge Onnen Weiterlesen &raquo;\" \/>\n<meta property=\"og:url\" content=\"https:\/\/linesfiction.de\/lfd\/lines-fiction-online\/m-z\/serge-onnen\/\" \/>\n<meta property=\"og:site_name\" content=\"Lines Fiction \u2605 Zeichnung &amp; Animation \u2605\" \/>\n<meta property=\"article:publisher\" content=\"https:\/\/www.facebook.com\/linesfiction\/\" \/>\n<meta property=\"article:modified_time\" content=\"2022-12-21T13:37:06+00:00\" \/>\n<meta name=\"twitter:card\" content=\"summary_large_image\" \/>\n<meta name=\"twitter:site\" content=\"@linesfiction\" \/>\n<meta name=\"twitter:label1\" content=\"Gesch\u00e4tzte Lesezeit\" \/>\n\t<meta name=\"twitter:data1\" content=\"3\u00a0Minuten\" \/>\n<script type=\"application\/ld+json\" class=\"yoast-schema-graph\">{\"@context\":\"https:\\\/\\\/schema.org\",\"@graph\":[{\"@type\":\"WebPage\",\"@id\":\"https:\\\/\\\/linesfiction.de\\\/lfd\\\/lines-fiction-online\\\/m-z\\\/serge-onnen\\\/\",\"url\":\"https:\\\/\\\/linesfiction.de\\\/lfd\\\/lines-fiction-online\\\/m-z\\\/serge-onnen\\\/\",\"name\":\"Serge Onnen - Lines Fiction \u2605 Zeichnung &amp; Animation \u2605\",\"isPartOf\":{\"@id\":\"https:\\\/\\\/linesfiction.de\\\/lfd\\\/#website\"},\"datePublished\":\"2012-01-02T17:29:55+00:00\",\"dateModified\":\"2022-12-21T13:37:06+00:00\",\"breadcrumb\":{\"@id\":\"https:\\\/\\\/linesfiction.de\\\/lfd\\\/lines-fiction-online\\\/m-z\\\/serge-onnen\\\/#breadcrumb\"},\"inLanguage\":\"de\",\"potentialAction\":[{\"@type\":\"ReadAction\",\"target\":[\"https:\\\/\\\/linesfiction.de\\\/lfd\\\/lines-fiction-online\\\/m-z\\\/serge-onnen\\\/\"]}]},{\"@type\":\"BreadcrumbList\",\"@id\":\"https:\\\/\\\/linesfiction.de\\\/lfd\\\/lines-fiction-online\\\/m-z\\\/serge-onnen\\\/#breadcrumb\",\"itemListElement\":[{\"@type\":\"ListItem\",\"position\":1,\"name\":\"Startseite\",\"item\":\"https:\\\/\\\/linesfiction.de\\\/lfd\\\/\"},{\"@type\":\"ListItem\",\"position\":2,\"name\":\"Lines Fiction online\",\"item\":\"https:\\\/\\\/linesfiction.de\\\/lfd\\\/lines-fiction-online\\\/\"},{\"@type\":\"ListItem\",\"position\":3,\"name\":\"M &#8211; Z\",\"item\":\"https:\\\/\\\/linesfiction.de\\\/lfd\\\/lines-fiction-online\\\/m-z\\\/\"},{\"@type\":\"ListItem\",\"position\":4,\"name\":\"Serge Onnen\"}]},{\"@type\":\"WebSite\",\"@id\":\"https:\\\/\\\/linesfiction.de\\\/lfd\\\/#website\",\"url\":\"https:\\\/\\\/linesfiction.de\\\/lfd\\\/\",\"name\":\"Lines Fiction - Zeichnung & Animation - Drawing & Animation\",\"description\":\"\",\"publisher\":{\"@id\":\"https:\\\/\\\/linesfiction.de\\\/lfd\\\/#organization\"},\"potentialAction\":[{\"@type\":\"SearchAction\",\"target\":{\"@type\":\"EntryPoint\",\"urlTemplate\":\"https:\\\/\\\/linesfiction.de\\\/lfd\\\/?s={search_term_string}\"},\"query-input\":{\"@type\":\"PropertyValueSpecification\",\"valueRequired\":true,\"valueName\":\"search_term_string\"}}],\"inLanguage\":\"de\"},{\"@type\":\"Organization\",\"@id\":\"https:\\\/\\\/linesfiction.de\\\/lfd\\\/#organization\",\"name\":\"Lines Fiction\",\"url\":\"https:\\\/\\\/linesfiction.de\\\/lfd\\\/\",\"logo\":{\"@type\":\"ImageObject\",\"inLanguage\":\"de\",\"@id\":\"https:\\\/\\\/linesfiction.de\\\/lfd\\\/#\\\/schema\\\/logo\\\/image\\\/\",\"url\":\"https:\\\/\\\/linesfiction.de\\\/lfd\\\/wp-content\\\/uploads\\\/2022\\\/12\\\/linesfiction_logo_instagram.jpg\",\"contentUrl\":\"https:\\\/\\\/linesfiction.de\\\/lfd\\\/wp-content\\\/uploads\\\/2022\\\/12\\\/linesfiction_logo_instagram.jpg\",\"width\":1080,\"height\":1077,\"caption\":\"Lines Fiction\"},\"image\":{\"@id\":\"https:\\\/\\\/linesfiction.de\\\/lfd\\\/#\\\/schema\\\/logo\\\/image\\\/\"},\"sameAs\":[\"https:\\\/\\\/www.facebook.com\\\/linesfiction\\\/\",\"https:\\\/\\\/x.com\\\/linesfiction\",\"https:\\\/\\\/www.instagram.com\\\/linesfiction\\\/\"]}]}<\/script>\n<!-- \/ Yoast SEO plugin. -->","yoast_head_json":{"title":"Serge Onnen - Lines Fiction \u2605 Zeichnung &amp; Animation \u2605","robots":{"index":"index","follow":"follow","max-snippet":"max-snippet:-1","max-image-preview":"max-image-preview:large","max-video-preview":"max-video-preview:-1"},"canonical":"https:\/\/linesfiction.de\/lfd\/lines-fiction-online\/m-z\/serge-onnen\/","og_locale":"de_DE","og_type":"article","og_title":"Serge Onnen - Lines Fiction \u2605 Zeichnung &amp; Animation \u2605","og_description":"Lines Fiction: Du hast eine ziemlich au\u00dfergew\u00f6hnliche Art Animationen herzustellen, auf die ein konventioneller Animator nie kommen w\u00fcrde: Du betonst die Wesentlichkeit deiner Zeichnung als Ursprung deiner Animation, indem du die Animation DEPOSIT aus einer einzigen Zeichnung entstehen l\u00e4sst. [ &hellip; Serge Onnen Weiterlesen &raquo;","og_url":"https:\/\/linesfiction.de\/lfd\/lines-fiction-online\/m-z\/serge-onnen\/","og_site_name":"Lines Fiction \u2605 Zeichnung &amp; Animation \u2605","article_publisher":"https:\/\/www.facebook.com\/linesfiction\/","article_modified_time":"2022-12-21T13:37:06+00:00","twitter_card":"summary_large_image","twitter_site":"@linesfiction","twitter_misc":{"Gesch\u00e4tzte Lesezeit":"3\u00a0Minuten"},"schema":{"@context":"https:\/\/schema.org","@graph":[{"@type":"WebPage","@id":"https:\/\/linesfiction.de\/lfd\/lines-fiction-online\/m-z\/serge-onnen\/","url":"https:\/\/linesfiction.de\/lfd\/lines-fiction-online\/m-z\/serge-onnen\/","name":"Serge Onnen - Lines Fiction \u2605 Zeichnung &amp; Animation \u2605","isPartOf":{"@id":"https:\/\/linesfiction.de\/lfd\/#website"},"datePublished":"2012-01-02T17:29:55+00:00","dateModified":"2022-12-21T13:37:06+00:00","breadcrumb":{"@id":"https:\/\/linesfiction.de\/lfd\/lines-fiction-online\/m-z\/serge-onnen\/#breadcrumb"},"inLanguage":"de","potentialAction":[{"@type":"ReadAction","target":["https:\/\/linesfiction.de\/lfd\/lines-fiction-online\/m-z\/serge-onnen\/"]}]},{"@type":"BreadcrumbList","@id":"https:\/\/linesfiction.de\/lfd\/lines-fiction-online\/m-z\/serge-onnen\/#breadcrumb","itemListElement":[{"@type":"ListItem","position":1,"name":"Startseite","item":"https:\/\/linesfiction.de\/lfd\/"},{"@type":"ListItem","position":2,"name":"Lines Fiction online","item":"https:\/\/linesfiction.de\/lfd\/lines-fiction-online\/"},{"@type":"ListItem","position":3,"name":"M &#8211; Z","item":"https:\/\/linesfiction.de\/lfd\/lines-fiction-online\/m-z\/"},{"@type":"ListItem","position":4,"name":"Serge Onnen"}]},{"@type":"WebSite","@id":"https:\/\/linesfiction.de\/lfd\/#website","url":"https:\/\/linesfiction.de\/lfd\/","name":"Lines Fiction - Zeichnung & Animation - Drawing & Animation","description":"","publisher":{"@id":"https:\/\/linesfiction.de\/lfd\/#organization"},"potentialAction":[{"@type":"SearchAction","target":{"@type":"EntryPoint","urlTemplate":"https:\/\/linesfiction.de\/lfd\/?s={search_term_string}"},"query-input":{"@type":"PropertyValueSpecification","valueRequired":true,"valueName":"search_term_string"}}],"inLanguage":"de"},{"@type":"Organization","@id":"https:\/\/linesfiction.de\/lfd\/#organization","name":"Lines Fiction","url":"https:\/\/linesfiction.de\/lfd\/","logo":{"@type":"ImageObject","inLanguage":"de","@id":"https:\/\/linesfiction.de\/lfd\/#\/schema\/logo\/image\/","url":"https:\/\/linesfiction.de\/lfd\/wp-content\/uploads\/2022\/12\/linesfiction_logo_instagram.jpg","contentUrl":"https:\/\/linesfiction.de\/lfd\/wp-content\/uploads\/2022\/12\/linesfiction_logo_instagram.jpg","width":1080,"height":1077,"caption":"Lines Fiction"},"image":{"@id":"https:\/\/linesfiction.de\/lfd\/#\/schema\/logo\/image\/"},"sameAs":["https:\/\/www.facebook.com\/linesfiction\/","https:\/\/x.com\/linesfiction","https:\/\/www.instagram.com\/linesfiction\/"]}]}},"_links":{"self":[{"href":"https:\/\/linesfiction.de\/lfd\/wp-json\/wp\/v2\/pages\/26","targetHints":{"allow":["GET"]}}],"collection":[{"href":"https:\/\/linesfiction.de\/lfd\/wp-json\/wp\/v2\/pages"}],"about":[{"href":"https:\/\/linesfiction.de\/lfd\/wp-json\/wp\/v2\/types\/page"}],"author":[{"embeddable":true,"href":"https:\/\/linesfiction.de\/lfd\/wp-json\/wp\/v2\/users\/7"}],"replies":[{"embeddable":true,"href":"https:\/\/linesfiction.de\/lfd\/wp-json\/wp\/v2\/comments?post=26"}],"version-history":[{"count":8,"href":"https:\/\/linesfiction.de\/lfd\/wp-json\/wp\/v2\/pages\/26\/revisions"}],"predecessor-version":[{"id":3158,"href":"https:\/\/linesfiction.de\/lfd\/wp-json\/wp\/v2\/pages\/26\/revisions\/3158"}],"up":[{"embeddable":true,"href":"https:\/\/linesfiction.de\/lfd\/wp-json\/wp\/v2\/pages\/503"}],"wp:attachment":[{"href":"https:\/\/linesfiction.de\/lfd\/wp-json\/wp\/v2\/media?parent=26"}],"curies":[{"name":"wp","href":"https:\/\/api.w.org\/{rel}","templated":true}]}}