{"id":278,"date":"2012-04-11T12:49:06","date_gmt":"2012-04-11T11:49:06","guid":{"rendered":"http:\/\/linesfiction.de\/lfd\/?page_id=278"},"modified":"2022-12-21T14:33:47","modified_gmt":"2022-12-21T13:33:47","slug":"jennifer-levonian","status":"publish","type":"page","link":"https:\/\/linesfiction.de\/lfd\/lines-fiction-online\/a-l\/jennifer-levonian\/","title":{"rendered":"Jennifer Levonian"},"content":{"rendered":"<p><u>Lines Fiction: Deine Animationen sind Geschichten vom Alltag in der City und von all seinen seltsamen und merkw\u00fcrdigen Facetten. Mit Bleistift und Aquarellfarben intensivierst du die Szene und steigerst die Details bis zu einem fast surrealen Punkt. Wie kam es zu dieser Form des Geschichtenerz\u00e4hlens?<\/u><\/p>\n<p>Jennifer Levonian: Bisher waren alle meine Animationen wenigstens zum Teil autobiografisch.<br \/>\nDie Handlung von The Oven Sky (2011) ist angesiedelt in dem sich rapide gentrifizierenden Kiez, in dem ich wohne. Die meisten der H\u00e4user, Schilder und Nachbarn, die in dieser Animation auftauchen sind lebensnah geschildert. Die zentrale Geschichte \u2013 Neuank\u00f6mmlinge setzen eine langj\u00e4hrige Bewohnerin unter Druck, um ihren Vorgarten als Hundeauslauf nutzen zu k\u00f6nnen \u2013 das ist erfunden, aber eine Geschichte, die ich mir durchaus real so vorstellen kann. Einige meiner Nachbarn haben ihren Garten mit einer Menge Nippes dekoriert, und ich habe Freunde sagen h\u00f6ren, sie w\u00fcnschten, man w\u00fcrde diese privaten Bereiche in \u00f6ffentliche umwandeln, denn frei zug\u00e4nglicher Platz ist rar in der Gegend. Diese Bemerkungen haben mich zu einer Animation angeregt, die den subjektiven Geschmack ebenso thematisiert, wie die Weise, in der eine Interessensgruppe die Stadtverwaltung f\u00fcr sich vereinnahmen kann.<\/p>\n<p><u>Lines Fiction: Heutzutage nehmen Animatoren, die komplexe Geschichten erz\u00e4hlen wollen, eine Abk\u00fcrzung mithilfe eines Computerprogramms, das ihnen die Bewegungen und die Szene modelliert. Du aber entscheidest dich sogar gegen die traditionelle Zeichentricktechnik, die eine Illusion von fl\u00fcssiger Bewegung erzeugen w\u00fcrde. Stattdessen zeigst du deutlich, dass du Scherenschnitte benutzt und schiebst sie auf der Szene herum. Du benutzt Photoshop nur dazu, Schatten hinzuzuf\u00fcgen, um die Ausschnitte zu betonen. Das ist eine eindeutige k\u00fcnstlerische Entscheidung. Hast du da Vorbilder?<\/u><\/p>\n<p>Jennifer Levonian: Als ich in der Hochschule Malerei studierte belegte ich die Einf\u00fchrung in einen Animationskurs aus einer Laune heraus. Die erste Animationstechnik, die wir lernten war mit Scherenschnitten zu arbeiten, und da ich sowieso schon mit Wasserfarben auf Papier malte ging ich in mein Studio, zerschnitt ein paar meiner Bilder und begann, sie zu animieren.<\/p>\n<p>Um meine Bilder zu animieren mache ich eine Serie von Digitalfotos meiner Scherenschnitte auf aquarellierten Hintergr\u00fcnden. Am Ende montiere ich alles zusammen in einer Sequenz mit Final Cut Pro.<\/p>\n<p>Ich nutze Wasserfarben in diesen Animationen, da die transparente und fl\u00fcssige Qualit\u00e4t der Pinselstriche mich an Bewegung erinnert. Die Scherenschnittpuppen sind ein bisschen so wie Hampelm\u00e4nner, und ich denke, diese Referenz zu Kinderspielzeug in seiner ganzen unschuldigen Einfachheit bildet mit einem satirischen Unterton einen sch\u00f6nen Gegensatz zu den ernsten Themen der Animationen. Wenn ich die Arbeiten fotografiere passiert das meistens unter nat\u00fcrlichen Lichtverh\u00e4ltnissen, und ich versuche, mich nicht besonders drum zu k\u00fcmmern, wenn das Sonnenlicht wandert.<\/p>\n<p>Ich habe nichts gegen Computeranimation. Aber ich bevorzuge Animationen, die einen handgemachten Look haben. Da entsteht oft eine poetische W\u00e4rme in der Arbeit, wenn die Materialien des Zeichenprozesses unverh\u00fcllt bleiben.<br \/>\nIch mag vor allem die Animationen von Joanna Quinn, Yuri Norstein und William Kentridge.<\/p>\n<p><u>Lines Fiction: Deine Aquarelle sind sehr fein ausgearbeitet, sind sie f\u00fcr dich auch abseits der Verwendung als Material f\u00fcr die Animationen wichtig, zeigst du sie in Ausstellungen?<\/u><\/p>\n<p>Jennifer Levonian: Obwohl ich in meiner k\u00fcnstlerischen Arbeit die Animationen als erstrangig ansehe habe ich die gezeichneten Hintergr\u00fcnde und Figuren in einigen Ausstellungen neben den Animationen gezeigt. Die Zeichnungen und Aquarelle sind der Teil des Prozesses, den ich am liebsten habe, und vermutlich verbringe ich 90% der Zeit in meinem Studio damit. Ich verfange mich komplett in den Details. Ich habe den Eindruck, wenn ich die Szene mit einer Unmenge Einzelheiten f\u00fclle bildet das einen Anreiz f\u00fcr die Betrachter, die Animation noch einmal sehen zu wollen.<\/p>\n<p><a href=\"http:\/\/www.jenniferlevonian.com\">www.jenniferlevonian.com<\/a><\/p>\n","protected":false},"excerpt":{"rendered":"<p>Lines Fiction: Deine Animationen sind Geschichten vom Alltag in der City und von all seinen seltsamen und merkw\u00fcrdigen Facetten. Mit Bleistift und Aquarellfarben intensivierst du die Szene und steigerst die Details bis zu einem fast surrealen Punkt. Wie kam es &hellip;<\/p>\n<p class=\"read-more\"> <a class=\"more-link\" href=\"https:\/\/linesfiction.de\/lfd\/lines-fiction-online\/a-l\/jennifer-levonian\/\"> <span class=\"screen-reader-text\">Jennifer Levonian<\/span> Weiterlesen &raquo;<\/a><\/p>\n","protected":false},"author":7,"featured_media":0,"parent":501,"menu_order":0,"comment_status":"closed","ping_status":"closed","template":"bg\/content-sidebar-page.php","meta":{"footnotes":""},"class_list":["post-278","page","type-page","status-publish","hentry"],"yoast_head":"<!-- This site is optimized with the Yoast SEO plugin v27.3 - https:\/\/yoast.com\/product\/yoast-seo-wordpress\/ -->\n<title>Jennifer Levonian - Lines Fiction \u2605 Zeichnung &amp; Animation \u2605<\/title>\n<meta name=\"robots\" content=\"index, follow, max-snippet:-1, max-image-preview:large, max-video-preview:-1\" \/>\n<link rel=\"canonical\" href=\"https:\/\/linesfiction.de\/lfd\/lines-fiction-online\/a-l\/jennifer-levonian\/\" \/>\n<meta property=\"og:locale\" content=\"de_DE\" \/>\n<meta property=\"og:type\" content=\"article\" \/>\n<meta property=\"og:title\" content=\"Jennifer Levonian - Lines Fiction \u2605 Zeichnung &amp; Animation \u2605\" \/>\n<meta property=\"og:description\" content=\"Lines Fiction: Deine Animationen sind Geschichten vom Alltag in der City und von all seinen seltsamen und merkw\u00fcrdigen Facetten. Mit Bleistift und Aquarellfarben intensivierst du die Szene und steigerst die Details bis zu einem fast surrealen Punkt. Wie kam es &hellip; Jennifer Levonian Weiterlesen &raquo;\" \/>\n<meta property=\"og:url\" content=\"https:\/\/linesfiction.de\/lfd\/lines-fiction-online\/a-l\/jennifer-levonian\/\" \/>\n<meta property=\"og:site_name\" content=\"Lines Fiction \u2605 Zeichnung &amp; Animation \u2605\" \/>\n<meta property=\"article:publisher\" content=\"https:\/\/www.facebook.com\/linesfiction\/\" \/>\n<meta property=\"article:modified_time\" content=\"2022-12-21T13:33:47+00:00\" \/>\n<meta name=\"twitter:card\" content=\"summary_large_image\" \/>\n<meta name=\"twitter:site\" content=\"@linesfiction\" \/>\n<meta name=\"twitter:label1\" content=\"Gesch\u00e4tzte Lesezeit\" \/>\n\t<meta name=\"twitter:data1\" content=\"3\u00a0Minuten\" \/>\n<script type=\"application\/ld+json\" class=\"yoast-schema-graph\">{\"@context\":\"https:\\\/\\\/schema.org\",\"@graph\":[{\"@type\":\"WebPage\",\"@id\":\"https:\\\/\\\/linesfiction.de\\\/lfd\\\/lines-fiction-online\\\/a-l\\\/jennifer-levonian\\\/\",\"url\":\"https:\\\/\\\/linesfiction.de\\\/lfd\\\/lines-fiction-online\\\/a-l\\\/jennifer-levonian\\\/\",\"name\":\"Jennifer Levonian - Lines Fiction \u2605 Zeichnung &amp; Animation \u2605\",\"isPartOf\":{\"@id\":\"https:\\\/\\\/linesfiction.de\\\/lfd\\\/#website\"},\"datePublished\":\"2012-04-11T11:49:06+00:00\",\"dateModified\":\"2022-12-21T13:33:47+00:00\",\"breadcrumb\":{\"@id\":\"https:\\\/\\\/linesfiction.de\\\/lfd\\\/lines-fiction-online\\\/a-l\\\/jennifer-levonian\\\/#breadcrumb\"},\"inLanguage\":\"de\",\"potentialAction\":[{\"@type\":\"ReadAction\",\"target\":[\"https:\\\/\\\/linesfiction.de\\\/lfd\\\/lines-fiction-online\\\/a-l\\\/jennifer-levonian\\\/\"]}]},{\"@type\":\"BreadcrumbList\",\"@id\":\"https:\\\/\\\/linesfiction.de\\\/lfd\\\/lines-fiction-online\\\/a-l\\\/jennifer-levonian\\\/#breadcrumb\",\"itemListElement\":[{\"@type\":\"ListItem\",\"position\":1,\"name\":\"Startseite\",\"item\":\"https:\\\/\\\/linesfiction.de\\\/lfd\\\/\"},{\"@type\":\"ListItem\",\"position\":2,\"name\":\"Lines Fiction online\",\"item\":\"https:\\\/\\\/linesfiction.de\\\/lfd\\\/lines-fiction-online\\\/\"},{\"@type\":\"ListItem\",\"position\":3,\"name\":\"A &#8211; L\",\"item\":\"https:\\\/\\\/linesfiction.de\\\/lfd\\\/lines-fiction-online\\\/a-l\\\/\"},{\"@type\":\"ListItem\",\"position\":4,\"name\":\"Jennifer Levonian\"}]},{\"@type\":\"WebSite\",\"@id\":\"https:\\\/\\\/linesfiction.de\\\/lfd\\\/#website\",\"url\":\"https:\\\/\\\/linesfiction.de\\\/lfd\\\/\",\"name\":\"Lines Fiction - Zeichnung & Animation - Drawing & Animation\",\"description\":\"\",\"publisher\":{\"@id\":\"https:\\\/\\\/linesfiction.de\\\/lfd\\\/#organization\"},\"potentialAction\":[{\"@type\":\"SearchAction\",\"target\":{\"@type\":\"EntryPoint\",\"urlTemplate\":\"https:\\\/\\\/linesfiction.de\\\/lfd\\\/?s={search_term_string}\"},\"query-input\":{\"@type\":\"PropertyValueSpecification\",\"valueRequired\":true,\"valueName\":\"search_term_string\"}}],\"inLanguage\":\"de\"},{\"@type\":\"Organization\",\"@id\":\"https:\\\/\\\/linesfiction.de\\\/lfd\\\/#organization\",\"name\":\"Lines Fiction\",\"url\":\"https:\\\/\\\/linesfiction.de\\\/lfd\\\/\",\"logo\":{\"@type\":\"ImageObject\",\"inLanguage\":\"de\",\"@id\":\"https:\\\/\\\/linesfiction.de\\\/lfd\\\/#\\\/schema\\\/logo\\\/image\\\/\",\"url\":\"https:\\\/\\\/linesfiction.de\\\/lfd\\\/wp-content\\\/uploads\\\/2022\\\/12\\\/linesfiction_logo_instagram.jpg\",\"contentUrl\":\"https:\\\/\\\/linesfiction.de\\\/lfd\\\/wp-content\\\/uploads\\\/2022\\\/12\\\/linesfiction_logo_instagram.jpg\",\"width\":1080,\"height\":1077,\"caption\":\"Lines Fiction\"},\"image\":{\"@id\":\"https:\\\/\\\/linesfiction.de\\\/lfd\\\/#\\\/schema\\\/logo\\\/image\\\/\"},\"sameAs\":[\"https:\\\/\\\/www.facebook.com\\\/linesfiction\\\/\",\"https:\\\/\\\/x.com\\\/linesfiction\",\"https:\\\/\\\/www.instagram.com\\\/linesfiction\\\/\"]}]}<\/script>\n<!-- \/ Yoast SEO plugin. -->","yoast_head_json":{"title":"Jennifer Levonian - Lines Fiction \u2605 Zeichnung &amp; Animation \u2605","robots":{"index":"index","follow":"follow","max-snippet":"max-snippet:-1","max-image-preview":"max-image-preview:large","max-video-preview":"max-video-preview:-1"},"canonical":"https:\/\/linesfiction.de\/lfd\/lines-fiction-online\/a-l\/jennifer-levonian\/","og_locale":"de_DE","og_type":"article","og_title":"Jennifer Levonian - Lines Fiction \u2605 Zeichnung &amp; Animation \u2605","og_description":"Lines Fiction: Deine Animationen sind Geschichten vom Alltag in der City und von all seinen seltsamen und merkw\u00fcrdigen Facetten. Mit Bleistift und Aquarellfarben intensivierst du die Szene und steigerst die Details bis zu einem fast surrealen Punkt. Wie kam es &hellip; Jennifer Levonian Weiterlesen &raquo;","og_url":"https:\/\/linesfiction.de\/lfd\/lines-fiction-online\/a-l\/jennifer-levonian\/","og_site_name":"Lines Fiction \u2605 Zeichnung &amp; Animation \u2605","article_publisher":"https:\/\/www.facebook.com\/linesfiction\/","article_modified_time":"2022-12-21T13:33:47+00:00","twitter_card":"summary_large_image","twitter_site":"@linesfiction","twitter_misc":{"Gesch\u00e4tzte Lesezeit":"3\u00a0Minuten"},"schema":{"@context":"https:\/\/schema.org","@graph":[{"@type":"WebPage","@id":"https:\/\/linesfiction.de\/lfd\/lines-fiction-online\/a-l\/jennifer-levonian\/","url":"https:\/\/linesfiction.de\/lfd\/lines-fiction-online\/a-l\/jennifer-levonian\/","name":"Jennifer Levonian - Lines Fiction \u2605 Zeichnung &amp; Animation \u2605","isPartOf":{"@id":"https:\/\/linesfiction.de\/lfd\/#website"},"datePublished":"2012-04-11T11:49:06+00:00","dateModified":"2022-12-21T13:33:47+00:00","breadcrumb":{"@id":"https:\/\/linesfiction.de\/lfd\/lines-fiction-online\/a-l\/jennifer-levonian\/#breadcrumb"},"inLanguage":"de","potentialAction":[{"@type":"ReadAction","target":["https:\/\/linesfiction.de\/lfd\/lines-fiction-online\/a-l\/jennifer-levonian\/"]}]},{"@type":"BreadcrumbList","@id":"https:\/\/linesfiction.de\/lfd\/lines-fiction-online\/a-l\/jennifer-levonian\/#breadcrumb","itemListElement":[{"@type":"ListItem","position":1,"name":"Startseite","item":"https:\/\/linesfiction.de\/lfd\/"},{"@type":"ListItem","position":2,"name":"Lines Fiction online","item":"https:\/\/linesfiction.de\/lfd\/lines-fiction-online\/"},{"@type":"ListItem","position":3,"name":"A &#8211; L","item":"https:\/\/linesfiction.de\/lfd\/lines-fiction-online\/a-l\/"},{"@type":"ListItem","position":4,"name":"Jennifer Levonian"}]},{"@type":"WebSite","@id":"https:\/\/linesfiction.de\/lfd\/#website","url":"https:\/\/linesfiction.de\/lfd\/","name":"Lines Fiction - Zeichnung & Animation - Drawing & Animation","description":"","publisher":{"@id":"https:\/\/linesfiction.de\/lfd\/#organization"},"potentialAction":[{"@type":"SearchAction","target":{"@type":"EntryPoint","urlTemplate":"https:\/\/linesfiction.de\/lfd\/?s={search_term_string}"},"query-input":{"@type":"PropertyValueSpecification","valueRequired":true,"valueName":"search_term_string"}}],"inLanguage":"de"},{"@type":"Organization","@id":"https:\/\/linesfiction.de\/lfd\/#organization","name":"Lines Fiction","url":"https:\/\/linesfiction.de\/lfd\/","logo":{"@type":"ImageObject","inLanguage":"de","@id":"https:\/\/linesfiction.de\/lfd\/#\/schema\/logo\/image\/","url":"https:\/\/linesfiction.de\/lfd\/wp-content\/uploads\/2022\/12\/linesfiction_logo_instagram.jpg","contentUrl":"https:\/\/linesfiction.de\/lfd\/wp-content\/uploads\/2022\/12\/linesfiction_logo_instagram.jpg","width":1080,"height":1077,"caption":"Lines Fiction"},"image":{"@id":"https:\/\/linesfiction.de\/lfd\/#\/schema\/logo\/image\/"},"sameAs":["https:\/\/www.facebook.com\/linesfiction\/","https:\/\/x.com\/linesfiction","https:\/\/www.instagram.com\/linesfiction\/"]}]}},"_links":{"self":[{"href":"https:\/\/linesfiction.de\/lfd\/wp-json\/wp\/v2\/pages\/278","targetHints":{"allow":["GET"]}}],"collection":[{"href":"https:\/\/linesfiction.de\/lfd\/wp-json\/wp\/v2\/pages"}],"about":[{"href":"https:\/\/linesfiction.de\/lfd\/wp-json\/wp\/v2\/types\/page"}],"author":[{"embeddable":true,"href":"https:\/\/linesfiction.de\/lfd\/wp-json\/wp\/v2\/users\/7"}],"replies":[{"embeddable":true,"href":"https:\/\/linesfiction.de\/lfd\/wp-json\/wp\/v2\/comments?post=278"}],"version-history":[{"count":12,"href":"https:\/\/linesfiction.de\/lfd\/wp-json\/wp\/v2\/pages\/278\/revisions"}],"predecessor-version":[{"id":3155,"href":"https:\/\/linesfiction.de\/lfd\/wp-json\/wp\/v2\/pages\/278\/revisions\/3155"}],"up":[{"embeddable":true,"href":"https:\/\/linesfiction.de\/lfd\/wp-json\/wp\/v2\/pages\/501"}],"wp:attachment":[{"href":"https:\/\/linesfiction.de\/lfd\/wp-json\/wp\/v2\/media?parent=278"}],"curies":[{"name":"wp","href":"https:\/\/api.w.org\/{rel}","templated":true}]}}