{"id":289,"date":"2012-06-04T11:14:26","date_gmt":"2012-06-04T10:14:26","guid":{"rendered":"http:\/\/linesfiction.de\/lfd\/?page_id=289"},"modified":"2022-12-21T14:38:05","modified_gmt":"2022-12-21T13:38:05","slug":"marco-raparelli","status":"publish","type":"page","link":"https:\/\/linesfiction.de\/lfd\/lines-fiction-online\/m-z\/marco-raparelli\/","title":{"rendered":"Marco Raparelli"},"content":{"rendered":"<p><u>Fukt Magazin: Deine Zeichnungen haben oft einen humorvollen Ansatz und zeigen allt\u00e4gliche Szenen und Menschen in surrealen Situationen.<br \/>\nAuf der anderen Seite kann man einen dunklen Unterton entdecken &#8211; wie wichtig ist dir dieser Aspekt?<\/u><\/p>\n<p>Marco Raparelli: Die Zeichnungen spiegeln das Unperfekte der Figuren, die ich portr\u00e4tiere, die immergleichen physischen und mentalen Improvisationen. Aus diesem Grund sind meine Zeichnungen gleichzeitig komisch und tragisch, ich bin da wie ein Fernsehprogramm.<br \/>\nIch setze einen Stil ein, der Zufall und Freiheit reflektiert, wo sonst Gesten und Marken vorherrschen. Und ich akzeptiere bereitwillig Fehler als die grunds\u00e4tzliche Bedingung des Menschseins.<\/p>\n<p><u>Fukt Magazin: Wie gehst du vor bei deinen Animationen, beginnst du immer mit einer fertigen Story?<\/u><\/p>\n<p>Marco Raparelli: Ich habe nie ein fertiges Storyboard, ich beginne immer mit einer spezifischen Zeichnung oder einem besonderen Bild. Um diese Entw\u00fcrfe baue ich dann meinen Kreis der Geschichte, in denen die Zeichnungen und Bilder dann m\u00f6glicherweise nur ein Teil sind.<br \/>\nIch beschreibe Mikrowelten in denen die Banalit\u00e4ten des Alltags kontinuierlich vermischt wird mit surrealen Dimensionen. Von dieser Seite aus gesehen sind die Animationen grotesk und ironisch, aber gleichzeitig auch sehr dramatisch.<\/p>\n<p><u>Fukt Magazin: Dann und wann publizierst du auch B\u00fccher zu deinen diversen Kunstprojekten. Kannst du mir kurz \u00fcber dein neustes Projekt erz\u00e4hlen?<\/u><\/p>\n<p>Marco Raparelli: My B\u00fccher sind verlegt bei Cura.Books und der neuste Titel ist Permafrost.<br \/>\nDie Kapitel reichen von einer \u00dcbersicht \u00fcber Etiquette &#8222;\u00fcber gute Manieren&#8220;, in denen die Personen prompt das Gegenteil dessen tun, was korrekt w\u00e4re bis zum brillianten Kapitel &#8222;Lass uns \u00fcber Kunst sprechen&#8220;, in dem ich einen ironischen Blick auf all die Vorkommnisse in der Kunstwelt werfe w\u00e4hrend ich mit einem Kunstliebhaber spreche. Das letzte Kapitel &#8222;Experiment&#8220; stammt aus einer wahren Geschichte. Es geht um ein Experiment des US-Milit\u00e4rs in den 50ern, als sie die somatischen und psychischen Auswirkungen von LSD auf das Menschsein untersuchten.<\/p>\n<p>Ich benutze diesen Titel, da das Buch ganz heterogene Kapitel enth\u00e4lt(ganz verschiedenartig untereinander). (In der Geologie, Permafrost oder Cryotischer Boden ist ein Boden, der f\u00fcr mindestens 2 Jahre an oder unter dem Gefrierpunkt bleibt.)<\/p>\n<p>Der Permafrost h\u00e4lt die Br\u00fcche in hohen Gebirgen zusammen und verhindert so Erdrutsche. So deutet dieser Titel an, wie diese Kapitel vom Auseinanderdriften abgehalten werden. Zudem verbindet sie die Zeichnung als eine gemeinsame narrative Form.<\/p>\n<p><a href=\"http:\/\/www.marcoraparelli.com\/\/\">www.marcoraparelli.com<\/a><\/p>\n<p>*Fukt Magazin ist ein Magazin f\u00fcr Zeichnung, Herausgeber: Bj\u00f6rn Hegardt<\/p>\n","protected":false},"excerpt":{"rendered":"<p>Fukt Magazin: Deine Zeichnungen haben oft einen humorvollen Ansatz und zeigen allt\u00e4gliche Szenen und Menschen in surrealen Situationen. Auf der anderen Seite kann man einen dunklen Unterton entdecken &#8211; wie wichtig ist dir dieser Aspekt? Marco Raparelli: Die Zeichnungen spiegeln &hellip;<\/p>\n<p class=\"read-more\"> <a class=\"more-link\" href=\"https:\/\/linesfiction.de\/lfd\/lines-fiction-online\/m-z\/marco-raparelli\/\"> <span class=\"screen-reader-text\">Marco Raparelli<\/span> Weiterlesen &raquo;<\/a><\/p>\n","protected":false},"author":7,"featured_media":0,"parent":503,"menu_order":0,"comment_status":"closed","ping_status":"closed","template":"content-sidebar-page.php","meta":{"footnotes":""},"class_list":["post-289","page","type-page","status-publish","hentry"],"yoast_head":"<!-- This site is optimized with the Yoast SEO plugin v27.3 - https:\/\/yoast.com\/product\/yoast-seo-wordpress\/ -->\n<title>Marco Raparelli - Lines Fiction \u2605 Zeichnung &amp; Animation \u2605<\/title>\n<meta name=\"robots\" content=\"index, follow, max-snippet:-1, max-image-preview:large, max-video-preview:-1\" \/>\n<link rel=\"canonical\" href=\"https:\/\/linesfiction.de\/lfd\/lines-fiction-online\/m-z\/marco-raparelli\/\" \/>\n<meta property=\"og:locale\" content=\"de_DE\" \/>\n<meta property=\"og:type\" content=\"article\" \/>\n<meta property=\"og:title\" content=\"Marco Raparelli - Lines Fiction \u2605 Zeichnung &amp; Animation \u2605\" \/>\n<meta property=\"og:description\" content=\"Fukt Magazin: Deine Zeichnungen haben oft einen humorvollen Ansatz und zeigen allt\u00e4gliche Szenen und Menschen in surrealen Situationen. Auf der anderen Seite kann man einen dunklen Unterton entdecken &#8211; wie wichtig ist dir dieser Aspekt? Marco Raparelli: Die Zeichnungen spiegeln &hellip; Marco Raparelli Weiterlesen &raquo;\" \/>\n<meta property=\"og:url\" content=\"https:\/\/linesfiction.de\/lfd\/lines-fiction-online\/m-z\/marco-raparelli\/\" \/>\n<meta property=\"og:site_name\" content=\"Lines Fiction \u2605 Zeichnung &amp; Animation \u2605\" \/>\n<meta property=\"article:publisher\" content=\"https:\/\/www.facebook.com\/linesfiction\/\" \/>\n<meta property=\"article:modified_time\" content=\"2022-12-21T13:38:05+00:00\" \/>\n<meta name=\"twitter:card\" content=\"summary_large_image\" \/>\n<meta name=\"twitter:site\" content=\"@linesfiction\" \/>\n<meta name=\"twitter:label1\" content=\"Gesch\u00e4tzte Lesezeit\" \/>\n\t<meta name=\"twitter:data1\" content=\"2\u00a0Minuten\" \/>\n<script type=\"application\/ld+json\" class=\"yoast-schema-graph\">{\"@context\":\"https:\\\/\\\/schema.org\",\"@graph\":[{\"@type\":\"WebPage\",\"@id\":\"https:\\\/\\\/linesfiction.de\\\/lfd\\\/lines-fiction-online\\\/m-z\\\/marco-raparelli\\\/\",\"url\":\"https:\\\/\\\/linesfiction.de\\\/lfd\\\/lines-fiction-online\\\/m-z\\\/marco-raparelli\\\/\",\"name\":\"Marco Raparelli - Lines Fiction \u2605 Zeichnung &amp; Animation \u2605\",\"isPartOf\":{\"@id\":\"https:\\\/\\\/linesfiction.de\\\/lfd\\\/#website\"},\"datePublished\":\"2012-06-04T10:14:26+00:00\",\"dateModified\":\"2022-12-21T13:38:05+00:00\",\"breadcrumb\":{\"@id\":\"https:\\\/\\\/linesfiction.de\\\/lfd\\\/lines-fiction-online\\\/m-z\\\/marco-raparelli\\\/#breadcrumb\"},\"inLanguage\":\"de\",\"potentialAction\":[{\"@type\":\"ReadAction\",\"target\":[\"https:\\\/\\\/linesfiction.de\\\/lfd\\\/lines-fiction-online\\\/m-z\\\/marco-raparelli\\\/\"]}]},{\"@type\":\"BreadcrumbList\",\"@id\":\"https:\\\/\\\/linesfiction.de\\\/lfd\\\/lines-fiction-online\\\/m-z\\\/marco-raparelli\\\/#breadcrumb\",\"itemListElement\":[{\"@type\":\"ListItem\",\"position\":1,\"name\":\"Startseite\",\"item\":\"https:\\\/\\\/linesfiction.de\\\/lfd\\\/\"},{\"@type\":\"ListItem\",\"position\":2,\"name\":\"Lines Fiction online\",\"item\":\"https:\\\/\\\/linesfiction.de\\\/lfd\\\/lines-fiction-online\\\/\"},{\"@type\":\"ListItem\",\"position\":3,\"name\":\"M &#8211; Z\",\"item\":\"https:\\\/\\\/linesfiction.de\\\/lfd\\\/lines-fiction-online\\\/m-z\\\/\"},{\"@type\":\"ListItem\",\"position\":4,\"name\":\"Marco Raparelli\"}]},{\"@type\":\"WebSite\",\"@id\":\"https:\\\/\\\/linesfiction.de\\\/lfd\\\/#website\",\"url\":\"https:\\\/\\\/linesfiction.de\\\/lfd\\\/\",\"name\":\"Lines Fiction - Zeichnung & Animation - Drawing & Animation\",\"description\":\"\",\"publisher\":{\"@id\":\"https:\\\/\\\/linesfiction.de\\\/lfd\\\/#organization\"},\"potentialAction\":[{\"@type\":\"SearchAction\",\"target\":{\"@type\":\"EntryPoint\",\"urlTemplate\":\"https:\\\/\\\/linesfiction.de\\\/lfd\\\/?s={search_term_string}\"},\"query-input\":{\"@type\":\"PropertyValueSpecification\",\"valueRequired\":true,\"valueName\":\"search_term_string\"}}],\"inLanguage\":\"de\"},{\"@type\":\"Organization\",\"@id\":\"https:\\\/\\\/linesfiction.de\\\/lfd\\\/#organization\",\"name\":\"Lines Fiction\",\"url\":\"https:\\\/\\\/linesfiction.de\\\/lfd\\\/\",\"logo\":{\"@type\":\"ImageObject\",\"inLanguage\":\"de\",\"@id\":\"https:\\\/\\\/linesfiction.de\\\/lfd\\\/#\\\/schema\\\/logo\\\/image\\\/\",\"url\":\"https:\\\/\\\/linesfiction.de\\\/lfd\\\/wp-content\\\/uploads\\\/2022\\\/12\\\/linesfiction_logo_instagram.jpg\",\"contentUrl\":\"https:\\\/\\\/linesfiction.de\\\/lfd\\\/wp-content\\\/uploads\\\/2022\\\/12\\\/linesfiction_logo_instagram.jpg\",\"width\":1080,\"height\":1077,\"caption\":\"Lines Fiction\"},\"image\":{\"@id\":\"https:\\\/\\\/linesfiction.de\\\/lfd\\\/#\\\/schema\\\/logo\\\/image\\\/\"},\"sameAs\":[\"https:\\\/\\\/www.facebook.com\\\/linesfiction\\\/\",\"https:\\\/\\\/x.com\\\/linesfiction\",\"https:\\\/\\\/www.instagram.com\\\/linesfiction\\\/\"]}]}<\/script>\n<!-- \/ Yoast SEO plugin. -->","yoast_head_json":{"title":"Marco Raparelli - Lines Fiction \u2605 Zeichnung &amp; Animation \u2605","robots":{"index":"index","follow":"follow","max-snippet":"max-snippet:-1","max-image-preview":"max-image-preview:large","max-video-preview":"max-video-preview:-1"},"canonical":"https:\/\/linesfiction.de\/lfd\/lines-fiction-online\/m-z\/marco-raparelli\/","og_locale":"de_DE","og_type":"article","og_title":"Marco Raparelli - Lines Fiction \u2605 Zeichnung &amp; Animation \u2605","og_description":"Fukt Magazin: Deine Zeichnungen haben oft einen humorvollen Ansatz und zeigen allt\u00e4gliche Szenen und Menschen in surrealen Situationen. Auf der anderen Seite kann man einen dunklen Unterton entdecken &#8211; wie wichtig ist dir dieser Aspekt? Marco Raparelli: Die Zeichnungen spiegeln &hellip; Marco Raparelli Weiterlesen &raquo;","og_url":"https:\/\/linesfiction.de\/lfd\/lines-fiction-online\/m-z\/marco-raparelli\/","og_site_name":"Lines Fiction \u2605 Zeichnung &amp; Animation \u2605","article_publisher":"https:\/\/www.facebook.com\/linesfiction\/","article_modified_time":"2022-12-21T13:38:05+00:00","twitter_card":"summary_large_image","twitter_site":"@linesfiction","twitter_misc":{"Gesch\u00e4tzte Lesezeit":"2\u00a0Minuten"},"schema":{"@context":"https:\/\/schema.org","@graph":[{"@type":"WebPage","@id":"https:\/\/linesfiction.de\/lfd\/lines-fiction-online\/m-z\/marco-raparelli\/","url":"https:\/\/linesfiction.de\/lfd\/lines-fiction-online\/m-z\/marco-raparelli\/","name":"Marco Raparelli - Lines Fiction \u2605 Zeichnung &amp; Animation \u2605","isPartOf":{"@id":"https:\/\/linesfiction.de\/lfd\/#website"},"datePublished":"2012-06-04T10:14:26+00:00","dateModified":"2022-12-21T13:38:05+00:00","breadcrumb":{"@id":"https:\/\/linesfiction.de\/lfd\/lines-fiction-online\/m-z\/marco-raparelli\/#breadcrumb"},"inLanguage":"de","potentialAction":[{"@type":"ReadAction","target":["https:\/\/linesfiction.de\/lfd\/lines-fiction-online\/m-z\/marco-raparelli\/"]}]},{"@type":"BreadcrumbList","@id":"https:\/\/linesfiction.de\/lfd\/lines-fiction-online\/m-z\/marco-raparelli\/#breadcrumb","itemListElement":[{"@type":"ListItem","position":1,"name":"Startseite","item":"https:\/\/linesfiction.de\/lfd\/"},{"@type":"ListItem","position":2,"name":"Lines Fiction online","item":"https:\/\/linesfiction.de\/lfd\/lines-fiction-online\/"},{"@type":"ListItem","position":3,"name":"M &#8211; Z","item":"https:\/\/linesfiction.de\/lfd\/lines-fiction-online\/m-z\/"},{"@type":"ListItem","position":4,"name":"Marco Raparelli"}]},{"@type":"WebSite","@id":"https:\/\/linesfiction.de\/lfd\/#website","url":"https:\/\/linesfiction.de\/lfd\/","name":"Lines Fiction - Zeichnung & Animation - Drawing & Animation","description":"","publisher":{"@id":"https:\/\/linesfiction.de\/lfd\/#organization"},"potentialAction":[{"@type":"SearchAction","target":{"@type":"EntryPoint","urlTemplate":"https:\/\/linesfiction.de\/lfd\/?s={search_term_string}"},"query-input":{"@type":"PropertyValueSpecification","valueRequired":true,"valueName":"search_term_string"}}],"inLanguage":"de"},{"@type":"Organization","@id":"https:\/\/linesfiction.de\/lfd\/#organization","name":"Lines Fiction","url":"https:\/\/linesfiction.de\/lfd\/","logo":{"@type":"ImageObject","inLanguage":"de","@id":"https:\/\/linesfiction.de\/lfd\/#\/schema\/logo\/image\/","url":"https:\/\/linesfiction.de\/lfd\/wp-content\/uploads\/2022\/12\/linesfiction_logo_instagram.jpg","contentUrl":"https:\/\/linesfiction.de\/lfd\/wp-content\/uploads\/2022\/12\/linesfiction_logo_instagram.jpg","width":1080,"height":1077,"caption":"Lines Fiction"},"image":{"@id":"https:\/\/linesfiction.de\/lfd\/#\/schema\/logo\/image\/"},"sameAs":["https:\/\/www.facebook.com\/linesfiction\/","https:\/\/x.com\/linesfiction","https:\/\/www.instagram.com\/linesfiction\/"]}]}},"_links":{"self":[{"href":"https:\/\/linesfiction.de\/lfd\/wp-json\/wp\/v2\/pages\/289","targetHints":{"allow":["GET"]}}],"collection":[{"href":"https:\/\/linesfiction.de\/lfd\/wp-json\/wp\/v2\/pages"}],"about":[{"href":"https:\/\/linesfiction.de\/lfd\/wp-json\/wp\/v2\/types\/page"}],"author":[{"embeddable":true,"href":"https:\/\/linesfiction.de\/lfd\/wp-json\/wp\/v2\/users\/7"}],"replies":[{"embeddable":true,"href":"https:\/\/linesfiction.de\/lfd\/wp-json\/wp\/v2\/comments?post=289"}],"version-history":[{"count":16,"href":"https:\/\/linesfiction.de\/lfd\/wp-json\/wp\/v2\/pages\/289\/revisions"}],"predecessor-version":[{"id":3161,"href":"https:\/\/linesfiction.de\/lfd\/wp-json\/wp\/v2\/pages\/289\/revisions\/3161"}],"up":[{"embeddable":true,"href":"https:\/\/linesfiction.de\/lfd\/wp-json\/wp\/v2\/pages\/503"}],"wp:attachment":[{"href":"https:\/\/linesfiction.de\/lfd\/wp-json\/wp\/v2\/media?parent=289"}],"curies":[{"name":"wp","href":"https:\/\/api.w.org\/{rel}","templated":true}]}}