{"id":2975,"date":"2021-06-18T14:39:53","date_gmt":"2021-06-18T13:39:53","guid":{"rendered":"https:\/\/linesfiction.de\/lfd\/?page_id=2975"},"modified":"2021-07-07T13:54:58","modified_gmt":"2021-07-07T12:54:58","slug":"nikolaus-gansterer","status":"publish","type":"page","link":"https:\/\/linesfiction.de\/lfd\/lines-fiction-online\/a-l\/nikolaus-gansterer\/","title":{"rendered":"Nikolaus Gansterer"},"content":{"rendered":"\n<p>Lines Fiction: <u>Deine Zeichnungen auf Papier, ob schnell erfasst im Skizzenblock oder ausgearbeitet und raumgreifend pr\u00e4sentiert, verweisen immer auf etwas, das nicht ganz fassbar und in Transformation ist. Ist dieser geistige Zwischenraum das Movens f\u00fcr deine Kunst?<\/u><\/p>\n\n\n\n<p>Nikolaus Gansterer: Ja die Faszination f\u00fcr das Ephem\u00e4re und Transitorische zieht sich durch meine ganze k\u00fcnstlerische Praxis. In Erweiterung von Paul Klee k\u00f6nnte man sagen es geht mir nicht darum das Sichtbare zu zeichnen, sondern das Unsichtbare zu zeigen \u2013 ohne dabei Welt(-erfahrung) mimetisch abzubilden oder zu illustrieren. Unausweichlich kommt man dabei dem Fl\u00fcchtigen des Sinns auf die Spur. Tangential wie auch taktil, dabei bin ich sicher zum Teil beeinflusst von ph\u00e4nomenologisch-enaktivistischen Ans\u00e4tzen. Den Dingen und den Be-dingungen auf den Grund gehen und deren Beweg-gr\u00fcnde ergr\u00fcnden. Da bleibt immer ein unnahbarer Rest. Muss bleiben. Der ist ja im Grunde das Wesentliche. Diesen aber mit k\u00fcnstlerischen Mitteln zu aktivieren, zu animieren\u2013 darin liegt meine Kunst.<\/p>\n\n\n\n<p>Lines Fiction: <u>Die N\u00e4he deiner Zeichnung zu Diagrammen, die etwas veranschaulichen, wird deutlich in den bewegten Bildern. Du benutzt Kreide auf Schiefertafeln, wie einst Beuys, aber dennoch sind deine performativen Animationen weniger kryptisch oder didaktisch, als vielmehr vergn\u00fcglich und erhellend. Ist dir das Absurde und die Komik als Mittel der Erkenntnis wichtig?<\/u><\/p>\n\n\n\n<p>Nikolaus Gansterer: Im Grunde fing f\u00fcr mich ja alles mit dem Zeichnen und der Selbstbeobachtung dabei an. Oft filme ich mich dabei von oben. Was tue ich wenn ich etwas tue? Was passiert da eigentlich? Die Linie im Werden nachverfolgen. Denn pl\u00f6tzlich ist sie dann nicht nur mehr am Papier lokalisiert, sondern sowohl im Stift als auch in den Fingerspitzen, der Hand, der Schulter, am Sessel, im Arsch, im Aug, im Ohr und \u00fcberall im Um-raum. die Um-welt als \u201amovens\u2019, die immer mit-wirkt und somit auf gewisse weise mit-zeichnet. Das Zeichnen zeichnen. Nicht ich zeichne, sondern es zeichnet (mich). Das ist auch immer ein kleiner aber grosser Balanceakt. Der Akt des Zeichnens fungiert f\u00fcr mich wie ein \u201e\u00d6ffner\u201c um einzutauchen in dieses vibrierende Netzwerk der unz\u00e4hligen Verbindungslinien eines Dings, eines Ortes, einer Situation, einer Atmosph\u00e4re. Ich spreche von diesem fluiden geistigen Zustand beim Zeichnen, aber auch dem k\u00f6rperlich gef\u00fchlten Zwischen-raum. Naja, lange Rede, kurzer Sinn. All das findet sich dann wieder in meiner k\u00fcnstlerischen Auseinandersetzung mit inneren Prozessen, Gedankeng\u00e4ngen, Wahrnehmungsabl\u00e4ufen. Im Wechselspiel zwischen Sinnwerdung und Formwerdung und \u00dcbersetzungen in diagrammatische sowie performative Formate.<\/p>\n\n\n\n<p>Zeichnen ist f\u00fcr mich eben ein durch und durch relationaler Prozess. Mehr Ein-schreibung, als Be-schreibung, mehr Auf-zeichnung als Be-zeichnung. Die Frage der Notation spielt f\u00fcr mich eine wichtige Rolle. Ver-an-schaulichen? Naja das ist tricky \u2013 jedenfalls nicht im re-pr\u00e4sentativen Sinn von \u201eso ist es\u201c. Zeichnen ist ein komplexer choreographischer Akt des Sinn-machens \u2026 (wobei Un-sinn darin mindestens genauso wichtig ist!). Auch das Unterlaufen von Denkschulen und -schemata ist mir wichtig. Ja da gibt es ein Spielen mit Formen des Didaktischen, aber lustvoll-subversiv, weder dogmatisch noch belehrend oder gar pseudo-schamanistisch. Mit Kreiden zu arbeiten beinhaltet das Ephem\u00e4re im Medium selbst und reflektiert auch die Tafel als Kommunikationsort und analogen Wissensspeicher. Humor ist bei all der Suche nach Sinn und dem Sinnlichen f\u00fcr mich zentral. Einerseits als M\u00f6glichkeit quasi \u201eKurzurlaub\u201c von sich selbst zu nehmen, aber auch kritische Distanz zu unserer so anthropozentrischen Modus, in der Welt zu sein. Erkennen kann ja in sehr unterschiedlichen Gew\u00e4ndern zu einem kommen. Beim Lesen eines Buches, in der Beobachtung der Natur, in der Begegnung mit anderen Lebewesen oder in einem guten Witz!<\/p>\n\n\n\n<p>Lines Fiction: <u>Das Performative in deinen Filmen, das h\u00f6rbare Aufschreiben mit Kreide, das Wegl\u00f6schen von der Tafel und das allm\u00e4hliche Trocknen der Schwammspuren bieten viel Raum zur Betrachtung. Siehst du deine Zeichnungen auf Papier daneben als eigenst\u00e4ndiges Ergebnis eines Prozesses an oder als Material aus der Vielfalt der Medien, die lediglich bei einer Performance eingesetzt werden?<\/u><\/p>\n\n\n\n<p>Nikolaus Gansterer: Ich erlebe meine Arbeiten mehr wie kommunizierende Gef\u00e4\u00dfe. Zwischen den Installationen, den Skizzen hin zu Performances, meinen Zeichnungen, ob gross oder kleinformatig oder den Animationsfilmen oder aber auch dem Schreiben eines Textes herrscht reger Austausch, animiert sich gegenseitig. Jedes f\u00fcr sich ist Artefakt und Dokument eines Prozesses. All das Rundherum spielt mit, geh\u00f6rt dazu, beeinflusst , per-formt. Das l\u00e4sst sich in den Videoarbeiten und Performances unmittelbar erleben. Und ja, meine Werke k\u00f6nnen alle gekauft werden.<br><\/p>\n\n\n\n<p><a rel=\"noreferrer noopener\" href=\"http:\/\/www.gansterer.org\/\" target=\"_blank\">gansterer.org<\/a><\/p>\n","protected":false},"excerpt":{"rendered":"<p>Lines Fiction: Deine Zeichnungen auf Papier, ob schnell erfasst im Skizzenblock oder ausgearbeitet und raumgreifend pr\u00e4sentiert, verweisen immer auf etwas, das nicht ganz fassbar und in Transformation ist. Ist dieser geistige Zwischenraum das Movens f\u00fcr deine Kunst? Nikolaus Gansterer: Ja &hellip;<\/p>\n<p class=\"read-more\"> <a class=\"more-link\" href=\"https:\/\/linesfiction.de\/lfd\/lines-fiction-online\/a-l\/nikolaus-gansterer\/\"> <span class=\"screen-reader-text\">Nikolaus Gansterer<\/span> Weiterlesen &raquo;<\/a><\/p>\n","protected":false},"author":9,"featured_media":0,"parent":501,"menu_order":0,"comment_status":"closed","ping_status":"closed","template":"bg\/content-sidebar-page.php","meta":{"footnotes":""},"class_list":["post-2975","page","type-page","status-publish","hentry"],"yoast_head":"<!-- This site is optimized with the Yoast SEO plugin v27.3 - https:\/\/yoast.com\/product\/yoast-seo-wordpress\/ -->\n<title>Nikolaus Gansterer - Lines Fiction \u2605 Zeichnung &amp; Animation \u2605<\/title>\n<meta name=\"robots\" content=\"index, follow, max-snippet:-1, max-image-preview:large, max-video-preview:-1\" \/>\n<link rel=\"canonical\" href=\"https:\/\/linesfiction.de\/lfd\/lines-fiction-online\/a-l\/nikolaus-gansterer\/\" \/>\n<meta property=\"og:locale\" content=\"de_DE\" \/>\n<meta property=\"og:type\" content=\"article\" \/>\n<meta property=\"og:title\" content=\"Nikolaus Gansterer - Lines Fiction \u2605 Zeichnung &amp; Animation \u2605\" \/>\n<meta property=\"og:description\" content=\"Lines Fiction: Deine Zeichnungen auf Papier, ob schnell erfasst im Skizzenblock oder ausgearbeitet und raumgreifend pr\u00e4sentiert, verweisen immer auf etwas, das nicht ganz fassbar und in Transformation ist. Ist dieser geistige Zwischenraum das Movens f\u00fcr deine Kunst? Nikolaus Gansterer: Ja &hellip; Nikolaus Gansterer Weiterlesen &raquo;\" \/>\n<meta property=\"og:url\" content=\"https:\/\/linesfiction.de\/lfd\/lines-fiction-online\/a-l\/nikolaus-gansterer\/\" \/>\n<meta property=\"og:site_name\" content=\"Lines Fiction \u2605 Zeichnung &amp; Animation \u2605\" \/>\n<meta property=\"article:publisher\" content=\"https:\/\/www.facebook.com\/linesfiction\/\" \/>\n<meta property=\"article:modified_time\" content=\"2021-07-07T12:54:58+00:00\" \/>\n<meta name=\"twitter:card\" content=\"summary_large_image\" \/>\n<meta name=\"twitter:site\" content=\"@linesfiction\" \/>\n<meta name=\"twitter:label1\" content=\"Gesch\u00e4tzte Lesezeit\" \/>\n\t<meta name=\"twitter:data1\" content=\"4\u00a0Minuten\" \/>\n<script type=\"application\/ld+json\" class=\"yoast-schema-graph\">{\"@context\":\"https:\\\/\\\/schema.org\",\"@graph\":[{\"@type\":\"WebPage\",\"@id\":\"https:\\\/\\\/linesfiction.de\\\/lfd\\\/lines-fiction-online\\\/a-l\\\/nikolaus-gansterer\\\/\",\"url\":\"https:\\\/\\\/linesfiction.de\\\/lfd\\\/lines-fiction-online\\\/a-l\\\/nikolaus-gansterer\\\/\",\"name\":\"Nikolaus Gansterer - Lines Fiction \u2605 Zeichnung &amp; Animation \u2605\",\"isPartOf\":{\"@id\":\"https:\\\/\\\/linesfiction.de\\\/lfd\\\/#website\"},\"datePublished\":\"2021-06-18T13:39:53+00:00\",\"dateModified\":\"2021-07-07T12:54:58+00:00\",\"breadcrumb\":{\"@id\":\"https:\\\/\\\/linesfiction.de\\\/lfd\\\/lines-fiction-online\\\/a-l\\\/nikolaus-gansterer\\\/#breadcrumb\"},\"inLanguage\":\"de\",\"potentialAction\":[{\"@type\":\"ReadAction\",\"target\":[\"https:\\\/\\\/linesfiction.de\\\/lfd\\\/lines-fiction-online\\\/a-l\\\/nikolaus-gansterer\\\/\"]}]},{\"@type\":\"BreadcrumbList\",\"@id\":\"https:\\\/\\\/linesfiction.de\\\/lfd\\\/lines-fiction-online\\\/a-l\\\/nikolaus-gansterer\\\/#breadcrumb\",\"itemListElement\":[{\"@type\":\"ListItem\",\"position\":1,\"name\":\"Startseite\",\"item\":\"https:\\\/\\\/linesfiction.de\\\/lfd\\\/\"},{\"@type\":\"ListItem\",\"position\":2,\"name\":\"Lines Fiction online\",\"item\":\"https:\\\/\\\/linesfiction.de\\\/lfd\\\/lines-fiction-online\\\/\"},{\"@type\":\"ListItem\",\"position\":3,\"name\":\"A &#8211; L\",\"item\":\"https:\\\/\\\/linesfiction.de\\\/lfd\\\/lines-fiction-online\\\/a-l\\\/\"},{\"@type\":\"ListItem\",\"position\":4,\"name\":\"Nikolaus Gansterer\"}]},{\"@type\":\"WebSite\",\"@id\":\"https:\\\/\\\/linesfiction.de\\\/lfd\\\/#website\",\"url\":\"https:\\\/\\\/linesfiction.de\\\/lfd\\\/\",\"name\":\"Lines Fiction - Zeichnung & Animation - Drawing & Animation\",\"description\":\"\",\"publisher\":{\"@id\":\"https:\\\/\\\/linesfiction.de\\\/lfd\\\/#organization\"},\"potentialAction\":[{\"@type\":\"SearchAction\",\"target\":{\"@type\":\"EntryPoint\",\"urlTemplate\":\"https:\\\/\\\/linesfiction.de\\\/lfd\\\/?s={search_term_string}\"},\"query-input\":{\"@type\":\"PropertyValueSpecification\",\"valueRequired\":true,\"valueName\":\"search_term_string\"}}],\"inLanguage\":\"de\"},{\"@type\":\"Organization\",\"@id\":\"https:\\\/\\\/linesfiction.de\\\/lfd\\\/#organization\",\"name\":\"Lines Fiction\",\"url\":\"https:\\\/\\\/linesfiction.de\\\/lfd\\\/\",\"logo\":{\"@type\":\"ImageObject\",\"inLanguage\":\"de\",\"@id\":\"https:\\\/\\\/linesfiction.de\\\/lfd\\\/#\\\/schema\\\/logo\\\/image\\\/\",\"url\":\"https:\\\/\\\/linesfiction.de\\\/lfd\\\/wp-content\\\/uploads\\\/2022\\\/12\\\/linesfiction_logo_instagram.jpg\",\"contentUrl\":\"https:\\\/\\\/linesfiction.de\\\/lfd\\\/wp-content\\\/uploads\\\/2022\\\/12\\\/linesfiction_logo_instagram.jpg\",\"width\":1080,\"height\":1077,\"caption\":\"Lines Fiction\"},\"image\":{\"@id\":\"https:\\\/\\\/linesfiction.de\\\/lfd\\\/#\\\/schema\\\/logo\\\/image\\\/\"},\"sameAs\":[\"https:\\\/\\\/www.facebook.com\\\/linesfiction\\\/\",\"https:\\\/\\\/x.com\\\/linesfiction\",\"https:\\\/\\\/www.instagram.com\\\/linesfiction\\\/\"]}]}<\/script>\n<!-- \/ Yoast SEO plugin. -->","yoast_head_json":{"title":"Nikolaus Gansterer - Lines Fiction \u2605 Zeichnung &amp; Animation \u2605","robots":{"index":"index","follow":"follow","max-snippet":"max-snippet:-1","max-image-preview":"max-image-preview:large","max-video-preview":"max-video-preview:-1"},"canonical":"https:\/\/linesfiction.de\/lfd\/lines-fiction-online\/a-l\/nikolaus-gansterer\/","og_locale":"de_DE","og_type":"article","og_title":"Nikolaus Gansterer - Lines Fiction \u2605 Zeichnung &amp; Animation \u2605","og_description":"Lines Fiction: Deine Zeichnungen auf Papier, ob schnell erfasst im Skizzenblock oder ausgearbeitet und raumgreifend pr\u00e4sentiert, verweisen immer auf etwas, das nicht ganz fassbar und in Transformation ist. Ist dieser geistige Zwischenraum das Movens f\u00fcr deine Kunst? Nikolaus Gansterer: Ja &hellip; Nikolaus Gansterer Weiterlesen &raquo;","og_url":"https:\/\/linesfiction.de\/lfd\/lines-fiction-online\/a-l\/nikolaus-gansterer\/","og_site_name":"Lines Fiction \u2605 Zeichnung &amp; Animation \u2605","article_publisher":"https:\/\/www.facebook.com\/linesfiction\/","article_modified_time":"2021-07-07T12:54:58+00:00","twitter_card":"summary_large_image","twitter_site":"@linesfiction","twitter_misc":{"Gesch\u00e4tzte Lesezeit":"4\u00a0Minuten"},"schema":{"@context":"https:\/\/schema.org","@graph":[{"@type":"WebPage","@id":"https:\/\/linesfiction.de\/lfd\/lines-fiction-online\/a-l\/nikolaus-gansterer\/","url":"https:\/\/linesfiction.de\/lfd\/lines-fiction-online\/a-l\/nikolaus-gansterer\/","name":"Nikolaus Gansterer - Lines Fiction \u2605 Zeichnung &amp; Animation \u2605","isPartOf":{"@id":"https:\/\/linesfiction.de\/lfd\/#website"},"datePublished":"2021-06-18T13:39:53+00:00","dateModified":"2021-07-07T12:54:58+00:00","breadcrumb":{"@id":"https:\/\/linesfiction.de\/lfd\/lines-fiction-online\/a-l\/nikolaus-gansterer\/#breadcrumb"},"inLanguage":"de","potentialAction":[{"@type":"ReadAction","target":["https:\/\/linesfiction.de\/lfd\/lines-fiction-online\/a-l\/nikolaus-gansterer\/"]}]},{"@type":"BreadcrumbList","@id":"https:\/\/linesfiction.de\/lfd\/lines-fiction-online\/a-l\/nikolaus-gansterer\/#breadcrumb","itemListElement":[{"@type":"ListItem","position":1,"name":"Startseite","item":"https:\/\/linesfiction.de\/lfd\/"},{"@type":"ListItem","position":2,"name":"Lines Fiction online","item":"https:\/\/linesfiction.de\/lfd\/lines-fiction-online\/"},{"@type":"ListItem","position":3,"name":"A &#8211; L","item":"https:\/\/linesfiction.de\/lfd\/lines-fiction-online\/a-l\/"},{"@type":"ListItem","position":4,"name":"Nikolaus Gansterer"}]},{"@type":"WebSite","@id":"https:\/\/linesfiction.de\/lfd\/#website","url":"https:\/\/linesfiction.de\/lfd\/","name":"Lines Fiction - Zeichnung & Animation - Drawing & Animation","description":"","publisher":{"@id":"https:\/\/linesfiction.de\/lfd\/#organization"},"potentialAction":[{"@type":"SearchAction","target":{"@type":"EntryPoint","urlTemplate":"https:\/\/linesfiction.de\/lfd\/?s={search_term_string}"},"query-input":{"@type":"PropertyValueSpecification","valueRequired":true,"valueName":"search_term_string"}}],"inLanguage":"de"},{"@type":"Organization","@id":"https:\/\/linesfiction.de\/lfd\/#organization","name":"Lines Fiction","url":"https:\/\/linesfiction.de\/lfd\/","logo":{"@type":"ImageObject","inLanguage":"de","@id":"https:\/\/linesfiction.de\/lfd\/#\/schema\/logo\/image\/","url":"https:\/\/linesfiction.de\/lfd\/wp-content\/uploads\/2022\/12\/linesfiction_logo_instagram.jpg","contentUrl":"https:\/\/linesfiction.de\/lfd\/wp-content\/uploads\/2022\/12\/linesfiction_logo_instagram.jpg","width":1080,"height":1077,"caption":"Lines Fiction"},"image":{"@id":"https:\/\/linesfiction.de\/lfd\/#\/schema\/logo\/image\/"},"sameAs":["https:\/\/www.facebook.com\/linesfiction\/","https:\/\/x.com\/linesfiction","https:\/\/www.instagram.com\/linesfiction\/"]}]}},"_links":{"self":[{"href":"https:\/\/linesfiction.de\/lfd\/wp-json\/wp\/v2\/pages\/2975","targetHints":{"allow":["GET"]}}],"collection":[{"href":"https:\/\/linesfiction.de\/lfd\/wp-json\/wp\/v2\/pages"}],"about":[{"href":"https:\/\/linesfiction.de\/lfd\/wp-json\/wp\/v2\/types\/page"}],"author":[{"embeddable":true,"href":"https:\/\/linesfiction.de\/lfd\/wp-json\/wp\/v2\/users\/9"}],"replies":[{"embeddable":true,"href":"https:\/\/linesfiction.de\/lfd\/wp-json\/wp\/v2\/comments?post=2975"}],"version-history":[{"count":20,"href":"https:\/\/linesfiction.de\/lfd\/wp-json\/wp\/v2\/pages\/2975\/revisions"}],"predecessor-version":[{"id":3007,"href":"https:\/\/linesfiction.de\/lfd\/wp-json\/wp\/v2\/pages\/2975\/revisions\/3007"}],"up":[{"embeddable":true,"href":"https:\/\/linesfiction.de\/lfd\/wp-json\/wp\/v2\/pages\/501"}],"wp:attachment":[{"href":"https:\/\/linesfiction.de\/lfd\/wp-json\/wp\/v2\/media?parent=2975"}],"curies":[{"name":"wp","href":"https:\/\/api.w.org\/{rel}","templated":true}]}}