{"id":301,"date":"2012-06-18T13:39:45","date_gmt":"2012-06-18T12:39:45","guid":{"rendered":"http:\/\/linesfiction.de\/lfd\/?page_id=301"},"modified":"2022-12-21T14:33:01","modified_gmt":"2022-12-21T13:33:01","slug":"sarah-jane-lapp","status":"publish","type":"page","link":"https:\/\/linesfiction.de\/lfd\/lines-fiction-online\/a-l\/sarah-jane-lapp\/","title":{"rendered":"Sarah Jane Lapp"},"content":{"rendered":"<p><u>Lines Fiction: Du bist eine K\u00fcnstlerin und Designerin, die mit Tusche, Aquarell und Wachsmalkreiden arbeitet. Das transportieren auch deine Animationen, was einen beinahe haptische Eindruck hinterl\u00e4sst. Was interessiert dich an diesen Materialien?<\/u><\/p>\n<p>Sarah Jane Lapp: Im digitalen Zeitalter zeichne ich immernoch mit Rohrfeder und Tinte, da ich &#8211; wie ein Vampir nach Blut &#8211; nach diesem direkten Kontakt zu Stift und Papier d\u00fcrste. Ich k\u00f6nnte in meinen Zeichnungen leben; sie sind ordentlicher als mein eigenes Studio und von manchmal ziemlich unnahbaren Menschen bev\u00f6lkert &#8211; die ich zum Beispiel so vom Busfenster aus gesehen habe, w\u00e4hrend sie \u00fcber Pflastersteine humpeln mit welken Lilien im Rucksack. Das \u00dcberbleibselfreie Potential der digitalen Produktion interessiert mich vor allem wegen des \u00f6kologischen Versprechens. Die Kollegen Filmemacher bekommen beim Handentwickeln Krebs und meine Zeichnungen auf Papier zerst\u00f6ren B\u00e4ume. W\u00e4re ich ein echter \u00d6kofreak w\u00fcrde ich die Film- und Kunstproduktion noch mit der Kom\u00f6die eintauschen: meine Witze k\u00f6nnte die Stadt ohne Kosten recyceln. Aber meine selbsts\u00fcchtigen Gene wollen sich fortpflanzen und meine RNA w\u00e4hlte das Zeichnen als Vehikel daf\u00fcr. Jedes kleine promiske Chromosom steckt in einer Linie, ich bringe mir bei, mit dem Computer zu kopulieren, aber die Evolution geht doch langsam&#8230;<\/p>\n<p><u>Lines Fiction: Ein ziemlich wichtiger Aspekt in deiner Animation &#8222;Chronicles of an Asthmatic Stripper&#8220; ist die Musik. Der Soundtrack wurde von Mark Dresser, einem Bassisten eingespielt. Wie kam diese Zusammenarbeit zustande?<\/u><\/p>\n<p>Sarah Jane Lapp: Es war ein ziemliches Privileg mit ihm zu arbeiten, er ist top als Bassist und ich traf ihn als ich ungef\u00e4hr 28 war(jetzt werde ich 40). ich bin k\u00fcnstlerisch mit ihm gewachsen&#8230; Der Zufall, dass wir uns in der MacDowell Colony (eine K\u00fcnstler-Residenz in den USA) getroffen haben zeigt vielleicht, dass das Universum gr\u00f6\u00dfere Pl\u00e4ne mit uns hat, als wir uns so vorstellen k\u00f6nnen&#8230; wir realisierten bisher zusammen vier Projekte und rufen uns oft an und erz\u00e4hlen uns Witze. Er ist wie Familie.<\/p>\n<p>Hier die Beschreibung unserer Zusammenarbeit in seinen Worten aus einem Museumskatalog:<\/p>\n<p><em>&#8222;I\u2019ve had only one month-long residency at MacDowell, which was in September 2000. What fortuitous timing that my first three days coincided with Sarah Jane Lapp\u2019s last three days at MacDowell. She invited a bunch of us to a viewing of her films and to check out her studio. I was moved by Happy are the Happy, an unusually subtle and moving film about the Holocaust. I expressed my enthusiasm for her work and felt compelled to give her my recordings for silent film. We stayed in touch and began collaborating. It was easy at first, as we were both living in Brooklyn. I recorded some solo bass sketches for a film in production. Sarah Jane was concerned about how to pay me. I laughed and said, \u201cLet\u2019s do an exchange\u201d \u2013 would she consider making a short piece for me to perform solo? She had the idea for the Stripper and I had a deadline for a tour. Sarah Jane spent her next residency at MacDowell faxing me many pen and ink drawings. Meanwhile, I composed, mailing her tapes and even once playing my themes to her over the phone\u2026&#8220;<\/em><\/p>\n<p>-Mark Dresser<\/p>\n<p><em>Solitude and Focus: Recent Work by MacDowell Colony Fellows in the Visual Art<br \/>\nThe Aldrich Contemporary Art Museum<br \/>\nJanuary 23-June 22, 2005<\/em><\/p>\n<p><u>Lines Fiction: Die Erz\u00e4hlung in deinen Animationen bleibt stellenweise r\u00e4tselhaft, die Bilder fordern unsere Imagination heraus und machen einen surrealen Eindruck. Du kombinierst auch Live-Action mit Animation. Hast du Vorbilder?<\/u><\/p>\n<p>Sarah Jane Lapp: Komisch, ich finde meine Bilder garnicht so r\u00e4tselhaft, vielleicht ein Zeichen meines Gr\u00f6\u00dfenwahns&#8230; Letzte Nacht stellte ich fest, dass ich immernoch besessen bin von Matratzen.<\/p>\n<p>Vorbilder? Wo soll ich anfangen?<\/p>\n<p>Warner Bros. Trickfilme waren es bestimmt nicht, eher Svankmajers &#8222;Dialoge&#8220;, die mir das Gef\u00fchl gaben, meine Vorstellungen haben Platz in dieser Welt. Auch Tarkowskys \u201cZrcadlo (Spiegel)\u201d gab mir das Gef\u00fchl \u00e4sthetischer Befreiung. &#8230;ich erinnere mich wie ich in FAMU&#8217;s Bibliothek(Prager Filmhochschule) eine alte VHS-Kassette ansah und versuchte, mein Weinen vor dem Bibliothekar zu verstecken&#8230;<br \/>\nTarkowskys Insistieren auf der Umformung der synchronen\/diachronen Zeit&#8230; der Sound, der den innerfilmischen Raum \u00fcberschritt&#8230; und in diesen besonderen Stand der Gnade eintrat&#8230;<\/p>\n<p>Offensichtlich dominierte der Kanon osteurop\u00e4ischer Filme meinen Kopf in den 90ern, w\u00e4hrend ich in Prag studierte\u2026 Vera Chytilovas &#8222;Tausendsch\u00f6nchen&#8220;; der fr\u00fche Milos Forman\u2026<br \/>\nMisha Pavlatovas Filme gaben mir die Freiheit, Beziehungsgeflechte mit Humor zu nehmen&#8230; sie war unglaublich ermutigend, als ich ihr meine ersten Animationsversuche zeigte. Sie sagte &#8222;Cerstvy!&#8220;, das hei\u00dft glaube ich &#8222;Frisch!&#8220; &#8211; oder vielleicht habe ich sie missverstanden und sie sagte: &#8222;\u00c4hm, nimm ein neues Papier und versuch&#8217;s nochmal&#8220;<\/p>\n<p>Auch das Arbeiten mit den Dozenten bei FAMU(wo ich Live-Action drehte) haute mich um \u2013 ihre Geduld, Genialit\u00e4t und Vision, vor allem Ramunas Greicius. Das war magisch. Oh, wenn ich blo\u00df nochmal mit ihm arbeiten k\u00f6nnte! Ramunas, h\u00f6rst du mich?<\/p>\n<p>Schlie\u00dflich hat mich das Art Institute of Chicago mit der anderen Seite der Produktion vertraut gemacht, mit der amerikanischen Avantgarde: handgemachte Kunst und handwerkliche F\u00e4higkeiten, Shellie Flemings Filme von brillianter Zerbrechlichkeit, Dan Eisenbergs eindringlicher Film &#8222;Displaced Persons&#8220;, Nancy Andrews bravour\u00f6s intelligente Animationen, Chris Sullivans Savant-gleiche Figuren&#8230; Nancy zeigte mir Caroline Leafs \u201cTHE STREET\u201d und ich erlebte einen AHA-moment beim Entdecken ihrer k\u00f6stlichen visuellen Verwandlungen.<\/p>\n<p>Meine eigenen Kollegen inspirierten mich ohne Ende &#8211; wir waren eine seltsame Mischung aus Neo-Neo-Realisten, Experten im Handwerklichen und Dokumentarfilmern:<br \/>\nJenny Perlin, Amie Siegel, David Gatten, Apichtpong \u201cJoe\u201d Weersanthankul, Dima El-Horr, Daniele Wilmouth, Erika Mijlin, Julie Goldstein, Chris Harris, Josh Gibson, Shuk-Shan Lee, Tchavdar Georgiev. Das war schon Wahnsinn. Und alle sind noch dabei&#8230;<\/p>\n<p><a href=\"http:\/\/www.cinemagoat.com\/\" target=\"_blank\" rel=\"noopener\">www.cinemagoat.com\/<\/a><\/p>\n","protected":false},"excerpt":{"rendered":"<p>Lines Fiction: Du bist eine K\u00fcnstlerin und Designerin, die mit Tusche, Aquarell und Wachsmalkreiden arbeitet. Das transportieren auch deine Animationen, was einen beinahe haptische Eindruck hinterl\u00e4sst. Was interessiert dich an diesen Materialien? Sarah Jane Lapp: Im digitalen Zeitalter zeichne ich &hellip;<\/p>\n<p class=\"read-more\"> <a class=\"more-link\" href=\"https:\/\/linesfiction.de\/lfd\/lines-fiction-online\/a-l\/sarah-jane-lapp\/\"> <span class=\"screen-reader-text\">Sarah Jane Lapp<\/span> Weiterlesen &raquo;<\/a><\/p>\n","protected":false},"author":7,"featured_media":0,"parent":501,"menu_order":0,"comment_status":"closed","ping_status":"closed","template":"bg\/content-sidebar-page.php","meta":{"footnotes":""},"class_list":["post-301","page","type-page","status-publish","hentry"],"yoast_head":"<!-- This site is optimized with the Yoast SEO plugin v27.4 - https:\/\/yoast.com\/product\/yoast-seo-wordpress\/ -->\n<title>Sarah Jane Lapp - Lines Fiction \u2605 Zeichnung &amp; Animation \u2605<\/title>\n<meta name=\"robots\" content=\"index, follow, max-snippet:-1, max-image-preview:large, max-video-preview:-1\" \/>\n<link rel=\"canonical\" href=\"https:\/\/linesfiction.de\/lfd\/lines-fiction-online\/a-l\/sarah-jane-lapp\/\" \/>\n<meta property=\"og:locale\" content=\"de_DE\" \/>\n<meta property=\"og:type\" content=\"article\" \/>\n<meta property=\"og:title\" content=\"Sarah Jane Lapp - Lines Fiction \u2605 Zeichnung &amp; Animation \u2605\" \/>\n<meta property=\"og:description\" content=\"Lines Fiction: Du bist eine K\u00fcnstlerin und Designerin, die mit Tusche, Aquarell und Wachsmalkreiden arbeitet. Das transportieren auch deine Animationen, was einen beinahe haptische Eindruck hinterl\u00e4sst. Was interessiert dich an diesen Materialien? Sarah Jane Lapp: Im digitalen Zeitalter zeichne ich &hellip; Sarah Jane Lapp Weiterlesen &raquo;\" \/>\n<meta property=\"og:url\" content=\"https:\/\/linesfiction.de\/lfd\/lines-fiction-online\/a-l\/sarah-jane-lapp\/\" \/>\n<meta property=\"og:site_name\" content=\"Lines Fiction \u2605 Zeichnung &amp; Animation \u2605\" \/>\n<meta property=\"article:publisher\" content=\"https:\/\/www.facebook.com\/linesfiction\/\" \/>\n<meta property=\"article:modified_time\" content=\"2022-12-21T13:33:01+00:00\" \/>\n<meta name=\"twitter:card\" content=\"summary_large_image\" \/>\n<meta name=\"twitter:site\" content=\"@linesfiction\" \/>\n<meta name=\"twitter:label1\" content=\"Gesch\u00e4tzte Lesezeit\" \/>\n\t<meta name=\"twitter:data1\" content=\"5\u00a0Minuten\" \/>\n<script type=\"application\/ld+json\" class=\"yoast-schema-graph\">{\"@context\":\"https:\\\/\\\/schema.org\",\"@graph\":[{\"@type\":\"WebPage\",\"@id\":\"https:\\\/\\\/linesfiction.de\\\/lfd\\\/lines-fiction-online\\\/a-l\\\/sarah-jane-lapp\\\/\",\"url\":\"https:\\\/\\\/linesfiction.de\\\/lfd\\\/lines-fiction-online\\\/a-l\\\/sarah-jane-lapp\\\/\",\"name\":\"Sarah Jane Lapp - Lines Fiction \u2605 Zeichnung &amp; Animation \u2605\",\"isPartOf\":{\"@id\":\"https:\\\/\\\/linesfiction.de\\\/lfd\\\/#website\"},\"datePublished\":\"2012-06-18T12:39:45+00:00\",\"dateModified\":\"2022-12-21T13:33:01+00:00\",\"breadcrumb\":{\"@id\":\"https:\\\/\\\/linesfiction.de\\\/lfd\\\/lines-fiction-online\\\/a-l\\\/sarah-jane-lapp\\\/#breadcrumb\"},\"inLanguage\":\"de\",\"potentialAction\":[{\"@type\":\"ReadAction\",\"target\":[\"https:\\\/\\\/linesfiction.de\\\/lfd\\\/lines-fiction-online\\\/a-l\\\/sarah-jane-lapp\\\/\"]}]},{\"@type\":\"BreadcrumbList\",\"@id\":\"https:\\\/\\\/linesfiction.de\\\/lfd\\\/lines-fiction-online\\\/a-l\\\/sarah-jane-lapp\\\/#breadcrumb\",\"itemListElement\":[{\"@type\":\"ListItem\",\"position\":1,\"name\":\"Startseite\",\"item\":\"https:\\\/\\\/linesfiction.de\\\/lfd\\\/\"},{\"@type\":\"ListItem\",\"position\":2,\"name\":\"Lines Fiction online\",\"item\":\"https:\\\/\\\/linesfiction.de\\\/lfd\\\/lines-fiction-online\\\/\"},{\"@type\":\"ListItem\",\"position\":3,\"name\":\"A &#8211; L\",\"item\":\"https:\\\/\\\/linesfiction.de\\\/lfd\\\/lines-fiction-online\\\/a-l\\\/\"},{\"@type\":\"ListItem\",\"position\":4,\"name\":\"Sarah Jane Lapp\"}]},{\"@type\":\"WebSite\",\"@id\":\"https:\\\/\\\/linesfiction.de\\\/lfd\\\/#website\",\"url\":\"https:\\\/\\\/linesfiction.de\\\/lfd\\\/\",\"name\":\"Lines Fiction - Zeichnung & Animation - Drawing & Animation\",\"description\":\"\",\"publisher\":{\"@id\":\"https:\\\/\\\/linesfiction.de\\\/lfd\\\/#organization\"},\"potentialAction\":[{\"@type\":\"SearchAction\",\"target\":{\"@type\":\"EntryPoint\",\"urlTemplate\":\"https:\\\/\\\/linesfiction.de\\\/lfd\\\/?s={search_term_string}\"},\"query-input\":{\"@type\":\"PropertyValueSpecification\",\"valueRequired\":true,\"valueName\":\"search_term_string\"}}],\"inLanguage\":\"de\"},{\"@type\":\"Organization\",\"@id\":\"https:\\\/\\\/linesfiction.de\\\/lfd\\\/#organization\",\"name\":\"Lines Fiction\",\"url\":\"https:\\\/\\\/linesfiction.de\\\/lfd\\\/\",\"logo\":{\"@type\":\"ImageObject\",\"inLanguage\":\"de\",\"@id\":\"https:\\\/\\\/linesfiction.de\\\/lfd\\\/#\\\/schema\\\/logo\\\/image\\\/\",\"url\":\"https:\\\/\\\/linesfiction.de\\\/lfd\\\/wp-content\\\/uploads\\\/2022\\\/12\\\/linesfiction_logo_instagram.jpg\",\"contentUrl\":\"https:\\\/\\\/linesfiction.de\\\/lfd\\\/wp-content\\\/uploads\\\/2022\\\/12\\\/linesfiction_logo_instagram.jpg\",\"width\":1080,\"height\":1077,\"caption\":\"Lines Fiction\"},\"image\":{\"@id\":\"https:\\\/\\\/linesfiction.de\\\/lfd\\\/#\\\/schema\\\/logo\\\/image\\\/\"},\"sameAs\":[\"https:\\\/\\\/www.facebook.com\\\/linesfiction\\\/\",\"https:\\\/\\\/x.com\\\/linesfiction\",\"https:\\\/\\\/www.instagram.com\\\/linesfiction\\\/\"]}]}<\/script>\n<!-- \/ Yoast SEO plugin. -->","yoast_head_json":{"title":"Sarah Jane Lapp - Lines Fiction \u2605 Zeichnung &amp; Animation \u2605","robots":{"index":"index","follow":"follow","max-snippet":"max-snippet:-1","max-image-preview":"max-image-preview:large","max-video-preview":"max-video-preview:-1"},"canonical":"https:\/\/linesfiction.de\/lfd\/lines-fiction-online\/a-l\/sarah-jane-lapp\/","og_locale":"de_DE","og_type":"article","og_title":"Sarah Jane Lapp - Lines Fiction \u2605 Zeichnung &amp; Animation \u2605","og_description":"Lines Fiction: Du bist eine K\u00fcnstlerin und Designerin, die mit Tusche, Aquarell und Wachsmalkreiden arbeitet. Das transportieren auch deine Animationen, was einen beinahe haptische Eindruck hinterl\u00e4sst. Was interessiert dich an diesen Materialien? Sarah Jane Lapp: Im digitalen Zeitalter zeichne ich &hellip; Sarah Jane Lapp Weiterlesen &raquo;","og_url":"https:\/\/linesfiction.de\/lfd\/lines-fiction-online\/a-l\/sarah-jane-lapp\/","og_site_name":"Lines Fiction \u2605 Zeichnung &amp; Animation \u2605","article_publisher":"https:\/\/www.facebook.com\/linesfiction\/","article_modified_time":"2022-12-21T13:33:01+00:00","twitter_card":"summary_large_image","twitter_site":"@linesfiction","twitter_misc":{"Gesch\u00e4tzte Lesezeit":"5\u00a0Minuten"},"schema":{"@context":"https:\/\/schema.org","@graph":[{"@type":"WebPage","@id":"https:\/\/linesfiction.de\/lfd\/lines-fiction-online\/a-l\/sarah-jane-lapp\/","url":"https:\/\/linesfiction.de\/lfd\/lines-fiction-online\/a-l\/sarah-jane-lapp\/","name":"Sarah Jane Lapp - Lines Fiction \u2605 Zeichnung &amp; Animation \u2605","isPartOf":{"@id":"https:\/\/linesfiction.de\/lfd\/#website"},"datePublished":"2012-06-18T12:39:45+00:00","dateModified":"2022-12-21T13:33:01+00:00","breadcrumb":{"@id":"https:\/\/linesfiction.de\/lfd\/lines-fiction-online\/a-l\/sarah-jane-lapp\/#breadcrumb"},"inLanguage":"de","potentialAction":[{"@type":"ReadAction","target":["https:\/\/linesfiction.de\/lfd\/lines-fiction-online\/a-l\/sarah-jane-lapp\/"]}]},{"@type":"BreadcrumbList","@id":"https:\/\/linesfiction.de\/lfd\/lines-fiction-online\/a-l\/sarah-jane-lapp\/#breadcrumb","itemListElement":[{"@type":"ListItem","position":1,"name":"Startseite","item":"https:\/\/linesfiction.de\/lfd\/"},{"@type":"ListItem","position":2,"name":"Lines Fiction online","item":"https:\/\/linesfiction.de\/lfd\/lines-fiction-online\/"},{"@type":"ListItem","position":3,"name":"A &#8211; L","item":"https:\/\/linesfiction.de\/lfd\/lines-fiction-online\/a-l\/"},{"@type":"ListItem","position":4,"name":"Sarah Jane Lapp"}]},{"@type":"WebSite","@id":"https:\/\/linesfiction.de\/lfd\/#website","url":"https:\/\/linesfiction.de\/lfd\/","name":"Lines Fiction - Zeichnung & Animation - Drawing & Animation","description":"","publisher":{"@id":"https:\/\/linesfiction.de\/lfd\/#organization"},"potentialAction":[{"@type":"SearchAction","target":{"@type":"EntryPoint","urlTemplate":"https:\/\/linesfiction.de\/lfd\/?s={search_term_string}"},"query-input":{"@type":"PropertyValueSpecification","valueRequired":true,"valueName":"search_term_string"}}],"inLanguage":"de"},{"@type":"Organization","@id":"https:\/\/linesfiction.de\/lfd\/#organization","name":"Lines Fiction","url":"https:\/\/linesfiction.de\/lfd\/","logo":{"@type":"ImageObject","inLanguage":"de","@id":"https:\/\/linesfiction.de\/lfd\/#\/schema\/logo\/image\/","url":"https:\/\/linesfiction.de\/lfd\/wp-content\/uploads\/2022\/12\/linesfiction_logo_instagram.jpg","contentUrl":"https:\/\/linesfiction.de\/lfd\/wp-content\/uploads\/2022\/12\/linesfiction_logo_instagram.jpg","width":1080,"height":1077,"caption":"Lines Fiction"},"image":{"@id":"https:\/\/linesfiction.de\/lfd\/#\/schema\/logo\/image\/"},"sameAs":["https:\/\/www.facebook.com\/linesfiction\/","https:\/\/x.com\/linesfiction","https:\/\/www.instagram.com\/linesfiction\/"]}]}},"_links":{"self":[{"href":"https:\/\/linesfiction.de\/lfd\/wp-json\/wp\/v2\/pages\/301","targetHints":{"allow":["GET"]}}],"collection":[{"href":"https:\/\/linesfiction.de\/lfd\/wp-json\/wp\/v2\/pages"}],"about":[{"href":"https:\/\/linesfiction.de\/lfd\/wp-json\/wp\/v2\/types\/page"}],"author":[{"embeddable":true,"href":"https:\/\/linesfiction.de\/lfd\/wp-json\/wp\/v2\/users\/7"}],"replies":[{"embeddable":true,"href":"https:\/\/linesfiction.de\/lfd\/wp-json\/wp\/v2\/comments?post=301"}],"version-history":[{"count":43,"href":"https:\/\/linesfiction.de\/lfd\/wp-json\/wp\/v2\/pages\/301\/revisions"}],"predecessor-version":[{"id":3153,"href":"https:\/\/linesfiction.de\/lfd\/wp-json\/wp\/v2\/pages\/301\/revisions\/3153"}],"up":[{"embeddable":true,"href":"https:\/\/linesfiction.de\/lfd\/wp-json\/wp\/v2\/pages\/501"}],"wp:attachment":[{"href":"https:\/\/linesfiction.de\/lfd\/wp-json\/wp\/v2\/media?parent=301"}],"curies":[{"name":"wp","href":"https:\/\/api.w.org\/{rel}","templated":true}]}}