{"id":3029,"date":"2022-01-18T18:21:07","date_gmt":"2022-01-18T17:21:07","guid":{"rendered":"https:\/\/linesfiction.de\/lfd\/?page_id=3029"},"modified":"2022-01-20T17:01:37","modified_gmt":"2022-01-20T16:01:37","slug":"soyon-jung","status":"publish","type":"page","link":"https:\/\/linesfiction.de\/lfd\/lines-fiction-online\/a-l\/soyon-jung\/","title":{"rendered":"Soyon Jung"},"content":{"rendered":"\n<p>Lines Fiction: <u>Deine Tiefdrucke aus der Serie &#8222;Futur II&#8220; erinnern beim flu\u0308chtigen Hinsehen an Radierungen mit Motiven der Hochromantik, ein Blick auf menschenleere Landschaften und Ruinen. Nur sind es beim genaueren Hinsehen die Ruinen moderner Headquarter von Amazon und Google, die da verfallen und von der Natur u\u0308berwuchert werden. Du schaffst also im kunsthistorischem Ru\u0308ckgriff das irritierende Bild einer dystopischer Zukunft. Wie bist du auf deine Thematik gekommen?<\/u><\/p>\n\n\n\n<p>Soyon Jung: Die Romantik ist nur einer von verschiedenen kompositorischen Referenzen, aber mein Grundinteresse hat noch etwas anderes mit der Romantik gemein: die Faszination fu\u0308r Ruinen. Sie schmuggeln Vergangenheit ins Hier und Jetzt \u2013 ganz absichtslos und auf scheinbar natu\u0308rliche Weise. Der Charakter einer Ruine, der zwar immer etwas Morbides hat, gibt ironischerweise aber auch Raum, das Neue zu denken. Durch die schleichende \u00dcbernahme der Natur tritt die Verg\u00e4nglichkeit allen menschlichen Schaffens hervor. Auch \u00e4sthetisch: die \u201eewig\u201c wuchernde Natur in den Horizontalen, die menschliche Kultur in den stets einsturzgef\u00e4hrdeten Vertikalen. Statt aber im popul\u00e4ren Sinne der Romantik sentimental zu werden und eine Wiederverzauberung der Welt zu beschw\u00f6ren, geht es mir in \u201eFutur II\u201c ganz pragmatisch um die Verg\u00e4nglichkeit von Macht. Die Ruine verschafft mir den Abstand um utopisch zu werden: eine Welt ohne Google, ohne Samsung, ohne Korruption und Ausbeutung\u2026 Vielleicht kommt der Fortschritt ja als Verfall.<br>Auf eine Art ist die Dystopie Ausdruck unserer Zeit: Der Untergang der Welt erscheint uns wahrscheinlicher als die \u00dcberwindung des Kapitalismus. Aber du\u0308stere Bilder von brennenden W\u00e4ldern, tribalistischen Bu\u0308rgerkriegen oder digitaler Totalu\u0308berwachung gibt es genug. Ich meditiere mich in meinen Zeichnungen in eine Zeit nach dem Kollaps. Da kann ich besser atmen.<\/p>\n\n\n\n<p>Lines Fiction: <u>Tiefdruck ist im Vergleich zur Zeichnung ein Verfahren, das Zeit und Technik beansprucht, bevor man ein Ergebnis hat. Was reizt dich an dieser Arbeitsweise?<\/u><\/p>\n\n\n\n<p>Soyon Jung: Genau darin liegt der Reiz fu\u0308r mich. Man k\u00f6nnte denken, der Aufwand des Verfahrens wu\u0308rde aus der Zeit fallen, die ja eher auf Beschleunigung und effektives Multitasking ausgelegt ist. Ich bin in Su\u0308dkorea aufgewachsen, wo der Alltag in noch extremerer Weise von diesem Anspruch durchdrungen ist. \u201eSchnell, schnell!\u201c (\ube68\ub9ac\ube68\ub9ac), ist ein Ausdruck, den man u\u0308berall zu h\u00f6ren bekommt. Er hat sich tief eingebrannt in mein Bewusstsein. Durch die Komplikation des handwerklichen Verfahrens zwingt mich die Radierung zu vermeintlich ineffektiven Unterbrechungen. Ich genie\u00dfe das. Meine Linie hat eigentlich ein hohes musikalisches Tempo und will am liebsten immer weiter abstrahieren. Durch den nu\u0308chternen Abstand, den die Produktionsschritte einer Radierung erfordern, kommt auch mein Anspruch an Konzeption und Komposition zu seinem Recht. Insofern hilft mir die Technik, diese beiden Zug\u00e4nge in jedem Bild wieder aufs Neue zu verheiraten. Daru\u0308ber hinaus liegt im Herstellungsprozess selbst etwas Ruinenhaftes. Die gedruckten Linien sind am Ende schlie\u00dflich Folge eines \u00c4tzprozesses, bei dem sich Teile einer Zinkplatte aufl\u00f6sen.<\/p>\n\n\n\n<p>Lines Fiction: <u>Das Hintergrundbild deiner Animation &#8222;Aufstand der Lageristen&#8220; ist einer deiner Tiefdrucke, dessen Ansicht so multiperspektivisch ist, dass er an die Carceri d&#8217;Invenzione, die erfundenen Kerker von Giambattista Piranesi erinnert. Im Vordergrund schweben menschliche Figuren, die als Lageristen vorgestellt werden. Ihr Aufstand erscheint wie ein Zerflie\u00dfen und Zerbr\u00f6seln. Ist ihre Existenz vergeblich?<\/u><\/p>\n\n\n\n<p>Soyon Jung: Nein. So wie die \u00c4sthetik der Ruine in Serien wie \u201eFutur II\u201c oder \u201eAushungern und demoralisieren\u201c nicht Ausdruck einer dystopischen oder kulturpessimistischen Weltsicht sind, sondern ihr Gegenteil. Die Figuren sind zwar auch auf eine Art ruiniert und wirken, als wu\u0308rden sie sich aufl\u00f6sen. Aber sie schweben auch. Fu\u0308r mich ergibt sich daraus eine Z\u00e4rtlichkeit, die sich gegen die Brutalit\u00e4t von Arbeitsbedingungen auflehnt, die man vielleicht aus der Geb\u00e4udelandschaft im Hintergrund und ihren Arbeitsanzu\u0308gen von Amazon, Coopang oder CJ-Logistics herauslesen kann. Beim Animieren dachte ich manchmal an eine Art schwereloses Ballett, dessen Langsamkeit alle Betriebsamkeit aushebeln k\u00f6nnte. Inspiriert zu dem Film hat mich das Gedicht \u201eNebel\u201c von Ki Hyoungdo, in dem er die Schattenseiten der wachsenden koreanischen Wirtschaft der 1980er-Jahre aufgreift. Das Gedicht beschreibt trocken und in wenigen poetischen Details, was damals in Su\u0308dkorea ein verbreitetes Ph\u00e4nomen war: Produktionsstandorte wurden meist in armen l\u00e4ndlichen Regionen errichtet. Oft stand die komplette Dorfbev\u00f6lkerung in einem ausbeuterischen Abh\u00e4ngigkeitsverh\u00e4ltnis zu einer einzigen Fabrik. Bei ihm ist es der Nebel, der sich u\u0308ber das ganze Dorf legt, und einerseits wohl die erdru\u0308ckende Enge der Verh\u00e4ltnisse symbolisiert, aber vielleicht auch etwas, das gr\u00f6\u00dfer ist als diese Verh\u00e4ltnisse und in ihren Gem\u00e4uern heimlich Schimmel wachsen l\u00e4sst. Heute gibt es in Korea nur noch wenige dieser Fabrik-D\u00f6rfer, aber wie in den meisten Gro\u00dfst\u00e4dten dieser Welt gibt es Heerscharen von prek\u00e4r lebenden Arbeitern, oft im Dienstleistungssektor, die ihre Freiheit hintanstellen mu\u0308ssen und nur darauf hoffen k\u00f6nnen, dass diese Verh\u00e4ltnisse Schimmel ansetzen oder ein Aufstand sie niederrei\u00dft.<\/p>\n\n\n\n<p><a href=\"https:\/\/soyonjung.de\/futur_ii.php?20-2022-04-44\" target=\"_blank\" rel=\"noreferrer noopener\">soyonjung.de<\/a><\/p>\n","protected":false},"excerpt":{"rendered":"<p>Lines Fiction: Deine Tiefdrucke aus der Serie &#8222;Futur II&#8220; erinnern beim flu\u0308chtigen Hinsehen an Radierungen mit Motiven der Hochromantik, ein Blick auf menschenleere Landschaften und Ruinen. Nur sind es beim genaueren Hinsehen die Ruinen moderner Headquarter von Amazon und Google, &hellip;<\/p>\n<p class=\"read-more\"> <a class=\"more-link\" href=\"https:\/\/linesfiction.de\/lfd\/lines-fiction-online\/a-l\/soyon-jung\/\"> <span class=\"screen-reader-text\">Soyon Jung<\/span> Weiterlesen &raquo;<\/a><\/p>\n","protected":false},"author":9,"featured_media":0,"parent":501,"menu_order":0,"comment_status":"closed","ping_status":"closed","template":"bg\/content-sidebar-page.php","meta":{"footnotes":""},"class_list":["post-3029","page","type-page","status-publish","hentry"],"yoast_head":"<!-- This site is optimized with the Yoast SEO plugin v27.3 - https:\/\/yoast.com\/product\/yoast-seo-wordpress\/ -->\n<title>Soyon Jung - Lines Fiction \u2605 Zeichnung &amp; Animation \u2605<\/title>\n<meta name=\"robots\" content=\"index, follow, max-snippet:-1, max-image-preview:large, max-video-preview:-1\" \/>\n<link rel=\"canonical\" href=\"https:\/\/linesfiction.de\/lfd\/lines-fiction-online\/a-l\/soyon-jung\/\" \/>\n<meta property=\"og:locale\" content=\"de_DE\" \/>\n<meta property=\"og:type\" content=\"article\" \/>\n<meta property=\"og:title\" content=\"Soyon Jung - Lines Fiction \u2605 Zeichnung &amp; Animation \u2605\" \/>\n<meta property=\"og:description\" content=\"Lines Fiction: Deine Tiefdrucke aus der Serie &#8222;Futur II&#8220; erinnern beim flu\u0308chtigen Hinsehen an Radierungen mit Motiven der Hochromantik, ein Blick auf menschenleere Landschaften und Ruinen. Nur sind es beim genaueren Hinsehen die Ruinen moderner Headquarter von Amazon und Google, &hellip; Soyon Jung Weiterlesen &raquo;\" \/>\n<meta property=\"og:url\" content=\"https:\/\/linesfiction.de\/lfd\/lines-fiction-online\/a-l\/soyon-jung\/\" \/>\n<meta property=\"og:site_name\" content=\"Lines Fiction \u2605 Zeichnung &amp; Animation \u2605\" \/>\n<meta property=\"article:publisher\" content=\"https:\/\/www.facebook.com\/linesfiction\/\" \/>\n<meta property=\"article:modified_time\" content=\"2022-01-20T16:01:37+00:00\" \/>\n<meta name=\"twitter:card\" content=\"summary_large_image\" \/>\n<meta name=\"twitter:site\" content=\"@linesfiction\" \/>\n<meta name=\"twitter:label1\" content=\"Gesch\u00e4tzte Lesezeit\" \/>\n\t<meta name=\"twitter:data1\" content=\"4\u00a0Minuten\" \/>\n<script type=\"application\/ld+json\" class=\"yoast-schema-graph\">{\"@context\":\"https:\\\/\\\/schema.org\",\"@graph\":[{\"@type\":\"WebPage\",\"@id\":\"https:\\\/\\\/linesfiction.de\\\/lfd\\\/lines-fiction-online\\\/a-l\\\/soyon-jung\\\/\",\"url\":\"https:\\\/\\\/linesfiction.de\\\/lfd\\\/lines-fiction-online\\\/a-l\\\/soyon-jung\\\/\",\"name\":\"Soyon Jung - Lines Fiction \u2605 Zeichnung &amp; Animation \u2605\",\"isPartOf\":{\"@id\":\"https:\\\/\\\/linesfiction.de\\\/lfd\\\/#website\"},\"datePublished\":\"2022-01-18T17:21:07+00:00\",\"dateModified\":\"2022-01-20T16:01:37+00:00\",\"breadcrumb\":{\"@id\":\"https:\\\/\\\/linesfiction.de\\\/lfd\\\/lines-fiction-online\\\/a-l\\\/soyon-jung\\\/#breadcrumb\"},\"inLanguage\":\"de\",\"potentialAction\":[{\"@type\":\"ReadAction\",\"target\":[\"https:\\\/\\\/linesfiction.de\\\/lfd\\\/lines-fiction-online\\\/a-l\\\/soyon-jung\\\/\"]}]},{\"@type\":\"BreadcrumbList\",\"@id\":\"https:\\\/\\\/linesfiction.de\\\/lfd\\\/lines-fiction-online\\\/a-l\\\/soyon-jung\\\/#breadcrumb\",\"itemListElement\":[{\"@type\":\"ListItem\",\"position\":1,\"name\":\"Startseite\",\"item\":\"https:\\\/\\\/linesfiction.de\\\/lfd\\\/\"},{\"@type\":\"ListItem\",\"position\":2,\"name\":\"Lines Fiction online\",\"item\":\"https:\\\/\\\/linesfiction.de\\\/lfd\\\/lines-fiction-online\\\/\"},{\"@type\":\"ListItem\",\"position\":3,\"name\":\"A &#8211; L\",\"item\":\"https:\\\/\\\/linesfiction.de\\\/lfd\\\/lines-fiction-online\\\/a-l\\\/\"},{\"@type\":\"ListItem\",\"position\":4,\"name\":\"Soyon Jung\"}]},{\"@type\":\"WebSite\",\"@id\":\"https:\\\/\\\/linesfiction.de\\\/lfd\\\/#website\",\"url\":\"https:\\\/\\\/linesfiction.de\\\/lfd\\\/\",\"name\":\"Lines Fiction - Zeichnung & Animation - Drawing & Animation\",\"description\":\"\",\"publisher\":{\"@id\":\"https:\\\/\\\/linesfiction.de\\\/lfd\\\/#organization\"},\"potentialAction\":[{\"@type\":\"SearchAction\",\"target\":{\"@type\":\"EntryPoint\",\"urlTemplate\":\"https:\\\/\\\/linesfiction.de\\\/lfd\\\/?s={search_term_string}\"},\"query-input\":{\"@type\":\"PropertyValueSpecification\",\"valueRequired\":true,\"valueName\":\"search_term_string\"}}],\"inLanguage\":\"de\"},{\"@type\":\"Organization\",\"@id\":\"https:\\\/\\\/linesfiction.de\\\/lfd\\\/#organization\",\"name\":\"Lines Fiction\",\"url\":\"https:\\\/\\\/linesfiction.de\\\/lfd\\\/\",\"logo\":{\"@type\":\"ImageObject\",\"inLanguage\":\"de\",\"@id\":\"https:\\\/\\\/linesfiction.de\\\/lfd\\\/#\\\/schema\\\/logo\\\/image\\\/\",\"url\":\"https:\\\/\\\/linesfiction.de\\\/lfd\\\/wp-content\\\/uploads\\\/2022\\\/12\\\/linesfiction_logo_instagram.jpg\",\"contentUrl\":\"https:\\\/\\\/linesfiction.de\\\/lfd\\\/wp-content\\\/uploads\\\/2022\\\/12\\\/linesfiction_logo_instagram.jpg\",\"width\":1080,\"height\":1077,\"caption\":\"Lines Fiction\"},\"image\":{\"@id\":\"https:\\\/\\\/linesfiction.de\\\/lfd\\\/#\\\/schema\\\/logo\\\/image\\\/\"},\"sameAs\":[\"https:\\\/\\\/www.facebook.com\\\/linesfiction\\\/\",\"https:\\\/\\\/x.com\\\/linesfiction\",\"https:\\\/\\\/www.instagram.com\\\/linesfiction\\\/\"]}]}<\/script>\n<!-- \/ Yoast SEO plugin. -->","yoast_head_json":{"title":"Soyon Jung - Lines Fiction \u2605 Zeichnung &amp; Animation \u2605","robots":{"index":"index","follow":"follow","max-snippet":"max-snippet:-1","max-image-preview":"max-image-preview:large","max-video-preview":"max-video-preview:-1"},"canonical":"https:\/\/linesfiction.de\/lfd\/lines-fiction-online\/a-l\/soyon-jung\/","og_locale":"de_DE","og_type":"article","og_title":"Soyon Jung - Lines Fiction \u2605 Zeichnung &amp; Animation \u2605","og_description":"Lines Fiction: Deine Tiefdrucke aus der Serie &#8222;Futur II&#8220; erinnern beim flu\u0308chtigen Hinsehen an Radierungen mit Motiven der Hochromantik, ein Blick auf menschenleere Landschaften und Ruinen. Nur sind es beim genaueren Hinsehen die Ruinen moderner Headquarter von Amazon und Google, &hellip; Soyon Jung Weiterlesen &raquo;","og_url":"https:\/\/linesfiction.de\/lfd\/lines-fiction-online\/a-l\/soyon-jung\/","og_site_name":"Lines Fiction \u2605 Zeichnung &amp; Animation \u2605","article_publisher":"https:\/\/www.facebook.com\/linesfiction\/","article_modified_time":"2022-01-20T16:01:37+00:00","twitter_card":"summary_large_image","twitter_site":"@linesfiction","twitter_misc":{"Gesch\u00e4tzte Lesezeit":"4\u00a0Minuten"},"schema":{"@context":"https:\/\/schema.org","@graph":[{"@type":"WebPage","@id":"https:\/\/linesfiction.de\/lfd\/lines-fiction-online\/a-l\/soyon-jung\/","url":"https:\/\/linesfiction.de\/lfd\/lines-fiction-online\/a-l\/soyon-jung\/","name":"Soyon Jung - Lines Fiction \u2605 Zeichnung &amp; Animation \u2605","isPartOf":{"@id":"https:\/\/linesfiction.de\/lfd\/#website"},"datePublished":"2022-01-18T17:21:07+00:00","dateModified":"2022-01-20T16:01:37+00:00","breadcrumb":{"@id":"https:\/\/linesfiction.de\/lfd\/lines-fiction-online\/a-l\/soyon-jung\/#breadcrumb"},"inLanguage":"de","potentialAction":[{"@type":"ReadAction","target":["https:\/\/linesfiction.de\/lfd\/lines-fiction-online\/a-l\/soyon-jung\/"]}]},{"@type":"BreadcrumbList","@id":"https:\/\/linesfiction.de\/lfd\/lines-fiction-online\/a-l\/soyon-jung\/#breadcrumb","itemListElement":[{"@type":"ListItem","position":1,"name":"Startseite","item":"https:\/\/linesfiction.de\/lfd\/"},{"@type":"ListItem","position":2,"name":"Lines Fiction online","item":"https:\/\/linesfiction.de\/lfd\/lines-fiction-online\/"},{"@type":"ListItem","position":3,"name":"A &#8211; L","item":"https:\/\/linesfiction.de\/lfd\/lines-fiction-online\/a-l\/"},{"@type":"ListItem","position":4,"name":"Soyon Jung"}]},{"@type":"WebSite","@id":"https:\/\/linesfiction.de\/lfd\/#website","url":"https:\/\/linesfiction.de\/lfd\/","name":"Lines Fiction - Zeichnung & Animation - Drawing & Animation","description":"","publisher":{"@id":"https:\/\/linesfiction.de\/lfd\/#organization"},"potentialAction":[{"@type":"SearchAction","target":{"@type":"EntryPoint","urlTemplate":"https:\/\/linesfiction.de\/lfd\/?s={search_term_string}"},"query-input":{"@type":"PropertyValueSpecification","valueRequired":true,"valueName":"search_term_string"}}],"inLanguage":"de"},{"@type":"Organization","@id":"https:\/\/linesfiction.de\/lfd\/#organization","name":"Lines Fiction","url":"https:\/\/linesfiction.de\/lfd\/","logo":{"@type":"ImageObject","inLanguage":"de","@id":"https:\/\/linesfiction.de\/lfd\/#\/schema\/logo\/image\/","url":"https:\/\/linesfiction.de\/lfd\/wp-content\/uploads\/2022\/12\/linesfiction_logo_instagram.jpg","contentUrl":"https:\/\/linesfiction.de\/lfd\/wp-content\/uploads\/2022\/12\/linesfiction_logo_instagram.jpg","width":1080,"height":1077,"caption":"Lines Fiction"},"image":{"@id":"https:\/\/linesfiction.de\/lfd\/#\/schema\/logo\/image\/"},"sameAs":["https:\/\/www.facebook.com\/linesfiction\/","https:\/\/x.com\/linesfiction","https:\/\/www.instagram.com\/linesfiction\/"]}]}},"_links":{"self":[{"href":"https:\/\/linesfiction.de\/lfd\/wp-json\/wp\/v2\/pages\/3029","targetHints":{"allow":["GET"]}}],"collection":[{"href":"https:\/\/linesfiction.de\/lfd\/wp-json\/wp\/v2\/pages"}],"about":[{"href":"https:\/\/linesfiction.de\/lfd\/wp-json\/wp\/v2\/types\/page"}],"author":[{"embeddable":true,"href":"https:\/\/linesfiction.de\/lfd\/wp-json\/wp\/v2\/users\/9"}],"replies":[{"embeddable":true,"href":"https:\/\/linesfiction.de\/lfd\/wp-json\/wp\/v2\/comments?post=3029"}],"version-history":[{"count":11,"href":"https:\/\/linesfiction.de\/lfd\/wp-json\/wp\/v2\/pages\/3029\/revisions"}],"predecessor-version":[{"id":3049,"href":"https:\/\/linesfiction.de\/lfd\/wp-json\/wp\/v2\/pages\/3029\/revisions\/3049"}],"up":[{"embeddable":true,"href":"https:\/\/linesfiction.de\/lfd\/wp-json\/wp\/v2\/pages\/501"}],"wp:attachment":[{"href":"https:\/\/linesfiction.de\/lfd\/wp-json\/wp\/v2\/media?parent=3029"}],"curies":[{"name":"wp","href":"https:\/\/api.w.org\/{rel}","templated":true}]}}