{"id":31,"date":"2012-01-02T18:32:00","date_gmt":"2012-01-02T17:32:00","guid":{"rendered":"http:\/\/linesfiction.de\/lf_d\/?page_id=31"},"modified":"2022-12-21T14:39:27","modified_gmt":"2022-12-21T13:39:27","slug":"katrin-stroebel","status":"publish","type":"page","link":"https:\/\/linesfiction.de\/lfd\/lines-fiction-online\/m-z\/katrin-stroebel\/","title":{"rendered":"Katrin Str\u00f6bel"},"content":{"rendered":"<p><u>Lines Fiction: Deine Arbeit ist gepr\u00e4gt von deine Reisen durch und deinem Leben in afrikanischen Staaten wie Marokko. Senegal, Nigeria und S\u00fcdafrika. Du hast sogar begonnen, Arabisch zu lernen. Wie beeinflussen diese Reisen deine Arbeit?<\/u><\/p>\n<p>Katrin Str\u00f6bel: Reisen ist wirklich ein wichtiger Teil meiner Arbeit, denn ich mag es, machmal unter unterschiedlichsten, instabilen und improvisierten Bedingungen zu arbeiten. Ebenso mag ich es, meine Arbeit &#8211; oder besser die visuelle Erscheinungsform meiner Arbeit &#8211; im nicht-westlichen Kontext zu befragen. Darum reise ich sehr viel in Arabien, in Sub-Sahara-Staaten Afrikas und in Lateinamerika. Das ist manchmal riskant, bisweilen m\u00fchsam, aber ich habe in diesen L\u00e4ndern so viel \u00fcber meine Arbeit und meine Kunstpraxis gelernt, wie ich es nie in Europa getan h\u00e4tte! Es stimmt, dass ich mit dem Arabischlernen begonnen habe, bevor ich nach Marokko ging, aber ich spreche und schreibe es kaum. Gut, ich kenne die unterschiedlichen Buchstaben ( sie sehen verschieden aus, je nachdem ob sie am Anfang, in der Mitte oder am Ende des Wortes stehen), ich kann Stra\u00dfenschilder lesen, Werbung , und ich kann nach einem Brot fragen oder einem Kilo Tomaten in der Medina&#8230;<\/p>\n<p><u>Lines Fiction: Hat deine neue F\u00e4higkeit in fremden Mustern zu schreiben deine ganze Arbeit beeinflusst oder wo siehst du den gr\u00f6\u00dften Einfluss auf deine Kunst?<\/u><\/p>\n<p>Katrin Str\u00f6bel: Es ist schwer zu sagen WIE das meine Arbeit beeinflusst, aber es beeinflusst mich definitiv sehr. Ich war immer sehr interessiert an Kalligrafie als einer Schnittstelle zwischen Bild und Schrift. Aber allein die Tatsache eine Schrift zu lernen, die auf ganz anderen Struktur beruht als andere Sprachen, die ich spreche war eine wichtige Erfahrung. Es \u00f6ffnete wirklich meinen Kopf: Eine Sprache mit einer komplett anderen Grammatik, v\u00f6llig ansderen Buchstaben, und vor allem, dass ich lernen musste von rechts nach links zu schreiben war eine Herausforderung, ver\u00e4nderte meine Wahrnehmung und gewiss auch meine Art zu zeichnen. Das wird sehr sichtbar in Zeichnungen aus der Zeit, wie RASM und andere Arbeiten auf Papier. Aber ich denke immernoch nach \u00fcber die visuellen und verbalen Strukturen von Sprache, und wie diese Bedingungen uns pr\u00e4gen, wenn wir uns in Wort und Bild ausdr\u00fccken. Und &#8211; vor diesem Hintergrund &#8211; wie wir mit Kulturellen Codes grunds\u00e4tzlich umgehen. Das erste mit dem ich zurecht kommen musste, wenn ich im sogenannten nicht westlichen Kontext arbeitete war, dass die Wahrnehmung meiner Arbeit oft v\u00f6llig neu war, sie wurde ganz anders &#8222;gelesen&#8220; und in einen anderen kulturellen Kontext eingebettet. Wie ver\u00e4ndern oder beeinflussen diese Kontexte meine Arbeit? Und was ist &#8211; abseis von diesen unterschiedlichen Bedingungen &#8211; der autonome, unver\u00e4nderbare Kern meiner Kunst?<\/p>\n","protected":false},"excerpt":{"rendered":"<p>Lines Fiction: Deine Arbeit ist gepr\u00e4gt von deine Reisen durch und deinem Leben in afrikanischen Staaten wie Marokko. Senegal, Nigeria und S\u00fcdafrika. Du hast sogar begonnen, Arabisch zu lernen. Wie beeinflussen diese Reisen deine Arbeit? Katrin Str\u00f6bel: Reisen ist wirklich &hellip;<\/p>\n<p class=\"read-more\"> <a class=\"more-link\" href=\"https:\/\/linesfiction.de\/lfd\/lines-fiction-online\/m-z\/katrin-stroebel\/\"> <span class=\"screen-reader-text\">Katrin Str\u00f6bel<\/span> Weiterlesen &raquo;<\/a><\/p>\n","protected":false},"author":7,"featured_media":0,"parent":503,"menu_order":0,"comment_status":"closed","ping_status":"closed","template":"content-sidebar-page.php","meta":{"footnotes":""},"class_list":["post-31","page","type-page","status-publish","hentry"],"yoast_head":"<!-- This site is optimized with the Yoast SEO plugin v27.3 - https:\/\/yoast.com\/product\/yoast-seo-wordpress\/ -->\n<title>Katrin Str\u00f6bel - Lines Fiction \u2605 Zeichnung &amp; Animation \u2605<\/title>\n<meta name=\"robots\" content=\"index, follow, max-snippet:-1, max-image-preview:large, max-video-preview:-1\" \/>\n<link rel=\"canonical\" href=\"https:\/\/linesfiction.de\/lfd\/lines-fiction-online\/m-z\/katrin-stroebel\/\" \/>\n<meta property=\"og:locale\" content=\"de_DE\" \/>\n<meta property=\"og:type\" content=\"article\" \/>\n<meta property=\"og:title\" content=\"Katrin Str\u00f6bel - Lines Fiction \u2605 Zeichnung &amp; Animation \u2605\" \/>\n<meta property=\"og:description\" content=\"Lines Fiction: Deine Arbeit ist gepr\u00e4gt von deine Reisen durch und deinem Leben in afrikanischen Staaten wie Marokko. Senegal, Nigeria und S\u00fcdafrika. Du hast sogar begonnen, Arabisch zu lernen. Wie beeinflussen diese Reisen deine Arbeit? Katrin Str\u00f6bel: Reisen ist wirklich &hellip; Katrin Str\u00f6bel Weiterlesen &raquo;\" \/>\n<meta property=\"og:url\" content=\"https:\/\/linesfiction.de\/lfd\/lines-fiction-online\/m-z\/katrin-stroebel\/\" \/>\n<meta property=\"og:site_name\" content=\"Lines Fiction \u2605 Zeichnung &amp; Animation \u2605\" \/>\n<meta property=\"article:publisher\" content=\"https:\/\/www.facebook.com\/linesfiction\/\" \/>\n<meta property=\"article:modified_time\" content=\"2022-12-21T13:39:27+00:00\" \/>\n<meta name=\"twitter:card\" content=\"summary_large_image\" \/>\n<meta name=\"twitter:site\" content=\"@linesfiction\" \/>\n<meta name=\"twitter:label1\" content=\"Gesch\u00e4tzte Lesezeit\" \/>\n\t<meta name=\"twitter:data1\" content=\"2\u00a0Minuten\" \/>\n<script type=\"application\/ld+json\" class=\"yoast-schema-graph\">{\"@context\":\"https:\\\/\\\/schema.org\",\"@graph\":[{\"@type\":\"WebPage\",\"@id\":\"https:\\\/\\\/linesfiction.de\\\/lfd\\\/lines-fiction-online\\\/m-z\\\/katrin-stroebel\\\/\",\"url\":\"https:\\\/\\\/linesfiction.de\\\/lfd\\\/lines-fiction-online\\\/m-z\\\/katrin-stroebel\\\/\",\"name\":\"Katrin Str\u00f6bel - Lines Fiction \u2605 Zeichnung &amp; Animation \u2605\",\"isPartOf\":{\"@id\":\"https:\\\/\\\/linesfiction.de\\\/lfd\\\/#website\"},\"datePublished\":\"2012-01-02T17:32:00+00:00\",\"dateModified\":\"2022-12-21T13:39:27+00:00\",\"breadcrumb\":{\"@id\":\"https:\\\/\\\/linesfiction.de\\\/lfd\\\/lines-fiction-online\\\/m-z\\\/katrin-stroebel\\\/#breadcrumb\"},\"inLanguage\":\"de\",\"potentialAction\":[{\"@type\":\"ReadAction\",\"target\":[\"https:\\\/\\\/linesfiction.de\\\/lfd\\\/lines-fiction-online\\\/m-z\\\/katrin-stroebel\\\/\"]}]},{\"@type\":\"BreadcrumbList\",\"@id\":\"https:\\\/\\\/linesfiction.de\\\/lfd\\\/lines-fiction-online\\\/m-z\\\/katrin-stroebel\\\/#breadcrumb\",\"itemListElement\":[{\"@type\":\"ListItem\",\"position\":1,\"name\":\"Startseite\",\"item\":\"https:\\\/\\\/linesfiction.de\\\/lfd\\\/\"},{\"@type\":\"ListItem\",\"position\":2,\"name\":\"Lines Fiction online\",\"item\":\"https:\\\/\\\/linesfiction.de\\\/lfd\\\/lines-fiction-online\\\/\"},{\"@type\":\"ListItem\",\"position\":3,\"name\":\"M &#8211; Z\",\"item\":\"https:\\\/\\\/linesfiction.de\\\/lfd\\\/lines-fiction-online\\\/m-z\\\/\"},{\"@type\":\"ListItem\",\"position\":4,\"name\":\"Katrin Str\u00f6bel\"}]},{\"@type\":\"WebSite\",\"@id\":\"https:\\\/\\\/linesfiction.de\\\/lfd\\\/#website\",\"url\":\"https:\\\/\\\/linesfiction.de\\\/lfd\\\/\",\"name\":\"Lines Fiction - Zeichnung & Animation - Drawing & Animation\",\"description\":\"\",\"publisher\":{\"@id\":\"https:\\\/\\\/linesfiction.de\\\/lfd\\\/#organization\"},\"potentialAction\":[{\"@type\":\"SearchAction\",\"target\":{\"@type\":\"EntryPoint\",\"urlTemplate\":\"https:\\\/\\\/linesfiction.de\\\/lfd\\\/?s={search_term_string}\"},\"query-input\":{\"@type\":\"PropertyValueSpecification\",\"valueRequired\":true,\"valueName\":\"search_term_string\"}}],\"inLanguage\":\"de\"},{\"@type\":\"Organization\",\"@id\":\"https:\\\/\\\/linesfiction.de\\\/lfd\\\/#organization\",\"name\":\"Lines Fiction\",\"url\":\"https:\\\/\\\/linesfiction.de\\\/lfd\\\/\",\"logo\":{\"@type\":\"ImageObject\",\"inLanguage\":\"de\",\"@id\":\"https:\\\/\\\/linesfiction.de\\\/lfd\\\/#\\\/schema\\\/logo\\\/image\\\/\",\"url\":\"https:\\\/\\\/linesfiction.de\\\/lfd\\\/wp-content\\\/uploads\\\/2022\\\/12\\\/linesfiction_logo_instagram.jpg\",\"contentUrl\":\"https:\\\/\\\/linesfiction.de\\\/lfd\\\/wp-content\\\/uploads\\\/2022\\\/12\\\/linesfiction_logo_instagram.jpg\",\"width\":1080,\"height\":1077,\"caption\":\"Lines Fiction\"},\"image\":{\"@id\":\"https:\\\/\\\/linesfiction.de\\\/lfd\\\/#\\\/schema\\\/logo\\\/image\\\/\"},\"sameAs\":[\"https:\\\/\\\/www.facebook.com\\\/linesfiction\\\/\",\"https:\\\/\\\/x.com\\\/linesfiction\",\"https:\\\/\\\/www.instagram.com\\\/linesfiction\\\/\"]}]}<\/script>\n<!-- \/ Yoast SEO plugin. -->","yoast_head_json":{"title":"Katrin Str\u00f6bel - Lines Fiction \u2605 Zeichnung &amp; Animation \u2605","robots":{"index":"index","follow":"follow","max-snippet":"max-snippet:-1","max-image-preview":"max-image-preview:large","max-video-preview":"max-video-preview:-1"},"canonical":"https:\/\/linesfiction.de\/lfd\/lines-fiction-online\/m-z\/katrin-stroebel\/","og_locale":"de_DE","og_type":"article","og_title":"Katrin Str\u00f6bel - Lines Fiction \u2605 Zeichnung &amp; Animation \u2605","og_description":"Lines Fiction: Deine Arbeit ist gepr\u00e4gt von deine Reisen durch und deinem Leben in afrikanischen Staaten wie Marokko. Senegal, Nigeria und S\u00fcdafrika. Du hast sogar begonnen, Arabisch zu lernen. Wie beeinflussen diese Reisen deine Arbeit? Katrin Str\u00f6bel: Reisen ist wirklich &hellip; Katrin Str\u00f6bel Weiterlesen &raquo;","og_url":"https:\/\/linesfiction.de\/lfd\/lines-fiction-online\/m-z\/katrin-stroebel\/","og_site_name":"Lines Fiction \u2605 Zeichnung &amp; Animation \u2605","article_publisher":"https:\/\/www.facebook.com\/linesfiction\/","article_modified_time":"2022-12-21T13:39:27+00:00","twitter_card":"summary_large_image","twitter_site":"@linesfiction","twitter_misc":{"Gesch\u00e4tzte Lesezeit":"2\u00a0Minuten"},"schema":{"@context":"https:\/\/schema.org","@graph":[{"@type":"WebPage","@id":"https:\/\/linesfiction.de\/lfd\/lines-fiction-online\/m-z\/katrin-stroebel\/","url":"https:\/\/linesfiction.de\/lfd\/lines-fiction-online\/m-z\/katrin-stroebel\/","name":"Katrin Str\u00f6bel - Lines Fiction \u2605 Zeichnung &amp; Animation \u2605","isPartOf":{"@id":"https:\/\/linesfiction.de\/lfd\/#website"},"datePublished":"2012-01-02T17:32:00+00:00","dateModified":"2022-12-21T13:39:27+00:00","breadcrumb":{"@id":"https:\/\/linesfiction.de\/lfd\/lines-fiction-online\/m-z\/katrin-stroebel\/#breadcrumb"},"inLanguage":"de","potentialAction":[{"@type":"ReadAction","target":["https:\/\/linesfiction.de\/lfd\/lines-fiction-online\/m-z\/katrin-stroebel\/"]}]},{"@type":"BreadcrumbList","@id":"https:\/\/linesfiction.de\/lfd\/lines-fiction-online\/m-z\/katrin-stroebel\/#breadcrumb","itemListElement":[{"@type":"ListItem","position":1,"name":"Startseite","item":"https:\/\/linesfiction.de\/lfd\/"},{"@type":"ListItem","position":2,"name":"Lines Fiction online","item":"https:\/\/linesfiction.de\/lfd\/lines-fiction-online\/"},{"@type":"ListItem","position":3,"name":"M &#8211; Z","item":"https:\/\/linesfiction.de\/lfd\/lines-fiction-online\/m-z\/"},{"@type":"ListItem","position":4,"name":"Katrin Str\u00f6bel"}]},{"@type":"WebSite","@id":"https:\/\/linesfiction.de\/lfd\/#website","url":"https:\/\/linesfiction.de\/lfd\/","name":"Lines Fiction - Zeichnung & Animation - Drawing & Animation","description":"","publisher":{"@id":"https:\/\/linesfiction.de\/lfd\/#organization"},"potentialAction":[{"@type":"SearchAction","target":{"@type":"EntryPoint","urlTemplate":"https:\/\/linesfiction.de\/lfd\/?s={search_term_string}"},"query-input":{"@type":"PropertyValueSpecification","valueRequired":true,"valueName":"search_term_string"}}],"inLanguage":"de"},{"@type":"Organization","@id":"https:\/\/linesfiction.de\/lfd\/#organization","name":"Lines Fiction","url":"https:\/\/linesfiction.de\/lfd\/","logo":{"@type":"ImageObject","inLanguage":"de","@id":"https:\/\/linesfiction.de\/lfd\/#\/schema\/logo\/image\/","url":"https:\/\/linesfiction.de\/lfd\/wp-content\/uploads\/2022\/12\/linesfiction_logo_instagram.jpg","contentUrl":"https:\/\/linesfiction.de\/lfd\/wp-content\/uploads\/2022\/12\/linesfiction_logo_instagram.jpg","width":1080,"height":1077,"caption":"Lines Fiction"},"image":{"@id":"https:\/\/linesfiction.de\/lfd\/#\/schema\/logo\/image\/"},"sameAs":["https:\/\/www.facebook.com\/linesfiction\/","https:\/\/x.com\/linesfiction","https:\/\/www.instagram.com\/linesfiction\/"]}]}},"_links":{"self":[{"href":"https:\/\/linesfiction.de\/lfd\/wp-json\/wp\/v2\/pages\/31","targetHints":{"allow":["GET"]}}],"collection":[{"href":"https:\/\/linesfiction.de\/lfd\/wp-json\/wp\/v2\/pages"}],"about":[{"href":"https:\/\/linesfiction.de\/lfd\/wp-json\/wp\/v2\/types\/page"}],"author":[{"embeddable":true,"href":"https:\/\/linesfiction.de\/lfd\/wp-json\/wp\/v2\/users\/7"}],"replies":[{"embeddable":true,"href":"https:\/\/linesfiction.de\/lfd\/wp-json\/wp\/v2\/comments?post=31"}],"version-history":[{"count":10,"href":"https:\/\/linesfiction.de\/lfd\/wp-json\/wp\/v2\/pages\/31\/revisions"}],"predecessor-version":[{"id":3163,"href":"https:\/\/linesfiction.de\/lfd\/wp-json\/wp\/v2\/pages\/31\/revisions\/3163"}],"up":[{"embeddable":true,"href":"https:\/\/linesfiction.de\/lfd\/wp-json\/wp\/v2\/pages\/503"}],"wp:attachment":[{"href":"https:\/\/linesfiction.de\/lfd\/wp-json\/wp\/v2\/media?parent=31"}],"curies":[{"name":"wp","href":"https:\/\/api.w.org\/{rel}","templated":true}]}}