{"id":3292,"date":"2023-03-04T18:49:28","date_gmt":"2023-03-04T17:49:28","guid":{"rendered":"https:\/\/linesfiction.de\/lfd\/?page_id=3292"},"modified":"2023-09-04T11:30:31","modified_gmt":"2023-09-04T10:30:31","slug":"aline-helmcke","status":"publish","type":"page","link":"https:\/\/linesfiction.de\/lfd\/roots-networks\/aline-helmcke\/","title":{"rendered":"Aline Helmcke"},"content":{"rendered":"\n<h2 class=\"wp-block-heading\">Aline Helmcke \u00fcber motion-drawing<\/h2>\n\n\n\n<p><a href=\"http:\/\/motion-drawing.com\/de\/\" target=\"_blank\" rel=\"noreferrer noopener\">motion-drawing.com<\/a><\/p>\n\n\n\n<p><em>Lines Fiction:<\/em> <em>Aline, du bist seit langer Zeit schon Teil des Projekts Lines Fiction, in einem Interview hast du deine Arbeitsweise auf dieser Website vorgestellt und warst auch 2017 bei der Ausstellung Lines Fiction im Rahmen der Ausstellung Zeichenr\u00e4ume II in der Kunsthalle Hamburg dabei.<\/em> <em>Jetzt hast du, zu unser aller gro\u00dfen Freude, auch ein Projekt \u00fcber motion-drawing im Netz vorgestellt:&nbsp;<\/em><strong>&nbsp;<\/strong><br><em>Dein Projekt tr\u00e4gt die Zeichnung schon im Titel, du stellst demnach k\u00fcnstlerische Ans\u00e4tze vor, die explizit die Handzeichnung ins bewegte Bild \u00fcbersetzen<\/em><strong>?<\/strong><\/p>\n\n\n\n<p><strong>Aline Helmcke<\/strong> Ja das stimmt Bettina, ich interessiere mich schon seit langem daf\u00fcr, wie Zeichnerinnen und Zeichner sich dem Bewegtbild n\u00e4hern, also ihre Zeichnungen in Film \u00fcbersetzen. Dabei kann es sich sowohl um handgezeichnete analoge wie auch digitale Zeichnungen handeln, um das Arbeiten ohne, mit oder auf Papier, aber auch um programmierte Linien \u2013 das h\u00e4ngt ganz von der jeweiligen k\u00fcnstlerischen Herangehensweise ab. Die interessiert mich, denn sie ist bei vielen Autorenfilmemacher*innen der Startpunkt, aus dem heraus sie ihre Filmideen und eigenen Strategien f\u00fcr das Animieren entwickeln. Ein weiterer Aspekt, den ich untersuche ist, in welchem Verh\u00e4ltnis die bewegte Zeichnung zur Dramaturgie des Films steht. Denn in den gezeichneten Filmen, die mich interessieren, ist die Zeichnung kein rein \u00e4sthetisches Mittel. Sie gestaltet den Verlauf des Films aktiv mit. Es gibt also einen Bezug zwischen dem Zeichenprozess und dem narrativen Kern eines Films, und das schaue ich mir genauer an. Ein wichtiges Werkzeug dabei sind die Interviews mit den K\u00fcnstler*innen, die ich auf meinem Blog vorstelle. Ihre Art des Filme-Machens scheint sich in mancherlei Hinsicht von Produktionsabl\u00e4ufen zu unterscheiden, wie sie f\u00fcr gro\u00dfe Zeichentrickfilmproduktionen (z.B. Kinofilme oder Serien) charakteristisch sind. Aber es lohnt sich genauer hinzuschauen, denn sowohl gezeichnete Autorenfilme als auch kommerzielle Trickfilmproduktionen sind nicht immer gleich strukturiert.<\/p>\n\n\n\n<p><em>Lines Fiction: Du selbst hast in London am Royal College of Art Animation studiert und dann lange an der Bauhaus-Universit\u00e4t in Weimar experimentelle Animation im Studiengang Medienkunst\/Mediengestaltung gelehrt. Vermisst du in der Kunstwelt die akademische Auseinandersetzung mit dem zeitgen\u00f6ssischen Zeichentrickfilm?<\/em><\/p>\n\n\n\n<p><strong>Aline Helmcke<\/strong> Ja, da gibt es meiner Ansicht nach einen blinden Fleck, insbesondere im deutschsprachigen Raum. Wenn das Wort &#8222;Animation&#8220; oder &#8222;Zeichentrick&#8220; f\u00e4llt, haben viele, selbst im akademischen Feld, nach wie vor bestimmte Bilder oder einen ganz bestimmten Zeichenstil im Kopf. Andere wiederum w\u00fcrden k\u00fcnstlerische Zeichenfilme nicht als Animationen beschreiben, wenn diese nicht das Ziel verfolgen, Bewegungsillusionen zu schaffen. Es ist erstaunlich, wie wenig Aufmerksamkeit es in der Kunstwelt und im akademischen Bereich gegen\u00fcber gezeichneten Filmen gibt. Das gilt insbesondere f\u00fcr die experimentelle bewegte Zeichnung, aber auch allgemein f\u00fcr den zeitgen\u00f6ssischen Zeichentrick als Forschungsgegenstand.<\/p>\n\n\n\n<p><em>Lines Fiction: Stimmt! Als Forschungsgegenstand und in \u00f6ffentlichen Sammlungen. Obwohl das bewegte Bild im 21. Jahrhundert in allen Alltagsmedien zum Standard wird, ist der Zeichentrick als Erweiterung der Zeichnung in kaum einem Kupferstichkabinett der Museen vertreten. Beim Thema Zeichnung geht es immernoch fast ausschlie\u00dflich um Papier, obwohl der k\u00fcnstlerische Animationsfilm eine \u00fcber hundertj\u00e4hrige Geschichte hat. Das ist wirklich eine Leerstelle.<\/em><br><em>Neben Interviews finden sich auf deinem Blog auch Essays zu k\u00fcnstlerischen Positionen<\/em> &#8211;<\/p>\n\n\n\n<p><strong>Aline Helmcke<\/strong> Die Interviews mit den K\u00fcnstler*innen sind ein wichtiger Bestandteil des Blogs, und in dieser Hinsicht gibt es \u00dcberschneidungen mit anderen Plattformen wie linesfiction oder auch Edwin Rostron\u2019s Edge of Frame, ein weiterer Blog \u00fcber experimentelle Animation, von dem ich ein gro\u00dfer Fan bin. Dar\u00fcber hinaus stelle ich Essays ein, in denen ich auf die besondere Wirkungsweise der Filme eingehe. Und schlie\u00dflich gibt es weitere Rubriken wie das Artist Directory und Veranstaltungshinweise zu Ausstellungen, Filmscreenings und Konferenzen, die in dem thematischen Zusammenhang interessant sind. Erg\u00e4nzt werden diese seit kurzem von eigens kuratierten Filmscreenings und Veranstaltungen, an denen ich mit Beitr\u00e4gen beteiligt bin \u2013 wie zuletzt die Konferenz der AG Animation \u201eDimensions in Animation\u201c in Luzern oder die Filmabende \u201eZeichnung in Bewegung\u201c im \/tmp in Minden, wo linesfiction und motion-drawing das erste Mal zusammen in Erscheinung getreten sind.<\/p>\n\n\n\n<p><em>Lines Fiction: Und im Netzwerk um die k\u00fcnstlerischen Animationen selbst, hast du da W\u00fcnsche und Visionen?<\/em><\/p>\n\n\n\n<p><strong>Aline Helmcke<\/strong> Es ist eine echte Bereicherung, die K\u00fcnstler*innen und ihre Arbeiten zusammen mit meinen Entdeckungen und Beobachtungen in diesem thematischen Feld vorstellen zu k\u00f6nnen \u2013 obwohl ich mich selbst nach wie vor mehr als K\u00fcnstlerin denn als Kuratorin oder gar Akademikerin sehe. Das Sch\u00f6nste ist zu merken, dass es ein Interesse f\u00fcr diese Filme gibt und dass die Filmemacher*innen meinen Ideen gegen\u00fcber aufgeschlossen sind. Eine Motivation neben der Weiterf\u00fchrung des Blogs ist also: offline gehen und die Filme auf der Leinwand zeigen, denn da geh\u00f6ren sie hin! In Kinos und an Orte der Kunst. Ich h\u00e4tte Lust, zusammen mit weiteren Kolleg*innen Veranstaltungsformate zu planen, die alleine vielleicht nicht so einfach zu stemmen sind. Also: mal schauen und \u2013 wer wei\u00df, was noch passiert!<\/p>\n\n\n\n<p><em>Lines Fiction: und f\u00fcr alle, die mehr von deinem immer wieder neuen Projekt mehr erfahren und im Blog auf deiner Website st\u00f6bern wollen, <br>hier ist der Link:<\/em><\/p>\n\n\n\n<p><a href=\"http:\/\/motion-drawing.com\/de\/\" target=\"_blank\" rel=\"noreferrer noopener\"><strong>motion-drawing.com<\/strong><\/a><\/p>\n","protected":false},"excerpt":{"rendered":"<p>Aline Helmcke \u00fcber motion-drawing motion-drawing.com Lines Fiction: Aline, du bist seit langer Zeit schon Teil des Projekts Lines Fiction, in einem Interview hast du deine Arbeitsweise auf dieser Website vorgestellt und warst auch 2017 bei der Ausstellung Lines Fiction im &hellip;<\/p>\n<p class=\"read-more\"> <a class=\"more-link\" href=\"https:\/\/linesfiction.de\/lfd\/roots-networks\/aline-helmcke\/\"> <span class=\"screen-reader-text\">Aline Helmcke<\/span> Weiterlesen &raquo;<\/a><\/p>\n","protected":false},"author":9,"featured_media":0,"parent":2823,"menu_order":0,"comment_status":"closed","ping_status":"closed","template":"bg\/full-width-page.php","meta":{"footnotes":""},"class_list":["post-3292","page","type-page","status-publish","hentry"],"yoast_head":"<!-- This site is optimized with the Yoast SEO plugin v27.4 - https:\/\/yoast.com\/product\/yoast-seo-wordpress\/ -->\n<title>Aline Helmcke - Lines Fiction \u2605 Zeichnung &amp; Animation \u2605<\/title>\n<meta name=\"description\" content=\"wie n\u00e4hern sich Zeichnerinnen und Zeichner dem Bewegtbild, und wie bilden sie Blogs und Netzwerke, um an die \u00d6ffentlichkeit zu treten.\" \/>\n<meta name=\"robots\" content=\"index, follow, max-snippet:-1, max-image-preview:large, max-video-preview:-1\" \/>\n<link rel=\"canonical\" href=\"https:\/\/linesfiction.de\/lfd\/roots-networks\/aline-helmcke\/\" \/>\n<meta property=\"og:locale\" content=\"de_DE\" \/>\n<meta property=\"og:type\" content=\"article\" \/>\n<meta property=\"og:title\" content=\"Aline Helmcke - Lines Fiction \u2605 Zeichnung &amp; Animation \u2605\" \/>\n<meta property=\"og:description\" content=\"wie n\u00e4hern sich Zeichnerinnen und Zeichner dem Bewegtbild, und wie bilden sie Blogs und Netzwerke, um an die \u00d6ffentlichkeit zu treten.\" \/>\n<meta property=\"og:url\" content=\"https:\/\/linesfiction.de\/lfd\/roots-networks\/aline-helmcke\/\" \/>\n<meta property=\"og:site_name\" content=\"Lines Fiction \u2605 Zeichnung &amp; Animation \u2605\" \/>\n<meta property=\"article:publisher\" content=\"https:\/\/www.facebook.com\/linesfiction\/\" \/>\n<meta property=\"article:modified_time\" content=\"2023-09-04T10:30:31+00:00\" \/>\n<meta name=\"twitter:card\" content=\"summary_large_image\" \/>\n<meta name=\"twitter:site\" content=\"@linesfiction\" \/>\n<meta name=\"twitter:label1\" content=\"Gesch\u00e4tzte Lesezeit\" \/>\n\t<meta name=\"twitter:data1\" content=\"5\u00a0Minuten\" \/>\n<script type=\"application\/ld+json\" class=\"yoast-schema-graph\">{\"@context\":\"https:\\\/\\\/schema.org\",\"@graph\":[{\"@type\":\"WebPage\",\"@id\":\"https:\\\/\\\/linesfiction.de\\\/lfd\\\/roots-networks\\\/aline-helmcke\\\/\",\"url\":\"https:\\\/\\\/linesfiction.de\\\/lfd\\\/roots-networks\\\/aline-helmcke\\\/\",\"name\":\"Aline Helmcke - Lines Fiction \u2605 Zeichnung &amp; Animation \u2605\",\"isPartOf\":{\"@id\":\"https:\\\/\\\/linesfiction.de\\\/lfd\\\/#website\"},\"datePublished\":\"2023-03-04T17:49:28+00:00\",\"dateModified\":\"2023-09-04T10:30:31+00:00\",\"description\":\"wie n\u00e4hern sich Zeichnerinnen und Zeichner dem Bewegtbild, und wie bilden sie Blogs und Netzwerke, um an die \u00d6ffentlichkeit zu treten.\",\"breadcrumb\":{\"@id\":\"https:\\\/\\\/linesfiction.de\\\/lfd\\\/roots-networks\\\/aline-helmcke\\\/#breadcrumb\"},\"inLanguage\":\"de\",\"potentialAction\":[{\"@type\":\"ReadAction\",\"target\":[\"https:\\\/\\\/linesfiction.de\\\/lfd\\\/roots-networks\\\/aline-helmcke\\\/\"]}]},{\"@type\":\"BreadcrumbList\",\"@id\":\"https:\\\/\\\/linesfiction.de\\\/lfd\\\/roots-networks\\\/aline-helmcke\\\/#breadcrumb\",\"itemListElement\":[{\"@type\":\"ListItem\",\"position\":1,\"name\":\"Startseite\",\"item\":\"https:\\\/\\\/linesfiction.de\\\/lfd\\\/\"},{\"@type\":\"ListItem\",\"position\":2,\"name\":\"Roots &#038; Networks\",\"item\":\"https:\\\/\\\/linesfiction.de\\\/lfd\\\/roots-networks\\\/\"},{\"@type\":\"ListItem\",\"position\":3,\"name\":\"Aline Helmcke\"}]},{\"@type\":\"WebSite\",\"@id\":\"https:\\\/\\\/linesfiction.de\\\/lfd\\\/#website\",\"url\":\"https:\\\/\\\/linesfiction.de\\\/lfd\\\/\",\"name\":\"Lines Fiction - Zeichnung & Animation - Drawing & Animation\",\"description\":\"\",\"publisher\":{\"@id\":\"https:\\\/\\\/linesfiction.de\\\/lfd\\\/#organization\"},\"potentialAction\":[{\"@type\":\"SearchAction\",\"target\":{\"@type\":\"EntryPoint\",\"urlTemplate\":\"https:\\\/\\\/linesfiction.de\\\/lfd\\\/?s={search_term_string}\"},\"query-input\":{\"@type\":\"PropertyValueSpecification\",\"valueRequired\":true,\"valueName\":\"search_term_string\"}}],\"inLanguage\":\"de\"},{\"@type\":\"Organization\",\"@id\":\"https:\\\/\\\/linesfiction.de\\\/lfd\\\/#organization\",\"name\":\"Lines Fiction\",\"url\":\"https:\\\/\\\/linesfiction.de\\\/lfd\\\/\",\"logo\":{\"@type\":\"ImageObject\",\"inLanguage\":\"de\",\"@id\":\"https:\\\/\\\/linesfiction.de\\\/lfd\\\/#\\\/schema\\\/logo\\\/image\\\/\",\"url\":\"https:\\\/\\\/linesfiction.de\\\/lfd\\\/wp-content\\\/uploads\\\/2022\\\/12\\\/linesfiction_logo_instagram.jpg\",\"contentUrl\":\"https:\\\/\\\/linesfiction.de\\\/lfd\\\/wp-content\\\/uploads\\\/2022\\\/12\\\/linesfiction_logo_instagram.jpg\",\"width\":1080,\"height\":1077,\"caption\":\"Lines Fiction\"},\"image\":{\"@id\":\"https:\\\/\\\/linesfiction.de\\\/lfd\\\/#\\\/schema\\\/logo\\\/image\\\/\"},\"sameAs\":[\"https:\\\/\\\/www.facebook.com\\\/linesfiction\\\/\",\"https:\\\/\\\/x.com\\\/linesfiction\",\"https:\\\/\\\/www.instagram.com\\\/linesfiction\\\/\"]}]}<\/script>\n<!-- \/ Yoast SEO plugin. -->","yoast_head_json":{"title":"Aline Helmcke - Lines Fiction \u2605 Zeichnung &amp; Animation \u2605","description":"wie n\u00e4hern sich Zeichnerinnen und Zeichner dem Bewegtbild, und wie bilden sie Blogs und Netzwerke, um an die \u00d6ffentlichkeit zu treten.","robots":{"index":"index","follow":"follow","max-snippet":"max-snippet:-1","max-image-preview":"max-image-preview:large","max-video-preview":"max-video-preview:-1"},"canonical":"https:\/\/linesfiction.de\/lfd\/roots-networks\/aline-helmcke\/","og_locale":"de_DE","og_type":"article","og_title":"Aline Helmcke - Lines Fiction \u2605 Zeichnung &amp; Animation \u2605","og_description":"wie n\u00e4hern sich Zeichnerinnen und Zeichner dem Bewegtbild, und wie bilden sie Blogs und Netzwerke, um an die \u00d6ffentlichkeit zu treten.","og_url":"https:\/\/linesfiction.de\/lfd\/roots-networks\/aline-helmcke\/","og_site_name":"Lines Fiction \u2605 Zeichnung &amp; Animation \u2605","article_publisher":"https:\/\/www.facebook.com\/linesfiction\/","article_modified_time":"2023-09-04T10:30:31+00:00","twitter_card":"summary_large_image","twitter_site":"@linesfiction","twitter_misc":{"Gesch\u00e4tzte Lesezeit":"5\u00a0Minuten"},"schema":{"@context":"https:\/\/schema.org","@graph":[{"@type":"WebPage","@id":"https:\/\/linesfiction.de\/lfd\/roots-networks\/aline-helmcke\/","url":"https:\/\/linesfiction.de\/lfd\/roots-networks\/aline-helmcke\/","name":"Aline Helmcke - Lines Fiction \u2605 Zeichnung &amp; Animation \u2605","isPartOf":{"@id":"https:\/\/linesfiction.de\/lfd\/#website"},"datePublished":"2023-03-04T17:49:28+00:00","dateModified":"2023-09-04T10:30:31+00:00","description":"wie n\u00e4hern sich Zeichnerinnen und Zeichner dem Bewegtbild, und wie bilden sie Blogs und Netzwerke, um an die \u00d6ffentlichkeit zu treten.","breadcrumb":{"@id":"https:\/\/linesfiction.de\/lfd\/roots-networks\/aline-helmcke\/#breadcrumb"},"inLanguage":"de","potentialAction":[{"@type":"ReadAction","target":["https:\/\/linesfiction.de\/lfd\/roots-networks\/aline-helmcke\/"]}]},{"@type":"BreadcrumbList","@id":"https:\/\/linesfiction.de\/lfd\/roots-networks\/aline-helmcke\/#breadcrumb","itemListElement":[{"@type":"ListItem","position":1,"name":"Startseite","item":"https:\/\/linesfiction.de\/lfd\/"},{"@type":"ListItem","position":2,"name":"Roots &#038; Networks","item":"https:\/\/linesfiction.de\/lfd\/roots-networks\/"},{"@type":"ListItem","position":3,"name":"Aline Helmcke"}]},{"@type":"WebSite","@id":"https:\/\/linesfiction.de\/lfd\/#website","url":"https:\/\/linesfiction.de\/lfd\/","name":"Lines Fiction - Zeichnung & Animation - Drawing & Animation","description":"","publisher":{"@id":"https:\/\/linesfiction.de\/lfd\/#organization"},"potentialAction":[{"@type":"SearchAction","target":{"@type":"EntryPoint","urlTemplate":"https:\/\/linesfiction.de\/lfd\/?s={search_term_string}"},"query-input":{"@type":"PropertyValueSpecification","valueRequired":true,"valueName":"search_term_string"}}],"inLanguage":"de"},{"@type":"Organization","@id":"https:\/\/linesfiction.de\/lfd\/#organization","name":"Lines Fiction","url":"https:\/\/linesfiction.de\/lfd\/","logo":{"@type":"ImageObject","inLanguage":"de","@id":"https:\/\/linesfiction.de\/lfd\/#\/schema\/logo\/image\/","url":"https:\/\/linesfiction.de\/lfd\/wp-content\/uploads\/2022\/12\/linesfiction_logo_instagram.jpg","contentUrl":"https:\/\/linesfiction.de\/lfd\/wp-content\/uploads\/2022\/12\/linesfiction_logo_instagram.jpg","width":1080,"height":1077,"caption":"Lines Fiction"},"image":{"@id":"https:\/\/linesfiction.de\/lfd\/#\/schema\/logo\/image\/"},"sameAs":["https:\/\/www.facebook.com\/linesfiction\/","https:\/\/x.com\/linesfiction","https:\/\/www.instagram.com\/linesfiction\/"]}]}},"_links":{"self":[{"href":"https:\/\/linesfiction.de\/lfd\/wp-json\/wp\/v2\/pages\/3292","targetHints":{"allow":["GET"]}}],"collection":[{"href":"https:\/\/linesfiction.de\/lfd\/wp-json\/wp\/v2\/pages"}],"about":[{"href":"https:\/\/linesfiction.de\/lfd\/wp-json\/wp\/v2\/types\/page"}],"author":[{"embeddable":true,"href":"https:\/\/linesfiction.de\/lfd\/wp-json\/wp\/v2\/users\/9"}],"replies":[{"embeddable":true,"href":"https:\/\/linesfiction.de\/lfd\/wp-json\/wp\/v2\/comments?post=3292"}],"version-history":[{"count":43,"href":"https:\/\/linesfiction.de\/lfd\/wp-json\/wp\/v2\/pages\/3292\/revisions"}],"predecessor-version":[{"id":3521,"href":"https:\/\/linesfiction.de\/lfd\/wp-json\/wp\/v2\/pages\/3292\/revisions\/3521"}],"up":[{"embeddable":true,"href":"https:\/\/linesfiction.de\/lfd\/wp-json\/wp\/v2\/pages\/2823"}],"wp:attachment":[{"href":"https:\/\/linesfiction.de\/lfd\/wp-json\/wp\/v2\/media?parent=3292"}],"curies":[{"name":"wp","href":"https:\/\/api.w.org\/{rel}","templated":true}]}}