{"id":33,"date":"2012-01-02T18:32:30","date_gmt":"2012-01-02T17:32:30","guid":{"rendered":"http:\/\/linesfiction.de\/lf_d\/?page_id=33"},"modified":"2022-12-21T14:31:05","modified_gmt":"2022-12-21T13:31:05","slug":"simon-faithfull","status":"publish","type":"page","link":"https:\/\/linesfiction.de\/lfd\/lines-fiction-online\/a-l\/simon-faithfull\/","title":{"rendered":"Simon Faithfull"},"content":{"rendered":"<p><u>Lines Fiction: Deine Zeichnungen k\u00f6nnen vordergr\u00fcndig als Reisenotizen beschrieben werden. 2004\/2005 w\u00e4hrend deiner Reise von 49 Tagen in der Antarktik hast du jeden Tag eine Zeichnung nach Hause geschickt und in 3000 mailboxen verteilt. Du benutzt nicht Bleistift und Papier f\u00fcr deine Zeichnungen sondern nimmst die neuen M\u00f6glichkeiten von Palm Pilot uhnd iPhone wahr und zeichnest in Pixeln. Wie kam es dazu?<\/u><\/p>\n<p>Simon Faithfull: ich war immer ein manischer Zeichner, aber irgendwann begann mich die Obsession mit dem &#8218;authentischen&#8216; Strich auf Papier zu frustrieren. Ich war mehr interessiert daran, die Welt als ein Set von Linien festzuhalten (oder jedenfalls meine subjektive Antwort auf die Welt), und der Fetisch-Charakter des Kunstobjekts, hochgehalten durch die Welt der Kunst, stand dem nur im Wege.<\/p>\n<p>Ich begann, mit der Maus und dem Computer simple Diagramme und Entw\u00fcrfe f\u00fcr verschiedene Projekte zu machen. Obwohl ich den Computer wie ein primitives Zeichnungswerkzeug benutzte kam ich meiner Idee des Zeichnens um des Zeichnens willen wieder n\u00e4her. Das Problem hierbei war jetzt nur, dass ich auf einen Desktop Computer angewiesen war. Eines Tages beobachtete ich einen Gesch\u00e4ftsmann mit seinem Palm Pilot (dem Vorl\u00e4ufer des Smart Phones). Er machte ein kleines Diagramm als Notiz und es schien, als ob ich damit ein simples digitales Zeichenbuch haben k\u00f6nnte, das mir erlauben w\u00fcrde, einfache Beobachtungsskizzen zu machen, w\u00e4hrend ich durch die Welt zog.<\/p>\n<p>In New York habe ich gezeichnet w\u00e4hrend ich ein Stipendium mit Studio oben im World Trade Center hatte und mir kam die Idee, dass ich anstatt alles auszudrucken die Zeichnungen besser via Email verschicken k\u00f6nnte. Diese Zeichnungen wurden also gradlinig hinaus in die Welt gesandt &#8211; fast so, als w\u00e4re ich eine visuelle Piraten-Radiostation f\u00fcr Zeichnungen.<\/p>\n<p>Das wurde dann zum gro\u00dfen Teil ein Arbeitsfeld f\u00fcr mich als K\u00fcnstler: entweder so die allt\u00e4gliche Welt um mich herum zu dokumentieren oder zu den am weitest entfernten Punkten der Welt zu reisen und von dort auf pixelig schlichte Weise live nach Hause zu berichten.<\/p>\n<p><u>Lines Fiction: Deine Animationen folgen der sparsamen Pixel\u00e4sthetik deiner Zeichnungen, aber in der Animation <strong>13<\/strong> entwickelst du einen emotionalen Hintergrund durch Sound und atmosph\u00e4rischen Vollmond und l\u00e4sst uns augenzwinkernd die Impression eines klassischen Roadmovies haben.<br \/>\nIst es deine Absicht besondere Emotionen durch wenige Effekte zu erzielen?<\/u><\/p>\n<p>Simon Faithfull: Die Zeichnungen sind mein Versuch, eine einfache Antwort auf das zu finden, was ich vor mir sehe. Sie werden die Art Aufzeichnungsform wie ich<br \/>\ngerade jetzt irgendwo auf der Erdoberfl\u00e4che stehe und umhersehe und damit tr\u00e4gt jede einzelne Zeichnung auch die GPS-Position eingeschrieben, wo sie exakt entstanden ist. Inzwischen benutze ich ja ein iPhone und diese Zeichnungen werden unmittelbar ausgesendet zu \u00fcber 1000 Empf\u00e4ngern durch ein iPhone App, facebook oder Twitter. Das Projekt hei\u00dft Limbo und der Untertitel ist &#8218; ein expandierender Atlas der Subjektivit\u00e4t &#8218;.<\/p>\n<p>Ich sehe die Zeichnungen als eine subjektive und daher emotionale Antwort auf einen Ort oder eine Situation &#8211; obwohl ich ja ein digitales Ger\u00e4t einsetze ist das vielleicht das Gegenteil vom Einsatz einer digitalen Kamera &#8211; der Punkt ist, dass ich die Welt durch meine Wahrnehmung filtere und versuche, den Eindruck einer Person als ein Set von flie\u00dfenden, seismografischen Linien festzuhalten. Linien, die an keinem festen Tr\u00e4ger fixiert sind und auf jede Weise und \u00fcberall hin in der Welt ausgesendet werden k\u00f6nnen.<\/p>\n<p>Die Zeichnungen sind immer was ich vor mir sehe. Die Animationen entstehen in einem sp\u00e4teren Prozess. Ich entwickle kleine bewegte Vignetten von einigen der Zeichnungen und die werden sp\u00e4ter zusammengeheftet zu kurzen animierten Sequenzen. Auch wenn die Zeichnungen Dokumente unmittelbarer Beobachtung sind verschiebt sich die Animation durch die Bewegtheit in einen mehr fiktionalen Raum. Mit dieser Verschiebung wird es m\u00f6glich den mythischen oder emotionalen Aspekt dessen zu betonen was ich sehe oder wohin ich blicke. Am weiteseten auf diesem erz\u00e4hlerischen Weg ging ich mit <strong>13<\/strong>, das urspr\u00fcnglich f\u00fcr Channel 4 TV entstanden ist. Der Clip mixt meine animierten Zeichnungen mit von der Website geklauten animierten gifs wie dem Mond von der NASA Webseite und dem Ford Zeichen von der Webseite des Autoherstellers. Meine Zeichnungen enstanden auf einer Wanderung hinaus aus London entlang dem A13 Freeway, aber sobald ich die Dinge einschlie\u00dflich der &#8218;Musik&#8216; miteinander verwoben hatte wurde der Film zu einer Reise entlang einer fiktionalen A13 in einem fremden und seltsamen Universum.<\/p>\n","protected":false},"excerpt":{"rendered":"<p>Lines Fiction: Deine Zeichnungen k\u00f6nnen vordergr\u00fcndig als Reisenotizen beschrieben werden. 2004\/2005 w\u00e4hrend deiner Reise von 49 Tagen in der Antarktik hast du jeden Tag eine Zeichnung nach Hause geschickt und in 3000 mailboxen verteilt. Du benutzt nicht Bleistift und Papier &hellip;<\/p>\n<p class=\"read-more\"> <a class=\"more-link\" href=\"https:\/\/linesfiction.de\/lfd\/lines-fiction-online\/a-l\/simon-faithfull\/\"> <span class=\"screen-reader-text\">Simon Faithfull<\/span> Weiterlesen &raquo;<\/a><\/p>\n","protected":false},"author":7,"featured_media":0,"parent":501,"menu_order":0,"comment_status":"closed","ping_status":"closed","template":"bg\/content-sidebar-page.php","meta":{"footnotes":""},"class_list":["post-33","page","type-page","status-publish","hentry"],"yoast_head":"<!-- This site is optimized with the Yoast SEO plugin v27.3 - https:\/\/yoast.com\/product\/yoast-seo-wordpress\/ -->\n<title>Simon Faithfull - Lines Fiction \u2605 Zeichnung &amp; Animation \u2605<\/title>\n<meta name=\"robots\" content=\"index, follow, max-snippet:-1, max-image-preview:large, max-video-preview:-1\" \/>\n<link rel=\"canonical\" href=\"https:\/\/linesfiction.de\/lfd\/lines-fiction-online\/a-l\/simon-faithfull\/\" \/>\n<meta property=\"og:locale\" content=\"de_DE\" \/>\n<meta property=\"og:type\" content=\"article\" \/>\n<meta property=\"og:title\" content=\"Simon Faithfull - Lines Fiction \u2605 Zeichnung &amp; Animation \u2605\" \/>\n<meta property=\"og:description\" content=\"Lines Fiction: Deine Zeichnungen k\u00f6nnen vordergr\u00fcndig als Reisenotizen beschrieben werden. 2004\/2005 w\u00e4hrend deiner Reise von 49 Tagen in der Antarktik hast du jeden Tag eine Zeichnung nach Hause geschickt und in 3000 mailboxen verteilt. Du benutzt nicht Bleistift und Papier &hellip; Simon Faithfull Weiterlesen &raquo;\" \/>\n<meta property=\"og:url\" content=\"https:\/\/linesfiction.de\/lfd\/lines-fiction-online\/a-l\/simon-faithfull\/\" \/>\n<meta property=\"og:site_name\" content=\"Lines Fiction \u2605 Zeichnung &amp; Animation \u2605\" \/>\n<meta property=\"article:publisher\" content=\"https:\/\/www.facebook.com\/linesfiction\/\" \/>\n<meta property=\"article:modified_time\" content=\"2022-12-21T13:31:05+00:00\" \/>\n<meta name=\"twitter:card\" content=\"summary_large_image\" \/>\n<meta name=\"twitter:site\" content=\"@linesfiction\" \/>\n<meta name=\"twitter:label1\" content=\"Gesch\u00e4tzte Lesezeit\" \/>\n\t<meta name=\"twitter:data1\" content=\"4\u00a0Minuten\" \/>\n<script type=\"application\/ld+json\" class=\"yoast-schema-graph\">{\"@context\":\"https:\\\/\\\/schema.org\",\"@graph\":[{\"@type\":\"WebPage\",\"@id\":\"https:\\\/\\\/linesfiction.de\\\/lfd\\\/lines-fiction-online\\\/a-l\\\/simon-faithfull\\\/\",\"url\":\"https:\\\/\\\/linesfiction.de\\\/lfd\\\/lines-fiction-online\\\/a-l\\\/simon-faithfull\\\/\",\"name\":\"Simon Faithfull - Lines Fiction \u2605 Zeichnung &amp; Animation \u2605\",\"isPartOf\":{\"@id\":\"https:\\\/\\\/linesfiction.de\\\/lfd\\\/#website\"},\"datePublished\":\"2012-01-02T17:32:30+00:00\",\"dateModified\":\"2022-12-21T13:31:05+00:00\",\"breadcrumb\":{\"@id\":\"https:\\\/\\\/linesfiction.de\\\/lfd\\\/lines-fiction-online\\\/a-l\\\/simon-faithfull\\\/#breadcrumb\"},\"inLanguage\":\"de\",\"potentialAction\":[{\"@type\":\"ReadAction\",\"target\":[\"https:\\\/\\\/linesfiction.de\\\/lfd\\\/lines-fiction-online\\\/a-l\\\/simon-faithfull\\\/\"]}]},{\"@type\":\"BreadcrumbList\",\"@id\":\"https:\\\/\\\/linesfiction.de\\\/lfd\\\/lines-fiction-online\\\/a-l\\\/simon-faithfull\\\/#breadcrumb\",\"itemListElement\":[{\"@type\":\"ListItem\",\"position\":1,\"name\":\"Startseite\",\"item\":\"https:\\\/\\\/linesfiction.de\\\/lfd\\\/\"},{\"@type\":\"ListItem\",\"position\":2,\"name\":\"Lines Fiction online\",\"item\":\"https:\\\/\\\/linesfiction.de\\\/lfd\\\/lines-fiction-online\\\/\"},{\"@type\":\"ListItem\",\"position\":3,\"name\":\"A &#8211; L\",\"item\":\"https:\\\/\\\/linesfiction.de\\\/lfd\\\/lines-fiction-online\\\/a-l\\\/\"},{\"@type\":\"ListItem\",\"position\":4,\"name\":\"Simon Faithfull\"}]},{\"@type\":\"WebSite\",\"@id\":\"https:\\\/\\\/linesfiction.de\\\/lfd\\\/#website\",\"url\":\"https:\\\/\\\/linesfiction.de\\\/lfd\\\/\",\"name\":\"Lines Fiction - Zeichnung & Animation - Drawing & Animation\",\"description\":\"\",\"publisher\":{\"@id\":\"https:\\\/\\\/linesfiction.de\\\/lfd\\\/#organization\"},\"potentialAction\":[{\"@type\":\"SearchAction\",\"target\":{\"@type\":\"EntryPoint\",\"urlTemplate\":\"https:\\\/\\\/linesfiction.de\\\/lfd\\\/?s={search_term_string}\"},\"query-input\":{\"@type\":\"PropertyValueSpecification\",\"valueRequired\":true,\"valueName\":\"search_term_string\"}}],\"inLanguage\":\"de\"},{\"@type\":\"Organization\",\"@id\":\"https:\\\/\\\/linesfiction.de\\\/lfd\\\/#organization\",\"name\":\"Lines Fiction\",\"url\":\"https:\\\/\\\/linesfiction.de\\\/lfd\\\/\",\"logo\":{\"@type\":\"ImageObject\",\"inLanguage\":\"de\",\"@id\":\"https:\\\/\\\/linesfiction.de\\\/lfd\\\/#\\\/schema\\\/logo\\\/image\\\/\",\"url\":\"https:\\\/\\\/linesfiction.de\\\/lfd\\\/wp-content\\\/uploads\\\/2022\\\/12\\\/linesfiction_logo_instagram.jpg\",\"contentUrl\":\"https:\\\/\\\/linesfiction.de\\\/lfd\\\/wp-content\\\/uploads\\\/2022\\\/12\\\/linesfiction_logo_instagram.jpg\",\"width\":1080,\"height\":1077,\"caption\":\"Lines Fiction\"},\"image\":{\"@id\":\"https:\\\/\\\/linesfiction.de\\\/lfd\\\/#\\\/schema\\\/logo\\\/image\\\/\"},\"sameAs\":[\"https:\\\/\\\/www.facebook.com\\\/linesfiction\\\/\",\"https:\\\/\\\/x.com\\\/linesfiction\",\"https:\\\/\\\/www.instagram.com\\\/linesfiction\\\/\"]}]}<\/script>\n<!-- \/ Yoast SEO plugin. -->","yoast_head_json":{"title":"Simon Faithfull - Lines Fiction \u2605 Zeichnung &amp; Animation \u2605","robots":{"index":"index","follow":"follow","max-snippet":"max-snippet:-1","max-image-preview":"max-image-preview:large","max-video-preview":"max-video-preview:-1"},"canonical":"https:\/\/linesfiction.de\/lfd\/lines-fiction-online\/a-l\/simon-faithfull\/","og_locale":"de_DE","og_type":"article","og_title":"Simon Faithfull - Lines Fiction \u2605 Zeichnung &amp; Animation \u2605","og_description":"Lines Fiction: Deine Zeichnungen k\u00f6nnen vordergr\u00fcndig als Reisenotizen beschrieben werden. 2004\/2005 w\u00e4hrend deiner Reise von 49 Tagen in der Antarktik hast du jeden Tag eine Zeichnung nach Hause geschickt und in 3000 mailboxen verteilt. Du benutzt nicht Bleistift und Papier &hellip; Simon Faithfull Weiterlesen &raquo;","og_url":"https:\/\/linesfiction.de\/lfd\/lines-fiction-online\/a-l\/simon-faithfull\/","og_site_name":"Lines Fiction \u2605 Zeichnung &amp; Animation \u2605","article_publisher":"https:\/\/www.facebook.com\/linesfiction\/","article_modified_time":"2022-12-21T13:31:05+00:00","twitter_card":"summary_large_image","twitter_site":"@linesfiction","twitter_misc":{"Gesch\u00e4tzte Lesezeit":"4\u00a0Minuten"},"schema":{"@context":"https:\/\/schema.org","@graph":[{"@type":"WebPage","@id":"https:\/\/linesfiction.de\/lfd\/lines-fiction-online\/a-l\/simon-faithfull\/","url":"https:\/\/linesfiction.de\/lfd\/lines-fiction-online\/a-l\/simon-faithfull\/","name":"Simon Faithfull - Lines Fiction \u2605 Zeichnung &amp; Animation \u2605","isPartOf":{"@id":"https:\/\/linesfiction.de\/lfd\/#website"},"datePublished":"2012-01-02T17:32:30+00:00","dateModified":"2022-12-21T13:31:05+00:00","breadcrumb":{"@id":"https:\/\/linesfiction.de\/lfd\/lines-fiction-online\/a-l\/simon-faithfull\/#breadcrumb"},"inLanguage":"de","potentialAction":[{"@type":"ReadAction","target":["https:\/\/linesfiction.de\/lfd\/lines-fiction-online\/a-l\/simon-faithfull\/"]}]},{"@type":"BreadcrumbList","@id":"https:\/\/linesfiction.de\/lfd\/lines-fiction-online\/a-l\/simon-faithfull\/#breadcrumb","itemListElement":[{"@type":"ListItem","position":1,"name":"Startseite","item":"https:\/\/linesfiction.de\/lfd\/"},{"@type":"ListItem","position":2,"name":"Lines Fiction online","item":"https:\/\/linesfiction.de\/lfd\/lines-fiction-online\/"},{"@type":"ListItem","position":3,"name":"A &#8211; L","item":"https:\/\/linesfiction.de\/lfd\/lines-fiction-online\/a-l\/"},{"@type":"ListItem","position":4,"name":"Simon Faithfull"}]},{"@type":"WebSite","@id":"https:\/\/linesfiction.de\/lfd\/#website","url":"https:\/\/linesfiction.de\/lfd\/","name":"Lines Fiction - Zeichnung & Animation - Drawing & Animation","description":"","publisher":{"@id":"https:\/\/linesfiction.de\/lfd\/#organization"},"potentialAction":[{"@type":"SearchAction","target":{"@type":"EntryPoint","urlTemplate":"https:\/\/linesfiction.de\/lfd\/?s={search_term_string}"},"query-input":{"@type":"PropertyValueSpecification","valueRequired":true,"valueName":"search_term_string"}}],"inLanguage":"de"},{"@type":"Organization","@id":"https:\/\/linesfiction.de\/lfd\/#organization","name":"Lines Fiction","url":"https:\/\/linesfiction.de\/lfd\/","logo":{"@type":"ImageObject","inLanguage":"de","@id":"https:\/\/linesfiction.de\/lfd\/#\/schema\/logo\/image\/","url":"https:\/\/linesfiction.de\/lfd\/wp-content\/uploads\/2022\/12\/linesfiction_logo_instagram.jpg","contentUrl":"https:\/\/linesfiction.de\/lfd\/wp-content\/uploads\/2022\/12\/linesfiction_logo_instagram.jpg","width":1080,"height":1077,"caption":"Lines Fiction"},"image":{"@id":"https:\/\/linesfiction.de\/lfd\/#\/schema\/logo\/image\/"},"sameAs":["https:\/\/www.facebook.com\/linesfiction\/","https:\/\/x.com\/linesfiction","https:\/\/www.instagram.com\/linesfiction\/"]}]}},"_links":{"self":[{"href":"https:\/\/linesfiction.de\/lfd\/wp-json\/wp\/v2\/pages\/33","targetHints":{"allow":["GET"]}}],"collection":[{"href":"https:\/\/linesfiction.de\/lfd\/wp-json\/wp\/v2\/pages"}],"about":[{"href":"https:\/\/linesfiction.de\/lfd\/wp-json\/wp\/v2\/types\/page"}],"author":[{"embeddable":true,"href":"https:\/\/linesfiction.de\/lfd\/wp-json\/wp\/v2\/users\/7"}],"replies":[{"embeddable":true,"href":"https:\/\/linesfiction.de\/lfd\/wp-json\/wp\/v2\/comments?post=33"}],"version-history":[{"count":19,"href":"https:\/\/linesfiction.de\/lfd\/wp-json\/wp\/v2\/pages\/33\/revisions"}],"predecessor-version":[{"id":3152,"href":"https:\/\/linesfiction.de\/lfd\/wp-json\/wp\/v2\/pages\/33\/revisions\/3152"}],"up":[{"embeddable":true,"href":"https:\/\/linesfiction.de\/lfd\/wp-json\/wp\/v2\/pages\/501"}],"wp:attachment":[{"href":"https:\/\/linesfiction.de\/lfd\/wp-json\/wp\/v2\/media?parent=33"}],"curies":[{"name":"wp","href":"https:\/\/api.w.org\/{rel}","templated":true}]}}