{"id":345,"date":"2012-07-10T23:02:30","date_gmt":"2012-07-10T22:02:30","guid":{"rendered":"http:\/\/linesfiction.de\/lfd\/?page_id=345"},"modified":"2022-12-21T14:37:25","modified_gmt":"2022-12-21T13:37:25","slug":"sebastian-poellmann","status":"publish","type":"page","link":"https:\/\/linesfiction.de\/lfd\/lines-fiction-online\/m-z\/sebastian-poellmann\/","title":{"rendered":"Sebastian P\u00f6llmann"},"content":{"rendered":"<p><u>Lines Fiction: Deine Animation \u201cthe way of life\u201d ist ein Meisterst\u00fcck im Kurzgeschichtenerz\u00e4hlen: Liebe, Geburt, Tod, Verlassen &#8211; und Erwachsenwerden in einer Minute. Deine Animation ist knapp erz\u00e4hlt durch Zeichnungen, die sich scheinbar einfach und amateurhaft zeigen. Du arbeitest auch an Skulpturen, pr\u00e4sentierst raumf\u00fcllende Schattenspiele und Videoinstallationen. Haben all diese unterschiedlichen Kunstformen das gleiche Gewicht f\u00fcr deine Arbeit?<\/u><\/p>\n<p>Sebastian P\u00f6llmann: ich bin sehr fasziniert vom Puppentheater &#8211; ich bin mit dem Marionettentheater meiner Eltern aufgewachsen. So ist meine Arbeit vor allem durch Geschichtenerz\u00e4hlen geformt, davon, Welten zu erfinden, in die man v\u00f6llig eintauchen kann. Gezeichnete Figuren oder Tonskulpturen sind mehr oder weniger Puppen, die Geschichten erz\u00e4hlen. Das Puppenspiel erlaubt eine beispielhafte Abstraktion, die durch Realismus so nicht erreicht werden kann. Eine Zeichnung ist immer der Beginn einer Idee. Da beginne ich, nach weiteren M\u00f6glichkeiten zu suchen, eine Geschichte zu erz\u00e4hlen. Das kann dan eine Tonskulptur, eine computerbasierte Videoinstallation oder ein Schattenspiel sein. Mir gef\u00e4llt das breite Feld kreativer Transformationen. Es sind v\u00f6llig unterschiedliche Arbeitsprozesse, aber sie erg\u00e4nzen sich. Man kann dennoch immer wieder meinen Zeichenstil erkennen.<\/p>\n<p><u>Lines Fiction: Pr\u00e4sentierst du deine Zeichnungen zusammen mit Animationen in Ausstellungen oder ziehst du es vor, deine Videofilme als Projektionen zu zeigen?<\/u><\/p>\n<p>Sebastian P\u00f6llmann: Beides ist m\u00f6glich. In der Vergangenheit hat es gut gepasst, gro\u00dfe Lithografien mit Skulpturen zu kombinieren oder auch einige Zeichnungen zusammen mit einer Animation auf dem Monitor auszustellen. Meine Entscheidung h\u00e4ngt h\u00e4ufig ganz einfach vom Ausstellungsraum ab. Schattenspiele selbstverst\u00e4ndlich und Videoinstallationen brauchen einen abgedunkelten Raum und da entscheide ich mich dann f\u00fcr die Projektion.<\/p>\n<p><a href=\"http:\/\/www.sebastian-poellmann.de\/\" target=\"_blank\" rel=\"noopener\">www.sebastian-poellmann.de<\/a><\/p>\n","protected":false},"excerpt":{"rendered":"<p>Lines Fiction: Deine Animation \u201cthe way of life\u201d ist ein Meisterst\u00fcck im Kurzgeschichtenerz\u00e4hlen: Liebe, Geburt, Tod, Verlassen &#8211; und Erwachsenwerden in einer Minute. Deine Animation ist knapp erz\u00e4hlt durch Zeichnungen, die sich scheinbar einfach und amateurhaft zeigen. Du arbeitest auch &hellip;<\/p>\n<p class=\"read-more\"> <a class=\"more-link\" href=\"https:\/\/linesfiction.de\/lfd\/lines-fiction-online\/m-z\/sebastian-poellmann\/\"> <span class=\"screen-reader-text\">Sebastian P\u00f6llmann<\/span> Weiterlesen &raquo;<\/a><\/p>\n","protected":false},"author":7,"featured_media":0,"parent":503,"menu_order":0,"comment_status":"closed","ping_status":"closed","template":"content-sidebar-page.php","meta":{"footnotes":""},"class_list":["post-345","page","type-page","status-publish","hentry"],"yoast_head":"<!-- This site is optimized with the Yoast SEO plugin v27.5 - https:\/\/yoast.com\/product\/yoast-seo-wordpress\/ -->\n<title>Sebastian P\u00f6llmann - Lines Fiction \u2605 Zeichnung &amp; Animation \u2605<\/title>\n<meta name=\"robots\" content=\"index, follow, max-snippet:-1, max-image-preview:large, max-video-preview:-1\" \/>\n<link rel=\"canonical\" href=\"https:\/\/linesfiction.de\/lfd\/lines-fiction-online\/m-z\/sebastian-poellmann\/\" \/>\n<meta property=\"og:locale\" content=\"de_DE\" \/>\n<meta property=\"og:type\" content=\"article\" \/>\n<meta property=\"og:title\" content=\"Sebastian P\u00f6llmann - Lines Fiction \u2605 Zeichnung &amp; Animation \u2605\" \/>\n<meta property=\"og:description\" content=\"Lines Fiction: Deine Animation \u201cthe way of life\u201d ist ein Meisterst\u00fcck im Kurzgeschichtenerz\u00e4hlen: Liebe, Geburt, Tod, Verlassen &#8211; und Erwachsenwerden in einer Minute. Deine Animation ist knapp erz\u00e4hlt durch Zeichnungen, die sich scheinbar einfach und amateurhaft zeigen. Du arbeitest auch &hellip; Sebastian P\u00f6llmann Weiterlesen &raquo;\" \/>\n<meta property=\"og:url\" content=\"https:\/\/linesfiction.de\/lfd\/lines-fiction-online\/m-z\/sebastian-poellmann\/\" \/>\n<meta property=\"og:site_name\" content=\"Lines Fiction \u2605 Zeichnung &amp; Animation \u2605\" \/>\n<meta property=\"article:publisher\" content=\"https:\/\/www.facebook.com\/linesfiction\/\" \/>\n<meta property=\"article:modified_time\" content=\"2022-12-21T13:37:25+00:00\" \/>\n<meta name=\"twitter:card\" content=\"summary_large_image\" \/>\n<meta name=\"twitter:site\" content=\"@linesfiction\" \/>\n<meta name=\"twitter:label1\" content=\"Gesch\u00e4tzte Lesezeit\" \/>\n\t<meta name=\"twitter:data1\" content=\"1\u00a0Minute\" \/>\n<script type=\"application\/ld+json\" class=\"yoast-schema-graph\">{\"@context\":\"https:\\\/\\\/schema.org\",\"@graph\":[{\"@type\":\"WebPage\",\"@id\":\"https:\\\/\\\/linesfiction.de\\\/lfd\\\/lines-fiction-online\\\/m-z\\\/sebastian-poellmann\\\/\",\"url\":\"https:\\\/\\\/linesfiction.de\\\/lfd\\\/lines-fiction-online\\\/m-z\\\/sebastian-poellmann\\\/\",\"name\":\"Sebastian P\u00f6llmann - Lines Fiction \u2605 Zeichnung &amp; Animation \u2605\",\"isPartOf\":{\"@id\":\"https:\\\/\\\/linesfiction.de\\\/lfd\\\/#website\"},\"datePublished\":\"2012-07-10T22:02:30+00:00\",\"dateModified\":\"2022-12-21T13:37:25+00:00\",\"breadcrumb\":{\"@id\":\"https:\\\/\\\/linesfiction.de\\\/lfd\\\/lines-fiction-online\\\/m-z\\\/sebastian-poellmann\\\/#breadcrumb\"},\"inLanguage\":\"de\",\"potentialAction\":[{\"@type\":\"ReadAction\",\"target\":[\"https:\\\/\\\/linesfiction.de\\\/lfd\\\/lines-fiction-online\\\/m-z\\\/sebastian-poellmann\\\/\"]}]},{\"@type\":\"BreadcrumbList\",\"@id\":\"https:\\\/\\\/linesfiction.de\\\/lfd\\\/lines-fiction-online\\\/m-z\\\/sebastian-poellmann\\\/#breadcrumb\",\"itemListElement\":[{\"@type\":\"ListItem\",\"position\":1,\"name\":\"Startseite\",\"item\":\"https:\\\/\\\/linesfiction.de\\\/lfd\\\/\"},{\"@type\":\"ListItem\",\"position\":2,\"name\":\"Lines Fiction online\",\"item\":\"https:\\\/\\\/linesfiction.de\\\/lfd\\\/lines-fiction-online\\\/\"},{\"@type\":\"ListItem\",\"position\":3,\"name\":\"M &#8211; Z\",\"item\":\"https:\\\/\\\/linesfiction.de\\\/lfd\\\/lines-fiction-online\\\/m-z\\\/\"},{\"@type\":\"ListItem\",\"position\":4,\"name\":\"Sebastian P\u00f6llmann\"}]},{\"@type\":\"WebSite\",\"@id\":\"https:\\\/\\\/linesfiction.de\\\/lfd\\\/#website\",\"url\":\"https:\\\/\\\/linesfiction.de\\\/lfd\\\/\",\"name\":\"Lines Fiction - Zeichnung & Animation - Drawing & Animation\",\"description\":\"\",\"publisher\":{\"@id\":\"https:\\\/\\\/linesfiction.de\\\/lfd\\\/#organization\"},\"potentialAction\":[{\"@type\":\"SearchAction\",\"target\":{\"@type\":\"EntryPoint\",\"urlTemplate\":\"https:\\\/\\\/linesfiction.de\\\/lfd\\\/?s={search_term_string}\"},\"query-input\":{\"@type\":\"PropertyValueSpecification\",\"valueRequired\":true,\"valueName\":\"search_term_string\"}}],\"inLanguage\":\"de\"},{\"@type\":\"Organization\",\"@id\":\"https:\\\/\\\/linesfiction.de\\\/lfd\\\/#organization\",\"name\":\"Lines Fiction\",\"url\":\"https:\\\/\\\/linesfiction.de\\\/lfd\\\/\",\"logo\":{\"@type\":\"ImageObject\",\"inLanguage\":\"de\",\"@id\":\"https:\\\/\\\/linesfiction.de\\\/lfd\\\/#\\\/schema\\\/logo\\\/image\\\/\",\"url\":\"https:\\\/\\\/linesfiction.de\\\/lfd\\\/wp-content\\\/uploads\\\/2022\\\/12\\\/linesfiction_logo_instagram.jpg\",\"contentUrl\":\"https:\\\/\\\/linesfiction.de\\\/lfd\\\/wp-content\\\/uploads\\\/2022\\\/12\\\/linesfiction_logo_instagram.jpg\",\"width\":1080,\"height\":1077,\"caption\":\"Lines Fiction\"},\"image\":{\"@id\":\"https:\\\/\\\/linesfiction.de\\\/lfd\\\/#\\\/schema\\\/logo\\\/image\\\/\"},\"sameAs\":[\"https:\\\/\\\/www.facebook.com\\\/linesfiction\\\/\",\"https:\\\/\\\/x.com\\\/linesfiction\",\"https:\\\/\\\/www.instagram.com\\\/linesfiction\\\/\"]}]}<\/script>\n<!-- \/ Yoast SEO plugin. -->","yoast_head_json":{"title":"Sebastian P\u00f6llmann - Lines Fiction \u2605 Zeichnung &amp; Animation \u2605","robots":{"index":"index","follow":"follow","max-snippet":"max-snippet:-1","max-image-preview":"max-image-preview:large","max-video-preview":"max-video-preview:-1"},"canonical":"https:\/\/linesfiction.de\/lfd\/lines-fiction-online\/m-z\/sebastian-poellmann\/","og_locale":"de_DE","og_type":"article","og_title":"Sebastian P\u00f6llmann - Lines Fiction \u2605 Zeichnung &amp; Animation \u2605","og_description":"Lines Fiction: Deine Animation \u201cthe way of life\u201d ist ein Meisterst\u00fcck im Kurzgeschichtenerz\u00e4hlen: Liebe, Geburt, Tod, Verlassen &#8211; und Erwachsenwerden in einer Minute. Deine Animation ist knapp erz\u00e4hlt durch Zeichnungen, die sich scheinbar einfach und amateurhaft zeigen. Du arbeitest auch &hellip; Sebastian P\u00f6llmann Weiterlesen &raquo;","og_url":"https:\/\/linesfiction.de\/lfd\/lines-fiction-online\/m-z\/sebastian-poellmann\/","og_site_name":"Lines Fiction \u2605 Zeichnung &amp; Animation \u2605","article_publisher":"https:\/\/www.facebook.com\/linesfiction\/","article_modified_time":"2022-12-21T13:37:25+00:00","twitter_card":"summary_large_image","twitter_site":"@linesfiction","twitter_misc":{"Gesch\u00e4tzte Lesezeit":"1\u00a0Minute"},"schema":{"@context":"https:\/\/schema.org","@graph":[{"@type":"WebPage","@id":"https:\/\/linesfiction.de\/lfd\/lines-fiction-online\/m-z\/sebastian-poellmann\/","url":"https:\/\/linesfiction.de\/lfd\/lines-fiction-online\/m-z\/sebastian-poellmann\/","name":"Sebastian P\u00f6llmann - Lines Fiction \u2605 Zeichnung &amp; Animation \u2605","isPartOf":{"@id":"https:\/\/linesfiction.de\/lfd\/#website"},"datePublished":"2012-07-10T22:02:30+00:00","dateModified":"2022-12-21T13:37:25+00:00","breadcrumb":{"@id":"https:\/\/linesfiction.de\/lfd\/lines-fiction-online\/m-z\/sebastian-poellmann\/#breadcrumb"},"inLanguage":"de","potentialAction":[{"@type":"ReadAction","target":["https:\/\/linesfiction.de\/lfd\/lines-fiction-online\/m-z\/sebastian-poellmann\/"]}]},{"@type":"BreadcrumbList","@id":"https:\/\/linesfiction.de\/lfd\/lines-fiction-online\/m-z\/sebastian-poellmann\/#breadcrumb","itemListElement":[{"@type":"ListItem","position":1,"name":"Startseite","item":"https:\/\/linesfiction.de\/lfd\/"},{"@type":"ListItem","position":2,"name":"Lines Fiction online","item":"https:\/\/linesfiction.de\/lfd\/lines-fiction-online\/"},{"@type":"ListItem","position":3,"name":"M &#8211; Z","item":"https:\/\/linesfiction.de\/lfd\/lines-fiction-online\/m-z\/"},{"@type":"ListItem","position":4,"name":"Sebastian P\u00f6llmann"}]},{"@type":"WebSite","@id":"https:\/\/linesfiction.de\/lfd\/#website","url":"https:\/\/linesfiction.de\/lfd\/","name":"Lines Fiction - Zeichnung & Animation - Drawing & Animation","description":"","publisher":{"@id":"https:\/\/linesfiction.de\/lfd\/#organization"},"potentialAction":[{"@type":"SearchAction","target":{"@type":"EntryPoint","urlTemplate":"https:\/\/linesfiction.de\/lfd\/?s={search_term_string}"},"query-input":{"@type":"PropertyValueSpecification","valueRequired":true,"valueName":"search_term_string"}}],"inLanguage":"de"},{"@type":"Organization","@id":"https:\/\/linesfiction.de\/lfd\/#organization","name":"Lines Fiction","url":"https:\/\/linesfiction.de\/lfd\/","logo":{"@type":"ImageObject","inLanguage":"de","@id":"https:\/\/linesfiction.de\/lfd\/#\/schema\/logo\/image\/","url":"https:\/\/linesfiction.de\/lfd\/wp-content\/uploads\/2022\/12\/linesfiction_logo_instagram.jpg","contentUrl":"https:\/\/linesfiction.de\/lfd\/wp-content\/uploads\/2022\/12\/linesfiction_logo_instagram.jpg","width":1080,"height":1077,"caption":"Lines Fiction"},"image":{"@id":"https:\/\/linesfiction.de\/lfd\/#\/schema\/logo\/image\/"},"sameAs":["https:\/\/www.facebook.com\/linesfiction\/","https:\/\/x.com\/linesfiction","https:\/\/www.instagram.com\/linesfiction\/"]}]}},"_links":{"self":[{"href":"https:\/\/linesfiction.de\/lfd\/wp-json\/wp\/v2\/pages\/345","targetHints":{"allow":["GET"]}}],"collection":[{"href":"https:\/\/linesfiction.de\/lfd\/wp-json\/wp\/v2\/pages"}],"about":[{"href":"https:\/\/linesfiction.de\/lfd\/wp-json\/wp\/v2\/types\/page"}],"author":[{"embeddable":true,"href":"https:\/\/linesfiction.de\/lfd\/wp-json\/wp\/v2\/users\/7"}],"replies":[{"embeddable":true,"href":"https:\/\/linesfiction.de\/lfd\/wp-json\/wp\/v2\/comments?post=345"}],"version-history":[{"count":15,"href":"https:\/\/linesfiction.de\/lfd\/wp-json\/wp\/v2\/pages\/345\/revisions"}],"predecessor-version":[{"id":3159,"href":"https:\/\/linesfiction.de\/lfd\/wp-json\/wp\/v2\/pages\/345\/revisions\/3159"}],"up":[{"embeddable":true,"href":"https:\/\/linesfiction.de\/lfd\/wp-json\/wp\/v2\/pages\/503"}],"wp:attachment":[{"href":"https:\/\/linesfiction.de\/lfd\/wp-json\/wp\/v2\/media?parent=345"}],"curies":[{"name":"wp","href":"https:\/\/api.w.org\/{rel}","templated":true}]}}