{"id":35,"date":"2012-01-02T18:32:56","date_gmt":"2012-01-02T17:32:56","guid":{"rendered":"http:\/\/linesfiction.de\/lf_d\/?page_id=35"},"modified":"2018-07-02T13:49:06","modified_gmt":"2018-07-02T12:49:06","slug":"aline-helmcke","status":"publish","type":"page","link":"https:\/\/linesfiction.de\/lfd\/lines-fiction-online\/a-l\/aline-helmcke\/","title":{"rendered":"Aline Helmcke"},"content":{"rendered":"<p><u>Fukt Magazin: Du hast dein MA, Studienabschluss in Animation am Royal College of Art in London gemacht. Zuvor hast du Zeichnung, Installation und experimentellen Film an der UdK Berlin studiert. Warum hast du dich auf Animation konzentriert? Was interessiert dich an diesem Medium?<\/u><\/p>\n<p>Aline Helmcke: W\u00e4hrend meines Studiums an der UdK war ich v\u00f6llig absorbiert vom Zeichnen und versuchte, die Grenzen des Mediums auszuloten. Ich wollte mehr \u00fcber den Prozess des Zeichnens herausfinden, und verschiedene Wege der Darstellung finden, das Resultat waren Serien von Zeichnungen, die auch so pr\u00e4sentiert wurden, Installationen&#8230;oder eben Zeichentrick. So interessierte ich mich mehr und mehr f\u00fcr Zeichnungen in Animationen. F\u00fcr mich b\u00fcndelte die Animation schlie\u00dflich alle Aspekte, die mich interessierten: das bewegte Bild, der Zeichentrick, der Rhythmus und der Dialog zwischen Sound und Bild. Aber je mehr ich mich mit Zeichentrick besch\u00e4ftigte, desto mehr genoss ich es auch an Zeichnungen zu arbeiten, die ausdr\u00fccklich nicht Teil eines Animationsfilmes wurden.<\/p>\n<p><u>Fukt Magazin: Wie wichtig ist dir die Pr\u00e4sentation deiner Animationen? Arbeitest du lieber in einer Galerie, die deine Arbeit als Installation ausstellt oder bevorzugst du die Vorf\u00fchrung auf einem Filmfestival oder in einem Screening?<\/u><\/p>\n<p>Aline Helmcke: ich w\u00e4hle die Galerieumgebung, wenn ich eine Multi-Screen-Installation zeige oder meine Filme zusammen mit meinen Animationen pr\u00e4sentieren m\u00f6chte. Sehr oft sind das Ergebnis meiner Untersuchungen Zeichnungsserien \/ Objekte oder Installationen ebenso wie Zeichentrickfilme. Der Galerieraum erm\u00f6glicht einen gr\u00f6\u00dferen Spielraum f\u00fcr das, was ich erreichen m\u00f6chte als nur einen Film zu sehen und die Zeichnungen separat zu betrachten. Auf der anderen Seite mag ich die Konzentration, die man auf einer Festivalsvorf\u00fchrung findet, die Atmosph\u00e4re im dunklen Kinoraum. Und auch den Kontext mit anderen Filmen in denen dein eigener Film gezeigt wird. Also bin ich sehr froh, dass mir beide Pr\u00e4sentationsm\u00f6glichkeiten zur Verf\u00fcgung stehen.<\/p>\n<p><u>Fukt Magazin: Im Projekt <strong>Filmbox<\/strong> (2009) arbeitest du mit Animationen auf 35mm Filmmaterial, es ist ein interaktives St\u00fcck bei dem der Betrachter aufgefordert ist, den Film in Bewegung zu setzen. Kannst du mir mehr dar\u00fcber erz\u00e4hlen?<\/u><\/p>\n<p>Aline Helmcke: Mit <strong>Filmbox<\/strong> begann ich kurz vor dem Ende meines Sudiums am RCA. Nach zwei Jahren ausschlie\u00dflicher Arbeit an Animationen merkte ich, dass dies nicht das einzige war was ich k\u00fcnstlerisch machen wollte, sondern nur eine Weise von vielen in bewegten Bildern zu denken. <strong>Filmbox<\/strong> ist das Ergebnis meines Unbehagens mit der Tatsache, dass die Filmindustrie die Filmformate vorgibt und sich die Fimemacher danach richten m\u00fcssen. Ich beschloss das Filmbild zu befreien und zeichnete auf 35mm Leerfilm in horizontaler Richtung. Au\u00dferdem gefiel es mir nicht, dass das Publikum keinen Einfluss auf die Geschwindigkeit hat, in der es den Film sieht. Ich wollte es den Betrachtern selbst \u00fcberlassen, dar\u00fcber zu entscheiden, indem sie selbst die Kurbel drehen. In diesem Sinne ist <strong>Filmbox<\/strong> eine kritische Reaktion auf die Begrenzungen, die das Medium Film hat. <\/p>\n<p><u>Fukt Magazin: Gibt es eine\/n K\u00fcnstler\/in oder Filmemacher\/in, den oder die du zur Zeit besonders interessant findest?<\/u><\/p>\n<p>Aline Helmcke: ich sch\u00e4tze die Arbeit von Simon Faithfull sehr, der auch auf dieser Website vertreten ist. Au\u00dferdem Anthony McCall mit seinem Kunstwerk &#8222;Line describing a cone&#8220; von 1973, das ist eines meiner Lieblingsst\u00fccke von ihm (er w\u00fcrde es wahrscheinlich nicht als gezeichnete Animation sehen, aber f\u00fcr mich ist es das, und zwar grenz\u00fcberschreitend).<\/p>\n<p><a href=\"http:\/\/ahelmcke.com\/\" target=\"_blank\">http:\/\/ahelmcke.com\/<\/a><\/p>\n<p>*Fukt Magazin ist ein Magazin f\u00fcr Zeichnung, Herausgeber: Bj\u00f6rn Hegardt<\/p>\n","protected":false},"excerpt":{"rendered":"<p>Fukt Magazin: Du hast dein MA, Studienabschluss in Animation am Royal College of Art in London gemacht. Zuvor hast du Zeichnung, Installation und experimentellen Film an der UdK Berlin studiert. Warum hast du dich auf Animation konzentriert? Was interessiert dich &hellip;<\/p>\n<p class=\"read-more\"> <a class=\"more-link\" href=\"https:\/\/linesfiction.de\/lfd\/lines-fiction-online\/a-l\/aline-helmcke\/\"> <span class=\"screen-reader-text\">Aline Helmcke<\/span> Weiterlesen &raquo;<\/a><\/p>\n","protected":false},"author":7,"featured_media":0,"parent":501,"menu_order":0,"comment_status":"closed","ping_status":"closed","template":"content-sidebar-page.php","meta":{"footnotes":""},"class_list":["post-35","page","type-page","status-publish","hentry"],"yoast_head":"<!-- This site is optimized with the Yoast SEO plugin v27.3 - https:\/\/yoast.com\/product\/yoast-seo-wordpress\/ -->\n<title>Aline Helmcke - Lines Fiction \u2605 Zeichnung &amp; Animation \u2605<\/title>\n<meta name=\"robots\" content=\"index, follow, max-snippet:-1, max-image-preview:large, max-video-preview:-1\" \/>\n<link rel=\"canonical\" href=\"https:\/\/linesfiction.de\/lfd\/lines-fiction-online\/a-l\/aline-helmcke\/\" \/>\n<meta property=\"og:locale\" content=\"de_DE\" \/>\n<meta property=\"og:type\" content=\"article\" \/>\n<meta property=\"og:title\" content=\"Aline Helmcke - Lines Fiction \u2605 Zeichnung &amp; Animation \u2605\" \/>\n<meta property=\"og:description\" content=\"Fukt Magazin: Du hast dein MA, Studienabschluss in Animation am Royal College of Art in London gemacht. Zuvor hast du Zeichnung, Installation und experimentellen Film an der UdK Berlin studiert. Warum hast du dich auf Animation konzentriert? Was interessiert dich &hellip; Aline Helmcke Weiterlesen &raquo;\" \/>\n<meta property=\"og:url\" content=\"https:\/\/linesfiction.de\/lfd\/lines-fiction-online\/a-l\/aline-helmcke\/\" \/>\n<meta property=\"og:site_name\" content=\"Lines Fiction \u2605 Zeichnung &amp; Animation \u2605\" \/>\n<meta property=\"article:publisher\" content=\"https:\/\/www.facebook.com\/linesfiction\/\" \/>\n<meta property=\"article:modified_time\" content=\"2018-07-02T12:49:06+00:00\" \/>\n<meta name=\"twitter:card\" content=\"summary_large_image\" \/>\n<meta name=\"twitter:site\" content=\"@linesfiction\" \/>\n<meta name=\"twitter:label1\" content=\"Gesch\u00e4tzte Lesezeit\" \/>\n\t<meta name=\"twitter:data1\" content=\"3\u00a0Minuten\" \/>\n<script type=\"application\/ld+json\" class=\"yoast-schema-graph\">{\"@context\":\"https:\\\/\\\/schema.org\",\"@graph\":[{\"@type\":\"WebPage\",\"@id\":\"https:\\\/\\\/linesfiction.de\\\/lfd\\\/lines-fiction-online\\\/a-l\\\/aline-helmcke\\\/\",\"url\":\"https:\\\/\\\/linesfiction.de\\\/lfd\\\/lines-fiction-online\\\/a-l\\\/aline-helmcke\\\/\",\"name\":\"Aline Helmcke - Lines Fiction \u2605 Zeichnung &amp; Animation \u2605\",\"isPartOf\":{\"@id\":\"https:\\\/\\\/linesfiction.de\\\/lfd\\\/#website\"},\"datePublished\":\"2012-01-02T17:32:56+00:00\",\"dateModified\":\"2018-07-02T12:49:06+00:00\",\"breadcrumb\":{\"@id\":\"https:\\\/\\\/linesfiction.de\\\/lfd\\\/lines-fiction-online\\\/a-l\\\/aline-helmcke\\\/#breadcrumb\"},\"inLanguage\":\"de\",\"potentialAction\":[{\"@type\":\"ReadAction\",\"target\":[\"https:\\\/\\\/linesfiction.de\\\/lfd\\\/lines-fiction-online\\\/a-l\\\/aline-helmcke\\\/\"]}]},{\"@type\":\"BreadcrumbList\",\"@id\":\"https:\\\/\\\/linesfiction.de\\\/lfd\\\/lines-fiction-online\\\/a-l\\\/aline-helmcke\\\/#breadcrumb\",\"itemListElement\":[{\"@type\":\"ListItem\",\"position\":1,\"name\":\"Startseite\",\"item\":\"https:\\\/\\\/linesfiction.de\\\/lfd\\\/\"},{\"@type\":\"ListItem\",\"position\":2,\"name\":\"Lines Fiction online\",\"item\":\"https:\\\/\\\/linesfiction.de\\\/lfd\\\/lines-fiction-online\\\/\"},{\"@type\":\"ListItem\",\"position\":3,\"name\":\"A &#8211; L\",\"item\":\"https:\\\/\\\/linesfiction.de\\\/lfd\\\/lines-fiction-online\\\/a-l\\\/\"},{\"@type\":\"ListItem\",\"position\":4,\"name\":\"Aline Helmcke\"}]},{\"@type\":\"WebSite\",\"@id\":\"https:\\\/\\\/linesfiction.de\\\/lfd\\\/#website\",\"url\":\"https:\\\/\\\/linesfiction.de\\\/lfd\\\/\",\"name\":\"Lines Fiction - Zeichnung & Animation - Drawing & Animation\",\"description\":\"\",\"publisher\":{\"@id\":\"https:\\\/\\\/linesfiction.de\\\/lfd\\\/#organization\"},\"potentialAction\":[{\"@type\":\"SearchAction\",\"target\":{\"@type\":\"EntryPoint\",\"urlTemplate\":\"https:\\\/\\\/linesfiction.de\\\/lfd\\\/?s={search_term_string}\"},\"query-input\":{\"@type\":\"PropertyValueSpecification\",\"valueRequired\":true,\"valueName\":\"search_term_string\"}}],\"inLanguage\":\"de\"},{\"@type\":\"Organization\",\"@id\":\"https:\\\/\\\/linesfiction.de\\\/lfd\\\/#organization\",\"name\":\"Lines Fiction\",\"url\":\"https:\\\/\\\/linesfiction.de\\\/lfd\\\/\",\"logo\":{\"@type\":\"ImageObject\",\"inLanguage\":\"de\",\"@id\":\"https:\\\/\\\/linesfiction.de\\\/lfd\\\/#\\\/schema\\\/logo\\\/image\\\/\",\"url\":\"https:\\\/\\\/linesfiction.de\\\/lfd\\\/wp-content\\\/uploads\\\/2022\\\/12\\\/linesfiction_logo_instagram.jpg\",\"contentUrl\":\"https:\\\/\\\/linesfiction.de\\\/lfd\\\/wp-content\\\/uploads\\\/2022\\\/12\\\/linesfiction_logo_instagram.jpg\",\"width\":1080,\"height\":1077,\"caption\":\"Lines Fiction\"},\"image\":{\"@id\":\"https:\\\/\\\/linesfiction.de\\\/lfd\\\/#\\\/schema\\\/logo\\\/image\\\/\"},\"sameAs\":[\"https:\\\/\\\/www.facebook.com\\\/linesfiction\\\/\",\"https:\\\/\\\/x.com\\\/linesfiction\",\"https:\\\/\\\/www.instagram.com\\\/linesfiction\\\/\"]}]}<\/script>\n<!-- \/ Yoast SEO plugin. -->","yoast_head_json":{"title":"Aline Helmcke - Lines Fiction \u2605 Zeichnung &amp; Animation \u2605","robots":{"index":"index","follow":"follow","max-snippet":"max-snippet:-1","max-image-preview":"max-image-preview:large","max-video-preview":"max-video-preview:-1"},"canonical":"https:\/\/linesfiction.de\/lfd\/lines-fiction-online\/a-l\/aline-helmcke\/","og_locale":"de_DE","og_type":"article","og_title":"Aline Helmcke - Lines Fiction \u2605 Zeichnung &amp; Animation \u2605","og_description":"Fukt Magazin: Du hast dein MA, Studienabschluss in Animation am Royal College of Art in London gemacht. Zuvor hast du Zeichnung, Installation und experimentellen Film an der UdK Berlin studiert. Warum hast du dich auf Animation konzentriert? Was interessiert dich &hellip; Aline Helmcke Weiterlesen &raquo;","og_url":"https:\/\/linesfiction.de\/lfd\/lines-fiction-online\/a-l\/aline-helmcke\/","og_site_name":"Lines Fiction \u2605 Zeichnung &amp; Animation \u2605","article_publisher":"https:\/\/www.facebook.com\/linesfiction\/","article_modified_time":"2018-07-02T12:49:06+00:00","twitter_card":"summary_large_image","twitter_site":"@linesfiction","twitter_misc":{"Gesch\u00e4tzte Lesezeit":"3\u00a0Minuten"},"schema":{"@context":"https:\/\/schema.org","@graph":[{"@type":"WebPage","@id":"https:\/\/linesfiction.de\/lfd\/lines-fiction-online\/a-l\/aline-helmcke\/","url":"https:\/\/linesfiction.de\/lfd\/lines-fiction-online\/a-l\/aline-helmcke\/","name":"Aline Helmcke - Lines Fiction \u2605 Zeichnung &amp; Animation \u2605","isPartOf":{"@id":"https:\/\/linesfiction.de\/lfd\/#website"},"datePublished":"2012-01-02T17:32:56+00:00","dateModified":"2018-07-02T12:49:06+00:00","breadcrumb":{"@id":"https:\/\/linesfiction.de\/lfd\/lines-fiction-online\/a-l\/aline-helmcke\/#breadcrumb"},"inLanguage":"de","potentialAction":[{"@type":"ReadAction","target":["https:\/\/linesfiction.de\/lfd\/lines-fiction-online\/a-l\/aline-helmcke\/"]}]},{"@type":"BreadcrumbList","@id":"https:\/\/linesfiction.de\/lfd\/lines-fiction-online\/a-l\/aline-helmcke\/#breadcrumb","itemListElement":[{"@type":"ListItem","position":1,"name":"Startseite","item":"https:\/\/linesfiction.de\/lfd\/"},{"@type":"ListItem","position":2,"name":"Lines Fiction online","item":"https:\/\/linesfiction.de\/lfd\/lines-fiction-online\/"},{"@type":"ListItem","position":3,"name":"A &#8211; L","item":"https:\/\/linesfiction.de\/lfd\/lines-fiction-online\/a-l\/"},{"@type":"ListItem","position":4,"name":"Aline Helmcke"}]},{"@type":"WebSite","@id":"https:\/\/linesfiction.de\/lfd\/#website","url":"https:\/\/linesfiction.de\/lfd\/","name":"Lines Fiction - Zeichnung & Animation - Drawing & Animation","description":"","publisher":{"@id":"https:\/\/linesfiction.de\/lfd\/#organization"},"potentialAction":[{"@type":"SearchAction","target":{"@type":"EntryPoint","urlTemplate":"https:\/\/linesfiction.de\/lfd\/?s={search_term_string}"},"query-input":{"@type":"PropertyValueSpecification","valueRequired":true,"valueName":"search_term_string"}}],"inLanguage":"de"},{"@type":"Organization","@id":"https:\/\/linesfiction.de\/lfd\/#organization","name":"Lines Fiction","url":"https:\/\/linesfiction.de\/lfd\/","logo":{"@type":"ImageObject","inLanguage":"de","@id":"https:\/\/linesfiction.de\/lfd\/#\/schema\/logo\/image\/","url":"https:\/\/linesfiction.de\/lfd\/wp-content\/uploads\/2022\/12\/linesfiction_logo_instagram.jpg","contentUrl":"https:\/\/linesfiction.de\/lfd\/wp-content\/uploads\/2022\/12\/linesfiction_logo_instagram.jpg","width":1080,"height":1077,"caption":"Lines Fiction"},"image":{"@id":"https:\/\/linesfiction.de\/lfd\/#\/schema\/logo\/image\/"},"sameAs":["https:\/\/www.facebook.com\/linesfiction\/","https:\/\/x.com\/linesfiction","https:\/\/www.instagram.com\/linesfiction\/"]}]}},"_links":{"self":[{"href":"https:\/\/linesfiction.de\/lfd\/wp-json\/wp\/v2\/pages\/35","targetHints":{"allow":["GET"]}}],"collection":[{"href":"https:\/\/linesfiction.de\/lfd\/wp-json\/wp\/v2\/pages"}],"about":[{"href":"https:\/\/linesfiction.de\/lfd\/wp-json\/wp\/v2\/types\/page"}],"author":[{"embeddable":true,"href":"https:\/\/linesfiction.de\/lfd\/wp-json\/wp\/v2\/users\/7"}],"replies":[{"embeddable":true,"href":"https:\/\/linesfiction.de\/lfd\/wp-json\/wp\/v2\/comments?post=35"}],"version-history":[{"count":29,"href":"https:\/\/linesfiction.de\/lfd\/wp-json\/wp\/v2\/pages\/35\/revisions"}],"predecessor-version":[{"id":1739,"href":"https:\/\/linesfiction.de\/lfd\/wp-json\/wp\/v2\/pages\/35\/revisions\/1739"}],"up":[{"embeddable":true,"href":"https:\/\/linesfiction.de\/lfd\/wp-json\/wp\/v2\/pages\/501"}],"wp:attachment":[{"href":"https:\/\/linesfiction.de\/lfd\/wp-json\/wp\/v2\/media?parent=35"}],"curies":[{"name":"wp","href":"https:\/\/api.w.org\/{rel}","templated":true}]}}