{"id":364,"date":"2012-08-23T13:22:57","date_gmt":"2012-08-23T12:22:57","guid":{"rendered":"http:\/\/linesfiction.de\/lfd\/?page_id=364"},"modified":"2022-12-21T14:34:23","modified_gmt":"2022-12-21T13:34:23","slug":"katharina-meldner","status":"publish","type":"page","link":"https:\/\/linesfiction.de\/lfd\/lines-fiction-online\/m-z\/katharina-meldner\/","title":{"rendered":"Katharina Meldner"},"content":{"rendered":"<p><u>Lines Fiction: Mit der Pr\u00e4sentation Deines Filmes NOW erweitern wir ja das Feld der Animation, die auf LinesFiction pr\u00e4sentiert werden &#8211; Es geht im weitesten Sinne um das bewegte Bild, und um dein Verfahren, dieser Idee mit der Zeichnung zu folgen: Du animierst Ameisen, sich f\u00fcr das Video an bestimmte Stellen zu setzen und folgst ihren Spuren auch in Deiner Zeichnung, wie gehst Du da vor? <\/u><\/p>\n<p>Katharina Meldner: Im Film sind es die Ameisen selbst, die wie Punkte und Striche die Zeichnung repr\u00e4sentieren. In den Zeichnungen sind die Ameisen als von mir gezeichnete Spuren ihres Weges vorhanden. Der Film zeigt in einer einzigen Einstellung von 29:30 min (im ungek\u00fcrzten Original), das Entstehen und Zerfallen des Schriftzugs NOW als instabile, st\u00e4ndig wechselnde Konfiguration einer Gruppe von Ameisen. Auf einen Papierbogen schrieb ich mit Zuckerwasser das Wort NOW. Nach dem Wegtrocknen des Wassers wurde der Schriftzug wie eine Geheimtinte unsichtbar. Ich legte den Bogen auf den Boden eines kleinen Platzes, gelegen zwischen stark frequentierten Zu\u2010und Ausfahrten der Berliner Stadtautobahn. Ameisen n\u00e4hern sich dem Blatt und entdecken die winzigen, dem menschlichen Auge unsichtbaren Zuckerkristalle. Die ankommenden, fortstrebenden und zur\u00fcck kehrenden Ameisen erscheinen als ein Gewimmel von Punkten und kleinen Strichen, die auf den Zuckerspuren des Schriftzugs sich zu einer wechselnden, meist rudiment\u00e4ren Gestalt des Wortes NOW anordnen. In diesem Prozess entstehen zahllose Buchstaben \u2010und Wortfragmente, die nur kurzen Bestand haben. Nur zweimal in fast drei\u00dfig Minuten erscheint der vollst\u00e4ndige Schriftzug, und er zerf\u00e4llt in dem Moment, in dem man ihn entziffert. Zur visuell vermittelten Zeiterfahrung kontrastiert akustisch das insgesamt homogene Rauschen des Autoverkehrs. Der Film geh\u00f6rt in den Umkreis meiner Zeichnungen \u201eWege der Ameisen\u201c, die seit 1980 entstanden sind und Zeitabschnitte aus dem Leben mehrerer Ameisenpopulationen dokumentieren. In der N\u00e4he eines Nests, auf dem Zeichenblatt, oder in unmittelbarer N\u00e4he des Zeichenblattes, legte ich einen Futterplatz (mit Zuckerwasser), oder mehrere an. Ich verfolgte mit dem Stift die Bewegung jeweils einer Ameise, solange sie sich auf dem Blatt befand. Den Such\u2010und Erkundungsweg einer Ameise zog ich mit Bleistift nach. Den Weg einer Ameise, die Nahrung von der Futterstelle oder selbst erbeutete Nahrung(wie Insekten, K\u00e4fer)wegtransportierte, zog ich mit rotem Farbstift nach. Mit der Linie dokumentiere ich den Weg einer Ameise, die gleichsam meine Hand f\u00fchrt. Somit findet auch ein Austausch der Initiative statt (st\u00e4rker noch ausgepr\u00e4gt in den neueren Zeichnungen mit den Waldameisen). Aus der Position der Futterpl\u00e4tze auf dem Zeichenblatt, der Aktivit\u00e4t der Ameisen und der Dauer des Zeichenprozesses ergibt sich die Struktur der Zeichnung. Ich betrachte sie als einen r\u00e4umlichen und zeitlichen Ausschnitt aus einer imagin\u00e4ren Zeichnung, deren Linien sich unsichtbar \u00fcber den Bildrand fortsetzen und in den Nesteing\u00e4ngen verschwinden. Da meine zeichnende Hand nicht alle Ameisen erfassen kann, ist die abgeschlossene Zeichnung Teil einer imagin\u00e4ren Zeichnung, in der alle von mir nicht erfassten Weglinien enthalten sind, weit \u00fcber die Fl\u00e4che des Zeichenblattes hinaus, das ganze Terrain der Ameisenpopulation umfassend.<\/p>\n<p><u>Lines Fiction: Aus deinem vielf\u00e4ltigen zeichnerischen Werk bringe ich deine n\u00e4chtlichen Stadtgrundrisse der Stadtkarten\u2010Serie in Zusammenhang mit deiner Aufzeichnung der Ameisenwege. Diese Zeichnungen von 1980 bis 1990 erscheinen mir in ihrer Pr\u00e4sentation leerer Stra\u00dfen in wei\u00dfen Umrissen wie die dunkle, unheimliche Seite zu deinen quirligen Ameisenstra\u00dfen. Liege ich mit meiner Assoziation richtig?<\/u><\/p>\n<p>Katharina Meldner: Es gibt einen solchen Aspekt. Bei den Stadtkarten repr\u00e4sentiert das Schwarz das Unbekannte oder Vergessene. Aber auch die Ameisenzeichnungen tendieren zur schwarzen Fl\u00e4che. Es gibt Ameisen\u2010Zeichnungen von 1982, an denen ich sieben Tage, jeweils vier Stunden gearbeitet habe. Durch die \u00dcberlagerung der Weglinien entstand eine schwarze Graphitfl\u00e4che, in der die individuellen Weglinien der Ameisen nicht mehr sichtbar waren. Meine subjektiven Stadtkarten\u2010Serien entstanden zeitgleich mit den ersten Ameisen\u2010Zeichnungen w\u00e4hrend eines l\u00e4ngeren Stipendiums in Olevano\/Italien, 1980. Die Zeichnungen sind eine aus der Erinnerung gezeichnete kartographische Darstellung meines Wohnortes und der St\u00e4dte und Orte, in denen ich mich seit meiner Kindheit aufgehalten, oder in denen ich zeitweise gelebt habe. Ich habe versucht, die Erinnerung an das Sich\u2010in \u2013der\u2010Stadt \u2013 Befinden in die Vorstellung einer kartographischen Struktur, in ein \u00dcber\u2010der\u2010Stadt\u2010sein zu transformieren. Die Intensit\u00e4t der Farbe Wei\u00df gibt die Intensit\u00e4t meiner Vorstellung und Erinnerung bestimmter Gebiete und Stra\u00dfen wieder. Die Stadtkarten sind stets w\u00e4hrend meiner Abwesenheit vom betreffenden Ort entstanden. Es sind v\u00f6llig andere, von meinen eigenen verschiedene, subjektive Kartographien desselben Ortes denkbar. Mich fasziniert an beiden, den Ameisen wie den Stadtkarten, das in der Zeichnung Abwesende, auf das sie sich insgeheim bezieht. Es ist, bei den Zeichnungen mit Ameisen wie bei meinen subjektiven Stadtkarten, die imagin\u00e4re Zeichnung, aus der einzig die eigene zur Sichtbarkeit gelangt ist.<\/p>\n<p><a href=\"http:\/\/www.kunstaspekte.de\/index.php?action=webpages&amp;k=8755\" target=\"_blank\" rel=\"noopener\">kunstaspekte.de<\/a><\/p>\n","protected":false},"excerpt":{"rendered":"<p>Lines Fiction: Mit der Pr\u00e4sentation Deines Filmes NOW erweitern wir ja das Feld der Animation, die auf LinesFiction pr\u00e4sentiert werden &#8211; Es geht im weitesten Sinne um das bewegte Bild, und um dein Verfahren, dieser Idee mit der Zeichnung zu &hellip;<\/p>\n<p class=\"read-more\"> <a class=\"more-link\" href=\"https:\/\/linesfiction.de\/lfd\/lines-fiction-online\/m-z\/katharina-meldner\/\"> <span class=\"screen-reader-text\">Katharina Meldner<\/span> Weiterlesen &raquo;<\/a><\/p>\n","protected":false},"author":7,"featured_media":0,"parent":503,"menu_order":0,"comment_status":"closed","ping_status":"closed","template":"content-sidebar-page.php","meta":{"footnotes":""},"class_list":["post-364","page","type-page","status-publish","hentry"],"yoast_head":"<!-- This site is optimized with the Yoast SEO plugin v27.3 - https:\/\/yoast.com\/product\/yoast-seo-wordpress\/ -->\n<title>Katharina Meldner - Lines Fiction \u2605 Zeichnung &amp; Animation \u2605<\/title>\n<meta name=\"robots\" content=\"index, follow, max-snippet:-1, max-image-preview:large, max-video-preview:-1\" \/>\n<link rel=\"canonical\" href=\"https:\/\/linesfiction.de\/lfd\/lines-fiction-online\/m-z\/katharina-meldner\/\" \/>\n<meta property=\"og:locale\" content=\"de_DE\" \/>\n<meta property=\"og:type\" content=\"article\" \/>\n<meta property=\"og:title\" content=\"Katharina Meldner - Lines Fiction \u2605 Zeichnung &amp; Animation \u2605\" \/>\n<meta property=\"og:description\" content=\"Lines Fiction: Mit der Pr\u00e4sentation Deines Filmes NOW erweitern wir ja das Feld der Animation, die auf LinesFiction pr\u00e4sentiert werden &#8211; Es geht im weitesten Sinne um das bewegte Bild, und um dein Verfahren, dieser Idee mit der Zeichnung zu &hellip; Katharina Meldner Weiterlesen &raquo;\" \/>\n<meta property=\"og:url\" content=\"https:\/\/linesfiction.de\/lfd\/lines-fiction-online\/m-z\/katharina-meldner\/\" \/>\n<meta property=\"og:site_name\" content=\"Lines Fiction \u2605 Zeichnung &amp; Animation \u2605\" \/>\n<meta property=\"article:publisher\" content=\"https:\/\/www.facebook.com\/linesfiction\/\" \/>\n<meta property=\"article:modified_time\" content=\"2022-12-21T13:34:23+00:00\" \/>\n<meta name=\"twitter:card\" content=\"summary_large_image\" \/>\n<meta name=\"twitter:site\" content=\"@linesfiction\" \/>\n<meta name=\"twitter:label1\" content=\"Gesch\u00e4tzte Lesezeit\" \/>\n\t<meta name=\"twitter:data1\" content=\"4\u00a0Minuten\" \/>\n<script type=\"application\/ld+json\" class=\"yoast-schema-graph\">{\"@context\":\"https:\\\/\\\/schema.org\",\"@graph\":[{\"@type\":\"WebPage\",\"@id\":\"https:\\\/\\\/linesfiction.de\\\/lfd\\\/lines-fiction-online\\\/m-z\\\/katharina-meldner\\\/\",\"url\":\"https:\\\/\\\/linesfiction.de\\\/lfd\\\/lines-fiction-online\\\/m-z\\\/katharina-meldner\\\/\",\"name\":\"Katharina Meldner - Lines Fiction \u2605 Zeichnung &amp; Animation \u2605\",\"isPartOf\":{\"@id\":\"https:\\\/\\\/linesfiction.de\\\/lfd\\\/#website\"},\"datePublished\":\"2012-08-23T12:22:57+00:00\",\"dateModified\":\"2022-12-21T13:34:23+00:00\",\"breadcrumb\":{\"@id\":\"https:\\\/\\\/linesfiction.de\\\/lfd\\\/lines-fiction-online\\\/m-z\\\/katharina-meldner\\\/#breadcrumb\"},\"inLanguage\":\"de\",\"potentialAction\":[{\"@type\":\"ReadAction\",\"target\":[\"https:\\\/\\\/linesfiction.de\\\/lfd\\\/lines-fiction-online\\\/m-z\\\/katharina-meldner\\\/\"]}]},{\"@type\":\"BreadcrumbList\",\"@id\":\"https:\\\/\\\/linesfiction.de\\\/lfd\\\/lines-fiction-online\\\/m-z\\\/katharina-meldner\\\/#breadcrumb\",\"itemListElement\":[{\"@type\":\"ListItem\",\"position\":1,\"name\":\"Startseite\",\"item\":\"https:\\\/\\\/linesfiction.de\\\/lfd\\\/\"},{\"@type\":\"ListItem\",\"position\":2,\"name\":\"Lines Fiction online\",\"item\":\"https:\\\/\\\/linesfiction.de\\\/lfd\\\/lines-fiction-online\\\/\"},{\"@type\":\"ListItem\",\"position\":3,\"name\":\"M &#8211; Z\",\"item\":\"https:\\\/\\\/linesfiction.de\\\/lfd\\\/lines-fiction-online\\\/m-z\\\/\"},{\"@type\":\"ListItem\",\"position\":4,\"name\":\"Katharina Meldner\"}]},{\"@type\":\"WebSite\",\"@id\":\"https:\\\/\\\/linesfiction.de\\\/lfd\\\/#website\",\"url\":\"https:\\\/\\\/linesfiction.de\\\/lfd\\\/\",\"name\":\"Lines Fiction - Zeichnung & Animation - Drawing & Animation\",\"description\":\"\",\"publisher\":{\"@id\":\"https:\\\/\\\/linesfiction.de\\\/lfd\\\/#organization\"},\"potentialAction\":[{\"@type\":\"SearchAction\",\"target\":{\"@type\":\"EntryPoint\",\"urlTemplate\":\"https:\\\/\\\/linesfiction.de\\\/lfd\\\/?s={search_term_string}\"},\"query-input\":{\"@type\":\"PropertyValueSpecification\",\"valueRequired\":true,\"valueName\":\"search_term_string\"}}],\"inLanguage\":\"de\"},{\"@type\":\"Organization\",\"@id\":\"https:\\\/\\\/linesfiction.de\\\/lfd\\\/#organization\",\"name\":\"Lines Fiction\",\"url\":\"https:\\\/\\\/linesfiction.de\\\/lfd\\\/\",\"logo\":{\"@type\":\"ImageObject\",\"inLanguage\":\"de\",\"@id\":\"https:\\\/\\\/linesfiction.de\\\/lfd\\\/#\\\/schema\\\/logo\\\/image\\\/\",\"url\":\"https:\\\/\\\/linesfiction.de\\\/lfd\\\/wp-content\\\/uploads\\\/2022\\\/12\\\/linesfiction_logo_instagram.jpg\",\"contentUrl\":\"https:\\\/\\\/linesfiction.de\\\/lfd\\\/wp-content\\\/uploads\\\/2022\\\/12\\\/linesfiction_logo_instagram.jpg\",\"width\":1080,\"height\":1077,\"caption\":\"Lines Fiction\"},\"image\":{\"@id\":\"https:\\\/\\\/linesfiction.de\\\/lfd\\\/#\\\/schema\\\/logo\\\/image\\\/\"},\"sameAs\":[\"https:\\\/\\\/www.facebook.com\\\/linesfiction\\\/\",\"https:\\\/\\\/x.com\\\/linesfiction\",\"https:\\\/\\\/www.instagram.com\\\/linesfiction\\\/\"]}]}<\/script>\n<!-- \/ Yoast SEO plugin. -->","yoast_head_json":{"title":"Katharina Meldner - Lines Fiction \u2605 Zeichnung &amp; Animation \u2605","robots":{"index":"index","follow":"follow","max-snippet":"max-snippet:-1","max-image-preview":"max-image-preview:large","max-video-preview":"max-video-preview:-1"},"canonical":"https:\/\/linesfiction.de\/lfd\/lines-fiction-online\/m-z\/katharina-meldner\/","og_locale":"de_DE","og_type":"article","og_title":"Katharina Meldner - Lines Fiction \u2605 Zeichnung &amp; Animation \u2605","og_description":"Lines Fiction: Mit der Pr\u00e4sentation Deines Filmes NOW erweitern wir ja das Feld der Animation, die auf LinesFiction pr\u00e4sentiert werden &#8211; Es geht im weitesten Sinne um das bewegte Bild, und um dein Verfahren, dieser Idee mit der Zeichnung zu &hellip; Katharina Meldner Weiterlesen &raquo;","og_url":"https:\/\/linesfiction.de\/lfd\/lines-fiction-online\/m-z\/katharina-meldner\/","og_site_name":"Lines Fiction \u2605 Zeichnung &amp; Animation \u2605","article_publisher":"https:\/\/www.facebook.com\/linesfiction\/","article_modified_time":"2022-12-21T13:34:23+00:00","twitter_card":"summary_large_image","twitter_site":"@linesfiction","twitter_misc":{"Gesch\u00e4tzte Lesezeit":"4\u00a0Minuten"},"schema":{"@context":"https:\/\/schema.org","@graph":[{"@type":"WebPage","@id":"https:\/\/linesfiction.de\/lfd\/lines-fiction-online\/m-z\/katharina-meldner\/","url":"https:\/\/linesfiction.de\/lfd\/lines-fiction-online\/m-z\/katharina-meldner\/","name":"Katharina Meldner - Lines Fiction \u2605 Zeichnung &amp; Animation \u2605","isPartOf":{"@id":"https:\/\/linesfiction.de\/lfd\/#website"},"datePublished":"2012-08-23T12:22:57+00:00","dateModified":"2022-12-21T13:34:23+00:00","breadcrumb":{"@id":"https:\/\/linesfiction.de\/lfd\/lines-fiction-online\/m-z\/katharina-meldner\/#breadcrumb"},"inLanguage":"de","potentialAction":[{"@type":"ReadAction","target":["https:\/\/linesfiction.de\/lfd\/lines-fiction-online\/m-z\/katharina-meldner\/"]}]},{"@type":"BreadcrumbList","@id":"https:\/\/linesfiction.de\/lfd\/lines-fiction-online\/m-z\/katharina-meldner\/#breadcrumb","itemListElement":[{"@type":"ListItem","position":1,"name":"Startseite","item":"https:\/\/linesfiction.de\/lfd\/"},{"@type":"ListItem","position":2,"name":"Lines Fiction online","item":"https:\/\/linesfiction.de\/lfd\/lines-fiction-online\/"},{"@type":"ListItem","position":3,"name":"M &#8211; Z","item":"https:\/\/linesfiction.de\/lfd\/lines-fiction-online\/m-z\/"},{"@type":"ListItem","position":4,"name":"Katharina Meldner"}]},{"@type":"WebSite","@id":"https:\/\/linesfiction.de\/lfd\/#website","url":"https:\/\/linesfiction.de\/lfd\/","name":"Lines Fiction - Zeichnung & Animation - Drawing & Animation","description":"","publisher":{"@id":"https:\/\/linesfiction.de\/lfd\/#organization"},"potentialAction":[{"@type":"SearchAction","target":{"@type":"EntryPoint","urlTemplate":"https:\/\/linesfiction.de\/lfd\/?s={search_term_string}"},"query-input":{"@type":"PropertyValueSpecification","valueRequired":true,"valueName":"search_term_string"}}],"inLanguage":"de"},{"@type":"Organization","@id":"https:\/\/linesfiction.de\/lfd\/#organization","name":"Lines Fiction","url":"https:\/\/linesfiction.de\/lfd\/","logo":{"@type":"ImageObject","inLanguage":"de","@id":"https:\/\/linesfiction.de\/lfd\/#\/schema\/logo\/image\/","url":"https:\/\/linesfiction.de\/lfd\/wp-content\/uploads\/2022\/12\/linesfiction_logo_instagram.jpg","contentUrl":"https:\/\/linesfiction.de\/lfd\/wp-content\/uploads\/2022\/12\/linesfiction_logo_instagram.jpg","width":1080,"height":1077,"caption":"Lines Fiction"},"image":{"@id":"https:\/\/linesfiction.de\/lfd\/#\/schema\/logo\/image\/"},"sameAs":["https:\/\/www.facebook.com\/linesfiction\/","https:\/\/x.com\/linesfiction","https:\/\/www.instagram.com\/linesfiction\/"]}]}},"_links":{"self":[{"href":"https:\/\/linesfiction.de\/lfd\/wp-json\/wp\/v2\/pages\/364","targetHints":{"allow":["GET"]}}],"collection":[{"href":"https:\/\/linesfiction.de\/lfd\/wp-json\/wp\/v2\/pages"}],"about":[{"href":"https:\/\/linesfiction.de\/lfd\/wp-json\/wp\/v2\/types\/page"}],"author":[{"embeddable":true,"href":"https:\/\/linesfiction.de\/lfd\/wp-json\/wp\/v2\/users\/7"}],"replies":[{"embeddable":true,"href":"https:\/\/linesfiction.de\/lfd\/wp-json\/wp\/v2\/comments?post=364"}],"version-history":[{"count":17,"href":"https:\/\/linesfiction.de\/lfd\/wp-json\/wp\/v2\/pages\/364\/revisions"}],"predecessor-version":[{"id":3156,"href":"https:\/\/linesfiction.de\/lfd\/wp-json\/wp\/v2\/pages\/364\/revisions\/3156"}],"up":[{"embeddable":true,"href":"https:\/\/linesfiction.de\/lfd\/wp-json\/wp\/v2\/pages\/503"}],"wp:attachment":[{"href":"https:\/\/linesfiction.de\/lfd\/wp-json\/wp\/v2\/media?parent=364"}],"curies":[{"name":"wp","href":"https:\/\/api.w.org\/{rel}","templated":true}]}}