{"id":39,"date":"2012-01-02T18:33:50","date_gmt":"2012-01-02T17:33:50","guid":{"rendered":"http:\/\/linesfiction.de\/lf_d\/?page_id=39"},"modified":"2026-03-28T12:05:29","modified_gmt":"2026-03-28T11:05:29","slug":"matthias-beckmann","status":"publish","type":"page","link":"https:\/\/linesfiction.de\/lfd\/lines-fiction-online\/a-l\/matthias-beckmann\/","title":{"rendered":"Matthias Beckmann"},"content":{"rendered":"\n<p><u>Lines Fiction: In einem Interview mit ARTE 2009 hast du \u00fcber \u201cKeine Tricks\u201d als einem langsamen Film gesprochen. Was meinst du damit?<\/u><\/p>\n\n\n\n<p>Matthias Beckmann: als ich mit den Zeichnungen f\u00fcr den Film begonnen habe war meine erste Idee nicht, einen Film zu machen sondern eine Zeichnung, die sich sehr langsam in Form und Inhalt ver\u00e4ndert. So w\u00e4re eine ganz langsame Bewegung f\u00fcr die Metamorphose n\u00f6tig.<br>\nIch wollte einen Film ohne Plan machen &#8211; ohne irgendwelche Schnitte &#8211; nur einfach anfangen, mich \u00fcberraschen lassen von der Richtung, die die Linien und Aktionen von selbst nehmen. Eine weitere Idee war es, nur Dinge um mich herum zu zeichnen ohne den Einsatz von Fotos oder Filmen. So wie ich normalerweise vor Ort an \u00f6ffentlichen Pl\u00e4tzen wie Museen, Kirchen, Krankenh\u00e4usern, Fabriken etc. arbeite, dachte ich der beste Ort f\u00fcr dieses Vorhaben w\u00e4re mein eigenes Studio. So geschieht alles in diesem Film auf meinem Zeichentisch. Da sieht man meine Lampe, das Tesaband, eine Schere, und zu Beginn des Filmes kann man sogar durch das Fenster sehen und sehen, was ich sehe, wenn ich da sitze. Auf diese Weise ist mein Film eine Dokumentation, wie meine Zeichnungen.<br>\nAuch die Verweise auf die Kunstgeschichte, auf D\u00fcrer, Picasso, Hokusai und Menzel ( vertreten durch ein verstecktes und fragmentiertes Zitat: \u201cAlles Zeichnen ist n\u00fctzlich, und Alles zeichnen auch\u201d), sind dem Gesehenen entnommen, stammen aus den Kunstb\u00fcchern, die auf meinem Tisch liegen. Der Film ist eine pers\u00f6nliche Hommage an einige der gr\u00f6\u00dften Zeichner. F\u00fcr einige Zeit sind all diese Helden am Leben und bewegen sich \u00fcber meinen kleinen Tisch. Das macht Spa\u00df.<\/p>\n\n\n\n<p>Du siehst, ich hab begonnen zu reden und nach und nach vergessen, auf deine Frage zu antworten. Zeit ist wesentlich. Es braucht Zeit, eine Zeichnung zu erstellen und es braucht auch Zeit, zeichnen zu lernen. \u201cKeine Tricks\u201d ist ein langsamer Film, der aus einer gro\u00dfen Menge Zeichnungen auf Papier heraus entstand. W\u00e4hrend ich zeichnete habe ich die Bewegung der Zeichnungen nie gesehen, denn ich benutze kein Computerprogramm. Nach ungef\u00e4hr zwei Jahren, oft unterbrochen durch andere Projekte, wendete ich mich an Walter Lennertz vom Film Studio der UdK Berlin (Universit\u00e4t der K\u00fcnste Berlin), und er half mir den Film zu produzieren. Erst dann, ganz am Ende, sah ich den Film und fast nichts wurde ver\u00e4ndert.<br>\nAls Zeichner, der kein professioneller Filmemacher ist versuchte ich nicht, besonders schnell, trickreich und perfekt zu sein, wie es Spezialisten sind. Ich wollte die Bewegung langsam, um es leichter zu machen der Bewegung zu folgen, die der Stift macht. Ich liebe die langsame Bewegung der Linie schon w\u00e4hrend ich zeichne.<\/p>\n\n\n\n<p><u>Lines Fiction: Du bist bekannt als der Zeichner, der seine Umgebung protokolliert. Du dokumentierst spezielle Orte &#8211; Museen und K\u00fcnstlerstudios &#8211; in Bleistiftzeichnungen, die du in Ausstellungen zeigst. Ich habe gesehen, dass du die 6000 Zeichnungen f\u00fcr deinen Film \u201cKeine Tricks\u201d in einem Ringbuch sammelst, werden diese Zeichnungen Teil einer Ausstellung sein?<\/u><\/p>\n\n\n\n<p>Matthias Beckmann: die Zeichnungen sind jetzt in 14 Aktenordnern untergebracht, was ziemlich b\u00fcrokratisch aussieht. Als ich den Film 2009 zum erstenmal zeigte, habe ich einige davon ausgestellt, um zu zeigen, dass der Film aus einer Menge kleiner Zeichnungen entstanden ist. Und auch damit die Besucher eine begrenzte und signierte Edition kaufen, bestehend aus einer DVD und einer Handzeichnung. Inzwischen denke ich, es ist besser sie nicht zusammen mit dem Film zu zeigen. Zeige niemals das Werk zusammen mit dem Schwei\u00df der geflossen ist bei der Erstellung eines Kunstwerks. Es soll alles leicht und nat\u00fcrlich wirken.<\/p>\n\n\n\n<p>Ich sch\u00e4tze die Zeichnungen f\u00fcr den Film, aber irgendwie sind sie unterschiedlich von den Zeichnungen, die eigenst\u00e4ndig entstanden sind. Vielleicht kann man das Ph\u00e4nomen anhand von griechischen Skulpturen wie dem Diskuswerfer verdeutlichen. In einem klassischen Kunstwerk &#8211; einer Skulptur, einem Bild oder einer Zeichnung &#8211; sollte die ganze Bewegung in einer einzigen Position repr\u00e4sentiert sein. Die Griechen w\u00e4hlten den &#8222;fruchtbaren Moment&#8220; , eine Position, die Auskunft geben sollte \u00fcber das was davor geschehen war und danach geschehen w\u00fcrde. Das f\u00fchrt zu einem m\u00e4chtigen, autonomen Bild. Die verschiedenen Zwischenbilder einer Sequenz haben dies Kraft nicht, denn sie sind nicht daf\u00fcr entstanden, lange und isoliert von den \u00fcbrigen Bildern betrachtet zu werden.<\/p>\n\n\n\n<p><a href=\"http:\/\/www.matthiasbeckmann.com\">www.matthiasbeckmann.com<\/a><\/p>\n","protected":false},"excerpt":{"rendered":"<p>Lines Fiction: In einem Interview mit ARTE 2009 hast du \u00fcber \u201cKeine Tricks\u201d als einem langsamen Film gesprochen. Was meinst du damit? Matthias Beckmann: als ich mit den Zeichnungen f\u00fcr den Film begonnen habe war meine erste Idee nicht, einen &hellip;<\/p>\n<p class=\"read-more\"> <a class=\"more-link\" href=\"https:\/\/linesfiction.de\/lfd\/lines-fiction-online\/a-l\/matthias-beckmann\/\"> <span class=\"screen-reader-text\">Matthias Beckmann<\/span> Weiterlesen &raquo;<\/a><\/p>\n","protected":false},"author":9,"featured_media":0,"parent":501,"menu_order":0,"comment_status":"closed","ping_status":"closed","template":"","meta":{"footnotes":""},"class_list":["post-39","page","type-page","status-publish","hentry"],"yoast_head":"<!-- This site is optimized with the Yoast SEO plugin v27.3 - https:\/\/yoast.com\/product\/yoast-seo-wordpress\/ -->\n<title>Matthias Beckmann - Lines Fiction \u2605 Zeichnung &amp; Animation \u2605<\/title>\n<meta name=\"robots\" content=\"index, follow, max-snippet:-1, max-image-preview:large, max-video-preview:-1\" \/>\n<link rel=\"canonical\" href=\"https:\/\/linesfiction.de\/lfd\/lines-fiction-online\/a-l\/matthias-beckmann\/\" \/>\n<meta property=\"og:locale\" content=\"de_DE\" \/>\n<meta property=\"og:type\" content=\"article\" \/>\n<meta property=\"og:title\" content=\"Matthias Beckmann - Lines Fiction \u2605 Zeichnung &amp; Animation \u2605\" \/>\n<meta property=\"og:description\" content=\"Lines Fiction: In einem Interview mit ARTE 2009 hast du \u00fcber \u201cKeine Tricks\u201d als einem langsamen Film gesprochen. Was meinst du damit? Matthias Beckmann: als ich mit den Zeichnungen f\u00fcr den Film begonnen habe war meine erste Idee nicht, einen &hellip; Matthias Beckmann Weiterlesen &raquo;\" \/>\n<meta property=\"og:url\" content=\"https:\/\/linesfiction.de\/lfd\/lines-fiction-online\/a-l\/matthias-beckmann\/\" \/>\n<meta property=\"og:site_name\" content=\"Lines Fiction \u2605 Zeichnung &amp; Animation \u2605\" \/>\n<meta property=\"article:publisher\" content=\"https:\/\/www.facebook.com\/linesfiction\/\" \/>\n<meta property=\"article:modified_time\" content=\"2026-03-28T11:05:29+00:00\" \/>\n<meta name=\"twitter:card\" content=\"summary_large_image\" \/>\n<meta name=\"twitter:site\" content=\"@linesfiction\" \/>\n<meta name=\"twitter:label1\" content=\"Gesch\u00e4tzte Lesezeit\" \/>\n\t<meta name=\"twitter:data1\" content=\"4\u00a0Minuten\" \/>\n<script type=\"application\/ld+json\" class=\"yoast-schema-graph\">{\"@context\":\"https:\\\/\\\/schema.org\",\"@graph\":[{\"@type\":\"WebPage\",\"@id\":\"https:\\\/\\\/linesfiction.de\\\/lfd\\\/lines-fiction-online\\\/a-l\\\/matthias-beckmann\\\/\",\"url\":\"https:\\\/\\\/linesfiction.de\\\/lfd\\\/lines-fiction-online\\\/a-l\\\/matthias-beckmann\\\/\",\"name\":\"Matthias Beckmann - Lines Fiction \u2605 Zeichnung &amp; Animation \u2605\",\"isPartOf\":{\"@id\":\"https:\\\/\\\/linesfiction.de\\\/lfd\\\/#website\"},\"datePublished\":\"2012-01-02T17:33:50+00:00\",\"dateModified\":\"2026-03-28T11:05:29+00:00\",\"breadcrumb\":{\"@id\":\"https:\\\/\\\/linesfiction.de\\\/lfd\\\/lines-fiction-online\\\/a-l\\\/matthias-beckmann\\\/#breadcrumb\"},\"inLanguage\":\"de\",\"potentialAction\":[{\"@type\":\"ReadAction\",\"target\":[\"https:\\\/\\\/linesfiction.de\\\/lfd\\\/lines-fiction-online\\\/a-l\\\/matthias-beckmann\\\/\"]}]},{\"@type\":\"BreadcrumbList\",\"@id\":\"https:\\\/\\\/linesfiction.de\\\/lfd\\\/lines-fiction-online\\\/a-l\\\/matthias-beckmann\\\/#breadcrumb\",\"itemListElement\":[{\"@type\":\"ListItem\",\"position\":1,\"name\":\"Startseite\",\"item\":\"https:\\\/\\\/linesfiction.de\\\/lfd\\\/\"},{\"@type\":\"ListItem\",\"position\":2,\"name\":\"Lines Fiction online\",\"item\":\"https:\\\/\\\/linesfiction.de\\\/lfd\\\/lines-fiction-online\\\/\"},{\"@type\":\"ListItem\",\"position\":3,\"name\":\"A &#8211; L\",\"item\":\"https:\\\/\\\/linesfiction.de\\\/lfd\\\/lines-fiction-online\\\/a-l\\\/\"},{\"@type\":\"ListItem\",\"position\":4,\"name\":\"Matthias Beckmann\"}]},{\"@type\":\"WebSite\",\"@id\":\"https:\\\/\\\/linesfiction.de\\\/lfd\\\/#website\",\"url\":\"https:\\\/\\\/linesfiction.de\\\/lfd\\\/\",\"name\":\"Lines Fiction - Zeichnung & Animation - Drawing & Animation\",\"description\":\"\",\"publisher\":{\"@id\":\"https:\\\/\\\/linesfiction.de\\\/lfd\\\/#organization\"},\"potentialAction\":[{\"@type\":\"SearchAction\",\"target\":{\"@type\":\"EntryPoint\",\"urlTemplate\":\"https:\\\/\\\/linesfiction.de\\\/lfd\\\/?s={search_term_string}\"},\"query-input\":{\"@type\":\"PropertyValueSpecification\",\"valueRequired\":true,\"valueName\":\"search_term_string\"}}],\"inLanguage\":\"de\"},{\"@type\":\"Organization\",\"@id\":\"https:\\\/\\\/linesfiction.de\\\/lfd\\\/#organization\",\"name\":\"Lines Fiction\",\"url\":\"https:\\\/\\\/linesfiction.de\\\/lfd\\\/\",\"logo\":{\"@type\":\"ImageObject\",\"inLanguage\":\"de\",\"@id\":\"https:\\\/\\\/linesfiction.de\\\/lfd\\\/#\\\/schema\\\/logo\\\/image\\\/\",\"url\":\"https:\\\/\\\/linesfiction.de\\\/lfd\\\/wp-content\\\/uploads\\\/2022\\\/12\\\/linesfiction_logo_instagram.jpg\",\"contentUrl\":\"https:\\\/\\\/linesfiction.de\\\/lfd\\\/wp-content\\\/uploads\\\/2022\\\/12\\\/linesfiction_logo_instagram.jpg\",\"width\":1080,\"height\":1077,\"caption\":\"Lines Fiction\"},\"image\":{\"@id\":\"https:\\\/\\\/linesfiction.de\\\/lfd\\\/#\\\/schema\\\/logo\\\/image\\\/\"},\"sameAs\":[\"https:\\\/\\\/www.facebook.com\\\/linesfiction\\\/\",\"https:\\\/\\\/x.com\\\/linesfiction\",\"https:\\\/\\\/www.instagram.com\\\/linesfiction\\\/\"]}]}<\/script>\n<!-- \/ Yoast SEO plugin. -->","yoast_head_json":{"title":"Matthias Beckmann - Lines Fiction \u2605 Zeichnung &amp; Animation \u2605","robots":{"index":"index","follow":"follow","max-snippet":"max-snippet:-1","max-image-preview":"max-image-preview:large","max-video-preview":"max-video-preview:-1"},"canonical":"https:\/\/linesfiction.de\/lfd\/lines-fiction-online\/a-l\/matthias-beckmann\/","og_locale":"de_DE","og_type":"article","og_title":"Matthias Beckmann - Lines Fiction \u2605 Zeichnung &amp; Animation \u2605","og_description":"Lines Fiction: In einem Interview mit ARTE 2009 hast du \u00fcber \u201cKeine Tricks\u201d als einem langsamen Film gesprochen. Was meinst du damit? Matthias Beckmann: als ich mit den Zeichnungen f\u00fcr den Film begonnen habe war meine erste Idee nicht, einen &hellip; Matthias Beckmann Weiterlesen &raquo;","og_url":"https:\/\/linesfiction.de\/lfd\/lines-fiction-online\/a-l\/matthias-beckmann\/","og_site_name":"Lines Fiction \u2605 Zeichnung &amp; Animation \u2605","article_publisher":"https:\/\/www.facebook.com\/linesfiction\/","article_modified_time":"2026-03-28T11:05:29+00:00","twitter_card":"summary_large_image","twitter_site":"@linesfiction","twitter_misc":{"Gesch\u00e4tzte Lesezeit":"4\u00a0Minuten"},"schema":{"@context":"https:\/\/schema.org","@graph":[{"@type":"WebPage","@id":"https:\/\/linesfiction.de\/lfd\/lines-fiction-online\/a-l\/matthias-beckmann\/","url":"https:\/\/linesfiction.de\/lfd\/lines-fiction-online\/a-l\/matthias-beckmann\/","name":"Matthias Beckmann - Lines Fiction \u2605 Zeichnung &amp; Animation \u2605","isPartOf":{"@id":"https:\/\/linesfiction.de\/lfd\/#website"},"datePublished":"2012-01-02T17:33:50+00:00","dateModified":"2026-03-28T11:05:29+00:00","breadcrumb":{"@id":"https:\/\/linesfiction.de\/lfd\/lines-fiction-online\/a-l\/matthias-beckmann\/#breadcrumb"},"inLanguage":"de","potentialAction":[{"@type":"ReadAction","target":["https:\/\/linesfiction.de\/lfd\/lines-fiction-online\/a-l\/matthias-beckmann\/"]}]},{"@type":"BreadcrumbList","@id":"https:\/\/linesfiction.de\/lfd\/lines-fiction-online\/a-l\/matthias-beckmann\/#breadcrumb","itemListElement":[{"@type":"ListItem","position":1,"name":"Startseite","item":"https:\/\/linesfiction.de\/lfd\/"},{"@type":"ListItem","position":2,"name":"Lines Fiction online","item":"https:\/\/linesfiction.de\/lfd\/lines-fiction-online\/"},{"@type":"ListItem","position":3,"name":"A &#8211; L","item":"https:\/\/linesfiction.de\/lfd\/lines-fiction-online\/a-l\/"},{"@type":"ListItem","position":4,"name":"Matthias Beckmann"}]},{"@type":"WebSite","@id":"https:\/\/linesfiction.de\/lfd\/#website","url":"https:\/\/linesfiction.de\/lfd\/","name":"Lines Fiction - Zeichnung & Animation - Drawing & Animation","description":"","publisher":{"@id":"https:\/\/linesfiction.de\/lfd\/#organization"},"potentialAction":[{"@type":"SearchAction","target":{"@type":"EntryPoint","urlTemplate":"https:\/\/linesfiction.de\/lfd\/?s={search_term_string}"},"query-input":{"@type":"PropertyValueSpecification","valueRequired":true,"valueName":"search_term_string"}}],"inLanguage":"de"},{"@type":"Organization","@id":"https:\/\/linesfiction.de\/lfd\/#organization","name":"Lines Fiction","url":"https:\/\/linesfiction.de\/lfd\/","logo":{"@type":"ImageObject","inLanguage":"de","@id":"https:\/\/linesfiction.de\/lfd\/#\/schema\/logo\/image\/","url":"https:\/\/linesfiction.de\/lfd\/wp-content\/uploads\/2022\/12\/linesfiction_logo_instagram.jpg","contentUrl":"https:\/\/linesfiction.de\/lfd\/wp-content\/uploads\/2022\/12\/linesfiction_logo_instagram.jpg","width":1080,"height":1077,"caption":"Lines Fiction"},"image":{"@id":"https:\/\/linesfiction.de\/lfd\/#\/schema\/logo\/image\/"},"sameAs":["https:\/\/www.facebook.com\/linesfiction\/","https:\/\/x.com\/linesfiction","https:\/\/www.instagram.com\/linesfiction\/"]}]}},"_links":{"self":[{"href":"https:\/\/linesfiction.de\/lfd\/wp-json\/wp\/v2\/pages\/39","targetHints":{"allow":["GET"]}}],"collection":[{"href":"https:\/\/linesfiction.de\/lfd\/wp-json\/wp\/v2\/pages"}],"about":[{"href":"https:\/\/linesfiction.de\/lfd\/wp-json\/wp\/v2\/types\/page"}],"author":[{"embeddable":true,"href":"https:\/\/linesfiction.de\/lfd\/wp-json\/wp\/v2\/users\/9"}],"replies":[{"embeddable":true,"href":"https:\/\/linesfiction.de\/lfd\/wp-json\/wp\/v2\/comments?post=39"}],"version-history":[{"count":17,"href":"https:\/\/linesfiction.de\/lfd\/wp-json\/wp\/v2\/pages\/39\/revisions"}],"predecessor-version":[{"id":3946,"href":"https:\/\/linesfiction.de\/lfd\/wp-json\/wp\/v2\/pages\/39\/revisions\/3946"}],"up":[{"embeddable":true,"href":"https:\/\/linesfiction.de\/lfd\/wp-json\/wp\/v2\/pages\/501"}],"wp:attachment":[{"href":"https:\/\/linesfiction.de\/lfd\/wp-json\/wp\/v2\/media?parent=39"}],"curies":[{"name":"wp","href":"https:\/\/api.w.org\/{rel}","templated":true}]}}