{"id":391,"date":"2012-10-11T23:22:48","date_gmt":"2012-10-11T22:22:48","guid":{"rendered":"http:\/\/linesfiction.de\/lfd\/?page_id=391"},"modified":"2022-12-21T14:39:45","modified_gmt":"2022-12-21T13:39:45","slug":"norbert-trummer","status":"publish","type":"page","link":"https:\/\/linesfiction.de\/lfd\/lines-fiction-online\/m-z\/norbert-trummer\/","title":{"rendered":"Norbert Trummer"},"content":{"rendered":"<p><u>Lines Fiction: Du pr\u00e4sentierst deine Zeichnungen als Bildergeschichten, publiziert in handlichen, sch\u00f6n gestalteten K\u00fcnstlerb\u00fcchern. Jedes Buch schlie\u00dft eine Animation auf DVD ein. Zusammen bilden beide Medien, Animation und Zeichnung auf Papier, eine Einheit, und betonen dabei gleichzeitig die unterschiedlichen Aspekte von Zeichnung und Animation. Kam dieses Konzept ganz einfach zustande oder fandst du es urspr\u00fcnglich problematisch, deine Zeichnungen als Einzelwerke in Ausstellungen zu zeigen?<\/u><\/p>\n<p>Norbert Trummer: Dieses Konzept entstand ganz von selbst. Zeichnungen in B\u00fcchern zu zeigen gibt mir die M\u00f6glichkeit, mehr Menschen mit meiner Arbeit zu erreichen, es bekommt also einen demokratischen Aspekt. Jeder der das mag, kann so ein Buch kaufen. Du kannst das ganze Projekt mit nach Hause nehmen und mu\u00dft nicht viel Geld daf\u00fcr aufwenden.<\/p>\n<p>Mir ist es besonders wichtig, da\u00df die Zeichnungen im Buch in Originalgr\u00f6\u00dfe gedruckt werden, man bekommt also eine ganz gute Vorstellung von den Originalzeichnungen. Wie man sieht, sind sie ziemlich klein. Das erlaubt mir, zu den Orten, an denen ich zeichne so wenig wie m\u00f6glich mitzuschleppen. Am Flu\u00dfufer der Moldau bei Krumlov brauchte ich nur einen Tintenstift und eine B\u00fcchse mit Farbstiften.<\/p>\n<p>&#8222;Krumlovsommer&#8220; ist mein erstes Projekt in diesem Format, und wenn du das Buch \u00f6ffnest geh\u00f6rt immer die linke und rechte Buchseite zusammen. Diese &#8222;Doppelseiten&#8220; entsprechen einem Ort, alle gezeichneten Szenen werden von dieser Stelle aus betrachtet, und die Zeichnungen zusammen erscheinen sozusagen als \u00dcberblick \u00fcber die Details.<\/p>\n<p>Obwohl die Zeichnungen irgendwie an Comic Strips erinnern, erz\u00e4hlen sie weniger eine Geschichte, als da\u00df sie die Zeit deutlich machen, die vergeht, w\u00e4hrend ich an meinen &#8222;Beobachtungen&#8220; der Vorg\u00e4nge am Ufer der Moldau zeichne.<\/p>\n<p><u>Lines Fiction: Auf den ersten Blick in dein Buch k\u00f6nnte man wirklich an Comic Strips oder an ein Storyboard denken, aber man bekommt bald einen ganz anderen Eindruck. Die Zeichnungen in &#8222;Krumlovsommer&#8220; zeigen eine lose Folge von Momenten auf Papier, sommerliche Impressionen an der Moldau nahe Krumlov in Tschechien. Da ist ganz wenig Text und ganz viel Atmosph\u00e4re. Deine Animation &#8222;Krumlovsommer&#8220; verst\u00e4rkt das Atmosph\u00e4rische noch, sie erscheint wie Schnappsch\u00fcsse unter schwappendem Wasser. Verstehst du diesen Film als Steigerung der Bildergeschichte oder kann er f\u00fcr dich auch alleine stehen?<\/u><\/p>\n<p>Norbert Trummer: Mir gef\u00e4llt es, Zeichnung, Malerei und Film zu kombinieren, und mein Arbeitsproze\u00df stellt eine Beziehung zwischen den Medien her. Zuerst zeichne ich alles vor Ort genau so, wie es nachher im Buch erscheint, in der Gr\u00f6\u00dfe von 10,5 x 15 cm. Sp\u00e4ter w\u00e4hle ich aus diesen Zeichnungen bestimmte Motive f\u00fcr kleine Malereien aus. F\u00fcr &#8222;Krumlovsommer&#8220; entstanden aus jedem Motiv jeweils Serien von drei Bildern, mit Eitempera auf Papier, in der Gr\u00f6\u00dfe von 10 x 14 cm. Diese kleinen Malereien sind die Basis f\u00fcr die Animation, die Unterschiede im Malproze\u00df verursachen den schwappenden Eindruck in der Bewegung.<\/p>\n<p>In Ausstellungen zeige ich die Zeichnungen, die Malereien und den Film. Aber ich gebe jedem Medium am liebsten seinen eigenen Raum. Es ist f\u00fcr mich wichtig, da\u00df jedes Medium als Teil meines Konzeptes f\u00fcr sich stehen kann.<\/p>\n<p>B\u00fccher\/DVDs von Norbert Trummer in der <a href=\"http:\/\/www.bibliothekderprovinz.at\/\" target=\"_blank\" rel=\"noopener\">Bibliothek der Provinz<\/a><\/p>\n","protected":false},"excerpt":{"rendered":"<p>Lines Fiction: Du pr\u00e4sentierst deine Zeichnungen als Bildergeschichten, publiziert in handlichen, sch\u00f6n gestalteten K\u00fcnstlerb\u00fcchern. Jedes Buch schlie\u00dft eine Animation auf DVD ein. Zusammen bilden beide Medien, Animation und Zeichnung auf Papier, eine Einheit, und betonen dabei gleichzeitig die unterschiedlichen Aspekte &hellip;<\/p>\n<p class=\"read-more\"> <a class=\"more-link\" href=\"https:\/\/linesfiction.de\/lfd\/lines-fiction-online\/m-z\/norbert-trummer\/\"> <span class=\"screen-reader-text\">Norbert Trummer<\/span> Weiterlesen &raquo;<\/a><\/p>\n","protected":false},"author":7,"featured_media":0,"parent":503,"menu_order":0,"comment_status":"closed","ping_status":"closed","template":"bg\/content-sidebar-page.php","meta":{"footnotes":""},"class_list":["post-391","page","type-page","status-publish","hentry"],"yoast_head":"<!-- This site is optimized with the Yoast SEO plugin v27.3 - https:\/\/yoast.com\/product\/yoast-seo-wordpress\/ -->\n<title>Norbert Trummer - Lines Fiction \u2605 Zeichnung &amp; Animation \u2605<\/title>\n<meta name=\"robots\" content=\"index, follow, max-snippet:-1, max-image-preview:large, max-video-preview:-1\" \/>\n<link rel=\"canonical\" href=\"https:\/\/linesfiction.de\/lfd\/lines-fiction-online\/m-z\/norbert-trummer\/\" \/>\n<meta property=\"og:locale\" content=\"de_DE\" \/>\n<meta property=\"og:type\" content=\"article\" \/>\n<meta property=\"og:title\" content=\"Norbert Trummer - Lines Fiction \u2605 Zeichnung &amp; Animation \u2605\" \/>\n<meta property=\"og:description\" content=\"Lines Fiction: Du pr\u00e4sentierst deine Zeichnungen als Bildergeschichten, publiziert in handlichen, sch\u00f6n gestalteten K\u00fcnstlerb\u00fcchern. Jedes Buch schlie\u00dft eine Animation auf DVD ein. Zusammen bilden beide Medien, Animation und Zeichnung auf Papier, eine Einheit, und betonen dabei gleichzeitig die unterschiedlichen Aspekte &hellip; Norbert Trummer Weiterlesen &raquo;\" \/>\n<meta property=\"og:url\" content=\"https:\/\/linesfiction.de\/lfd\/lines-fiction-online\/m-z\/norbert-trummer\/\" \/>\n<meta property=\"og:site_name\" content=\"Lines Fiction \u2605 Zeichnung &amp; Animation \u2605\" \/>\n<meta property=\"article:publisher\" content=\"https:\/\/www.facebook.com\/linesfiction\/\" \/>\n<meta property=\"article:modified_time\" content=\"2022-12-21T13:39:45+00:00\" \/>\n<meta name=\"twitter:card\" content=\"summary_large_image\" \/>\n<meta name=\"twitter:site\" content=\"@linesfiction\" \/>\n<meta name=\"twitter:label1\" content=\"Gesch\u00e4tzte Lesezeit\" \/>\n\t<meta name=\"twitter:data1\" content=\"3\u00a0Minuten\" \/>\n<script type=\"application\/ld+json\" class=\"yoast-schema-graph\">{\"@context\":\"https:\\\/\\\/schema.org\",\"@graph\":[{\"@type\":\"WebPage\",\"@id\":\"https:\\\/\\\/linesfiction.de\\\/lfd\\\/lines-fiction-online\\\/m-z\\\/norbert-trummer\\\/\",\"url\":\"https:\\\/\\\/linesfiction.de\\\/lfd\\\/lines-fiction-online\\\/m-z\\\/norbert-trummer\\\/\",\"name\":\"Norbert Trummer - Lines Fiction \u2605 Zeichnung &amp; Animation \u2605\",\"isPartOf\":{\"@id\":\"https:\\\/\\\/linesfiction.de\\\/lfd\\\/#website\"},\"datePublished\":\"2012-10-11T22:22:48+00:00\",\"dateModified\":\"2022-12-21T13:39:45+00:00\",\"breadcrumb\":{\"@id\":\"https:\\\/\\\/linesfiction.de\\\/lfd\\\/lines-fiction-online\\\/m-z\\\/norbert-trummer\\\/#breadcrumb\"},\"inLanguage\":\"de\",\"potentialAction\":[{\"@type\":\"ReadAction\",\"target\":[\"https:\\\/\\\/linesfiction.de\\\/lfd\\\/lines-fiction-online\\\/m-z\\\/norbert-trummer\\\/\"]}]},{\"@type\":\"BreadcrumbList\",\"@id\":\"https:\\\/\\\/linesfiction.de\\\/lfd\\\/lines-fiction-online\\\/m-z\\\/norbert-trummer\\\/#breadcrumb\",\"itemListElement\":[{\"@type\":\"ListItem\",\"position\":1,\"name\":\"Startseite\",\"item\":\"https:\\\/\\\/linesfiction.de\\\/lfd\\\/\"},{\"@type\":\"ListItem\",\"position\":2,\"name\":\"Lines Fiction online\",\"item\":\"https:\\\/\\\/linesfiction.de\\\/lfd\\\/lines-fiction-online\\\/\"},{\"@type\":\"ListItem\",\"position\":3,\"name\":\"M &#8211; Z\",\"item\":\"https:\\\/\\\/linesfiction.de\\\/lfd\\\/lines-fiction-online\\\/m-z\\\/\"},{\"@type\":\"ListItem\",\"position\":4,\"name\":\"Norbert Trummer\"}]},{\"@type\":\"WebSite\",\"@id\":\"https:\\\/\\\/linesfiction.de\\\/lfd\\\/#website\",\"url\":\"https:\\\/\\\/linesfiction.de\\\/lfd\\\/\",\"name\":\"Lines Fiction - Zeichnung & Animation - Drawing & Animation\",\"description\":\"\",\"publisher\":{\"@id\":\"https:\\\/\\\/linesfiction.de\\\/lfd\\\/#organization\"},\"potentialAction\":[{\"@type\":\"SearchAction\",\"target\":{\"@type\":\"EntryPoint\",\"urlTemplate\":\"https:\\\/\\\/linesfiction.de\\\/lfd\\\/?s={search_term_string}\"},\"query-input\":{\"@type\":\"PropertyValueSpecification\",\"valueRequired\":true,\"valueName\":\"search_term_string\"}}],\"inLanguage\":\"de\"},{\"@type\":\"Organization\",\"@id\":\"https:\\\/\\\/linesfiction.de\\\/lfd\\\/#organization\",\"name\":\"Lines Fiction\",\"url\":\"https:\\\/\\\/linesfiction.de\\\/lfd\\\/\",\"logo\":{\"@type\":\"ImageObject\",\"inLanguage\":\"de\",\"@id\":\"https:\\\/\\\/linesfiction.de\\\/lfd\\\/#\\\/schema\\\/logo\\\/image\\\/\",\"url\":\"https:\\\/\\\/linesfiction.de\\\/lfd\\\/wp-content\\\/uploads\\\/2022\\\/12\\\/linesfiction_logo_instagram.jpg\",\"contentUrl\":\"https:\\\/\\\/linesfiction.de\\\/lfd\\\/wp-content\\\/uploads\\\/2022\\\/12\\\/linesfiction_logo_instagram.jpg\",\"width\":1080,\"height\":1077,\"caption\":\"Lines Fiction\"},\"image\":{\"@id\":\"https:\\\/\\\/linesfiction.de\\\/lfd\\\/#\\\/schema\\\/logo\\\/image\\\/\"},\"sameAs\":[\"https:\\\/\\\/www.facebook.com\\\/linesfiction\\\/\",\"https:\\\/\\\/x.com\\\/linesfiction\",\"https:\\\/\\\/www.instagram.com\\\/linesfiction\\\/\"]}]}<\/script>\n<!-- \/ Yoast SEO plugin. -->","yoast_head_json":{"title":"Norbert Trummer - Lines Fiction \u2605 Zeichnung &amp; Animation \u2605","robots":{"index":"index","follow":"follow","max-snippet":"max-snippet:-1","max-image-preview":"max-image-preview:large","max-video-preview":"max-video-preview:-1"},"canonical":"https:\/\/linesfiction.de\/lfd\/lines-fiction-online\/m-z\/norbert-trummer\/","og_locale":"de_DE","og_type":"article","og_title":"Norbert Trummer - Lines Fiction \u2605 Zeichnung &amp; Animation \u2605","og_description":"Lines Fiction: Du pr\u00e4sentierst deine Zeichnungen als Bildergeschichten, publiziert in handlichen, sch\u00f6n gestalteten K\u00fcnstlerb\u00fcchern. Jedes Buch schlie\u00dft eine Animation auf DVD ein. Zusammen bilden beide Medien, Animation und Zeichnung auf Papier, eine Einheit, und betonen dabei gleichzeitig die unterschiedlichen Aspekte &hellip; Norbert Trummer Weiterlesen &raquo;","og_url":"https:\/\/linesfiction.de\/lfd\/lines-fiction-online\/m-z\/norbert-trummer\/","og_site_name":"Lines Fiction \u2605 Zeichnung &amp; Animation \u2605","article_publisher":"https:\/\/www.facebook.com\/linesfiction\/","article_modified_time":"2022-12-21T13:39:45+00:00","twitter_card":"summary_large_image","twitter_site":"@linesfiction","twitter_misc":{"Gesch\u00e4tzte Lesezeit":"3\u00a0Minuten"},"schema":{"@context":"https:\/\/schema.org","@graph":[{"@type":"WebPage","@id":"https:\/\/linesfiction.de\/lfd\/lines-fiction-online\/m-z\/norbert-trummer\/","url":"https:\/\/linesfiction.de\/lfd\/lines-fiction-online\/m-z\/norbert-trummer\/","name":"Norbert Trummer - Lines Fiction \u2605 Zeichnung &amp; Animation \u2605","isPartOf":{"@id":"https:\/\/linesfiction.de\/lfd\/#website"},"datePublished":"2012-10-11T22:22:48+00:00","dateModified":"2022-12-21T13:39:45+00:00","breadcrumb":{"@id":"https:\/\/linesfiction.de\/lfd\/lines-fiction-online\/m-z\/norbert-trummer\/#breadcrumb"},"inLanguage":"de","potentialAction":[{"@type":"ReadAction","target":["https:\/\/linesfiction.de\/lfd\/lines-fiction-online\/m-z\/norbert-trummer\/"]}]},{"@type":"BreadcrumbList","@id":"https:\/\/linesfiction.de\/lfd\/lines-fiction-online\/m-z\/norbert-trummer\/#breadcrumb","itemListElement":[{"@type":"ListItem","position":1,"name":"Startseite","item":"https:\/\/linesfiction.de\/lfd\/"},{"@type":"ListItem","position":2,"name":"Lines Fiction online","item":"https:\/\/linesfiction.de\/lfd\/lines-fiction-online\/"},{"@type":"ListItem","position":3,"name":"M &#8211; Z","item":"https:\/\/linesfiction.de\/lfd\/lines-fiction-online\/m-z\/"},{"@type":"ListItem","position":4,"name":"Norbert Trummer"}]},{"@type":"WebSite","@id":"https:\/\/linesfiction.de\/lfd\/#website","url":"https:\/\/linesfiction.de\/lfd\/","name":"Lines Fiction - Zeichnung & Animation - Drawing & Animation","description":"","publisher":{"@id":"https:\/\/linesfiction.de\/lfd\/#organization"},"potentialAction":[{"@type":"SearchAction","target":{"@type":"EntryPoint","urlTemplate":"https:\/\/linesfiction.de\/lfd\/?s={search_term_string}"},"query-input":{"@type":"PropertyValueSpecification","valueRequired":true,"valueName":"search_term_string"}}],"inLanguage":"de"},{"@type":"Organization","@id":"https:\/\/linesfiction.de\/lfd\/#organization","name":"Lines Fiction","url":"https:\/\/linesfiction.de\/lfd\/","logo":{"@type":"ImageObject","inLanguage":"de","@id":"https:\/\/linesfiction.de\/lfd\/#\/schema\/logo\/image\/","url":"https:\/\/linesfiction.de\/lfd\/wp-content\/uploads\/2022\/12\/linesfiction_logo_instagram.jpg","contentUrl":"https:\/\/linesfiction.de\/lfd\/wp-content\/uploads\/2022\/12\/linesfiction_logo_instagram.jpg","width":1080,"height":1077,"caption":"Lines Fiction"},"image":{"@id":"https:\/\/linesfiction.de\/lfd\/#\/schema\/logo\/image\/"},"sameAs":["https:\/\/www.facebook.com\/linesfiction\/","https:\/\/x.com\/linesfiction","https:\/\/www.instagram.com\/linesfiction\/"]}]}},"_links":{"self":[{"href":"https:\/\/linesfiction.de\/lfd\/wp-json\/wp\/v2\/pages\/391","targetHints":{"allow":["GET"]}}],"collection":[{"href":"https:\/\/linesfiction.de\/lfd\/wp-json\/wp\/v2\/pages"}],"about":[{"href":"https:\/\/linesfiction.de\/lfd\/wp-json\/wp\/v2\/types\/page"}],"author":[{"embeddable":true,"href":"https:\/\/linesfiction.de\/lfd\/wp-json\/wp\/v2\/users\/7"}],"replies":[{"embeddable":true,"href":"https:\/\/linesfiction.de\/lfd\/wp-json\/wp\/v2\/comments?post=391"}],"version-history":[{"count":10,"href":"https:\/\/linesfiction.de\/lfd\/wp-json\/wp\/v2\/pages\/391\/revisions"}],"predecessor-version":[{"id":3164,"href":"https:\/\/linesfiction.de\/lfd\/wp-json\/wp\/v2\/pages\/391\/revisions\/3164"}],"up":[{"embeddable":true,"href":"https:\/\/linesfiction.de\/lfd\/wp-json\/wp\/v2\/pages\/503"}],"wp:attachment":[{"href":"https:\/\/linesfiction.de\/lfd\/wp-json\/wp\/v2\/media?parent=391"}],"curies":[{"name":"wp","href":"https:\/\/api.w.org\/{rel}","templated":true}]}}