{"id":3934,"date":"2025-04-07T23:35:16","date_gmt":"2025-04-07T22:35:16","guid":{"rendered":"https:\/\/linesfiction.de\/lfd\/?page_id=3934"},"modified":"2026-03-28T12:04:51","modified_gmt":"2026-03-28T11:04:51","slug":"casanueva-otterbein","status":"publish","type":"page","link":"https:\/\/linesfiction.de\/lfd\/lines-fiction-online\/a-l\/casanueva-otterbein\/","title":{"rendered":"Teresa Casanueva und Maria Otterbein"},"content":{"rendered":"\n<p><u>Lines Fiction: Eure Animationen zeigen abstrakte Vorg\u00e4nge, die sowohl an technische Prozesse als<br>auch an organische Stoffe denken lassen. K\u00f6nnt ihr schildern, was dem zugrunde liegt?<\/u><\/p>\n\n\n\n<p>Maria Otterbein: Unsere Animationen bestehen im Wesentlichen aus vielen Ebenen, die miteinander kooperieren. In [IM]PULS Vol. 1 wird das Hauptmotiv mit einer Kombination aus Ereignissen umh\u00fcllt. Hierbei bilden sich Kontraste durch unterschiedliche Formensprachen, ihre Konsistenz, Eigenschaften und Strukturen. Elemente wachsen, ver\u00e4ndern sich oder verschwinden. Sie zeigen vielf\u00e4ltige Bewegungsabl\u00e4ufe, denen wir zur Erg\u00e4nzung differenzierte Kl\u00e4nge zugeordnet haben. Der pulsierende Rhythmus, den die Animation begleitet, wirkt sehr k\u00f6rperlich \u2013 In diesem Zusammenhang haben wir bereits von Herzrasen geh\u00f6rt. Eine weitere Dimension der Atmosph\u00e4re schaffen wir durch Licht, das zur Erzeugung von R\u00e4umlichkeit beitr\u00e4gt.<\/p>\n\n\n\n<p>Teresa Casanueva: Die ganze Arbeit basiert auf Ph\u00e4nomenen und Logik, die in der Natur vorhanden sind. Dieser unendliche Reichtum an M\u00f6glichkeiten ist f\u00fcr uns die Quelle und die Lehre, um ein eigenes Konstrukt und Bildsprache in der Arbeit zu entwickeln. Das Organische und das Maschinelle sind ein Verbund sowohl konzeptionell als auch funktional. Beide Bereiche folgen verschiedenen Prinzipien und sind in ihrem Ursprung unterschiedlich, aber es gibt Parallelen in Struktur, Funktionsweise und Anpassungsf\u00e4higkeiten. Es sind komplexe Systeme, die aus diversen miteinander verbundenen Einheiten bestehen und im Sinne eines gemeinsamen Zieles fungieren. Ich w\u00fcrde sagen, das sind Geflechte, die unsere gemeinsame Arbeit in der Art unseres Interagierens sehr gut beschreiben und, in etwa so flie\u00dfen unsere aufeinander eingehenden Prozesse zusammen, um zu inspirieren und zu befruchten.<\/p>\n\n\n\n<p><u>Lines Fiction: Ihr arbeitet gemeinsam an euren Animationen, wie lange arbeitet ihr schon zusammen?<\/u><\/p>\n\n\n\n<p>Teresa Casanueva und Maria Otterbein: 2022 sind unsere ersten gemeinsamen Clips entstanden \u2014 kurze Sequenzen aus gefundenen Materialien in Stop Motion und digitale Animations-Ans\u00e4tze. Diese Clips dienen uns als Referenz oder als eine Art digitales Skizzenbuch, auf das wir gernezur\u00fcckgreifen. Uns verbindet eine Freundschaft und eine Leidenschaft f\u00fcr Animationen. Konkreter wurde die Zusammenarbeit, als wir auf den Open Call zur Teilnahme an der Lines Fiction Filmrolle aufmerksam wurden. Durch diesen Aufruf starteten wir unsere erste gemeinsame Reise in ein l\u00e4ngeres Projekt. Aber auch in Zukunft haben wir noch einiges geplant \u2013 weitere Projekte befinden sich bereits in Arbeit.<\/p>\n\n\n\n<p><u>Lines Fiction: Das freut uns ja besonders! K\u00f6nnt ihr beschreiben, wie euch eure Zusammenarbeit weiterbringt und was euch daran besonders gef\u00e4llt?<\/u><\/p>\n\n\n\n<p>Teresa Casanueva: F\u00fcr uns ist eine Zusammenarbeit eine sehr bereichernde Erfahrung. Da es in erster Linie um Kommunikation geht, ist der Prozess ein spannender und lebendiger Weg, den man gemeinsam beschreitet. Die dialogische Arbeit ist ein kreativer Austausch, der auf gegenseitigem Verst\u00e4ndnis beruht. Und diese Dynamik, wo jede ihre Ideen einbringen und auf die Vorschl\u00e4ge der Anderen reagieren kann, setzt neue Impulse. Es ist so eine Art gen\u00fcssliche Schlacht des Inputs, in dem zwei Perspektiven miteinander verschmelzen. Durch das Zusammenspiel entsteht ein neues Klangbild.<\/p>\n\n\n\n<p>Maria Otterbein: Es ist besonders spannend, dass wir beide ohne bestehendes Storyboard in die Animation eintauchen. Wir sind im Fluss mit der visuellen Welt, indem wir gemeinsam und auch unabh\u00e4ngig voneinander Elemente erstellen und in die Komposition integrieren. Entscheidungen und Anpassungen werden besprochen, ausprobiert und erfordern oft Kompromisse. Die Zusammenarbeit verl\u00e4uft ganz organisch, da uns der Prozess motiviert und Freude bereitet. Zudem bereichern unsere unterschiedlichen Hintergr\u00fcnde und Erfahrungen die Arbeit: Jede von uns bringt F\u00e4higkeiten ein, von denen wir beide profitieren.<\/p>\n\n\n\n<p><u>Lines Fiction: Als Ku\u0308nstlerinnen arbeitet ihr auch solo und in anderen Zusammenh\u00e4ngen?<\/u><\/p>\n\n\n\n<p>Teresa Casanueva: Ich arbeite sowohl alleine als auch mal mit anderen in gemeinsamen Projekten. Es gibt sehr unterschiedliche Beweggr\u00fcnde, die zu einer Kooperation f\u00fchren. Meine Solo-Projekte im Bereich der Animation sind eher abstrakt und haben einen sehr markanten grafischen Charakter. Hier ist das Medium Zeichnung sehr deutlich und stark vertreten. Das Zeichnen findet im Animationskontext einen Raum mit expansiven M\u00f6glichkeiten. Bewegung, Zeit,<br>Ver\u00e4nderung und Klang sind Eigenschaften, die das bewegte Bild anbietet. In meiner k\u00fcnstlerischen Arbeit, in den Bereichen Malerei, Grafik, Zeichnung und Objekte, spielen Zeit und Raum eine zentrale Rolle. Die Animation bietet mir eine ideale Umgebung, die durch die intrinsische Eigenschaft des Mediums eine neue Dimension des Ausdrucks verleiht.<\/p>\n\n\n\n<p>Maria Otterbein: Als K\u00fcnstlerin arbeite ich \u00fcberwiegend einzeln oder, je nach Projekt, aktuell in enger Zusammenarbeit mit Teresa. Meine Ausdrucksformen umfassen digitale Medien wie Animation, 3D-Modellierung und Sounddesign. Letzteres ist f\u00fcr mich ein wichtiges erg\u00e4nzendes Mittel, um Stimmungen zu transportieren, eine Atmosph\u00e4re zu schaffen und<br>Charakterisierungen hervorzuheben. In meinem Arbeitsprozess spielt die Bewegung eine zentrale Rolle. Aus dieser heraus generiere ich unter anderem digitale Bilder. Es sind im Grunde Standbilder, die ich in andere Kontexte einbinde oder weiter verfremde. Die Animationen, die vorzugsweise im 3D-Raum entstehen, dienen mir in diesem Fall als eine<br>Art Bildfundus und bieten eine Vielzahl an M\u00f6glichkeiten. Ein weiteres Feld, in dem ich zur Zeit forsche, ist die virtuelle Welt. Vollst\u00e4ndig in eine animierte Landschaft einzutauchen, ist eine tolle Erfahrung.<\/p>\n\n\n\n<p><u>Lines Fiction: Beruhen die Animationen auf Zeichnungen?<\/u><\/p>\n\n\n\n<p>Teresa Casanueva und Maria Otterbein:Unsere Animationen kombinieren sowohl digitale als auch analoge Techniken. Diese Herangehensweise erm\u00f6glicht uns, ein breites Spektrum an Ausdrucksformen zu erkunden. Das zeichnerische Medium ist immer sehr pr\u00e4sent. Arbeiten auf Papier werden eingescannt und weiterbearbeitet. Auch direkt in der Komposition erstellte zeichnerische und grafische Elemente animieren wir und f\u00fcgen Eigenschaften hinzu.<\/p>\n\n\n\n<p><a href=\"https:\/\/teresacasanueva.de\/\" target=\"_blank\" rel=\"noreferrer noopener\">teresacasanueva.de<\/a><br><a href=\"https:\/\/mariaotterbein.myportfolio.com\/\" target=\"_blank\" rel=\"noreferrer noopener\">mariaotterbein.myportfolio.com<\/a><\/p>\n\n\n\n<p><\/p>\n","protected":false},"excerpt":{"rendered":"<p>Lines Fiction: Eure Animationen zeigen abstrakte Vorg\u00e4nge, die sowohl an technische Prozesse alsauch an organische Stoffe denken lassen. K\u00f6nnt ihr schildern, was dem zugrunde liegt? Maria Otterbein: Unsere Animationen bestehen im Wesentlichen aus vielen Ebenen, die miteinander kooperieren. In [IM]PULS &hellip;<\/p>\n<p class=\"read-more\"> <a class=\"more-link\" href=\"https:\/\/linesfiction.de\/lfd\/lines-fiction-online\/a-l\/casanueva-otterbein\/\"> <span class=\"screen-reader-text\">Teresa Casanueva und Maria Otterbein<\/span> Weiterlesen &raquo;<\/a><\/p>\n","protected":false},"author":9,"featured_media":0,"parent":501,"menu_order":0,"comment_status":"closed","ping_status":"closed","template":"","meta":{"footnotes":""},"class_list":["post-3934","page","type-page","status-publish","hentry"],"yoast_head":"<!-- This site is optimized with the Yoast SEO plugin v27.4 - https:\/\/yoast.com\/product\/yoast-seo-wordpress\/ -->\n<title>Teresa Casanueva und Maria Otterbein - Lines Fiction \u2605 Zeichnung &amp; Animation \u2605<\/title>\n<meta name=\"robots\" content=\"index, follow, max-snippet:-1, max-image-preview:large, max-video-preview:-1\" \/>\n<link rel=\"canonical\" href=\"https:\/\/linesfiction.de\/lfd\/lines-fiction-online\/a-l\/casanueva-otterbein\/\" \/>\n<meta property=\"og:locale\" content=\"de_DE\" \/>\n<meta property=\"og:type\" content=\"article\" \/>\n<meta property=\"og:title\" content=\"Teresa Casanueva und Maria Otterbein - Lines Fiction \u2605 Zeichnung &amp; Animation \u2605\" \/>\n<meta property=\"og:description\" content=\"Lines Fiction: Eure Animationen zeigen abstrakte Vorg\u00e4nge, die sowohl an technische Prozesse alsauch an organische Stoffe denken lassen. K\u00f6nnt ihr schildern, was dem zugrunde liegt? Maria Otterbein: Unsere Animationen bestehen im Wesentlichen aus vielen Ebenen, die miteinander kooperieren. In [IM]PULS &hellip; Teresa Casanueva und Maria Otterbein Weiterlesen &raquo;\" \/>\n<meta property=\"og:url\" content=\"https:\/\/linesfiction.de\/lfd\/lines-fiction-online\/a-l\/casanueva-otterbein\/\" \/>\n<meta property=\"og:site_name\" content=\"Lines Fiction \u2605 Zeichnung &amp; Animation \u2605\" \/>\n<meta property=\"article:publisher\" content=\"https:\/\/www.facebook.com\/linesfiction\/\" \/>\n<meta property=\"article:modified_time\" content=\"2026-03-28T11:04:51+00:00\" \/>\n<meta name=\"twitter:card\" content=\"summary_large_image\" \/>\n<meta name=\"twitter:site\" content=\"@linesfiction\" \/>\n<meta name=\"twitter:label1\" content=\"Gesch\u00e4tzte Lesezeit\" \/>\n\t<meta name=\"twitter:data1\" content=\"5\u00a0Minuten\" \/>\n<script type=\"application\/ld+json\" class=\"yoast-schema-graph\">{\"@context\":\"https:\\\/\\\/schema.org\",\"@graph\":[{\"@type\":\"WebPage\",\"@id\":\"https:\\\/\\\/linesfiction.de\\\/lfd\\\/lines-fiction-online\\\/a-l\\\/casanueva-otterbein\\\/\",\"url\":\"https:\\\/\\\/linesfiction.de\\\/lfd\\\/lines-fiction-online\\\/a-l\\\/casanueva-otterbein\\\/\",\"name\":\"Teresa Casanueva und Maria Otterbein - Lines Fiction \u2605 Zeichnung &amp; Animation \u2605\",\"isPartOf\":{\"@id\":\"https:\\\/\\\/linesfiction.de\\\/lfd\\\/#website\"},\"datePublished\":\"2025-04-07T22:35:16+00:00\",\"dateModified\":\"2026-03-28T11:04:51+00:00\",\"breadcrumb\":{\"@id\":\"https:\\\/\\\/linesfiction.de\\\/lfd\\\/lines-fiction-online\\\/a-l\\\/casanueva-otterbein\\\/#breadcrumb\"},\"inLanguage\":\"de\",\"potentialAction\":[{\"@type\":\"ReadAction\",\"target\":[\"https:\\\/\\\/linesfiction.de\\\/lfd\\\/lines-fiction-online\\\/a-l\\\/casanueva-otterbein\\\/\"]}]},{\"@type\":\"BreadcrumbList\",\"@id\":\"https:\\\/\\\/linesfiction.de\\\/lfd\\\/lines-fiction-online\\\/a-l\\\/casanueva-otterbein\\\/#breadcrumb\",\"itemListElement\":[{\"@type\":\"ListItem\",\"position\":1,\"name\":\"Startseite\",\"item\":\"https:\\\/\\\/linesfiction.de\\\/lfd\\\/\"},{\"@type\":\"ListItem\",\"position\":2,\"name\":\"Lines Fiction online\",\"item\":\"https:\\\/\\\/linesfiction.de\\\/lfd\\\/lines-fiction-online\\\/\"},{\"@type\":\"ListItem\",\"position\":3,\"name\":\"A &#8211; L\",\"item\":\"https:\\\/\\\/linesfiction.de\\\/lfd\\\/lines-fiction-online\\\/a-l\\\/\"},{\"@type\":\"ListItem\",\"position\":4,\"name\":\"Teresa Casanueva und Maria Otterbein\"}]},{\"@type\":\"WebSite\",\"@id\":\"https:\\\/\\\/linesfiction.de\\\/lfd\\\/#website\",\"url\":\"https:\\\/\\\/linesfiction.de\\\/lfd\\\/\",\"name\":\"Lines Fiction - Zeichnung & Animation - Drawing & Animation\",\"description\":\"\",\"publisher\":{\"@id\":\"https:\\\/\\\/linesfiction.de\\\/lfd\\\/#organization\"},\"potentialAction\":[{\"@type\":\"SearchAction\",\"target\":{\"@type\":\"EntryPoint\",\"urlTemplate\":\"https:\\\/\\\/linesfiction.de\\\/lfd\\\/?s={search_term_string}\"},\"query-input\":{\"@type\":\"PropertyValueSpecification\",\"valueRequired\":true,\"valueName\":\"search_term_string\"}}],\"inLanguage\":\"de\"},{\"@type\":\"Organization\",\"@id\":\"https:\\\/\\\/linesfiction.de\\\/lfd\\\/#organization\",\"name\":\"Lines Fiction\",\"url\":\"https:\\\/\\\/linesfiction.de\\\/lfd\\\/\",\"logo\":{\"@type\":\"ImageObject\",\"inLanguage\":\"de\",\"@id\":\"https:\\\/\\\/linesfiction.de\\\/lfd\\\/#\\\/schema\\\/logo\\\/image\\\/\",\"url\":\"https:\\\/\\\/linesfiction.de\\\/lfd\\\/wp-content\\\/uploads\\\/2022\\\/12\\\/linesfiction_logo_instagram.jpg\",\"contentUrl\":\"https:\\\/\\\/linesfiction.de\\\/lfd\\\/wp-content\\\/uploads\\\/2022\\\/12\\\/linesfiction_logo_instagram.jpg\",\"width\":1080,\"height\":1077,\"caption\":\"Lines Fiction\"},\"image\":{\"@id\":\"https:\\\/\\\/linesfiction.de\\\/lfd\\\/#\\\/schema\\\/logo\\\/image\\\/\"},\"sameAs\":[\"https:\\\/\\\/www.facebook.com\\\/linesfiction\\\/\",\"https:\\\/\\\/x.com\\\/linesfiction\",\"https:\\\/\\\/www.instagram.com\\\/linesfiction\\\/\"]}]}<\/script>\n<!-- \/ Yoast SEO plugin. -->","yoast_head_json":{"title":"Teresa Casanueva und Maria Otterbein - Lines Fiction \u2605 Zeichnung &amp; Animation \u2605","robots":{"index":"index","follow":"follow","max-snippet":"max-snippet:-1","max-image-preview":"max-image-preview:large","max-video-preview":"max-video-preview:-1"},"canonical":"https:\/\/linesfiction.de\/lfd\/lines-fiction-online\/a-l\/casanueva-otterbein\/","og_locale":"de_DE","og_type":"article","og_title":"Teresa Casanueva und Maria Otterbein - Lines Fiction \u2605 Zeichnung &amp; Animation \u2605","og_description":"Lines Fiction: Eure Animationen zeigen abstrakte Vorg\u00e4nge, die sowohl an technische Prozesse alsauch an organische Stoffe denken lassen. K\u00f6nnt ihr schildern, was dem zugrunde liegt? Maria Otterbein: Unsere Animationen bestehen im Wesentlichen aus vielen Ebenen, die miteinander kooperieren. In [IM]PULS &hellip; Teresa Casanueva und Maria Otterbein Weiterlesen &raquo;","og_url":"https:\/\/linesfiction.de\/lfd\/lines-fiction-online\/a-l\/casanueva-otterbein\/","og_site_name":"Lines Fiction \u2605 Zeichnung &amp; Animation \u2605","article_publisher":"https:\/\/www.facebook.com\/linesfiction\/","article_modified_time":"2026-03-28T11:04:51+00:00","twitter_card":"summary_large_image","twitter_site":"@linesfiction","twitter_misc":{"Gesch\u00e4tzte Lesezeit":"5\u00a0Minuten"},"schema":{"@context":"https:\/\/schema.org","@graph":[{"@type":"WebPage","@id":"https:\/\/linesfiction.de\/lfd\/lines-fiction-online\/a-l\/casanueva-otterbein\/","url":"https:\/\/linesfiction.de\/lfd\/lines-fiction-online\/a-l\/casanueva-otterbein\/","name":"Teresa Casanueva und Maria Otterbein - Lines Fiction \u2605 Zeichnung &amp; Animation \u2605","isPartOf":{"@id":"https:\/\/linesfiction.de\/lfd\/#website"},"datePublished":"2025-04-07T22:35:16+00:00","dateModified":"2026-03-28T11:04:51+00:00","breadcrumb":{"@id":"https:\/\/linesfiction.de\/lfd\/lines-fiction-online\/a-l\/casanueva-otterbein\/#breadcrumb"},"inLanguage":"de","potentialAction":[{"@type":"ReadAction","target":["https:\/\/linesfiction.de\/lfd\/lines-fiction-online\/a-l\/casanueva-otterbein\/"]}]},{"@type":"BreadcrumbList","@id":"https:\/\/linesfiction.de\/lfd\/lines-fiction-online\/a-l\/casanueva-otterbein\/#breadcrumb","itemListElement":[{"@type":"ListItem","position":1,"name":"Startseite","item":"https:\/\/linesfiction.de\/lfd\/"},{"@type":"ListItem","position":2,"name":"Lines Fiction online","item":"https:\/\/linesfiction.de\/lfd\/lines-fiction-online\/"},{"@type":"ListItem","position":3,"name":"A &#8211; L","item":"https:\/\/linesfiction.de\/lfd\/lines-fiction-online\/a-l\/"},{"@type":"ListItem","position":4,"name":"Teresa Casanueva und Maria Otterbein"}]},{"@type":"WebSite","@id":"https:\/\/linesfiction.de\/lfd\/#website","url":"https:\/\/linesfiction.de\/lfd\/","name":"Lines Fiction - Zeichnung & Animation - Drawing & Animation","description":"","publisher":{"@id":"https:\/\/linesfiction.de\/lfd\/#organization"},"potentialAction":[{"@type":"SearchAction","target":{"@type":"EntryPoint","urlTemplate":"https:\/\/linesfiction.de\/lfd\/?s={search_term_string}"},"query-input":{"@type":"PropertyValueSpecification","valueRequired":true,"valueName":"search_term_string"}}],"inLanguage":"de"},{"@type":"Organization","@id":"https:\/\/linesfiction.de\/lfd\/#organization","name":"Lines Fiction","url":"https:\/\/linesfiction.de\/lfd\/","logo":{"@type":"ImageObject","inLanguage":"de","@id":"https:\/\/linesfiction.de\/lfd\/#\/schema\/logo\/image\/","url":"https:\/\/linesfiction.de\/lfd\/wp-content\/uploads\/2022\/12\/linesfiction_logo_instagram.jpg","contentUrl":"https:\/\/linesfiction.de\/lfd\/wp-content\/uploads\/2022\/12\/linesfiction_logo_instagram.jpg","width":1080,"height":1077,"caption":"Lines Fiction"},"image":{"@id":"https:\/\/linesfiction.de\/lfd\/#\/schema\/logo\/image\/"},"sameAs":["https:\/\/www.facebook.com\/linesfiction\/","https:\/\/x.com\/linesfiction","https:\/\/www.instagram.com\/linesfiction\/"]}]}},"_links":{"self":[{"href":"https:\/\/linesfiction.de\/lfd\/wp-json\/wp\/v2\/pages\/3934","targetHints":{"allow":["GET"]}}],"collection":[{"href":"https:\/\/linesfiction.de\/lfd\/wp-json\/wp\/v2\/pages"}],"about":[{"href":"https:\/\/linesfiction.de\/lfd\/wp-json\/wp\/v2\/types\/page"}],"author":[{"embeddable":true,"href":"https:\/\/linesfiction.de\/lfd\/wp-json\/wp\/v2\/users\/9"}],"replies":[{"embeddable":true,"href":"https:\/\/linesfiction.de\/lfd\/wp-json\/wp\/v2\/comments?post=3934"}],"version-history":[{"count":18,"href":"https:\/\/linesfiction.de\/lfd\/wp-json\/wp\/v2\/pages\/3934\/revisions"}],"predecessor-version":[{"id":3979,"href":"https:\/\/linesfiction.de\/lfd\/wp-json\/wp\/v2\/pages\/3934\/revisions\/3979"}],"up":[{"embeddable":true,"href":"https:\/\/linesfiction.de\/lfd\/wp-json\/wp\/v2\/pages\/501"}],"wp:attachment":[{"href":"https:\/\/linesfiction.de\/lfd\/wp-json\/wp\/v2\/media?parent=3934"}],"curies":[{"name":"wp","href":"https:\/\/api.w.org\/{rel}","templated":true}]}}