{"id":4068,"date":"2026-03-28T12:04:11","date_gmt":"2026-03-28T11:04:11","guid":{"rendered":"https:\/\/linesfiction.de\/lfd\/?page_id=4068"},"modified":"2026-03-30T12:11:51","modified_gmt":"2026-03-30T11:11:51","slug":"elisabeth-hobbs","status":"publish","type":"page","link":"https:\/\/linesfiction.de\/lfd\/lines-fiction-online\/a-l\/elisabeth-hobbs\/","title":{"rendered":"Elisabeth Hobbs"},"content":{"rendered":"\n<p><u>Lines Fiction: Ich wurde sehr neugierig auf deine Kunst, als ich herausfand, dass du dich selbst als traditionelle Animatorin und \u201eOld School\u201c beschreibst. Was ist deine k\u00fcnstlerische \u00dcberzeugung und wie setzt du sie in die Praxis um?<\/u><\/p>\n\n\n\n<p>Elisabeth Hobbs: Ich bin eine K\u00fcnstlerin, die mit Zeichentrick unter einer Rostrum-Kamera arbeitet und dabei traditionelle Materialien wie Tinte und Farbe auf Papier verwendet. In meiner Praxis bedeutet ein Rostrum-Kamera-Setup eine digitale Spiegelreflexkamera auf einem Reprostativ. Die Kamera ist nach unten auf das Papier und den Tisch gerichtet \u2013 in einem abgedunkelten Raum, mit vier Lichtquellen, die die Seite beleuchten. Derzeit verwende ich einzelne Papierbl\u00e4tter (etwa A6 oder kleiner) f\u00fcr jedes Animationsbild, und ich nehme das Bild auf, w\u00e4hrend die Tinte oder Farbe auf dem Bild noch feucht ist. Ich nehme f\u00fcr die Animation 12 Bilder pro Sekunde auf.<\/p>\n\n\n\n<p>Der Entstehungsprozess ist ziemlich schnell, weil ich mich nicht zu sehr mit den Details jedes einzelnen Bildes aufhalten m\u00f6chte, sondern vielmehr die Energie zwischen den einzelnen Bildern erfassen will. Es bereitet mir gro\u00dfe Freude zu sehen, wie Linien und Farben durch den Ablauf der Bild-f\u00fcr-Bild-Animation zum Leben erweckt werden.<\/p>\n\n\n\n<p>Wiederholung macht einen gro\u00dfen Teil der Arbeit aus. Eine Sequenz, die in einem meiner Filme erscheint, wurde m\u00f6glicherweise zwischen 4 und 10 Mal gezeichnet. Ich probiere es auf viele verschiedene Arten aus und h\u00f6re nicht auf, bis alles sich leicht oder effizient anf\u00fchlt und ich etwas \u00dcberraschendes gefunden habe.<\/p>\n\n\n\n<p><u>Lines Fiction: Wie wichtig sind f\u00fcr dich die Zeichenmaterialien \u2013 Bleistift, Tinte, Aquarell, Schreibmaschine auf Papier \u2013 im Zusammenhang mit bewegten Bildern?<\/u><\/p>\n\n\n\n<p>Elisabeth Hobbs: Die Materialien sind wirklich wichtig. Wenn m\u00f6glich, versuche ich, die Materialien mit der Erz\u00e4hlung oder dem Thema zu verbinden und eine Einschr\u00e4nkung oder Herausforderung herbeizuf\u00fchren, die den Entstehungsprozess des Films lenkt.<\/p>\n\n\n\n<p>F\u00fcr meinen Film<em> Little Skipper<\/em> habe ich Schmetterlingsdrucke verwendet, und die Ger\u00e4usche der Schmetterlinge wurden mit den Seiten des Buches erzeugt, auf denen die Bilder gemalt sind. F\u00fcr den Film <em>G-AAAH <\/em>habe ich eine Schreibmaschine benutzt. Der Film handelt von Amy Johnson, die als Schreibkraft arbeitete, bevor sie von Gro\u00dfbritannien nach Australien flog. Um <em>I\u2019m OK <\/em>zu schaffen, das sich mit dem K\u00fcnstler Oskar Kokoschka besch\u00e4ftigt, habe ich Farbe und Tinte verwendet, um die Dramatik jener Jahre seines Lebens, die im Film dargestellt werden, auszudr\u00fccken.<\/p>\n\n\n\n<p><u>Lines Fiction: Der Entstehungsprozess von <em>The Old, Old, Very Old Man <\/em>ist besonders bemerkenswert; du zeichnest jedes Bild mit blauer Tinte auf eine einzelne wei\u00dfe Badezimmerfliese. Wie kompliziert ist da der Aufwand?<\/u><\/p>\n\n\n\n<p>Elisabeth Hobbs: <em>The Old, Old, Very Old Man<\/em> spielt zur Zeit von K\u00f6nig Karl I., und ich wollte den gesamten Film auf einer einzigen Wandfliese mit blauer Tinte gestalten \u2013 als Hommage an die Delfter Fliesenmaler des 17. Jahrhunderts. Der Prozess war \u00e4hnlich wie bei meinen anderen Filmen: Ich zeichnete ein Bild auf die Fliese, machte eine Aufnahme, l\u00f6schte das Bild und zeichnete es erneut. Der Prozess ist nicht besonders aufwendig \u2013 vor allem, wenn Farbe und Detailgrad begrenzt sind. Das vereinfacht die Arbeit und l\u00e4sst mehr Zeit f\u00fcr Wiederholungen.<\/p>\n\n\n\n<p><u>Lines Fiction: Du arbeitest auch im Team f\u00fcr Schnitt, Sounddesign und Stimmen. Beeinflusst Teamarbeit deine k\u00fcnstlerische Arbeit?<\/u><\/p>\n\n\n\n<p>Elisabeth Hobbs: Neben meiner T\u00e4tigkeit als Lehrende habe ich eine kontinuierliche Studio-Praxis und habe k\u00fcrzere, experimentellere Arbeiten wie <em>Little Skipper <\/em>oder <em>G-AAAH<\/em> allein geschaffen.<\/p>\n\n\n\n<p>F\u00fcr umfangreichere Filme oder solche mit einer klaren Erz\u00e4hlung wie The Debutante habe ich das Gl\u00fcck, mit Editor Mark Jenkins, der Komponistin Hutch Demouilpied, Sounddesigner:innen, Schauspieler:innen sowie der Produzentin von Animate Projects, Abigail Addison, zusammenzuarbeiten. Sie schafft die M\u00f6glichkeiten f\u00fcr K\u00fcnstler:innen wie mich, Raum und Ressourcen f\u00fcr gr\u00f6\u00dfere Projekte zu bekommen.<\/p>\n\n\n\n<p>Diese Zusammenarbeit beeinflusst die k\u00fcnstlerische Arbeit sehr. Mit einem Editor zu arbeiten ist unglaublich spannend \u2013 Mark findet einen Rhythmus und hilft, die Bilder zu strukturieren. Mit Hutch, der Komponistin, arbeiten wir von Anfang an zusammen, und die Kl\u00e4nge und Instrumente, die sie verwendet, sind bereits in der Timeline, w\u00e4hrend ich animiere \u2013 sie erwecken die Zeichnungen sofort zum Leben. Das gilt ebenso f\u00fcr Stimmen und Ger\u00e4usche. Es f\u00fchlt sich wie ein gro\u00dfes Privileg an, kreative Probleme gemeinsam mit Freund:innen und Kolleg:innen zu l\u00f6sen.<\/p>\n\n\n\n<p><u>Lines Fiction: Du nimmst an gro\u00dfen Filmfestivals teil und deine Animationen sind preisgekr\u00f6nt. Wie betrachtest du die Zeichnungen, die w\u00e4hrend des kreativen Prozesses entstehen: Sind sie lediglich Material, oder pr\u00e4sentierst du sie auch als eigenst\u00e4ndige Kunstwerke?<\/u><\/p>\n\n\n\n<p>Elisabeth Hobbs: Ich w\u00fcrde die Zeichnungen nicht als eigenst\u00e4ndige Kunstwerke zeigen, aber sie k\u00f6nnen f\u00fcr andere Animator:innen oder K\u00fcnstler:innen interessant sein, wenn sie zusammen mit den anderen Bildern einer Sequenz ausgestellt werden. Sie zeigen, wie minimal die einzelnen Striche auf einem Bild sein k\u00f6nnen. Viele sind \u00fcberrascht, wie klein die Zeichnungen im Vergleich zur Filmprojektion sind. In meinem neuen Film Daughters of The Late Colonel sind die Bilder nur etwa 6 \u00d7 4 cm gro\u00df.<\/p>\n\n\n\n<p>Je kleiner das Bild, desto g\u00fcnstiger und schneller ist es zu zeichnen, und es erlaubt weniger Details \u2013 was es grafisch interessanter macht.<\/p>\n\n\n\n<p>Ich mache mir nicht so viele Gedanken \u00fcber perfekte Animation, konstante Figurenmodelle oder sch\u00f6ne Hintergr\u00fcnde. Mich interessiert es, Geschichten aus ungew\u00f6hnlichen Perspektiven mit minimalen Mitteln neu zu erz\u00e4hlen, und wie viel Dramatik man mit einfachen Linien und ungew\u00f6hnlichen Kl\u00e4ngen vermitteln kann. In diesem Sinne freue ich mich sehr, Teil der Animations-Community zu sein und meine eigene Stimme zu dieser vielf\u00e4ltigen Mischung beitragen zu k\u00f6nnen.<\/p>\n\n\n\n<p>Mehr Animationen von Elisabeth Hobbs auf ihrer Website:<br><a href=\"http:\/\/www.lizzyhobbs.co.uk\/\">lizzyhobbs.co.uk<\/a><\/p>\n","protected":false},"excerpt":{"rendered":"<p>Lines Fiction: Ich wurde sehr neugierig auf deine Kunst, als ich herausfand, dass du dich selbst als traditionelle Animatorin und \u201eOld School\u201c beschreibst. Was ist deine k\u00fcnstlerische \u00dcberzeugung und wie setzt du sie in die Praxis um? Elisabeth Hobbs: Ich &hellip;<\/p>\n<p class=\"read-more\"> <a class=\"more-link\" href=\"https:\/\/linesfiction.de\/lfd\/lines-fiction-online\/a-l\/elisabeth-hobbs\/\"> <span class=\"screen-reader-text\">Elisabeth Hobbs<\/span> Weiterlesen &raquo;<\/a><\/p>\n","protected":false},"author":7,"featured_media":0,"parent":501,"menu_order":0,"comment_status":"closed","ping_status":"closed","template":"","meta":{"footnotes":""},"class_list":["post-4068","page","type-page","status-publish","hentry"],"yoast_head":"<!-- This site is optimized with the Yoast SEO plugin v27.4 - https:\/\/yoast.com\/product\/yoast-seo-wordpress\/ -->\n<title>Elisabeth Hobbs - Lines Fiction \u2605 Zeichnung &amp; Animation \u2605<\/title>\n<meta name=\"robots\" content=\"index, follow, max-snippet:-1, max-image-preview:large, max-video-preview:-1\" \/>\n<link rel=\"canonical\" href=\"https:\/\/linesfiction.de\/lfd\/lines-fiction-online\/a-l\/elisabeth-hobbs\/\" \/>\n<meta property=\"og:locale\" content=\"de_DE\" \/>\n<meta property=\"og:type\" content=\"article\" \/>\n<meta property=\"og:title\" content=\"Elisabeth Hobbs - Lines Fiction \u2605 Zeichnung &amp; Animation \u2605\" \/>\n<meta property=\"og:description\" content=\"Lines Fiction: Ich wurde sehr neugierig auf deine Kunst, als ich herausfand, dass du dich selbst als traditionelle Animatorin und \u201eOld School\u201c beschreibst. Was ist deine k\u00fcnstlerische \u00dcberzeugung und wie setzt du sie in die Praxis um? Elisabeth Hobbs: Ich &hellip; Elisabeth Hobbs Weiterlesen &raquo;\" \/>\n<meta property=\"og:url\" content=\"https:\/\/linesfiction.de\/lfd\/lines-fiction-online\/a-l\/elisabeth-hobbs\/\" \/>\n<meta property=\"og:site_name\" content=\"Lines Fiction \u2605 Zeichnung &amp; Animation \u2605\" \/>\n<meta property=\"article:publisher\" content=\"https:\/\/www.facebook.com\/linesfiction\/\" \/>\n<meta property=\"article:modified_time\" content=\"2026-03-30T11:11:51+00:00\" \/>\n<meta name=\"twitter:card\" content=\"summary_large_image\" \/>\n<meta name=\"twitter:site\" content=\"@linesfiction\" \/>\n<meta name=\"twitter:label1\" content=\"Gesch\u00e4tzte Lesezeit\" \/>\n\t<meta name=\"twitter:data1\" content=\"5\u00a0Minuten\" \/>\n<script type=\"application\/ld+json\" class=\"yoast-schema-graph\">{\"@context\":\"https:\\\/\\\/schema.org\",\"@graph\":[{\"@type\":\"WebPage\",\"@id\":\"https:\\\/\\\/linesfiction.de\\\/lfd\\\/lines-fiction-online\\\/a-l\\\/elisabeth-hobbs\\\/\",\"url\":\"https:\\\/\\\/linesfiction.de\\\/lfd\\\/lines-fiction-online\\\/a-l\\\/elisabeth-hobbs\\\/\",\"name\":\"Elisabeth Hobbs - Lines Fiction \u2605 Zeichnung &amp; Animation \u2605\",\"isPartOf\":{\"@id\":\"https:\\\/\\\/linesfiction.de\\\/lfd\\\/#website\"},\"datePublished\":\"2026-03-28T11:04:11+00:00\",\"dateModified\":\"2026-03-30T11:11:51+00:00\",\"breadcrumb\":{\"@id\":\"https:\\\/\\\/linesfiction.de\\\/lfd\\\/lines-fiction-online\\\/a-l\\\/elisabeth-hobbs\\\/#breadcrumb\"},\"inLanguage\":\"de\",\"potentialAction\":[{\"@type\":\"ReadAction\",\"target\":[\"https:\\\/\\\/linesfiction.de\\\/lfd\\\/lines-fiction-online\\\/a-l\\\/elisabeth-hobbs\\\/\"]}]},{\"@type\":\"BreadcrumbList\",\"@id\":\"https:\\\/\\\/linesfiction.de\\\/lfd\\\/lines-fiction-online\\\/a-l\\\/elisabeth-hobbs\\\/#breadcrumb\",\"itemListElement\":[{\"@type\":\"ListItem\",\"position\":1,\"name\":\"Startseite\",\"item\":\"https:\\\/\\\/linesfiction.de\\\/lfd\\\/\"},{\"@type\":\"ListItem\",\"position\":2,\"name\":\"Lines Fiction online\",\"item\":\"https:\\\/\\\/linesfiction.de\\\/lfd\\\/lines-fiction-online\\\/\"},{\"@type\":\"ListItem\",\"position\":3,\"name\":\"A &#8211; L\",\"item\":\"https:\\\/\\\/linesfiction.de\\\/lfd\\\/lines-fiction-online\\\/a-l\\\/\"},{\"@type\":\"ListItem\",\"position\":4,\"name\":\"Elisabeth Hobbs\"}]},{\"@type\":\"WebSite\",\"@id\":\"https:\\\/\\\/linesfiction.de\\\/lfd\\\/#website\",\"url\":\"https:\\\/\\\/linesfiction.de\\\/lfd\\\/\",\"name\":\"Lines Fiction - Zeichnung & Animation - Drawing & Animation\",\"description\":\"\",\"publisher\":{\"@id\":\"https:\\\/\\\/linesfiction.de\\\/lfd\\\/#organization\"},\"potentialAction\":[{\"@type\":\"SearchAction\",\"target\":{\"@type\":\"EntryPoint\",\"urlTemplate\":\"https:\\\/\\\/linesfiction.de\\\/lfd\\\/?s={search_term_string}\"},\"query-input\":{\"@type\":\"PropertyValueSpecification\",\"valueRequired\":true,\"valueName\":\"search_term_string\"}}],\"inLanguage\":\"de\"},{\"@type\":\"Organization\",\"@id\":\"https:\\\/\\\/linesfiction.de\\\/lfd\\\/#organization\",\"name\":\"Lines Fiction\",\"url\":\"https:\\\/\\\/linesfiction.de\\\/lfd\\\/\",\"logo\":{\"@type\":\"ImageObject\",\"inLanguage\":\"de\",\"@id\":\"https:\\\/\\\/linesfiction.de\\\/lfd\\\/#\\\/schema\\\/logo\\\/image\\\/\",\"url\":\"https:\\\/\\\/linesfiction.de\\\/lfd\\\/wp-content\\\/uploads\\\/2022\\\/12\\\/linesfiction_logo_instagram.jpg\",\"contentUrl\":\"https:\\\/\\\/linesfiction.de\\\/lfd\\\/wp-content\\\/uploads\\\/2022\\\/12\\\/linesfiction_logo_instagram.jpg\",\"width\":1080,\"height\":1077,\"caption\":\"Lines Fiction\"},\"image\":{\"@id\":\"https:\\\/\\\/linesfiction.de\\\/lfd\\\/#\\\/schema\\\/logo\\\/image\\\/\"},\"sameAs\":[\"https:\\\/\\\/www.facebook.com\\\/linesfiction\\\/\",\"https:\\\/\\\/x.com\\\/linesfiction\",\"https:\\\/\\\/www.instagram.com\\\/linesfiction\\\/\"]}]}<\/script>\n<!-- \/ Yoast SEO plugin. -->","yoast_head_json":{"title":"Elisabeth Hobbs - Lines Fiction \u2605 Zeichnung &amp; Animation \u2605","robots":{"index":"index","follow":"follow","max-snippet":"max-snippet:-1","max-image-preview":"max-image-preview:large","max-video-preview":"max-video-preview:-1"},"canonical":"https:\/\/linesfiction.de\/lfd\/lines-fiction-online\/a-l\/elisabeth-hobbs\/","og_locale":"de_DE","og_type":"article","og_title":"Elisabeth Hobbs - Lines Fiction \u2605 Zeichnung &amp; Animation \u2605","og_description":"Lines Fiction: Ich wurde sehr neugierig auf deine Kunst, als ich herausfand, dass du dich selbst als traditionelle Animatorin und \u201eOld School\u201c beschreibst. Was ist deine k\u00fcnstlerische \u00dcberzeugung und wie setzt du sie in die Praxis um? Elisabeth Hobbs: Ich &hellip; Elisabeth Hobbs Weiterlesen &raquo;","og_url":"https:\/\/linesfiction.de\/lfd\/lines-fiction-online\/a-l\/elisabeth-hobbs\/","og_site_name":"Lines Fiction \u2605 Zeichnung &amp; Animation \u2605","article_publisher":"https:\/\/www.facebook.com\/linesfiction\/","article_modified_time":"2026-03-30T11:11:51+00:00","twitter_card":"summary_large_image","twitter_site":"@linesfiction","twitter_misc":{"Gesch\u00e4tzte Lesezeit":"5\u00a0Minuten"},"schema":{"@context":"https:\/\/schema.org","@graph":[{"@type":"WebPage","@id":"https:\/\/linesfiction.de\/lfd\/lines-fiction-online\/a-l\/elisabeth-hobbs\/","url":"https:\/\/linesfiction.de\/lfd\/lines-fiction-online\/a-l\/elisabeth-hobbs\/","name":"Elisabeth Hobbs - Lines Fiction \u2605 Zeichnung &amp; Animation \u2605","isPartOf":{"@id":"https:\/\/linesfiction.de\/lfd\/#website"},"datePublished":"2026-03-28T11:04:11+00:00","dateModified":"2026-03-30T11:11:51+00:00","breadcrumb":{"@id":"https:\/\/linesfiction.de\/lfd\/lines-fiction-online\/a-l\/elisabeth-hobbs\/#breadcrumb"},"inLanguage":"de","potentialAction":[{"@type":"ReadAction","target":["https:\/\/linesfiction.de\/lfd\/lines-fiction-online\/a-l\/elisabeth-hobbs\/"]}]},{"@type":"BreadcrumbList","@id":"https:\/\/linesfiction.de\/lfd\/lines-fiction-online\/a-l\/elisabeth-hobbs\/#breadcrumb","itemListElement":[{"@type":"ListItem","position":1,"name":"Startseite","item":"https:\/\/linesfiction.de\/lfd\/"},{"@type":"ListItem","position":2,"name":"Lines Fiction online","item":"https:\/\/linesfiction.de\/lfd\/lines-fiction-online\/"},{"@type":"ListItem","position":3,"name":"A &#8211; L","item":"https:\/\/linesfiction.de\/lfd\/lines-fiction-online\/a-l\/"},{"@type":"ListItem","position":4,"name":"Elisabeth Hobbs"}]},{"@type":"WebSite","@id":"https:\/\/linesfiction.de\/lfd\/#website","url":"https:\/\/linesfiction.de\/lfd\/","name":"Lines Fiction - Zeichnung & Animation - Drawing & Animation","description":"","publisher":{"@id":"https:\/\/linesfiction.de\/lfd\/#organization"},"potentialAction":[{"@type":"SearchAction","target":{"@type":"EntryPoint","urlTemplate":"https:\/\/linesfiction.de\/lfd\/?s={search_term_string}"},"query-input":{"@type":"PropertyValueSpecification","valueRequired":true,"valueName":"search_term_string"}}],"inLanguage":"de"},{"@type":"Organization","@id":"https:\/\/linesfiction.de\/lfd\/#organization","name":"Lines Fiction","url":"https:\/\/linesfiction.de\/lfd\/","logo":{"@type":"ImageObject","inLanguage":"de","@id":"https:\/\/linesfiction.de\/lfd\/#\/schema\/logo\/image\/","url":"https:\/\/linesfiction.de\/lfd\/wp-content\/uploads\/2022\/12\/linesfiction_logo_instagram.jpg","contentUrl":"https:\/\/linesfiction.de\/lfd\/wp-content\/uploads\/2022\/12\/linesfiction_logo_instagram.jpg","width":1080,"height":1077,"caption":"Lines Fiction"},"image":{"@id":"https:\/\/linesfiction.de\/lfd\/#\/schema\/logo\/image\/"},"sameAs":["https:\/\/www.facebook.com\/linesfiction\/","https:\/\/x.com\/linesfiction","https:\/\/www.instagram.com\/linesfiction\/"]}]}},"_links":{"self":[{"href":"https:\/\/linesfiction.de\/lfd\/wp-json\/wp\/v2\/pages\/4068","targetHints":{"allow":["GET"]}}],"collection":[{"href":"https:\/\/linesfiction.de\/lfd\/wp-json\/wp\/v2\/pages"}],"about":[{"href":"https:\/\/linesfiction.de\/lfd\/wp-json\/wp\/v2\/types\/page"}],"author":[{"embeddable":true,"href":"https:\/\/linesfiction.de\/lfd\/wp-json\/wp\/v2\/users\/7"}],"replies":[{"embeddable":true,"href":"https:\/\/linesfiction.de\/lfd\/wp-json\/wp\/v2\/comments?post=4068"}],"version-history":[{"count":16,"href":"https:\/\/linesfiction.de\/lfd\/wp-json\/wp\/v2\/pages\/4068\/revisions"}],"predecessor-version":[{"id":4103,"href":"https:\/\/linesfiction.de\/lfd\/wp-json\/wp\/v2\/pages\/4068\/revisions\/4103"}],"up":[{"embeddable":true,"href":"https:\/\/linesfiction.de\/lfd\/wp-json\/wp\/v2\/pages\/501"}],"wp:attachment":[{"href":"https:\/\/linesfiction.de\/lfd\/wp-json\/wp\/v2\/media?parent=4068"}],"curies":[{"name":"wp","href":"https:\/\/api.w.org\/{rel}","templated":true}]}}