{"id":784,"date":"2013-02-25T10:44:02","date_gmt":"2013-02-25T09:44:02","guid":{"rendered":"http:\/\/linesfiction.de\/lfd\/?page_id=784"},"modified":"2014-10-09T15:11:42","modified_gmt":"2014-10-09T14:11:42","slug":"susanne-rosin","status":"publish","type":"page","link":"https:\/\/linesfiction.de\/lfd\/lines-fiction-online\/m-z\/susanne-rosin\/","title":{"rendered":"Susanne Rosin"},"content":{"rendered":"<p><u>Lines Fiction: Das erste Mal, da\u00df ich deinen Film &#8222;die Wartende&#8220; gesehen habe war im Kunstverein &#8222;Alte Schule&#8220; in Baruth, einem kleinen Ort in Brandenburg. Du bist da Mitglied, und einen Kunstverein au\u00dferhalb der Metropole einzurichten hat ja Tradition, ist aber immer ein Wagnis. Wie hat das begonnen?<\/u><\/p>\n<p>Susanne Rosin: Der Kunstverein &#8222;Alte Schule Baruth&#8220; wurde 1997 von 10 K\u00fcnstlern und Architekten, die damals in das Geb\u00e4ude einzogen, gegr\u00fcndet. Wir begannen damit, jedes Jahr im Sommer in einer gro\u00dfen Gruppenausstellung unsere und die Arbeit von befreundeten und ausgew\u00e4hlten K\u00fcnstlern zu zeigen. Dieses Format haben wir meist beibehalten. Eine Ausstellung im Jahr war und ist f\u00fcr uns machbar und auch das Publikum kommt zur Sommerausstellung mit Sommerfest gerne, wir z\u00e4hlen jedes Jahr ca. 300 \u2013 500 G\u00e4ste. Die 20 \u2013 30 ausgestellten Arbeiten besch\u00e4ftigen sich immer mit einem vorgegebenen Thema. Jedes Jahr legen wir im Winter gemeinsam ein Thema fest und laden gezielt dazu passende K\u00fcnstler\/innen ein. Die Themen kreisen oft um den Standort des Kunstvereins, ein kleiner Ort tief in Brandenburg, aber nicht weit weg von der Gro\u00dfstadt Berlin. Angesichts des vielen Gr\u00fcns um uns, auch eines Lenn\u00e9parks vor Ort, nutzen wir gerne die M\u00f6glichkeit Ausstellungen im Ort Baruth oder im Gr\u00fcnen zu veranstalten. Gerade die Berliner K\u00fcnstler und Kunstinteressierten finden diese Besonderheit erkundenswert und besuchen uns regelm\u00e4\u00dfig. In Berliner Kunstkreisen sind wir inzwischen bekannt, auch weil schon ca. 50 Berliner K\u00fcnstler\/innen ihre Arbeit bei uns gezeigt haben.<\/p>\n<p><u>Lines Fiction: Die Szene in der Animation: &#8222;die Wartende&#8220; scheint ein Blick aus einem Studiofenster zu sein. Das sieht aber nicht aus wie das Fenster in Baruth?<\/u>  <\/p>\n<p>Susanne Rosin: Meine k\u00fcnstlerische Arbeit hat sich mit dem Baruther Kunstverein in zwei H\u00e4lften entwickelt, die Atelierarbeit in Berlin und Au\u00dfeninstallationen in Baruth.<\/p>\n<p>Der dreiteilige Film Langeweile entsteht im Atelier in Berlin. Die Szenen sind meinem pers\u00f6nlichen Leben entnommen. Die einzelnen Animationen sollen in Schwarzwei\u00df beginnen und dann zu einem Farbfilm werden, in dem eine Geschichte zu drei Personen erz\u00e4hlt wird und das Bildmittel Zeichnung durch Malerei und Fotografie erweitert wird. Hier ist der erste Teil &#8222;Die Wartende&#8220; zu sehen.<\/p>\n<p><u>Lines Fiction: Die Zeichnung in &#8222;die Wartende&#8220; entstand nicht mit Bleistift und Papier. Aber die langsame Entwicklung der Bilder hat einen sehr graphischen Stil. Wie gehst du vor?<\/u><\/p>\n<p>In der Animation erscheinen die Umrisse mit schwarzen Linien, die nach und nach einen Ort zeichnen. Zeichnen ist die einfachste, schnellste und genaueste Art eine Szene zu erfassen. Die Animation l\u00e4sst das Auge der Betrachter zwischen der zweidimensionalen Zeichnung und dem dreidimensionalen Raum hin und her springen.<\/p>\n<p>Meine Fotoarbeiten basieren auf einer intensiven Auseinandersetzung mit Raum und Fl\u00e4che.<br \/>\nIch arbeite immer mit Kulissen. Die Fotosets sind k\u00fcnstlich gebaute Orte. Die Gegenst\u00e4nde zu den Kulissen sind ebenso gebaut und werden zusammen auf dieser &#8222;B\u00fchne&#8220; arrangiert und fotografiert. Das Baumaterial ist vor allem Pappe und Papier. Entsprechend zeichne ich die Linien nicht, sondern benutze schwarzes Papier, das an den f\u00fcr eine Zeichnung notwendigen Raumr\u00e4ndern St\u00fcck f\u00fcr St\u00fcck verklebt wird.<\/p>\n<p>Umso genauer die Zeichnung wird, um so mehr erscheint mit Hilfe von Licht und Schatten der Raum. <\/p>\n<p>Ich w\u00e4hle die Technik Stop-Motion um nahe bei der Fotografie zu bleiben. Ich m\u00f6chte die Faszination, dass aus vielen Fotos eine Bewegung und ein Zeitablauf entstehen k\u00f6nnen, erhalten. Die durch diese Technik wenig perfekten Bildabl\u00e4ufe sind somit sehr erw\u00fcnscht.<\/p>\n<p><a href=\"http:\/\/www.susanne-rosin.de\/\" target=\"_blank\">www.susanne-rosin.de<\/a><\/p>\n<p><a href=\"http:\/\/www.alte-schule-baruth.de\/\" target=\"_blank\">Alte Schule Baruth<\/a><\/p>\n","protected":false},"excerpt":{"rendered":"<p>Lines Fiction: Das erste Mal, da\u00df ich deinen Film &#8222;die Wartende&#8220; gesehen habe war im Kunstverein &#8222;Alte Schule&#8220; in Baruth, einem kleinen Ort in Brandenburg. Du bist da Mitglied, und einen Kunstverein au\u00dferhalb der Metropole einzurichten hat ja Tradition, ist &hellip;<\/p>\n<p class=\"read-more\"> <a class=\"more-link\" href=\"https:\/\/linesfiction.de\/lfd\/lines-fiction-online\/m-z\/susanne-rosin\/\"> <span class=\"screen-reader-text\">Susanne Rosin<\/span> Weiterlesen &raquo;<\/a><\/p>\n","protected":false},"author":7,"featured_media":0,"parent":503,"menu_order":0,"comment_status":"closed","ping_status":"open","template":"bg\/content-sidebar-page.php","meta":{"footnotes":""},"class_list":["post-784","page","type-page","status-publish","hentry"],"yoast_head":"<!-- This site is optimized with the Yoast SEO plugin v27.6 - https:\/\/yoast.com\/product\/yoast-seo-wordpress\/ -->\n<title>Susanne Rosin - Lines Fiction \u2605 Zeichnung &amp; Animation \u2605<\/title>\n<meta name=\"robots\" content=\"index, follow, max-snippet:-1, max-image-preview:large, max-video-preview:-1\" \/>\n<link rel=\"canonical\" href=\"https:\/\/linesfiction.de\/lfd\/lines-fiction-online\/m-z\/susanne-rosin\/\" \/>\n<meta property=\"og:locale\" content=\"de_DE\" \/>\n<meta property=\"og:type\" content=\"article\" \/>\n<meta property=\"og:title\" content=\"Susanne Rosin - Lines Fiction \u2605 Zeichnung &amp; Animation \u2605\" \/>\n<meta property=\"og:description\" content=\"Lines Fiction: Das erste Mal, da\u00df ich deinen Film &#8222;die Wartende&#8220; gesehen habe war im Kunstverein &#8222;Alte Schule&#8220; in Baruth, einem kleinen Ort in Brandenburg. Du bist da Mitglied, und einen Kunstverein au\u00dferhalb der Metropole einzurichten hat ja Tradition, ist &hellip; Susanne Rosin Weiterlesen &raquo;\" \/>\n<meta property=\"og:url\" content=\"https:\/\/linesfiction.de\/lfd\/lines-fiction-online\/m-z\/susanne-rosin\/\" \/>\n<meta property=\"og:site_name\" content=\"Lines Fiction \u2605 Zeichnung &amp; Animation \u2605\" \/>\n<meta property=\"article:publisher\" content=\"https:\/\/www.facebook.com\/linesfiction\/\" \/>\n<meta property=\"article:modified_time\" content=\"2014-10-09T14:11:42+00:00\" \/>\n<meta name=\"twitter:card\" content=\"summary_large_image\" \/>\n<meta name=\"twitter:site\" content=\"@linesfiction\" \/>\n<meta name=\"twitter:label1\" content=\"Gesch\u00e4tzte Lesezeit\" \/>\n\t<meta name=\"twitter:data1\" content=\"3\u00a0Minuten\" \/>\n<script type=\"application\/ld+json\" class=\"yoast-schema-graph\">{\"@context\":\"https:\\\/\\\/schema.org\",\"@graph\":[{\"@type\":\"WebPage\",\"@id\":\"https:\\\/\\\/linesfiction.de\\\/lfd\\\/lines-fiction-online\\\/m-z\\\/susanne-rosin\\\/\",\"url\":\"https:\\\/\\\/linesfiction.de\\\/lfd\\\/lines-fiction-online\\\/m-z\\\/susanne-rosin\\\/\",\"name\":\"Susanne Rosin - Lines Fiction \u2605 Zeichnung &amp; Animation \u2605\",\"isPartOf\":{\"@id\":\"https:\\\/\\\/linesfiction.de\\\/lfd\\\/#website\"},\"datePublished\":\"2013-02-25T09:44:02+00:00\",\"dateModified\":\"2014-10-09T14:11:42+00:00\",\"breadcrumb\":{\"@id\":\"https:\\\/\\\/linesfiction.de\\\/lfd\\\/lines-fiction-online\\\/m-z\\\/susanne-rosin\\\/#breadcrumb\"},\"inLanguage\":\"de\",\"potentialAction\":[{\"@type\":\"ReadAction\",\"target\":[\"https:\\\/\\\/linesfiction.de\\\/lfd\\\/lines-fiction-online\\\/m-z\\\/susanne-rosin\\\/\"]}]},{\"@type\":\"BreadcrumbList\",\"@id\":\"https:\\\/\\\/linesfiction.de\\\/lfd\\\/lines-fiction-online\\\/m-z\\\/susanne-rosin\\\/#breadcrumb\",\"itemListElement\":[{\"@type\":\"ListItem\",\"position\":1,\"name\":\"Startseite\",\"item\":\"https:\\\/\\\/linesfiction.de\\\/lfd\\\/\"},{\"@type\":\"ListItem\",\"position\":2,\"name\":\"Lines Fiction online\",\"item\":\"https:\\\/\\\/linesfiction.de\\\/lfd\\\/lines-fiction-online\\\/\"},{\"@type\":\"ListItem\",\"position\":3,\"name\":\"M &#8211; Z\",\"item\":\"https:\\\/\\\/linesfiction.de\\\/lfd\\\/lines-fiction-online\\\/m-z\\\/\"},{\"@type\":\"ListItem\",\"position\":4,\"name\":\"Susanne Rosin\"}]},{\"@type\":\"WebSite\",\"@id\":\"https:\\\/\\\/linesfiction.de\\\/lfd\\\/#website\",\"url\":\"https:\\\/\\\/linesfiction.de\\\/lfd\\\/\",\"name\":\"Lines Fiction - Zeichnung & Animation - Drawing & Animation\",\"description\":\"\",\"publisher\":{\"@id\":\"https:\\\/\\\/linesfiction.de\\\/lfd\\\/#organization\"},\"potentialAction\":[{\"@type\":\"SearchAction\",\"target\":{\"@type\":\"EntryPoint\",\"urlTemplate\":\"https:\\\/\\\/linesfiction.de\\\/lfd\\\/?s={search_term_string}\"},\"query-input\":{\"@type\":\"PropertyValueSpecification\",\"valueRequired\":true,\"valueName\":\"search_term_string\"}}],\"inLanguage\":\"de\"},{\"@type\":\"Organization\",\"@id\":\"https:\\\/\\\/linesfiction.de\\\/lfd\\\/#organization\",\"name\":\"Lines Fiction\",\"url\":\"https:\\\/\\\/linesfiction.de\\\/lfd\\\/\",\"logo\":{\"@type\":\"ImageObject\",\"inLanguage\":\"de\",\"@id\":\"https:\\\/\\\/linesfiction.de\\\/lfd\\\/#\\\/schema\\\/logo\\\/image\\\/\",\"url\":\"https:\\\/\\\/linesfiction.de\\\/lfd\\\/wp-content\\\/uploads\\\/2022\\\/12\\\/linesfiction_logo_instagram.jpg\",\"contentUrl\":\"https:\\\/\\\/linesfiction.de\\\/lfd\\\/wp-content\\\/uploads\\\/2022\\\/12\\\/linesfiction_logo_instagram.jpg\",\"width\":1080,\"height\":1077,\"caption\":\"Lines Fiction\"},\"image\":{\"@id\":\"https:\\\/\\\/linesfiction.de\\\/lfd\\\/#\\\/schema\\\/logo\\\/image\\\/\"},\"sameAs\":[\"https:\\\/\\\/www.facebook.com\\\/linesfiction\\\/\",\"https:\\\/\\\/x.com\\\/linesfiction\",\"https:\\\/\\\/www.instagram.com\\\/linesfiction\\\/\"]}]}<\/script>\n<!-- \/ Yoast SEO plugin. -->","yoast_head_json":{"title":"Susanne Rosin - Lines Fiction \u2605 Zeichnung &amp; Animation \u2605","robots":{"index":"index","follow":"follow","max-snippet":"max-snippet:-1","max-image-preview":"max-image-preview:large","max-video-preview":"max-video-preview:-1"},"canonical":"https:\/\/linesfiction.de\/lfd\/lines-fiction-online\/m-z\/susanne-rosin\/","og_locale":"de_DE","og_type":"article","og_title":"Susanne Rosin - Lines Fiction \u2605 Zeichnung &amp; Animation \u2605","og_description":"Lines Fiction: Das erste Mal, da\u00df ich deinen Film &#8222;die Wartende&#8220; gesehen habe war im Kunstverein &#8222;Alte Schule&#8220; in Baruth, einem kleinen Ort in Brandenburg. Du bist da Mitglied, und einen Kunstverein au\u00dferhalb der Metropole einzurichten hat ja Tradition, ist &hellip; Susanne Rosin Weiterlesen &raquo;","og_url":"https:\/\/linesfiction.de\/lfd\/lines-fiction-online\/m-z\/susanne-rosin\/","og_site_name":"Lines Fiction \u2605 Zeichnung &amp; Animation \u2605","article_publisher":"https:\/\/www.facebook.com\/linesfiction\/","article_modified_time":"2014-10-09T14:11:42+00:00","twitter_card":"summary_large_image","twitter_site":"@linesfiction","twitter_misc":{"Gesch\u00e4tzte Lesezeit":"3\u00a0Minuten"},"schema":{"@context":"https:\/\/schema.org","@graph":[{"@type":"WebPage","@id":"https:\/\/linesfiction.de\/lfd\/lines-fiction-online\/m-z\/susanne-rosin\/","url":"https:\/\/linesfiction.de\/lfd\/lines-fiction-online\/m-z\/susanne-rosin\/","name":"Susanne Rosin - Lines Fiction \u2605 Zeichnung &amp; Animation \u2605","isPartOf":{"@id":"https:\/\/linesfiction.de\/lfd\/#website"},"datePublished":"2013-02-25T09:44:02+00:00","dateModified":"2014-10-09T14:11:42+00:00","breadcrumb":{"@id":"https:\/\/linesfiction.de\/lfd\/lines-fiction-online\/m-z\/susanne-rosin\/#breadcrumb"},"inLanguage":"de","potentialAction":[{"@type":"ReadAction","target":["https:\/\/linesfiction.de\/lfd\/lines-fiction-online\/m-z\/susanne-rosin\/"]}]},{"@type":"BreadcrumbList","@id":"https:\/\/linesfiction.de\/lfd\/lines-fiction-online\/m-z\/susanne-rosin\/#breadcrumb","itemListElement":[{"@type":"ListItem","position":1,"name":"Startseite","item":"https:\/\/linesfiction.de\/lfd\/"},{"@type":"ListItem","position":2,"name":"Lines Fiction online","item":"https:\/\/linesfiction.de\/lfd\/lines-fiction-online\/"},{"@type":"ListItem","position":3,"name":"M &#8211; Z","item":"https:\/\/linesfiction.de\/lfd\/lines-fiction-online\/m-z\/"},{"@type":"ListItem","position":4,"name":"Susanne Rosin"}]},{"@type":"WebSite","@id":"https:\/\/linesfiction.de\/lfd\/#website","url":"https:\/\/linesfiction.de\/lfd\/","name":"Lines Fiction - Zeichnung & Animation - Drawing & Animation","description":"","publisher":{"@id":"https:\/\/linesfiction.de\/lfd\/#organization"},"potentialAction":[{"@type":"SearchAction","target":{"@type":"EntryPoint","urlTemplate":"https:\/\/linesfiction.de\/lfd\/?s={search_term_string}"},"query-input":{"@type":"PropertyValueSpecification","valueRequired":true,"valueName":"search_term_string"}}],"inLanguage":"de"},{"@type":"Organization","@id":"https:\/\/linesfiction.de\/lfd\/#organization","name":"Lines Fiction","url":"https:\/\/linesfiction.de\/lfd\/","logo":{"@type":"ImageObject","inLanguage":"de","@id":"https:\/\/linesfiction.de\/lfd\/#\/schema\/logo\/image\/","url":"https:\/\/linesfiction.de\/lfd\/wp-content\/uploads\/2022\/12\/linesfiction_logo_instagram.jpg","contentUrl":"https:\/\/linesfiction.de\/lfd\/wp-content\/uploads\/2022\/12\/linesfiction_logo_instagram.jpg","width":1080,"height":1077,"caption":"Lines Fiction"},"image":{"@id":"https:\/\/linesfiction.de\/lfd\/#\/schema\/logo\/image\/"},"sameAs":["https:\/\/www.facebook.com\/linesfiction\/","https:\/\/x.com\/linesfiction","https:\/\/www.instagram.com\/linesfiction\/"]}]}},"_links":{"self":[{"href":"https:\/\/linesfiction.de\/lfd\/wp-json\/wp\/v2\/pages\/784","targetHints":{"allow":["GET"]}}],"collection":[{"href":"https:\/\/linesfiction.de\/lfd\/wp-json\/wp\/v2\/pages"}],"about":[{"href":"https:\/\/linesfiction.de\/lfd\/wp-json\/wp\/v2\/types\/page"}],"author":[{"embeddable":true,"href":"https:\/\/linesfiction.de\/lfd\/wp-json\/wp\/v2\/users\/7"}],"replies":[{"embeddable":true,"href":"https:\/\/linesfiction.de\/lfd\/wp-json\/wp\/v2\/comments?post=784"}],"version-history":[{"count":26,"href":"https:\/\/linesfiction.de\/lfd\/wp-json\/wp\/v2\/pages\/784\/revisions"}],"predecessor-version":[{"id":1087,"href":"https:\/\/linesfiction.de\/lfd\/wp-json\/wp\/v2\/pages\/784\/revisions\/1087"}],"up":[{"embeddable":true,"href":"https:\/\/linesfiction.de\/lfd\/wp-json\/wp\/v2\/pages\/503"}],"wp:attachment":[{"href":"https:\/\/linesfiction.de\/lfd\/wp-json\/wp\/v2\/media?parent=784"}],"curies":[{"name":"wp","href":"https:\/\/api.w.org\/{rel}","templated":true}]}}