{"id":871,"date":"2013-03-31T20:12:11","date_gmt":"2013-03-31T19:12:11","guid":{"rendered":"http:\/\/linesfiction.de\/lfd\/?page_id=871"},"modified":"2014-10-09T15:09:07","modified_gmt":"2014-10-09T14:09:07","slug":"matthias-reinhold","status":"publish","type":"page","link":"https:\/\/linesfiction.de\/lfd\/lines-fiction-online\/m-z\/matthias-reinhold\/","title":{"rendered":"Matthias Reinhold"},"content":{"rendered":"<p><u>Lines Fiction: Beim Surfen durch&#8217;s Internet klicken wir t\u00e4glich auf Bilder, die uns irgendwohin verlinken. Du nimmst diese Praxis als Zeichner in deine k\u00fcnstlerische Arbeit mit hinein. Auf deiner Webseite und offline in Ausstellungen am Monitor animierst du die Betrachter, sich durch deine digitalisierten Zeichnungen und Bilder zu klicken und damit assoziativ einen ganzen Erz\u00e4hlstrang abzurollen. Wie kamst du dazu?<\/u><\/p>\n<p>Matthias Reinhold: Angefangen hat es mit meinem Reise-blog \u201echinaclips\u201c, den ich w\u00e4hrend meines China-Aufenthaltes in Hangzhou 2005 betrieben hatte. Das war einerseits als Berichterstattung f\u00fcr die Leute zu Hause gedacht. Andererseits funktionierte es auch f\u00fcr mich selbst wie ein Sammel-Album f\u00fcr all die Eindr\u00fccke und Dinge, mit denen ich dort konfrontiert war. Ich studierte in dieser Zeit traditionelle Tuschemalerei und mochte den Kontrast zwischen diesem archaischen Medium und der neuen digitalen Technologie. Das kam in den chinaclips zum Ausdruck. Derselbe Gegensatz zwischen einer Handzeichnung und einer digitalen Datei macht auch den Reiz meiner jetzigen Arbeit aus. Ausgehend von diesem China-Aufenthalt hat sich ein Interesse f\u00fcr eine visuelle Sprache entwickelt. Sie besteht aus einer Folge von zeichenhaften Bildern, die einer Art Grammatik der Assoziation unterliegt. Vielleicht hat die Begegnung mit chinesischen Schriftzeichen mit ihrem urspr\u00fcnglich abbildenden Charakter zu dieser Idee gef\u00fchrt. Oder hatte mit dem Manko an Kommunikationsm\u00f6glichkeiten w\u00e4hrend des Auslandsaufenthalts in China zu tun. Im Alltag behalf ich mich oft mit Zeichnungen. In einem Restaurant bestellte ich ein bestimmtes Gericht, in dem ich zum Beispiel ein Huhn zeichnete. In der chinesischen Malerei gibt es f\u00fcr V\u00f6gel ein spezielles Genre. H\u00fchner waren also auch auf diesen traditionellen Rollbildern dargestellt, aber mehr als sch\u00f6n anzusehende lebendige Tiere, denn als potentiell schmackhaftes Gericht. Der Sinn eines Bildes hing also sehr von dem Zusammenhang ab, in dem es gesehen wurde. Dieser Dialog der Bilder untereinander wurde dann zum Hauptgegenstand meiner Projektes, das ich daher auch \u201eikonolog\u201c nannte.<\/p>\n<p><u>Lines Fiction: Beim Klicken durch den ikonolog kann man sich in assoziativen Bildern verlieren wie im Bilderatlas von Aby Warburg. All diese Zeichnungen auf Papier und Fotos k\u00f6nnen in Ausstellungen gezeigt werden, zusammen mit dem ikonolog auf dem Monitor. Zeigst du alle Zeichnungen oder pr\u00e4sentierst du eine Auswahl?<\/u><\/p>\n<p>Matthias Reinhold: Der \u201eMnemosyne-Atlas\u201c von Warburg ist sehr wichtig f\u00fcr mich, nicht nur wegen des Bezuges zur Bildwissenschaft der Ikonologie. Ich finde diese schwarz-wei\u00dfen Atlastafeln sehr anziehend und orientiere mich an ihnen, wenn ich die Zeichnungen f\u00fcr Ausstellungen arrangiere. Was die Auswahl angeht, so passen nur manche Zeichnungen zusammen, weil sie formal oder inhaltlich in einer Beziehung stehen\u2026 Um auf das Huhn zur\u00fcck zu kommen: man kann auf eine der Federn klicken und landet dann bei einer Landschaftsmalerei. Eine andere wird per Klick zu einem Federball verarbeitet, auf das Bein hin bekommt man \u2013 klick &#8211; das H\u00fchnergericht serviert, der Hintern legt die Eier. Das Huhn w\u00e4re also umgeben von diesen Partnermotiven, die ihrerseits mit anderen in Verbindung stehen. Aus diesem Assoziationsspiel bildete sich eine Art Wolke, die sich einer Wortfolge \u201eHuhn \u2013 Ei \u2013 Nest &#8211; Vogel \u2013 Feder \u2013 Ball \u2013 Garten \u2013 Baum &#8211; \u2026\u201c umschreiben l\u00e4sst. Das Nacheinander auf dem Bildschirm wird zu einem Nebeneinander auf der Wand. Der Betrachter kann sich seinen eigenen Pfad suchen. Im realen Raum kann man auf die Exponate zugehen oder ein paar Schritte zur\u00fcck machen kann. Dieses Prinzip des Hin- und Herwanderns versuche ich auf die Website zu \u00fcbertragen. Eines kann man jedoch nicht ersetzen: das sinnliche Erlebnis von echtem Papier, die Rillen, die der Bleistift hinterl\u00e4sst und die Reflexe der Grafitschicht. Das ist der Wert, f\u00fcr den es sich lohnt, tats\u00e4chlich zu zeichnen und diese Bl\u00e4tter in Ausstellungen zu zeigen.<\/p>\n<p><u>Lines Fiction: Pr\u00e4sentierst du deine digitale Arbeit offline oder finden deine Ausstellungen auch ohne Monitor statt? Wenn ja, wann entscheidest du dich wof\u00fcr?<\/u><\/p>\n<p>Matthias Reinhold: Die Website ist immer wieder in Ausstellungen integriert, quasi als virtuelles Fenster oder als Schreibtisch. Es h\u00e4ngt davon ab, ob sich eine Situation herstellen l\u00e4sst, in der ein Bildschirm nicht als Fremdk\u00f6rper wirkt. Manchmal liegen in Museumsr\u00e4umen Kataloge aus, oft angebunden an Sitzm\u00f6bel. Das Durchbl\u00e4ttern dieser Kataloge ist vielleicht am ehesten vergleichbar mit Websurfen in einem Galerieraum. Dieses Bl\u00e4ttern bzw. Surfen ist einfach eine andere Art des Sehens als das Betrachten von Bildern im Raum. Eigentlich ist der beste Ort daf\u00fcr zu Hause im Privaten, wo man seine Ruhe haben kann und den gewohnten Rahmen. Das gleiche k\u00f6nnte man aber auch von analogen Bildern behaupten, dass man ihnen am n\u00e4chsten kommt, wenn sie in der pers\u00f6nlichen Umgebung eingebettet sind und man sie im Alltag um sich herum hat. Letztlich ist eine Ausstellung ein Angebot und jeder sollte ein St\u00fcck weit selbst entscheiden k\u00f6nnen, wie er sich darauf einl\u00e4sst.<\/p>\n<p><u>Lines Fiction: Du hast auch eine Facebookseite ikonolog, die dein wachsendes Projekt dokumentiert. Wie wichtig ist das Internet f\u00fcr deine Arbeit?<\/u><\/p>\n<p>Matthias Reinhold: Die ikonolog-Website ist f\u00fcr mich eine Plattform, auf der ich meine Ideen entwickeln und publizieren kann. Sie hat f\u00fcr mich mindestens denselben Stellenwert wie eine Ausstellung oder ein gedrucktes Heft. Facebook ist dabei lediglich ein zus\u00e4tzliches Instrument, um \u00fcber die Entwicklung des Projekts zu informieren und um R\u00fcckmeldungen zu bekommen. An und f\u00fcr sich ist die Arbeit an der Website eine Art \u201eMeta-Zeichnen\u201c. Man k\u00f6nnte es auch mit Handarbeiten wie Weben oder Stricken vergleichen. Technisch gesehen n\u00fctze ich dazu die so genannte Hypertext Markup Language (HTML) und f\u00fcr das Layout Cascading Style Sheets (CSS), dar\u00fcberhinaus ein paar Java-Skripte f\u00fcr die Hervorhebung der Klickfl\u00e4chen. Alles ist \u201ehandgemacht\u201c, es sind keine Datenbanken involviert. Das Gebilde ist \u00fcber die Jahre gewachsen, Bild f\u00fcr Bild, eine Verkn\u00fcpfung nach der anderen. Mittlerweile gibt es ungef\u00e4hr vier tausend Seiten, die mit zehntausend links verbunden sind. Freunde und Bekannte konnten diesen Prozess von Anfang an mitverfolgen. Alle Gestaltungsmittel habe ich selbst in der Hand. Ich kann entscheiden, wann und wie etwas ge\u00e4ndert wird und dies mit relativ geringem  Aufwand umsetzen. Mich reizt die Offenheit des Ganzen. Es hat nie seine endg\u00fcltige Form und k\u00f6nnte immer weiter gehen\u2026<\/p>\n<p><a href=\"http:\/\/www.ikonolog.de\/\">ikonolog.de<\/a><\/p>\n","protected":false},"excerpt":{"rendered":"<p>Lines Fiction: Beim Surfen durch&#8217;s Internet klicken wir t\u00e4glich auf Bilder, die uns irgendwohin verlinken. Du nimmst diese Praxis als Zeichner in deine k\u00fcnstlerische Arbeit mit hinein. Auf deiner Webseite und offline in Ausstellungen am Monitor animierst du die Betrachter, &hellip;<\/p>\n<p class=\"read-more\"> <a class=\"more-link\" href=\"https:\/\/linesfiction.de\/lfd\/lines-fiction-online\/m-z\/matthias-reinhold\/\"> <span class=\"screen-reader-text\">Matthias Reinhold<\/span> Weiterlesen &raquo;<\/a><\/p>\n","protected":false},"author":7,"featured_media":0,"parent":503,"menu_order":0,"comment_status":"closed","ping_status":"open","template":"bg\/content-sidebar-page.php","meta":{"footnotes":""},"class_list":["post-871","page","type-page","status-publish","hentry"],"yoast_head":"<!-- This site is optimized with the Yoast SEO plugin v27.3 - https:\/\/yoast.com\/product\/yoast-seo-wordpress\/ -->\n<title>Matthias Reinhold - Lines Fiction \u2605 Zeichnung &amp; Animation \u2605<\/title>\n<meta name=\"robots\" content=\"index, follow, max-snippet:-1, max-image-preview:large, max-video-preview:-1\" \/>\n<link rel=\"canonical\" href=\"https:\/\/linesfiction.de\/lfd\/lines-fiction-online\/m-z\/matthias-reinhold\/\" \/>\n<meta property=\"og:locale\" content=\"de_DE\" \/>\n<meta property=\"og:type\" content=\"article\" \/>\n<meta property=\"og:title\" content=\"Matthias Reinhold - Lines Fiction \u2605 Zeichnung &amp; Animation \u2605\" \/>\n<meta property=\"og:description\" content=\"Lines Fiction: Beim Surfen durch&#8217;s Internet klicken wir t\u00e4glich auf Bilder, die uns irgendwohin verlinken. Du nimmst diese Praxis als Zeichner in deine k\u00fcnstlerische Arbeit mit hinein. Auf deiner Webseite und offline in Ausstellungen am Monitor animierst du die Betrachter, &hellip; Matthias Reinhold Weiterlesen &raquo;\" \/>\n<meta property=\"og:url\" content=\"https:\/\/linesfiction.de\/lfd\/lines-fiction-online\/m-z\/matthias-reinhold\/\" \/>\n<meta property=\"og:site_name\" content=\"Lines Fiction \u2605 Zeichnung &amp; Animation \u2605\" \/>\n<meta property=\"article:publisher\" content=\"https:\/\/www.facebook.com\/linesfiction\/\" \/>\n<meta property=\"article:modified_time\" content=\"2014-10-09T14:09:07+00:00\" \/>\n<meta name=\"twitter:card\" content=\"summary_large_image\" \/>\n<meta name=\"twitter:site\" content=\"@linesfiction\" \/>\n<meta name=\"twitter:label1\" content=\"Gesch\u00e4tzte Lesezeit\" \/>\n\t<meta name=\"twitter:data1\" content=\"5\u00a0Minuten\" \/>\n<script type=\"application\/ld+json\" class=\"yoast-schema-graph\">{\"@context\":\"https:\\\/\\\/schema.org\",\"@graph\":[{\"@type\":\"WebPage\",\"@id\":\"https:\\\/\\\/linesfiction.de\\\/lfd\\\/lines-fiction-online\\\/m-z\\\/matthias-reinhold\\\/\",\"url\":\"https:\\\/\\\/linesfiction.de\\\/lfd\\\/lines-fiction-online\\\/m-z\\\/matthias-reinhold\\\/\",\"name\":\"Matthias Reinhold - Lines Fiction \u2605 Zeichnung &amp; Animation \u2605\",\"isPartOf\":{\"@id\":\"https:\\\/\\\/linesfiction.de\\\/lfd\\\/#website\"},\"datePublished\":\"2013-03-31T19:12:11+00:00\",\"dateModified\":\"2014-10-09T14:09:07+00:00\",\"breadcrumb\":{\"@id\":\"https:\\\/\\\/linesfiction.de\\\/lfd\\\/lines-fiction-online\\\/m-z\\\/matthias-reinhold\\\/#breadcrumb\"},\"inLanguage\":\"de\",\"potentialAction\":[{\"@type\":\"ReadAction\",\"target\":[\"https:\\\/\\\/linesfiction.de\\\/lfd\\\/lines-fiction-online\\\/m-z\\\/matthias-reinhold\\\/\"]}]},{\"@type\":\"BreadcrumbList\",\"@id\":\"https:\\\/\\\/linesfiction.de\\\/lfd\\\/lines-fiction-online\\\/m-z\\\/matthias-reinhold\\\/#breadcrumb\",\"itemListElement\":[{\"@type\":\"ListItem\",\"position\":1,\"name\":\"Startseite\",\"item\":\"https:\\\/\\\/linesfiction.de\\\/lfd\\\/\"},{\"@type\":\"ListItem\",\"position\":2,\"name\":\"Lines Fiction online\",\"item\":\"https:\\\/\\\/linesfiction.de\\\/lfd\\\/lines-fiction-online\\\/\"},{\"@type\":\"ListItem\",\"position\":3,\"name\":\"M &#8211; Z\",\"item\":\"https:\\\/\\\/linesfiction.de\\\/lfd\\\/lines-fiction-online\\\/m-z\\\/\"},{\"@type\":\"ListItem\",\"position\":4,\"name\":\"Matthias Reinhold\"}]},{\"@type\":\"WebSite\",\"@id\":\"https:\\\/\\\/linesfiction.de\\\/lfd\\\/#website\",\"url\":\"https:\\\/\\\/linesfiction.de\\\/lfd\\\/\",\"name\":\"Lines Fiction - Zeichnung & Animation - Drawing & Animation\",\"description\":\"\",\"publisher\":{\"@id\":\"https:\\\/\\\/linesfiction.de\\\/lfd\\\/#organization\"},\"potentialAction\":[{\"@type\":\"SearchAction\",\"target\":{\"@type\":\"EntryPoint\",\"urlTemplate\":\"https:\\\/\\\/linesfiction.de\\\/lfd\\\/?s={search_term_string}\"},\"query-input\":{\"@type\":\"PropertyValueSpecification\",\"valueRequired\":true,\"valueName\":\"search_term_string\"}}],\"inLanguage\":\"de\"},{\"@type\":\"Organization\",\"@id\":\"https:\\\/\\\/linesfiction.de\\\/lfd\\\/#organization\",\"name\":\"Lines Fiction\",\"url\":\"https:\\\/\\\/linesfiction.de\\\/lfd\\\/\",\"logo\":{\"@type\":\"ImageObject\",\"inLanguage\":\"de\",\"@id\":\"https:\\\/\\\/linesfiction.de\\\/lfd\\\/#\\\/schema\\\/logo\\\/image\\\/\",\"url\":\"https:\\\/\\\/linesfiction.de\\\/lfd\\\/wp-content\\\/uploads\\\/2022\\\/12\\\/linesfiction_logo_instagram.jpg\",\"contentUrl\":\"https:\\\/\\\/linesfiction.de\\\/lfd\\\/wp-content\\\/uploads\\\/2022\\\/12\\\/linesfiction_logo_instagram.jpg\",\"width\":1080,\"height\":1077,\"caption\":\"Lines Fiction\"},\"image\":{\"@id\":\"https:\\\/\\\/linesfiction.de\\\/lfd\\\/#\\\/schema\\\/logo\\\/image\\\/\"},\"sameAs\":[\"https:\\\/\\\/www.facebook.com\\\/linesfiction\\\/\",\"https:\\\/\\\/x.com\\\/linesfiction\",\"https:\\\/\\\/www.instagram.com\\\/linesfiction\\\/\"]}]}<\/script>\n<!-- \/ Yoast SEO plugin. -->","yoast_head_json":{"title":"Matthias Reinhold - Lines Fiction \u2605 Zeichnung &amp; Animation \u2605","robots":{"index":"index","follow":"follow","max-snippet":"max-snippet:-1","max-image-preview":"max-image-preview:large","max-video-preview":"max-video-preview:-1"},"canonical":"https:\/\/linesfiction.de\/lfd\/lines-fiction-online\/m-z\/matthias-reinhold\/","og_locale":"de_DE","og_type":"article","og_title":"Matthias Reinhold - Lines Fiction \u2605 Zeichnung &amp; Animation \u2605","og_description":"Lines Fiction: Beim Surfen durch&#8217;s Internet klicken wir t\u00e4glich auf Bilder, die uns irgendwohin verlinken. Du nimmst diese Praxis als Zeichner in deine k\u00fcnstlerische Arbeit mit hinein. Auf deiner Webseite und offline in Ausstellungen am Monitor animierst du die Betrachter, &hellip; Matthias Reinhold Weiterlesen &raquo;","og_url":"https:\/\/linesfiction.de\/lfd\/lines-fiction-online\/m-z\/matthias-reinhold\/","og_site_name":"Lines Fiction \u2605 Zeichnung &amp; Animation \u2605","article_publisher":"https:\/\/www.facebook.com\/linesfiction\/","article_modified_time":"2014-10-09T14:09:07+00:00","twitter_card":"summary_large_image","twitter_site":"@linesfiction","twitter_misc":{"Gesch\u00e4tzte Lesezeit":"5\u00a0Minuten"},"schema":{"@context":"https:\/\/schema.org","@graph":[{"@type":"WebPage","@id":"https:\/\/linesfiction.de\/lfd\/lines-fiction-online\/m-z\/matthias-reinhold\/","url":"https:\/\/linesfiction.de\/lfd\/lines-fiction-online\/m-z\/matthias-reinhold\/","name":"Matthias Reinhold - Lines Fiction \u2605 Zeichnung &amp; Animation \u2605","isPartOf":{"@id":"https:\/\/linesfiction.de\/lfd\/#website"},"datePublished":"2013-03-31T19:12:11+00:00","dateModified":"2014-10-09T14:09:07+00:00","breadcrumb":{"@id":"https:\/\/linesfiction.de\/lfd\/lines-fiction-online\/m-z\/matthias-reinhold\/#breadcrumb"},"inLanguage":"de","potentialAction":[{"@type":"ReadAction","target":["https:\/\/linesfiction.de\/lfd\/lines-fiction-online\/m-z\/matthias-reinhold\/"]}]},{"@type":"BreadcrumbList","@id":"https:\/\/linesfiction.de\/lfd\/lines-fiction-online\/m-z\/matthias-reinhold\/#breadcrumb","itemListElement":[{"@type":"ListItem","position":1,"name":"Startseite","item":"https:\/\/linesfiction.de\/lfd\/"},{"@type":"ListItem","position":2,"name":"Lines Fiction online","item":"https:\/\/linesfiction.de\/lfd\/lines-fiction-online\/"},{"@type":"ListItem","position":3,"name":"M &#8211; Z","item":"https:\/\/linesfiction.de\/lfd\/lines-fiction-online\/m-z\/"},{"@type":"ListItem","position":4,"name":"Matthias Reinhold"}]},{"@type":"WebSite","@id":"https:\/\/linesfiction.de\/lfd\/#website","url":"https:\/\/linesfiction.de\/lfd\/","name":"Lines Fiction - Zeichnung & Animation - Drawing & Animation","description":"","publisher":{"@id":"https:\/\/linesfiction.de\/lfd\/#organization"},"potentialAction":[{"@type":"SearchAction","target":{"@type":"EntryPoint","urlTemplate":"https:\/\/linesfiction.de\/lfd\/?s={search_term_string}"},"query-input":{"@type":"PropertyValueSpecification","valueRequired":true,"valueName":"search_term_string"}}],"inLanguage":"de"},{"@type":"Organization","@id":"https:\/\/linesfiction.de\/lfd\/#organization","name":"Lines Fiction","url":"https:\/\/linesfiction.de\/lfd\/","logo":{"@type":"ImageObject","inLanguage":"de","@id":"https:\/\/linesfiction.de\/lfd\/#\/schema\/logo\/image\/","url":"https:\/\/linesfiction.de\/lfd\/wp-content\/uploads\/2022\/12\/linesfiction_logo_instagram.jpg","contentUrl":"https:\/\/linesfiction.de\/lfd\/wp-content\/uploads\/2022\/12\/linesfiction_logo_instagram.jpg","width":1080,"height":1077,"caption":"Lines Fiction"},"image":{"@id":"https:\/\/linesfiction.de\/lfd\/#\/schema\/logo\/image\/"},"sameAs":["https:\/\/www.facebook.com\/linesfiction\/","https:\/\/x.com\/linesfiction","https:\/\/www.instagram.com\/linesfiction\/"]}]}},"_links":{"self":[{"href":"https:\/\/linesfiction.de\/lfd\/wp-json\/wp\/v2\/pages\/871","targetHints":{"allow":["GET"]}}],"collection":[{"href":"https:\/\/linesfiction.de\/lfd\/wp-json\/wp\/v2\/pages"}],"about":[{"href":"https:\/\/linesfiction.de\/lfd\/wp-json\/wp\/v2\/types\/page"}],"author":[{"embeddable":true,"href":"https:\/\/linesfiction.de\/lfd\/wp-json\/wp\/v2\/users\/7"}],"replies":[{"embeddable":true,"href":"https:\/\/linesfiction.de\/lfd\/wp-json\/wp\/v2\/comments?post=871"}],"version-history":[{"count":13,"href":"https:\/\/linesfiction.de\/lfd\/wp-json\/wp\/v2\/pages\/871\/revisions"}],"predecessor-version":[{"id":1085,"href":"https:\/\/linesfiction.de\/lfd\/wp-json\/wp\/v2\/pages\/871\/revisions\/1085"}],"up":[{"embeddable":true,"href":"https:\/\/linesfiction.de\/lfd\/wp-json\/wp\/v2\/pages\/503"}],"wp:attachment":[{"href":"https:\/\/linesfiction.de\/lfd\/wp-json\/wp\/v2\/media?parent=871"}],"curies":[{"name":"wp","href":"https:\/\/api.w.org\/{rel}","templated":true}]}}