{"id":895,"date":"2013-07-14T16:46:08","date_gmt":"2013-07-14T15:46:08","guid":{"rendered":"http:\/\/linesfiction.de\/lfd\/?page_id=895"},"modified":"2022-12-21T14:29:28","modified_gmt":"2022-12-21T13:29:28","slug":"manon-bovenkerk","status":"publish","type":"page","link":"https:\/\/linesfiction.de\/lfd\/lines-fiction-online\/a-l\/manon-bovenkerk\/","title":{"rendered":"Manon Bovenkerk"},"content":{"rendered":"<p><u>Lines Fiction: Deine handgezeichneten Animationen bewegen sich thematisch und formal auf recht unterschiedlichen Gebieten. Einer deiner Schwerpunkte sind Animationen im Stil der gro\u00dfartigen Max Fleischer Cartoons aus den zwanziger Jahren des letzten Jahrhunderts (Max Fleischer als dunkle Seite zu Walt Disney), und ein anderer Schwerpunkt sind deine Animationen, die an Kino und Filme der Nouvelle Vague erinnern. Wie kam es zu diesen beiden Polen?<\/u><\/p>\n<p>Manon Bovenkerk: es hat zu tun mit meinem gleichzeitigen Interesse an Genrefilmen und Cartoons. Ich liebe Science Fiction, Western, Horrorfilme, Giallofilme, Twilight-filme, B-Filme, &#8222;Low art&#8220;-Produktionen mit ihren eigenen Regeln und Konventionen: den Bildern, Symbolen, Themen und Mhyten. Da gibt es eine Dunkelheit, ein Gef\u00fchl von Angst und Bedrohung. Die Cartoons von denen du sprichst erscheinen nur als Trickfilme f\u00fcr Kinder, Fritz the Cat von Max Fleischer beispielsweise ist ziemlich seltsam, anarchistisch und subversiv.<\/p>\n<p>Meine Animationen entstehen durch Zeichnungen, durch den Zeichenproze\u00df und was dabei passiert. Ich arbeite ohne Storyboard und Script, es ist mehr ein assoziativer und viszeraler Proze\u00df. Wie ich Animationen erstelle h\u00e4ngt davon ab, wie ich zur gegebenen Zeit zeichne und das wechselt. Ich kann&#8217;s nicht \u00e4ndern, es passiert einfach. Als ich beispielsweise an <em>Ocnophilia<\/em> zu arbeiten begann, hatte ich gerade ein Art-in-Residence-Stipendium in einem ganz kleinen Dorf in Holland. Es war da so still, ich hatte so viel Zeit, und ich wurde komplett absorbiert von meinem Thema. Als Ergebnis wurden meine Zeichnungen sehr detailliert und obsessiv. Ich konnte diese Zeichnungen nicht in Stop-Motion animieren, also begann ich mit Standbildern und mit der Kamerabewegung dar\u00fcber hin zu experimentieren. Ich experimentierte mit Bewegung, Schnitt, Rhythmus und Musik. <em>Julia\/Guiliana<\/em> ist auch auf diese Weise entstanden, mit Standbildern, die eine Cinematographische Qualit\u00e4t haben. Mich hat Michel Antonionis Einsatz von Architektur als assoziative Reflexion des Psychozustands seiner Protagonisten beeindruckt, aber ich war auch ein bisschen besessen von Monica Vitti. <em>Julia\/Guiliana<\/em> ist eine Liebeserkl\u00e4rung an sie.<\/p>\n<p>Ich bin nicht so interessiert in Animationen im Stil von Disney oder Pixar. F\u00fcr mich geht&#8217;s nur um Kino und Zeichnung. Und ich versuche, beides zusammenzubringen.<\/p>\n<p><u>Lines Fiction: Dein j\u00fcngstes Projekt handelt von Monstern, einem weiteren unheimlichen Feld auf das du dich begibst. Kannst du mir mehr \u00fcber dieses spezielle Thema erz\u00e4hlen?<\/u><\/p>\n<p>Manon Bovenkerk: Mein Projekt <em>Monster<\/em> enstand aus meinem Interesse in Natur und Mythen, in der Verschmelzung von Tier mit Mensch zu einem Charakter (wie es bei Fritz the Cat passiert), und der Idee des Monstr\u00f6sen, Hybriden, dem Fast-aber-nicht-ganz-Menschlichen. Diese Metamorphose gibt es in vielen Kulturen. Menschen verwandekln sich in Affen aufgrund irgendwelcher \u00dcbertretungen. Aber Monstr\u00f6sitat ist missverstandene Andersartigkeit: Die Darstellunng von Monstern in unseren Legenden repr\u00e4sentiert die Probleme, die wir im Umgang mit Andersartigem haben. Wie kann man Menschen unterscheiden von den Zwischenwesen im Reigen der Lebewesen? Die Frage wird umso kniffliger, da Monster siche gerne als Menschen geben, um die Grenzen in seltsamen Formen zu \u00fcberschreiten: als Werw\u00f6lfe, Succubi, Tiermenschen, und in zeitgen\u00f6ssischen Mythen als Klone und Roboter mit k\u00fcnstlicher Intelligenz.<br \/>\n<em>Monster<\/em> handelt von einem Monster, das meint, es sei menschlich. Beinahe wie ein Haustier sieht es sich als gleichwertiges Mitglied in der menschlichen Gemeinschaft, bekommt es aber nicht ganz hin.<br \/>\nAlso bleibt die Hauptfrage: &#8222;Was ist ein Monster?&#8220;, und die treibende Kraft dahinter ist das Scheitern. Im philosophischen Sinne untersucht die Geschichte die Grenze zwischen menschlich und tierisch, Unterdr\u00fcckung und Verbindung, der Vernunft und dem Animalischem.<br \/>\nIch wei\u00df noch nicht, welche Form das Projekt annehmen wird. Mein erster Plan war, es zu einem interaktiven Projekt zu machen, jetzt wird es wohl eine Kombination aus Film und Zeichnung, die gleichzeitig online und offline zu sehen sein wird.<\/p>\n<p><a href=\"http:\/\/monster-amostra.blogspot.nl\/\" target=\"_blank\" rel=\"noopener\"><br \/>\nmonster-amostra.blogspot.nl\/<\/a><\/p>\n<p><a href=\"http:\/\/manonbovenkerk.nl\/\" target=\"_blank\" rel=\"noopener\"><br \/>\nmanonbovenkerk.nl\/<\/a><\/p>\n","protected":false},"excerpt":{"rendered":"<p>Lines Fiction: Deine handgezeichneten Animationen bewegen sich thematisch und formal auf recht unterschiedlichen Gebieten. Einer deiner Schwerpunkte sind Animationen im Stil der gro\u00dfartigen Max Fleischer Cartoons aus den zwanziger Jahren des letzten Jahrhunderts (Max Fleischer als dunkle Seite zu Walt &hellip;<\/p>\n<p class=\"read-more\"> <a class=\"more-link\" href=\"https:\/\/linesfiction.de\/lfd\/lines-fiction-online\/a-l\/manon-bovenkerk\/\"> <span class=\"screen-reader-text\">Manon Bovenkerk<\/span> Weiterlesen &raquo;<\/a><\/p>\n","protected":false},"author":7,"featured_media":0,"parent":501,"menu_order":0,"comment_status":"closed","ping_status":"open","template":"bg\/content-sidebar-page.php","meta":{"footnotes":""},"class_list":["post-895","page","type-page","status-publish","hentry"],"yoast_head":"<!-- This site is optimized with the Yoast SEO plugin v27.4 - https:\/\/yoast.com\/product\/yoast-seo-wordpress\/ -->\n<title>Manon Bovenkerk - Lines Fiction \u2605 Zeichnung &amp; Animation \u2605<\/title>\n<meta name=\"robots\" content=\"index, follow, max-snippet:-1, max-image-preview:large, max-video-preview:-1\" \/>\n<link rel=\"canonical\" href=\"https:\/\/linesfiction.de\/lfd\/lines-fiction-online\/a-l\/manon-bovenkerk\/\" \/>\n<meta property=\"og:locale\" content=\"de_DE\" \/>\n<meta property=\"og:type\" content=\"article\" \/>\n<meta property=\"og:title\" content=\"Manon Bovenkerk - Lines Fiction \u2605 Zeichnung &amp; Animation \u2605\" \/>\n<meta property=\"og:description\" content=\"Lines Fiction: Deine handgezeichneten Animationen bewegen sich thematisch und formal auf recht unterschiedlichen Gebieten. Einer deiner Schwerpunkte sind Animationen im Stil der gro\u00dfartigen Max Fleischer Cartoons aus den zwanziger Jahren des letzten Jahrhunderts (Max Fleischer als dunkle Seite zu Walt &hellip; Manon Bovenkerk Weiterlesen &raquo;\" \/>\n<meta property=\"og:url\" content=\"https:\/\/linesfiction.de\/lfd\/lines-fiction-online\/a-l\/manon-bovenkerk\/\" \/>\n<meta property=\"og:site_name\" content=\"Lines Fiction \u2605 Zeichnung &amp; Animation \u2605\" \/>\n<meta property=\"article:publisher\" content=\"https:\/\/www.facebook.com\/linesfiction\/\" \/>\n<meta property=\"article:modified_time\" content=\"2022-12-21T13:29:28+00:00\" \/>\n<meta name=\"twitter:card\" content=\"summary_large_image\" \/>\n<meta name=\"twitter:site\" content=\"@linesfiction\" \/>\n<meta name=\"twitter:label1\" content=\"Gesch\u00e4tzte Lesezeit\" \/>\n\t<meta name=\"twitter:data1\" content=\"3\u00a0Minuten\" \/>\n<script type=\"application\/ld+json\" class=\"yoast-schema-graph\">{\"@context\":\"https:\\\/\\\/schema.org\",\"@graph\":[{\"@type\":\"WebPage\",\"@id\":\"https:\\\/\\\/linesfiction.de\\\/lfd\\\/lines-fiction-online\\\/a-l\\\/manon-bovenkerk\\\/\",\"url\":\"https:\\\/\\\/linesfiction.de\\\/lfd\\\/lines-fiction-online\\\/a-l\\\/manon-bovenkerk\\\/\",\"name\":\"Manon Bovenkerk - Lines Fiction \u2605 Zeichnung &amp; Animation \u2605\",\"isPartOf\":{\"@id\":\"https:\\\/\\\/linesfiction.de\\\/lfd\\\/#website\"},\"datePublished\":\"2013-07-14T15:46:08+00:00\",\"dateModified\":\"2022-12-21T13:29:28+00:00\",\"breadcrumb\":{\"@id\":\"https:\\\/\\\/linesfiction.de\\\/lfd\\\/lines-fiction-online\\\/a-l\\\/manon-bovenkerk\\\/#breadcrumb\"},\"inLanguage\":\"de\",\"potentialAction\":[{\"@type\":\"ReadAction\",\"target\":[\"https:\\\/\\\/linesfiction.de\\\/lfd\\\/lines-fiction-online\\\/a-l\\\/manon-bovenkerk\\\/\"]}]},{\"@type\":\"BreadcrumbList\",\"@id\":\"https:\\\/\\\/linesfiction.de\\\/lfd\\\/lines-fiction-online\\\/a-l\\\/manon-bovenkerk\\\/#breadcrumb\",\"itemListElement\":[{\"@type\":\"ListItem\",\"position\":1,\"name\":\"Startseite\",\"item\":\"https:\\\/\\\/linesfiction.de\\\/lfd\\\/\"},{\"@type\":\"ListItem\",\"position\":2,\"name\":\"Lines Fiction online\",\"item\":\"https:\\\/\\\/linesfiction.de\\\/lfd\\\/lines-fiction-online\\\/\"},{\"@type\":\"ListItem\",\"position\":3,\"name\":\"A &#8211; L\",\"item\":\"https:\\\/\\\/linesfiction.de\\\/lfd\\\/lines-fiction-online\\\/a-l\\\/\"},{\"@type\":\"ListItem\",\"position\":4,\"name\":\"Manon Bovenkerk\"}]},{\"@type\":\"WebSite\",\"@id\":\"https:\\\/\\\/linesfiction.de\\\/lfd\\\/#website\",\"url\":\"https:\\\/\\\/linesfiction.de\\\/lfd\\\/\",\"name\":\"Lines Fiction - Zeichnung & Animation - Drawing & Animation\",\"description\":\"\",\"publisher\":{\"@id\":\"https:\\\/\\\/linesfiction.de\\\/lfd\\\/#organization\"},\"potentialAction\":[{\"@type\":\"SearchAction\",\"target\":{\"@type\":\"EntryPoint\",\"urlTemplate\":\"https:\\\/\\\/linesfiction.de\\\/lfd\\\/?s={search_term_string}\"},\"query-input\":{\"@type\":\"PropertyValueSpecification\",\"valueRequired\":true,\"valueName\":\"search_term_string\"}}],\"inLanguage\":\"de\"},{\"@type\":\"Organization\",\"@id\":\"https:\\\/\\\/linesfiction.de\\\/lfd\\\/#organization\",\"name\":\"Lines Fiction\",\"url\":\"https:\\\/\\\/linesfiction.de\\\/lfd\\\/\",\"logo\":{\"@type\":\"ImageObject\",\"inLanguage\":\"de\",\"@id\":\"https:\\\/\\\/linesfiction.de\\\/lfd\\\/#\\\/schema\\\/logo\\\/image\\\/\",\"url\":\"https:\\\/\\\/linesfiction.de\\\/lfd\\\/wp-content\\\/uploads\\\/2022\\\/12\\\/linesfiction_logo_instagram.jpg\",\"contentUrl\":\"https:\\\/\\\/linesfiction.de\\\/lfd\\\/wp-content\\\/uploads\\\/2022\\\/12\\\/linesfiction_logo_instagram.jpg\",\"width\":1080,\"height\":1077,\"caption\":\"Lines Fiction\"},\"image\":{\"@id\":\"https:\\\/\\\/linesfiction.de\\\/lfd\\\/#\\\/schema\\\/logo\\\/image\\\/\"},\"sameAs\":[\"https:\\\/\\\/www.facebook.com\\\/linesfiction\\\/\",\"https:\\\/\\\/x.com\\\/linesfiction\",\"https:\\\/\\\/www.instagram.com\\\/linesfiction\\\/\"]}]}<\/script>\n<!-- \/ Yoast SEO plugin. -->","yoast_head_json":{"title":"Manon Bovenkerk - Lines Fiction \u2605 Zeichnung &amp; Animation \u2605","robots":{"index":"index","follow":"follow","max-snippet":"max-snippet:-1","max-image-preview":"max-image-preview:large","max-video-preview":"max-video-preview:-1"},"canonical":"https:\/\/linesfiction.de\/lfd\/lines-fiction-online\/a-l\/manon-bovenkerk\/","og_locale":"de_DE","og_type":"article","og_title":"Manon Bovenkerk - Lines Fiction \u2605 Zeichnung &amp; Animation \u2605","og_description":"Lines Fiction: Deine handgezeichneten Animationen bewegen sich thematisch und formal auf recht unterschiedlichen Gebieten. Einer deiner Schwerpunkte sind Animationen im Stil der gro\u00dfartigen Max Fleischer Cartoons aus den zwanziger Jahren des letzten Jahrhunderts (Max Fleischer als dunkle Seite zu Walt &hellip; Manon Bovenkerk Weiterlesen &raquo;","og_url":"https:\/\/linesfiction.de\/lfd\/lines-fiction-online\/a-l\/manon-bovenkerk\/","og_site_name":"Lines Fiction \u2605 Zeichnung &amp; Animation \u2605","article_publisher":"https:\/\/www.facebook.com\/linesfiction\/","article_modified_time":"2022-12-21T13:29:28+00:00","twitter_card":"summary_large_image","twitter_site":"@linesfiction","twitter_misc":{"Gesch\u00e4tzte Lesezeit":"3\u00a0Minuten"},"schema":{"@context":"https:\/\/schema.org","@graph":[{"@type":"WebPage","@id":"https:\/\/linesfiction.de\/lfd\/lines-fiction-online\/a-l\/manon-bovenkerk\/","url":"https:\/\/linesfiction.de\/lfd\/lines-fiction-online\/a-l\/manon-bovenkerk\/","name":"Manon Bovenkerk - Lines Fiction \u2605 Zeichnung &amp; Animation \u2605","isPartOf":{"@id":"https:\/\/linesfiction.de\/lfd\/#website"},"datePublished":"2013-07-14T15:46:08+00:00","dateModified":"2022-12-21T13:29:28+00:00","breadcrumb":{"@id":"https:\/\/linesfiction.de\/lfd\/lines-fiction-online\/a-l\/manon-bovenkerk\/#breadcrumb"},"inLanguage":"de","potentialAction":[{"@type":"ReadAction","target":["https:\/\/linesfiction.de\/lfd\/lines-fiction-online\/a-l\/manon-bovenkerk\/"]}]},{"@type":"BreadcrumbList","@id":"https:\/\/linesfiction.de\/lfd\/lines-fiction-online\/a-l\/manon-bovenkerk\/#breadcrumb","itemListElement":[{"@type":"ListItem","position":1,"name":"Startseite","item":"https:\/\/linesfiction.de\/lfd\/"},{"@type":"ListItem","position":2,"name":"Lines Fiction online","item":"https:\/\/linesfiction.de\/lfd\/lines-fiction-online\/"},{"@type":"ListItem","position":3,"name":"A &#8211; L","item":"https:\/\/linesfiction.de\/lfd\/lines-fiction-online\/a-l\/"},{"@type":"ListItem","position":4,"name":"Manon Bovenkerk"}]},{"@type":"WebSite","@id":"https:\/\/linesfiction.de\/lfd\/#website","url":"https:\/\/linesfiction.de\/lfd\/","name":"Lines Fiction - Zeichnung & Animation - Drawing & Animation","description":"","publisher":{"@id":"https:\/\/linesfiction.de\/lfd\/#organization"},"potentialAction":[{"@type":"SearchAction","target":{"@type":"EntryPoint","urlTemplate":"https:\/\/linesfiction.de\/lfd\/?s={search_term_string}"},"query-input":{"@type":"PropertyValueSpecification","valueRequired":true,"valueName":"search_term_string"}}],"inLanguage":"de"},{"@type":"Organization","@id":"https:\/\/linesfiction.de\/lfd\/#organization","name":"Lines Fiction","url":"https:\/\/linesfiction.de\/lfd\/","logo":{"@type":"ImageObject","inLanguage":"de","@id":"https:\/\/linesfiction.de\/lfd\/#\/schema\/logo\/image\/","url":"https:\/\/linesfiction.de\/lfd\/wp-content\/uploads\/2022\/12\/linesfiction_logo_instagram.jpg","contentUrl":"https:\/\/linesfiction.de\/lfd\/wp-content\/uploads\/2022\/12\/linesfiction_logo_instagram.jpg","width":1080,"height":1077,"caption":"Lines Fiction"},"image":{"@id":"https:\/\/linesfiction.de\/lfd\/#\/schema\/logo\/image\/"},"sameAs":["https:\/\/www.facebook.com\/linesfiction\/","https:\/\/x.com\/linesfiction","https:\/\/www.instagram.com\/linesfiction\/"]}]}},"_links":{"self":[{"href":"https:\/\/linesfiction.de\/lfd\/wp-json\/wp\/v2\/pages\/895","targetHints":{"allow":["GET"]}}],"collection":[{"href":"https:\/\/linesfiction.de\/lfd\/wp-json\/wp\/v2\/pages"}],"about":[{"href":"https:\/\/linesfiction.de\/lfd\/wp-json\/wp\/v2\/types\/page"}],"author":[{"embeddable":true,"href":"https:\/\/linesfiction.de\/lfd\/wp-json\/wp\/v2\/users\/7"}],"replies":[{"embeddable":true,"href":"https:\/\/linesfiction.de\/lfd\/wp-json\/wp\/v2\/comments?post=895"}],"version-history":[{"count":22,"href":"https:\/\/linesfiction.de\/lfd\/wp-json\/wp\/v2\/pages\/895\/revisions"}],"predecessor-version":[{"id":3148,"href":"https:\/\/linesfiction.de\/lfd\/wp-json\/wp\/v2\/pages\/895\/revisions\/3148"}],"up":[{"embeddable":true,"href":"https:\/\/linesfiction.de\/lfd\/wp-json\/wp\/v2\/pages\/501"}],"wp:attachment":[{"href":"https:\/\/linesfiction.de\/lfd\/wp-json\/wp\/v2\/media?parent=895"}],"curies":[{"name":"wp","href":"https:\/\/api.w.org\/{rel}","templated":true}]}}