{"id":926,"date":"2013-10-21T17:18:32","date_gmt":"2013-10-21T16:18:32","guid":{"rendered":"http:\/\/linesfiction.de\/lfd\/?page_id=926"},"modified":"2022-12-21T14:37:43","modified_gmt":"2022-12-21T13:37:43","slug":"peter-radelfinger","status":"publish","type":"page","link":"https:\/\/linesfiction.de\/lfd\/lines-fiction-online\/m-z\/peter-radelfinger\/","title":{"rendered":"Peter Radelfinger"},"content":{"rendered":"<p><u>Lines Fiction: in deiner Kunst beschr\u00e4nkst du dich nicht auf ein Medium alleine. Auf deiner Website listest du auch deine Vortr\u00e4ge, und ich habe eine ganz performative, bilderreiche Rede geh\u00f6rt, die sehr ausgefeilt weit \u00fcber das Ziel der reinen Information hinausging. Ist das Pr\u00e4sentieren deiner Gedanken in Vortr\u00e4gen Teil deiner Kunst?<\/u><\/p>\n<p>Peter Radelfinger: Ja. Schon fr\u00fch regten sich Zweifel an meinen M\u00f6glichkeiten und der Notwendigkeit (traditionelle) Kunst-Werke zu schaffen. Wiederholtes \u201eScheitern\u201c f\u00fchrte mich zu weitverzweigten Suchbewegungen und Recherchen, die stapelweise Notizen und Skizzen, Sammlungen von (Fremd-)Bildern und (Fremd-) Texten produzierte.<br \/>\nDabei geht es stets um Konditionen der Wahrnehmung, um die Verschiebung des Menschlichen, um die Frage des Politischen in der Kunst. Die mediale Fragen interessieren mich und die Frage, wie Denken funktioniert. Es ist aber auch die Ausrichtung auf das Poetische, Kunst und Leben essentiell poetisch werden zu lassen.<br \/>\nDas Darstellungsformat der Ausstellung erweist sich im Bezug zu diesem Material nur begrenzt und in spezifischen Konstellationen als angemesssen und \u00fcberzeugend. Durch die Prozesshaftigkeit meiner Arbeit bieten sich ebenso Formen der Auslegung im Sinne von ortsspezifischen installativen Situationen und Formen des Auff\u00fchrens und Vortragens an. Diese sollten nicht als Erkl\u00e4rungen der Arbeit missverstanden werden (das hat mich lange z\u00f6gern lassen). Das \u201eMusikalische\u201c nimmt in meiner Arbeit zunehmend eine wichtige Stellung ein. Es entstehen Kompositionen, aus Elementen des Sagens und des Zeigens; also Montagen von Bildern, Texten und Animationen; es geht um Zwischenr\u00e4ume, Pausen; um Leere und vor allem um Rhythmus. Es ist dies, was mich auch an den Animationen speziell interessiert.<\/p>\n<p><u>Lines Fiction: Du entwickelst keine langen Animationsfilme sondern limitierst deine St\u00fccke zu kurzen Bildwechseln. Die haben die rauhe Anmutung von gif Animationen auf Webseiten in der Fr\u00fchzeit des Internets, und sie korrespondieren mit der F\u00fclle deiner notizartigen Zeichnungen. Wie kam diese Korrespondenz zustande?<\/u><\/p>\n<p>Peter Radelfinger: Das Rauhe, Banale und Idiotische hat mich schon immer angezogen; es freut mich, dass gerade durch die Animationsarbeit der Witz und das Komische sich verst\u00e4rken.<br \/>\nDie Animationen entstehen aus der F\u00fclle dieser notizartigen Zeichnungen. Mit meinem Mitarbeiter Sandro Wettstein werden einzelne Bl\u00e4tter ausgew\u00e4hlt und bearbeitet \u2013 ich f\u00fchle mich oft technisch behindert. Dabei geht es weniger um das Herstellen und die Erz\u00e4hlung von Geschichten durch \u201eAnimation\u201c, vielmehr soll durch minimale Bewegungen eine Irritation des Betrachters provoziert werden, die einen Riss in die gewohnte Wahrnehmung beabsichtigt. Es wird in dieser Weise unserer angeborenen (und erlernbaren) F\u00e4higkeit, in unbelebten Bildern ein Leben zu entdecken, etwas nachgeholfen. Dem Begriff Animation wird so seine urspr\u00fcngliche Bedeutung zur\u00fcckgegeben. Es soll damit gleichzeitig eine gewisse Intensit\u00e4tsschwelle erreicht und \u00fcberschritten werden, damit die \u201eSchnappsch\u00fcsse\u201c unser Bewusstsein erreichen und bewegen. Es geht um etwas Tiefgr\u00fcndiges: Wie kann ich, meinen Empfindungen nach, dieses bestimmte Bild f\u00fcr mich selbst und f\u00fcr andere unmittelbar lebendig machen? Die Animation und der Medientransfer produzieren f\u00fcr mich hier einen aktuellen Anstoss, einen Mehrwert und eine Dringlichkeit( ansonsten bleibe ich gerne bei einfachen Zeichnungen und Markierungen).<\/p>\n<p><a href=\"http:\/\/www.radelfinger.com\/\" target=\"_blank\" rel=\"noopener\">www.radelfinger.com\/<\/a><\/p>\n","protected":false},"excerpt":{"rendered":"<p>Lines Fiction: in deiner Kunst beschr\u00e4nkst du dich nicht auf ein Medium alleine. Auf deiner Website listest du auch deine Vortr\u00e4ge, und ich habe eine ganz performative, bilderreiche Rede geh\u00f6rt, die sehr ausgefeilt weit \u00fcber das Ziel der reinen Information &hellip;<\/p>\n<p class=\"read-more\"> <a class=\"more-link\" href=\"https:\/\/linesfiction.de\/lfd\/lines-fiction-online\/m-z\/peter-radelfinger\/\"> <span class=\"screen-reader-text\">Peter Radelfinger<\/span> Weiterlesen &raquo;<\/a><\/p>\n","protected":false},"author":7,"featured_media":0,"parent":503,"menu_order":0,"comment_status":"closed","ping_status":"open","template":"bg\/content-sidebar-page.php","meta":{"footnotes":""},"class_list":["post-926","page","type-page","status-publish","hentry"],"yoast_head":"<!-- This site is optimized with the Yoast SEO plugin v27.3 - https:\/\/yoast.com\/product\/yoast-seo-wordpress\/ -->\n<title>Peter Radelfinger - Lines Fiction \u2605 Zeichnung &amp; Animation \u2605<\/title>\n<meta name=\"robots\" content=\"index, follow, max-snippet:-1, max-image-preview:large, max-video-preview:-1\" \/>\n<link rel=\"canonical\" href=\"https:\/\/linesfiction.de\/lfd\/lines-fiction-online\/m-z\/peter-radelfinger\/\" \/>\n<meta property=\"og:locale\" content=\"de_DE\" \/>\n<meta property=\"og:type\" content=\"article\" \/>\n<meta property=\"og:title\" content=\"Peter Radelfinger - Lines Fiction \u2605 Zeichnung &amp; Animation \u2605\" \/>\n<meta property=\"og:description\" content=\"Lines Fiction: in deiner Kunst beschr\u00e4nkst du dich nicht auf ein Medium alleine. Auf deiner Website listest du auch deine Vortr\u00e4ge, und ich habe eine ganz performative, bilderreiche Rede geh\u00f6rt, die sehr ausgefeilt weit \u00fcber das Ziel der reinen Information &hellip; Peter Radelfinger Weiterlesen &raquo;\" \/>\n<meta property=\"og:url\" content=\"https:\/\/linesfiction.de\/lfd\/lines-fiction-online\/m-z\/peter-radelfinger\/\" \/>\n<meta property=\"og:site_name\" content=\"Lines Fiction \u2605 Zeichnung &amp; Animation \u2605\" \/>\n<meta property=\"article:publisher\" content=\"https:\/\/www.facebook.com\/linesfiction\/\" \/>\n<meta property=\"article:modified_time\" content=\"2022-12-21T13:37:43+00:00\" \/>\n<meta name=\"twitter:card\" content=\"summary_large_image\" \/>\n<meta name=\"twitter:site\" content=\"@linesfiction\" \/>\n<meta name=\"twitter:label1\" content=\"Gesch\u00e4tzte Lesezeit\" \/>\n\t<meta name=\"twitter:data1\" content=\"3\u00a0Minuten\" \/>\n<script type=\"application\/ld+json\" class=\"yoast-schema-graph\">{\"@context\":\"https:\\\/\\\/schema.org\",\"@graph\":[{\"@type\":\"WebPage\",\"@id\":\"https:\\\/\\\/linesfiction.de\\\/lfd\\\/lines-fiction-online\\\/m-z\\\/peter-radelfinger\\\/\",\"url\":\"https:\\\/\\\/linesfiction.de\\\/lfd\\\/lines-fiction-online\\\/m-z\\\/peter-radelfinger\\\/\",\"name\":\"Peter Radelfinger - Lines Fiction \u2605 Zeichnung &amp; Animation \u2605\",\"isPartOf\":{\"@id\":\"https:\\\/\\\/linesfiction.de\\\/lfd\\\/#website\"},\"datePublished\":\"2013-10-21T16:18:32+00:00\",\"dateModified\":\"2022-12-21T13:37:43+00:00\",\"breadcrumb\":{\"@id\":\"https:\\\/\\\/linesfiction.de\\\/lfd\\\/lines-fiction-online\\\/m-z\\\/peter-radelfinger\\\/#breadcrumb\"},\"inLanguage\":\"de\",\"potentialAction\":[{\"@type\":\"ReadAction\",\"target\":[\"https:\\\/\\\/linesfiction.de\\\/lfd\\\/lines-fiction-online\\\/m-z\\\/peter-radelfinger\\\/\"]}]},{\"@type\":\"BreadcrumbList\",\"@id\":\"https:\\\/\\\/linesfiction.de\\\/lfd\\\/lines-fiction-online\\\/m-z\\\/peter-radelfinger\\\/#breadcrumb\",\"itemListElement\":[{\"@type\":\"ListItem\",\"position\":1,\"name\":\"Startseite\",\"item\":\"https:\\\/\\\/linesfiction.de\\\/lfd\\\/\"},{\"@type\":\"ListItem\",\"position\":2,\"name\":\"Lines Fiction online\",\"item\":\"https:\\\/\\\/linesfiction.de\\\/lfd\\\/lines-fiction-online\\\/\"},{\"@type\":\"ListItem\",\"position\":3,\"name\":\"M &#8211; Z\",\"item\":\"https:\\\/\\\/linesfiction.de\\\/lfd\\\/lines-fiction-online\\\/m-z\\\/\"},{\"@type\":\"ListItem\",\"position\":4,\"name\":\"Peter Radelfinger\"}]},{\"@type\":\"WebSite\",\"@id\":\"https:\\\/\\\/linesfiction.de\\\/lfd\\\/#website\",\"url\":\"https:\\\/\\\/linesfiction.de\\\/lfd\\\/\",\"name\":\"Lines Fiction - Zeichnung & Animation - Drawing & Animation\",\"description\":\"\",\"publisher\":{\"@id\":\"https:\\\/\\\/linesfiction.de\\\/lfd\\\/#organization\"},\"potentialAction\":[{\"@type\":\"SearchAction\",\"target\":{\"@type\":\"EntryPoint\",\"urlTemplate\":\"https:\\\/\\\/linesfiction.de\\\/lfd\\\/?s={search_term_string}\"},\"query-input\":{\"@type\":\"PropertyValueSpecification\",\"valueRequired\":true,\"valueName\":\"search_term_string\"}}],\"inLanguage\":\"de\"},{\"@type\":\"Organization\",\"@id\":\"https:\\\/\\\/linesfiction.de\\\/lfd\\\/#organization\",\"name\":\"Lines Fiction\",\"url\":\"https:\\\/\\\/linesfiction.de\\\/lfd\\\/\",\"logo\":{\"@type\":\"ImageObject\",\"inLanguage\":\"de\",\"@id\":\"https:\\\/\\\/linesfiction.de\\\/lfd\\\/#\\\/schema\\\/logo\\\/image\\\/\",\"url\":\"https:\\\/\\\/linesfiction.de\\\/lfd\\\/wp-content\\\/uploads\\\/2022\\\/12\\\/linesfiction_logo_instagram.jpg\",\"contentUrl\":\"https:\\\/\\\/linesfiction.de\\\/lfd\\\/wp-content\\\/uploads\\\/2022\\\/12\\\/linesfiction_logo_instagram.jpg\",\"width\":1080,\"height\":1077,\"caption\":\"Lines Fiction\"},\"image\":{\"@id\":\"https:\\\/\\\/linesfiction.de\\\/lfd\\\/#\\\/schema\\\/logo\\\/image\\\/\"},\"sameAs\":[\"https:\\\/\\\/www.facebook.com\\\/linesfiction\\\/\",\"https:\\\/\\\/x.com\\\/linesfiction\",\"https:\\\/\\\/www.instagram.com\\\/linesfiction\\\/\"]}]}<\/script>\n<!-- \/ Yoast SEO plugin. -->","yoast_head_json":{"title":"Peter Radelfinger - Lines Fiction \u2605 Zeichnung &amp; Animation \u2605","robots":{"index":"index","follow":"follow","max-snippet":"max-snippet:-1","max-image-preview":"max-image-preview:large","max-video-preview":"max-video-preview:-1"},"canonical":"https:\/\/linesfiction.de\/lfd\/lines-fiction-online\/m-z\/peter-radelfinger\/","og_locale":"de_DE","og_type":"article","og_title":"Peter Radelfinger - Lines Fiction \u2605 Zeichnung &amp; Animation \u2605","og_description":"Lines Fiction: in deiner Kunst beschr\u00e4nkst du dich nicht auf ein Medium alleine. Auf deiner Website listest du auch deine Vortr\u00e4ge, und ich habe eine ganz performative, bilderreiche Rede geh\u00f6rt, die sehr ausgefeilt weit \u00fcber das Ziel der reinen Information &hellip; Peter Radelfinger Weiterlesen &raquo;","og_url":"https:\/\/linesfiction.de\/lfd\/lines-fiction-online\/m-z\/peter-radelfinger\/","og_site_name":"Lines Fiction \u2605 Zeichnung &amp; Animation \u2605","article_publisher":"https:\/\/www.facebook.com\/linesfiction\/","article_modified_time":"2022-12-21T13:37:43+00:00","twitter_card":"summary_large_image","twitter_site":"@linesfiction","twitter_misc":{"Gesch\u00e4tzte Lesezeit":"3\u00a0Minuten"},"schema":{"@context":"https:\/\/schema.org","@graph":[{"@type":"WebPage","@id":"https:\/\/linesfiction.de\/lfd\/lines-fiction-online\/m-z\/peter-radelfinger\/","url":"https:\/\/linesfiction.de\/lfd\/lines-fiction-online\/m-z\/peter-radelfinger\/","name":"Peter Radelfinger - Lines Fiction \u2605 Zeichnung &amp; Animation \u2605","isPartOf":{"@id":"https:\/\/linesfiction.de\/lfd\/#website"},"datePublished":"2013-10-21T16:18:32+00:00","dateModified":"2022-12-21T13:37:43+00:00","breadcrumb":{"@id":"https:\/\/linesfiction.de\/lfd\/lines-fiction-online\/m-z\/peter-radelfinger\/#breadcrumb"},"inLanguage":"de","potentialAction":[{"@type":"ReadAction","target":["https:\/\/linesfiction.de\/lfd\/lines-fiction-online\/m-z\/peter-radelfinger\/"]}]},{"@type":"BreadcrumbList","@id":"https:\/\/linesfiction.de\/lfd\/lines-fiction-online\/m-z\/peter-radelfinger\/#breadcrumb","itemListElement":[{"@type":"ListItem","position":1,"name":"Startseite","item":"https:\/\/linesfiction.de\/lfd\/"},{"@type":"ListItem","position":2,"name":"Lines Fiction online","item":"https:\/\/linesfiction.de\/lfd\/lines-fiction-online\/"},{"@type":"ListItem","position":3,"name":"M &#8211; Z","item":"https:\/\/linesfiction.de\/lfd\/lines-fiction-online\/m-z\/"},{"@type":"ListItem","position":4,"name":"Peter Radelfinger"}]},{"@type":"WebSite","@id":"https:\/\/linesfiction.de\/lfd\/#website","url":"https:\/\/linesfiction.de\/lfd\/","name":"Lines Fiction - Zeichnung & Animation - Drawing & Animation","description":"","publisher":{"@id":"https:\/\/linesfiction.de\/lfd\/#organization"},"potentialAction":[{"@type":"SearchAction","target":{"@type":"EntryPoint","urlTemplate":"https:\/\/linesfiction.de\/lfd\/?s={search_term_string}"},"query-input":{"@type":"PropertyValueSpecification","valueRequired":true,"valueName":"search_term_string"}}],"inLanguage":"de"},{"@type":"Organization","@id":"https:\/\/linesfiction.de\/lfd\/#organization","name":"Lines Fiction","url":"https:\/\/linesfiction.de\/lfd\/","logo":{"@type":"ImageObject","inLanguage":"de","@id":"https:\/\/linesfiction.de\/lfd\/#\/schema\/logo\/image\/","url":"https:\/\/linesfiction.de\/lfd\/wp-content\/uploads\/2022\/12\/linesfiction_logo_instagram.jpg","contentUrl":"https:\/\/linesfiction.de\/lfd\/wp-content\/uploads\/2022\/12\/linesfiction_logo_instagram.jpg","width":1080,"height":1077,"caption":"Lines Fiction"},"image":{"@id":"https:\/\/linesfiction.de\/lfd\/#\/schema\/logo\/image\/"},"sameAs":["https:\/\/www.facebook.com\/linesfiction\/","https:\/\/x.com\/linesfiction","https:\/\/www.instagram.com\/linesfiction\/"]}]}},"_links":{"self":[{"href":"https:\/\/linesfiction.de\/lfd\/wp-json\/wp\/v2\/pages\/926","targetHints":{"allow":["GET"]}}],"collection":[{"href":"https:\/\/linesfiction.de\/lfd\/wp-json\/wp\/v2\/pages"}],"about":[{"href":"https:\/\/linesfiction.de\/lfd\/wp-json\/wp\/v2\/types\/page"}],"author":[{"embeddable":true,"href":"https:\/\/linesfiction.de\/lfd\/wp-json\/wp\/v2\/users\/7"}],"replies":[{"embeddable":true,"href":"https:\/\/linesfiction.de\/lfd\/wp-json\/wp\/v2\/comments?post=926"}],"version-history":[{"count":8,"href":"https:\/\/linesfiction.de\/lfd\/wp-json\/wp\/v2\/pages\/926\/revisions"}],"predecessor-version":[{"id":3160,"href":"https:\/\/linesfiction.de\/lfd\/wp-json\/wp\/v2\/pages\/926\/revisions\/3160"}],"up":[{"embeddable":true,"href":"https:\/\/linesfiction.de\/lfd\/wp-json\/wp\/v2\/pages\/503"}],"wp:attachment":[{"href":"https:\/\/linesfiction.de\/lfd\/wp-json\/wp\/v2\/media?parent=926"}],"curies":[{"name":"wp","href":"https:\/\/api.w.org\/{rel}","templated":true}]}}