{"id":945,"date":"2013-12-29T17:06:39","date_gmt":"2013-12-29T16:06:39","guid":{"rendered":"http:\/\/linesfiction.de\/lfd\/?page_id=945"},"modified":"2024-08-14T10:51:09","modified_gmt":"2024-08-14T09:51:09","slug":"gagan-singh","status":"publish","type":"page","link":"https:\/\/linesfiction.de\/lfd\/lines-fiction-online\/m-z\/gagan-singh\/","title":{"rendered":"Gagan Singh"},"content":{"rendered":"<p><u>Lines Fiction: Du lebst als Zeichner in New Delhi, Indien und filmst deinem Zeichnungsproze\u00df vor Ort in der Stadt mit dem Smartphone. Die Bilder sind in schwarz-wei\u00df, ungeschnitten rauh, und wir h\u00f6ren die Ger\u00e4usche der Stra\u00dfe. Siehst du die Stadt als dein Studio an?<\/u><\/p>\n<p>Gagan Singh: W\u00e4hrend ich diese Antwort schreibe denke ich dar\u00fcber nach, wie ich zu dieser Arbeitsweise kam. Ich fand es immer als schwierig, alleine in meinem Studio zu sitzen und habe Zeichnen dort als etwas Langweiliges empfunden. Aber sowas Langweiliges kann woanders wieder die M\u00f6glichkeit zur Diskussion er\u00f6ffnen. Ich liebe es, durch das Stra\u00dfengewirr der Stadt zu wandern, und ich genie\u00dfe es zu laufen. Zu Fu\u00df zu gehen gibt mir die Energie zu verstehen, was gerade passiert.<\/p>\n<p>Und ebenso wie meinen Zeichnungsproze\u00df mag ich die Dinge l\u00e4cherlich simpel, beinahe dumm und lasse sie einfach sein&#8230;F\u00fcr den Moment arbeite ich mit Schwarz\/Wei\u00df-Bildern, ich finde es interessant, Umrisse, T\u00f6ne, Kontraste und eben keine Farben zu sehen.<\/p>\n<p>Das Mobilfon mit sich zu tragen ist einfach, Indien entwickelt allgemein den Trend zum Smartphone. Ich habe es mit Fotografie probiert, wurde aber von der st\u00e4ndigen Bewegung \u00fcberall zum Video verf\u00fchrt. Den Proze\u00df fand ich aufregender.<\/p>\n<p>Momentan versuche ich, herauszufinden, was Zeichnung, Video und Animation ausmacht. Ich m\u00f6chte singen, Ger\u00e4usche wahrnehmen, auf unterschiedlichsten Oberfl\u00e4chen zeichnen und dann mit dem ganzen Geschehen spielen.<\/p>\n<p>Nach meinem letzten Projekt m\u00f6chte ich zuk\u00fcnftig meine Performances in einer Installation integrieren. Daran arbeite ich noch.<\/p>\n<p>Die Stadt als Studio bedeutet eben auch, mit Beobachtungen zu arbeiten, Momente mit einzuarbeiten, ich sehe das als Erweiterung meiner Zeichnung. Ich sitze im Cafe mit einem kleinen Zeichenblock, und das Mobilfon l\u00e4sst mich diskret meine Aufzeichnungen von kleinen Markierungen an unterschiedlichen Orten machen. Irgendwie m\u00f6chte ich das noch ausweiten und ich kann mir vorstellen, dass ich daf\u00fcr noch viel mehr durch die Stadt wandere.<\/p>\n<p><u>Lines Fiction: Dein Nachname Singh weist auf deine Zugeh\u00f6rigkeit zur Gemeinschaft der Sikhs hin. N\u00e4hrt deine Weltanschauung die philosophische Sicht auf deine Kunst, deine Wahrnehmung im Raum?<\/u><\/p>\n<p>Gagan Singh: wenn ich hier auf die Religion eingehe &#8211; Sikhismus beeinflu\u00dft sicherlich meinen Sinn f\u00fcr Philosophie und meine Sicht auf die Welt. Ich zeichne mich gerne selbst und bewahre immer einen gewissen Respekt, wenn ich mich mit dem traditionellen Turban zeichne. Wenn du die Wahrnehmung, den Raum ansprichst, dann bildet die Philosophie meiner Religion die Basis f\u00fcr mich. Das merke ich oft. Ich meine, wie ich sehe und plane h\u00e4ngt damit zusammen, wie Religion meine Wahrnehmung gepr\u00e4gt hat.<br \/>\nWenn ich eine Stra\u00dfe sehe, ein Tor, einen Weg, Natur, eine Passage, Zeit, Leben, Sinn f\u00fcr Humor, \u00c4rger usw. und all die Komplexit\u00e4t des Lebens betrachte, dann sind meine Zeichnungen in \u00dcbereinstimmung mit meiner \u00dcberzeugung. Die Religion, mit der ich aufgewachsen bin, wird anhand dieser Situationen stets gepr\u00fcft. Da der Zeichenproze\u00df immer von diesen Situationen handelt besteht auch immer eine Verbindung.<\/p>\n<p><u>Lines Fiction: Neben deiner Zeichnung in der offenen Stadt hast du auch Pl\u00e4ne f\u00fcr einen Projektraum. Siehst du ihn als Ort f\u00fcr deine eigenen Arbeiten oder wirst du dort andere K\u00fcnstler\/innen pr\u00e4sentieren?<\/u><\/p>\n<p>Gagan Singh: ich arbeite an einem Plan f\u00fcr RIDS ( research in drawing space), und er ist als Ort f\u00fcr all gedacht, die sich mir Aspekten der Zeichnung auseinandersetzen. Es wird ein online \/ offline space sein, der den Dialog unter denen, die sich f\u00fcr Zeichnung interessieren, f\u00f6rdern soll.<\/p>\n","protected":false},"excerpt":{"rendered":"<p>Lines Fiction: Du lebst als Zeichner in New Delhi, Indien und filmst deinem Zeichnungsproze\u00df vor Ort in der Stadt mit dem Smartphone. Die Bilder sind in schwarz-wei\u00df, ungeschnitten rauh, und wir h\u00f6ren die Ger\u00e4usche der Stra\u00dfe. Siehst du die Stadt &hellip;<\/p>\n<p class=\"read-more\"> <a class=\"more-link\" href=\"https:\/\/linesfiction.de\/lfd\/lines-fiction-online\/m-z\/gagan-singh\/\"> <span class=\"screen-reader-text\">Gagan Singh<\/span> Weiterlesen &raquo;<\/a><\/p>\n","protected":false},"author":7,"featured_media":0,"parent":503,"menu_order":0,"comment_status":"closed","ping_status":"open","template":"content-sidebar-page.php","meta":{"footnotes":""},"class_list":["post-945","page","type-page","status-publish","hentry"],"yoast_head":"<!-- This site is optimized with the Yoast SEO plugin v27.3 - https:\/\/yoast.com\/product\/yoast-seo-wordpress\/ -->\n<title>Gagan Singh - Lines Fiction \u2605 Zeichnung &amp; Animation \u2605<\/title>\n<meta name=\"robots\" content=\"index, follow, max-snippet:-1, max-image-preview:large, max-video-preview:-1\" \/>\n<link rel=\"canonical\" href=\"https:\/\/linesfiction.de\/lfd\/lines-fiction-online\/m-z\/gagan-singh\/\" \/>\n<meta property=\"og:locale\" content=\"de_DE\" \/>\n<meta property=\"og:type\" content=\"article\" \/>\n<meta property=\"og:title\" content=\"Gagan Singh - Lines Fiction \u2605 Zeichnung &amp; Animation \u2605\" \/>\n<meta property=\"og:description\" content=\"Lines Fiction: Du lebst als Zeichner in New Delhi, Indien und filmst deinem Zeichnungsproze\u00df vor Ort in der Stadt mit dem Smartphone. Die Bilder sind in schwarz-wei\u00df, ungeschnitten rauh, und wir h\u00f6ren die Ger\u00e4usche der Stra\u00dfe. Siehst du die Stadt &hellip; Gagan Singh Weiterlesen &raquo;\" \/>\n<meta property=\"og:url\" content=\"https:\/\/linesfiction.de\/lfd\/lines-fiction-online\/m-z\/gagan-singh\/\" \/>\n<meta property=\"og:site_name\" content=\"Lines Fiction \u2605 Zeichnung &amp; Animation \u2605\" \/>\n<meta property=\"article:publisher\" content=\"https:\/\/www.facebook.com\/linesfiction\/\" \/>\n<meta property=\"article:modified_time\" content=\"2024-08-14T09:51:09+00:00\" \/>\n<meta name=\"twitter:card\" content=\"summary_large_image\" \/>\n<meta name=\"twitter:site\" content=\"@linesfiction\" \/>\n<meta name=\"twitter:label1\" content=\"Gesch\u00e4tzte Lesezeit\" \/>\n\t<meta name=\"twitter:data1\" content=\"3\u00a0Minuten\" \/>\n<script type=\"application\/ld+json\" class=\"yoast-schema-graph\">{\"@context\":\"https:\\\/\\\/schema.org\",\"@graph\":[{\"@type\":\"WebPage\",\"@id\":\"https:\\\/\\\/linesfiction.de\\\/lfd\\\/lines-fiction-online\\\/m-z\\\/gagan-singh\\\/\",\"url\":\"https:\\\/\\\/linesfiction.de\\\/lfd\\\/lines-fiction-online\\\/m-z\\\/gagan-singh\\\/\",\"name\":\"Gagan Singh - Lines Fiction \u2605 Zeichnung &amp; Animation \u2605\",\"isPartOf\":{\"@id\":\"https:\\\/\\\/linesfiction.de\\\/lfd\\\/#website\"},\"datePublished\":\"2013-12-29T16:06:39+00:00\",\"dateModified\":\"2024-08-14T09:51:09+00:00\",\"breadcrumb\":{\"@id\":\"https:\\\/\\\/linesfiction.de\\\/lfd\\\/lines-fiction-online\\\/m-z\\\/gagan-singh\\\/#breadcrumb\"},\"inLanguage\":\"de\",\"potentialAction\":[{\"@type\":\"ReadAction\",\"target\":[\"https:\\\/\\\/linesfiction.de\\\/lfd\\\/lines-fiction-online\\\/m-z\\\/gagan-singh\\\/\"]}]},{\"@type\":\"BreadcrumbList\",\"@id\":\"https:\\\/\\\/linesfiction.de\\\/lfd\\\/lines-fiction-online\\\/m-z\\\/gagan-singh\\\/#breadcrumb\",\"itemListElement\":[{\"@type\":\"ListItem\",\"position\":1,\"name\":\"Startseite\",\"item\":\"https:\\\/\\\/linesfiction.de\\\/lfd\\\/\"},{\"@type\":\"ListItem\",\"position\":2,\"name\":\"Lines Fiction online\",\"item\":\"https:\\\/\\\/linesfiction.de\\\/lfd\\\/lines-fiction-online\\\/\"},{\"@type\":\"ListItem\",\"position\":3,\"name\":\"M &#8211; Z\",\"item\":\"https:\\\/\\\/linesfiction.de\\\/lfd\\\/lines-fiction-online\\\/m-z\\\/\"},{\"@type\":\"ListItem\",\"position\":4,\"name\":\"Gagan Singh\"}]},{\"@type\":\"WebSite\",\"@id\":\"https:\\\/\\\/linesfiction.de\\\/lfd\\\/#website\",\"url\":\"https:\\\/\\\/linesfiction.de\\\/lfd\\\/\",\"name\":\"Lines Fiction - Zeichnung & Animation - Drawing & Animation\",\"description\":\"\",\"publisher\":{\"@id\":\"https:\\\/\\\/linesfiction.de\\\/lfd\\\/#organization\"},\"potentialAction\":[{\"@type\":\"SearchAction\",\"target\":{\"@type\":\"EntryPoint\",\"urlTemplate\":\"https:\\\/\\\/linesfiction.de\\\/lfd\\\/?s={search_term_string}\"},\"query-input\":{\"@type\":\"PropertyValueSpecification\",\"valueRequired\":true,\"valueName\":\"search_term_string\"}}],\"inLanguage\":\"de\"},{\"@type\":\"Organization\",\"@id\":\"https:\\\/\\\/linesfiction.de\\\/lfd\\\/#organization\",\"name\":\"Lines Fiction\",\"url\":\"https:\\\/\\\/linesfiction.de\\\/lfd\\\/\",\"logo\":{\"@type\":\"ImageObject\",\"inLanguage\":\"de\",\"@id\":\"https:\\\/\\\/linesfiction.de\\\/lfd\\\/#\\\/schema\\\/logo\\\/image\\\/\",\"url\":\"https:\\\/\\\/linesfiction.de\\\/lfd\\\/wp-content\\\/uploads\\\/2022\\\/12\\\/linesfiction_logo_instagram.jpg\",\"contentUrl\":\"https:\\\/\\\/linesfiction.de\\\/lfd\\\/wp-content\\\/uploads\\\/2022\\\/12\\\/linesfiction_logo_instagram.jpg\",\"width\":1080,\"height\":1077,\"caption\":\"Lines Fiction\"},\"image\":{\"@id\":\"https:\\\/\\\/linesfiction.de\\\/lfd\\\/#\\\/schema\\\/logo\\\/image\\\/\"},\"sameAs\":[\"https:\\\/\\\/www.facebook.com\\\/linesfiction\\\/\",\"https:\\\/\\\/x.com\\\/linesfiction\",\"https:\\\/\\\/www.instagram.com\\\/linesfiction\\\/\"]}]}<\/script>\n<!-- \/ Yoast SEO plugin. -->","yoast_head_json":{"title":"Gagan Singh - Lines Fiction \u2605 Zeichnung &amp; Animation \u2605","robots":{"index":"index","follow":"follow","max-snippet":"max-snippet:-1","max-image-preview":"max-image-preview:large","max-video-preview":"max-video-preview:-1"},"canonical":"https:\/\/linesfiction.de\/lfd\/lines-fiction-online\/m-z\/gagan-singh\/","og_locale":"de_DE","og_type":"article","og_title":"Gagan Singh - Lines Fiction \u2605 Zeichnung &amp; Animation \u2605","og_description":"Lines Fiction: Du lebst als Zeichner in New Delhi, Indien und filmst deinem Zeichnungsproze\u00df vor Ort in der Stadt mit dem Smartphone. Die Bilder sind in schwarz-wei\u00df, ungeschnitten rauh, und wir h\u00f6ren die Ger\u00e4usche der Stra\u00dfe. Siehst du die Stadt &hellip; Gagan Singh Weiterlesen &raquo;","og_url":"https:\/\/linesfiction.de\/lfd\/lines-fiction-online\/m-z\/gagan-singh\/","og_site_name":"Lines Fiction \u2605 Zeichnung &amp; Animation \u2605","article_publisher":"https:\/\/www.facebook.com\/linesfiction\/","article_modified_time":"2024-08-14T09:51:09+00:00","twitter_card":"summary_large_image","twitter_site":"@linesfiction","twitter_misc":{"Gesch\u00e4tzte Lesezeit":"3\u00a0Minuten"},"schema":{"@context":"https:\/\/schema.org","@graph":[{"@type":"WebPage","@id":"https:\/\/linesfiction.de\/lfd\/lines-fiction-online\/m-z\/gagan-singh\/","url":"https:\/\/linesfiction.de\/lfd\/lines-fiction-online\/m-z\/gagan-singh\/","name":"Gagan Singh - Lines Fiction \u2605 Zeichnung &amp; Animation \u2605","isPartOf":{"@id":"https:\/\/linesfiction.de\/lfd\/#website"},"datePublished":"2013-12-29T16:06:39+00:00","dateModified":"2024-08-14T09:51:09+00:00","breadcrumb":{"@id":"https:\/\/linesfiction.de\/lfd\/lines-fiction-online\/m-z\/gagan-singh\/#breadcrumb"},"inLanguage":"de","potentialAction":[{"@type":"ReadAction","target":["https:\/\/linesfiction.de\/lfd\/lines-fiction-online\/m-z\/gagan-singh\/"]}]},{"@type":"BreadcrumbList","@id":"https:\/\/linesfiction.de\/lfd\/lines-fiction-online\/m-z\/gagan-singh\/#breadcrumb","itemListElement":[{"@type":"ListItem","position":1,"name":"Startseite","item":"https:\/\/linesfiction.de\/lfd\/"},{"@type":"ListItem","position":2,"name":"Lines Fiction online","item":"https:\/\/linesfiction.de\/lfd\/lines-fiction-online\/"},{"@type":"ListItem","position":3,"name":"M &#8211; Z","item":"https:\/\/linesfiction.de\/lfd\/lines-fiction-online\/m-z\/"},{"@type":"ListItem","position":4,"name":"Gagan Singh"}]},{"@type":"WebSite","@id":"https:\/\/linesfiction.de\/lfd\/#website","url":"https:\/\/linesfiction.de\/lfd\/","name":"Lines Fiction - Zeichnung & Animation - Drawing & Animation","description":"","publisher":{"@id":"https:\/\/linesfiction.de\/lfd\/#organization"},"potentialAction":[{"@type":"SearchAction","target":{"@type":"EntryPoint","urlTemplate":"https:\/\/linesfiction.de\/lfd\/?s={search_term_string}"},"query-input":{"@type":"PropertyValueSpecification","valueRequired":true,"valueName":"search_term_string"}}],"inLanguage":"de"},{"@type":"Organization","@id":"https:\/\/linesfiction.de\/lfd\/#organization","name":"Lines Fiction","url":"https:\/\/linesfiction.de\/lfd\/","logo":{"@type":"ImageObject","inLanguage":"de","@id":"https:\/\/linesfiction.de\/lfd\/#\/schema\/logo\/image\/","url":"https:\/\/linesfiction.de\/lfd\/wp-content\/uploads\/2022\/12\/linesfiction_logo_instagram.jpg","contentUrl":"https:\/\/linesfiction.de\/lfd\/wp-content\/uploads\/2022\/12\/linesfiction_logo_instagram.jpg","width":1080,"height":1077,"caption":"Lines Fiction"},"image":{"@id":"https:\/\/linesfiction.de\/lfd\/#\/schema\/logo\/image\/"},"sameAs":["https:\/\/www.facebook.com\/linesfiction\/","https:\/\/x.com\/linesfiction","https:\/\/www.instagram.com\/linesfiction\/"]}]}},"_links":{"self":[{"href":"https:\/\/linesfiction.de\/lfd\/wp-json\/wp\/v2\/pages\/945","targetHints":{"allow":["GET"]}}],"collection":[{"href":"https:\/\/linesfiction.de\/lfd\/wp-json\/wp\/v2\/pages"}],"about":[{"href":"https:\/\/linesfiction.de\/lfd\/wp-json\/wp\/v2\/types\/page"}],"author":[{"embeddable":true,"href":"https:\/\/linesfiction.de\/lfd\/wp-json\/wp\/v2\/users\/7"}],"replies":[{"embeddable":true,"href":"https:\/\/linesfiction.de\/lfd\/wp-json\/wp\/v2\/comments?post=945"}],"version-history":[{"count":24,"href":"https:\/\/linesfiction.de\/lfd\/wp-json\/wp\/v2\/pages\/945\/revisions"}],"predecessor-version":[{"id":3688,"href":"https:\/\/linesfiction.de\/lfd\/wp-json\/wp\/v2\/pages\/945\/revisions\/3688"}],"up":[{"embeddable":true,"href":"https:\/\/linesfiction.de\/lfd\/wp-json\/wp\/v2\/pages\/503"}],"wp:attachment":[{"href":"https:\/\/linesfiction.de\/lfd\/wp-json\/wp\/v2\/media?parent=945"}],"curies":[{"name":"wp","href":"https:\/\/api.w.org\/{rel}","templated":true}]}}